{"id":3798,"date":"2022-07-26T11:33:00","date_gmt":"2022-07-26T16:33:00","guid":{"rendered":"https:\/\/www.drazouz.com\/?page_id=3798"},"modified":"2024-04-25T07:09:29","modified_gmt":"2024-04-25T12:09:29","slug":"tipo","status":"publish","type":"page","link":"https:\/\/www.drazouz.com\/es\/body\/","title":{"rendered":"Cuerpo"},"content":{"rendered":"<p>Despu\u00e9s de una gran p\u00e9rdida de peso, la piel carece de elasticidad para adaptarse a la nueva forma del cuerpo. La cirug\u00eda de contorno corporal en Dallas es una excelente opci\u00f3n para eliminar la piel fl\u00e1cida de las \u00e1reas problem\u00e1ticas. El Dr. Azouz es un cirujano pl\u00e1stico certificado por la junta en Dallas con m\u00e1s de 30 a\u00f1os de experiencia en procedimientos de cirug\u00eda de contorno corporal. El Dr. Azouz brinda atenci\u00f3n personalizada a sus pacientes y utiliza las \u00faltimas t\u00e9cnicas quir\u00fargicas de vanguardia para brindar los mejores resultados para sus pacientes de cirug\u00eda corporal.<\/p>\n<p>El Dr. Azouz realiza los siguientes procedimientos de cirug\u00edas de contorno corporal en su pr\u00e1ctica de Dallas:<\/p>\n<nav class=\"flc-submenu\" aria-label=\"sub menu\"><ul><li class=\"page_item page-item-12595\"><a href=\"https:\/\/www.drazouz.com\/es\/abdominoplastia-inversa\/\">Abdominoplastia Inversa<\/a><\/li>\n<li class=\"page_item page-item-3906\"><a href=\"https:\/\/www.drazouz.com\/es\/drainless-tummy-tuck\/\">Abdominoplastia sin Drenaje<\/a><\/li>\n<li class=\"page_item page-item-3909\"><a href=\"https:\/\/www.drazouz.com\/es\/mommy-makeover\/\">Cambio de Imagen de la Mam\u00e1<\/a><\/li>\n<li class=\"page_item page-item-17576\"><a href=\"https:\/\/www.drazouz.com\/es\/elevacion-de-pantorrillas\/\">Elevaci\u00f3n de Pantorrillas<\/a><\/li>\n<li class=\"page_item page-item-17225\"><a href=\"https:\/\/www.drazouz.com\/es\/elevacion-del-antebrazo\">Elevaci\u00f3n del Antebrazo<\/a><\/li>\n<li class=\"page_item page-item-10124\"><a href=\"https:\/\/www.drazouz.com\/es\/hiperplasia-adiposa-paradoxal-hap\/\">Hiperplasia Adiposa Paradoxal (HAP)<\/a><\/li>\n<li class=\"page_item page-item-3903\"><a href=\"https:\/\/www.drazouz.com\/es\/tummy-tuck-in-dallas\/\">La Abdominoplastia<\/a><\/li>\n<li class=\"page_item page-item-10126\"><a href=\"https:\/\/www.drazouz.com\/es\/la-reconstruccion-de-la-pared-abdominal\/\">La Reconstrucci\u00f3n de la Pared Abdominal<\/a><\/li>\n<li class=\"page_item page-item-3925\"><a href=\"https:\/\/www.drazouz.com\/es\/labiaplasty\/\">Labioplastia<\/a><\/li>\n<li class=\"page_item page-item-3919\"><a href=\"https:\/\/www.drazouz.com\/es\/arm-lift\/\">Levantamiento de Brazos<\/a><\/li>\n<li class=\"page_item page-item-3916\"><a href=\"https:\/\/www.drazouz.com\/es\/brazilian-butt-lift\/\">Levantamiento de Gl\u00fateos Brasile\u00f1o<\/a><\/li>\n<li class=\"page_item page-item-3922\"><a href=\"https:\/\/www.drazouz.com\/es\/thigh-lift\/\">Levantamiento de Muslos<\/a><\/li>\n<li class=\"page_item page-item-3913\"><a href=\"https:\/\/www.drazouz.com\/es\/body-lift-after-weight-loss\/\">Lifting Corporal Despu\u00e9s de la P\u00e9rdida de Peso<\/a><\/li>\n<li class=\"page_item page-item-10111\"><a href=\"https:\/\/www.drazouz.com\/es\/lifting-de-brazos-mini\/\">Lifting de Brazos Mini<\/a><\/li>\n<li class=\"page_item page-item-3928 page_item_has_children\"><a href=\"https:\/\/www.drazouz.com\/es\/lipedema\/\">Lipedema<\/a><\/li>\n<li class=\"page_item page-item-3900 page_item_has_children\"><a href=\"https:\/\/www.drazouz.com\/es\/liposuction\/\">Liposucci\u00f3n<\/a><\/li>\n<li class=\"page_item page-item-10110\"><a href=\"https:\/\/www.drazouz.com\/es\/mini-abdominoplastia\/\">Mini Abdominoplastia<\/a><\/li>\n<li class=\"page_item page-item-12621\"><a href=\"https:\/\/www.drazouz.com\/es\/remocion-de-implantes-de-pantorrillas\/\">Remoci\u00f3n de Implantes de Pantorrillas<\/a><\/li>\n<li class=\"page_item page-item-8501\"><a href=\"https:\/\/www.drazouz.com\/es\/reparacion-de-diastasis-recti\/\">Reparaci\u00f3n de Di\u00e1stasis Recti<\/a><\/li>\n<li class=\"page_item page-item-17606\"><a href=\"https:\/\/www.drazouz.com\/es\/umbilicoplastia\/\">Umbilicoplastia<\/a><\/li>\n<\/ul><\/nav>\n<h2>Liposucci\u00f3n<\/h2>\n<p><img decoding=\"async\" src=\"https:\/\/www.drazouz.com\/wp-content\/uploads\/2022\/08\/Liposuction-surgery-in-Dallas-with-Dr.-Azouz-scaled-1.jpg\" alt=\"woman body before and after liposuction\" width=\"500\" class=\"alignleft\" \/> La cirug\u00eda de <a href=\"https:\/\/www.drazouz.com\/es\/liposuction\/\">liposucci\u00f3n<\/a> o lipoplastia se realiza para eliminar el exceso de dep\u00f3sitos de grasa y refinar la forma del cuerpo. La liposucci\u00f3n se realiza tradicionalmente en un paciente de complexi\u00f3n y peso relativamente normales para reducir caderas, gl\u00fateos y muslos desproporcionadamente grandes, un abdomen protuberante o \u00abmichelines\u00bb por encima de la cintura. El Dr. Azouz utiliza las \u00faltimas t\u00e9cnicas de liposucci\u00f3n para ayudar al proceso de eliminaci\u00f3n de grasa, realiza liposucci\u00f3n en Dallas casi todas las semanas, y es un cirujano de liposucci\u00f3n de alto volumen. Liposucci\u00f3n No solo puede mejorar dr\u00e1sticamente la forma en que la ropa se adapta al cuerpo del paciente, sino que tambi\u00e9n mejora la autoestima del paciente.<\/p>\n<h2>La Abdominoplastia<\/h2>\n<p><a href=\"https:\/\/www.drazouz.com\/es\/tummy-tuck-in-dallas\/\">La abdominoplastia <\/a>o tummy tuck se realiza t\u00edpicamente para eliminar el exceso de piel abdominal y tensar la musculatura subyacente, lo que ayuda a los pacientes a lucir una secci\u00f3n media m\u00e1s plana y firme. El Dr. Azouz es conocido por su abdominoplastia sin drenaje y de r\u00e1pida recuperaci\u00f3n que se puede realizar con una incisi\u00f3n baja oculta en la ropa interior. El Dr. Azouz combina rutinariamente la liposucci\u00f3n de flancos y rollos il\u00edacos con su tummy tuck sin drenaje. Despu\u00e9s de abdominoplastia en Dallas, los pacientes se sienten m\u00e1s seguros y listos para lucirse con su nueva forma corporal.<\/p>\n<h2>Cirug\u00eda del levantamiento del cuerpo<\/h2>\n<p><img decoding=\"async\" src=\"https:\/\/www.drazouz.com\/wp-content\/uploads\/2022\/08\/Body-lift-Dallas-Dr.-Azouz.png\" width=\"500\" alt=\"woman body\" class=\"alignright\" \/> Una cirug\u00eda de <a href=\"https:\/\/www.drazouz.com\/es\/body-lift-after-weight-loss\/\">lifting corporal es un procedimiento que se realiza generalmente despu\u00e9s de una p\u00e9rdida de peso masiva<\/a> (esto puede ser mediante cirug\u00eda bari\u00e1trica u otros m\u00e9todos).  Los pacientes que pierden peso despu\u00e9s de un bypass g\u00e1strico, una banda g\u00e1strica o una manga pueden tratar la piel suelta alrededor del abdomen, la espalda y los gl\u00fateos con un lifting corporal.. El Dr. Azouz a menudo puede combinar un cirug\u00eda de lifting corporal en Dallas con otros procedimientos como liposucci\u00f3n, cirug\u00eda de mamas (tanto ginecomastia para hombres como levantamiento de mamas con o sin implantes para mujeres).<\/p>\n<h2>Cambio de imagen de la mam\u00e1<\/h2>\n<p>Un cambio de imagen de mam\u00e1 es una cirug\u00eda pl\u00e1stica recomendada para mujeres que quieran recuperar y realzar su figura despu\u00e9s de tener hijos. Un cambio de imagen de mam\u00e1 en Dallas generalmente implica cirug\u00eda de senos, contorno corporal (liposucci\u00f3n o abdominoplastia) y \/ o labioplastia. Algunos pacientes tambi\u00e9n desean someterse a un levantamiento de muslos o una liposucci\u00f3n de piernas en el momento de la reducci\u00f3n de senos, el levantamiento de senos (mastopexia) o el aumento de senos (implantes de senos). El Dr. Azouz ha ayudado a las pacientes a restaurar el cuerpo que ten\u00edan antes de quedar embarazadas, mejorando sus senos, abdomen, gl\u00fateos y cintura que se vieron afectados durante el embarazo.<\/p>\n<h2>Levantamiento de gl\u00fateos brasile\u00f1o -BBL<\/h2>\n<p><img decoding=\"async\" src=\"https:\/\/www.drazouz.com\/wp-content\/uploads\/2022\/08\/BBL-Dallas-Dr.-Azouz.png\" alt=\"woman butt\" class=\"alignright\" width=\"300\" \/><\/p>\n<p>Un <a href=\"https:\/\/www.drazouz.com\/es\/brazilian-butt-lift\/\">levantamiento de gl\u00fateos brasile\u00f1o<\/a> generalmente se refiere a la liposucci\u00f3n y al contorno de los gl\u00fateos con o sin injerto de grasa. Las mujeres que desean mejorar el contorno y la forma se han sometido a un Cirug\u00eda brasile\u00f1a de levantamiento de gl\u00fateos en Dallas con el Dr. Azouz, quien a menudo puede contornear los gl\u00fateos con una apariencia de burbuja m\u00e1s definida y m\u00e1s grande.<\/p>\n<h2>Levantamiento de brazos<\/h2>\n<p>Despu\u00e9s de la p\u00e9rdida de peso, los pacientes est\u00e1n interesados \u200b\u200ben mejorar el aspecto de sus brazos. Un <a href=\"https:\/\/www.drazouz.com\/es\/arm-lift\/\">lifting de brazos<\/a> es un procedimiento para quitar la piel de los brazos. El Dr. Azouz realiza un lifting de brazos en Dallas de dos formas diferentes. Con una braquioplastia, el Dr. Azouz elimina la piel y la grasa. Con la liposucci\u00f3n, el Dr. Azouz elimina la grasa y utiliza t\u00e9cnicas avanzadas para permitir la retracci\u00f3n de la piel. Los pacientes son candidatos para un lifting de brazo completo y corto con una cicatriz o una liposucci\u00f3n, seg\u00fan su historial m\u00e9dico y su anatom\u00eda.<\/p>\n<h2>Estiramiento de muslos<\/h2>\n<p>Un <a href=\"https:\/\/www.drazouz.com\/es\/thigh-lift\/\">lifting de muslos<\/a> es un procedimiento para eliminar el exceso de piel o grasa de los muslos y piernas. Algunos pacientes son candidatos a cirug\u00eda de lifting de muslos en Dallas mientras que otros se sirven mejor con liposucci\u00f3n de muslos.<\/p>\n<p><img decoding=\"async\" src=\"https:\/\/www.drazouz.com\/wp-content\/uploads\/2022\/08\/Thigh-lift-Dallas-Dr.-Azouz.png\" alt=\"woman legs\" class=\"aligncenter\" \/><\/p>\n<h2>Labioplastia<\/h2>\n<p>La <a href=\"https:\/\/www.drazouz.com\/es\/labiaplasty\/\">labioplastia<\/a> es un procedimiento que consiste en alterar o eliminar el exceso de tejido alrededor del \u00e1rea vaginal. Algunos pacientes tienen exceso de piel de los labios mayores o menores.  Labioplastia en Dallas se realiza en mujeres de muchas edades antes y despu\u00e9s de tener hijos.<\/p>\n<h2>Lipedema<\/h2>\n<p>El <a href=\"https:\/\/www.drazouz.com\/es\/lipedema\/\">lipedema<\/a> es una afecci\u00f3n en la que los muslos, las piernas, las pantorrillas, el abdomen o incluso los brazos pueden desarrollar grasa rebelde (dif\u00edcil de perder) y dolorosa.  Tratamiento de lipedema en Dallas con el cirujano pl\u00e1stico Dr. Azouz puede ayudar a los pacientes a mejorar las \u00e1reas del cuerpo afectadas por esta condici\u00f3n. Las t\u00e9cnicas de liposucci\u00f3n avanzadas realizadas por el Dr. Azouz pueden ayudar a eliminar el tejido graso y reducir el tama\u00f1o de las extremidades.<\/p>\n<h2>Programe una consulta con el Dr. Azouz<\/h2>\n<p>En la consulta inicial para la cirug\u00eda de contorno corporal en Dallas, el Dr. Azouz evaluar\u00e1 la condici\u00f3n del paciente, responder\u00e1 preguntas y planificar\u00e1 un tratamiento personalizado para el paciente. Llame al <a href=\"tel:9727028888\" class=\"phone_anchor \" aria-label=\"ll\u00e1manos (972) 702-8888\">(972) 702-8888<\/a> para reservar su consulta en persona con el Dr. Azouz en Dallas. Para pacientes fuera de Texas \/ pa\u00eds  <a title=\"Contact Azouz Cosmetic &amp; Plastic Surgery in Dallas TX\" href=\"https:\/\/www.drazouz.com\/es\/contact\/\"><em><strong>contactanos<\/strong><\/em><\/a>. para programar su consulta virtual. Tenemos m\u00e1s de 30 a\u00f1os de experiencia en Cirug\u00eda Pl\u00e1stica en Dallas, \u00a1estamos aqu\u00ed para ayudarlo a cambiar su historia!<\/p>\n<h3>Cirug\u00eda de contorno corporal en Dallas Videos<\/h3>\n\n\t\t\t\t\t<div class=\"row\">\n\t\t\t\t\t\t\t\t\t<div class=\"col-md-6 mb-4\">\n\t\t\t\t\t\t<div class=\"embed-responsive embed-responsive-16by9\"> <iframe title=\"Total Body Liposuction Plastic Surgeon Dr. David Azouz\" class=\"embed-responsive-item lazyload\" data-src=\"https:\/\/www.youtube.com\/embed\/uB6yEsHDc-0?rel=0\" allowfullscreen referrerpolicy=\"strict-origin-when-cross-origin\" data-load-mode=\"1\"><\/iframe><\/div>\t\t\t\t\t<\/div>\n\t\t\t\t\t\t\t\t\t<div class=\"col-md-6 mb-4\">\n\t\t\t\t\t\t<div class=\"embed-responsive embed-responsive-16by9\"> <iframe title=\"Tummy Tuck after Gastric Bypass Surgery with Plastic Surgeon Dr. David Azouz\" class=\"embed-responsive-item lazyload\" data-src=\"https:\/\/www.youtube.com\/embed\/gJiu4lMIpj4?rel=0\" allowfullscreen referrerpolicy=\"strict-origin-when-cross-origin\" data-load-mode=\"1\"><\/iframe><\/div>\t\t\t\t\t<\/div>\n\t\t\t\t\t\t\t\t\t<div class=\"col-md-6 mb-4\">\n\t\t\t\t\t\t<div class=\"embed-responsive embed-responsive-16by9\"> <iframe title=\"Dr. David Azouz Mommy Makeover Kim Top Docs of DFW\" class=\"embed-responsive-item lazyload\" data-src=\"https:\/\/www.youtube.com\/embed\/DsZ9oyLw12w?rel=0\" allowfullscreen referrerpolicy=\"strict-origin-when-cross-origin\" data-load-mode=\"1\"><\/iframe><\/div>\t\t\t\t\t<\/div>\n\t\t\t\t\t\t\t\t\t<div class=\"col-md-6 mb-4\">\n\t\t\t\t\t\t<div class=\"embed-responsive embed-responsive-16by9\"> <iframe title=\"Tummy Tuck with Plastic Surgeon Dr. David Azouz\" class=\"embed-responsive-item lazyload\" data-src=\"https:\/\/www.youtube.com\/embed\/8nB6cyUiYN4?rel=0\" allowfullscreen referrerpolicy=\"strict-origin-when-cross-origin\" data-load-mode=\"1\"><\/iframe><\/div>\t\t\t\t\t<\/div>\n\t\t\t\t\t\t\t<\/div>\n\t\t\n\t\n","protected":false},"excerpt":{"rendered":"<p>Despu\u00e9s de una gran p\u00e9rdida de peso, la piel carece de elasticidad para adaptarse a la nueva<br \/><a href=\"https:\/\/www.drazouz.com\/es\/body\/\" class=\"btn btn-blue mt-3\">Sigue leyendo<\/a><\/p>\n","protected":false},"author":1,"featured_media":8366,"parent":8581,"menu_order":0,"comment_status":"closed","ping_status":"closed","template":"","meta":{"_acf_changed":false,"footnotes":""},"class_list":["post-3798","page","type-page","status-publish","has-post-thumbnail"],"acf":[],"yoast_head":"<!-- This site is optimized with the Yoast SEO plugin v27.4 - https:\/\/yoast.com\/product\/yoast-seo-wordpress\/ -->\n<title>Cirugia Plastica | Contorno del cuerpo Dallas | Plano | Richardson<\/title>\n<meta name=\"description\" content=\"El Dr. David Azouz, cirujano pl\u00e1stico certificado por la junta de Dallas altamente calificado, se especializa en cirug\u00eda de contorno corporal con una recuperaci\u00f3n r\u00e1pida y resultados hermosos y naturales.\" \/>\n<meta name=\"robots\" content=\"index, follow, max-snippet:-1, max-image-preview:large, max-video-preview:-1\" \/>\n<link rel=\"canonical\" href=\"https:\/\/www.drazouz.com\/es\/body\/\" \/>\n<meta property=\"og:locale\" content=\"es_ES\" \/>\n<meta property=\"og:type\" content=\"article\" \/>\n<meta property=\"og:title\" content=\"Cirugia Plastica | Contorno del cuerpo Dallas | Plano | Richardson\" \/>\n<meta property=\"og:description\" content=\"El Dr. David Azouz, cirujano pl\u00e1stico certificado por la junta de Dallas altamente calificado, se especializa en cirug\u00eda de contorno corporal con una recuperaci\u00f3n r\u00e1pida y resultados hermosos y naturales.\" \/>\n<meta property=\"og:url\" content=\"https:\/\/www.drazouz.com\/es\/body\/\" \/>\n<meta property=\"og:site_name\" content=\"Azouz Cirug\u00eda Pl\u00e1stica y Est\u00e9tica\" \/>\n<meta property=\"article:modified_time\" content=\"2024-04-25T12:09:29+00:00\" \/>\n<meta property=\"og:image\" content=\"https:\/\/www.drazouz.com\/wp-content\/uploads\/2023\/12\/bigstock-135723788-scaled.jpg\" \/>\n<meta name=\"twitter:card\" content=\"summary_large_image\" \/>\n<meta name=\"twitter:image\" content=\"https:\/\/www.drazouz.com\/wp-content\/uploads\/2023\/12\/bigstock-135723788-scaled.jpg\" \/>\n<meta name=\"twitter:label1\" content=\"Tiempo de lectura\" \/>\n\t<meta name=\"twitter:data1\" content=\"6 minutos\" \/>\n<!-- \/ Yoast SEO plugin. -->","yoast_head_json":{"title":"Cirugia Plastica | Contorno del cuerpo Dallas | Plano | Richardson","description":"El Dr. David Azouz, cirujano pl\u00e1stico certificado por la junta de Dallas altamente calificado, se especializa en cirug\u00eda de contorno corporal con una recuperaci\u00f3n r\u00e1pida y resultados hermosos y naturales.","robots":{"index":"index","follow":"follow","max-snippet":"max-snippet:-1","max-image-preview":"max-image-preview:large","max-video-preview":"max-video-preview:-1"},"canonical":"https:\/\/www.drazouz.com\/es\/body\/","og_locale":"es_ES","og_type":"article","og_title":"Cirugia Plastica | Contorno del cuerpo Dallas | Plano | Richardson","og_description":"El Dr. David Azouz, cirujano pl\u00e1stico certificado por la junta de Dallas altamente calificado, se especializa en cirug\u00eda de contorno corporal con una recuperaci\u00f3n r\u00e1pida y resultados hermosos y naturales.","og_url":"https:\/\/www.drazouz.com\/es\/body\/","og_site_name":"Azouz Cirug\u00eda Pl\u00e1stica y Est\u00e9tica","article_modified_time":"2024-04-25T12:09:29+00:00","og_image":[{"url":"https:\/\/www.drazouz.com\/wp-content\/uploads\/2023\/12\/bigstock-135723788-scaled.jpg","type":"","width":"","height":""}],"twitter_card":"summary_large_image","twitter_image":"https:\/\/www.drazouz.com\/wp-content\/uploads\/2023\/12\/bigstock-135723788-scaled.jpg","twitter_misc":{"Tiempo de lectura":"6 minutos"},"schema":{"@context":"https:\/\/schema.org","@graph":[{"@type":"WebPage","@id":"https:\/\/www.drazouz.com\/es\/body\/","url":"https:\/\/www.drazouz.com\/es\/body\/","name":"Cirugia Plastica | Contorno del cuerpo Dallas | Plano | Richardson","isPartOf":{"@id":"https:\/\/www.drazouz.com\/es\/#website"},"primaryImageOfPage":{"@id":"https:\/\/www.drazouz.com\/es\/body\/#primaryimage"},"image":{"@id":"https:\/\/www.drazouz.com\/es\/body\/#primaryimage"},"thumbnailUrl":"https:\/\/www.drazouz.com\/wp-content\/uploads\/2023\/12\/bigstock-135723788-scaled.jpg","datePublished":"2022-07-26T16:33:00+00:00","dateModified":"2024-04-25T12:09:29+00:00","description":"El Dr. David Azouz, cirujano pl\u00e1stico certificado por la junta de Dallas altamente calificado, se especializa en cirug\u00eda de contorno corporal con una recuperaci\u00f3n r\u00e1pida y resultados hermosos y naturales.","breadcrumb":{"@id":"https:\/\/www.drazouz.com\/es\/body\/#breadcrumb"},"inLanguage":"es","potentialAction":[{"@type":"ReadAction","target":["https:\/\/www.drazouz.com\/es\/body\/"]}]},{"@type":"ImageObject","inLanguage":"es","@id":"https:\/\/www.drazouz.com\/es\/body\/#primaryimage","url":"https:\/\/www.drazouz.com\/wp-content\/uploads\/2023\/12\/bigstock-135723788-scaled.jpg","contentUrl":"https:\/\/www.drazouz.com\/wp-content\/uploads\/2023\/12\/bigstock-135723788-scaled.jpg","width":2560,"height":1707,"caption":"Young sexy athletic man and woman after fitness exercise. Perfect muscular body. Toning image"},{"@type":"BreadcrumbList","@id":"https:\/\/www.drazouz.com\/es\/body\/#breadcrumb","itemListElement":[{"@type":"ListItem","position":1,"name":"Home","item":"https:\/\/www.drazouz.com\/es\/"},{"@type":"ListItem","position":2,"name":"Procedimientos","item":"https:\/\/www.drazouz.com\/es\/procedimientos\/"},{"@type":"ListItem","position":3,"name":"Cuerpo"}]},{"@type":"WebSite","@id":"https:\/\/www.drazouz.com\/es\/#website","url":"https:\/\/www.drazouz.com\/es\/","name":"Azouz Cirug\u00eda Pl\u00e1stica y Est\u00e9tica","description":"","potentialAction":[{"@type":"SearchAction","target":{"@type":"EntryPoint","urlTemplate":"https:\/\/www.drazouz.com\/es\/?s={search_term_string}"},"query-input":{"@type":"PropertyValueSpecification","valueRequired":true,"valueName":"search_term_string"}}],"inLanguage":"es"}]}},"_links":{"self":[{"href":"https:\/\/www.drazouz.com\/es\/wp-json\/wp\/v2\/pages\/3798","targetHints":{"allow":["GET"]}}],"collection":[{"href":"https:\/\/www.drazouz.com\/es\/wp-json\/wp\/v2\/pages"}],"about":[{"href":"https:\/\/www.drazouz.com\/es\/wp-json\/wp\/v2\/types\/page"}],"author":[{"embeddable":true,"href":"https:\/\/www.drazouz.com\/es\/wp-json\/wp\/v2\/users\/1"}],"replies":[{"embeddable":true,"href":"https:\/\/www.drazouz.com\/es\/wp-json\/wp\/v2\/comments?post=3798"}],"version-history":[{"count":7,"href":"https:\/\/www.drazouz.com\/es\/wp-json\/wp\/v2\/pages\/3798\/revisions"}],"predecessor-version":[{"id":14079,"href":"https:\/\/www.drazouz.com\/es\/wp-json\/wp\/v2\/pages\/3798\/revisions\/14079"}],"up":[{"embeddable":true,"href":"https:\/\/www.drazouz.com\/es\/wp-json\/wp\/v2\/pages\/8581"}],"wp:featuredmedia":[{"embeddable":true,"href":"https:\/\/www.drazouz.com\/es\/wp-json\/wp\/v2\/media\/8366"}],"wp:attachment":[{"href":"https:\/\/www.drazouz.com\/es\/wp-json\/wp\/v2\/media?parent=3798"}],"curies":[{"name":"wp","href":"https:\/\/api.w.org\/{rel}","templated":true}]}}