{"id":3795,"date":"2022-07-25T05:37:32","date_gmt":"2022-07-25T10:37:32","guid":{"rendered":"https:\/\/www.drazouz.com\/?page_id=3795"},"modified":"2023-12-06T09:01:51","modified_gmt":"2023-12-06T14:01:51","slug":"busto","status":"publish","type":"page","link":"https:\/\/www.drazouz.com\/es\/breast\/","title":{"rendered":"Busto"},"content":{"rendered":"<p>Las mujeres que buscan un pecho atractivo han confiado en la experiencia y la t\u00e9cnica del Dr. Azouz para someterse a una cirug\u00eda de mama en Dallas para mejorar la proporci\u00f3n y el contorno de sus senos. Adem\u00e1s, el Dr. Azouz certificado por la junta realiza ginecomastia o Cirug\u00eda de reducci\u00f3n de senos masculinos para hombres en Dallas que buscan un pecho m\u00e1s masculino. <\/p>\n<p>El Dr. Azouz, cirujano pl\u00e1stico certificado por la junta, eval\u00faa a cada paciente y discute con ellos qu\u00e9 opci\u00f3n de cirug\u00eda pl\u00e1stica de mama se adapta mejor a su anatom\u00eda, estilo de vida y expectativas. El Dr. Azouz es un cirujano de primer nivel con m\u00e1s de 30 a\u00f1os de experiencia en la realizaci\u00f3n de cirug\u00edas mamarias en Dallas para mujeres y hombres, utilizando las t\u00e9cnicas quir\u00fargicas m\u00e1s avanzadas para obtener los mejores resultados para sus pacientes de cirug\u00eda mamaria. <\/p>\n<p><img decoding=\"async\" src=\"https:\/\/www.drazouz.com\/wp-content\/uploads\/2022\/08\/Female-Male-Breast-Plastic-Surgery.png\" alt=\"woman breast in a bra and man chest\" class=\"aligncenter\" \/><\/p>\n<p>El Dr. Azouz realiza los siguientes procedimientos de cirug\u00eda de mama en su pr\u00e1ctica de Dallas:<br \/>\n<nav class=\"flc-submenu\" aria-label=\"sub menu\"><ul><li class=\"page_item page-item-9751\"><a href=\"https:\/\/www.drazouz.com\/es\/asimetria-mamaria\/\">Asimetr\u00eda Mamaria<\/a><\/li>\n<li class=\"page_item page-item-3861 page_item_has_children\"><a href=\"https:\/\/www.drazouz.com\/es\/breast-augmentation\/\">Aumento de Senos<\/a><\/li>\n<li class=\"page_item page-item-9730\"><a href=\"https:\/\/www.drazouz.com\/es\/cirugia-de-deformidad-pectus-en-mujeres\/\">Cirug\u00eda de Deformidad Pectus en Mujeres<\/a><\/li>\n<li class=\"page_item page-item-3875\"><a href=\"https:\/\/www.drazouz.com\/es\/breast-implant-removal\/\">Cirug\u00eda de Extracci\u00f3n de Implantes Mamarios<\/a><\/li>\n<li class=\"page_item page-item-10899\"><a href=\"https:\/\/www.drazouz.com\/es\/cirugia-de-reduccion-de-pezon-areola\/\">Cirug\u00eda de Reducci\u00f3n de Pez\u00f3n\/Areola<\/a><\/li>\n<li class=\"page_item page-item-11569\"><a href=\"https:\/\/www.drazouz.com\/es\/cirugia-de-sosten-interno-galaflex\/\">Cirug\u00eda de Sost\u00e9n Interno GalaFLEX\u2122<\/a><\/li>\n<li class=\"page_item page-item-7367\"><a href=\"https:\/\/www.drazouz.com\/es\/capsular-contracture\/\">Contractura Capsular<\/a><\/li>\n<li class=\"page_item page-item-3897\"><a href=\"https:\/\/www.drazouz.com\/es\/tubular-breast-correction-surgery\/\">Deformidad Tubular de la Mama<\/a><\/li>\n<li class=\"page_item page-item-7411\"><a href=\"https:\/\/www.drazouz.com\/es\/breast-lift-with-implant-removal\/\">Elevaci\u00f3n de Senos con Extracci\u00f3n de Implantes<\/a><\/li>\n<li class=\"page_item page-item-7460\"><a href=\"https:\/\/www.drazouz.com\/es\/elevacion-de-senos-con-implantes\/\">Elevaci\u00f3n de Senos con Implantes<\/a><\/li>\n<li class=\"page_item page-item-3878\"><a href=\"https:\/\/www.drazouz.com\/es\/removal-of-textured-breast-implants\/\">Extracci\u00f3n de Implantes Mamarios con Textura<\/a><\/li>\n<li class=\"page_item page-item-10888\"><a href=\"https:\/\/www.drazouz.com\/es\/extraccion-de-tejido-mamario-axilar\/\">Extracci\u00f3n de Tejido Mamario Axilar<\/a><\/li>\n<li class=\"page_item page-item-3869\"><a href=\"https:\/\/www.drazouz.com\/es\/breast-lift\/\">Levantamiento de Senos<\/a><\/li>\n<li class=\"page_item page-item-11559\"><a href=\"https:\/\/www.drazouz.com\/es\/mini-elevacion-de-senos\/\">Mini Elevaci\u00f3n de Senos<\/a><\/li>\n<li class=\"page_item page-item-10877\"><a href=\"https:\/\/www.drazouz.com\/es\/cirugia-de-seno-para-el-sindrome-de-polonia\/\">Poland Syndrome en Mujeres<\/a><\/li>\n<li class=\"page_item page-item-3881\"><a href=\"https:\/\/www.drazouz.com\/es\/breast-reconstruction\/\">Reconstrucci\u00f3n de Senos<\/a><\/li>\n<li class=\"page_item page-item-3872\"><a href=\"https:\/\/www.drazouz.com\/es\/breast-reduction\/\">Reducci\u00f3n de Senos<\/a><\/li>\n<li class=\"page_item page-item-3888\"><a href=\"https:\/\/www.drazouz.com\/es\/implant-revision-and-replacement\/\">Revisi\u00f3n del Implante + Reemplazo<\/a><\/li>\n<li class=\"page_item page-item-7388\"><a href=\"https:\/\/www.drazouz.com\/es\/breast-implant-rupture-repair-surgery\/\">Ruptura de Implante Mamario<\/a><\/li>\n<\/ul><\/nav><\/p>\n<h2>Cirug\u00eda de mama de mujeres en Dallas<\/h2>\n<h3>Aumento de senos<\/h3>\n<p><img decoding=\"async\" src=\"https:\/\/www.drazouz.com\/wp-content\/uploads\/2022\/08\/Breast-Surgery-Procedures-Dallas-Dr.-Azouz.png\" alt=\"woman in underwear\" class=\"alignright\" height=\"400\" \/><\/p>\n<p>El aumento de senos, el <a href=\"https:\/\/www.drazouz.com\/es\/breast-augmentation\/\">aumento de senos<\/a> o la cirug\u00eda de senos es un procedimiento de cirug\u00eda pl\u00e1stica para mujeres que desean aumentar el tama\u00f1o de sus senos. Los implantes mamarios de transferencia de grasa o de silicona \/ soluci\u00f3n salina se utilizan para crear una l\u00ednea del busto m\u00e1s completa. Aumento de senos en Dallas o la mamoplastia de aumento es una cirug\u00eda pl\u00e1stica popular entre las mujeres que buscan mejorar su figura y confianza en s\u00ed mismas.<\/p>\n<h3>levantamiento de senos<\/h3>\n<p>Las mujeres interesadas en deshacerse de la flacidez del busto debido a la p\u00e9rdida de peso, el embarazo, la lactancia y el envejecimiento pueden someterse a una mastopexia o cirug\u00eda de <a href=\"https:\/\/www.drazouz.com\/es\/breast-lift\/\">levantamiento de senos<\/a> en Dallas tener sus senos levantados y tensos para crear un atractivo contorno de senos y rejuvenecer su figura.<\/p>\n<h3>Reducci\u00f3n de Senos<\/h3>\n<p>La mamoplastia de reducci\u00f3n o <a href=\"https:\/\/www.drazouz.com\/es\/breast-reduction\/\">reducci\u00f3n de senos<\/a> es una cirug\u00eda pl\u00e1stica que ayuda a las mujeres a corregir los senos demasiado grandes que causan dolor en la espalda y los hombros. Adem\u00e1s, las mujeres descontentas con sus senos grandes podr\u00edan considerar cirug\u00eda de reducci\u00f3n de senos en Dallas como un procedimiento est\u00e9tico para reducir el tama\u00f1o de sus senos y hacerlas lucir m\u00e1s equilibradas seg\u00fan su figura.<\/p>\n<p><img decoding=\"async\" src=\"https:\/\/www.drazouz.com\/wp-content\/uploads\/2022\/08\/Implant-revision-and-replacement-in-Dallas-scaled-1.jpg\" alt=\"the doctor performs a breast examination and the patient checks the breast implants\" class=\"alignleft\" width=\"450\" \/><\/p>\n<h3>Reconstrucci\u00f3n mamaria<\/h3>\n<p>Los pacientes que han sufrido una lesi\u00f3n en la mama o c\u00e1ncer de mama pueden sufrir cirug\u00eda de <a href=\"https:\/\/www.drazouz.com\/es\/breast-reconstruction\/\">reconstrucci\u00f3n mamaria<\/a> en Dallas como alternativa para restaurar la forma y simetr\u00eda de sus senos.<\/p>\n<h3>Implante mamario y Revisi\u00f3n de reemplazo<\/h3>\n<p>Las mujeres interesadas en cambiar el tama\u00f1o, la colocaci\u00f3n o el estilo de los implantes pueden someterse a una <a href=\"https:\/\/www.drazouz.com\/es\/implant-revision-and-replacement\/\">revisi\u00f3n de implantes mamarios y de reemplazo<\/a> en Dallas. Con el tiempo, los implantes pueden cambiar de forma; por lo tanto, los pacientes necesitan un cirujano pl\u00e1stico para evaluar su condici\u00f3n y restaurar su seno como resultado original.<\/p>\n<h2>Cirug\u00eda de reducci\u00f3n de senos \/ pecho masculino en Dallas<\/h2>\n<h3>Cirug\u00eda de ginecomastia<\/h3>\n<p>La cirug\u00eda de <a href=\"https:\/\/www.drazouz.com\/es\/gynecomastia\/\">reducci\u00f3n mamaria masculina<\/a> se realiza para corregir la condici\u00f3n de ginecomastia. Los senos masculinos causan angustia y verg\u00fcenza en pacientes masculinos; sin embargo, la cirug\u00eda de ginecomastia en Dallas es una opci\u00f3n de tratamiento para ayudar a los pacientes a lograr un t\u00f3rax m\u00e1s masculino y ganar confianza en s\u00ed mismos cuando la dieta y el ejercicio no funcionan.<\/p>\n<h3>Revisi\u00f3n de reducci\u00f3n de senos masculinos<\/h3>\n<p><img decoding=\"async\" src=\"https:\/\/www.drazouz.com\/wp-content\/uploads\/2022\/08\/Revision-male-breast-reduction-Dallas-Dr.-Azouz.png\" alt=\"smiling man\" class=\"alignright\" width=\"400\" \/><\/p>\n<p>Hay pacientes que han ido a otro lugar para someterse a una cirug\u00eda de ginecomastia y acuden al Dr. Azouz, un cirujano pl\u00e1stico de ginecomastia en Dallas, para mejorar o revisar su reducci\u00f3n de senos masculinos. El Dr. Azouz a menudo puede revisar una reducci\u00f3n de senos masculinos realizada por otro proveedor para lograr el resultado que busca la paciente. Esto a menudo se realiza en una sola cirug\u00eda con una r\u00e1pida recuperaci\u00f3n.<\/p>\n<h3>Cirug\u00eda reconstructiva de pecho masculina y femenina<\/h3>\n<p>El mejor cirujano pl\u00e1stico de Dallas, el Dr. Azouz, trata a pacientes que quisieran someterse a una cirug\u00eda reconstructiva de t\u00f3rax, como:<\/p>\n<ul>\n<li><a href=\"https:\/\/www.drazouz.com\/es\/polands-syndrome\/\">S\u00edndrome de Polonia<\/a><\/li>\n<li><a href=\"https:\/\/www.drazouz.com\/es\/pectus-deformities\/\">Correcci\u00f3n de la deformidad tor\u00e1cica (pectus)<\/a><\/li>\n<\/ul>\n<h2>Solicite su consulta inicial con el Dr. Azouz<\/h2>\n<p>En la consulta inicial para cirug\u00eda de t\u00f3rax o cirug\u00eda de senos en Dallas, el Dr. Azouz evaluar\u00e1 el caso particular del paciente, analizar\u00e1 las preguntas o inquietudes y planificar\u00e1 un tratamiento personalizado para el paciente. Llama al <a href=\"tel:9727028888\" class=\"phone_anchor \" aria-label=\"ll\u00e1manos (972) 702-8888\">(972) 702-8888<\/a> para reservar tu cita presencial con el Dr. Azouz en Dallas. Para pacientes fuera del estado\/pa\u00eds cont\u00e1ctenos para <a href=\"https:\/\/www.drazouz.com\/es\/contact\/\">programar su consulta<\/a> virtual. Tenemos m\u00e1s de 30 a\u00f1os de experiencia en Cirug\u00eda Pl\u00e1stica en Dallas, \u00a1estamos aqu\u00ed para ayudarlo a cambiar su historia!<\/p>\n<h3>Cirug\u00eda de mama en Dallas Videos<\/h3>\n\n\t\t\t\t\t<div class=\"row\">\n\t\t\t\t\t\t\t\t\t<div class=\"col-md-6 mb-4\">\n\t\t\t\t\t\t<div class=\"embed-responsive embed-responsive-16by9\"> <iframe title=\"Gynecomastia Treatment with Plastic Surgeon Dr. David Azouz\" class=\"embed-responsive-item lazyload\" data-src=\"https:\/\/www.youtube.com\/embed\/VfcSw6pfdvA?rel=0\" allowfullscreen referrerpolicy=\"strict-origin-when-cross-origin\" data-load-mode=\"1\"><\/iframe><\/div>\t\t\t\t\t<\/div>\n\t\t\t\t\t\t\t\t\t<div class=\"col-md-6 mb-4\">\n\t\t\t\t\t\t<div class=\"embed-responsive embed-responsive-16by9\"> <iframe title=\"Breast Lift &amp; Augmentation with Plastic Surgeon Dr. David Azouz\" class=\"embed-responsive-item lazyload\" data-src=\"https:\/\/www.youtube.com\/embed\/X4nnN7jxpsU?rel=0\" allowfullscreen referrerpolicy=\"strict-origin-when-cross-origin\" data-load-mode=\"1\"><\/iframe><\/div>\t\t\t\t\t<\/div>\n\t\t\t\t\t\t\t\t\t<div class=\"col-md-6 mb-4\">\n\t\t\t\t\t\t<div class=\"embed-responsive embed-responsive-16by9\"> <iframe title=\"Breast Augmentation and Correction with Plastic Surgeon Dr. David Azouz\" class=\"embed-responsive-item lazyload\" data-src=\"https:\/\/www.youtube.com\/embed\/RpIgUmjuAbs?rel=0\" allowfullscreen referrerpolicy=\"strict-origin-when-cross-origin\" data-load-mode=\"1\"><\/iframe><\/div>\t\t\t\t\t<\/div>\n\t\t\t\t\t\t\t\t\t<div class=\"col-md-6 mb-4\">\n\t\t\t\t\t\t<div class=\"embed-responsive embed-responsive-16by9\"> <iframe title=\"Dr. David Azouz Breast Reconstruction Mindy Top Docs of DFW\" class=\"embed-responsive-item lazyload\" data-src=\"https:\/\/www.youtube.com\/embed\/Q7NUayK5VHM?rel=0\" allowfullscreen referrerpolicy=\"strict-origin-when-cross-origin\" data-load-mode=\"1\"><\/iframe><\/div>\t\t\t\t\t<\/div>\n\t\t\t\t\t\t\t<\/div>\n\t\t\n\t\n","protected":false},"excerpt":{"rendered":"<p>Las mujeres que buscan un pecho atractivo han confiado en la experiencia y la t\u00e9cnica del Dr.<br \/><a href=\"https:\/\/www.drazouz.com\/es\/breast\/\" class=\"btn btn-blue mt-3\">Sigue leyendo<\/a><\/p>\n","protected":false},"author":1,"featured_media":8362,"parent":8581,"menu_order":0,"comment_status":"closed","ping_status":"closed","template":"","meta":{"_acf_changed":false,"footnotes":""},"class_list":["post-3795","page","type-page","status-publish","has-post-thumbnail"],"acf":[],"yoast_head":"<!-- This site is optimized with the Yoast SEO plugin v27.4 - https:\/\/yoast.com\/product\/yoast-seo-wordpress\/ -->\n<title>Cirug\u00eda de mama \/ t\u00f3rax Dr. Azouz Dallas | Plano | Richardson<\/title>\n<meta name=\"description\" content=\"El mejor cirujano de Dallas, el Dr. Azouz, se especializa en cirug\u00eda de senos para mujeres y hombres con una recuperaci\u00f3n r\u00e1pida y un dolor m\u00ednimo.\" \/>\n<meta name=\"robots\" content=\"index, follow, max-snippet:-1, max-image-preview:large, max-video-preview:-1\" \/>\n<link rel=\"canonical\" href=\"https:\/\/www.drazouz.com\/es\/breast\/\" \/>\n<meta property=\"og:locale\" content=\"es_ES\" \/>\n<meta property=\"og:type\" content=\"article\" \/>\n<meta property=\"og:title\" content=\"Cirug\u00eda de mama \/ t\u00f3rax Dr. Azouz Dallas | Plano | Richardson\" \/>\n<meta property=\"og:description\" content=\"El mejor cirujano de Dallas, el Dr. Azouz, se especializa en cirug\u00eda de senos para mujeres y hombres con una recuperaci\u00f3n r\u00e1pida y un dolor m\u00ednimo.\" \/>\n<meta property=\"og:url\" content=\"https:\/\/www.drazouz.com\/es\/breast\/\" \/>\n<meta property=\"og:site_name\" content=\"Azouz Cirug\u00eda Pl\u00e1stica y Est\u00e9tica\" \/>\n<meta property=\"article:modified_time\" content=\"2023-12-06T14:01:51+00:00\" \/>\n<meta property=\"og:image\" content=\"https:\/\/www.drazouz.com\/wp-content\/uploads\/2023\/12\/header-breast-2.jpg\" \/>\n<meta name=\"twitter:card\" content=\"summary_large_image\" \/>\n<meta name=\"twitter:image\" content=\"https:\/\/www.drazouz.com\/wp-content\/uploads\/2023\/12\/header-breast-2.jpg\" \/>\n<meta name=\"twitter:label1\" content=\"Tiempo de lectura\" \/>\n\t<meta name=\"twitter:data1\" content=\"5 minutos\" \/>\n<!-- \/ Yoast SEO plugin. -->","yoast_head_json":{"title":"Cirug\u00eda de mama \/ t\u00f3rax Dr. Azouz Dallas | Plano | Richardson","description":"El mejor cirujano de Dallas, el Dr. Azouz, se especializa en cirug\u00eda de senos para mujeres y hombres con una recuperaci\u00f3n r\u00e1pida y un dolor m\u00ednimo.","robots":{"index":"index","follow":"follow","max-snippet":"max-snippet:-1","max-image-preview":"max-image-preview:large","max-video-preview":"max-video-preview:-1"},"canonical":"https:\/\/www.drazouz.com\/es\/breast\/","og_locale":"es_ES","og_type":"article","og_title":"Cirug\u00eda de mama \/ t\u00f3rax Dr. Azouz Dallas | Plano | Richardson","og_description":"El mejor cirujano de Dallas, el Dr. Azouz, se especializa en cirug\u00eda de senos para mujeres y hombres con una recuperaci\u00f3n r\u00e1pida y un dolor m\u00ednimo.","og_url":"https:\/\/www.drazouz.com\/es\/breast\/","og_site_name":"Azouz Cirug\u00eda Pl\u00e1stica y Est\u00e9tica","article_modified_time":"2023-12-06T14:01:51+00:00","og_image":[{"url":"https:\/\/www.drazouz.com\/wp-content\/uploads\/2023\/12\/header-breast-2.jpg","type":"","width":"","height":""}],"twitter_card":"summary_large_image","twitter_image":"https:\/\/www.drazouz.com\/wp-content\/uploads\/2023\/12\/header-breast-2.jpg","twitter_misc":{"Tiempo de lectura":"5 minutos"},"schema":{"@context":"https:\/\/schema.org","@graph":[{"@type":"WebPage","@id":"https:\/\/www.drazouz.com\/es\/breast\/","url":"https:\/\/www.drazouz.com\/es\/breast\/","name":"Cirug\u00eda de mama \/ t\u00f3rax Dr. Azouz Dallas | Plano | Richardson","isPartOf":{"@id":"https:\/\/www.drazouz.com\/es\/#website"},"primaryImageOfPage":{"@id":"https:\/\/www.drazouz.com\/es\/breast\/#primaryimage"},"image":{"@id":"https:\/\/www.drazouz.com\/es\/breast\/#primaryimage"},"thumbnailUrl":"https:\/\/www.drazouz.com\/wp-content\/uploads\/2023\/12\/header-breast-2.jpg","datePublished":"2022-07-25T10:37:32+00:00","dateModified":"2023-12-06T14:01:51+00:00","description":"El mejor cirujano de Dallas, el Dr. Azouz, se especializa en cirug\u00eda de senos para mujeres y hombres con una recuperaci\u00f3n r\u00e1pida y un dolor m\u00ednimo.","breadcrumb":{"@id":"https:\/\/www.drazouz.com\/es\/breast\/#breadcrumb"},"inLanguage":"es","potentialAction":[{"@type":"ReadAction","target":["https:\/\/www.drazouz.com\/es\/breast\/"]}]},{"@type":"ImageObject","inLanguage":"es","@id":"https:\/\/www.drazouz.com\/es\/breast\/#primaryimage","url":"https:\/\/www.drazouz.com\/wp-content\/uploads\/2023\/12\/header-breast-2.jpg","contentUrl":"https:\/\/www.drazouz.com\/wp-content\/uploads\/2023\/12\/header-breast-2.jpg","width":1918,"height":915,"caption":"young woman concealing her breasts with her hands marked for plastic surgery"},{"@type":"BreadcrumbList","@id":"https:\/\/www.drazouz.com\/es\/breast\/#breadcrumb","itemListElement":[{"@type":"ListItem","position":1,"name":"Home","item":"https:\/\/www.drazouz.com\/es\/"},{"@type":"ListItem","position":2,"name":"Procedimientos","item":"https:\/\/www.drazouz.com\/es\/procedimientos\/"},{"@type":"ListItem","position":3,"name":"Busto"}]},{"@type":"WebSite","@id":"https:\/\/www.drazouz.com\/es\/#website","url":"https:\/\/www.drazouz.com\/es\/","name":"Azouz Cirug\u00eda Pl\u00e1stica y Est\u00e9tica","description":"","potentialAction":[{"@type":"SearchAction","target":{"@type":"EntryPoint","urlTemplate":"https:\/\/www.drazouz.com\/es\/?s={search_term_string}"},"query-input":{"@type":"PropertyValueSpecification","valueRequired":true,"valueName":"search_term_string"}}],"inLanguage":"es"}]}},"_links":{"self":[{"href":"https:\/\/www.drazouz.com\/es\/wp-json\/wp\/v2\/pages\/3795","targetHints":{"allow":["GET"]}}],"collection":[{"href":"https:\/\/www.drazouz.com\/es\/wp-json\/wp\/v2\/pages"}],"about":[{"href":"https:\/\/www.drazouz.com\/es\/wp-json\/wp\/v2\/types\/page"}],"author":[{"embeddable":true,"href":"https:\/\/www.drazouz.com\/es\/wp-json\/wp\/v2\/users\/1"}],"replies":[{"embeddable":true,"href":"https:\/\/www.drazouz.com\/es\/wp-json\/wp\/v2\/comments?post=3795"}],"version-history":[{"count":4,"href":"https:\/\/www.drazouz.com\/es\/wp-json\/wp\/v2\/pages\/3795\/revisions"}],"predecessor-version":[{"id":22801,"href":"https:\/\/www.drazouz.com\/es\/wp-json\/wp\/v2\/pages\/3795\/revisions\/22801"}],"up":[{"embeddable":true,"href":"https:\/\/www.drazouz.com\/es\/wp-json\/wp\/v2\/pages\/8581"}],"wp:featuredmedia":[{"embeddable":true,"href":"https:\/\/www.drazouz.com\/es\/wp-json\/wp\/v2\/media\/8362"}],"wp:attachment":[{"href":"https:\/\/www.drazouz.com\/es\/wp-json\/wp\/v2\/media?parent=3795"}],"curies":[{"name":"wp","href":"https:\/\/api.w.org\/{rel}","templated":true}]}}