{"id":3784,"date":"2022-07-20T16:37:06","date_gmt":"2022-07-20T21:37:06","guid":{"rendered":"https:\/\/www.drazouz.com\/meet-dr-david-azouz\/"},"modified":"2024-02-19T11:26:25","modified_gmt":"2024-02-19T16:26:25","slug":"meet-dr-david-azouz","status":"publish","type":"page","link":"https:\/\/www.drazouz.com\/es\/acerca\/meet-dr-david-azouz\/","title":{"rendered":"Conoce al Dr. David Azouz"},"content":{"rendered":"<div><img loading=\"lazy\" decoding=\"async\" src=\"https:\/\/www.drazouz.com\/wp-content\/uploads\/2022\/07\/Dr.-David-Azouz-min.jpg\" alt=\"David Azouz\" class=\"alignleft wp-image-1146\" width=\"350\" height=\"350\" srcset=\"https:\/\/www.drazouz.com\/wp-content\/uploads\/2022\/07\/Dr.-David-Azouz-min.jpg 700w, https:\/\/www.drazouz.com\/wp-content\/uploads\/2022\/07\/Dr.-David-Azouz-min-300x300.jpg 300w, https:\/\/www.drazouz.com\/wp-content\/uploads\/2022\/07\/Dr.-David-Azouz-min-192x192.jpg 192w, https:\/\/www.drazouz.com\/wp-content\/uploads\/2022\/07\/Dr.-David-Azouz-min-32x32.jpg 32w\" sizes=\"auto, (max-width: 350px) 100vw, 350px\" \/><\/div>\n<h2 class=\"mt-0\">David Azouz &#8211; MD, FRCS (C), FACS, FICS<\/h2>\n<p>El cirujano pl\u00e1stico de Dallas, Dr. David Azouz, es un cirujano pl\u00e1stico y reconstructivo certificado por la junta que ha trabajado en Dallas-Fort Worth durante m\u00e1s de 35 a\u00f1os. El Dr. Azouz es el ex Jefe de Cirug\u00eda Pl\u00e1stica en Medical City Dallas. El Dr. Azouz tambi\u00e9n es miembro de las sociedades m\u00e9dicas y quir\u00fargicas m\u00e1s prestigiosas que incluyen:<\/p>\n<ul class=\"pl-4 overflow-hidden\">\n<li>Sociedad Americana de Cirujanos Pl\u00e1sticos (ASPS)<\/li>\n<li>Colegio Americano de Cirujanos (FACS)<\/li>\n<li>Real Colegio de Cirujanos (FRCS)<\/li>\n<li>Colegio Internacional de Cirujanos (FICS)<\/li>\n<li>Asociaci\u00f3n M\u00e9dica Americana (AMA)<\/li>\n<li>Asociaci\u00f3n M\u00e9dica de Texas (TMA)<\/li>\n<\/ul>\n<p>El Dr. Azouz se distingui\u00f3 desde el principio. El Dr. Azouz se present\u00f3 al primer ministro de Canad\u00e1 como uno de los mejores estudiantes de secundaria y se inscribi\u00f3 en el Instituto de Tecnolog\u00eda de Massachusetts (MIT) a los 16 a\u00f1os. El Dr. Azouz hab\u00eda completado dos t\u00edtulos en el MIT a la edad de 19 y pas\u00f3 a McGill Facultad de Medicina de la Universidad en su ciudad natal de Montreal, Canad\u00e1. El Dr. Azouz complet\u00f3 su capacitaci\u00f3n en cirug\u00eda y cirug\u00eda pl\u00e1stica en los prestigiosos programas de Canad\u00e1 y tambi\u00e9n complet\u00f3 dos becas avanzadas antes de los 30 a\u00f1os. A la Dra. Azouz le encanta conectarse con pacientes de cirug\u00eda pl\u00e1stica de todo el mundo y habla con fluidez una multitud de idiomas, entre ellos: Franc\u00e9s y espa\u00f1ol.  <\/p>\n<p><strong>El Dr. David Azouz est\u00e1 certificado en cirug\u00eda pl\u00e1stica por la Junta Estadounidense de Cirug\u00eda Pl\u00e1stica y por el Royal College of Surgeons of Canada.<\/strong><\/p>\n<p>Con pacientes de cirug\u00eda est\u00e9tica de todo el \u00e1rea metropolitana de Dallas-Fort Worth, incluidos Plano, Frisco, Allen, Richardson, Irving, Highland Park y Arlington, el Dr. Azouz se ha convertido en uno de los cirujanos pl\u00e1sticos certificados por la junta m\u00e1s solicitados en Dallas. Tambi\u00e9n es com\u00fan que los pacientes viajen a Dallas desde todo Texas y los estados circundantes para someterse a una cirug\u00eda pl\u00e1stica con el Dr. David Azouz.<\/p>\n<p>El Dr. Azouz es un innovador en cirug\u00eda est\u00e9tica y cosm\u00e9tica. El Dr. Azouz cre\u00f3 sus propios equipos y t\u00e9cnicas en una variedad de procedimientos cosm\u00e9ticos. El Dr. Azouz cre\u00f3 las \u00abc\u00e1nulas de liposucci\u00f3n Azouz\u00bb. Estas c\u00e1nulas de liposucci\u00f3n innovadoras y personalizadas se utilizan para una variedad de afecciones que incluyen: liposucci\u00f3n y eliminaci\u00f3n de ginecomastia, lipedema, liposucci\u00f3n abdominal de alta definici\u00f3n, liposucci\u00f3n del cuello y liposucci\u00f3n de la pared lateral del t\u00f3rax. El Dr. Azouz se compromete a brindar a los pacientes la mejor atenci\u00f3n con resultados naturales de primer nivel.<\/p>\n<p>Dr. Azouz&#8217;s se especializa en una variedad de procedimientos cosm\u00e9ticos que incluyen:<\/p>\n<ul>\n<li>Lifting facial (ritidectom\u00eda)<\/li>\n<li>Cirug\u00eda de p\u00e1rpados (blefaroplastia),<\/li>\n<li>Cirug\u00eda de Nariz (Rinoplast\u00eda),<\/li>\n<li>Abdominoplastia sin drenaje (abdominoplastia sin drenaje),<\/li>\n<li>Aumento de senos (implantes mamarios),<\/li>\n<li>Levantamiento de Senos (Mastopexia de Senos)<\/li>\n<li>Ginecomastia (reducci\u00f3n de senos masculinos)<\/li>\n<li>Liposucci\u00f3n (Lipoplastia)<\/li>\n<li>Lipedema (s\u00edndrome de la grasa dolorosa)<\/li>\n<\/ul>\n<h3>Una reputaci\u00f3n internacional<\/h3>\n<p>El Dr. Azouz fue clasificado como uno de los mejores cirujanos pl\u00e1sticos de Texas por Castle Connolly en su primera edici\u00f3n. El Dr. Azouz ha ganado m\u00faltiples premios como cirujano pl\u00e1stico de primer nivel y ha sido reconocido como uno de los mejores cirujanos pl\u00e1sticos en Dallas, Texas y en los Estados Unidos por una multitud de organizaciones en sus treinta y cinco a\u00f1os de pr\u00e1ctica de cirug\u00eda pl\u00e1stica y cosm\u00e9tica. .<\/p>\n<p>Como uno de los cirujanos pl\u00e1sticos m\u00e1s buscados de Dallas, el Dr. Azouz ha desarrollado una reputaci\u00f3n nacional e internacional. Con las citas virtuales disponibles, es com\u00fan que los pacientes de cirug\u00eda est\u00e9tica consulten con el Dr. Azouz sobre procedimientos altamente complejos y avanzados, incluida la cirug\u00eda pl\u00e1stica de revisi\u00f3n. El Dr. Azouz puede mejorar los resultados de la cirug\u00eda pl\u00e1stica realizada en el pasado por otros proveedores para lograr los resultados est\u00e9ticos que el paciente desea. El Dr. Azouz consulta con pacientes de ciudades y estados circundantes, incluidos Tyler, Waco, Midland\/Odessa, Oklahoma City, Fayetteville (Arkansas) y Texarkana. Los pacientes tambi\u00e9n viajan a Dallas desde todo el mundo, incluidos M\u00e9xico, Canad\u00e1, Francia, Alemania, Inglaterra, Espa\u00f1a, Arabia Saudita, Turqu\u00eda, Argentina, Uruguay, China y Jap\u00f3n. Tiene pacientes que viajan a Dallas desde los cincuenta estados y Puerto Rico.<\/p>\n<h4>Licencia<\/h4>\n<ul>\n<li>Texas<\/li>\n<li>California<\/li>\n<li>Illinois<\/li>\n<\/ul>\n<h4>Formaci\u00f3n universitaria<\/h4>\n<ul>\n<li>MIT<\/li>\n<li>Cambridge, Massachusetts<\/li>\n<li>Licenciatura en Ciencias en Ingenier\u00eda Biom\u00e9dica<\/li>\n<li>Maestr\u00eda en Ciencias en Inmunolog\u00eda<\/li>\n<\/ul>\n<h4>Entrenamiento m\u00e9dico<\/h4>\n<ul>\n<li>Escuela de Medicina McGill<\/li>\n<li>Montreal, Quebec<\/li>\n<li>Titulaci\u00f3n: Doctor en Medicina y M\u00e1ster en Cirug\u00eda<\/li>\n<\/ul>\n<h4>Residencia<\/h4>\n<ul>\n<li>Hospital General de Toronto &#8211; Cirug\u00eda General<\/li>\n<li>La Universidad de Western Ontario &#8211; Cirug\u00eda Pl\u00e1stica<\/li>\n<\/ul>\n<h4>Becas<\/h4>\n<ul>\n<li>Cirug\u00eda de mano y microvascular<\/li>\n<li>Rush-Presbyterian-St. Centro medico de Luke<\/li>\n<li>Chicago, Illinois<\/li>\n<li>Dermatopatolog\u00eda y tumores de tejidos blandos<\/li>\n<li>Universidad de Western Ontario, London, Ontario<\/li>\n<\/ul>\n<h4>Afiliaciones hospitalarias<\/h4>\n<ul>\n<li>Medical City Dallas Hospital<\/li>\n<li>Hospital Presbiteriano de Dallas<\/li>\n<li>Centro m\u00e9dico de Dallas, Farmers Branch<\/li>\n<li>Centro M\u00e9dico Eminente, Plano \/ Richardson<\/li>\n<li>Instituto Quir\u00fargico Northpark, Dallas<\/li>\n<li>Primer Centro M\u00e9dico Bautista, Dallas<\/li>\n<li>ER cerca de m\u00ed, Dallas, Richardson, Plano, Fort Worth<\/li>\n<\/ul>\n<h4>Idiomas hablados<\/h4>\n<ul>\n<li>Ingl\u00e9s<\/li>\n<li>espa\u00f1ol<\/li>\n<li>franc\u00e9s<\/li>\n<\/ul>\n<h4>Membres\u00edas de la sociedad<\/h4>\n<ul>\n<li>Colegio Americano de Cirujanos<\/li>\n<li>American Medical Association<\/li>\n<li>Sociedad Americana de Cirujanos Pl\u00e1sticos y Reconstructivos<\/li>\n<li>Sociedad M\u00e9dica del Condado de Dallas<\/li>\n<li>Colegio Internacional de Cirujanos<\/li>\n<li>Sociedad de lip\u00f3lisis de Am\u00e9rica del Norte<\/li>\n<li>Consejo Educativo del Instituto de Tecnolog\u00eda de Massachusetts (MIT)<\/li>\n<li>Cap\u00edtulo del norte de Texas del Colegio Americano de Cirujanos<\/li>\n<li>Colegio Real de M\u00e9dicos y Cirujanos de Canad\u00e1<\/li>\n<li>Asociaci\u00f3n M\u00e9dica de Texas<\/li>\n<li>Sociedad de Cirujanos Pl\u00e1sticos de Texas<\/li>\n<\/ul>\n<h4>Titulaci\u00f3n<\/h4>\n<ul>\n<li>Miembro del Colegio Internacional de Cirujanos.<\/li>\n<li>Fellow del Colegio Americano de Cirujanos<\/li>\n<li>Diplom\u00e1tico de la Junta Americana de Cirug\u00eda Pl\u00e1stica.<\/li>\n<li>Miembro del Colegio Real de M\u00e9dicos y Cirujanos de Canad\u00e1 en Cirug\u00eda Pl\u00e1stica.<\/li>\n<li>Diplom\u00e1tico de la Junta Nacional Americana de Examinadores M\u00e9dicos<\/li>\n<li>Licenciado del Consejo M\u00e9dico de Canad\u00e1<\/li>\n<li>Certificado de soporte vital avanzado cardiaco<\/li>\n<li>Certificado b\u00e1sico de soporte vital card\u00edaco<\/li>\n<\/ul>\n<h4>Galardones<\/h4>\n<ul>\n<li>Presentaci\u00f3n del caso de cirug\u00eda pl\u00e1stica del primer lugar entre los residentes canadienses de cirug\u00eda pl\u00e1stica (reuni\u00f3n anual de la sociedad canadiense de cirujanos pl\u00e1sticos en Vancouver, BC)<\/li>\n<li>Castle Connolly Top Doctor desde 2012<\/li>\n<li>Los 10 mejores m\u00e9dicos de Metro de Dallas<\/li>\n<li>Premio de elecci\u00f3n de los pacientes (2008, 2009, 2010, 2011, 2012, 2013, 2014, 2015, 2016, 2017, 2018, 2020)<\/li>\n<li>Reconocimiento m\u00e9dico compasivo (2010, 2011, 2012, 2013, 2014, 2015, 2016, 2017, 2018, 2020, XNUMX)<\/li>\n<li>Mejor doctor Dallas<\/li>\n<\/ul>\n","protected":false},"excerpt":{"rendered":"<p>David Azouz &#8211; MD, FRCS (C), FACS, FICS El cirujano pl\u00e1stico de Dallas, Dr. David Azouz, es<br \/><a href=\"https:\/\/www.drazouz.com\/es\/acerca\/meet-dr-david-azouz\/\" class=\"btn btn-blue mt-3\">Sigue leyendo<\/a><\/p>\n","protected":false},"author":1,"featured_media":12286,"parent":11604,"menu_order":0,"comment_status":"closed","ping_status":"closed","template":"","meta":{"_acf_changed":false,"footnotes":""},"class_list":["post-3784","page","type-page","status-publish","has-post-thumbnail"],"acf":[],"yoast_head":"<!-- This site is optimized with the Yoast SEO plugin v27.4 - https:\/\/yoast.com\/product\/yoast-seo-wordpress\/ -->\n<title>Dr. David Azouz Cirujano pl\u00e1stico Dallas | Plano | Richardson<\/title>\n<meta name=\"description\" content=\"David Azouz - MD, FRCS (C), FACS, FICS El Dr. David Azouz, cirujano pl\u00e1stico de Dallas, es un cirujano pl\u00e1stico y reconstructivo certificado por la junta que ha trabajado en Dallas-Fort Worth durante m\u00e1s de 35 a\u00f1os. El Dr. Azouz es el exjefe de Cirug\u00eda Pl\u00e1stica\" \/>\n<meta name=\"robots\" content=\"index, follow, max-snippet:-1, max-image-preview:large, max-video-preview:-1\" \/>\n<link rel=\"canonical\" href=\"https:\/\/www.drazouz.com\/es\/acerca\/meet-dr-david-azouz\/\" \/>\n<meta property=\"og:locale\" content=\"es_ES\" \/>\n<meta property=\"og:type\" content=\"article\" \/>\n<meta property=\"og:title\" content=\"Dr. David Azouz Cirujano pl\u00e1stico Dallas | Plano | Richardson\" \/>\n<meta property=\"og:description\" content=\"David Azouz - MD, FRCS (C), FACS, FICS El Dr. David Azouz, cirujano pl\u00e1stico de Dallas, es un cirujano pl\u00e1stico y reconstructivo certificado por la junta que ha trabajado en Dallas-Fort Worth durante m\u00e1s de 35 a\u00f1os. El Dr. Azouz es el exjefe de Cirug\u00eda Pl\u00e1stica\" \/>\n<meta property=\"og:url\" content=\"https:\/\/www.drazouz.com\/es\/acerca\/meet-dr-david-azouz\/\" \/>\n<meta property=\"og:site_name\" content=\"Azouz Cirug\u00eda Pl\u00e1stica y Est\u00e9tica\" \/>\n<meta property=\"article:modified_time\" content=\"2024-02-19T16:26:25+00:00\" \/>\n<meta property=\"og:image\" content=\"https:\/\/www.drazouz.com\/wp-content\/uploads\/2024\/02\/Dr-David-Azouz-header-img.jpeg\" \/>\n<meta name=\"twitter:card\" content=\"summary_large_image\" \/>\n<meta name=\"twitter:image\" content=\"https:\/\/www.drazouz.com\/wp-content\/uploads\/2024\/02\/Dr-David-Azouz-header-img.jpeg\" \/>\n<meta name=\"twitter:label1\" content=\"Tiempo de lectura\" \/>\n\t<meta name=\"twitter:data1\" content=\"5 minutos\" \/>\n<!-- \/ Yoast SEO plugin. -->","yoast_head_json":{"title":"Dr. David Azouz Cirujano pl\u00e1stico Dallas | Plano | Richardson","description":"David Azouz - MD, FRCS (C), FACS, FICS El Dr. David Azouz, cirujano pl\u00e1stico de Dallas, es un cirujano pl\u00e1stico y reconstructivo certificado por la junta que ha trabajado en Dallas-Fort Worth durante m\u00e1s de 35 a\u00f1os. El Dr. Azouz es el exjefe de Cirug\u00eda Pl\u00e1stica","robots":{"index":"index","follow":"follow","max-snippet":"max-snippet:-1","max-image-preview":"max-image-preview:large","max-video-preview":"max-video-preview:-1"},"canonical":"https:\/\/www.drazouz.com\/es\/acerca\/meet-dr-david-azouz\/","og_locale":"es_ES","og_type":"article","og_title":"Dr. David Azouz Cirujano pl\u00e1stico Dallas | Plano | Richardson","og_description":"David Azouz - MD, FRCS (C), FACS, FICS El Dr. David Azouz, cirujano pl\u00e1stico de Dallas, es un cirujano pl\u00e1stico y reconstructivo certificado por la junta que ha trabajado en Dallas-Fort Worth durante m\u00e1s de 35 a\u00f1os. El Dr. Azouz es el exjefe de Cirug\u00eda Pl\u00e1stica","og_url":"https:\/\/www.drazouz.com\/es\/acerca\/meet-dr-david-azouz\/","og_site_name":"Azouz Cirug\u00eda Pl\u00e1stica y Est\u00e9tica","article_modified_time":"2024-02-19T16:26:25+00:00","og_image":[{"url":"https:\/\/www.drazouz.com\/wp-content\/uploads\/2024\/02\/Dr-David-Azouz-header-img.jpeg","type":"","width":"","height":""}],"twitter_card":"summary_large_image","twitter_image":"https:\/\/www.drazouz.com\/wp-content\/uploads\/2024\/02\/Dr-David-Azouz-header-img.jpeg","twitter_misc":{"Tiempo de lectura":"5 minutos"},"schema":{"@context":"https:\/\/schema.org","@graph":[{"@type":"WebPage","@id":"https:\/\/www.drazouz.com\/es\/acerca\/meet-dr-david-azouz\/","url":"https:\/\/www.drazouz.com\/es\/acerca\/meet-dr-david-azouz\/","name":"Dr. David Azouz Cirujano pl\u00e1stico Dallas | Plano | Richardson","isPartOf":{"@id":"https:\/\/www.drazouz.com\/es\/#website"},"primaryImageOfPage":{"@id":"https:\/\/www.drazouz.com\/es\/acerca\/meet-dr-david-azouz\/#primaryimage"},"image":{"@id":"https:\/\/www.drazouz.com\/es\/acerca\/meet-dr-david-azouz\/#primaryimage"},"thumbnailUrl":"https:\/\/www.drazouz.com\/wp-content\/uploads\/2024\/02\/Dr-David-Azouz-header-img.jpeg","datePublished":"2022-07-20T21:37:06+00:00","dateModified":"2024-02-19T16:26:25+00:00","description":"David Azouz - MD, FRCS (C), FACS, FICS El Dr. David Azouz, cirujano pl\u00e1stico de Dallas, es un cirujano pl\u00e1stico y reconstructivo certificado por la junta que ha trabajado en Dallas-Fort Worth durante m\u00e1s de 35 a\u00f1os. El Dr. Azouz es el exjefe de Cirug\u00eda Pl\u00e1stica","breadcrumb":{"@id":"https:\/\/www.drazouz.com\/es\/acerca\/meet-dr-david-azouz\/#breadcrumb"},"inLanguage":"es","potentialAction":[{"@type":"ReadAction","target":["https:\/\/www.drazouz.com\/es\/acerca\/meet-dr-david-azouz\/"]}]},{"@type":"ImageObject","inLanguage":"es","@id":"https:\/\/www.drazouz.com\/es\/acerca\/meet-dr-david-azouz\/#primaryimage","url":"https:\/\/www.drazouz.com\/wp-content\/uploads\/2024\/02\/Dr-David-Azouz-header-img.jpeg","contentUrl":"https:\/\/www.drazouz.com\/wp-content\/uploads\/2024\/02\/Dr-David-Azouz-header-img.jpeg","width":1920,"height":450,"caption":"Dr. David Azouz"},{"@type":"BreadcrumbList","@id":"https:\/\/www.drazouz.com\/es\/acerca\/meet-dr-david-azouz\/#breadcrumb","itemListElement":[{"@type":"ListItem","position":1,"name":"Home","item":"https:\/\/www.drazouz.com\/es\/"},{"@type":"ListItem","position":2,"name":"Acerca","item":"https:\/\/www.drazouz.com\/es\/acerca\/"},{"@type":"ListItem","position":3,"name":"Conoce al Dr. David Azouz"}]},{"@type":"WebSite","@id":"https:\/\/www.drazouz.com\/es\/#website","url":"https:\/\/www.drazouz.com\/es\/","name":"Azouz Cirug\u00eda Pl\u00e1stica y Est\u00e9tica","description":"","potentialAction":[{"@type":"SearchAction","target":{"@type":"EntryPoint","urlTemplate":"https:\/\/www.drazouz.com\/es\/?s={search_term_string}"},"query-input":{"@type":"PropertyValueSpecification","valueRequired":true,"valueName":"search_term_string"}}],"inLanguage":"es"}]}},"_links":{"self":[{"href":"https:\/\/www.drazouz.com\/es\/wp-json\/wp\/v2\/pages\/3784","targetHints":{"allow":["GET"]}}],"collection":[{"href":"https:\/\/www.drazouz.com\/es\/wp-json\/wp\/v2\/pages"}],"about":[{"href":"https:\/\/www.drazouz.com\/es\/wp-json\/wp\/v2\/types\/page"}],"author":[{"embeddable":true,"href":"https:\/\/www.drazouz.com\/es\/wp-json\/wp\/v2\/users\/1"}],"replies":[{"embeddable":true,"href":"https:\/\/www.drazouz.com\/es\/wp-json\/wp\/v2\/comments?post=3784"}],"version-history":[{"count":2,"href":"https:\/\/www.drazouz.com\/es\/wp-json\/wp\/v2\/pages\/3784\/revisions"}],"predecessor-version":[{"id":3787,"href":"https:\/\/www.drazouz.com\/es\/wp-json\/wp\/v2\/pages\/3784\/revisions\/3787"}],"up":[{"embeddable":true,"href":"https:\/\/www.drazouz.com\/es\/wp-json\/wp\/v2\/pages\/11604"}],"wp:featuredmedia":[{"embeddable":true,"href":"https:\/\/www.drazouz.com\/es\/wp-json\/wp\/v2\/media\/12286"}],"wp:attachment":[{"href":"https:\/\/www.drazouz.com\/es\/wp-json\/wp\/v2\/media?parent=3784"}],"curies":[{"name":"wp","href":"https:\/\/api.w.org\/{rel}","templated":true}]}}