{"id":3778,"date":"2022-07-20T18:29:52","date_gmt":"2022-07-20T23:29:52","guid":{"rendered":"https:\/\/www.drazouz.com\/?page_id=3778"},"modified":"2025-02-03T09:17:22","modified_gmt":"2025-02-03T14:17:22","slug":"about-your-plastic-and-reconstructive-surgery-consultation-with-board-certified-plastic-surgeon-dr-david-azouz-in-dallas-texas","status":"publish","type":"page","link":"https:\/\/www.drazouz.com\/es\/acerca\/about-your-plastic-and-reconstructive-surgery-consultation-with-board-certified-plastic-surgeon-dr-david-azouz-in-dallas-texas\/","title":{"rendered":"Viajando a Dallas, TX"},"content":{"rendered":"<p><a title=\"About Azouz Plastic &amp; Cosmetic Surgery in Dallas TX\" href=\"https:\/\/www.drazouz.com\/es\/meet-dr-azouz\/\"><em><strong>Dr. David Azouz and his staff<\/strong><\/em><\/a> y su personal est\u00e1n dedicados a hacer que viajar para Cirug\u00eda Pl\u00e1stica en Dallas sea un proceso conveniente y simplificado. El Dr. David Azouz y su personal se esfuerzan por facilitar cada paso, desde la compra de prendas de compresi\u00f3n hasta las preocupaciones preoperatorias. Est\u00e1n dedicados a una cirug\u00eda segura y exitosa con el m\u00e1s alto nivel de atenci\u00f3n.<\/p>\n<p>El Dr. Azouz tiene experiencia en los campos de procedimientos est\u00e9ticos\/cosm\u00e9ticos y reconstructivos y ha ejercido en el \u00e1rea de Dallas\/Fort Worth durante m\u00e1s de 3 d\u00e9cadas. El Dr. David Azouz es un cirujano pl\u00e1stico certificado por la junta que ofrece una amplia gama de procedimientos quir\u00fargicos que incluyen <a href=\"https:\/\/www.drazouz.com\/es\/rhinoplasty\/\">rinoplastia<\/a>, <a href=\"https:\/\/www.drazouz.com\/es\/facelift\/\">lavado de cara<\/a>, <a href=\"https:\/\/www.drazouz.com\/es\/gynecomastia\/\">eliminaci\u00f3n de ginecomastia<\/a>, <a href=\"https:\/\/www.drazouz.com\/es\/liposuction\/\">liposucci\u00f3n<\/a>, <a href=\"https:\/\/www.drazouz.com\/es\/tummy-tuck-in-dallas\/\">abdominoplastia<\/a>, <a href=\"https:\/\/www.drazouz.com\/es\/breast-augmentation\/\">aumento de senos<\/a>, <a href=\"https:\/\/www.drazouz.com\/es\/eyelid-surgery\/\">blefaroplastia<\/a> y <a href=\"https:\/\/www.drazouz.com\/es\/body-lift-after-weight-loss\/\">levantamiento de cuerpo<\/a>.<\/p>\n<p>El Dr. Azouz es uno de los pocos cirujanos pl\u00e1sticos en los Estados Unidos que tiene una amplia experiencia en la reconstrucci\u00f3n del t\u00f3rax en pacientes con <a href=\"https:\/\/www.drazouz.com\/es\/polands-syndrome\/\">S\u00edndrome de Polonia<\/a>. De manera similar, el Dr. Azouz tambi\u00e9n tiene una experiencia considerable en el tratamiento de pacientes a los que se les ha inyectado silicona libre y requieren extracci\u00f3n. Pacientes con afecciones raras como neurofibromatosis, gastrosquisis \/ deformidades del ombligo y antecedentes de <a href=\"https:\/\/www.drazouz.com\/es\/cirugia-plastica-de-orejas\/\">aforo del o\u00eddo<\/a> Viaja desde todo el mundo para ver al Dr. Azouz. El Dr. Azouz se esfuerza por camuflar u ocultar las incisiones y est\u00e1 comprometido con el aspecto m\u00e1s natural posible en sus numerosos procedimientos de cirug\u00eda pl\u00e1stica.<\/p>\n<p>El Dr. Azouz atiende a pacientes que llegan en avi\u00f3n desde todo el mundo, incluidos M\u00e9xico, Canad\u00e1, Francia, Alemania, Inglaterra, Espa\u00f1a, Arabia Saudita, Turqu\u00eda, Argentina, Uruguay, China y Jap\u00f3n. Tiene pacientes que viajan a Dallas desde los cincuenta estados y Puerto Rico. Tiene pacientes que viajan a Dallas desde los cincuenta estados y Puerto Rico. A menudo, la primera consulta se puede realizar virtualmente a trav\u00e9s de una consulta de telemedicina. Los registros se pueden enviar por fax a la oficina si es necesario y las im\u00e1genes se pueden mostrar o enviar al Dr. Azouz. El Dr. Azouz y gran parte de su personal hablan espa\u00f1ol y franc\u00e9s con fluidez.<\/p>\n<h2>Programaci\u00f3n y pago de sus servicios<\/h2>\n<p>El Dr. Azouz puede reservar tiempo en la sala de operaciones para pacientes que viven fuera de la ciudad en varias ubicaciones de Dallas, Plano y Richardson, que est\u00e1n convenientemente ubicadas cerca de los hoteles y aeropuertos locales. El Dr. Azouz requiere que se realice un dep\u00f3sito para asegurar una fecha y hora para la Cirug\u00eda Pl\u00e1stica. El Dr. Azouz ofrece opciones de financiamiento que incluyen las principales tarjetas de cr\u00e9dito, cheques de caja, Care Credit y el uso de cuentas de ahorro para la salud.<\/p>\n<h2>Fotografia preoperatoria<\/h2>\n<p>Las fotograf\u00edas pueden ser especialmente \u00fatiles para planificar la cirug\u00eda pl\u00e1stica en Dallas. Las \u00abselfies\u00bb pueden ser \u00fatiles, sin embargo, las fotograf\u00edas tomadas por un ser querido o amigo suelen ser las mejores. Aseg\u00farese de tomar fotograf\u00edas con la mejor configuraci\u00f3n de calidad posible en una habitaci\u00f3n bien iluminada.<\/p>\n<p>Para la cara y Rhinopl Para la cirug\u00eda facial, las siguientes fotograf\u00edas son \u00fatiles: vistas laterales desde la izquierda y la derecha, una vista frontal y vistas de tres cuartos (im\u00e1genes tomadas en \u00e1ngulos de 45 grados). Para una rinoplastia, las vistas de ojo de gusano (de abajo hacia arriba) y de arriba hacia abajo son especialmente \u00fatiles.<\/p>\n<p>Para el pecho, el pecho y el cuerpo, las vistas lateral, frontal y de tres cuartos son \u00fatiles. Si hay un lugar en particular que es molesto, por ejemplo, un bulto en el pecho o una ginecomastia, una vista ampliada de ese lugar puede ser \u00fatil.<\/p>\n<p>Con todas las fotograf\u00edas hechas y recibidas por el Dr. Azouz, la privacidad es primordial. En las vistas corporales, la cara no debe incluirse en las fotograf\u00edas para mejorar la privacidad.<\/p>\n<h2>Preparaci\u00f3n y recuperaci\u00f3n<\/h2>\n<p>El Dr. Azouz revisar\u00e1 la salud general, el historial m\u00e9dico y las inquietudes del paciente antes de la cirug\u00eda, y Travel Dr. Azouz revisar\u00e1 la salud general, el historial m\u00e9dico y las inquietudes del paciente antes de la cirug\u00eda y el viaje a Dallas. El Dr. Azouz tambi\u00e9n prepara a sus pacientes con un conocimiento profundo de las expectativas con respecto a la actividad postoperatoria, la hinchaz\u00f3n y los hematomas.<\/p>\n<p>El Dr. Azouz es un cirujano pl\u00e1stico meticuloso que se ha centrado en optimizar cada detalle del proceso de cirug\u00eda pl\u00e1stica para ofrecer a sus pacientes la mejor experiencia posible. El Dr. Azouz se esfuerza por limitar la cantidad de dolor e incomodidad a trav\u00e9s de t\u00e9cnicas avanzadas intraoperatorias y postoperatorias.<\/p>\n<h2>Viaje despues de la cirugia<\/h2>\n<p>Se recomienda a los pacientes que salen de Dallas poco despu\u00e9s de la cirug\u00eda que se pongan de pie y caminen a lo largo del avi\u00f3n cada 30 minutos. Si viaja en autom\u00f3vil, el paciente debe detenerse y caminar regularmente. Es importante no levantar bolsas pesadas en el compartimento superior de un avi\u00f3n o en el maletero del autom\u00f3vil. El Dr. Azouz recomienda contar con la ayuda de un amigo, compa\u00f1ero de viaje, miembro de la familia o asistente de vuelo con el equipaje pesado.<\/p>\n<h2>Informaci\u00f3n del aeropuerto<\/h2>\n<p><a href=\"https:\/\/www.dfwairport.com\/\" target=\"_blank\" rel=\"noopener\">Dallas Fort Worth (DFW)<\/a> El aeropuerto es un aeropuerto internacional importante y la sede de American Airlines. Hay vuelos directos desde Europa, Canad\u00e1, Sudam\u00e9rica, el Caribe, Asia, Oriente Medio y Australia. El aeropuerto DFW est\u00e1 a aproximadamente 20 a 30 minutos en autom\u00f3vil de la oficina del Dr. Azouz en Medical City Dallas.<\/p>\n<p><a href=\"http:\/\/www.dallas-lovefield.com\/\" target=\"_blank\" rel=\"noopener\">Dallas Love Field<\/a> es el aeropuerto regional del \u00e1rea de Dallas situado cerca de University Park y Highland Park. Se encuentra aproximadamente a 20 minutos de la oficina del Dr. Azouz en Medical City Dallas. Hay vuelos directos y de conexi\u00f3n desde Love Field a muchas de las ciudades m\u00e1s peque\u00f1as de Texas, incluidas Midland \/ Odessa, Tyler \/ Longview, Wichita Falls, Lubbock, Amarillo, Waco y Harlingen.<\/p>\n<h2>Moverse por Dallas \/ Fort Worth Plano y sus alrededores<\/h2>\n<p>Algunos pacientes eligen alquilar un autom\u00f3vil durante su estad\u00eda y otros eligen servicios de viajes compartidos, como Uber y Lyft. El aparcamiento suele ser f\u00e1cil y est\u00e1 disponible en toda la ciudad.<\/p>\n<h3>Sobre Dallas<\/h3>\n<p>Dallas es una metr\u00f3polis moderna en el norte de Texas, que es el principal centro cultural y comercial de la zona. La poblaci\u00f3n es diversa y la ciudad tiene cultura y actividades que abarcan todas las \u00e1reas de inter\u00e9s. Adem\u00e1s, Dallas se compone de varios grupos religiosos y \u00e9tnicos y es el hogar de 6, la mayor poblaci\u00f3n de LGBTQI en el pa\u00eds.<\/p>\n<h2>Alojamiento en hoteles y estancias cortas en el \u00e1rea de Dallas<\/h2>\n<p>Hay muchos hoteles y lugares para estad\u00edas cortas disponibles en Dallas, Fort Worth y Plano. El Dr. Azouz y su personal pueden recomendar opciones hermosas, econ\u00f3micas, funcionales y c\u00f3modas ubicadas cerca de las instalaciones quir\u00fargicas donde opera el Dr. Azouz.<\/p>\n<h2>Restaurantes del \u00e1rea de Dallas, alimentaci\u00f3n saludable y actividades<\/h2>\n<p><a href=\"http:\/\/www.dallasartsdistrict.org\/\" target=\"_blank\" rel=\"noopener\">El distrito de las artes<\/a> en la secci\u00f3n norte del centro de Dallas hay varios centros de arte y es el distrito de arte contiguo m\u00e1s grande de los EE. UU. Los pacientes disfrutan pasar el tiempo en el Museo de Arte de Dallas, el Centro Sinf\u00f3nico Morton H. Meyerson, el Acuario Mundial de Dallas y el Perot Museo de la Naturaleza y la Ciencia.<\/p>\n<p><a href=\"https:\/\/www.klydewarrenpark.org\/\" target=\"_blank\" rel=\"noopener\">Klyde Warren Park<\/a>, un parque p\u00fablico en el centro de Dallas, alberga muchos eventos como yoga al aire libre y actuaciones musicales. Este parque urbano construido sobre la autopista de Woodall Rodgers tambi\u00e9n alberga una variedad de camiones de comida, el Savor Gastropub, y se encuentra entre los museos de arte y escultura.<\/p>\n<p>Los pacientes tambi\u00e9n disfrutan caminando por el <a href=\"https:\/\/www.dallaszoo.com\/\" target=\"_blank\" rel=\"noopener\">Zool\u00f3gico de Dallas<\/a>, que es el zool\u00f3gico m\u00e1s grande de Texas, o el Arboreto y Jard\u00edn Bot\u00e1nico de Dallas. Ambos ofrecen diferentes exposiciones seg\u00fan la \u00e9poca del a\u00f1o, por lo que pueden visitarlas una y otra vez.<\/p>\n<p>Otros lugares para visitar son <a href=\"https:\/\/www.trinitygroves.com\/\" target=\"_blank\" rel=\"noopener\">Trinity Groves<\/a> y las \u00e1reas del Bajo Greenville. En cada uno, encontrar\u00e1 una variedad de opciones de restaurantes. Algunos de los mejores restaurantes para encontrar una comida saludable son True Food Kitchen en University Park, Flower Child en Inwood Village, Bird Bakery, Royal Blue Grocery y Cafe Pacific en Highland Park Village, y HG Supply Co en Lower Greenville.<\/p>\n<h2>Programe su consulta con el Dr. Azouz<\/h2>\n<p>Si est\u00e1 interesado en viajar a Dallas para consultar con el Dr. Azouz y explorar sus opciones en cirug\u00eda pl\u00e1stica. Cont\u00e1ctenos al <a href=\"tel:9727028888\" class=\"phone_anchor \" aria-label=\"ll\u00e1manos (972) 702-8888\">(972) 702-8888<\/a> o <a title=\"Contact Azouz Cosmetic &amp; Plastic Surgery in Dallas TX\" href=\"https:\/\/www.drazouz.com\/es\/contact\/\"><em><strong>comun\u00edquese con nosotros llenando nuestro formulario en l\u00ednea.<\/strong><\/em><\/a>.<\/p>\n","protected":false},"excerpt":{"rendered":"<p>Dr. David Azouz and his staff y su personal est\u00e1n dedicados a hacer que viajar para Cirug\u00eda<br \/><a href=\"https:\/\/www.drazouz.com\/es\/acerca\/about-your-plastic-and-reconstructive-surgery-consultation-with-board-certified-plastic-surgeon-dr-david-azouz-in-dallas-texas\/\" class=\"btn btn-blue mt-3\">Sigue leyendo<\/a><\/p>\n","protected":false},"author":1,"featured_media":10228,"parent":11604,"menu_order":0,"comment_status":"closed","ping_status":"closed","template":"template-builder.php","meta":{"_acf_changed":false,"footnotes":""},"class_list":["post-3778","page","type-page","status-publish","has-post-thumbnail"],"acf":[],"yoast_head":"<!-- This site is optimized with the Yoast SEO plugin v27.4 - https:\/\/yoast.com\/product\/yoast-seo-wordpress\/ -->\n<title>Viajando para cirug\u00eda pl\u00e1stica Dallas | Plano | Richardson<\/title>\n<meta name=\"description\" content=\"Cirug\u00eda pl\u00e1stica en Dallas con el Dr. Azouz El Dr. David Azouz y su personal est\u00e1n dedicados a hacer que viajar para Cirug\u00eda Pl\u00e1stica en Dallas sea un proceso conveniente y simplificado. El Dr. David Azouz y su personal se esfuerzan por\" \/>\n<meta name=\"robots\" content=\"index, follow, max-snippet:-1, max-image-preview:large, max-video-preview:-1\" \/>\n<link rel=\"canonical\" href=\"https:\/\/www.drazouz.com\/es\/acerca\/about-your-plastic-and-reconstructive-surgery-consultation-with-board-certified-plastic-surgeon-dr-david-azouz-in-dallas-texas\/\" \/>\n<meta property=\"og:locale\" content=\"es_ES\" \/>\n<meta property=\"og:type\" content=\"article\" \/>\n<meta property=\"og:title\" content=\"Viajando para cirug\u00eda pl\u00e1stica Dallas | Plano | Richardson\" \/>\n<meta property=\"og:description\" content=\"Cirug\u00eda pl\u00e1stica en Dallas con el Dr. Azouz El Dr. David Azouz y su personal est\u00e1n dedicados a hacer que viajar para Cirug\u00eda Pl\u00e1stica en Dallas sea un proceso conveniente y simplificado. El Dr. David Azouz y su personal se esfuerzan por\" \/>\n<meta property=\"og:url\" content=\"https:\/\/www.drazouz.com\/es\/acerca\/about-your-plastic-and-reconstructive-surgery-consultation-with-board-certified-plastic-surgeon-dr-david-azouz-in-dallas-texas\/\" \/>\n<meta property=\"og:site_name\" content=\"Azouz Cirug\u00eda Pl\u00e1stica y Est\u00e9tica\" \/>\n<meta property=\"article:modified_time\" content=\"2025-02-03T14:17:22+00:00\" \/>\n<meta property=\"og:image\" content=\"https:\/\/www.drazouz.com\/wp-content\/uploads\/2023\/12\/header-image-1222012.jpeg\" \/>\n<meta name=\"twitter:card\" content=\"summary_large_image\" \/>\n<meta name=\"twitter:image\" content=\"https:\/\/www.drazouz.com\/wp-content\/uploads\/2023\/12\/header-image-1222012.jpeg\" \/>\n<meta name=\"twitter:label1\" content=\"Tiempo de lectura\" \/>\n\t<meta name=\"twitter:data1\" content=\"7 minutos\" \/>\n<!-- \/ Yoast SEO plugin. -->","yoast_head_json":{"title":"Viajando para cirug\u00eda pl\u00e1stica Dallas | Plano | Richardson","description":"Cirug\u00eda pl\u00e1stica en Dallas con el Dr. Azouz El Dr. David Azouz y su personal est\u00e1n dedicados a hacer que viajar para Cirug\u00eda Pl\u00e1stica en Dallas sea un proceso conveniente y simplificado. El Dr. David Azouz y su personal se esfuerzan por","robots":{"index":"index","follow":"follow","max-snippet":"max-snippet:-1","max-image-preview":"max-image-preview:large","max-video-preview":"max-video-preview:-1"},"canonical":"https:\/\/www.drazouz.com\/es\/acerca\/about-your-plastic-and-reconstructive-surgery-consultation-with-board-certified-plastic-surgeon-dr-david-azouz-in-dallas-texas\/","og_locale":"es_ES","og_type":"article","og_title":"Viajando para cirug\u00eda pl\u00e1stica Dallas | Plano | Richardson","og_description":"Cirug\u00eda pl\u00e1stica en Dallas con el Dr. Azouz El Dr. David Azouz y su personal est\u00e1n dedicados a hacer que viajar para Cirug\u00eda Pl\u00e1stica en Dallas sea un proceso conveniente y simplificado. El Dr. David Azouz y su personal se esfuerzan por","og_url":"https:\/\/www.drazouz.com\/es\/acerca\/about-your-plastic-and-reconstructive-surgery-consultation-with-board-certified-plastic-surgeon-dr-david-azouz-in-dallas-texas\/","og_site_name":"Azouz Cirug\u00eda Pl\u00e1stica y Est\u00e9tica","article_modified_time":"2025-02-03T14:17:22+00:00","og_image":[{"url":"https:\/\/www.drazouz.com\/wp-content\/uploads\/2023\/12\/header-image-1222012.jpeg","type":"","width":"","height":""}],"twitter_card":"summary_large_image","twitter_image":"https:\/\/www.drazouz.com\/wp-content\/uploads\/2023\/12\/header-image-1222012.jpeg","twitter_misc":{"Tiempo de lectura":"7 minutos"},"schema":{"@context":"https:\/\/schema.org","@graph":[{"@type":"WebPage","@id":"https:\/\/www.drazouz.com\/es\/acerca\/about-your-plastic-and-reconstructive-surgery-consultation-with-board-certified-plastic-surgeon-dr-david-azouz-in-dallas-texas\/","url":"https:\/\/www.drazouz.com\/es\/acerca\/about-your-plastic-and-reconstructive-surgery-consultation-with-board-certified-plastic-surgeon-dr-david-azouz-in-dallas-texas\/","name":"Viajando para cirug\u00eda pl\u00e1stica Dallas | Plano | Richardson","isPartOf":{"@id":"https:\/\/www.drazouz.com\/es\/#website"},"primaryImageOfPage":{"@id":"https:\/\/www.drazouz.com\/es\/acerca\/about-your-plastic-and-reconstructive-surgery-consultation-with-board-certified-plastic-surgeon-dr-david-azouz-in-dallas-texas\/#primaryimage"},"image":{"@id":"https:\/\/www.drazouz.com\/es\/acerca\/about-your-plastic-and-reconstructive-surgery-consultation-with-board-certified-plastic-surgeon-dr-david-azouz-in-dallas-texas\/#primaryimage"},"thumbnailUrl":"https:\/\/www.drazouz.com\/wp-content\/uploads\/2023\/12\/header-image-1222012.jpeg","datePublished":"2022-07-20T23:29:52+00:00","dateModified":"2025-02-03T14:17:22+00:00","description":"Cirug\u00eda pl\u00e1stica en Dallas con el Dr. Azouz El Dr. David Azouz y su personal est\u00e1n dedicados a hacer que viajar para Cirug\u00eda Pl\u00e1stica en Dallas sea un proceso conveniente y simplificado. El Dr. David Azouz y su personal se esfuerzan por","breadcrumb":{"@id":"https:\/\/www.drazouz.com\/es\/acerca\/about-your-plastic-and-reconstructive-surgery-consultation-with-board-certified-plastic-surgeon-dr-david-azouz-in-dallas-texas\/#breadcrumb"},"inLanguage":"es","potentialAction":[{"@type":"ReadAction","target":["https:\/\/www.drazouz.com\/es\/acerca\/about-your-plastic-and-reconstructive-surgery-consultation-with-board-certified-plastic-surgeon-dr-david-azouz-in-dallas-texas\/"]}]},{"@type":"ImageObject","inLanguage":"es","@id":"https:\/\/www.drazouz.com\/es\/acerca\/about-your-plastic-and-reconstructive-surgery-consultation-with-board-certified-plastic-surgeon-dr-david-azouz-in-dallas-texas\/#primaryimage","url":"https:\/\/www.drazouz.com\/wp-content\/uploads\/2023\/12\/header-image-1222012.jpeg","contentUrl":"https:\/\/www.drazouz.com\/wp-content\/uploads\/2023\/12\/header-image-1222012.jpeg","width":1918,"height":815,"caption":"Dallas, Texas, USA downtown city skyline"},{"@type":"BreadcrumbList","@id":"https:\/\/www.drazouz.com\/es\/acerca\/about-your-plastic-and-reconstructive-surgery-consultation-with-board-certified-plastic-surgeon-dr-david-azouz-in-dallas-texas\/#breadcrumb","itemListElement":[{"@type":"ListItem","position":1,"name":"Home","item":"https:\/\/www.drazouz.com\/es\/"},{"@type":"ListItem","position":2,"name":"Acerca","item":"https:\/\/www.drazouz.com\/es\/acerca\/"},{"@type":"ListItem","position":3,"name":"Viajando a Dallas, TX"}]},{"@type":"WebSite","@id":"https:\/\/www.drazouz.com\/es\/#website","url":"https:\/\/www.drazouz.com\/es\/","name":"Azouz Cirug\u00eda Pl\u00e1stica y Est\u00e9tica","description":"","potentialAction":[{"@type":"SearchAction","target":{"@type":"EntryPoint","urlTemplate":"https:\/\/www.drazouz.com\/es\/?s={search_term_string}"},"query-input":{"@type":"PropertyValueSpecification","valueRequired":true,"valueName":"search_term_string"}}],"inLanguage":"es"}]}},"_links":{"self":[{"href":"https:\/\/www.drazouz.com\/es\/wp-json\/wp\/v2\/pages\/3778","targetHints":{"allow":["GET"]}}],"collection":[{"href":"https:\/\/www.drazouz.com\/es\/wp-json\/wp\/v2\/pages"}],"about":[{"href":"https:\/\/www.drazouz.com\/es\/wp-json\/wp\/v2\/types\/page"}],"author":[{"embeddable":true,"href":"https:\/\/www.drazouz.com\/es\/wp-json\/wp\/v2\/users\/1"}],"replies":[{"embeddable":true,"href":"https:\/\/www.drazouz.com\/es\/wp-json\/wp\/v2\/comments?post=3778"}],"version-history":[{"count":11,"href":"https:\/\/www.drazouz.com\/es\/wp-json\/wp\/v2\/pages\/3778\/revisions"}],"predecessor-version":[{"id":20094,"href":"https:\/\/www.drazouz.com\/es\/wp-json\/wp\/v2\/pages\/3778\/revisions\/20094"}],"up":[{"embeddable":true,"href":"https:\/\/www.drazouz.com\/es\/wp-json\/wp\/v2\/pages\/11604"}],"wp:featuredmedia":[{"embeddable":true,"href":"https:\/\/www.drazouz.com\/es\/wp-json\/wp\/v2\/media\/10228"}],"wp:attachment":[{"href":"https:\/\/www.drazouz.com\/es\/wp-json\/wp\/v2\/media?parent=3778"}],"curies":[{"name":"wp","href":"https:\/\/api.w.org\/{rel}","templated":true}]}}