{"id":3774,"date":"2022-07-20T18:15:53","date_gmt":"2022-07-20T23:15:53","guid":{"rendered":"https:\/\/www.drazouz.com\/?page_id=3774"},"modified":"2025-03-13T10:44:47","modified_gmt":"2025-03-13T15:44:47","slug":"promotions","status":"publish","type":"page","link":"https:\/\/www.drazouz.com\/es\/acerca\/promotions\/","title":{"rendered":"Promociones"},"content":{"rendered":"<h2>Mossy and Mane da la bienvenida al Dr. Solomon Azouz como Director M\u00e9dico de su Spa M\u00e9dico<\/h2>\n<p><a href=\"https:\/\/www.drazouz.com\/es\/meet-dr-solomon-azouz\/\">Dr. Solomon Azouz<\/a>, cirujano pl\u00e1stico certificado, es el director m\u00e9dico de Mossy and Mane Medical Spa en Fort Worth, Texas. El Dr. Azouz cuenta con excelentes habilidades de liderazgo adquiridas a lo largo de los a\u00f1os de pr\u00e1ctica, adem\u00e1s de su competencia quir\u00fargica. Tiene un s\u00f3lido historial de liderazgo e inspiraci\u00f3n, garantizando el funcionamiento efectivo de las instalaciones m\u00e9dicas. El Dr. Azouz est\u00e1 dedicado al desarrollo profesional continuo a trav\u00e9s de la investigaci\u00f3n y la publicaci\u00f3n en el campo de la est\u00e9tica.<br \/>\nEl Dr. Azouz se complace en facilitar muchas promociones al visitar Mossy and Mane. Los procedimientos no quir\u00fargicos a menudo tienen ofertas especiales, y el Dr. Azouz puede ofrecer promociones y descuentos para una variedad de procedimientos no quir\u00fargicos en <a href=\"https:\/\/www.mossyme.com\/\" target=\"_blank\" rel=\"noopener\"> Mossy and Mane en Fort Worth<\/a>.<\/p>\n<p>Mossy and Mane ofrece una amplia gama de servicios de spa m\u00e9dico, que incluyen:<\/p>\n<ul>\n<li>Servicios de estilista de cabello<\/li>\n<li>Terapia Procell<\/li>\n<li>Hydrafacial Keravive<\/li>\n<li>Platinum Hydrafacial<\/li>\n<li>Deluxe Hydrafacial<\/li>\n<li>Facial Cl\u00e1sico<\/li>\n<li>Peeling Qu\u00edmico Jessner<\/li>\n<li>Peeling Qu\u00edmico Mandiclear<\/li>\n<li>Depilaci\u00f3n con cera<\/li>\n<li>Microneedling<\/li>\n<li>Fillers D\u00e9rmicos<\/li>\n<li>Terapia de Inyecci\u00f3n<\/li>\n<li>Masaje Sueco<\/li>\n<li>Masaje de Tejido Profundo<\/li>\n<li>Tratamiento Focalizado<\/li>\n<li>Tratamiento Capilar con Aceite Caliente<\/li>\n<li>Pulido de Manos y\/o Pies<\/li>\n<li>Reflexolog\u00eda<\/li>\n<\/ul>\n<p>Muchos servicios de spa m\u00e9dico ofrecen numerosas ventajas. Sin embargo, algunos pueden causar problemas como quemaduras. Estas quemaduras pueden resultar de una t\u00e9cnica inadecuada, sobretratamiento, sensibilidad individual, expectativas irracionales, problemas cut\u00e1neos preexistentes o medicamentos. Los pacientes pueden experimentar enrojecimiento, hinchaz\u00f3n, molestias, ampollas, formaci\u00f3n de costras y cicatrices. El Dr. Azouz, cirujano pl\u00e1stico en Dallas, tiene una amplia formaci\u00f3n en el tratamiento de afecciones cut\u00e1neas y est\u00e9ticas. Para reducir el riesgo de quemaduras, elija a un profesional calificado, investigue el procedimiento, hable sobre su historial m\u00e9dico, haga preguntas, siga las instrucciones y comunique cualquier inquietud de inmediato. Recuerde que la recuperaci\u00f3n difiere de una persona a otra, y las quemaduras pueden ocurrir incluso con precauciones. La atenci\u00f3n m\u00e9dica temprana es fundamental para un tratamiento adecuado y la reducci\u00f3n de los efectos a largo plazo.<\/p>\n<p>El cirujano pl\u00e1stico certificado, el Dr. Azouz, est\u00e1 bien versado en las operaciones de revisi\u00f3n comunes que pueden ser necesarias despu\u00e9s de procedimientos est\u00e9ticos en un spa m\u00e9dico.<\/p>\n<p>Algunas de las operaciones de revisi\u00f3n m\u00e1s populares incluyen:<\/p>\n<ul>\n<li>Correcci\u00f3n de la piel desigual: Esto puede ser necesario despu\u00e9s de procedimientos como Botox o rellenos d\u00e9rmicos en un spa m\u00e9dico. El cirujano pl\u00e1stico certificado, el Dr. Azouz, puede utilizar diversas t\u00e9cnicas para equilibrar los resultados y lograr una apariencia m\u00e1s natural.<\/li>\n<li>Abordar problemas: Si experimenta cualquier dificultad despu\u00e9s de un procedimiento en un spa m\u00e9dico, como una infecci\u00f3n, reacci\u00f3n al\u00e9rgica o cicatrizaci\u00f3n, el Dr. Azouz puede proporcionar un plan de tratamiento personalizado. El Dr. Azouz abordar\u00e1 la preocupaci\u00f3n y ofrecer\u00e1 opciones para sus metas deseadas.<\/li>\n<li>Revisi\u00f3n de resultados anteriores: Si no est\u00e1 satisfecho con los resultados de un procedimiento anterior en un spa m\u00e9dico, el Dr. Azouz puede modificar los resultados para lograr un resultado m\u00e1s deseado.<\/li>\n<\/ul>\n<p>Muchas afecciones cut\u00e1neas pueden tratarse con procedimientos l\u00e1ser, pero si no se realizan adecuadamente, tambi\u00e9n pueden dejar cicatrices. El tipo de cicatrizaci\u00f3n despu\u00e9s de una quemadura l\u00e1ser depende de muchos factores, como la extensi\u00f3n, profundidad y ubicaci\u00f3n de la quemadura.<\/p>\n<p>Tipos de cicatrices por quemaduras l\u00e1ser:<\/p>\n<ul>\n<li><a href=\"https:\/\/www.drazouz.com\/hypertrophic-scars-removal\/\">Cicatrices hipertroficas<\/a>: Son cicatrices rojas y elevadas que se desarrollan en el sitio de la quemadura. A menudo ocurren debido a la formaci\u00f3n excesiva de col\u00e1geno durante el proceso de curaci\u00f3n.<\/li>\n<li><a href=\"https:\/\/www.drazouz.com\/keloid-removal\/\">Queloides<\/a>: Son cicatrices elevadas y con picaz\u00f3n que tienen el potencial de agrandarse m\u00e1s all\u00e1 de la quemadura inicial. Son m\u00e1s comunes en personas con tonos de piel m\u00e1s oscuros.<\/li>\n<li>Contracturas cicatriciales: Las contracturas son bandas de tejido cicatricial que son demasiado ajustadas y pueden limitar el movimiento. Es m\u00e1s probable que ocurran cuando la quemadura es grave o afecta una articulaci\u00f3n.<\/li>\n<li>Cambios en el pigmento: Los cambios en el color de la piel provocados por quemaduras l\u00e1ser incluyen la hipopigmentaci\u00f3n, o piel m\u00e1s clara, y la hiperpigmentaci\u00f3n, o piel m\u00e1s oscura.<\/li>\n<\/ul>\n<p>Al considerar servicios de spa m\u00e9dico, es importante seleccionar un spa de buena reputaci\u00f3n y un proveedor calificado. Esto ayudar\u00e1 a reducir la probabilidad de problemas y asegurar\u00e1 que obtenga los resultados deseados. Si ha experimentado cicatrices de un spa m\u00e9dico, comun\u00edquese con la oficina del Dr. Azouz al <a href=\"tel:9727028888\" class=\"phone_anchor \" aria-label=\"ll\u00e1manos (972) 702-8888\">(972) 702-8888<\/a> para programar una consulta. El cirujano pl\u00e1stico certificado, el Dr. Azouz, puede evaluar sus necesidades<\/p>\n","protected":false},"excerpt":{"rendered":"<p>Mossy and Mane da la bienvenida al Dr. Solomon Azouz como Director M\u00e9dico de su Spa M\u00e9dico<br \/><a href=\"https:\/\/www.drazouz.com\/es\/acerca\/promotions\/\" class=\"btn btn-blue mt-3\">Sigue leyendo<\/a><\/p>\n","protected":false},"author":1,"featured_media":8463,"parent":11604,"menu_order":0,"comment_status":"closed","ping_status":"closed","template":"template-builder.php","meta":{"_acf_changed":false,"footnotes":""},"class_list":["post-3774","page","type-page","status-publish","has-post-thumbnail"],"acf":[],"yoast_head":"<!-- This site is optimized with the Yoast SEO plugin v27.4 - https:\/\/yoast.com\/product\/yoast-seo-wordpress\/ -->\n<title>Promociones de Cirug\u00eda Pl\u00e1stica | Ofertas Dallas | Plano | Richardson<\/title>\n<meta name=\"description\" content=\"Promociones de Cirug\u00eda Pl\u00e1stica de Azouz El Dr. Azouz a menudo ofrece promociones sobre el cuidado de la piel, los inyectables y los tratamientos con regularidad. Llame a nuestra oficina al 972-702-8888 para obtener m\u00e1s informaci\u00f3n.\" \/>\n<meta name=\"robots\" content=\"index, follow, max-snippet:-1, max-image-preview:large, max-video-preview:-1\" \/>\n<link rel=\"canonical\" href=\"https:\/\/www.drazouz.com\/es\/acerca\/promotions\/\" \/>\n<meta property=\"og:locale\" content=\"es_ES\" \/>\n<meta property=\"og:type\" content=\"article\" \/>\n<meta property=\"og:title\" content=\"Promociones de Cirug\u00eda Pl\u00e1stica | Ofertas Dallas | Plano | Richardson\" \/>\n<meta property=\"og:description\" content=\"Promociones de Cirug\u00eda Pl\u00e1stica de Azouz El Dr. Azouz a menudo ofrece promociones sobre el cuidado de la piel, los inyectables y los tratamientos con regularidad. Llame a nuestra oficina al 972-702-8888 para obtener m\u00e1s informaci\u00f3n.\" \/>\n<meta property=\"og:url\" content=\"https:\/\/www.drazouz.com\/es\/acerca\/promotions\/\" \/>\n<meta property=\"og:site_name\" content=\"Azouz Cirug\u00eda Pl\u00e1stica y Est\u00e9tica\" \/>\n<meta property=\"article:modified_time\" content=\"2025-03-13T15:44:47+00:00\" \/>\n<meta property=\"og:image\" content=\"https:\/\/www.drazouz.com\/wp-content\/uploads\/2023\/12\/header-promotion-1.jpg\" \/>\n<meta name=\"twitter:card\" content=\"summary_large_image\" \/>\n<meta name=\"twitter:image\" content=\"https:\/\/www.drazouz.com\/wp-content\/uploads\/2023\/12\/header-promotion-1.jpg\" \/>\n<meta name=\"twitter:label1\" content=\"Tiempo de lectura\" \/>\n\t<meta name=\"twitter:data1\" content=\"4 minutos\" \/>\n<!-- \/ Yoast SEO plugin. -->","yoast_head_json":{"title":"Promociones de Cirug\u00eda Pl\u00e1stica | Ofertas Dallas | Plano | Richardson","description":"Promociones de Cirug\u00eda Pl\u00e1stica de Azouz El Dr. Azouz a menudo ofrece promociones sobre el cuidado de la piel, los inyectables y los tratamientos con regularidad. Llame a nuestra oficina al 972-702-8888 para obtener m\u00e1s informaci\u00f3n.","robots":{"index":"index","follow":"follow","max-snippet":"max-snippet:-1","max-image-preview":"max-image-preview:large","max-video-preview":"max-video-preview:-1"},"canonical":"https:\/\/www.drazouz.com\/es\/acerca\/promotions\/","og_locale":"es_ES","og_type":"article","og_title":"Promociones de Cirug\u00eda Pl\u00e1stica | Ofertas Dallas | Plano | Richardson","og_description":"Promociones de Cirug\u00eda Pl\u00e1stica de Azouz El Dr. Azouz a menudo ofrece promociones sobre el cuidado de la piel, los inyectables y los tratamientos con regularidad. Llame a nuestra oficina al 972-702-8888 para obtener m\u00e1s informaci\u00f3n.","og_url":"https:\/\/www.drazouz.com\/es\/acerca\/promotions\/","og_site_name":"Azouz Cirug\u00eda Pl\u00e1stica y Est\u00e9tica","article_modified_time":"2025-03-13T15:44:47+00:00","og_image":[{"url":"https:\/\/www.drazouz.com\/wp-content\/uploads\/2023\/12\/header-promotion-1.jpg","type":"","width":"","height":""}],"twitter_card":"summary_large_image","twitter_image":"https:\/\/www.drazouz.com\/wp-content\/uploads\/2023\/12\/header-promotion-1.jpg","twitter_misc":{"Tiempo de lectura":"4 minutos"},"schema":{"@context":"https:\/\/schema.org","@graph":[{"@type":"WebPage","@id":"https:\/\/www.drazouz.com\/es\/acerca\/promotions\/","url":"https:\/\/www.drazouz.com\/es\/acerca\/promotions\/","name":"Promociones de Cirug\u00eda Pl\u00e1stica | Ofertas Dallas | Plano | Richardson","isPartOf":{"@id":"https:\/\/www.drazouz.com\/es\/#website"},"primaryImageOfPage":{"@id":"https:\/\/www.drazouz.com\/es\/acerca\/promotions\/#primaryimage"},"image":{"@id":"https:\/\/www.drazouz.com\/es\/acerca\/promotions\/#primaryimage"},"thumbnailUrl":"https:\/\/www.drazouz.com\/wp-content\/uploads\/2023\/12\/header-promotion-1.jpg","datePublished":"2022-07-20T23:15:53+00:00","dateModified":"2025-03-13T15:44:47+00:00","description":"Promociones de Cirug\u00eda Pl\u00e1stica de Azouz El Dr. Azouz a menudo ofrece promociones sobre el cuidado de la piel, los inyectables y los tratamientos con regularidad. Llame a nuestra oficina al 972-702-8888 para obtener m\u00e1s informaci\u00f3n.","breadcrumb":{"@id":"https:\/\/www.drazouz.com\/es\/acerca\/promotions\/#breadcrumb"},"inLanguage":"es","potentialAction":[{"@type":"ReadAction","target":["https:\/\/www.drazouz.com\/es\/acerca\/promotions\/"]}]},{"@type":"ImageObject","inLanguage":"es","@id":"https:\/\/www.drazouz.com\/es\/acerca\/promotions\/#primaryimage","url":"https:\/\/www.drazouz.com\/wp-content\/uploads\/2023\/12\/header-promotion-1.jpg","contentUrl":"https:\/\/www.drazouz.com\/wp-content\/uploads\/2023\/12\/header-promotion-1.jpg","width":1915,"height":775,"caption":"Mossy and Mane in Fort Worth"},{"@type":"BreadcrumbList","@id":"https:\/\/www.drazouz.com\/es\/acerca\/promotions\/#breadcrumb","itemListElement":[{"@type":"ListItem","position":1,"name":"Home","item":"https:\/\/www.drazouz.com\/es\/"},{"@type":"ListItem","position":2,"name":"Acerca","item":"https:\/\/www.drazouz.com\/es\/acerca\/"},{"@type":"ListItem","position":3,"name":"Promociones"}]},{"@type":"WebSite","@id":"https:\/\/www.drazouz.com\/es\/#website","url":"https:\/\/www.drazouz.com\/es\/","name":"Azouz Cirug\u00eda Pl\u00e1stica y Est\u00e9tica","description":"","potentialAction":[{"@type":"SearchAction","target":{"@type":"EntryPoint","urlTemplate":"https:\/\/www.drazouz.com\/es\/?s={search_term_string}"},"query-input":{"@type":"PropertyValueSpecification","valueRequired":true,"valueName":"search_term_string"}}],"inLanguage":"es"}]}},"_links":{"self":[{"href":"https:\/\/www.drazouz.com\/es\/wp-json\/wp\/v2\/pages\/3774","targetHints":{"allow":["GET"]}}],"collection":[{"href":"https:\/\/www.drazouz.com\/es\/wp-json\/wp\/v2\/pages"}],"about":[{"href":"https:\/\/www.drazouz.com\/es\/wp-json\/wp\/v2\/types\/page"}],"author":[{"embeddable":true,"href":"https:\/\/www.drazouz.com\/es\/wp-json\/wp\/v2\/users\/1"}],"replies":[{"embeddable":true,"href":"https:\/\/www.drazouz.com\/es\/wp-json\/wp\/v2\/comments?post=3774"}],"version-history":[{"count":10,"href":"https:\/\/www.drazouz.com\/es\/wp-json\/wp\/v2\/pages\/3774\/revisions"}],"predecessor-version":[{"id":21264,"href":"https:\/\/www.drazouz.com\/es\/wp-json\/wp\/v2\/pages\/3774\/revisions\/21264"}],"up":[{"embeddable":true,"href":"https:\/\/www.drazouz.com\/es\/wp-json\/wp\/v2\/pages\/11604"}],"wp:featuredmedia":[{"embeddable":true,"href":"https:\/\/www.drazouz.com\/es\/wp-json\/wp\/v2\/media\/8463"}],"wp:attachment":[{"href":"https:\/\/www.drazouz.com\/es\/wp-json\/wp\/v2\/media?parent=3774"}],"curies":[{"name":"wp","href":"https:\/\/api.w.org\/{rel}","templated":true}]}}