{"id":3771,"date":"2022-07-20T18:09:37","date_gmt":"2022-07-20T23:09:37","guid":{"rendered":"https:\/\/www.drazouz.com\/?page_id=3771"},"modified":"2025-03-28T06:44:11","modified_gmt":"2025-03-28T11:44:11","slug":"tarifas-y-seguro","status":"publish","type":"page","link":"https:\/\/www.drazouz.com\/es\/fees-insurance\/","title":{"rendered":"Tarifas y seguro"},"content":{"rendered":"<p>La cirug\u00eda pl\u00e1stica y las operaciones cosm\u00e9ticas pueden ser una gran inversi\u00f3n para usted. El Dr. David Azouz est\u00e1 comprometido con el m\u00e1s alto nivel de atenci\u00f3n al paciente y brinda las mejores opciones de financiamiento posibles para sus pacientes, lo que hace que el acceso a la cirug\u00eda pl\u00e1stica cosm\u00e9tica y reconstructiva sea asequible. <\/p>\n<h2>M\u00e9todos de pago de cirug\u00eda pl\u00e1stica<\/h2>\n<p>Las pol\u00edticas de pago de nuestra pr\u00e1ctica est\u00e1n dise\u00f1adas para hacer que los arreglos financieros sean lo m\u00e1s simples posible para nuestros pacientes. Se aceptan efectivo, cheques y la mayor\u00eda de las principales tarjetas de cr\u00e9dito. El Dr. Azouz tambi\u00e9n ofrece una variedad de opciones de financiamiento que incluyen CareCredit\u00ae y Alphaeon\u00ae Credit.<\/p>\n<p>El financiamiento est\u00e1 disponible a solicitud y elegibilidad.<\/p>\n<p><img loading=\"lazy\" decoding=\"async\" src=\"https:\/\/www.drazouz.com\/wp-content\/uploads\/2022\/07\/carecredit1-300x49.jpg\" alt=\"CareCredit\" class=\"alignnone size-medium wp-image-1265\" width=\"300\" height=\"49\" srcset=\"https:\/\/www.drazouz.com\/wp-content\/uploads\/2022\/07\/carecredit1-300x49.jpg 300w, https:\/\/www.drazouz.com\/wp-content\/uploads\/2022\/07\/carecredit1.jpg 400w\" sizes=\"auto, (max-width: 300px) 100vw, 300px\" \/><\/p>\n<p>Como un servicio para usted, estaremos encantados de enviar la documentaci\u00f3n del seguro necesaria a su compa\u00f1\u00eda de transporte; sin embargo, el pago de la cirug\u00eda pl\u00e1stica cosm\u00e9tica o reconstructiva es responsabilidad del paciente individual.<\/p>\n<p>Para cirug\u00eda electiva, el pago debe hacerse por lo menos dos semanas Antes de la cirug\u00eda programada.<\/p>\n<h3>Plastic Surgery Cost Ranges<\/h3>\n<p>El costo exacto de su procedimiento no se puede determinar hasta despu\u00e9s de consultar con el Dr. Azouz. Si desea obtener detalles m\u00e1s espec\u00edficos sobre tarifas, descuentos en procedimientos m\u00faltiples o costos de procedimientos que no se enumeran aqu\u00ed, <a title=\"Contact Azouz Cosmetic &amp; Plastic Surgery in Dallas TX\" href=\"https:\/\/www.drazouz.com\/es\/contact\/\"><em><strong>contacta nuestra oficina<\/strong><\/em><\/a> personal que estar\u00e1 m\u00e1s que feliz de ayudarlo.<\/p>\n<h3>Tarifas, seguro y definiciones de facturaci\u00f3n<\/h3>\n<dl id=\"faq-1\" class=\"flc-faq\"><dt id=\"l11\"><button class=\"card-header collapsed d-flex align-items-center w-100 text-left\" data-toggle=\"collapse\" data-target=\"#t11\" aria-expanded=\"false\" aria-controls=\"t11\"><i class=\"ml-1 fas fa-chevron-down\"><\/i> Permitido<\/button><\/dt><dd id=\"t11\" class=\"m-0 collapse\" aria-labelledby=\"l11\" aria-expanded=\"false\" data-parent=\"#faq-1\"><div class=\"card-body\"><p>La cantidad \u201cpermitida o permitida\u201d es lo que pagar\u00e1n las compa\u00f1\u00edas de seguros. Esto var\u00eda seg\u00fan la compa\u00f1\u00eda de seguros y el contrato de beneficios para el paciente.<\/p>\n<\/div><\/dd><dt id=\"l12\"><button class=\"card-header collapsed d-flex align-items-center w-100 text-left\" data-toggle=\"collapse\" data-target=\"#t12\" aria-expanded=\"false\" aria-controls=\"t12\"><i class=\"ml-1 fas fa-chevron-down\"><\/i> ATD (Aplicado al deducible)<\/button><\/dt><dd id=\"t12\" class=\"m-0 collapse\" aria-labelledby=\"l12\" aria-expanded=\"false\" data-parent=\"#faq-1\"><div class=\"card-body\"><p>El ATD es la cantidad que el paciente debe cumplir antes de que la compa\u00f1\u00eda de seguros pague el reclamo. Para muchas compa\u00f1\u00edas de seguros, esto tambi\u00e9n puede referirse a un copago y un porcentaje que debe alcanzarse antes del pago del seguro.<\/p>\n<\/div><\/dd><dt id=\"l13\"><button class=\"card-header collapsed d-flex align-items-center w-100 text-left\" data-toggle=\"collapse\" data-target=\"#t13\" aria-expanded=\"false\" aria-controls=\"t13\"><i class=\"ml-1 fas fa-chevron-down\"><\/i> Deducible<\/button><\/dt><dd id=\"t13\" class=\"m-0 collapse\" aria-labelledby=\"l13\" aria-expanded=\"false\" data-parent=\"#faq-1\"><div class=\"card-body\"><p>El deducible es el monto que el paciente debe pagar como gasto de bolsillo antes de que la compa\u00f1\u00eda de seguros pague cualquier reclamo que se le env\u00ede. El monto del deducible var\u00eda seg\u00fan el paciente y la p\u00f3liza de seguro y puede involucrar porcentajes del monto total.<\/p>\n<\/div><\/dd><dt id=\"l14\"><button class=\"card-header collapsed d-flex align-items-center w-100 text-left\" data-toggle=\"collapse\" data-target=\"#t14\" aria-expanded=\"false\" aria-controls=\"t14\"><i class=\"ml-1 fas fa-chevron-down\"><\/i> EOB (Explicaci\u00f3n de beneficios)<\/button><\/dt><dd id=\"t14\" class=\"m-0 collapse\" aria-labelledby=\"l14\" aria-expanded=\"false\" data-parent=\"#faq-1\"><div class=\"card-body\"><p>Una explicaci\u00f3n de los beneficios es una lista de tarifas y cargos que dictan de qu\u00e9 es responsable un paciente y qu\u00e9 planea pagar la compa\u00f1\u00eda de seguros. Una EOB no es un proyecto de ley, sino una carta explicativa.<\/p>\n<\/div><\/dd><dt id=\"l15\"><button class=\"card-header collapsed d-flex align-items-center w-100 text-left\" data-toggle=\"collapse\" data-target=\"#t15\" aria-expanded=\"false\" aria-controls=\"t15\"><i class=\"ml-1 fas fa-chevron-down\"><\/i> PPO (Organizaci\u00f3n de proveedores preferidos)<\/button><\/dt><dd id=\"t15\" class=\"m-0 collapse\" aria-labelledby=\"l15\" aria-expanded=\"false\" data-parent=\"#faq-1\"><div class=\"card-body\"><p>Un tipo de seguro donde el paciente puede buscar atenci\u00f3n fuera de la red sin tener que obtener autorizaci\u00f3n o aprobaci\u00f3n previa. En t\u00e9rminos simples, un plan PPO le permite al paciente \"elegir su m\u00e9dico\".<\/p>\n<\/div><\/dd><dt id=\"l16\"><button class=\"card-header collapsed d-flex align-items-center w-100 text-left\" data-toggle=\"collapse\" data-target=\"#t16\" aria-expanded=\"false\" aria-controls=\"t16\"><i class=\"ml-1 fas fa-chevron-down\"><\/i> Compensaci\u00f3n a los Trabajadores<\/button><\/dt><dd id=\"t16\" class=\"m-0 collapse\" aria-labelledby=\"l16\" aria-expanded=\"false\" data-parent=\"#faq-1\"><div class=\"card-body\"><p>Un plan de cobertura m\u00e9dica que la ley estatal exige que se brinde a un empleado en caso de lesiones y enfermedades relacionadas con el trabajo.<\/p>\n<\/div><\/dd><\/dl>\n","protected":false},"excerpt":{"rendered":"<p>La cirug\u00eda pl\u00e1stica y las operaciones cosm\u00e9ticas pueden ser una gran inversi\u00f3n para usted. El Dr. David<br \/><a href=\"https:\/\/www.drazouz.com\/es\/fees-insurance\/\" class=\"btn btn-blue mt-3\">Sigue leyendo<\/a><\/p>\n","protected":false},"author":1,"featured_media":6137,"parent":11604,"menu_order":0,"comment_status":"closed","ping_status":"closed","template":"template-builder.php","meta":{"_acf_changed":false,"footnotes":""},"class_list":["post-3771","page","type-page","status-publish","has-post-thumbnail"],"acf":[],"yoast_head":"<!-- This site is optimized with the Yoast SEO plugin v27.4 - https:\/\/yoast.com\/product\/yoast-seo-wordpress\/ -->\n<title>Costos de cirug\u00eda pl\u00e1stica y opciones de financiamiento Dallas | Plano | Richardson<\/title>\n<meta name=\"description\" content=\"Costos de cirug\u00eda pl\u00e1stica, financiamiento y opciones de seguro en Dallas La cirug\u00eda pl\u00e1stica y las operaciones cosm\u00e9ticas pueden ser una gran inversi\u00f3n para usted. El Dr. David Azouz est\u00e1 comprometido con el m\u00e1s alto nivel de atenci\u00f3n al paciente y brinda la mejor\" \/>\n<meta name=\"robots\" content=\"index, follow, max-snippet:-1, max-image-preview:large, max-video-preview:-1\" \/>\n<link rel=\"canonical\" href=\"https:\/\/www.drazouz.com\/es\/fees-insurance\/\" \/>\n<meta property=\"og:locale\" content=\"es_ES\" \/>\n<meta property=\"og:type\" content=\"article\" \/>\n<meta property=\"og:title\" content=\"Costos de cirug\u00eda pl\u00e1stica y opciones de financiamiento Dallas | Plano | Richardson\" \/>\n<meta property=\"og:description\" content=\"Costos de cirug\u00eda pl\u00e1stica, financiamiento y opciones de seguro en Dallas La cirug\u00eda pl\u00e1stica y las operaciones cosm\u00e9ticas pueden ser una gran inversi\u00f3n para usted. El Dr. David Azouz est\u00e1 comprometido con el m\u00e1s alto nivel de atenci\u00f3n al paciente y brinda la mejor\" \/>\n<meta property=\"og:url\" content=\"https:\/\/www.drazouz.com\/es\/fees-insurance\/\" \/>\n<meta property=\"og:site_name\" content=\"Azouz Cirug\u00eda Pl\u00e1stica y Est\u00e9tica\" \/>\n<meta property=\"article:modified_time\" content=\"2025-03-28T11:44:11+00:00\" \/>\n<meta property=\"og:image\" content=\"https:\/\/www.drazouz.com\/wp-content\/uploads\/2023\/09\/header-img-insurance-2.jpg\" \/>\n<meta name=\"twitter:card\" content=\"summary_large_image\" \/>\n<meta name=\"twitter:image\" content=\"https:\/\/www.drazouz.com\/wp-content\/uploads\/2023\/09\/header-img-insurance-2.jpg\" \/>\n<meta name=\"twitter:label1\" content=\"Tiempo de lectura\" \/>\n\t<meta name=\"twitter:data1\" content=\"2 minutos\" \/>\n<!-- \/ Yoast SEO plugin. -->","yoast_head_json":{"title":"Costos de cirug\u00eda pl\u00e1stica y opciones de financiamiento Dallas | Plano | Richardson","description":"Costos de cirug\u00eda pl\u00e1stica, financiamiento y opciones de seguro en Dallas La cirug\u00eda pl\u00e1stica y las operaciones cosm\u00e9ticas pueden ser una gran inversi\u00f3n para usted. El Dr. David Azouz est\u00e1 comprometido con el m\u00e1s alto nivel de atenci\u00f3n al paciente y brinda la mejor","robots":{"index":"index","follow":"follow","max-snippet":"max-snippet:-1","max-image-preview":"max-image-preview:large","max-video-preview":"max-video-preview:-1"},"canonical":"https:\/\/www.drazouz.com\/es\/fees-insurance\/","og_locale":"es_ES","og_type":"article","og_title":"Costos de cirug\u00eda pl\u00e1stica y opciones de financiamiento Dallas | Plano | Richardson","og_description":"Costos de cirug\u00eda pl\u00e1stica, financiamiento y opciones de seguro en Dallas La cirug\u00eda pl\u00e1stica y las operaciones cosm\u00e9ticas pueden ser una gran inversi\u00f3n para usted. El Dr. David Azouz est\u00e1 comprometido con el m\u00e1s alto nivel de atenci\u00f3n al paciente y brinda la mejor","og_url":"https:\/\/www.drazouz.com\/es\/fees-insurance\/","og_site_name":"Azouz Cirug\u00eda Pl\u00e1stica y Est\u00e9tica","article_modified_time":"2025-03-28T11:44:11+00:00","og_image":[{"url":"https:\/\/www.drazouz.com\/wp-content\/uploads\/2023\/09\/header-img-insurance-2.jpg","type":"","width":"","height":""}],"twitter_card":"summary_large_image","twitter_image":"https:\/\/www.drazouz.com\/wp-content\/uploads\/2023\/09\/header-img-insurance-2.jpg","twitter_misc":{"Tiempo de lectura":"2 minutos"},"schema":{"@context":"https:\/\/schema.org","@graph":[{"@type":"WebPage","@id":"https:\/\/www.drazouz.com\/es\/fees-insurance\/","url":"https:\/\/www.drazouz.com\/es\/fees-insurance\/","name":"Costos de cirug\u00eda pl\u00e1stica y opciones de financiamiento Dallas | Plano | Richardson","isPartOf":{"@id":"https:\/\/www.drazouz.com\/es\/#website"},"primaryImageOfPage":{"@id":"https:\/\/www.drazouz.com\/es\/fees-insurance\/#primaryimage"},"image":{"@id":"https:\/\/www.drazouz.com\/es\/fees-insurance\/#primaryimage"},"thumbnailUrl":"https:\/\/www.drazouz.com\/wp-content\/uploads\/2023\/09\/header-img-insurance-2.jpg","datePublished":"2022-07-20T23:09:37+00:00","dateModified":"2025-03-28T11:44:11+00:00","description":"Costos de cirug\u00eda pl\u00e1stica, financiamiento y opciones de seguro en Dallas La cirug\u00eda pl\u00e1stica y las operaciones cosm\u00e9ticas pueden ser una gran inversi\u00f3n para usted. El Dr. David Azouz est\u00e1 comprometido con el m\u00e1s alto nivel de atenci\u00f3n al paciente y brinda la mejor","breadcrumb":{"@id":"https:\/\/www.drazouz.com\/es\/fees-insurance\/#breadcrumb"},"inLanguage":"es","potentialAction":[{"@type":"ReadAction","target":["https:\/\/www.drazouz.com\/es\/fees-insurance\/"]}]},{"@type":"ImageObject","inLanguage":"es","@id":"https:\/\/www.drazouz.com\/es\/fees-insurance\/#primaryimage","url":"https:\/\/www.drazouz.com\/wp-content\/uploads\/2023\/09\/header-img-insurance-2.jpg","contentUrl":"https:\/\/www.drazouz.com\/wp-content\/uploads\/2023\/09\/header-img-insurance-2.jpg","width":1918,"height":815,"caption":"Plastic Surgery Costs in Dallas, TX"},{"@type":"BreadcrumbList","@id":"https:\/\/www.drazouz.com\/es\/fees-insurance\/#breadcrumb","itemListElement":[{"@type":"ListItem","position":1,"name":"Home","item":"https:\/\/www.drazouz.com\/es\/"},{"@type":"ListItem","position":2,"name":"Acerca","item":"https:\/\/www.drazouz.com\/es\/acerca\/"},{"@type":"ListItem","position":3,"name":"Tarifas y seguro"}]},{"@type":"WebSite","@id":"https:\/\/www.drazouz.com\/es\/#website","url":"https:\/\/www.drazouz.com\/es\/","name":"Azouz Cirug\u00eda Pl\u00e1stica y Est\u00e9tica","description":"","potentialAction":[{"@type":"SearchAction","target":{"@type":"EntryPoint","urlTemplate":"https:\/\/www.drazouz.com\/es\/?s={search_term_string}"},"query-input":{"@type":"PropertyValueSpecification","valueRequired":true,"valueName":"search_term_string"}}],"inLanguage":"es"}]}},"_links":{"self":[{"href":"https:\/\/www.drazouz.com\/es\/wp-json\/wp\/v2\/pages\/3771","targetHints":{"allow":["GET"]}}],"collection":[{"href":"https:\/\/www.drazouz.com\/es\/wp-json\/wp\/v2\/pages"}],"about":[{"href":"https:\/\/www.drazouz.com\/es\/wp-json\/wp\/v2\/types\/page"}],"author":[{"embeddable":true,"href":"https:\/\/www.drazouz.com\/es\/wp-json\/wp\/v2\/users\/1"}],"replies":[{"embeddable":true,"href":"https:\/\/www.drazouz.com\/es\/wp-json\/wp\/v2\/comments?post=3771"}],"version-history":[{"count":10,"href":"https:\/\/www.drazouz.com\/es\/wp-json\/wp\/v2\/pages\/3771\/revisions"}],"predecessor-version":[{"id":21328,"href":"https:\/\/www.drazouz.com\/es\/wp-json\/wp\/v2\/pages\/3771\/revisions\/21328"}],"up":[{"embeddable":true,"href":"https:\/\/www.drazouz.com\/es\/wp-json\/wp\/v2\/pages\/11604"}],"wp:featuredmedia":[{"embeddable":true,"href":"https:\/\/www.drazouz.com\/es\/wp-json\/wp\/v2\/media\/6137"}],"wp:attachment":[{"href":"https:\/\/www.drazouz.com\/es\/wp-json\/wp\/v2\/media?parent=3771"}],"curies":[{"name":"wp","href":"https:\/\/api.w.org\/{rel}","templated":true}]}}