{"id":20045,"date":"2025-01-30T10:15:44","date_gmt":"2025-01-30T15:15:44","guid":{"rendered":"https:\/\/www.drazouz.com\/?page_id=20045"},"modified":"2025-01-30T16:06:06","modified_gmt":"2025-01-30T21:06:06","slug":"aumento-de-pantorrillas","status":"publish","type":"page","link":"https:\/\/www.drazouz.com\/es\/aumento-de-pantorrillas\/","title":{"rendered":"Aumento de pantorrillas"},"content":{"rendered":"","protected":false},"excerpt":{"rendered":"","protected":false},"author":1,"featured_media":0,"parent":3802,"menu_order":0,"comment_status":"closed","ping_status":"closed","template":"template-builder.php","meta":{"_acf_changed":false,"footnotes":""},"class_list":["post-20045","page","type-page","status-publish"],"acf":[],"yoast_head":"<!-- This site is optimized with the Yoast SEO plugin v27.4 - https:\/\/yoast.com\/product\/yoast-seo-wordpress\/ -->\n<title>Aumento de pantorrillas | Azouz Cirug\u00eda Pl\u00e1stica y Est\u00e9tica<\/title>\n<meta name=\"description\" content=\"Aumenta de forma natural el tama\u00f1o, la forma y la simetr\u00eda de las pantorrillas con el injerto de grasa. El Dr. Azouz, cirujano pl\u00e1stico certificado en Dallas, ofrece aumento de pantorrillas experto para necesidades est\u00e9ticas y reconstructivas.\" \/>\n<meta name=\"robots\" content=\"index, follow, max-snippet:-1, max-image-preview:large, max-video-preview:-1\" \/>\n<link rel=\"canonical\" href=\"https:\/\/www.drazouz.com\/es\/aumento-de-pantorrillas\/\" \/>\n<meta property=\"og:locale\" content=\"es_ES\" \/>\n<meta property=\"og:type\" content=\"article\" \/>\n<meta property=\"og:title\" content=\"Aumento de pantorrillas | Azouz Cirug\u00eda Pl\u00e1stica y Est\u00e9tica\" \/>\n<meta property=\"og:description\" content=\"Aumenta de forma natural el tama\u00f1o, la forma y la simetr\u00eda de las pantorrillas con el injerto de grasa. El Dr. Azouz, cirujano pl\u00e1stico certificado en Dallas, ofrece aumento de pantorrillas experto para necesidades est\u00e9ticas y reconstructivas.\" \/>\n<meta property=\"og:url\" content=\"https:\/\/www.drazouz.com\/es\/aumento-de-pantorrillas\/\" \/>\n<meta property=\"og:site_name\" content=\"Azouz Cirug\u00eda Pl\u00e1stica y Est\u00e9tica\" \/>\n<meta property=\"article:modified_time\" content=\"2025-01-30T21:06:06+00:00\" \/>\n<meta property=\"og:image\" content=\"https:\/\/www.drazouz.com\/wp-content\/uploads\/2023\/12\/header-male.jpg\" \/>\n<meta name=\"twitter:card\" content=\"summary_large_image\" \/>\n<meta name=\"twitter:image\" content=\"https:\/\/www.drazouz.com\/wp-content\/uploads\/2023\/12\/header-male.jpg\" \/>\n<!-- \/ Yoast SEO plugin. -->","yoast_head_json":{"title":"Aumento de pantorrillas | Azouz Cirug\u00eda Pl\u00e1stica y Est\u00e9tica","description":"Aumenta de forma natural el tama\u00f1o, la forma y la simetr\u00eda de las pantorrillas con el injerto de grasa. El Dr. Azouz, cirujano pl\u00e1stico certificado en Dallas, ofrece aumento de pantorrillas experto para necesidades est\u00e9ticas y reconstructivas.","robots":{"index":"index","follow":"follow","max-snippet":"max-snippet:-1","max-image-preview":"max-image-preview:large","max-video-preview":"max-video-preview:-1"},"canonical":"https:\/\/www.drazouz.com\/es\/aumento-de-pantorrillas\/","og_locale":"es_ES","og_type":"article","og_title":"Aumento de pantorrillas | Azouz Cirug\u00eda Pl\u00e1stica y Est\u00e9tica","og_description":"Aumenta de forma natural el tama\u00f1o, la forma y la simetr\u00eda de las pantorrillas con el injerto de grasa. El Dr. Azouz, cirujano pl\u00e1stico certificado en Dallas, ofrece aumento de pantorrillas experto para necesidades est\u00e9ticas y reconstructivas.","og_url":"https:\/\/www.drazouz.com\/es\/aumento-de-pantorrillas\/","og_site_name":"Azouz Cirug\u00eda Pl\u00e1stica y Est\u00e9tica","article_modified_time":"2025-01-30T21:06:06+00:00","og_image":[{"url":"https:\/\/www.drazouz.com\/wp-content\/uploads\/2023\/12\/header-male.jpg","type":"","width":"","height":""}],"twitter_card":"summary_large_image","twitter_image":"https:\/\/www.drazouz.com\/wp-content\/uploads\/2023\/12\/header-male.jpg","schema":{"@context":"https:\/\/schema.org","@graph":[{"@type":"WebPage","@id":"https:\/\/www.drazouz.com\/es\/aumento-de-pantorrillas\/","url":"https:\/\/www.drazouz.com\/es\/aumento-de-pantorrillas\/","name":"Aumento de pantorrillas | Azouz Cirug\u00eda Pl\u00e1stica y Est\u00e9tica","isPartOf":{"@id":"https:\/\/www.drazouz.com\/es\/#website"},"datePublished":"2025-01-30T15:15:44+00:00","dateModified":"2025-01-30T21:06:06+00:00","description":"Aumenta de forma natural el tama\u00f1o, la forma y la simetr\u00eda de las pantorrillas con el injerto de grasa. El Dr. Azouz, cirujano pl\u00e1stico certificado en Dallas, ofrece aumento de pantorrillas experto para necesidades est\u00e9ticas y reconstructivas.","breadcrumb":{"@id":"https:\/\/www.drazouz.com\/es\/aumento-de-pantorrillas\/#breadcrumb"},"inLanguage":"es","potentialAction":[{"@type":"ReadAction","target":["https:\/\/www.drazouz.com\/es\/aumento-de-pantorrillas\/"]}]},{"@type":"BreadcrumbList","@id":"https:\/\/www.drazouz.com\/es\/aumento-de-pantorrillas\/#breadcrumb","itemListElement":[{"@type":"ListItem","position":1,"name":"Home","item":"https:\/\/www.drazouz.com\/es\/"},{"@type":"ListItem","position":2,"name":"Procedimientos","item":"https:\/\/www.drazouz.com\/es\/procedimientos\/"},{"@type":"ListItem","position":3,"name":"Hombres","item":"https:\/\/www.drazouz.com\/es\/for-men\/"},{"@type":"ListItem","position":4,"name":"Aumento de pantorrillas"}]},{"@type":"WebSite","@id":"https:\/\/www.drazouz.com\/es\/#website","url":"https:\/\/www.drazouz.com\/es\/","name":"Azouz Cirug\u00eda Pl\u00e1stica y Est\u00e9tica","description":"","potentialAction":[{"@type":"SearchAction","target":{"@type":"EntryPoint","urlTemplate":"https:\/\/www.drazouz.com\/es\/?s={search_term_string}"},"query-input":{"@type":"PropertyValueSpecification","valueRequired":true,"valueName":"search_term_string"}}],"inLanguage":"es"}]}},"_links":{"self":[{"href":"https:\/\/www.drazouz.com\/es\/wp-json\/wp\/v2\/pages\/20045","targetHints":{"allow":["GET"]}}],"collection":[{"href":"https:\/\/www.drazouz.com\/es\/wp-json\/wp\/v2\/pages"}],"about":[{"href":"https:\/\/www.drazouz.com\/es\/wp-json\/wp\/v2\/types\/page"}],"author":[{"embeddable":true,"href":"https:\/\/www.drazouz.com\/es\/wp-json\/wp\/v2\/users\/1"}],"replies":[{"embeddable":true,"href":"https:\/\/www.drazouz.com\/es\/wp-json\/wp\/v2\/comments?post=20045"}],"version-history":[{"count":5,"href":"https:\/\/www.drazouz.com\/es\/wp-json\/wp\/v2\/pages\/20045\/revisions"}],"predecessor-version":[{"id":20052,"href":"https:\/\/www.drazouz.com\/es\/wp-json\/wp\/v2\/pages\/20045\/revisions\/20052"}],"up":[{"embeddable":true,"href":"https:\/\/www.drazouz.com\/es\/wp-json\/wp\/v2\/pages\/3802"}],"wp:attachment":[{"href":"https:\/\/www.drazouz.com\/es\/wp-json\/wp\/v2\/media?parent=20045"}],"curies":[{"name":"wp","href":"https:\/\/api.w.org\/{rel}","templated":true}]}}