{"id":19401,"date":"2025-01-13T05:26:58","date_gmt":"2025-01-13T10:26:58","guid":{"rendered":"https:\/\/www.drazouz.com\/lipedema-quiz-2\/"},"modified":"2025-06-25T08:07:17","modified_gmt":"2025-06-25T13:07:17","slug":"lipedema-quiz-2-4","status":"publish","type":"page","link":"https:\/\/www.drazouz.com\/es\/gynecomastia-quiz\/","title":{"rendered":"Cuestionario de Ginecomastia"},"content":{"rendered":"","protected":false},"excerpt":{"rendered":"","protected":false},"author":1,"featured_media":0,"parent":0,"menu_order":0,"comment_status":"closed","ping_status":"closed","template":"template-builder.php","meta":{"_acf_changed":false,"footnotes":""},"class_list":["post-19401","page","type-page","status-publish"],"acf":[],"yoast_head":"<!-- This site is optimized with the Yoast SEO plugin v27.4 - https:\/\/yoast.com\/product\/yoast-seo-wordpress\/ -->\n<title>Cuestionario de Ginecomastia | Azouz Cirug\u00eda Pl\u00e1stica y Est\u00e9tica<\/title>\n<meta name=\"description\" content=\"Descubre la prueba de pellizco para ginecomastia con el Dr. Azouz para identificar ginecomastia verdadera o pseudoginecomastia. Aprende sobre los s\u00edntomas y cu\u00e1ndo buscar atenci\u00f3n m\u00e9dica.\" \/>\n<meta name=\"robots\" content=\"index, follow, max-snippet:-1, max-image-preview:large, max-video-preview:-1\" \/>\n<link rel=\"canonical\" href=\"https:\/\/www.drazouz.com\/es\/gynecomastia-quiz\/\" \/>\n<meta property=\"og:locale\" content=\"es_ES\" \/>\n<meta property=\"og:type\" content=\"article\" \/>\n<meta property=\"og:title\" content=\"Cuestionario de Ginecomastia | Azouz Cirug\u00eda Pl\u00e1stica y Est\u00e9tica\" \/>\n<meta property=\"og:description\" content=\"Descubre la prueba de pellizco para ginecomastia con el Dr. Azouz para identificar ginecomastia verdadera o pseudoginecomastia. Aprende sobre los s\u00edntomas y cu\u00e1ndo buscar atenci\u00f3n m\u00e9dica.\" \/>\n<meta property=\"og:url\" content=\"https:\/\/www.drazouz.com\/es\/gynecomastia-quiz\/\" \/>\n<meta property=\"og:site_name\" content=\"Azouz Cirug\u00eda Pl\u00e1stica y Est\u00e9tica\" \/>\n<meta property=\"article:modified_time\" content=\"2025-06-25T13:07:17+00:00\" \/>\n<meta property=\"og:image\" content=\"https:\/\/www.drazouz.com\/wp-content\/uploads\/2024\/03\/jumbotron.webp\" \/>\n<meta name=\"twitter:card\" content=\"summary_large_image\" \/>\n<meta name=\"twitter:image\" content=\"https:\/\/www.drazouz.com\/wp-content\/uploads\/2024\/03\/jumbotron.webp\" \/>\n<!-- \/ Yoast SEO plugin. -->","yoast_head_json":{"title":"Cuestionario de Ginecomastia | Azouz Cirug\u00eda Pl\u00e1stica y Est\u00e9tica","description":"Descubre la prueba de pellizco para ginecomastia con el Dr. Azouz para identificar ginecomastia verdadera o pseudoginecomastia. Aprende sobre los s\u00edntomas y cu\u00e1ndo buscar atenci\u00f3n m\u00e9dica.","robots":{"index":"index","follow":"follow","max-snippet":"max-snippet:-1","max-image-preview":"max-image-preview:large","max-video-preview":"max-video-preview:-1"},"canonical":"https:\/\/www.drazouz.com\/es\/gynecomastia-quiz\/","og_locale":"es_ES","og_type":"article","og_title":"Cuestionario de Ginecomastia | Azouz Cirug\u00eda Pl\u00e1stica y Est\u00e9tica","og_description":"Descubre la prueba de pellizco para ginecomastia con el Dr. Azouz para identificar ginecomastia verdadera o pseudoginecomastia. Aprende sobre los s\u00edntomas y cu\u00e1ndo buscar atenci\u00f3n m\u00e9dica.","og_url":"https:\/\/www.drazouz.com\/es\/gynecomastia-quiz\/","og_site_name":"Azouz Cirug\u00eda Pl\u00e1stica y Est\u00e9tica","article_modified_time":"2025-06-25T13:07:17+00:00","og_image":[{"url":"https:\/\/www.drazouz.com\/wp-content\/uploads\/2024\/03\/jumbotron.webp","type":"","width":"","height":""}],"twitter_card":"summary_large_image","twitter_image":"https:\/\/www.drazouz.com\/wp-content\/uploads\/2024\/03\/jumbotron.webp","schema":{"@context":"https:\/\/schema.org","@graph":[{"@type":"WebPage","@id":"https:\/\/www.drazouz.com\/es\/gynecomastia-quiz\/","url":"https:\/\/www.drazouz.com\/es\/gynecomastia-quiz\/","name":"Cuestionario de Ginecomastia | Azouz Cirug\u00eda Pl\u00e1stica y Est\u00e9tica","isPartOf":{"@id":"https:\/\/www.drazouz.com\/es\/#website"},"datePublished":"2025-01-13T10:26:58+00:00","dateModified":"2025-06-25T13:07:17+00:00","description":"Descubre la prueba de pellizco para ginecomastia con el Dr. Azouz para identificar ginecomastia verdadera o pseudoginecomastia. Aprende sobre los s\u00edntomas y cu\u00e1ndo buscar atenci\u00f3n m\u00e9dica.","breadcrumb":{"@id":"https:\/\/www.drazouz.com\/es\/gynecomastia-quiz\/#breadcrumb"},"inLanguage":"es","potentialAction":[{"@type":"ReadAction","target":["https:\/\/www.drazouz.com\/es\/gynecomastia-quiz\/"]}]},{"@type":"BreadcrumbList","@id":"https:\/\/www.drazouz.com\/es\/gynecomastia-quiz\/#breadcrumb","itemListElement":[{"@type":"ListItem","position":1,"name":"Home","item":"https:\/\/www.drazouz.com\/es\/"},{"@type":"ListItem","position":2,"name":"Cuestionario de Ginecomastia"}]},{"@type":"WebSite","@id":"https:\/\/www.drazouz.com\/es\/#website","url":"https:\/\/www.drazouz.com\/es\/","name":"Azouz Cirug\u00eda Pl\u00e1stica y Est\u00e9tica","description":"","potentialAction":[{"@type":"SearchAction","target":{"@type":"EntryPoint","urlTemplate":"https:\/\/www.drazouz.com\/es\/?s={search_term_string}"},"query-input":{"@type":"PropertyValueSpecification","valueRequired":true,"valueName":"search_term_string"}}],"inLanguage":"es"}]}},"_links":{"self":[{"href":"https:\/\/www.drazouz.com\/es\/wp-json\/wp\/v2\/pages\/19401","targetHints":{"allow":["GET"]}}],"collection":[{"href":"https:\/\/www.drazouz.com\/es\/wp-json\/wp\/v2\/pages"}],"about":[{"href":"https:\/\/www.drazouz.com\/es\/wp-json\/wp\/v2\/types\/page"}],"author":[{"embeddable":true,"href":"https:\/\/www.drazouz.com\/es\/wp-json\/wp\/v2\/users\/1"}],"replies":[{"embeddable":true,"href":"https:\/\/www.drazouz.com\/es\/wp-json\/wp\/v2\/comments?post=19401"}],"version-history":[{"count":1,"href":"https:\/\/www.drazouz.com\/es\/wp-json\/wp\/v2\/pages\/19401\/revisions"}],"predecessor-version":[{"id":19403,"href":"https:\/\/www.drazouz.com\/es\/wp-json\/wp\/v2\/pages\/19401\/revisions\/19403"}],"wp:attachment":[{"href":"https:\/\/www.drazouz.com\/es\/wp-json\/wp\/v2\/media?parent=19401"}],"curies":[{"name":"wp","href":"https:\/\/api.w.org\/{rel}","templated":true}]}}