{"id":17651,"date":"2024-08-20T06:32:06","date_gmt":"2024-08-20T11:32:06","guid":{"rendered":"https:\/\/www.drazouz.com\/?page_id=17651"},"modified":"2024-12-05T07:53:31","modified_gmt":"2024-12-05T12:53:31","slug":"spa-medico","status":"publish","type":"page","link":"https:\/\/www.drazouz.com\/es\/spa-medico\/","title":{"rendered":"Spa M\u00e9dico"},"content":{"rendered":"<p><img decoding=\"async\" src=\"https:\/\/www.drazouz.com\/wp-content\/uploads\/2024\/08\/bigstock-Handsome-Man-And-Plastic-Surge-125327816.jpg\" class=\"alignright wp-image-15599\" width=\"350\" alt=\"botox para hombres\" srcset=\"https:\/\/www.drazouz.com\/wp-content\/uploads\/2024\/08\/bigstock-Handsome-Man-And-Plastic-Surge-125327816.jpg 1500w, https:\/\/www.drazouz.com\/wp-content\/uploads\/2024\/08\/bigstock-Handsome-Man-And-Plastic-Surge-125327816-300x200.jpg 300w, https:\/\/www.drazouz.com\/wp-content\/uploads\/2024\/08\/bigstock-Handsome-Man-And-Plastic-Surge-125327816-1024x683.jpg 1024w, https:\/\/www.drazouz.com\/wp-content\/uploads\/2024\/08\/bigstock-Handsome-Man-And-Plastic-Surge-125327816-768x513.jpg 768w\" sizes=\"(max-width: 1500px) 100vw, 1500px\" \/><br \/>\nEl \u00e1rea metropolitana de DFW es un centro de operaciones est\u00e9ticas de vanguardia; enfermeras inyectadoras, t\u00e9cnicos en l\u00e1ser y esteticistas operan med spas que ofrecen una gama de procedimientos no quir\u00fargicos y m\u00ednimamente invasivos. El director m\u00e9dico es un l\u00edder crucial que trabaja tras bastidores en estos med spas exitosos. Como <a href=\"https:\/\/www.drazouz.com\/es\/blog\/importance-of-choosing-a-board-certified-plastic-surgeon-doctor-solomon-azouz\/\">cirujano pl\u00e1stico certificado<\/a>, el director m\u00e9dico es muy importante para el \u00e9xito general de la cl\u00ednica, la seguridad de los pacientes y la eficacia del tratamiento.<\/p>\n<h2>\u00bfQu\u00e9 hace un director m\u00e9dico?<\/h2>\n<p><img decoding=\"async\" src=\"https:\/\/www.drazouz.com\/wp-content\/uploads\/2024\/08\/Dr.-Solomon-Azouz-_-FACS-FRCSC.jpg\" class=\"alignright wp-image-15593\" width=\"300\" alt=\"Solomon Azouz, MD | Director M\u00e9dico Med Spa\" srcset=\"https:\/\/www.drazouz.com\/wp-content\/uploads\/2024\/08\/Dr.-Solomon-Azouz-_-FACS-FRCSC.jpg 1000w, https:\/\/www.drazouz.com\/wp-content\/uploads\/2024\/08\/Dr.-Solomon-Azouz-_-FACS-FRCSC-138x300.jpg 138w, https:\/\/www.drazouz.com\/wp-content\/uploads\/2024\/08\/Dr.-Solomon-Azouz-_-FACS-FRCSC-472x1024.jpg 472w, https:\/\/www.drazouz.com\/wp-content\/uploads\/2024\/08\/Dr.-Solomon-Azouz-_-FACS-FRCSC-768x1665.jpg 768w, https:\/\/www.drazouz.com\/wp-content\/uploads\/2024\/08\/Dr.-Solomon-Azouz-_-FACS-FRCSC-708x1536.jpg 708w, https:\/\/www.drazouz.com\/wp-content\/uploads\/2024\/08\/Dr.-Solomon-Azouz-_-FACS-FRCSC-945x2048.jpg 945w\" sizes=\"(max-width: 1000px) 100vw, 1000px\" \/><br \/>\nUn director m\u00e9dico proporciona control y orientaci\u00f3n exhaustivos a un med spa. Sus responsabilidades incluyen:<\/p>\n<ul>\n<li><strong>Desarrollar y hacer cumplir los protocolos de tratamiento:<\/strong> El director m\u00e9dico crea protocolos para todos los procedimientos ofrecidos en el med spa, asegurando que cumplan con los m\u00e1s altos est\u00e1ndares de seguridad y eficacia.<\/li>\n<li><strong>Proveer supervisi\u00f3n m\u00e9dica:<\/strong> Las enfermeras inyectadoras, t\u00e9cnicos en l\u00e1ser y esteticistas trabajan dentro de los l\u00edmites de sus licencias, pero el director m\u00e9dico proporciona supervisi\u00f3n m\u00e9dica esencial y orientaci\u00f3n.<\/li>\n<li><strong>Revisar los registros de los pacientes y aprobar tratamientos:<\/strong> El director m\u00e9dico eval\u00faa la informaci\u00f3n del paciente para determinar su idoneidad para ciertos procedimientos y aprueba los planes de tratamiento.<\/li>\n<li><strong>Cumplimiento normativo:<\/strong> El director m\u00e9dico asegura que el med spa cumpla con todas las normas aplicables del estado de Texas y las mejores pr\u00e1cticas de la industria.<\/li>\n<li><strong>Mantener los m\u00e1s altos est\u00e1ndares de calidad:<\/strong> El director m\u00e9dico es responsable de garantizar que todas las partes del med spa, desde la capacitaci\u00f3n del personal hasta las pr\u00e1cticas de control de infecciones, se mantengan de la m\u00e1s alta calidad.<\/li>\n<\/ul>\n<h2>La importancia de un director m\u00e9dico certificado:<\/h2>\n<p>Hay varias ventajas para los med spas y sus clientes al contar con un director m\u00e9dico certificado en el \u00e1rea de Dallas-Fort Worth, como el cirujano pl\u00e1stico <a href=\"https:\/\/www.drazouz.com\/es\/meet-dr-solomon-azouz\/\">Dr. Solomon Azouz<\/a>:<\/p>\n<ul>\n<li>Mayor seguridad del paciente: La extensa formaci\u00f3n m\u00e9dica y la experiencia del Dr. Azouz aseguran que todos los tratamientos se realicen de manera segura y exitosa.<\/li>\n<li>Mayor confianza: Pacientes y personal tienen m\u00e1s confianza al saber que un m\u00e9dico certificado supervisa las actividades del med spa.<\/li>\n<li>Cumplimiento con los est\u00e1ndares: Los consejos del Dr. Azouz ayudan a los med spas a mantener el cumplimiento de todas las normas de tratamiento est\u00e9tico del estado de Texas.<\/li>\n<li>Mejores resultados en los tratamientos: La supervisi\u00f3n del Dr. Azouz asegura que los m\u00e9todos de tratamiento se basen en evidencia y est\u00e9n optimizados para una eficacia m\u00e1xima.<\/li>\n<li>Capacitaci\u00f3n: El Dr. Azouz ofrece capacitaci\u00f3n intensiva en inyectables, neuromoduladores, <a href=\"https:\/\/www.drazouz.com\/es\/chemical-peels\/\">peelings<\/a> y <a href=\"https:\/\/www.drazouz.com\/es\/skin-resurfacing\/\">tratamientos l\u00e1ser<\/a>.<\/li>\n<\/ul>\n<p><img decoding=\"async\" src=\"https:\/\/www.drazouz.com\/wp-content\/uploads\/2024\/08\/bigstock-Woman-getting-laser-face-treat-60128300.jpg\" class=\"aligncenter wp-image-15595\" width=\"350\" alt=\"tratamiento facial l\u00e1ser\" srcset=\"https:\/\/www.drazouz.com\/wp-content\/uploads\/2024\/08\/bigstock-Woman-getting-laser-face-treat-60128300.jpg 1500w, https:\/\/www.drazouz.com\/wp-content\/uploads\/2024\/08\/bigstock-Woman-getting-laser-face-treat-60128300-300x210.jpg 300w, https:\/\/www.drazouz.com\/wp-content\/uploads\/2024\/08\/bigstock-Woman-getting-laser-face-treat-60128300-1024x716.jpg 1024w, https:\/\/www.drazouz.com\/wp-content\/uploads\/2024\/08\/bigstock-Woman-getting-laser-face-treat-60128300-768x537.jpg 768w\" sizes=\"(max-width: 1500px) 100vw, 1500px\" \/><\/p>\n<h2>Encontrar al mejor director m\u00e9dico para tu med spa:<\/h2>\n<p>Elegir al director m\u00e9dico adecuado es crucial para el \u00e9xito de un med spa. Busca a un m\u00e9dico certificado que se especialice en est\u00e9tica y est\u00e9 comprometido con la seguridad del paciente. El Dr. Solomon Azouz est\u00e1 certificado por la Junta Americana de Cirug\u00eda Pl\u00e1stica. El Dr. Azouz es miembro de la Sociedad Americana de Cirujanos Pl\u00e1sticos, asiste a numerosas conferencias, talleres y participa en aprendizaje continuo para implementar las tecnolog\u00edas m\u00e1s novedosas y avanzadas para sus pacientes.<\/p>\n<h2>El Dr. Solomon Azouz es tu socio confiable como director m\u00e9dico<\/h2>\n<p>El Dr. Azouz es un cirujano pl\u00e1stico certificado apasionado por la est\u00e9tica y dedicado al cuidado del paciente. <a href=\"https:\/\/www.drazouz.com\/es\/dallas-plastic-surgeon-dr-solomon-azouz-cv\/\">Su conocimiento y experiencia<\/a> aseguran que tu med spa funcione al m\u00e1s alto nivel, ofreciendo a tus pacientes tratamientos est\u00e9ticos seguros, efectivos y que aumentan su confianza.<\/p>\n<p>Cont\u00e1ctanos hoy para conocer m\u00e1s sobre el Dr. Azouz y c\u00f3mo puede ayudar a potenciar tu med spa en el \u00e1rea de Dallas-Fort Worth.<\/p>\n","protected":false},"excerpt":{"rendered":"<p>El \u00e1rea metropolitana de DFW es un centro de operaciones est\u00e9ticas de vanguardia; enfermeras inyectadoras, t\u00e9cnicos en<br \/><a href=\"https:\/\/www.drazouz.com\/es\/spa-medico\/\" class=\"btn btn-blue mt-3\">Sigue leyendo<\/a><\/p>\n","protected":false},"author":1,"featured_media":15598,"parent":0,"menu_order":0,"comment_status":"closed","ping_status":"closed","template":"","meta":{"_acf_changed":false,"footnotes":""},"class_list":["post-17651","page","type-page","status-publish","has-post-thumbnail"],"acf":[],"yoast_head":"<!-- This site is optimized with the Yoast SEO plugin v27.4 - https:\/\/yoast.com\/product\/yoast-seo-wordpress\/ -->\n<title>Spa M\u00e9dico | Azouz Cirug\u00eda Pl\u00e1stica y Est\u00e9tica<\/title>\n<meta name=\"robots\" content=\"index, follow, max-snippet:-1, max-image-preview:large, max-video-preview:-1\" \/>\n<link rel=\"canonical\" href=\"https:\/\/www.drazouz.com\/es\/spa-medico\/\" \/>\n<meta property=\"og:locale\" content=\"es_ES\" \/>\n<meta property=\"og:type\" content=\"article\" \/>\n<meta property=\"og:title\" content=\"Spa M\u00e9dico | Azouz Cirug\u00eda Pl\u00e1stica y Est\u00e9tica\" \/>\n<meta property=\"og:description\" content=\"El \u00e1rea metropolitana de DFW es un centro de operaciones est\u00e9ticas de vanguardia; enfermeras inyectadoras, t\u00e9cnicos enSigue leyendo\" \/>\n<meta property=\"og:url\" content=\"https:\/\/www.drazouz.com\/es\/spa-medico\/\" \/>\n<meta property=\"og:site_name\" content=\"Azouz Cirug\u00eda Pl\u00e1stica y Est\u00e9tica\" \/>\n<meta property=\"article:modified_time\" content=\"2024-12-05T12:53:31+00:00\" \/>\n<meta property=\"og:image\" content=\"https:\/\/www.drazouz.com\/wp-content\/uploads\/2024\/08\/bigstock-Portrait-of-young-Caucasian-wo-213718774.jpg\" \/>\n<meta name=\"twitter:card\" content=\"summary_large_image\" \/>\n<meta name=\"twitter:image\" content=\"https:\/\/www.drazouz.com\/wp-content\/uploads\/2024\/08\/bigstock-Portrait-of-young-Caucasian-wo-213718774.jpg\" \/>\n<meta name=\"twitter:label1\" content=\"Tiempo de lectura\" \/>\n\t<meta name=\"twitter:data1\" content=\"4 minutos\" \/>\n<!-- \/ Yoast SEO plugin. -->","yoast_head_json":{"title":"Spa M\u00e9dico | Azouz Cirug\u00eda Pl\u00e1stica y Est\u00e9tica","robots":{"index":"index","follow":"follow","max-snippet":"max-snippet:-1","max-image-preview":"max-image-preview:large","max-video-preview":"max-video-preview:-1"},"canonical":"https:\/\/www.drazouz.com\/es\/spa-medico\/","og_locale":"es_ES","og_type":"article","og_title":"Spa M\u00e9dico | Azouz Cirug\u00eda Pl\u00e1stica y Est\u00e9tica","og_description":"El \u00e1rea metropolitana de DFW es un centro de operaciones est\u00e9ticas de vanguardia; enfermeras inyectadoras, t\u00e9cnicos enSigue leyendo","og_url":"https:\/\/www.drazouz.com\/es\/spa-medico\/","og_site_name":"Azouz Cirug\u00eda Pl\u00e1stica y Est\u00e9tica","article_modified_time":"2024-12-05T12:53:31+00:00","og_image":[{"url":"https:\/\/www.drazouz.com\/wp-content\/uploads\/2024\/08\/bigstock-Portrait-of-young-Caucasian-wo-213718774.jpg","type":"","width":"","height":""}],"twitter_card":"summary_large_image","twitter_image":"https:\/\/www.drazouz.com\/wp-content\/uploads\/2024\/08\/bigstock-Portrait-of-young-Caucasian-wo-213718774.jpg","twitter_misc":{"Tiempo de lectura":"4 minutos"},"schema":{"@context":"https:\/\/schema.org","@graph":[{"@type":"WebPage","@id":"https:\/\/www.drazouz.com\/es\/spa-medico\/","url":"https:\/\/www.drazouz.com\/es\/spa-medico\/","name":"Spa M\u00e9dico | Azouz Cirug\u00eda Pl\u00e1stica y Est\u00e9tica","isPartOf":{"@id":"https:\/\/www.drazouz.com\/es\/#website"},"primaryImageOfPage":{"@id":"https:\/\/www.drazouz.com\/es\/spa-medico\/#primaryimage"},"image":{"@id":"https:\/\/www.drazouz.com\/es\/spa-medico\/#primaryimage"},"thumbnailUrl":"https:\/\/www.drazouz.com\/wp-content\/uploads\/2024\/08\/bigstock-Portrait-of-young-Caucasian-wo-213718774.jpg","datePublished":"2024-08-20T11:32:06+00:00","dateModified":"2024-12-05T12:53:31+00:00","breadcrumb":{"@id":"https:\/\/www.drazouz.com\/es\/spa-medico\/#breadcrumb"},"inLanguage":"es","potentialAction":[{"@type":"ReadAction","target":["https:\/\/www.drazouz.com\/es\/spa-medico\/"]}]},{"@type":"ImageObject","inLanguage":"es","@id":"https:\/\/www.drazouz.com\/es\/spa-medico\/#primaryimage","url":"https:\/\/www.drazouz.com\/wp-content\/uploads\/2024\/08\/bigstock-Portrait-of-young-Caucasian-wo-213718774.jpg","contentUrl":"https:\/\/www.drazouz.com\/wp-content\/uploads\/2024\/08\/bigstock-Portrait-of-young-Caucasian-wo-213718774.jpg","width":1500,"height":1500,"caption":"cosmetic facial treatment"},{"@type":"BreadcrumbList","@id":"https:\/\/www.drazouz.com\/es\/spa-medico\/#breadcrumb","itemListElement":[{"@type":"ListItem","position":1,"name":"Home","item":"https:\/\/www.drazouz.com\/es\/"},{"@type":"ListItem","position":2,"name":"Spa M\u00e9dico"}]},{"@type":"WebSite","@id":"https:\/\/www.drazouz.com\/es\/#website","url":"https:\/\/www.drazouz.com\/es\/","name":"Azouz Cirug\u00eda Pl\u00e1stica y Est\u00e9tica","description":"","potentialAction":[{"@type":"SearchAction","target":{"@type":"EntryPoint","urlTemplate":"https:\/\/www.drazouz.com\/es\/?s={search_term_string}"},"query-input":{"@type":"PropertyValueSpecification","valueRequired":true,"valueName":"search_term_string"}}],"inLanguage":"es"}]}},"_links":{"self":[{"href":"https:\/\/www.drazouz.com\/es\/wp-json\/wp\/v2\/pages\/17651","targetHints":{"allow":["GET"]}}],"collection":[{"href":"https:\/\/www.drazouz.com\/es\/wp-json\/wp\/v2\/pages"}],"about":[{"href":"https:\/\/www.drazouz.com\/es\/wp-json\/wp\/v2\/types\/page"}],"author":[{"embeddable":true,"href":"https:\/\/www.drazouz.com\/es\/wp-json\/wp\/v2\/users\/1"}],"replies":[{"embeddable":true,"href":"https:\/\/www.drazouz.com\/es\/wp-json\/wp\/v2\/comments?post=17651"}],"version-history":[{"count":2,"href":"https:\/\/www.drazouz.com\/es\/wp-json\/wp\/v2\/pages\/17651\/revisions"}],"predecessor-version":[{"id":17654,"href":"https:\/\/www.drazouz.com\/es\/wp-json\/wp\/v2\/pages\/17651\/revisions\/17654"}],"wp:featuredmedia":[{"embeddable":true,"href":"https:\/\/www.drazouz.com\/es\/wp-json\/wp\/v2\/media\/15598"}],"wp:attachment":[{"href":"https:\/\/www.drazouz.com\/es\/wp-json\/wp\/v2\/media?parent=17651"}],"curies":[{"name":"wp","href":"https:\/\/api.w.org\/{rel}","templated":true}]}}