{"id":17606,"date":"2024-07-25T09:42:47","date_gmt":"2024-07-25T14:42:47","guid":{"rendered":"https:\/\/www.drazouz.com\/?page_id=17606"},"modified":"2024-12-05T07:22:28","modified_gmt":"2024-12-05T12:22:28","slug":"umbilicoplastia","status":"publish","type":"page","link":"https:\/\/www.drazouz.com\/es\/umbilicoplastia\/","title":{"rendered":"Umbilicoplastia"},"content":{"rendered":"<p>La cirug\u00eda de ombligo, o umbilicoplastia, es un tratamiento est\u00e9tico utilizado para cambiar la posici\u00f3n, el tama\u00f1o o la forma del ombligo. Puede mejorar la apariencia visual al abordar cicatrices o asimetr\u00edas, as\u00ed como ombligos salientes o invertidos. La umbilicoplastia tambi\u00e9n puede utilizarse para mejorar la deformidad asociada con una <a href=\"https:\/\/www.drazouz.com\/es\/abdominal-wall-reconstruction\/\">hernia umbilical<\/a> o un piercing en el ombligo.<\/p>\n<h2>Cirug\u00eda de ombligo saliente (Outie)<\/h2>\n<p>Un ombligo \u00abhondo\u00bb (innie) y un ombligo \u00absaliente\u00bb (outie) difieren principalmente en apariencia y en la manera en que el ombligo sobresale o se retrae. Ambas formas son variaciones naturales del ombligo que, en su mayor\u00eda, est\u00e1n determinadas por la forma en que el cord\u00f3n umbilical cicatriza despu\u00e9s del nacimiento.<\/p>\n<p>Un ombligo hondo (innie) es deprimido, dejando una peque\u00f1a hendidura o indentaci\u00f3n en el abdomen. Este tipo es m\u00e1s com\u00fan entre las personas. Normalmente, queda una peque\u00f1a cavidad cuando el mu\u00f1\u00f3n residual del cord\u00f3n umbilical se cae y cicatriza hacia adentro. En contraste, un ombligo saliente (outie) sobresale del abdomen. Este tipo es menos com\u00fan que un ombligo hondo. Frecuentemente se desarrolla cuando hay tejido cicatricial excesivo despu\u00e9s de la ca\u00edda del cord\u00f3n umbilical o cuando se forma una peque\u00f1a hernia umbilical.<\/p>\n<h2>Beneficios de la cirug\u00eda de ombligo<\/h2>\n<p><img decoding=\"async\" src=\"https:\/\/www.drazouz.com\/wp-content\/uploads\/2024\/07\/bigstock-Umbilical-Hernia-Intestinal-H-305675395-scaled.jpg\" class=\"alignright wp-image-15254\" width=\"350\" alt=\"cirug\u00eda de hernia umbilical\" srcset=\"https:\/\/www.drazouz.com\/wp-content\/uploads\/2024\/07\/bigstock-Umbilical-Hernia-Intestinal-H-305675395-scaled.jpg 2560w, https:\/\/www.drazouz.com\/wp-content\/uploads\/2024\/07\/bigstock-Umbilical-Hernia-Intestinal-H-305675395-300x300.jpg 300w, https:\/\/www.drazouz.com\/wp-content\/uploads\/2024\/07\/bigstock-Umbilical-Hernia-Intestinal-H-305675395-1024x1024.jpg 1024w, https:\/\/www.drazouz.com\/wp-content\/uploads\/2024\/07\/bigstock-Umbilical-Hernia-Intestinal-H-305675395-768x768.jpg 768w, https:\/\/www.drazouz.com\/wp-content\/uploads\/2024\/07\/bigstock-Umbilical-Hernia-Intestinal-H-305675395-1536x1536.jpg 1536w, https:\/\/www.drazouz.com\/wp-content\/uploads\/2024\/07\/bigstock-Umbilical-Hernia-Intestinal-H-305675395-2048x2048.jpg 2048w, https:\/\/www.drazouz.com\/wp-content\/uploads\/2024\/07\/bigstock-Umbilical-Hernia-Intestinal-H-305675395-192x192.jpg 192w, https:\/\/www.drazouz.com\/wp-content\/uploads\/2024\/07\/bigstock-Umbilical-Hernia-Intestinal-H-305675395-32x32.jpg 32w\" sizes=\"(max-width: 2560px) 100vw, 2560px\" \/><br \/>\nLos beneficios de someterse a una umbilicoplastia incluyen: <\/p>\n<ul>\n<li>Mejora de la imagen corporal y la autoestima<\/li>\n<li>Mejora de problemas funcionales causados por un ombligo agrandado o saliente<\/li>\n<li>Correcci\u00f3n de una hernia umbilical<\/li>\n<\/ul>\n<h2>Candidatos para la cirug\u00eda<\/h2>\n<p>La umbilicoplastia es ideal para pacientes que se sienten inc\u00f3modos con la apariencia de su ombligo debido a:<\/p>\n<ul>\n<li>Gen\u00e9tica<\/li>\n<li>Embarazo<\/li>\n<li>Cambios de peso<\/li>\n<li>Personas con cicatrices de procedimientos o piercings previos<\/li>\n<li>Personas que se someten a una cirug\u00eda para reparar una hernia umbilical<\/li>\n<\/ul>\n<h2>\u00bfC\u00f3mo se realiza una umbilicoplastia?<\/h2>\n<p><img decoding=\"async\" src=\"https:\/\/www.drazouz.com\/wp-content\/uploads\/2024\/07\/bigstock-A-Plastic-Surgeon-Doctor-Exami-320015512.jpg\" class=\"alignright wp-image-15256\" width=\"350\" alt=\"cirug\u00eda de umbilicoplastia\" srcset=\"https:\/\/www.drazouz.com\/wp-content\/uploads\/2024\/07\/bigstock-A-Plastic-Surgeon-Doctor-Exami-320015512.jpg 1600w, https:\/\/www.drazouz.com\/wp-content\/uploads\/2024\/07\/bigstock-A-Plastic-Surgeon-Doctor-Exami-320015512-300x251.jpg 300w, https:\/\/www.drazouz.com\/wp-content\/uploads\/2024\/07\/bigstock-A-Plastic-Surgeon-Doctor-Exami-320015512-1024x855.jpg 1024w, https:\/\/www.drazouz.com\/wp-content\/uploads\/2024\/07\/bigstock-A-Plastic-Surgeon-Doctor-Exami-320015512-768x641.jpg 768w, https:\/\/www.drazouz.com\/wp-content\/uploads\/2024\/07\/bigstock-A-Plastic-Surgeon-Doctor-Exami-320015512-1536x1283.jpg 1536w\" sizes=\"(max-width: 1600px) 100vw, 1600px\" \/><br \/>\nEl cirujano pl\u00e1stico certificado Dr. Azouz utiliza m\u00e9todos quir\u00fargicos avanzados para reestructurar el ombligo, teniendo en cuenta los objetivos de cada paciente. Para crear un resultado equilibrado y de aspecto natural, la cirug\u00eda puede incluir la eliminaci\u00f3n de piel en exceso, el desplazamiento del ombligo o la modificaci\u00f3n del tejido circundante. El Dr. Azouz personaliza cada cirug\u00eda de acuerdo con la anatom\u00eda y los objetivos espec\u00edficos de cada paciente.<\/p>\n<h2>Anestesia utilizada durante la cirug\u00eda<\/h2>\n<p>El Dr. Azouz busca evitar los efectos secundarios postoperatorios de la anestesia general. La umbilicoplastia se realiza generalmente bajo <a href=\"https:\/\/www.drazouz.com\/es\/blog\/tap-blocks-in-plastic-surgery\/\">anestesia local con sedaci\u00f3n.<\/a> Esto ayuda a controlar el dolor y mantiene al paciente c\u00f3modo durante la cirug\u00eda. <\/p>\n<h2>\u00bfCu\u00e1les son los riesgos de la cirug\u00eda de ombligo?<\/h2>\n<p>Los riesgos asociados con este procedimiento incluyen infecci\u00f3n, sangrado excesivo y cicatrices. El cirujano pl\u00e1stico de Dallas, Dr. Azouz, emplea t\u00e9cnicas m\u00ednimamente invasivas dise\u00f1adas para prevenir infecciones y cicatrices adicionales, as\u00ed como reducir el tiempo de recuperaci\u00f3n esperado despu\u00e9s del procedimiento. <\/p>\n<h2>Recuperaci\u00f3n despu\u00e9s de una umbilicoplastia<\/h2>\n<p>Despu\u00e9s de una umbilicoplastia, los pacientes deben esperar algunos moretones, hinchaz\u00f3n y dolor en el \u00e1rea afectada. Puede tomar unas pocas semanas a un par de meses para que la hinchaz\u00f3n se resuelva completamente. El Dr. Azouz recomendar\u00e1 prendas de compresi\u00f3n espec\u00edficas para ayudar con la hinchaz\u00f3n despu\u00e9s de la cirug\u00eda. Los pacientes pueden esperar reanudar actividades ligeras o regulares en unas pocas semanas. El Dr. Azouz ofrece pautas detalladas para la recuperaci\u00f3n despu\u00e9s de la cirug\u00eda para asegurar una recuperaci\u00f3n sin inconvenientes.<\/p>\n<h2>Otras cirug\u00edas que se pueden combinar<\/h2>\n<p>Otras cirug\u00edas que se pueden combinar con una umbilicoplastia incluyen <a href=\"https:\/\/www.drazouz.com\/es\/liposuction\/\">liposucci\u00f3n<\/a>, <a href=\"https:\/\/www.drazouz.com\/es\/breast-augmentation\/\">aumento de senos<\/a>, <a href=\"https:\/\/www.drazouz.com\/es\/abdominal-wall-reconstruction\/\">reparaci\u00f3n de hernia<\/a>, <a href=\"https:\/\/www.drazouz.com\/es\/diastasis-recti-repair\/\">reparaci\u00f3n de di\u00e1stasis de los rectos<\/a> o <a href=\"https:\/\/www.drazouz.com\/es\/tummy-tuck-in-dallas\/\">abdominoplastia (cirug\u00eda de abdomen).<\/a> El Dr. Azouz crea programas de tratamiento individualizados para cumplir con los requisitos y objetivos est\u00e9ticos de cada paciente.<\/p>\n<h2>\u00bfCu\u00e1nto cuesta una cirug\u00eda de ombligo?<\/h2>\n<p>El costo de una umbilicoplastia var\u00eda seg\u00fan la extensi\u00f3n del procedimiento, las tarifas quir\u00fargicas, la anestesia y la instalaci\u00f3n. Para ayudar a los pacientes a alcanzar sus objetivos est\u00e9ticos, el Dr. Azouz discutir\u00e1 el desglose de los costos y las <a href=\"https:\/\/www.drazouz.com\/es\/fees-insurance\/\">opciones de financiamiento<\/a> durante la consulta.<\/p>\n<h2>Agenda tu cita con el Dr. Azouz<\/h2>\n<p>Si est\u00e1s interesado en la cirug\u00eda de ombligo, programa una consulta para conocer m\u00e1s sobre las opciones de tratamiento. Contacta al Dr. Azouz hoy mismo al <a href=\"tel:9727028888\" class=\"phone_anchor \" aria-label=\"ll\u00e1manos (972) 702-8888\">(972) 702-8888<\/a> o <a href=\"https:\/\/www.drazouz.com\/es\/contact\/\">cont\u00e1ctanos en l\u00ednea<\/a> para reservar tu consulta de umbilicoplastia en Dallas. Azouz Plastic and Cosmetic Surgery ofrece consultas tanto virtuales como presenciales.<\/p>\n<h3>Preguntas Frecuentes<\/h3>\n<dl id=\"faq-1\" class=\"flc-faq\"><dt id=\"l11\"><button class=\"card-header collapsed d-flex align-items-center w-100 text-left\" data-toggle=\"collapse\" data-target=\"#t11\" aria-expanded=\"false\" aria-controls=\"t11\"><i class=\"ml-1 fas fa-chevron-down\"><\/i> \u00bfLa umbilicoplastia dejar\u00e1 una cicatriz?<\/button><\/dt><dd id=\"t11\" class=\"m-0 collapse\" aria-labelledby=\"l11\" aria-expanded=\"false\" data-parent=\"#faq-1\"><div class=\"card-body\"><p>La umbilicoplastia puede dejar una peque\u00f1a cicatriz oculta que generalmente queda escondida dentro de los contornos naturales del ombligo. El cirujano pl\u00e1stico de Dallas, Dr. Azouz, se esfuerza por reducir la cicatrizaci\u00f3n visible con t\u00e9cnicas meticulosas.<\/p>\n<\/div><\/dd><dt id=\"l12\"><button class=\"card-header collapsed d-flex align-items-center w-100 text-left\" data-toggle=\"collapse\" data-target=\"#t12\" aria-expanded=\"false\" aria-controls=\"t12\"><i class=\"ml-1 fas fa-chevron-down\"><\/i> \u00bfLa umbilicoplastia est\u00e1 cubierta por el seguro?<\/button><\/dt><dd id=\"t12\" class=\"m-0 collapse\" aria-labelledby=\"l12\" aria-expanded=\"false\" data-parent=\"#faq-1\"><div class=\"card-body\"><p>La umbilicoplastia generalmente se clasifica como un tratamiento est\u00e9tico y no est\u00e1 cubierta por el seguro. Sin embargo, si la operaci\u00f3n se realiza para reparar una hernia umbilical u otra condici\u00f3n m\u00e9dica, es posible que se ofrezca alguna cobertura.<\/p>\n<\/div><\/dd><dt id=\"l13\"><button class=\"card-header collapsed d-flex align-items-center w-100 text-left\" data-toggle=\"collapse\" data-target=\"#t13\" aria-expanded=\"false\" aria-controls=\"t13\"><i class=\"ml-1 fas fa-chevron-down\"><\/i> \u00bfCu\u00e1nto tiempo duran los resultados de la umbilicoplastia?<\/button><\/dt><dd id=\"t13\" class=\"m-0 collapse\" aria-labelledby=\"l13\" aria-expanded=\"false\" data-parent=\"#faq-1\"><div class=\"card-body\"><p>La mayor\u00eda de las veces, los resultados de la umbilicoplastia duran mucho tiempo. Sin embargo, cambios de peso severos, el embarazo y la edad pueden afectar la apariencia del ombligo con el tiempo.<\/p>\n<\/div><\/dd><dt id=\"l14\"><button class=\"card-header collapsed d-flex align-items-center w-100 text-left\" data-toggle=\"collapse\" data-target=\"#t14\" aria-expanded=\"false\" aria-controls=\"t14\"><i class=\"ml-1 fas fa-chevron-down\"><\/i> \u00bfExiste una alternativa no quir\u00fargica a la umbilicoplastia?<\/button><\/dt><dd id=\"t14\" class=\"m-0 collapse\" aria-labelledby=\"l14\" aria-expanded=\"false\" data-parent=\"#faq-1\"><div class=\"card-body\"><p>Las opciones no quir\u00fargicas para mejorar la apariencia del ombligo son limitadas. Algunos tratamientos, como el tensado de la piel con l\u00e1ser o los rellenos, pueden mejorar la piel circundante, pero no pueden modificar el ombligo en s\u00ed. La umbilicoplastia es el m\u00e9todo m\u00e1s exitoso para realizar modificaciones importantes.<\/p>\n<\/div><\/dd><dt id=\"l15\"><button class=\"card-header collapsed d-flex align-items-center w-100 text-left\" data-toggle=\"collapse\" data-target=\"#t15\" aria-expanded=\"false\" aria-controls=\"t15\"><i class=\"ml-1 fas fa-chevron-down\"><\/i> \u00bfLa umbilicoplastia limitar\u00e1 mi capacidad para hacer ejercicio?<\/button><\/dt><dd id=\"t15\" class=\"m-0 collapse\" aria-labelledby=\"l15\" aria-expanded=\"false\" data-parent=\"#faq-1\"><div class=\"card-body\"><p>Despu\u00e9s de la fase de recuperaci\u00f3n inicial, normalmente puedes reanudar tu ejercicio y actividad f\u00edsica habituales. El Dr. Azouz te dar\u00e1 instrucciones detalladas sobre cu\u00e1ndo y c\u00f3mo reanudar tu rutina de ejercicio de manera segura.<\/p>\n<\/div><\/dd><\/dl>\n","protected":false},"excerpt":{"rendered":"<p>La cirug\u00eda de ombligo, o umbilicoplastia, es un tratamiento est\u00e9tico utilizado para cambiar la posici\u00f3n, el tama\u00f1o<br \/><a href=\"https:\/\/www.drazouz.com\/es\/umbilicoplastia\/\" class=\"btn btn-blue mt-3\">Sigue leyendo<\/a><\/p>\n","protected":false},"author":1,"featured_media":15253,"parent":3798,"menu_order":0,"comment_status":"closed","ping_status":"closed","template":"","meta":{"_acf_changed":false,"footnotes":""},"class_list":["post-17606","page","type-page","status-publish","has-post-thumbnail"],"acf":[],"yoast_head":"<!-- This site is optimized with the Yoast SEO plugin v27.4 - https:\/\/yoast.com\/product\/yoast-seo-wordpress\/ -->\n<title>Umbilicoplastia | Azouz Cirug\u00eda Pl\u00e1stica y Est\u00e9tica<\/title>\n<meta name=\"description\" content=\"Descubre la cirug\u00eda de umbilicoplastia con el Dr. Azouz, cirujano pl\u00e1stico certificado. Logra un aspecto natural y equilibrado para tu ombligo con planes de tratamiento personalizados y un tiempo de recuperaci\u00f3n m\u00ednimo. \u00a1Agenda tu consulta hoy!\" \/>\n<meta name=\"robots\" content=\"index, follow, max-snippet:-1, max-image-preview:large, max-video-preview:-1\" \/>\n<link rel=\"canonical\" href=\"https:\/\/www.drazouz.com\/es\/umbilicoplastia\/\" \/>\n<meta property=\"og:locale\" content=\"es_ES\" \/>\n<meta property=\"og:type\" content=\"article\" \/>\n<meta property=\"og:title\" content=\"Umbilicoplastia | Azouz Cirug\u00eda Pl\u00e1stica y Est\u00e9tica\" \/>\n<meta property=\"og:description\" content=\"Descubre la cirug\u00eda de umbilicoplastia con el Dr. Azouz, cirujano pl\u00e1stico certificado. Logra un aspecto natural y equilibrado para tu ombligo con planes de tratamiento personalizados y un tiempo de recuperaci\u00f3n m\u00ednimo. \u00a1Agenda tu consulta hoy!\" \/>\n<meta property=\"og:url\" content=\"https:\/\/www.drazouz.com\/es\/umbilicoplastia\/\" \/>\n<meta property=\"og:site_name\" content=\"Azouz Cirug\u00eda Pl\u00e1stica y Est\u00e9tica\" \/>\n<meta property=\"article:modified_time\" content=\"2024-12-05T12:22:28+00:00\" \/>\n<meta property=\"og:image\" content=\"https:\/\/www.drazouz.com\/wp-content\/uploads\/2024\/07\/bigstock-Pregnancy-Or-Diet-Concept-73981996-scaled.jpg\" \/>\n<meta name=\"twitter:card\" content=\"summary_large_image\" \/>\n<meta name=\"twitter:image\" content=\"https:\/\/www.drazouz.com\/wp-content\/uploads\/2024\/07\/bigstock-Pregnancy-Or-Diet-Concept-73981996-scaled.jpg\" \/>\n<meta name=\"twitter:label1\" content=\"Tiempo de lectura\" \/>\n\t<meta name=\"twitter:data1\" content=\"4 minutos\" \/>\n<!-- \/ Yoast SEO plugin. -->","yoast_head_json":{"title":"Umbilicoplastia | Azouz Cirug\u00eda Pl\u00e1stica y Est\u00e9tica","description":"Descubre la cirug\u00eda de umbilicoplastia con el Dr. Azouz, cirujano pl\u00e1stico certificado. Logra un aspecto natural y equilibrado para tu ombligo con planes de tratamiento personalizados y un tiempo de recuperaci\u00f3n m\u00ednimo. \u00a1Agenda tu consulta hoy!","robots":{"index":"index","follow":"follow","max-snippet":"max-snippet:-1","max-image-preview":"max-image-preview:large","max-video-preview":"max-video-preview:-1"},"canonical":"https:\/\/www.drazouz.com\/es\/umbilicoplastia\/","og_locale":"es_ES","og_type":"article","og_title":"Umbilicoplastia | Azouz Cirug\u00eda Pl\u00e1stica y Est\u00e9tica","og_description":"Descubre la cirug\u00eda de umbilicoplastia con el Dr. Azouz, cirujano pl\u00e1stico certificado. Logra un aspecto natural y equilibrado para tu ombligo con planes de tratamiento personalizados y un tiempo de recuperaci\u00f3n m\u00ednimo. \u00a1Agenda tu consulta hoy!","og_url":"https:\/\/www.drazouz.com\/es\/umbilicoplastia\/","og_site_name":"Azouz Cirug\u00eda Pl\u00e1stica y Est\u00e9tica","article_modified_time":"2024-12-05T12:22:28+00:00","og_image":[{"url":"https:\/\/www.drazouz.com\/wp-content\/uploads\/2024\/07\/bigstock-Pregnancy-Or-Diet-Concept-73981996-scaled.jpg","type":"","width":"","height":""}],"twitter_card":"summary_large_image","twitter_image":"https:\/\/www.drazouz.com\/wp-content\/uploads\/2024\/07\/bigstock-Pregnancy-Or-Diet-Concept-73981996-scaled.jpg","twitter_misc":{"Tiempo de lectura":"4 minutos"},"schema":{"@context":"https:\/\/schema.org","@graph":[{"@type":"WebPage","@id":"https:\/\/www.drazouz.com\/es\/umbilicoplastia\/","url":"https:\/\/www.drazouz.com\/es\/umbilicoplastia\/","name":"Umbilicoplastia | Azouz Cirug\u00eda Pl\u00e1stica y Est\u00e9tica","isPartOf":{"@id":"https:\/\/www.drazouz.com\/es\/#website"},"primaryImageOfPage":{"@id":"https:\/\/www.drazouz.com\/es\/umbilicoplastia\/#primaryimage"},"image":{"@id":"https:\/\/www.drazouz.com\/es\/umbilicoplastia\/#primaryimage"},"thumbnailUrl":"https:\/\/www.drazouz.com\/wp-content\/uploads\/2024\/07\/bigstock-Pregnancy-Or-Diet-Concept-73981996-scaled.jpg","datePublished":"2024-07-25T14:42:47+00:00","dateModified":"2024-12-05T12:22:28+00:00","description":"Descubre la cirug\u00eda de umbilicoplastia con el Dr. Azouz, cirujano pl\u00e1stico certificado. Logra un aspecto natural y equilibrado para tu ombligo con planes de tratamiento personalizados y un tiempo de recuperaci\u00f3n m\u00ednimo. \u00a1Agenda tu consulta hoy!","breadcrumb":{"@id":"https:\/\/www.drazouz.com\/es\/umbilicoplastia\/#breadcrumb"},"inLanguage":"es","potentialAction":[{"@type":"ReadAction","target":["https:\/\/www.drazouz.com\/es\/umbilicoplastia\/"]}]},{"@type":"ImageObject","inLanguage":"es","@id":"https:\/\/www.drazouz.com\/es\/umbilicoplastia\/#primaryimage","url":"https:\/\/www.drazouz.com\/wp-content\/uploads\/2024\/07\/bigstock-Pregnancy-Or-Diet-Concept-73981996-scaled.jpg","contentUrl":"https:\/\/www.drazouz.com\/wp-content\/uploads\/2024\/07\/bigstock-Pregnancy-Or-Diet-Concept-73981996-scaled.jpg","width":2560,"height":1707,"caption":"Pregnancy or diet concept female hands forming heart shape on the stomach"},{"@type":"BreadcrumbList","@id":"https:\/\/www.drazouz.com\/es\/umbilicoplastia\/#breadcrumb","itemListElement":[{"@type":"ListItem","position":1,"name":"Home","item":"https:\/\/www.drazouz.com\/es\/"},{"@type":"ListItem","position":2,"name":"Procedimientos","item":"https:\/\/www.drazouz.com\/es\/procedimientos\/"},{"@type":"ListItem","position":3,"name":"Cuerpo","item":"https:\/\/www.drazouz.com\/es\/body\/"},{"@type":"ListItem","position":4,"name":"Umbilicoplastia"}]},{"@type":"WebSite","@id":"https:\/\/www.drazouz.com\/es\/#website","url":"https:\/\/www.drazouz.com\/es\/","name":"Azouz Cirug\u00eda Pl\u00e1stica y Est\u00e9tica","description":"","potentialAction":[{"@type":"SearchAction","target":{"@type":"EntryPoint","urlTemplate":"https:\/\/www.drazouz.com\/es\/?s={search_term_string}"},"query-input":{"@type":"PropertyValueSpecification","valueRequired":true,"valueName":"search_term_string"}}],"inLanguage":"es"}]}},"_links":{"self":[{"href":"https:\/\/www.drazouz.com\/es\/wp-json\/wp\/v2\/pages\/17606","targetHints":{"allow":["GET"]}}],"collection":[{"href":"https:\/\/www.drazouz.com\/es\/wp-json\/wp\/v2\/pages"}],"about":[{"href":"https:\/\/www.drazouz.com\/es\/wp-json\/wp\/v2\/types\/page"}],"author":[{"embeddable":true,"href":"https:\/\/www.drazouz.com\/es\/wp-json\/wp\/v2\/users\/1"}],"replies":[{"embeddable":true,"href":"https:\/\/www.drazouz.com\/es\/wp-json\/wp\/v2\/comments?post=17606"}],"version-history":[{"count":6,"href":"https:\/\/www.drazouz.com\/es\/wp-json\/wp\/v2\/pages\/17606\/revisions"}],"predecessor-version":[{"id":17617,"href":"https:\/\/www.drazouz.com\/es\/wp-json\/wp\/v2\/pages\/17606\/revisions\/17617"}],"up":[{"embeddable":true,"href":"https:\/\/www.drazouz.com\/es\/wp-json\/wp\/v2\/pages\/3798"}],"wp:featuredmedia":[{"embeddable":true,"href":"https:\/\/www.drazouz.com\/es\/wp-json\/wp\/v2\/media\/15253"}],"wp:attachment":[{"href":"https:\/\/www.drazouz.com\/es\/wp-json\/wp\/v2\/media?parent=17606"}],"curies":[{"name":"wp","href":"https:\/\/api.w.org\/{rel}","templated":true}]}}