{"id":17225,"date":"2024-11-20T03:48:29","date_gmt":"2024-11-20T08:48:29","guid":{"rendered":"https:\/\/www.drazouz.com\/forearm-lift\/"},"modified":"2024-11-20T11:11:02","modified_gmt":"2024-11-20T16:11:02","slug":"forearm-lift","status":"publish","type":"page","link":"https:\/\/www.drazouz.com\/es\/elevacion-del-antebrazo","title":{"rendered":"Elevaci\u00f3n del Antebrazo"},"content":{"rendered":"","protected":false},"excerpt":{"rendered":"","protected":false},"author":1,"featured_media":0,"parent":3798,"menu_order":0,"comment_status":"closed","ping_status":"closed","template":"template-builder.php","meta":{"_acf_changed":false,"footnotes":""},"class_list":["post-17225","page","type-page","status-publish"],"acf":[],"yoast_head":"<!-- This site is optimized with the Yoast SEO plugin v27.4 - https:\/\/yoast.com\/product\/yoast-seo-wordpress\/ -->\n<title>Elevaci\u00f3n del Antebrazo | Azouz Cirug\u00eda Pl\u00e1stica y Est\u00e9tica<\/title>\n<meta name=\"description\" content=\"Aprenda sobre la cirug\u00eda de levantamiento de antebrazo realizada por el Dr. Azouz, un destacado cirujano pl\u00e1stico de Dallas. Se puede eliminar el exceso de piel para mejorar el contorno de los brazos y lograr una apariencia tonificada y juvenil.\" \/>\n<meta name=\"robots\" content=\"index, follow, max-snippet:-1, max-image-preview:large, max-video-preview:-1\" \/>\n<link rel=\"canonical\" href=\"https:\/\/www.drazouz.com\/es\/elevacion-del-antebrazo\/\" \/>\n<meta property=\"og:locale\" content=\"es_ES\" \/>\n<meta property=\"og:type\" content=\"article\" \/>\n<meta property=\"og:title\" content=\"Elevaci\u00f3n del Antebrazo | Azouz Cirug\u00eda Pl\u00e1stica y Est\u00e9tica\" \/>\n<meta property=\"og:description\" content=\"Aprenda sobre la cirug\u00eda de levantamiento de antebrazo realizada por el Dr. Azouz, un destacado cirujano pl\u00e1stico de Dallas. Se puede eliminar el exceso de piel para mejorar el contorno de los brazos y lograr una apariencia tonificada y juvenil.\" \/>\n<meta property=\"og:url\" content=\"https:\/\/www.drazouz.com\/es\/elevacion-del-antebrazo\" \/>\n<meta property=\"og:site_name\" content=\"Azouz Cirug\u00eda Pl\u00e1stica y Est\u00e9tica\" \/>\n<meta property=\"article:modified_time\" content=\"2024-11-20T16:11:02+00:00\" \/>\n<meta property=\"og:image\" content=\"https:\/\/www.drazouz.com\/wp-content\/uploads\/2023\/12\/bigstock-135723788-scaled.jpg\" \/>\n<meta name=\"twitter:card\" content=\"summary_large_image\" \/>\n<meta name=\"twitter:image\" content=\"https:\/\/www.drazouz.com\/wp-content\/uploads\/2023\/12\/bigstock-135723788-scaled.jpg\" \/>\n<!-- \/ Yoast SEO plugin. -->","yoast_head_json":{"title":"Elevaci\u00f3n del Antebrazo | Azouz Cirug\u00eda Pl\u00e1stica y Est\u00e9tica","description":"Aprenda sobre la cirug\u00eda de levantamiento de antebrazo realizada por el Dr. Azouz, un destacado cirujano pl\u00e1stico de Dallas. Se puede eliminar el exceso de piel para mejorar el contorno de los brazos y lograr una apariencia tonificada y juvenil.","robots":{"index":"index","follow":"follow","max-snippet":"max-snippet:-1","max-image-preview":"max-image-preview:large","max-video-preview":"max-video-preview:-1"},"canonical":"https:\/\/www.drazouz.com\/es\/elevacion-del-antebrazo\/","og_locale":"es_ES","og_type":"article","og_title":"Elevaci\u00f3n del Antebrazo | Azouz Cirug\u00eda Pl\u00e1stica y Est\u00e9tica","og_description":"Aprenda sobre la cirug\u00eda de levantamiento de antebrazo realizada por el Dr. Azouz, un destacado cirujano pl\u00e1stico de Dallas. Se puede eliminar el exceso de piel para mejorar el contorno de los brazos y lograr una apariencia tonificada y juvenil.","og_url":"https:\/\/www.drazouz.com\/es\/elevacion-del-antebrazo","og_site_name":"Azouz Cirug\u00eda Pl\u00e1stica y Est\u00e9tica","article_modified_time":"2024-11-20T16:11:02+00:00","og_image":[{"url":"https:\/\/www.drazouz.com\/wp-content\/uploads\/2023\/12\/bigstock-135723788-scaled.jpg","type":"","width":"","height":""}],"twitter_card":"summary_large_image","twitter_image":"https:\/\/www.drazouz.com\/wp-content\/uploads\/2023\/12\/bigstock-135723788-scaled.jpg","schema":{"@context":"https:\/\/schema.org","@graph":[{"@type":"WebPage","@id":"https:\/\/www.drazouz.com\/es\/elevacion-del-antebrazo","url":"https:\/\/www.drazouz.com\/es\/elevacion-del-antebrazo","name":"Elevaci\u00f3n del Antebrazo | Azouz Cirug\u00eda Pl\u00e1stica y Est\u00e9tica","isPartOf":{"@id":"https:\/\/www.drazouz.com\/es\/#website"},"datePublished":"2024-11-20T08:48:29+00:00","dateModified":"2024-11-20T16:11:02+00:00","description":"Aprenda sobre la cirug\u00eda de levantamiento de antebrazo realizada por el Dr. Azouz, un destacado cirujano pl\u00e1stico de Dallas. Se puede eliminar el exceso de piel para mejorar el contorno de los brazos y lograr una apariencia tonificada y juvenil.","breadcrumb":{"@id":"https:\/\/www.drazouz.com\/es\/elevacion-del-antebrazo#breadcrumb"},"inLanguage":"es","potentialAction":[{"@type":"ReadAction","target":["https:\/\/www.drazouz.com\/es\/elevacion-del-antebrazo"]}]},{"@type":"BreadcrumbList","@id":"https:\/\/www.drazouz.com\/es\/elevacion-del-antebrazo#breadcrumb","itemListElement":[{"@type":"ListItem","position":1,"name":"Home","item":"https:\/\/www.drazouz.com\/es\/"},{"@type":"ListItem","position":2,"name":"Procedimientos","item":"https:\/\/www.drazouz.com\/es\/procedimientos\/"},{"@type":"ListItem","position":3,"name":"Cuerpo","item":"https:\/\/www.drazouz.com\/es\/body\/"},{"@type":"ListItem","position":4,"name":"Elevaci\u00f3n del Antebrazo"}]},{"@type":"WebSite","@id":"https:\/\/www.drazouz.com\/es\/#website","url":"https:\/\/www.drazouz.com\/es\/","name":"Azouz Cirug\u00eda Pl\u00e1stica y Est\u00e9tica","description":"","potentialAction":[{"@type":"SearchAction","target":{"@type":"EntryPoint","urlTemplate":"https:\/\/www.drazouz.com\/es\/?s={search_term_string}"},"query-input":{"@type":"PropertyValueSpecification","valueRequired":true,"valueName":"search_term_string"}}],"inLanguage":"es"}]}},"_links":{"self":[{"href":"https:\/\/www.drazouz.com\/es\/wp-json\/wp\/v2\/pages\/17225","targetHints":{"allow":["GET"]}}],"collection":[{"href":"https:\/\/www.drazouz.com\/es\/wp-json\/wp\/v2\/pages"}],"about":[{"href":"https:\/\/www.drazouz.com\/es\/wp-json\/wp\/v2\/types\/page"}],"author":[{"embeddable":true,"href":"https:\/\/www.drazouz.com\/es\/wp-json\/wp\/v2\/users\/1"}],"replies":[{"embeddable":true,"href":"https:\/\/www.drazouz.com\/es\/wp-json\/wp\/v2\/comments?post=17225"}],"version-history":[{"count":2,"href":"https:\/\/www.drazouz.com\/es\/wp-json\/wp\/v2\/pages\/17225\/revisions"}],"predecessor-version":[{"id":17253,"href":"https:\/\/www.drazouz.com\/es\/wp-json\/wp\/v2\/pages\/17225\/revisions\/17253"}],"up":[{"embeddable":true,"href":"https:\/\/www.drazouz.com\/es\/wp-json\/wp\/v2\/pages\/3798"}],"wp:attachment":[{"href":"https:\/\/www.drazouz.com\/es\/wp-json\/wp\/v2\/media?parent=17225"}],"curies":[{"name":"wp","href":"https:\/\/api.w.org\/{rel}","templated":true}]}}