{"id":17155,"date":"2024-11-15T08:25:46","date_gmt":"2024-11-15T13:25:46","guid":{"rendered":"https:\/\/www.drazouz.com\/procedimientos\/tipo\/lipedema\/liposuction-for-lipedema\/"},"modified":"2024-11-20T11:10:28","modified_gmt":"2024-11-20T16:10:28","slug":"liposuction-for-lipedema","status":"publish","type":"page","link":"https:\/\/www.drazouz.com\/es\/liposuccion-para-el-lipedema\/","title":{"rendered":"Liposucci\u00f3n para el Lipedema"},"content":{"rendered":"","protected":false},"excerpt":{"rendered":"","protected":false},"author":1,"featured_media":0,"parent":3928,"menu_order":0,"comment_status":"closed","ping_status":"closed","template":"template-builder.php","meta":{"_acf_changed":false,"footnotes":""},"class_list":["post-17155","page","type-page","status-publish"],"acf":[],"yoast_head":"<!-- This site is optimized with the Yoast SEO plugin v27.4 - https:\/\/yoast.com\/product\/yoast-seo-wordpress\/ -->\n<title>Liposucci\u00f3n para el Lipedema | Azouz Cirug\u00eda Pl\u00e1stica y Est\u00e9tica<\/title>\n<meta name=\"description\" content=\"Descubra la liposucci\u00f3n para el lipedema con el Dr. Azouz, un destacado cirujano pl\u00e1stico en Dallas. Reduzca el dolor y la hinchaz\u00f3n mientras mejora la movilidad y la confianza.\" \/>\n<meta name=\"robots\" content=\"index, follow, max-snippet:-1, max-image-preview:large, max-video-preview:-1\" \/>\n<link rel=\"canonical\" href=\"https:\/\/www.drazouz.com\/es\/liposuccion-para-el-lipedema\/\" \/>\n<meta property=\"og:locale\" content=\"es_ES\" \/>\n<meta property=\"og:type\" content=\"article\" \/>\n<meta property=\"og:title\" content=\"Liposucci\u00f3n para el Lipedema | Azouz Cirug\u00eda Pl\u00e1stica y Est\u00e9tica\" \/>\n<meta property=\"og:description\" content=\"Descubra la liposucci\u00f3n para el lipedema con el Dr. Azouz, un destacado cirujano pl\u00e1stico en Dallas. Reduzca el dolor y la hinchaz\u00f3n mientras mejora la movilidad y la confianza.\" \/>\n<meta property=\"og:url\" content=\"https:\/\/www.drazouz.com\/es\/liposuccion-para-el-lipedema\/\" \/>\n<meta property=\"og:site_name\" content=\"Azouz Cirug\u00eda Pl\u00e1stica y Est\u00e9tica\" \/>\n<meta property=\"article:modified_time\" content=\"2024-11-20T16:10:28+00:00\" \/>\n<meta property=\"og:image\" content=\"https:\/\/www.drazouz.com\/wp-content\/uploads\/2023\/08\/bigstock-The-Legs-Of-A-Young-Girl-Part-264668209.jpg\" \/>\n<meta name=\"twitter:card\" content=\"summary_large_image\" \/>\n<meta name=\"twitter:image\" content=\"https:\/\/www.drazouz.com\/wp-content\/uploads\/2023\/08\/bigstock-The-Legs-Of-A-Young-Girl-Part-264668209.jpg\" \/>\n<!-- \/ Yoast SEO plugin. -->","yoast_head_json":{"title":"Liposucci\u00f3n para el Lipedema | Azouz Cirug\u00eda Pl\u00e1stica y Est\u00e9tica","description":"Descubra la liposucci\u00f3n para el lipedema con el Dr. Azouz, un destacado cirujano pl\u00e1stico en Dallas. Reduzca el dolor y la hinchaz\u00f3n mientras mejora la movilidad y la confianza.","robots":{"index":"index","follow":"follow","max-snippet":"max-snippet:-1","max-image-preview":"max-image-preview:large","max-video-preview":"max-video-preview:-1"},"canonical":"https:\/\/www.drazouz.com\/es\/liposuccion-para-el-lipedema\/","og_locale":"es_ES","og_type":"article","og_title":"Liposucci\u00f3n para el Lipedema | Azouz Cirug\u00eda Pl\u00e1stica y Est\u00e9tica","og_description":"Descubra la liposucci\u00f3n para el lipedema con el Dr. Azouz, un destacado cirujano pl\u00e1stico en Dallas. Reduzca el dolor y la hinchaz\u00f3n mientras mejora la movilidad y la confianza.","og_url":"https:\/\/www.drazouz.com\/es\/liposuccion-para-el-lipedema\/","og_site_name":"Azouz Cirug\u00eda Pl\u00e1stica y Est\u00e9tica","article_modified_time":"2024-11-20T16:10:28+00:00","og_image":[{"url":"https:\/\/www.drazouz.com\/wp-content\/uploads\/2023\/08\/bigstock-The-Legs-Of-A-Young-Girl-Part-264668209.jpg","type":"","width":"","height":""}],"twitter_card":"summary_large_image","twitter_image":"https:\/\/www.drazouz.com\/wp-content\/uploads\/2023\/08\/bigstock-The-Legs-Of-A-Young-Girl-Part-264668209.jpg","schema":{"@context":"https:\/\/schema.org","@graph":[{"@type":"WebPage","@id":"https:\/\/www.drazouz.com\/es\/liposuccion-para-el-lipedema\/","url":"https:\/\/www.drazouz.com\/es\/liposuccion-para-el-lipedema\/","name":"Liposucci\u00f3n para el Lipedema | Azouz Cirug\u00eda Pl\u00e1stica y Est\u00e9tica","isPartOf":{"@id":"https:\/\/www.drazouz.com\/es\/#website"},"datePublished":"2024-11-15T13:25:46+00:00","dateModified":"2024-11-20T16:10:28+00:00","description":"Descubra la liposucci\u00f3n para el lipedema con el Dr. Azouz, un destacado cirujano pl\u00e1stico en Dallas. Reduzca el dolor y la hinchaz\u00f3n mientras mejora la movilidad y la confianza.","breadcrumb":{"@id":"https:\/\/www.drazouz.com\/es\/liposuccion-para-el-lipedema\/#breadcrumb"},"inLanguage":"es","potentialAction":[{"@type":"ReadAction","target":["https:\/\/www.drazouz.com\/es\/liposuccion-para-el-lipedema\/"]}]},{"@type":"BreadcrumbList","@id":"https:\/\/www.drazouz.com\/es\/liposuccion-para-el-lipedema\/#breadcrumb","itemListElement":[{"@type":"ListItem","position":1,"name":"Home","item":"https:\/\/www.drazouz.com\/es\/"},{"@type":"ListItem","position":2,"name":"Procedimientos","item":"https:\/\/www.drazouz.com\/es\/procedimientos\/"},{"@type":"ListItem","position":3,"name":"Cuerpo","item":"https:\/\/www.drazouz.com\/es\/body\/"},{"@type":"ListItem","position":4,"name":"Lipedema","item":"https:\/\/www.drazouz.com\/es\/lipedema\/"},{"@type":"ListItem","position":5,"name":"Liposucci\u00f3n para el Lipedema"}]},{"@type":"WebSite","@id":"https:\/\/www.drazouz.com\/es\/#website","url":"https:\/\/www.drazouz.com\/es\/","name":"Azouz Cirug\u00eda Pl\u00e1stica y Est\u00e9tica","description":"","potentialAction":[{"@type":"SearchAction","target":{"@type":"EntryPoint","urlTemplate":"https:\/\/www.drazouz.com\/es\/?s={search_term_string}"},"query-input":{"@type":"PropertyValueSpecification","valueRequired":true,"valueName":"search_term_string"}}],"inLanguage":"es"}]}},"_links":{"self":[{"href":"https:\/\/www.drazouz.com\/es\/wp-json\/wp\/v2\/pages\/17155","targetHints":{"allow":["GET"]}}],"collection":[{"href":"https:\/\/www.drazouz.com\/es\/wp-json\/wp\/v2\/pages"}],"about":[{"href":"https:\/\/www.drazouz.com\/es\/wp-json\/wp\/v2\/types\/page"}],"author":[{"embeddable":true,"href":"https:\/\/www.drazouz.com\/es\/wp-json\/wp\/v2\/users\/1"}],"replies":[{"embeddable":true,"href":"https:\/\/www.drazouz.com\/es\/wp-json\/wp\/v2\/comments?post=17155"}],"version-history":[{"count":4,"href":"https:\/\/www.drazouz.com\/es\/wp-json\/wp\/v2\/pages\/17155\/revisions"}],"predecessor-version":[{"id":17251,"href":"https:\/\/www.drazouz.com\/es\/wp-json\/wp\/v2\/pages\/17155\/revisions\/17251"}],"up":[{"embeddable":true,"href":"https:\/\/www.drazouz.com\/es\/wp-json\/wp\/v2\/pages\/3928"}],"wp:attachment":[{"href":"https:\/\/www.drazouz.com\/es\/wp-json\/wp\/v2\/media?parent=17155"}],"curies":[{"name":"wp","href":"https:\/\/api.w.org\/{rel}","templated":true}]}}