{"id":16975,"date":"2024-11-06T02:31:39","date_gmt":"2024-11-06T07:31:39","guid":{"rendered":"https:\/\/www.drazouz.com\/skin-new\/"},"modified":"2024-11-20T11:08:29","modified_gmt":"2024-11-20T16:08:29","slug":"skin","status":"publish","type":"page","link":"https:\/\/www.drazouz.com\/es\/skin\/","title":{"rendered":"Piel"},"content":{"rendered":"<p><img decoding=\"async\" src=\"https:\/\/www.drazouz.com\/wp-content\/uploads\/2022\/08\/Skincare-Dallas-Dr.-Azouz-edited-1.png\" alt=\"mujer sonriente toc\u00e1ndose la cara\" class=\"alignleft\" width=\"300\" \/><\/p>\n<p>\u00bfSe pregunta qu\u00e9 opciones de cuidado de la piel en Dallas est\u00e1n disponibles y podr\u00edan ayudarlo a minimizar los primeros signos de envejecimiento o da\u00f1o solar en su rostro? El Dr. Azouz, cirujano pl\u00e1stico certificado por la junta, se especializa en t\u00e9cnicas quir\u00fargicas y no quir\u00fargicas para el cuidado de la piel en Dallas para  <a title=\"Cirug\u00eda Est\u00e9tica Facial y Corporal en Dallas, TX\" href=\"https:\/\/www.drazouz.com\/es\/procedures\/\"><em><strong>ayudar a sus pacientes a sentirse hermosos y seguros<\/strong><\/em><\/a>.<\/p>\n<p>El Dr. Azouz eval\u00faa la piel del paciente y recomendar\u00e1 los mejores tratamientos de cuidado de la piel para mujeres y hombres de acuerdo con la condici\u00f3n y anatom\u00eda de la piel para lograr los resultados m\u00e1s notables. <\/p>\n<h2>Cuidado de la piel no quir\u00fargico en Dallas<\/h2>\n<p>El Dr. Azouz utiliza el cuidado de la piel no quir\u00fargico en Dallas para ayudar a los pacientes a lograr un cutis ideal y desarrollar col\u00e1geno para mejorar el color, la textura, el tono y la tensi\u00f3n de la piel. Las t\u00e9cnicas avanzadas del Dr. Azouz pueden mejorar las arrugas y las l\u00edneas finas para proporcionar una piel m\u00e1s joven y radiante.<\/p>\n<h4>Rejuvenecimiento cut\u00e1neo con l\u00e1ser<\/h4>\n<p><em><strong><a title=\"Dallas TX Face Laser Skin Resurfacing\" href=\"https:\/\/www.drazouz.com\/es\/skin-resurfacing\/\" target=\"_blank\" rel=\"noreferrer noopener\">Rejuvenecimiento cut\u00e1neo con l\u00e1ser<\/a><\/strong><\/em> \u2013 es otra opci\u00f3n fant\u00e1stica para el cuidado de la piel no quir\u00fargico en Dallas para pacientes que tienen cicatrices de acn\u00e9, da\u00f1o solar, l\u00edneas finas, arrugas, hiperpigmentaci\u00f3n o hipopigmentaci\u00f3n. Los resultados del rejuvenecimiento con l\u00e1ser del Dr. Azouz se pueden combinar con otras terapias, incluida la dermoabrasi\u00f3n, el cuidado de la piel y otras t\u00e9cnicas de estiramiento de la piel como el estiramiento facial o el estiramiento del cuello.<\/p>\n<p>El estiramiento cut\u00e1neo por radiofrecuencia es una tecnolog\u00eda en evoluci\u00f3n que se utiliza para tensar la piel del rostro, el cuello, los senos y el cuerpo. <\/p>\n<h4>Skinbetter Science<\/h4>\n<p><img decoding=\"async\" src=\"https:\/\/www.drazouz.com\/wp-content\/uploads\/2022\/08\/skinbetter-banner.png\" alt=\"smiling woman\" class=\"aligncenter\" \/><\/p>\n<p><em><strong><a title=\"Skinbetter Science\u00ae Products in Dallas TX\" href=\"https:\/\/www.drazouz.com\/es\/skinbetter-science\/\">Ciencia Skinbetter\u00ae<\/a><\/strong><\/em> \u2013 Skin better science es una galardonada l\u00ednea de cuidado de la piel proporcionada por el Dr. Azouz. El Dr. Azouz usa productos avanzados para el cuidado de la piel para controlar la grasa, proporcionar humedad, tensar la piel, mejorar la pigmentaci\u00f3n y la ros\u00e1cea. Skinbetter est\u00e1 dise\u00f1ado para pieles sensibles e hipoalerg\u00e9nicas a la vez que tiene una excelente eficacia para una multitud de tipos de piel.<\/p>\n<h2>Cuidado de la piel quir\u00fargico en Dallas<\/h2>\n<h4>Lifting facial y de cuello<\/h4>\n<p>El Dr. Azouz tambi\u00e9n realiza Estiramiento facial y Cirug\u00eda de estiramiento de cuello. Estos procedimientos quir\u00fargicos pueden proporcionar los resultados m\u00e1s espectaculares y est\u00e9ticos para muchos pacientes de cirug\u00eda pl\u00e1stica. Un programa integral de cuidado de la piel puede mantener los resultados quir\u00fargicos y puede ser una buena opci\u00f3n para los pacientes m\u00e1s j\u00f3venes. <\/p>\n<h2>Solicite una cita con Dr. Azouz<\/h2>\n<p>En la consulta inicial de cuidado de la piel, el Dr. Azouz evaluar\u00e1 el estado de la piel del paciente y sugerir\u00e1 un tratamiento personalizado para obtener los mejores resultados para su piel. Para citas en persona, llame al <a href=\"tel:9727028888\" class=\"phone_anchor \" aria-label=\"ll\u00e1manos (972) 702-8888\">(972) 702-8888<\/a>. Para pacientes fuera de Dallas \/ pa\u00eds, <a title=\"Contact Azouz Cosmetic &amp; Plastic Surgery in Dallas TX\" href=\"https:\/\/www.drazouz.com\/es\/contact\/\"><em><strong>contactanos<\/strong><\/em><\/a> para reservar su consulta virtual.<\/p>\n","protected":false},"excerpt":{"rendered":"<p>\u00bfSe pregunta qu\u00e9 opciones de cuidado de la piel en Dallas est\u00e1n disponibles y podr\u00edan ayudarlo a<br \/><a href=\"https:\/\/www.drazouz.com\/es\/skin\/\" class=\"btn btn-blue mt-3\">Sigue leyendo<\/a><\/p>\n","protected":false},"author":1,"featured_media":11421,"parent":8581,"menu_order":0,"comment_status":"closed","ping_status":"closed","template":"template-builder.php","meta":{"_acf_changed":false,"footnotes":""},"class_list":["post-16975","page","type-page","status-publish","has-post-thumbnail"],"acf":[],"yoast_head":"<!-- This site is optimized with the Yoast SEO plugin v27.4 - https:\/\/yoast.com\/product\/yoast-seo-wordpress\/ -->\n<title>L\u00e1ser y cuidado de la piel en Dallas | Plano | Richardson<\/title>\n<meta name=\"description\" content=\"El cirujano pl\u00e1stico de Dallas, Dr. Azouz Plastic, ofrece tratamientos para el cuidado de la piel no quir\u00fargicos para mujeres y hombres interesados en minimizar los signos de la edad y el da\u00f1o solar.\" \/>\n<meta name=\"robots\" content=\"index, follow, max-snippet:-1, max-image-preview:large, max-video-preview:-1\" \/>\n<link rel=\"canonical\" href=\"https:\/\/www.drazouz.com\/es\/skin\/\" \/>\n<meta property=\"og:locale\" content=\"es_ES\" \/>\n<meta property=\"og:type\" content=\"article\" \/>\n<meta property=\"og:title\" content=\"L\u00e1ser y cuidado de la piel en Dallas | Plano | Richardson\" \/>\n<meta property=\"og:description\" content=\"El cirujano pl\u00e1stico de Dallas, Dr. Azouz Plastic, ofrece tratamientos para el cuidado de la piel no quir\u00fargicos para mujeres y hombres interesados en minimizar los signos de la edad y el da\u00f1o solar.\" \/>\n<meta property=\"og:url\" content=\"https:\/\/www.drazouz.com\/es\/skin\/\" \/>\n<meta property=\"og:site_name\" content=\"Azouz Cirug\u00eda Pl\u00e1stica y Est\u00e9tica\" \/>\n<meta property=\"article:modified_time\" content=\"2024-11-20T16:08:29+00:00\" \/>\n<meta property=\"og:image\" content=\"https:\/\/www.drazouz.com\/wp-content\/uploads\/2024\/01\/bigstock-beauty-close-up-portrait-young-26123198-1.jpg\" \/>\n<meta name=\"twitter:card\" content=\"summary_large_image\" \/>\n<meta name=\"twitter:image\" content=\"https:\/\/www.drazouz.com\/wp-content\/uploads\/2024\/01\/bigstock-beauty-close-up-portrait-young-26123198-1.jpg\" \/>\n<meta name=\"twitter:label1\" content=\"Tiempo de lectura\" \/>\n\t<meta name=\"twitter:data1\" content=\"3 minutos\" \/>\n<!-- \/ Yoast SEO plugin. -->","yoast_head_json":{"title":"L\u00e1ser y cuidado de la piel en Dallas | Plano | Richardson","description":"El cirujano pl\u00e1stico de Dallas, Dr. Azouz Plastic, ofrece tratamientos para el cuidado de la piel no quir\u00fargicos para mujeres y hombres interesados en minimizar los signos de la edad y el da\u00f1o solar.","robots":{"index":"index","follow":"follow","max-snippet":"max-snippet:-1","max-image-preview":"max-image-preview:large","max-video-preview":"max-video-preview:-1"},"canonical":"https:\/\/www.drazouz.com\/es\/skin\/","og_locale":"es_ES","og_type":"article","og_title":"L\u00e1ser y cuidado de la piel en Dallas | Plano | Richardson","og_description":"El cirujano pl\u00e1stico de Dallas, Dr. Azouz Plastic, ofrece tratamientos para el cuidado de la piel no quir\u00fargicos para mujeres y hombres interesados en minimizar los signos de la edad y el da\u00f1o solar.","og_url":"https:\/\/www.drazouz.com\/es\/skin\/","og_site_name":"Azouz Cirug\u00eda Pl\u00e1stica y Est\u00e9tica","article_modified_time":"2024-11-20T16:08:29+00:00","og_image":[{"url":"https:\/\/www.drazouz.com\/wp-content\/uploads\/2024\/01\/bigstock-beauty-close-up-portrait-young-26123198-1.jpg","type":"","width":"","height":""}],"twitter_card":"summary_large_image","twitter_image":"https:\/\/www.drazouz.com\/wp-content\/uploads\/2024\/01\/bigstock-beauty-close-up-portrait-young-26123198-1.jpg","twitter_misc":{"Tiempo de lectura":"3 minutos"},"schema":{"@context":"https:\/\/schema.org","@graph":[{"@type":"WebPage","@id":"https:\/\/www.drazouz.com\/es\/skin\/","url":"https:\/\/www.drazouz.com\/es\/skin\/","name":"L\u00e1ser y cuidado de la piel en Dallas | Plano | Richardson","isPartOf":{"@id":"https:\/\/www.drazouz.com\/es\/#website"},"primaryImageOfPage":{"@id":"https:\/\/www.drazouz.com\/es\/skin\/#primaryimage"},"image":{"@id":"https:\/\/www.drazouz.com\/es\/skin\/#primaryimage"},"thumbnailUrl":"https:\/\/www.drazouz.com\/wp-content\/uploads\/2024\/01\/bigstock-beauty-close-up-portrait-young-26123198-1.jpg","datePublished":"2024-11-06T07:31:39+00:00","dateModified":"2024-11-20T16:08:29+00:00","description":"El cirujano pl\u00e1stico de Dallas, Dr. Azouz Plastic, ofrece tratamientos para el cuidado de la piel no quir\u00fargicos para mujeres y hombres interesados en minimizar los signos de la edad y el da\u00f1o solar.","breadcrumb":{"@id":"https:\/\/www.drazouz.com\/es\/skin\/#breadcrumb"},"inLanguage":"es","potentialAction":[{"@type":"ReadAction","target":["https:\/\/www.drazouz.com\/es\/skin\/"]}]},{"@type":"ImageObject","inLanguage":"es","@id":"https:\/\/www.drazouz.com\/es\/skin\/#primaryimage","url":"https:\/\/www.drazouz.com\/wp-content\/uploads\/2024\/01\/bigstock-beauty-close-up-portrait-young-26123198-1.jpg","contentUrl":"https:\/\/www.drazouz.com\/wp-content\/uploads\/2024\/01\/bigstock-beauty-close-up-portrait-young-26123198-1.jpg","width":1918,"height":915,"caption":"beauty close-up portrait young woman face on white background"},{"@type":"BreadcrumbList","@id":"https:\/\/www.drazouz.com\/es\/skin\/#breadcrumb","itemListElement":[{"@type":"ListItem","position":1,"name":"Home","item":"https:\/\/www.drazouz.com\/es\/"},{"@type":"ListItem","position":2,"name":"Procedimientos","item":"https:\/\/www.drazouz.com\/es\/procedimientos\/"},{"@type":"ListItem","position":3,"name":"Piel"}]},{"@type":"WebSite","@id":"https:\/\/www.drazouz.com\/es\/#website","url":"https:\/\/www.drazouz.com\/es\/","name":"Azouz Cirug\u00eda Pl\u00e1stica y Est\u00e9tica","description":"","potentialAction":[{"@type":"SearchAction","target":{"@type":"EntryPoint","urlTemplate":"https:\/\/www.drazouz.com\/es\/?s={search_term_string}"},"query-input":{"@type":"PropertyValueSpecification","valueRequired":true,"valueName":"search_term_string"}}],"inLanguage":"es"}]}},"_links":{"self":[{"href":"https:\/\/www.drazouz.com\/es\/wp-json\/wp\/v2\/pages\/16975","targetHints":{"allow":["GET"]}}],"collection":[{"href":"https:\/\/www.drazouz.com\/es\/wp-json\/wp\/v2\/pages"}],"about":[{"href":"https:\/\/www.drazouz.com\/es\/wp-json\/wp\/v2\/types\/page"}],"author":[{"embeddable":true,"href":"https:\/\/www.drazouz.com\/es\/wp-json\/wp\/v2\/users\/1"}],"replies":[{"embeddable":true,"href":"https:\/\/www.drazouz.com\/es\/wp-json\/wp\/v2\/comments?post=16975"}],"version-history":[{"count":7,"href":"https:\/\/www.drazouz.com\/es\/wp-json\/wp\/v2\/pages\/16975\/revisions"}],"predecessor-version":[{"id":17247,"href":"https:\/\/www.drazouz.com\/es\/wp-json\/wp\/v2\/pages\/16975\/revisions\/17247"}],"up":[{"embeddable":true,"href":"https:\/\/www.drazouz.com\/es\/wp-json\/wp\/v2\/pages\/8581"}],"wp:featuredmedia":[{"embeddable":true,"href":"https:\/\/www.drazouz.com\/es\/wp-json\/wp\/v2\/media\/11421"}],"wp:attachment":[{"href":"https:\/\/www.drazouz.com\/es\/wp-json\/wp\/v2\/media?parent=16975"}],"curies":[{"name":"wp","href":"https:\/\/api.w.org\/{rel}","templated":true}]}}