{"id":16279,"date":"2024-09-24T03:33:20","date_gmt":"2024-09-24T08:33:20","guid":{"rendered":"https:\/\/www.drazouz.com\/meet-dr-solomon-azouz-new\/"},"modified":"2025-02-12T10:03:27","modified_gmt":"2025-02-12T15:03:27","slug":"meet-dr-solomon-azouz-new","status":"publish","type":"page","link":"https:\/\/www.drazouz.com\/es\/meet-dr-solomon-azouz\/","title":{"rendered":"Conoce al Dr. Solomon Azouz"},"content":{"rendered":"","protected":false},"excerpt":{"rendered":"","protected":false},"author":1,"featured_media":0,"parent":11604,"menu_order":0,"comment_status":"closed","ping_status":"closed","template":"template-builder.php","meta":{"_acf_changed":false,"footnotes":""},"class_list":["post-16279","page","type-page","status-publish"],"acf":[],"yoast_head":"<!-- This site is optimized with the Yoast SEO plugin v27.4 - https:\/\/yoast.com\/product\/yoast-seo-wordpress\/ -->\n<title>Dr. Solomon Azouz Cirujano pl\u00e1stico Dallas | Plano | Richardson<\/title>\n<meta name=\"description\" content=\"Solomon Azouz MD, MSc, FACS, FRCS (C) El Dr. Azouz es un cirujano pl\u00e1stico certificado por la junta estadounidense que tiene en mente los mejores intereses de sus pacientes. El cirujano pl\u00e1stico de Dallas Dr. Solomon (Sol) Azouz se cri\u00f3 en Dallas y\" \/>\n<meta name=\"robots\" content=\"index, follow, max-snippet:-1, max-image-preview:large, max-video-preview:-1\" \/>\n<link rel=\"canonical\" href=\"https:\/\/www.drazouz.com\/es\/meet-dr-solomon-azouz\/\" \/>\n<meta property=\"og:locale\" content=\"es_ES\" \/>\n<meta property=\"og:type\" content=\"article\" \/>\n<meta property=\"og:title\" content=\"Dr. Solomon Azouz Cirujano pl\u00e1stico Dallas | Plano | Richardson\" \/>\n<meta property=\"og:description\" content=\"Solomon Azouz MD, MSc, FACS, FRCS (C) El Dr. Azouz es un cirujano pl\u00e1stico certificado por la junta estadounidense que tiene en mente los mejores intereses de sus pacientes. El cirujano pl\u00e1stico de Dallas Dr. Solomon (Sol) Azouz se cri\u00f3 en Dallas y\" \/>\n<meta property=\"og:url\" content=\"https:\/\/www.drazouz.com\/es\/meet-dr-solomon-azouz\/\" \/>\n<meta property=\"og:site_name\" content=\"Azouz Cirug\u00eda Pl\u00e1stica y Est\u00e9tica\" \/>\n<meta property=\"article:modified_time\" content=\"2025-02-12T15:03:27+00:00\" \/>\n<meta property=\"og:image\" content=\"https:\/\/www.drazouz.com\/wp-content\/uploads\/2024\/03\/jumbotron.webp\" \/>\n<meta name=\"twitter:card\" content=\"summary_large_image\" \/>\n<meta name=\"twitter:image\" content=\"https:\/\/www.drazouz.com\/wp-content\/uploads\/2024\/03\/jumbotron.webp\" \/>\n<!-- \/ Yoast SEO plugin. -->","yoast_head_json":{"title":"Dr. Solomon Azouz Cirujano pl\u00e1stico Dallas | Plano | Richardson","description":"Solomon Azouz MD, MSc, FACS, FRCS (C) El Dr. Azouz es un cirujano pl\u00e1stico certificado por la junta estadounidense que tiene en mente los mejores intereses de sus pacientes. El cirujano pl\u00e1stico de Dallas Dr. Solomon (Sol) Azouz se cri\u00f3 en Dallas y","robots":{"index":"index","follow":"follow","max-snippet":"max-snippet:-1","max-image-preview":"max-image-preview:large","max-video-preview":"max-video-preview:-1"},"canonical":"https:\/\/www.drazouz.com\/es\/meet-dr-solomon-azouz\/","og_locale":"es_ES","og_type":"article","og_title":"Dr. Solomon Azouz Cirujano pl\u00e1stico Dallas | Plano | Richardson","og_description":"Solomon Azouz MD, MSc, FACS, FRCS (C) El Dr. Azouz es un cirujano pl\u00e1stico certificado por la junta estadounidense que tiene en mente los mejores intereses de sus pacientes. El cirujano pl\u00e1stico de Dallas Dr. Solomon (Sol) Azouz se cri\u00f3 en Dallas y","og_url":"https:\/\/www.drazouz.com\/es\/meet-dr-solomon-azouz\/","og_site_name":"Azouz Cirug\u00eda Pl\u00e1stica y Est\u00e9tica","article_modified_time":"2025-02-12T15:03:27+00:00","og_image":[{"url":"https:\/\/www.drazouz.com\/wp-content\/uploads\/2024\/03\/jumbotron.webp","type":"","width":"","height":""}],"twitter_card":"summary_large_image","twitter_image":"https:\/\/www.drazouz.com\/wp-content\/uploads\/2024\/03\/jumbotron.webp","schema":{"@context":"https:\/\/schema.org","@graph":[{"@type":"WebPage","@id":"https:\/\/www.drazouz.com\/es\/meet-dr-solomon-azouz\/","url":"https:\/\/www.drazouz.com\/es\/meet-dr-solomon-azouz\/","name":"Dr. Solomon Azouz Cirujano pl\u00e1stico Dallas | Plano | Richardson","isPartOf":{"@id":"https:\/\/www.drazouz.com\/es\/#website"},"datePublished":"2024-09-24T08:33:20+00:00","dateModified":"2025-02-12T15:03:27+00:00","description":"Solomon Azouz MD, MSc, FACS, FRCS (C) El Dr. Azouz es un cirujano pl\u00e1stico certificado por la junta estadounidense que tiene en mente los mejores intereses de sus pacientes. El cirujano pl\u00e1stico de Dallas Dr. Solomon (Sol) Azouz se cri\u00f3 en Dallas y","breadcrumb":{"@id":"https:\/\/www.drazouz.com\/es\/meet-dr-solomon-azouz\/#breadcrumb"},"inLanguage":"es","potentialAction":[{"@type":"ReadAction","target":["https:\/\/www.drazouz.com\/es\/meet-dr-solomon-azouz\/"]}]},{"@type":"BreadcrumbList","@id":"https:\/\/www.drazouz.com\/es\/meet-dr-solomon-azouz\/#breadcrumb","itemListElement":[{"@type":"ListItem","position":1,"name":"Home","item":"https:\/\/www.drazouz.com\/es\/"},{"@type":"ListItem","position":2,"name":"Acerca","item":"https:\/\/www.drazouz.com\/es\/acerca\/"},{"@type":"ListItem","position":3,"name":"Conoce al Dr. Solomon Azouz"}]},{"@type":"WebSite","@id":"https:\/\/www.drazouz.com\/es\/#website","url":"https:\/\/www.drazouz.com\/es\/","name":"Azouz Cirug\u00eda Pl\u00e1stica y Est\u00e9tica","description":"","potentialAction":[{"@type":"SearchAction","target":{"@type":"EntryPoint","urlTemplate":"https:\/\/www.drazouz.com\/es\/?s={search_term_string}"},"query-input":{"@type":"PropertyValueSpecification","valueRequired":true,"valueName":"search_term_string"}}],"inLanguage":"es"}]}},"_links":{"self":[{"href":"https:\/\/www.drazouz.com\/es\/wp-json\/wp\/v2\/pages\/16279","targetHints":{"allow":["GET"]}}],"collection":[{"href":"https:\/\/www.drazouz.com\/es\/wp-json\/wp\/v2\/pages"}],"about":[{"href":"https:\/\/www.drazouz.com\/es\/wp-json\/wp\/v2\/types\/page"}],"author":[{"embeddable":true,"href":"https:\/\/www.drazouz.com\/es\/wp-json\/wp\/v2\/users\/1"}],"replies":[{"embeddable":true,"href":"https:\/\/www.drazouz.com\/es\/wp-json\/wp\/v2\/comments?post=16279"}],"version-history":[{"count":7,"href":"https:\/\/www.drazouz.com\/es\/wp-json\/wp\/v2\/pages\/16279\/revisions"}],"predecessor-version":[{"id":20535,"href":"https:\/\/www.drazouz.com\/es\/wp-json\/wp\/v2\/pages\/16279\/revisions\/20535"}],"up":[{"embeddable":true,"href":"https:\/\/www.drazouz.com\/es\/wp-json\/wp\/v2\/pages\/11604"}],"wp:attachment":[{"href":"https:\/\/www.drazouz.com\/es\/wp-json\/wp\/v2\/media?parent=16279"}],"curies":[{"name":"wp","href":"https:\/\/api.w.org\/{rel}","templated":true}]}}