{"id":15195,"date":"2024-07-22T12:08:28","date_gmt":"2024-07-22T17:08:28","guid":{"rendered":"https:\/\/www.drazouz.com\/?page_id=15195"},"modified":"2024-11-12T05:45:43","modified_gmt":"2024-11-12T10:45:43","slug":"peelings-quimicos","status":"publish","type":"page","link":"https:\/\/www.drazouz.com\/es\/peelings-quimicos\/","title":{"rendered":"Peelings Qu\u00edmicos"},"content":{"rendered":"<p>En Azouz Plastic Surgery, ofrecemos una variedad de tratamientos de peeling qu\u00edmico de \u00faltima generaci\u00f3n dise\u00f1ados para rejuvenecer y mejorar la apariencia de su piel. Los peelings qu\u00edmicos son un tratamiento popular para las l\u00edneas finas, arrugas, manchas solares, <a href=\"https:\/\/www.drazouz.com\/es\/acne-scars-removal\/\">cicatrices de acn\u00e9<\/a> e hiperpigmentaci\u00f3n. Nuestros peelings qu\u00edmicos pueden adaptarse a sus necesidades espec\u00edficas y combinarse con otros procedimientos cosm\u00e9ticos, como <a href=\"https:\/\/www.drazouz.com\/es\/eyelid-surgery-blepharoplasty\/\">cirug\u00edas de p\u00e1rpados<\/a> y <a href=\"https:\/\/www.drazouz.com\/es\/facelift\/\">lifting facial<\/a>, para proporcionar un rejuvenecimiento facial completo.<\/p>\n<h2>Tipos de Peelings Qu\u00edmicos<\/h2>\n<p><strong>Peeling de Fenol<\/strong><\/p>\n<p>Un peeling de fenol es un peeling qu\u00edmico profundo que mejora significativamente la apariencia de la piel. Puede tratar eficazmente crecimientos precancerosos, da\u00f1os severos por UV y arrugas profundas. Penetra profundamente en la piel, tens\u00e1ndola y rejuveneci\u00e9ndola significativamente. Debido a su intensidad, produce beneficios que duran m\u00e1s tiempo, aunque tambi\u00e9n requiere un per\u00edodo de recuperaci\u00f3n m\u00e1s prolongado.<\/p>\n<p><img loading=\"lazy\" decoding=\"async\" src=\"https:\/\/www.drazouz.com\/wp-content\/uploads\/2024\/07\/image072301.jpg\" alt=\"lifting de p\u00e1rpados con exfoliaci\u00f3n qu\u00edmica antes y despu\u00e9s\" width=\"700\" height=\"194\" class=\"aligncenter size-full wp-image-15212\" srcset=\"https:\/\/www.drazouz.com\/wp-content\/uploads\/2024\/07\/image072301.jpg 1200w, https:\/\/www.drazouz.com\/wp-content\/uploads\/2024\/07\/image072301-300x83.jpg 300w, https:\/\/www.drazouz.com\/wp-content\/uploads\/2024\/07\/image072301-1024x284.jpg 1024w, https:\/\/www.drazouz.com\/wp-content\/uploads\/2024\/07\/image072301-768x213.jpg 768w\" sizes=\"auto, (max-width: 700px) 100vw, 700px\" \/><\/p>\n<p>Para obtener una apariencia m\u00e1s joven y revitalizada alrededor de los ojos, los peelings de fenol pueden combinarse con <a href=\"https:\/\/www.drazouz.com\/es\/eyelid-surgery-blepharoplasty\/\">procedimientos de blefaroplastia (cirug\u00eda de p\u00e1rpados)<\/a>. La regi\u00f3n del p\u00e1rpado inferior se trata con un peeling de fenol despu\u00e9s de la blefaroplastia. Esta combinaci\u00f3n garantiza un tono y textura de piel m\u00e1s uniforme, mejorando tambi\u00e9n los resultados de la cirug\u00eda de p\u00e1rpados al minimizar las arrugas y la decoloraci\u00f3n.<\/p>\n<p><strong>Peeling de TCA<\/strong><\/p>\n<p>Para el tratamiento eficaz de problemas de pigmentaci\u00f3n, imperfecciones superficiales y arrugas finas, se utiliza un peeling de \u00e1cido tricloroac\u00e9tico (TCA) de profundidad media. Con un per\u00edodo de recuperaci\u00f3n moderado, es apropiado para todo tipo de piel y ofrece mejoras notables en el tono y la textura de la piel.<\/p>\n<p><strong>Peeling con Soluci\u00f3n de Jessner<\/strong><\/p>\n<p>El \u00e1cido l\u00e1ctico, el resorcinol y el \u00e1cido salic\u00edlico se combinan en la Soluci\u00f3n de Jessner, que es un peeling ligero a medio. <a href=\"https:\/\/www.drazouz.com\/es\/acne-scars-removal\/\">El acn\u00e9<\/a>, la hiperpigmentaci\u00f3n y las arrugas finas pueden tratarse eficazmente con este peeling. Estimula la renovaci\u00f3n celular exfoliando las capas superficiales de la piel, resultando en una tez m\u00e1s suave y radiante.<\/p>\n<p><strong>Peeling de \u00c1cido Glic\u00f3lico<\/strong><\/p>\n<p>El \u00e1cido glic\u00f3lico, un \u00e1cido alfa hidroxi (AHA), se utiliza en los peelings de \u00e1cido glic\u00f3lico, que son peelings suaves que exfolian la piel delicadamente. Es perfecto para tratar la piel apagada, las arrugas finas y los da\u00f1os solares menores. Este peeling deja la piel radiante y renovada con poco tiempo de recuperaci\u00f3n.<\/p>\n<p><strong>Peeling de \u00c1cido Salic\u00edlico<\/strong><\/p>\n<p>Los peelings de \u00e1cido salic\u00edlico son peelings suaves que utilizan \u00e1cido beta hidroxi (BHA) para tratar la piel propensa al acn\u00e9. Reduce la oleosidad, desobstruye los poros y mejora la claridad de la piel. Este peeling tiene menos tiempo de inactividad y es ideal para personas con piel grasa o propensa al acn\u00e9.<\/p>\n<p><strong>Peeling SkinBetter Go and Glow<\/strong><\/p>\n<p>Con poco tiempo de recuperaci\u00f3n, el <a href=\"https:\/\/www.drazouz.com\/es\/skinbetter-science\/\">peeling SkinBetter Go and Glow<\/a> es un peeling suave que produce resultados notables. Este peeling es perfecto para mejorar la claridad, el tono y la textura de la piel. Aborda eficazmente la opacidad, las arrugas finas y los problemas de pigmentaci\u00f3n, dejando su piel renovada y luminosa.<\/p>\n<h2>Combinaci\u00f3n de Tratamientos Cosm\u00e9ticos con Peelings Qu\u00edmicos<\/h2>\n<p><strong>Botox y Peelings Qu\u00edmicos<\/strong><\/p>\n<p>El Botox y un peeling qu\u00edmico juntos pueden proporcionar resultados antienvejecimiento m\u00e1s potentes. Mientras que los peelings qu\u00edmicos mejoran la superficie de la piel eliminando las c\u00e9lulas muertas y estimulando la creaci\u00f3n de col\u00e1geno, el Botox reduce la apariencia de las arrugas din\u00e1micas relajando los m\u00fasculos faciales subyacentes. Despu\u00e9s de someterse a este tratamiento combinado, la piel se vuelve m\u00e1s suave y de aspecto m\u00e1s joven, con mejor textura y menos arrugas.<\/p>\n<p><strong>Rellenos y Peelings Qu\u00edmicos<\/strong><\/p>\n<p>Combinar rellenos d\u00e9rmicos con un peeling qu\u00edmico puede ofrecer un m\u00e9todo completo de rejuvenecimiento facial. Los rellenos proporcionan volumen y contorno a las \u00e1reas de la piel que han perdido plenitud debido a la edad, mientras que el peeling qu\u00edmico mejora la superficie de la piel. Esta combinaci\u00f3n le da una apariencia m\u00e1s juvenil y equilibrada al abordar eficazmente tanto los signos de envejecimiento profundos como superficiales.<\/p>\n<p><img loading=\"lazy\" decoding=\"async\" src=\"https:\/\/www.drazouz.com\/wp-content\/uploads\/2024\/07\/image072302.jpg\" alt=\"peeling qu\u00edmico antes y despu\u00e9s.\" width=\"700\" height=\"546\" class=\"aligncenter size-full wp-image-15222\" srcset=\"https:\/\/www.drazouz.com\/wp-content\/uploads\/2024\/07\/image072302.jpg 1200w, https:\/\/www.drazouz.com\/wp-content\/uploads\/2024\/07\/image072302-300x234.jpg 300w, https:\/\/www.drazouz.com\/wp-content\/uploads\/2024\/07\/image072302-1024x799.jpg 1024w, https:\/\/www.drazouz.com\/wp-content\/uploads\/2024\/07\/image072302-768x599.jpg 768w\" sizes=\"auto, (max-width: 700px) 100vw, 700px\" \/><\/p>\n<h2>Reserve su Peeling Qu\u00edmico en Dallas<\/h2>\n<p>Nuestro personal calificado en Azouz Plastic Surgery est\u00e1 comprometido con su cuidado personalizado y resultados excepcionales. Colaboraremos estrechamente con usted para elegir el curso de acci\u00f3n m\u00e1s adecuado seg\u00fan su tipo de piel, preocupaciones y resultado est\u00e9tico deseado. Podemos ayudarle a lograr su apariencia ideal, ya sea que est\u00e9 considerando un peeling qu\u00edmico individual o un tratamiento combinado con Botox, rellenos, blefaroplastia o lifting facial.<\/p>\n<p>P\u00f3ngase en contacto con Azouz Plastic Surgery al <a href=\"tel:9727028888\" class=\"phone_anchor \" aria-label=\"ll\u00e1manos (972) 702-8888\">(972) 702-8888<\/a> o <a href=\"https:\/\/www.drazouz.com\/es\/contact\/\">cont\u00e1ctenos en l\u00ednea<\/a> ahora para concertar una consulta si desea m\u00e1s informaci\u00f3n sobre nuestros tratamientos de peeling qu\u00edmico y c\u00f3mo pueden combinarse con otras operaciones cosm\u00e9ticas. Nuestro personal capacitado est\u00e1 preparado para ayudarle en su camino hacia una piel m\u00e1s sana y vibrante.<\/p>\n","protected":false},"excerpt":{"rendered":"<p>En Azouz Plastic Surgery, ofrecemos una variedad de tratamientos de peeling qu\u00edmico de \u00faltima generaci\u00f3n dise\u00f1ados para<br \/><a href=\"https:\/\/www.drazouz.com\/es\/peelings-quimicos\/\" class=\"btn btn-blue mt-3\">Sigue leyendo<\/a><\/p>\n","protected":false},"author":1,"featured_media":15218,"parent":16975,"menu_order":0,"comment_status":"closed","ping_status":"closed","template":"","meta":{"_acf_changed":false,"footnotes":""},"class_list":["post-15195","page","type-page","status-publish","has-post-thumbnail"],"acf":[],"yoast_head":"<!-- This site is optimized with the Yoast SEO plugin v27.4 - https:\/\/yoast.com\/product\/yoast-seo-wordpress\/ -->\n<title>Peelings Qu\u00edmicos | Azouz Cirug\u00eda Pl\u00e1stica y Est\u00e9tica<\/title>\n<meta name=\"description\" content=\"Los peelings qu\u00edmicos son un tratamiento popular para las l\u00edneas finas, arrugas, manchas solares, cicatrices de acn\u00e9 e hiperpigmentaci\u00f3n. En Azouz Plastic Surgery, ofrecemos una variedad de peelings qu\u00edmicos de vanguardia.\" \/>\n<meta name=\"robots\" content=\"index, follow, max-snippet:-1, max-image-preview:large, max-video-preview:-1\" \/>\n<link rel=\"canonical\" href=\"https:\/\/www.drazouz.com\/es\/peelings-quimicos\/\" \/>\n<meta property=\"og:locale\" content=\"es_ES\" \/>\n<meta property=\"og:type\" content=\"article\" \/>\n<meta property=\"og:title\" content=\"Peelings Qu\u00edmicos | Azouz Cirug\u00eda Pl\u00e1stica y Est\u00e9tica\" \/>\n<meta property=\"og:description\" content=\"Los peelings qu\u00edmicos son un tratamiento popular para las l\u00edneas finas, arrugas, manchas solares, cicatrices de acn\u00e9 e hiperpigmentaci\u00f3n. En Azouz Plastic Surgery, ofrecemos una variedad de peelings qu\u00edmicos de vanguardia.\" \/>\n<meta property=\"og:url\" content=\"https:\/\/www.drazouz.com\/es\/peelings-quimicos\/\" \/>\n<meta property=\"og:site_name\" content=\"Azouz Cirug\u00eda Pl\u00e1stica y Est\u00e9tica\" \/>\n<meta property=\"article:modified_time\" content=\"2024-11-12T10:45:43+00:00\" \/>\n<meta property=\"og:image\" content=\"https:\/\/www.drazouz.com\/wp-content\/uploads\/2024\/07\/header-chemical-peels-1.jpg\" \/>\n<meta name=\"twitter:card\" content=\"summary_large_image\" \/>\n<meta name=\"twitter:image\" content=\"https:\/\/www.drazouz.com\/wp-content\/uploads\/2024\/07\/header-chemical-peels-1.jpg\" \/>\n<meta name=\"twitter:label1\" content=\"Tiempo de lectura\" \/>\n\t<meta name=\"twitter:data1\" content=\"4 minutos\" \/>\n<!-- \/ Yoast SEO plugin. -->","yoast_head_json":{"title":"Peelings Qu\u00edmicos | Azouz Cirug\u00eda Pl\u00e1stica y Est\u00e9tica","description":"Los peelings qu\u00edmicos son un tratamiento popular para las l\u00edneas finas, arrugas, manchas solares, cicatrices de acn\u00e9 e hiperpigmentaci\u00f3n. En Azouz Plastic Surgery, ofrecemos una variedad de peelings qu\u00edmicos de vanguardia.","robots":{"index":"index","follow":"follow","max-snippet":"max-snippet:-1","max-image-preview":"max-image-preview:large","max-video-preview":"max-video-preview:-1"},"canonical":"https:\/\/www.drazouz.com\/es\/peelings-quimicos\/","og_locale":"es_ES","og_type":"article","og_title":"Peelings Qu\u00edmicos | Azouz Cirug\u00eda Pl\u00e1stica y Est\u00e9tica","og_description":"Los peelings qu\u00edmicos son un tratamiento popular para las l\u00edneas finas, arrugas, manchas solares, cicatrices de acn\u00e9 e hiperpigmentaci\u00f3n. En Azouz Plastic Surgery, ofrecemos una variedad de peelings qu\u00edmicos de vanguardia.","og_url":"https:\/\/www.drazouz.com\/es\/peelings-quimicos\/","og_site_name":"Azouz Cirug\u00eda Pl\u00e1stica y Est\u00e9tica","article_modified_time":"2024-11-12T10:45:43+00:00","og_image":[{"url":"https:\/\/www.drazouz.com\/wp-content\/uploads\/2024\/07\/header-chemical-peels-1.jpg","type":"","width":"","height":""}],"twitter_card":"summary_large_image","twitter_image":"https:\/\/www.drazouz.com\/wp-content\/uploads\/2024\/07\/header-chemical-peels-1.jpg","twitter_misc":{"Tiempo de lectura":"4 minutos"},"schema":{"@context":"https:\/\/schema.org","@graph":[{"@type":"WebPage","@id":"https:\/\/www.drazouz.com\/es\/peelings-quimicos\/","url":"https:\/\/www.drazouz.com\/es\/peelings-quimicos\/","name":"Peelings Qu\u00edmicos | Azouz Cirug\u00eda Pl\u00e1stica y Est\u00e9tica","isPartOf":{"@id":"https:\/\/www.drazouz.com\/es\/#website"},"primaryImageOfPage":{"@id":"https:\/\/www.drazouz.com\/es\/peelings-quimicos\/#primaryimage"},"image":{"@id":"https:\/\/www.drazouz.com\/es\/peelings-quimicos\/#primaryimage"},"thumbnailUrl":"https:\/\/www.drazouz.com\/wp-content\/uploads\/2024\/07\/header-chemical-peels-1.jpg","datePublished":"2024-07-22T17:08:28+00:00","dateModified":"2024-11-12T10:45:43+00:00","description":"Los peelings qu\u00edmicos son un tratamiento popular para las l\u00edneas finas, arrugas, manchas solares, cicatrices de acn\u00e9 e hiperpigmentaci\u00f3n. En Azouz Plastic Surgery, ofrecemos una variedad de peelings qu\u00edmicos de vanguardia.","breadcrumb":{"@id":"https:\/\/www.drazouz.com\/es\/peelings-quimicos\/#breadcrumb"},"inLanguage":"es","potentialAction":[{"@type":"ReadAction","target":["https:\/\/www.drazouz.com\/es\/peelings-quimicos\/"]}]},{"@type":"ImageObject","inLanguage":"es","@id":"https:\/\/www.drazouz.com\/es\/peelings-quimicos\/#primaryimage","url":"https:\/\/www.drazouz.com\/wp-content\/uploads\/2024\/07\/header-chemical-peels-1.jpg","contentUrl":"https:\/\/www.drazouz.com\/wp-content\/uploads\/2024\/07\/header-chemical-peels-1.jpg","width":1928,"height":815,"caption":"chemical peel before and after"},{"@type":"BreadcrumbList","@id":"https:\/\/www.drazouz.com\/es\/peelings-quimicos\/#breadcrumb","itemListElement":[{"@type":"ListItem","position":1,"name":"Home","item":"https:\/\/www.drazouz.com\/es\/"},{"@type":"ListItem","position":2,"name":"Procedimientos","item":"https:\/\/www.drazouz.com\/es\/procedimientos\/"},{"@type":"ListItem","position":3,"name":"Piel","item":"https:\/\/www.drazouz.com\/es\/skin\/"},{"@type":"ListItem","position":4,"name":"Peelings Qu\u00edmicos"}]},{"@type":"WebSite","@id":"https:\/\/www.drazouz.com\/es\/#website","url":"https:\/\/www.drazouz.com\/es\/","name":"Azouz Cirug\u00eda Pl\u00e1stica y Est\u00e9tica","description":"","potentialAction":[{"@type":"SearchAction","target":{"@type":"EntryPoint","urlTemplate":"https:\/\/www.drazouz.com\/es\/?s={search_term_string}"},"query-input":{"@type":"PropertyValueSpecification","valueRequired":true,"valueName":"search_term_string"}}],"inLanguage":"es"}]}},"_links":{"self":[{"href":"https:\/\/www.drazouz.com\/es\/wp-json\/wp\/v2\/pages\/15195","targetHints":{"allow":["GET"]}}],"collection":[{"href":"https:\/\/www.drazouz.com\/es\/wp-json\/wp\/v2\/pages"}],"about":[{"href":"https:\/\/www.drazouz.com\/es\/wp-json\/wp\/v2\/types\/page"}],"author":[{"embeddable":true,"href":"https:\/\/www.drazouz.com\/es\/wp-json\/wp\/v2\/users\/1"}],"replies":[{"embeddable":true,"href":"https:\/\/www.drazouz.com\/es\/wp-json\/wp\/v2\/comments?post=15195"}],"version-history":[{"count":4,"href":"https:\/\/www.drazouz.com\/es\/wp-json\/wp\/v2\/pages\/15195\/revisions"}],"predecessor-version":[{"id":15226,"href":"https:\/\/www.drazouz.com\/es\/wp-json\/wp\/v2\/pages\/15195\/revisions\/15226"}],"up":[{"embeddable":true,"href":"https:\/\/www.drazouz.com\/es\/wp-json\/wp\/v2\/pages\/16975"}],"wp:featuredmedia":[{"embeddable":true,"href":"https:\/\/www.drazouz.com\/es\/wp-json\/wp\/v2\/media\/15218"}],"wp:attachment":[{"href":"https:\/\/www.drazouz.com\/es\/wp-json\/wp\/v2\/media?parent=15195"}],"curies":[{"name":"wp","href":"https:\/\/api.w.org\/{rel}","templated":true}]}}