{"id":14057,"date":"2024-04-22T07:02:04","date_gmt":"2024-04-22T12:02:04","guid":{"rendered":"https:\/\/www.drazouz.com\/?page_id=14057"},"modified":"2024-04-22T07:32:36","modified_gmt":"2024-04-22T12:32:36","slug":"abdominoplastia-para-hombres","status":"publish","type":"page","link":"https:\/\/www.drazouz.com\/es\/abdominoplastia-para-hombres\/","title":{"rendered":"Abdominoplastia para Hombres"},"content":{"rendered":"<p>La abdominoplastia, tambi\u00e9n conocida como cirug\u00eda de abdomen, est\u00e1 volvi\u00e9ndose cada vez <a href=\"https:\/\/www.drazouz.com\/es\/for-men\/\">m\u00e1s popular entre los hombres<\/a>. Esta cirug\u00eda tiene muchas ventajas, como un abdomen m\u00e1s plano y tonificado, una mejor postura, y posiblemente incluso menos dolor de espalda. Los hombres que han perdido una gran cantidad de peso o que sufren de piel fl\u00e1cida alrededor del abdomen como resultado del envejecimiento o la herencia pueden notar una gran mejor\u00eda en su apariencia y confianza. Una abdominoplastia para hombres ofrece una soluci\u00f3n espec\u00edfica para <strong>recortar el exceso de grasa, tensar los m\u00fasculos abdominales, y esculpir una secci\u00f3n media m\u00e1s definida<\/strong>. <a href=\"https:\/\/www.drazouz.com\/meet-dr-solomon-azouz\/\">El cirujano pl\u00e1stico certificado por la junta en Dallas, el Dr. Solomon Azouz<\/a>, tiene una amplia formaci\u00f3n en abdominoplastia para ayudar a los hombres a recuperar la confianza en su apariencia y alcanzar sus aspiraciones est\u00e9ticas.<\/p>\n<h2>\u00bfC\u00f3mo es diferente una abdominoplastia para hombres?<\/h2>\n<p>Los enfoques de la abdominoplastia son bastante similares tanto para hombres como para mujeres. La funci\u00f3n principal de eliminar el exceso de piel y tensar los m\u00fasculos abdominales sigue siendo la misma. Sin embargo, hay algunas diferencias leves:<\/p>\n<ul>\n<li>Incisiones: El Dr. Azouz puede realizar incisiones con formas ligeramente diferentes. Los hombres suelen preferir una <strong>cicatriz m\u00e1s recta y masculina<\/strong>, mientras que las mujeres pueden optar por una incisi\u00f3n curva para una apariencia m\u00e1s femenina.<\/li>\n<li>Ombligo: El ombligo puede ser moldeado de manera diferente seg\u00fan el g\u00e9nero. Las mujeres prefieren un ombligo m\u00e1s vertical y curvo, pero un ombligo masculino natural puede mantenerse o moldearse a una <strong>forma m\u00e1s circular<\/strong>.<\/li>\n<li>Enfoque: Los hombres suelen buscar m\u00e1s definici\u00f3n y un abdomen m\u00e1s plano, a veces incluyendo liposucci\u00f3n para eliminar dep\u00f3sitos de grasa como los \u00abflotadores\u00bb y lograr una <strong>apariencia m\u00e1s esculpida<\/strong>. Las mujeres, por otro lado, pueden enfatizar la creaci\u00f3n de una figura de reloj de arena esculpida o tratar la piel fl\u00e1cida despu\u00e9s del embarazo.<\/li>\n<\/ul>\n<p><img loading=\"lazy\" decoding=\"async\" src=\"https:\/\/www.drazouz.com\/wp-content\/uploads\/2024\/04\/image-042207-1.jpeg\" alt=\"beer belly treatment surgery\" width=\"800\" height=\"434\" class=\"size-full wp-image-14039 aligncenter\" srcset=\"https:\/\/www.drazouz.com\/wp-content\/uploads\/2024\/04\/image-042207-1.jpeg 1024w, https:\/\/www.drazouz.com\/wp-content\/uploads\/2024\/04\/image-042207-1-300x163.jpeg 300w, https:\/\/www.drazouz.com\/wp-content\/uploads\/2024\/04\/image-042207-1-768x417.jpeg 768w\" sizes=\"auto, (max-width: 800px) 100vw, 800px\" \/><\/p>\n<h2>\u00bfQui\u00e9n es candidato para una abdominoplastia masculina?<\/h2>\n<p>Un buen candidato para una abdominoplastia masculina es alguien que haya intentado dieta y ejercicio pero a\u00fan tenga <strong>dep\u00f3sitos de grasa obstinados y piel fl\u00e1cida en su abdomen<\/strong>. Esto podr\u00eda estar relacionado con la herencia o la p\u00e9rdida de peso severa, lo que resulta en laxitud cut\u00e1nea no deseada. Esta operaci\u00f3n tambi\u00e9n puede beneficiar a hombres que tienen <a href=\"https:\/\/www.drazouz.com\/es\/diastasis-recti-repair\/\">separaci\u00f3n de m\u00fasculos (recto abdominal) despu\u00e9s de la p\u00e9rdida de peso o cirug\u00eda bari\u00e1trica<\/a>, lo que dificulta lograr un abdomen tonificado. Idealmente, un candidato deber\u00eda desear un n\u00facleo m\u00e1s firme y contorneado que se ajuste a su tipo de cuerpo masculino.<\/p>\n<h2>\u00bfCu\u00e1les son los beneficios de una abdominoplastia masculina?<\/h2>\n<p>La abdominoplastia masculina ofrece una variedad de beneficios adaptados para satisfacer las necesidades est\u00e9ticas de los hombres, incluyendo:<\/p>\n<ul>\n<li>Eliminaci\u00f3n de piel y grasa en exceso, resultando en un abdomen m\u00e1s plano y esculpido.<\/li>\n<li>Fortalecimiento y tensado de los m\u00fasculos abdominales para una mayor fuerza y estabilidad del n\u00facleo.<\/li>\n<li>Refinamiento de los contornos abdominales, fomentando un sentido de confianza y masculinidad.<\/li>\n<li>Reducci\u00f3n en la apariencia de estr\u00edas y otras imperfecciones cut\u00e1neas, promoviendo una apariencia m\u00e1s suave y juvenil.<\/li>\n<li>Mayor comodidad y ajuste en la ropa, acentuando la silueta masculina.<\/li>\n<\/ul>\n<h2>Cirug\u00eda de Abdominoplastia Masculina<\/h2>\n<p>El cirujano pl\u00e1stico certificado por la junta, el Dr. Azouz, emplea t\u00e9cnicas quir\u00fargicas avanzadas y planes de tratamiento individualizados para ofrecer resultados \u00f3ptimos adaptados a la fisonom\u00eda y objetivos est\u00e9ticos de cada paciente.<\/p>\n<ol>\n<li><strong>Incisiones<\/strong>: El cirujano crear\u00e1 una incisi\u00f3n en la parte inferior del abdomen, generalmente oculta bajo la l\u00ednea del cintur\u00f3n. La longitud de la incisi\u00f3n depende de cu\u00e1nta piel sobrante deba ser eliminada. En algunas situaciones, puede ser necesaria una incisi\u00f3n separada alrededor del ombligo para su reubicaci\u00f3n.<\/li>\n<li><strong>Liposucci\u00f3n<\/strong>: La liposucci\u00f3n suele realizarse junto con la abdominoplastia para eliminar dep\u00f3sitos de grasa adicionales en \u00e1reas como los flancos (\u00abrollitos\u00bb), lo que resulta en una apariencia m\u00e1s esculpida.<\/li>\n<li><strong>Estiramiento Muscular<\/strong>: Se utilizan suturas para tensar los m\u00fasculos abdominales, que pueden haberse aflojado debido a estiramientos o p\u00e9rdida de peso. Esto promueve un n\u00facleo m\u00e1s firme y tonificado.<\/li>\n<li><strong>Redistribuci\u00f3n de la Piel<\/strong>: Para eliminar el exceso de tejido, la piel restante se estira suavemente hacia abajo y se tensa. El cirujano redistribuye delicadamente la piel para crear una forma suave y natural. Por \u00faltimo, se utilizan puntos de sutura para cerrar las incisiones y se colocan ap\u00f3sitos.<\/li>\n<\/ol>\n<h2>\u00bfQu\u00e9 tipo de anestesia se utiliza en una abdominoplastia masculina?<\/h2>\n<p>El Dr. Azouz, cirujano pl\u00e1stico en Dallas, evita el uso de la anestesia general debido a los efectos secundarios postoperatorios, incluida la n\u00e1usea. La mayor\u00eda de los pacientes tambi\u00e9n tienen una recuperaci\u00f3n m\u00e1s prolongada despu\u00e9s de la anestesia general. En su lugar, el Dr. Azouz utiliza sedaci\u00f3n con un <a href=\"https:\/\/www.drazouz.com\/es\/blog\/tap-blocks-in-plastic-surgery\/\">anest\u00e9sico local<\/a>, que adormece el \u00e1rea quir\u00fargica durante hasta 24 horas despu\u00e9s de la cirug\u00eda. La sedaci\u00f3n crepuscular ayuda con cualquier molestia y ofrece <strong>tiempos de recuperaci\u00f3n m\u00e1s r\u00e1pidos en comparaci\u00f3n con la anestesia general<\/strong>.<\/p>\n<h2>\u00bfCu\u00e1l es la recuperaci\u00f3n despu\u00e9s de una abdominoplastia en hombres?<\/h2>\n<p>La recuperaci\u00f3n de la abdominoplastia masculina es un proceso gradual. Durante las primeras 1-2 semanas, puede esperar hinchaz\u00f3n y moretones alrededor del abdomen, as\u00ed como cierta incomodidad y tensi\u00f3n. Para las semanas 3-4, la hinchaz\u00f3n y los moretones deber\u00edan haber disminuido significativamente, y es posible que pueda reanudar actividades ligeras. La mayor\u00eda de los pacientes pueden volver al trabajo frente al ordenador dentro de las primeras 2 semanas. Entre las 4 y 6 semanas, la mayor\u00eda de la hinchaz\u00f3n disminuye y comenzar\u00e1 a tener una mejor idea de los resultados finales. Es importante saber que peque\u00f1as cantidades de hinchaz\u00f3n pueden durar algunos meses despu\u00e9s de la cirug\u00eda mientras su cuerpo se cura por completo. El Dr. Azouz, cirujano pl\u00e1stico en Dallas, recomendar\u00e1 prendas de compresi\u00f3n espec\u00edficas para <strong>minimizar la hinchaz\u00f3n y apoyar la curaci\u00f3n<\/strong> de los tejidos. Tambi\u00e9n debe evitar inclinarse, torcerse y levantar objetos pesados durante un tiempo para evitar tensionar los m\u00fasculos reparados. El Dr. Azouz, cirujano pl\u00e1stico certificado por la junta, tambi\u00e9n puede recomendar una dieta espec\u00edfica para fomentar la curaci\u00f3n y reducir la inflamaci\u00f3n.<\/p>\n<h2>\u00bfQu\u00e9 procedimientos se pueden combinar con una abdominoplastia?<\/h2>\n<p><img loading=\"lazy\" decoding=\"async\" src=\"https:\/\/www.drazouz.com\/wp-content\/uploads\/2024\/04\/header-image-042208.jpeg\" alt=\"abdominoplastia masculina\" width=\"350\" height=\"233\" class=\"size-full wp-image-14041 alignright\" srcset=\"https:\/\/www.drazouz.com\/wp-content\/uploads\/2024\/04\/header-image-042208.jpeg 1024w, https:\/\/www.drazouz.com\/wp-content\/uploads\/2024\/04\/header-image-042208-300x200.jpeg 300w, https:\/\/www.drazouz.com\/wp-content\/uploads\/2024\/04\/header-image-042208-768x512.jpeg 768w\" sizes=\"auto, (max-width: 350px) 100vw, 350px\" \/>Adem\u00e1s de una abdominoplastia, los hombres pueden considerar combinar otros procedimientos para mejorar a\u00fan m\u00e1s sus resultados est\u00e9ticos globales:<\/p>\n<ul>\n<li><a href=\"https:\/\/www.drazouz.com\/es\/men-liposuction-in-dallas\/\"><strong>Liposucci\u00f3n<\/strong><\/a>: La liposucci\u00f3n dirigida puede abordar dep\u00f3sitos de grasa obstinados en otras \u00e1reas, como los flancos (\u00abrollitos\u00bb) o el pecho, complementando los resultados de una abdominoplastia masculina y logrando una figura m\u00e1s esculpida.<\/li>\n<\/ul>\n<ul>\n<li><a href=\"https:\/\/www.drazouz.com\/es\/gynecomastia\/\"><strong>Cirug\u00eda de Ginecomastia<\/strong><\/a>: Para hombres que tienen exceso de tejido mamario o pechos masculinos agrandados (ginecomastia), combinar una abdominoplastia con cirug\u00eda de ginecomastia puede restaurar un contorno mamario masculino y una proporci\u00f3n corporal general.<\/li>\n<li><a href=\"https:\/\/www.drazouz.com\/es\/liposuction-male-body-contouring-dallas\/\"><strong>Contorneado Corporal<\/strong><\/a>: Los procedimientos de contorneado corporal integral pueden refinar a\u00fan m\u00e1s la fisonom\u00eda al abordar el exceso de piel y grasa en otras \u00e1reas, creando una apariencia m\u00e1s armoniosa y equilibrada.<\/li>\n<\/ul>\n<h2>\u00bfCu\u00e1nto cuesta una abdominoplastia masculina?<\/h2>\n<p>Hay muchos costos asociados con la cirug\u00eda, incluidos los honorarios del cirujano, la instalaci\u00f3n, la anestesia y el equipo. Durante su consulta, el Dr. Azouz, cirujano pl\u00e1stico certificado por la junta, proporcionar\u00e1 un <a href=\"https:\/\/www.drazouz.com\/es\/fees-insurance\/\">presupuesto personalizado<\/a> despu\u00e9s de su examen f\u00edsico. En la mayor\u00eda de los casos, puede ser m\u00e1s rentable combinar procedimientos para cumplir con sus objetivos \u00fanicos. El Dr. Azouz tambi\u00e9n discutir\u00e1 las opciones de financiamiento.<\/p>\n<h2>Programa tu consulta con el Dr. Azouz<\/h2>\n<p>Emprende tu camino hacia una fisonom\u00eda m\u00e1s segura y esculpida con una abdominoplastia masculina. Ponte en contacto con la oficina del Dr. Azouz hoy mismo para programar una consulta llamando al <a href=\"tel:9727028888\" class=\"phone_anchor \" aria-label=\"ll\u00e1manos (972) 702-8888\">(972) 702-8888<\/a> o <a href=\"https:\/\/www.drazouz.com\/es\/contact\/\">contact\u00e1ndonos en l\u00ednea<\/a>, y da el primer paso hacia la realizaci\u00f3n de tus aspiraciones est\u00e9ticas.<\/p>\n<h3>Preguntas Frecuentes<\/h3>\n<dl id=\"faq-1\" class=\"flc-faq\"><dt id=\"l11\"><button class=\"card-header collapsed d-flex align-items-center w-100 text-left\" data-toggle=\"collapse\" data-target=\"#t11\" aria-expanded=\"false\" aria-controls=\"t11\"><i class=\"ml-1 fas fa-chevron-down\"><\/i> \u00bfHabr\u00e1 cicatrices visibles despu\u00e9s del procedimiento?<\/button><\/dt><dd id=\"t11\" class=\"m-0 collapse\" aria-labelledby=\"l11\" aria-expanded=\"false\" data-parent=\"#faq-1\"><div class=\"card-body\"><p>Las incisiones se colocan estrat\u00e9gicamente para minimizar las cicatrices visibles, asegurando una est\u00e9tica natural y masculina. El Dr. Azouz se esfuerza por camuflar las cicatrices dentro de los pliegues naturales del cuerpo para minimizar las cicatrices. Las cicatrices generalmente se desvanecen con el tiempo y pueden ser ocultadas con la ropa.<\/p>\n<\/div><\/dd><dt id=\"l12\"><button class=\"card-header collapsed d-flex align-items-center w-100 text-left\" data-toggle=\"collapse\" data-target=\"#t12\" aria-expanded=\"false\" aria-controls=\"t12\"><i class=\"ml-1 fas fa-chevron-down\"><\/i> \u00bfPuede la abdominoplastia masculina ayudarme a lograr una fisonom\u00eda m\u00e1s masculina?<\/button><\/dt><dd id=\"t12\" class=\"m-0 collapse\" aria-labelledby=\"l12\" aria-expanded=\"false\" data-parent=\"#faq-1\"><div class=\"card-body\"><p>Absolutamente. La abdominoplastia masculina est\u00e1 dise\u00f1ada para mejorar los contornos masculinos y lograr una apariencia esculpida y atl\u00e9tica, en l\u00ednea con tus aspiraciones est\u00e9ticas.<\/p>\n<\/div><\/dd><dt id=\"l13\"><button class=\"card-header collapsed d-flex align-items-center w-100 text-left\" data-toggle=\"collapse\" data-target=\"#t13\" aria-expanded=\"false\" aria-controls=\"t13\"><i class=\"ml-1 fas fa-chevron-down\"><\/i> \u00bfNecesito mantener un estilo de vida espec\u00edfico despu\u00e9s del procedimiento?<\/button><\/dt><dd id=\"t13\" class=\"m-0 collapse\" aria-labelledby=\"l13\" aria-expanded=\"false\" data-parent=\"#faq-1\"><div class=\"card-body\"><p>S\u00ed, mantener un estilo de vida saludable, que incluya ejercicio regular y una dieta equilibrada, es crucial para preservar y mejorar los resultados de la abdominoplastia masculina, asegurando una satisfacci\u00f3n duradera con tu apariencia.<\/p>\n<\/div><\/dd><\/dl>\n","protected":false},"excerpt":{"rendered":"<p>La abdominoplastia, tambi\u00e9n conocida como cirug\u00eda de abdomen, est\u00e1 volvi\u00e9ndose cada vez m\u00e1s popular entre los hombres.<br \/><a href=\"https:\/\/www.drazouz.com\/es\/abdominoplastia-para-hombres\/\" class=\"btn btn-blue mt-3\">Sigue leyendo<\/a><\/p>\n","protected":false},"author":1,"featured_media":14031,"parent":3802,"menu_order":0,"comment_status":"closed","ping_status":"closed","template":"","meta":{"_acf_changed":false,"footnotes":""},"class_list":["post-14057","page","type-page","status-publish","has-post-thumbnail"],"acf":[],"yoast_head":"<!-- This site is optimized with the Yoast SEO plugin v27.4 - https:\/\/yoast.com\/product\/yoast-seo-wordpress\/ -->\n<title>Abdominoplastia para Hombres | Azouz Cirug\u00eda Pl\u00e1stica y Est\u00e9tica<\/title>\n<meta name=\"robots\" content=\"index, follow, max-snippet:-1, max-image-preview:large, max-video-preview:-1\" \/>\n<link rel=\"canonical\" href=\"https:\/\/www.drazouz.com\/es\/abdominoplastia-para-hombres\/\" \/>\n<meta property=\"og:locale\" content=\"es_ES\" \/>\n<meta property=\"og:type\" content=\"article\" \/>\n<meta property=\"og:title\" content=\"Abdominoplastia para Hombres | Azouz Cirug\u00eda Pl\u00e1stica y Est\u00e9tica\" \/>\n<meta property=\"og:description\" content=\"La abdominoplastia, tambi\u00e9n conocida como cirug\u00eda de abdomen, est\u00e1 volvi\u00e9ndose cada vez m\u00e1s popular entre los hombres.Sigue leyendo\" \/>\n<meta property=\"og:url\" content=\"https:\/\/www.drazouz.com\/es\/abdominoplastia-para-hombres\/\" \/>\n<meta property=\"og:site_name\" content=\"Azouz Cirug\u00eda Pl\u00e1stica y Est\u00e9tica\" \/>\n<meta property=\"article:modified_time\" content=\"2024-04-22T12:32:36+00:00\" \/>\n<meta property=\"og:image\" content=\"https:\/\/www.drazouz.com\/wp-content\/uploads\/2024\/04\/header-image-042205.jpeg\" \/>\n<meta name=\"twitter:card\" content=\"summary_large_image\" \/>\n<meta name=\"twitter:image\" content=\"https:\/\/www.drazouz.com\/wp-content\/uploads\/2024\/04\/header-image-042205.jpeg\" \/>\n<meta name=\"twitter:label1\" content=\"Tiempo de lectura\" \/>\n\t<meta name=\"twitter:data1\" content=\"6 minutos\" \/>\n<!-- \/ Yoast SEO plugin. -->","yoast_head_json":{"title":"Abdominoplastia para Hombres | Azouz Cirug\u00eda Pl\u00e1stica y Est\u00e9tica","robots":{"index":"index","follow":"follow","max-snippet":"max-snippet:-1","max-image-preview":"max-image-preview:large","max-video-preview":"max-video-preview:-1"},"canonical":"https:\/\/www.drazouz.com\/es\/abdominoplastia-para-hombres\/","og_locale":"es_ES","og_type":"article","og_title":"Abdominoplastia para Hombres | Azouz Cirug\u00eda Pl\u00e1stica y Est\u00e9tica","og_description":"La abdominoplastia, tambi\u00e9n conocida como cirug\u00eda de abdomen, est\u00e1 volvi\u00e9ndose cada vez m\u00e1s popular entre los hombres.Sigue leyendo","og_url":"https:\/\/www.drazouz.com\/es\/abdominoplastia-para-hombres\/","og_site_name":"Azouz Cirug\u00eda Pl\u00e1stica y Est\u00e9tica","article_modified_time":"2024-04-22T12:32:36+00:00","og_image":[{"url":"https:\/\/www.drazouz.com\/wp-content\/uploads\/2024\/04\/header-image-042205.jpeg","type":"","width":"","height":""}],"twitter_card":"summary_large_image","twitter_image":"https:\/\/www.drazouz.com\/wp-content\/uploads\/2024\/04\/header-image-042205.jpeg","twitter_misc":{"Tiempo de lectura":"6 minutos"},"schema":{"@context":"https:\/\/schema.org","@graph":[{"@type":"WebPage","@id":"https:\/\/www.drazouz.com\/es\/abdominoplastia-para-hombres\/","url":"https:\/\/www.drazouz.com\/es\/abdominoplastia-para-hombres\/","name":"Abdominoplastia para Hombres | Azouz Cirug\u00eda Pl\u00e1stica y Est\u00e9tica","isPartOf":{"@id":"https:\/\/www.drazouz.com\/es\/#website"},"primaryImageOfPage":{"@id":"https:\/\/www.drazouz.com\/es\/abdominoplastia-para-hombres\/#primaryimage"},"image":{"@id":"https:\/\/www.drazouz.com\/es\/abdominoplastia-para-hombres\/#primaryimage"},"thumbnailUrl":"https:\/\/www.drazouz.com\/wp-content\/uploads\/2024\/04\/header-image-042205.jpeg","datePublished":"2024-04-22T12:02:04+00:00","dateModified":"2024-04-22T12:32:36+00:00","breadcrumb":{"@id":"https:\/\/www.drazouz.com\/es\/abdominoplastia-para-hombres\/#breadcrumb"},"inLanguage":"es","potentialAction":[{"@type":"ReadAction","target":["https:\/\/www.drazouz.com\/es\/abdominoplastia-para-hombres\/"]}]},{"@type":"ImageObject","inLanguage":"es","@id":"https:\/\/www.drazouz.com\/es\/abdominoplastia-para-hombres\/#primaryimage","url":"https:\/\/www.drazouz.com\/wp-content\/uploads\/2024\/04\/header-image-042205.jpeg","contentUrl":"https:\/\/www.drazouz.com\/wp-content\/uploads\/2024\/04\/header-image-042205.jpeg","width":1918,"height":815,"caption":"tummy tuck in men | male abdominoplasty surgery"},{"@type":"BreadcrumbList","@id":"https:\/\/www.drazouz.com\/es\/abdominoplastia-para-hombres\/#breadcrumb","itemListElement":[{"@type":"ListItem","position":1,"name":"Home","item":"https:\/\/www.drazouz.com\/es\/"},{"@type":"ListItem","position":2,"name":"Procedimientos","item":"https:\/\/www.drazouz.com\/es\/procedimientos\/"},{"@type":"ListItem","position":3,"name":"Hombres","item":"https:\/\/www.drazouz.com\/es\/for-men\/"},{"@type":"ListItem","position":4,"name":"Abdominoplastia para Hombres"}]},{"@type":"WebSite","@id":"https:\/\/www.drazouz.com\/es\/#website","url":"https:\/\/www.drazouz.com\/es\/","name":"Azouz Cirug\u00eda Pl\u00e1stica y Est\u00e9tica","description":"","potentialAction":[{"@type":"SearchAction","target":{"@type":"EntryPoint","urlTemplate":"https:\/\/www.drazouz.com\/es\/?s={search_term_string}"},"query-input":{"@type":"PropertyValueSpecification","valueRequired":true,"valueName":"search_term_string"}}],"inLanguage":"es"}]}},"_links":{"self":[{"href":"https:\/\/www.drazouz.com\/es\/wp-json\/wp\/v2\/pages\/14057","targetHints":{"allow":["GET"]}}],"collection":[{"href":"https:\/\/www.drazouz.com\/es\/wp-json\/wp\/v2\/pages"}],"about":[{"href":"https:\/\/www.drazouz.com\/es\/wp-json\/wp\/v2\/types\/page"}],"author":[{"embeddable":true,"href":"https:\/\/www.drazouz.com\/es\/wp-json\/wp\/v2\/users\/1"}],"replies":[{"embeddable":true,"href":"https:\/\/www.drazouz.com\/es\/wp-json\/wp\/v2\/comments?post=14057"}],"version-history":[{"count":10,"href":"https:\/\/www.drazouz.com\/es\/wp-json\/wp\/v2\/pages\/14057\/revisions"}],"predecessor-version":[{"id":14071,"href":"https:\/\/www.drazouz.com\/es\/wp-json\/wp\/v2\/pages\/14057\/revisions\/14071"}],"up":[{"embeddable":true,"href":"https:\/\/www.drazouz.com\/es\/wp-json\/wp\/v2\/pages\/3802"}],"wp:featuredmedia":[{"embeddable":true,"href":"https:\/\/www.drazouz.com\/es\/wp-json\/wp\/v2\/media\/14031"}],"wp:attachment":[{"href":"https:\/\/www.drazouz.com\/es\/wp-json\/wp\/v2\/media?parent=14057"}],"curies":[{"name":"wp","href":"https:\/\/api.w.org\/{rel}","templated":true}]}}