{"id":13741,"date":"2024-04-03T05:00:24","date_gmt":"2024-04-03T10:00:24","guid":{"rendered":"https:\/\/www.drazouz.com\/?page_id=13741"},"modified":"2024-11-12T05:45:47","modified_gmt":"2024-11-12T10:45:47","slug":"hydrinity","status":"publish","type":"page","link":"https:\/\/www.drazouz.com\/es\/procedimientos\/skin\/hydrinity\/","title":{"rendered":"Hydrinity"},"content":{"rendered":"<p><a href=\"https:\/\/www.hydrinity.com\/drsolomonazouz\">Hydrinity<\/a>, un innovador l\u00edder en el cuidado profesional de la piel, ha surgido en la medicina regenerativa con una tecnolog\u00eda revolucionaria de \u00e1cido hialur\u00f3nico. Establecida con una dedicaci\u00f3n a la eficacia, seguridad y f\u00f3rmulas calmantes, Hydrinity ha recibido comentarios positivos de dermat\u00f3logos y profesionales m\u00e9dicos. <a href=\"https:\/\/www.drazouz.com\/es\/meet-dr-solomon-azouz\/\">El cirujano pl\u00e1stico certificado por la junta, el Dr. Solomon Azouz<\/a>, reconoce el potencial transformador de las formulaciones de Hydrinity e incorpora con orgullo estos productos en las <a href=\"https:\/\/www.drazouz.com\/es\/skin\/\">rutinas de cuidado de la piel<\/a> para sus pacientes en Dallas. Hydrinity comenz\u00f3 con herramientas quir\u00fargicas de vanguardia y productos para el cuidado de heridas antes de centrarse en la reparaci\u00f3n de la piel y sueros antienvejecimiento bajo el liderazgo de un apasionado equipo de cient\u00edficos y m\u00e9dicos. Los productos de Hydrinity, que enfatizan el uso de \u00e1cido hialur\u00f3nico, tienen la concentraci\u00f3n m\u00e1s alta en el mercado, ofreciendo propiedades incomparables de relleno e hidrataci\u00f3n de la piel. Sus f\u00f3rmulas de penetraci\u00f3n profunda, mejoradas con HA de doble peso molecular e ingredientes potenciadores, revitalizan y preservan la integridad de la piel. Hydrinity pone un \u00e9nfasis en el rigor cient\u00edfico, invirtiendo en una extensa investigaci\u00f3n y colaboraci\u00f3n con especialistas en salud para asegurar resultados \u00f3ptimos. Desde acelerar la s\u00edntesis de col\u00e1geno hasta calmar la inflamaci\u00f3n, las soluciones de cuidado de la piel de Hydrinity ofrecen un enfoque integral para abordar diversas preocupaciones de la piel. Con una dedicaci\u00f3n inquebrantable a la calidad y una eficacia demostrada, Hydrinity est\u00e1 a la vanguardia del cuidado profesional de la piel, prometiendo a todos una piel sana y radiante.<\/p>\n<div class=\"mt-4\" style=\"text-align: center; margin-bottom: 2rem;\"><a target=\"_blank\" rel=\"noreferrer noopener\" class=\"btn btn-primary\" href=\"https:\/\/www.hydrinity.com\/drsolomonazouz\">\u00a1Haz clic aqu\u00ed para comprar los productos de cuidado de la piel Hydrinity!<\/a><\/div>\n<div class=\"row mb-md-4 align-items-center skinbetter-table\">\n<div class=\"col-md-2\"><img loading=\"lazy\" decoding=\"async\" src=\"https:\/\/www.drazouz.com\/wp-content\/uploads\/2024\/04\/Renewing_HA_Serum.jpeg\" alt=\"Suero renovador de \u00e1cido hialur\u00f3nico Hydrinity con tecnolog\u00eda PPM6\" width=\"120\" height=\"396\" class=\"size-full wp-image-13711 aligncenter\" \/><\/div>\n<div class=\"col-md-10\"><a href=\"https:\/\/www.hydrinity.com\/drsolomonazouz\"><strong>Suero renovador de \u00e1cido hialur\u00f3nico Hydrinity con tecnolog\u00eda PPM6<\/strong><\/a><br \/>\nMejora la elasticidad de la piel y promueve un brillo radiante<\/p>\n<p>Beneficios:<\/p>\n<ul>\n<li>Atrae la humedad hacia la piel<\/li>\n<li>Mejora la textura, tama\u00f1o de los poros, pigmentaci\u00f3n, l\u00edneas finas y arrugas<\/li>\n<li>Comienza a ver resultados en dos semanas<\/li>\n<\/ul>\n<\/div>\n<div class=\"col-md-6\"><img loading=\"lazy\" decoding=\"async\" src=\"https:\/\/www.drazouz.com\/wp-content\/uploads\/2024\/04\/Age-Renewal-Kit-2-Week-Redness.jpg\" alt=\"antes y despu\u00e9s del suero renovador de \u00e1cido hialur\u00f3nico Hydrinity\" width=\"586\" height=\"422\" class=\"size-full wp-image-13704 aligncenter\" srcset=\"https:\/\/www.drazouz.com\/wp-content\/uploads\/2024\/04\/Age-Renewal-Kit-2-Week-Redness.jpg 586w, https:\/\/www.drazouz.com\/wp-content\/uploads\/2024\/04\/Age-Renewal-Kit-2-Week-Redness-300x216.jpg 300w\" sizes=\"auto, (max-width: 586px) 100vw, 586px\" \/><\/div>\n<div class=\"col-md-6\"><img loading=\"lazy\" decoding=\"async\" src=\"https:\/\/www.drazouz.com\/wp-content\/uploads\/2024\/04\/Age-Renewal-Kit-2-Week-Duo.jpg\" alt=\"antes y despu\u00e9s del suero renovador de \u00e1cido hialur\u00f3nico Hydrinity\" width=\"474\" height=\"496\" class=\"aligncenter size-full wp-image-13706\" srcset=\"https:\/\/www.drazouz.com\/wp-content\/uploads\/2024\/04\/Age-Renewal-Kit-2-Week-Duo.jpg 474w, https:\/\/www.drazouz.com\/wp-content\/uploads\/2024\/04\/Age-Renewal-Kit-2-Week-Duo-287x300.jpg 287w, https:\/\/www.drazouz.com\/wp-content\/uploads\/2024\/04\/Age-Renewal-Kit-2-Week-Duo-32x32.jpg 32w\" sizes=\"auto, (max-width: 474px) 100vw, 474px\" \/><\/div>\n<\/div>\n<div class=\"row mb-md-4 align-items-center skinbetter-table\">\n<div class=\"col-md-2\"><img loading=\"lazy\" decoding=\"async\" src=\"https:\/\/www.drazouz.com\/wp-content\/uploads\/2024\/04\/Restorative_HA_Serum.jpeg\" alt=\"Suero restaurador de \u00e1cido hialur\u00f3nico Hydrinity con tecnolog\u00eda PPM6\" width=\"120\" height=\"431\" class=\"size-full wp-image-13715 aligncenter\" \/><\/div>\n<div class=\"col-md-10\"><a href=\"https:\/\/www.hydrinity.com\/drsolomonazouz\"><strong>Suero restaurador de \u00e1cido hialur\u00f3nico Hydrinity con tecnolog\u00eda PPM6<\/strong><\/a><br \/>\nMejora la hidrataci\u00f3n y textura de la piel y ayuda a promover la curaci\u00f3n de la piel comprometida<\/p>\n<p>Beneficios:<\/p>\n<ul>\n<li>Seguro para piel comprometida<\/li>\n<li>Seguro para despu\u00e9s de procedimientos y l\u00e1ser<\/li>\n<li>Reduce la inflamaci\u00f3n<\/li>\n<li>Recuperaci\u00f3n r\u00e1pida y reparaci\u00f3n de la piel<\/li>\n<\/ul>\n<\/div>\n<div class=\"col-md-12\"><img loading=\"lazy\" decoding=\"async\" src=\"https:\/\/www.drazouz.com\/wp-content\/uploads\/2024\/04\/Restorative-Kit-2-Week-Redness-vF.jpg\" alt=\"antes y despu\u00e9s del suero restaurador de \u00e1cido hialur\u00f3nico Hydrinity\" width=\"610\" height=\"404\" class=\"size-full wp-image-13708 aligncenter\" srcset=\"https:\/\/www.drazouz.com\/wp-content\/uploads\/2024\/04\/Restorative-Kit-2-Week-Redness-vF.jpg 610w, https:\/\/www.drazouz.com\/wp-content\/uploads\/2024\/04\/Restorative-Kit-2-Week-Redness-vF-300x199.jpg 300w\" sizes=\"auto, (max-width: 610px) 100vw, 610px\" \/><\/div>\n<\/div>\n<div class=\"row mb-md-4 align-items-center skinbetter-table\">\n<div class=\"col-md-2\"><img loading=\"lazy\" decoding=\"async\" src=\"https:\/\/www.drazouz.com\/wp-content\/uploads\/2024\/04\/Hyacyn-Bottle.jpeg\" alt=\"Hyacyn Active\" width=\"120\" height=\"386\" class=\"size-full wp-image-13723 aligncenter\" \/><\/div>\n<div class=\"col-md-10\"><a href=\"https:\/\/www.hydrinity.com\/drsolomonazouz\"><strong>Hyacyn Active<\/strong><\/a><br \/>\nMaximiza el pH de la piel<\/p>\n<p>Beneficios:<\/p>\n<ul>\n<li>Promueve la curaci\u00f3n<\/li>\n<li>Seguro para despu\u00e9s de procedimientos y l\u00e1ser<\/li>\n<li>Mejora el acn\u00e9<\/li>\n<li>Seguro para eccema, psoriasis y ros\u00e1cea<\/li>\n<\/ul>\n<\/div>\n<\/div>\n<div class=\"row mb-md-4 align-items-center skinbetter-table\">\n<div class=\"col-md-2\"><img loading=\"lazy\" decoding=\"async\" src=\"https:\/\/www.drazouz.com\/wp-content\/uploads\/2024\/04\/Eye_Renew_Complex.jpeg\" alt=\"Eye Renew Complex\" width=\"120\" height=\"299\" class=\"size-full wp-image-13721 aligncenter\" \/><\/div>\n<div class=\"col-md-10\"><a href=\"https:\/\/www.hydrinity.com\/drsolomonazouz\"><strong>Eye Renew Complex<\/strong><\/a><br \/>\nMejora las l\u00edneas finas, arrugas, ojeras y bolsas<\/p>\n<p>Beneficios:<\/p>\n<ul>\n<li>Hidratante<\/li>\n<li>Empiezas a ver resultados en dos semanas<\/li>\n<\/ul>\n<\/div>\n<\/div>\n<div class=\"row mb-md-4 align-items-center skinbetter-table\">\n<div class=\"col-md-2\"><img loading=\"lazy\" decoding=\"async\" src=\"https:\/\/www.drazouz.com\/wp-content\/uploads\/2024\/04\/Vivid_Brightening_Serum.jpeg\" alt=\"Vivid Brightening Serum\" width=\"120\" height=\"389\" class=\"size-full wp-image-13732 aligncenter\" \/><\/div>\n<div class=\"col-md-10\"><a href=\"https:\/\/www.hydrinity.com\/drsolomonazouz\"><strong>Suero Iluminador Vivid<\/strong><\/a><br \/>\nMejora las pigmentaciones existentes<\/p>\n<p>Beneficios:<\/p>\n<ul>\n<li>Restaura la luminosidad de la piel<\/li>\n<li>Hidrata y protege contra futuras decoloraciones<\/li>\n<\/ul>\n<\/div>\n<\/div>\n","protected":false},"excerpt":{"rendered":"<p>Hydrinity, un innovador l\u00edder en el cuidado profesional de la piel, ha surgido en la medicina regenerativa<br \/><a href=\"https:\/\/www.drazouz.com\/es\/procedimientos\/skin\/hydrinity\/\" class=\"btn btn-blue mt-3\">Sigue leyendo<\/a><\/p>\n","protected":false},"author":1,"featured_media":13693,"parent":16975,"menu_order":0,"comment_status":"closed","ping_status":"closed","template":"","meta":{"_acf_changed":false,"footnotes":""},"class_list":["post-13741","page","type-page","status-publish","has-post-thumbnail"],"acf":[],"yoast_head":"<!-- This site is optimized with the Yoast SEO plugin v27.4 - https:\/\/yoast.com\/product\/yoast-seo-wordpress\/ -->\n<title>Hydrinity | Azouz Cirug\u00eda Pl\u00e1stica y Est\u00e9tica<\/title>\n<meta name=\"description\" content=\"El cirujano pl\u00e1stico certificado por la junta, Dr. Solomon Azouz, reconoce el potencial transformador de las formulaciones de Hydrinity y orgullosamente incorpora estos productos en las rutinas de cuidado de la piel de sus pacientes en Dallas.\" \/>\n<meta name=\"robots\" content=\"index, follow, max-snippet:-1, max-image-preview:large, max-video-preview:-1\" \/>\n<link rel=\"canonical\" href=\"https:\/\/www.drazouz.com\/es\/procedimientos\/skin\/hydrinity\/\" \/>\n<meta property=\"og:locale\" content=\"es_ES\" \/>\n<meta property=\"og:type\" content=\"article\" \/>\n<meta property=\"og:title\" content=\"Hydrinity | Azouz Cirug\u00eda Pl\u00e1stica y Est\u00e9tica\" \/>\n<meta property=\"og:description\" content=\"El cirujano pl\u00e1stico certificado por la junta, Dr. Solomon Azouz, reconoce el potencial transformador de las formulaciones de Hydrinity y orgullosamente incorpora estos productos en las rutinas de cuidado de la piel de sus pacientes en Dallas.\" \/>\n<meta property=\"og:url\" content=\"https:\/\/www.drazouz.com\/es\/procedimientos\/skin\/hydrinity\/\" \/>\n<meta property=\"og:site_name\" content=\"Azouz Cirug\u00eda Pl\u00e1stica y Est\u00e9tica\" \/>\n<meta property=\"article:modified_time\" content=\"2024-11-12T10:45:47+00:00\" \/>\n<meta property=\"og:image\" content=\"https:\/\/www.drazouz.com\/wp-content\/uploads\/2024\/04\/image-header-hydrinity.jpg\" \/>\n<meta name=\"twitter:card\" content=\"summary_large_image\" \/>\n<meta name=\"twitter:image\" content=\"https:\/\/www.drazouz.com\/wp-content\/uploads\/2024\/04\/image-header-hydrinity.jpg\" \/>\n<meta name=\"twitter:label1\" content=\"Tiempo de lectura\" \/>\n\t<meta name=\"twitter:data1\" content=\"4 minutos\" \/>\n<!-- \/ Yoast SEO plugin. -->","yoast_head_json":{"title":"Hydrinity | Azouz Cirug\u00eda Pl\u00e1stica y Est\u00e9tica","description":"El cirujano pl\u00e1stico certificado por la junta, Dr. Solomon Azouz, reconoce el potencial transformador de las formulaciones de Hydrinity y orgullosamente incorpora estos productos en las rutinas de cuidado de la piel de sus pacientes en Dallas.","robots":{"index":"index","follow":"follow","max-snippet":"max-snippet:-1","max-image-preview":"max-image-preview:large","max-video-preview":"max-video-preview:-1"},"canonical":"https:\/\/www.drazouz.com\/es\/procedimientos\/skin\/hydrinity\/","og_locale":"es_ES","og_type":"article","og_title":"Hydrinity | Azouz Cirug\u00eda Pl\u00e1stica y Est\u00e9tica","og_description":"El cirujano pl\u00e1stico certificado por la junta, Dr. Solomon Azouz, reconoce el potencial transformador de las formulaciones de Hydrinity y orgullosamente incorpora estos productos en las rutinas de cuidado de la piel de sus pacientes en Dallas.","og_url":"https:\/\/www.drazouz.com\/es\/procedimientos\/skin\/hydrinity\/","og_site_name":"Azouz Cirug\u00eda Pl\u00e1stica y Est\u00e9tica","article_modified_time":"2024-11-12T10:45:47+00:00","og_image":[{"url":"https:\/\/www.drazouz.com\/wp-content\/uploads\/2024\/04\/image-header-hydrinity.jpg","type":"","width":"","height":""}],"twitter_card":"summary_large_image","twitter_image":"https:\/\/www.drazouz.com\/wp-content\/uploads\/2024\/04\/image-header-hydrinity.jpg","twitter_misc":{"Tiempo de lectura":"4 minutos"},"schema":{"@context":"https:\/\/schema.org","@graph":[{"@type":"WebPage","@id":"https:\/\/www.drazouz.com\/es\/procedimientos\/skin\/hydrinity\/","url":"https:\/\/www.drazouz.com\/es\/procedimientos\/skin\/hydrinity\/","name":"Hydrinity | Azouz Cirug\u00eda Pl\u00e1stica y Est\u00e9tica","isPartOf":{"@id":"https:\/\/www.drazouz.com\/es\/#website"},"primaryImageOfPage":{"@id":"https:\/\/www.drazouz.com\/es\/procedimientos\/skin\/hydrinity\/#primaryimage"},"image":{"@id":"https:\/\/www.drazouz.com\/es\/procedimientos\/skin\/hydrinity\/#primaryimage"},"thumbnailUrl":"https:\/\/www.drazouz.com\/wp-content\/uploads\/2024\/04\/image-header-hydrinity.jpg","datePublished":"2024-04-03T10:00:24+00:00","dateModified":"2024-11-12T10:45:47+00:00","description":"El cirujano pl\u00e1stico certificado por la junta, Dr. Solomon Azouz, reconoce el potencial transformador de las formulaciones de Hydrinity y orgullosamente incorpora estos productos en las rutinas de cuidado de la piel de sus pacientes en Dallas.","breadcrumb":{"@id":"https:\/\/www.drazouz.com\/es\/procedimientos\/skin\/hydrinity\/#breadcrumb"},"inLanguage":"es","potentialAction":[{"@type":"ReadAction","target":["https:\/\/www.drazouz.com\/es\/procedimientos\/skin\/hydrinity\/"]}]},{"@type":"ImageObject","inLanguage":"es","@id":"https:\/\/www.drazouz.com\/es\/procedimientos\/skin\/hydrinity\/#primaryimage","url":"https:\/\/www.drazouz.com\/wp-content\/uploads\/2024\/04\/image-header-hydrinity.jpg","contentUrl":"https:\/\/www.drazouz.com\/wp-content\/uploads\/2024\/04\/image-header-hydrinity.jpg","width":1918,"height":788,"caption":"Hydrinity Skincare in Dallas by Dr. Solomon Azouz"},{"@type":"BreadcrumbList","@id":"https:\/\/www.drazouz.com\/es\/procedimientos\/skin\/hydrinity\/#breadcrumb","itemListElement":[{"@type":"ListItem","position":1,"name":"Home","item":"https:\/\/www.drazouz.com\/es\/"},{"@type":"ListItem","position":2,"name":"Hydrinity"}]},{"@type":"WebSite","@id":"https:\/\/www.drazouz.com\/es\/#website","url":"https:\/\/www.drazouz.com\/es\/","name":"Azouz Cirug\u00eda Pl\u00e1stica y Est\u00e9tica","description":"","potentialAction":[{"@type":"SearchAction","target":{"@type":"EntryPoint","urlTemplate":"https:\/\/www.drazouz.com\/es\/?s={search_term_string}"},"query-input":{"@type":"PropertyValueSpecification","valueRequired":true,"valueName":"search_term_string"}}],"inLanguage":"es"}]}},"_links":{"self":[{"href":"https:\/\/www.drazouz.com\/es\/wp-json\/wp\/v2\/pages\/13741","targetHints":{"allow":["GET"]}}],"collection":[{"href":"https:\/\/www.drazouz.com\/es\/wp-json\/wp\/v2\/pages"}],"about":[{"href":"https:\/\/www.drazouz.com\/es\/wp-json\/wp\/v2\/types\/page"}],"author":[{"embeddable":true,"href":"https:\/\/www.drazouz.com\/es\/wp-json\/wp\/v2\/users\/1"}],"replies":[{"embeddable":true,"href":"https:\/\/www.drazouz.com\/es\/wp-json\/wp\/v2\/comments?post=13741"}],"version-history":[{"count":12,"href":"https:\/\/www.drazouz.com\/es\/wp-json\/wp\/v2\/pages\/13741\/revisions"}],"predecessor-version":[{"id":14406,"href":"https:\/\/www.drazouz.com\/es\/wp-json\/wp\/v2\/pages\/13741\/revisions\/14406"}],"up":[{"embeddable":true,"href":"https:\/\/www.drazouz.com\/es\/wp-json\/wp\/v2\/pages\/16975"}],"wp:featuredmedia":[{"embeddable":true,"href":"https:\/\/www.drazouz.com\/es\/wp-json\/wp\/v2\/media\/13693"}],"wp:attachment":[{"href":"https:\/\/www.drazouz.com\/es\/wp-json\/wp\/v2\/media?parent=13741"}],"curies":[{"name":"wp","href":"https:\/\/api.w.org\/{rel}","templated":true}]}}