{"id":12621,"date":"2024-02-09T07:59:34","date_gmt":"2024-02-09T12:59:34","guid":{"rendered":"https:\/\/www.drazouz.com\/?page_id=12621"},"modified":"2025-01-30T13:37:32","modified_gmt":"2025-01-30T18:37:32","slug":"remocion-de-implantes-de-pantorrillas","status":"publish","type":"page","link":"https:\/\/www.drazouz.com\/es\/remocion-de-implantes-de-pantorrillas\/","title":{"rendered":"Remoci\u00f3n de Implantes de Pantorrillas"},"content":{"rendered":"<p>El uso de implantes de pantorrilla para mejorar la apariencia de las piernas inferiores y darles una apariencia m\u00e1s definida y esculpida ha ganado popularidad en los \u00faltimos a\u00f1os. Sin embargo, algunas personas pueden querer que les retiren los implantes de pantorrilla debido a dificultades o el deseo de tener una apariencia m\u00e1s natural. Despu\u00e9s de un aumento de pantorrillas, algunos hombres pueden desarrollar complicaciones como un desplazamiento de los implantes, reacciones al\u00e9rgicas, hematomas, seromas o infecciones. El cirujano pl\u00e1stico certificado por la junta de Dallas <a href=\"https:\/\/www.drazouz.com\/es\/meet-dr-solomon-azouz\/\">Dr. Solomon Azouz<\/a> tiene una amplia experiencia en contorneado corporal masculino y puede recomendar opciones para quitar los implantes de pantorrilla de manera segura.<\/p>\n<h2>\u00bfPor qu\u00e9 necesito una extracci\u00f3n de implantes de pantorrilla?<\/h2>\n<p><img decoding=\"async\" src=\"https:\/\/www.drazouz.com\/wp-content\/uploads\/2024\/02\/bigstock-Exercise-For-Legs-Calves-104357903.jpg\" alt=\"cirug\u00eda de extracci\u00f3n de implantes de pantorrilla\" class=\"alignleft\" width=\"400\" \/>La cirug\u00eda de extracci\u00f3n de implantes de pantorrilla tiene como objetivo restaurar la apariencia natural de las piernas inferiores extrayendo los implantes de pantorrilla colocados previamente. Este procedimiento brinda a los pacientes la oportunidad de volver a su cuerpo previo a la cirug\u00eda, ya sea por problemas, insatisfacci\u00f3n con el resultado o un cambio en sus preferencias est\u00e9ticas. Las personas pueden querer la extracci\u00f3n del implante debido a complicaciones como infecciones o molestias, pero tambi\u00e9n pueden estar motivadas por la insatisfacci\u00f3n con el resultado est\u00e9tico, como la asimetr\u00eda o una apariencia artificial. La necesidad de la extracci\u00f3n puede surgir por molestias o problemas de salud causados por la migraci\u00f3n del implante, reacciones al\u00e9rgicas o rechazo de los materiales del implante. La decisi\u00f3n de quitar los implantes de pantorrilla puede estar influenciada por cambios en las prioridades o el estilo de vida, as\u00ed como preocupaciones sobre las consecuencias a largo plazo.<\/p>\n<h2>Candidatos para la cirug\u00eda de extracci\u00f3n de implantes de pantorrilla<\/h2>\n<p><img decoding=\"async\" src=\"https:\/\/www.drazouz.com\/wp-content\/uploads\/2024\/02\/bigstock-Muscle-injury-Man-running-cl-46859758.jpg\" alt=\"dolor de pantorrilla | implante de pantorrilla que gotea\" class=\"alignright\" width=\"300\" \/><\/p>\n<p><strong>Los candidatos ideales para la extracci\u00f3n de implantes de pantorrilla son aquellos que:<\/strong><\/p>\n<ul>\n<li>Experimentan insatisfacci\u00f3n con la apariencia o sensaci\u00f3n de sus implantes de pantorrilla.<\/li>\n<li>Presentan complicaciones como desplazamiento del implante, infecci\u00f3n o molestias.<\/li>\n<li>Buscan volver a una est\u00e9tica m\u00e1s natural.<\/li>\n<li>Est\u00e1n en buena salud general y tienen expectativas realistas.<\/li>\n<\/ul>\n<h2>Beneficios de quitar los implantes de pantorrilla<\/h2>\n<p><strong>Los beneficios de la cirug\u00eda de extracci\u00f3n de implantes de pantorrilla incluyen:<\/strong><\/p>\n<ul>\n<li>Restauraci\u00f3n de un contorno natural de la pierna.<\/li>\n<li>Resoluci\u00f3n de complicaciones asociadas con los implantes.<\/li>\n<li>Mejora de la comodidad y movilidad.<\/li>\n<li>Aumento de la confianza en uno mismo y la imagen corporal.<\/li>\n<\/ul>\n<h2>\u00bfC\u00f3mo se quitan los implantes de pantorrilla?<\/h2>\n<p>El cirujano pl\u00e1stico certificado por la junta, el Dr. Azouz, hace una incisi\u00f3n en los pliegues naturales de la rodilla o el tobillo para acceder al implante. En algunos casos, el Dr. Azouz puede usar la incisi\u00f3n original que se realiz\u00f3 durante la cirug\u00eda de aumento de pantorrillas para ayudar a minimizar las cicatrices. Luego, los implantes y cualquier tejido cicatricial o formaci\u00f3n de c\u00e1psulas que los rodeen se eliminan cuidadosamente.<\/p>\n<div class=\"row\">\n<div class=\"col-md-6\"><img decoding=\"async\" src=\"https:\/\/www.drazouz.com\/wp-content\/uploads\/2024\/02\/calf-implant-expsoure.jpg\" alt=\"exposici\u00f3n del implante de pantorrilla | implante de pantorrilla que gotea\" class=\"aligncenter\" width=\"350\" \/><\/div>\n<div class=\"col-md-6\"><img decoding=\"async\" src=\"https:\/\/www.drazouz.com\/wp-content\/uploads\/2024\/02\/calf-implant-removal.jpg\" alt=\"cirug\u00eda de extracci\u00f3n de implantes de pantorrilla\" class=\"aligncenter\" width=\"350\" \/><\/div>\n<\/div>\n<h2>Anestesia para la cirug\u00eda de extracci\u00f3n de implantes de pantorrilla<\/h2>\n<p>Para ayudar a evitar los riesgos y efectos secundarios postoperatorios de la anestesia general, el Dr. Azouz utiliza sedaci\u00f3n con anestesia local para una cirug\u00eda de extracci\u00f3n de implantes de pantorrilla. Con la sedaci\u00f3n, el Dr. Azouz garantiza la comodidad y prioriza la seguridad del paciente. El dolor se controla con anestesia local, que adormece el sitio quir\u00fargico. Esto puede durar hasta 24 horas despu\u00e9s del procedimiento.<\/p>\n<h2>Riesgos de la cirug\u00eda<\/h2>\n<p>Si bien la extracci\u00f3n de implantes de pantorrilla generalmente es segura, los posibles riesgos y complicaciones pueden incluir infecci\u00f3n, sangrado, cicatrizaci\u00f3n, cambios en la sensaci\u00f3n, reacciones al\u00e9rgicas y asimetr\u00eda. Antes de su cirug\u00eda, el Dr. Azouz discutir\u00e1 su historial m\u00e9dico y crear\u00e1 un plan para minimizar los riesgos de la extracci\u00f3n de implantes de pantorrilla en Dallas.<\/p>\n<h2>Recuperaci\u00f3n de una cirug\u00eda de extracci\u00f3n de implantes de pantorrilla<\/h2>\n<p><img decoding=\"async\" src=\"https:\/\/www.drazouz.com\/wp-content\/uploads\/2024\/02\/bigstock-Closed-Toe-Calves-Compression-426410540.jpg\" alt=\"compresi\u00f3n para cirug\u00eda de extracci\u00f3n de implantes de pantorrilla\" class=\"alignright\" width=\"400\" \/>El per\u00edodo de recuperaci\u00f3n var\u00eda para cada paciente, pero generalmente involucra:<\/p>\n<ul>\n<li>Actividad f\u00edsica limitada durante los primeros d\u00edas.<\/li>\n<li>Uso de prendas de compresi\u00f3n para reducir la hinchaz\u00f3n.<\/li>\n<li>A evitar el ejercicio extenuante durante algunas semanas.<\/li>\n<\/ul>\n<p>Despu\u00e9s de su cirug\u00eda, el Dr. Azouz seguir\u00e1 su progreso y har\u00e1 recomendaciones personalizadas para garantizar una recuperaci\u00f3n \u00f3ptima y los mejores resultados.<\/p>\n<h2>Otras cirug\u00edas que se pueden combinar<\/h2>\n<p>La cirug\u00eda de extracci\u00f3n de implantes de pantorrilla se puede combinar con otros procedimientos, como <a href=\"https:\/\/www.drazouz.com\/es\/men-liposuction-in-dallas\/\">liposucci\u00f3n<\/a>, <a href=\"https:\/\/www.drazouz.com\/es\/liposuction-male-body-contouring-dallas\/\">contorneado corporal<\/a> o <a href=\"https:\/\/www.drazouz.com\/es\/for-men\/\">mejoras cosm\u00e9ticas<\/a>, para lograr objetivos est\u00e9ticos integrales.<\/p>\n<h2>Costo de la cirug\u00eda<\/h2>\n<p>La extracci\u00f3n de un implante de pantorrilla var\u00eda seg\u00fan muchos factores, incluidas las tarifas quir\u00fargicas, las tarifas de instalaciones y las tarifas de anestesia. El Dr. Azouz proporciona a los pacientes <a href=\"https:\/\/www.drazouz.com\/es\/fees-insurance\/\">precios justos y personalizados<\/a> para satisfacer sus necesidades individuales a trav\u00e9s de consultas individualizadas.<\/p>\n<div class=\"row\">\n<div class=\"col-md-7 d-flex justify-content-center flex-column text-center\" style=\"padding: 0 50px;\">\n<p class=\"mt-lg-0\" style=\"font-size: 1.25rem;\">\n            Programa tu consulta con el Dr. Azouz llamando al <a href=\"tel:9727028888\" class=\"phone_anchor \" aria-label=\"ll\u00e1manos (972) 702-8888\">(972) 702-8888<\/a> o <a href=\"https:\/\/www.drazouz.com\/contact\/\">completando este formulario<\/a>.\n        <\/p>\n<\/p><\/div>\n<div class=\"col-md-5 mt-3 d-flex justify-content-center\">\n        <img loading=\"lazy\" decoding=\"async\" src=\"https:\/\/www.drazouz.com\/wp-content\/uploads\/2024\/02\/Solomon-Azouz-plastic-surgeon-dfw-1.jpeg\" alt=\"Dr. Solomon Azouz | Cirug\u00eda Pl\u00e1stica en Dallas, TX\" width=\"450\" height=\"630\" class=\"alignnone size-full wp-image-12647\" srcset=\"https:\/\/www.drazouz.com\/wp-content\/uploads\/2024\/02\/Solomon-Azouz-plastic-surgeon-dfw-1.jpeg 731w, https:\/\/www.drazouz.com\/wp-content\/uploads\/2024\/02\/Solomon-Azouz-plastic-surgeon-dfw-1-214x300.jpeg 214w\" sizes=\"auto, (max-width: 450px) 100vw, 450px\" \/>\n    <\/div>\n<\/div>\n<h2>Cirug\u00eda de extracci\u00f3n de implantes de pantorrilla en Dallas<\/h2>\n<p>Las personas pueden restaurar su confianza y belleza natural con la cirug\u00eda de extracci\u00f3n de implantes de pantorrilla. Los pacientes en Dallas pueden anticipar un tratamiento seguro e individualizado del Dr. Azouz que se adapte a su bienestar y objetivos est\u00e9ticos. La extracci\u00f3n de implantes de pantorrilla es un camino transformador hacia la seguridad en uno mismo y la satisfacci\u00f3n, independientemente de si el objetivo es tratar problemas o disfrutar de una apariencia m\u00e1s aut\u00e9ntica. Si le molestan sus implantes de pantorrilla, comun\u00edquese con la Cirug\u00eda Pl\u00e1stica y Cosm\u00e9tica Azouz al <a href=\"tel:9727028888\" class=\"phone_anchor \" aria-label=\"ll\u00e1manos (972) 702-8888\">(972) 702-8888<\/a> para programar su consulta con el Dr. Azouz.<\/p>\n<h3>Preguntas frecuentes<\/h3>\n<dl id=\"faq-1\" class=\"flc-faq\"><dt id=\"l11\"><button class=\"card-header collapsed d-flex align-items-center w-100 text-left\" data-toggle=\"collapse\" data-target=\"#t11\" aria-expanded=\"false\" aria-controls=\"t11\"><i class=\"ml-1 fas fa-chevron-down\"><\/i> \u00bfCu\u00e1nto tiempo dura el procedimiento?<\/button><\/dt><dd id=\"t11\" class=\"m-0 collapse\" aria-labelledby=\"l11\" aria-expanded=\"false\" data-parent=\"#faq-1\"><div class=\"card-body\"><p>La cirug\u00eda de extracci\u00f3n de implantes de pantorrilla generalmente dura de 1 a 2 horas, dependiendo de la complejidad del caso.<\/p>\n<\/div><\/dd><dt id=\"l12\"><button class=\"card-header collapsed d-flex align-items-center w-100 text-left\" data-toggle=\"collapse\" data-target=\"#t12\" aria-expanded=\"false\" aria-controls=\"t12\"><i class=\"ml-1 fas fa-chevron-down\"><\/i> \u00bfCu\u00e1ndo puedo volver a realizar actividades normales?<\/button><\/dt><dd id=\"t12\" class=\"m-0 collapse\" aria-labelledby=\"l12\" aria-expanded=\"false\" data-parent=\"#faq-1\"><div class=\"card-body\"><p>Los pacientes generalmente pueden retomar actividades ligeras dentro de unos d\u00edas, pero deben abstenerse de hacer ejercicio extenuante durante varias semanas para garantizar una cicatrizaci\u00f3n \u00f3ptima.<\/p>\n<\/div><\/dd><dt id=\"l13\"><button class=\"card-header collapsed d-flex align-items-center w-100 text-left\" data-toggle=\"collapse\" data-target=\"#t13\" aria-expanded=\"false\" aria-controls=\"t13\"><i class=\"ml-1 fas fa-chevron-down\"><\/i> \u00bfCu\u00e1ndo podr\u00e9 ver los resultados finales de la cirug\u00eda?<\/button><\/dt><dd id=\"t13\" class=\"m-0 collapse\" aria-labelledby=\"l13\" aria-expanded=\"false\" data-parent=\"#faq-1\"><div class=\"card-body\"><p>Si bien las mejoras iniciales pueden ser visibles poco despu\u00e9s de la cirug\u00eda, puede tomar varias semanas a meses para que la hinchaz\u00f3n se resuelva completamente y para que los resultados finales sean evidentes. La paciencia es fundamental, ya que el proceso de curaci\u00f3n var\u00eda para cada individuo.<\/p>\n<\/div><\/dd><dt id=\"l14\"><button class=\"card-header collapsed d-flex align-items-center w-100 text-left\" data-toggle=\"collapse\" data-target=\"#t14\" aria-expanded=\"false\" aria-controls=\"t14\"><i class=\"ml-1 fas fa-chevron-down\"><\/i> \u00bfMi seguro cubrir\u00e1 el costo de la cirug\u00eda de extracci\u00f3n de implantes de pantorrilla?<\/button><\/dt><dd id=\"t14\" class=\"m-0 collapse\" aria-labelledby=\"l14\" aria-expanded=\"false\" data-parent=\"#faq-1\"><div class=\"card-body\"><p>La cirug\u00eda de extracci\u00f3n de implantes de pantorrilla a menudo se considera electiva y no est\u00e1 cubierta por el seguro. Sin embargo, se recomienda a los pacientes que consulten con su proveedor de seguros para obtener detalles espec\u00edficos sobre la cobertura u opciones de reembolso.<\/p>\n<\/div><\/dd><\/dl>\n","protected":false},"excerpt":{"rendered":"<p>El uso de implantes de pantorrilla para mejorar la apariencia de las piernas inferiores y darles una<br \/><a href=\"https:\/\/www.drazouz.com\/es\/remocion-de-implantes-de-pantorrillas\/\" class=\"btn btn-blue mt-3\">Sigue leyendo<\/a><\/p>\n","protected":false},"author":1,"featured_media":12575,"parent":3798,"menu_order":0,"comment_status":"closed","ping_status":"closed","template":"template-builder.php","meta":{"_acf_changed":false,"footnotes":""},"class_list":["post-12621","page","type-page","status-publish","has-post-thumbnail"],"acf":[],"yoast_head":"<!-- This site is optimized with the Yoast SEO plugin v27.4 - https:\/\/yoast.com\/product\/yoast-seo-wordpress\/ -->\n<title>Remoci\u00f3n de Implantes de Pantorrillas | Azouz Cirug\u00eda Pl\u00e1stica y Est\u00e9tica<\/title>\n<meta name=\"description\" content=\"La cirug\u00eda de extracci\u00f3n de implantes de pantorrilla tiene como objetivo restaurar la apariencia natural de la parte inferior de las piernas mediante la extracci\u00f3n de implantes de pantorrilla colocados previamente. Si le molestan los implantes de pantorrilla, comun\u00edquese con Azouz Plastic and Cosmetic Surgery al (972) 702-8888.\" \/>\n<meta name=\"robots\" content=\"index, follow, max-snippet:-1, max-image-preview:large, max-video-preview:-1\" \/>\n<link rel=\"canonical\" href=\"https:\/\/www.drazouz.com\/es\/remocion-de-implantes-de-pantorrillas\/\" \/>\n<meta property=\"og:locale\" content=\"es_ES\" \/>\n<meta property=\"og:type\" content=\"article\" \/>\n<meta property=\"og:title\" content=\"Remoci\u00f3n de Implantes de Pantorrillas | Azouz Cirug\u00eda Pl\u00e1stica y Est\u00e9tica\" \/>\n<meta property=\"og:description\" content=\"La cirug\u00eda de extracci\u00f3n de implantes de pantorrilla tiene como objetivo restaurar la apariencia natural de la parte inferior de las piernas mediante la extracci\u00f3n de implantes de pantorrilla colocados previamente. Si le molestan los implantes de pantorrilla, comun\u00edquese con Azouz Plastic and Cosmetic Surgery al (972) 702-8888.\" \/>\n<meta property=\"og:url\" content=\"https:\/\/www.drazouz.com\/es\/remocion-de-implantes-de-pantorrillas\/\" \/>\n<meta property=\"og:site_name\" content=\"Azouz Cirug\u00eda Pl\u00e1stica y Est\u00e9tica\" \/>\n<meta property=\"article:modified_time\" content=\"2025-01-30T18:37:32+00:00\" \/>\n<meta property=\"og:image\" content=\"https:\/\/www.drazouz.com\/wp-content\/uploads\/2024\/02\/header-image-022303.jpeg\" \/>\n<meta name=\"twitter:card\" content=\"summary_large_image\" \/>\n<meta name=\"twitter:image\" content=\"https:\/\/www.drazouz.com\/wp-content\/uploads\/2024\/02\/header-image-022303.jpeg\" \/>\n<meta name=\"twitter:label1\" content=\"Tiempo de lectura\" \/>\n\t<meta name=\"twitter:data1\" content=\"6 minutos\" \/>\n<!-- \/ Yoast SEO plugin. -->","yoast_head_json":{"title":"Remoci\u00f3n de Implantes de Pantorrillas | Azouz Cirug\u00eda Pl\u00e1stica y Est\u00e9tica","description":"La cirug\u00eda de extracci\u00f3n de implantes de pantorrilla tiene como objetivo restaurar la apariencia natural de la parte inferior de las piernas mediante la extracci\u00f3n de implantes de pantorrilla colocados previamente. Si le molestan los implantes de pantorrilla, comun\u00edquese con Azouz Plastic and Cosmetic Surgery al (972) 702-8888.","robots":{"index":"index","follow":"follow","max-snippet":"max-snippet:-1","max-image-preview":"max-image-preview:large","max-video-preview":"max-video-preview:-1"},"canonical":"https:\/\/www.drazouz.com\/es\/remocion-de-implantes-de-pantorrillas\/","og_locale":"es_ES","og_type":"article","og_title":"Remoci\u00f3n de Implantes de Pantorrillas | Azouz Cirug\u00eda Pl\u00e1stica y Est\u00e9tica","og_description":"La cirug\u00eda de extracci\u00f3n de implantes de pantorrilla tiene como objetivo restaurar la apariencia natural de la parte inferior de las piernas mediante la extracci\u00f3n de implantes de pantorrilla colocados previamente. Si le molestan los implantes de pantorrilla, comun\u00edquese con Azouz Plastic and Cosmetic Surgery al (972) 702-8888.","og_url":"https:\/\/www.drazouz.com\/es\/remocion-de-implantes-de-pantorrillas\/","og_site_name":"Azouz Cirug\u00eda Pl\u00e1stica y Est\u00e9tica","article_modified_time":"2025-01-30T18:37:32+00:00","og_image":[{"url":"https:\/\/www.drazouz.com\/wp-content\/uploads\/2024\/02\/header-image-022303.jpeg","type":"","width":"","height":""}],"twitter_card":"summary_large_image","twitter_image":"https:\/\/www.drazouz.com\/wp-content\/uploads\/2024\/02\/header-image-022303.jpeg","twitter_misc":{"Tiempo de lectura":"6 minutos"},"schema":{"@context":"https:\/\/schema.org","@graph":[{"@type":"WebPage","@id":"https:\/\/www.drazouz.com\/es\/remocion-de-implantes-de-pantorrillas\/","url":"https:\/\/www.drazouz.com\/es\/remocion-de-implantes-de-pantorrillas\/","name":"Remoci\u00f3n de Implantes de Pantorrillas | Azouz Cirug\u00eda Pl\u00e1stica y Est\u00e9tica","isPartOf":{"@id":"https:\/\/www.drazouz.com\/es\/#website"},"primaryImageOfPage":{"@id":"https:\/\/www.drazouz.com\/es\/remocion-de-implantes-de-pantorrillas\/#primaryimage"},"image":{"@id":"https:\/\/www.drazouz.com\/es\/remocion-de-implantes-de-pantorrillas\/#primaryimage"},"thumbnailUrl":"https:\/\/www.drazouz.com\/wp-content\/uploads\/2024\/02\/header-image-022303.jpeg","datePublished":"2024-02-09T12:59:34+00:00","dateModified":"2025-01-30T18:37:32+00:00","description":"La cirug\u00eda de extracci\u00f3n de implantes de pantorrilla tiene como objetivo restaurar la apariencia natural de la parte inferior de las piernas mediante la extracci\u00f3n de implantes de pantorrilla colocados previamente. Si le molestan los implantes de pantorrilla, comun\u00edquese con Azouz Plastic and Cosmetic Surgery al (972) 702-8888.","breadcrumb":{"@id":"https:\/\/www.drazouz.com\/es\/remocion-de-implantes-de-pantorrillas\/#breadcrumb"},"inLanguage":"es","potentialAction":[{"@type":"ReadAction","target":["https:\/\/www.drazouz.com\/es\/remocion-de-implantes-de-pantorrillas\/"]}]},{"@type":"ImageObject","inLanguage":"es","@id":"https:\/\/www.drazouz.com\/es\/remocion-de-implantes-de-pantorrillas\/#primaryimage","url":"https:\/\/www.drazouz.com\/wp-content\/uploads\/2024\/02\/header-image-022303.jpeg","contentUrl":"https:\/\/www.drazouz.com\/wp-content\/uploads\/2024\/02\/header-image-022303.jpeg","width":1918,"height":815,"caption":"calf implant surgery | strong athletic legs of young running sport man"},{"@type":"BreadcrumbList","@id":"https:\/\/www.drazouz.com\/es\/remocion-de-implantes-de-pantorrillas\/#breadcrumb","itemListElement":[{"@type":"ListItem","position":1,"name":"Home","item":"https:\/\/www.drazouz.com\/es\/"},{"@type":"ListItem","position":2,"name":"Procedimientos","item":"https:\/\/www.drazouz.com\/es\/procedimientos\/"},{"@type":"ListItem","position":3,"name":"Cuerpo","item":"https:\/\/www.drazouz.com\/es\/body\/"},{"@type":"ListItem","position":4,"name":"Remoci\u00f3n de Implantes de Pantorrillas"}]},{"@type":"WebSite","@id":"https:\/\/www.drazouz.com\/es\/#website","url":"https:\/\/www.drazouz.com\/es\/","name":"Azouz Cirug\u00eda Pl\u00e1stica y Est\u00e9tica","description":"","potentialAction":[{"@type":"SearchAction","target":{"@type":"EntryPoint","urlTemplate":"https:\/\/www.drazouz.com\/es\/?s={search_term_string}"},"query-input":{"@type":"PropertyValueSpecification","valueRequired":true,"valueName":"search_term_string"}}],"inLanguage":"es"}]}},"_links":{"self":[{"href":"https:\/\/www.drazouz.com\/es\/wp-json\/wp\/v2\/pages\/12621","targetHints":{"allow":["GET"]}}],"collection":[{"href":"https:\/\/www.drazouz.com\/es\/wp-json\/wp\/v2\/pages"}],"about":[{"href":"https:\/\/www.drazouz.com\/es\/wp-json\/wp\/v2\/types\/page"}],"author":[{"embeddable":true,"href":"https:\/\/www.drazouz.com\/es\/wp-json\/wp\/v2\/users\/1"}],"replies":[{"embeddable":true,"href":"https:\/\/www.drazouz.com\/es\/wp-json\/wp\/v2\/comments?post=12621"}],"version-history":[{"count":10,"href":"https:\/\/www.drazouz.com\/es\/wp-json\/wp\/v2\/pages\/12621\/revisions"}],"predecessor-version":[{"id":12671,"href":"https:\/\/www.drazouz.com\/es\/wp-json\/wp\/v2\/pages\/12621\/revisions\/12671"}],"up":[{"embeddable":true,"href":"https:\/\/www.drazouz.com\/es\/wp-json\/wp\/v2\/pages\/3798"}],"wp:featuredmedia":[{"embeddable":true,"href":"https:\/\/www.drazouz.com\/es\/wp-json\/wp\/v2\/media\/12575"}],"wp:attachment":[{"href":"https:\/\/www.drazouz.com\/es\/wp-json\/wp\/v2\/media?parent=12621"}],"curies":[{"name":"wp","href":"https:\/\/api.w.org\/{rel}","templated":true}]}}