{"id":12595,"date":"2024-02-23T02:36:49","date_gmt":"2024-02-23T07:36:49","guid":{"rendered":"https:\/\/www.drazouz.com\/?page_id=12595"},"modified":"2024-05-28T07:24:40","modified_gmt":"2024-05-28T12:24:40","slug":"abdominoplastia-inversa","status":"publish","type":"page","link":"https:\/\/www.drazouz.com\/es\/abdominoplastia-inversa\/","title":{"rendered":"Abdominoplastia Inversa"},"content":{"rendered":"<p>En el din\u00e1mico campo de la cirug\u00eda est\u00e9tica, donde la innovaci\u00f3n se desarrolla constantemente, se les brinda a las personas oportunidades que cambian la vida para mejorar sus cuerpos y aumentar su confianza. En medio de estos avances, la abdominoplastia inversa se convierte en una operaci\u00f3n prominente, llamando la atenci\u00f3n por su capacidad \u00fanica para rejuvenecer la parte superior del abdomen. Una abdominoplastia superior no es tan com\u00fan como la abdominoplastia tradicional, sin embargo, el cirujano pl\u00e1stico certificado por la junta <a href=\"https:\/\/www.drazouz.com\/es\/meet-dr-solomon-azouz\/\">Dr. Solomon Azouz<\/a> tiene <a href=\"https:\/\/www.drazouz.com\/es\/blog\/la-universidad-de-toronto-y-la-clinica-mayo-son-las-mejores-redes-hospitalarias-de-america-del-norte\/\">una amplia formaci\u00f3n en la Cl\u00ednica Mayo<\/a> para ayudar a mejorar el contorno abdominal superior con t\u00e9cnicas precisas para minimizar las cicatrices.<\/p>\n<h2>\u00bfQu\u00e9 es una abdominoplastia inversa?<\/h2>\n<p>Un levantamiento del abdomen superior, conocido como abdominoplastia inversa, aborda la regi\u00f3n por encima del ombligo. A diferencia de las abdominoplastias convencionales, que se centran principalmente en la piel ca\u00edda causada por la p\u00e9rdida de peso, el embarazo o el envejecimiento, este tratamiento se centra en elevar y tensar el abdomen superior, mejorando los contornos y abordando el exceso de piel y grasa debajo del ombligo.<\/p>\n<h2>Candidatos para una abdominoplastia inversa<\/h2>\n<p><img loading=\"lazy\" decoding=\"async\" src=\"https:\/\/www.drazouz.com\/wp-content\/uploads\/2024\/02\/image-022302.jpeg\" alt=\"piel fl\u00e1cida en el est\u00f3mago | grasa abdominal rebelde\" width=\"400\" height=\"267\" class=\"size-full wp-image-12545 alignright\" srcset=\"https:\/\/www.drazouz.com\/wp-content\/uploads\/2024\/02\/image-022302.jpeg 1024w, https:\/\/www.drazouz.com\/wp-content\/uploads\/2024\/02\/image-022302-300x200.jpeg 300w, https:\/\/www.drazouz.com\/wp-content\/uploads\/2024\/02\/image-022302-768x512.jpeg 768w\" sizes=\"auto, (max-width: 400px) 100vw, 400px\" \/>Las personas con m\u00fasculos abdominales superiores d\u00e9biles y piel suelta y extra en su est\u00f3mago son buenos candidatos para una abdominoplastia inversa. Muchos pacientes se quejan de tener piel fl\u00e1cida en la parte superior del abdomen despu\u00e9s de perder peso. Algunos pacientes tambi\u00e9n reportan grasa abdominal persistente. Como con la mayor\u00eda de las cirug\u00edas pl\u00e1sticas, los candidatos ideales son aquellos que tienen una buena salud general y un peso estable. Durante su consulta, el Dr. Azouz revisar\u00e1 su historial m\u00e9dico y realizar\u00e1 un examen f\u00edsico para discutir opciones personalizadas. Si es necesario, el Dr. Azouz tambi\u00e9n puede hacer recomendaciones para <a href=\"https:\/\/www.drazouz.com\/es\/blog\/why-maintaining-a-healthy-bmi-is-crucial-before-plastic-surgery-in-dallas\/\">mejorar el IMC para minimizar los riesgos de la cirug\u00eda<\/a>.<\/p>\n<h2>Beneficios del levantamiento del abdomen superior<\/h2>\n<p>Hay muchos beneficios de una abdominoplastia inversa. Los pacientes pueden esperar:<\/p>\n<ul>\n<li>Mejora de los contornos abdominales superiores<\/li>\n<li>Piel y m\u00fasculos m\u00e1s tensos<\/li>\n<li>Mejora de la definici\u00f3n de la cintura<\/li>\n<li>Confianza y autoestima restauradas<\/li>\n<\/ul>\n<h2>\u00bfC\u00f3mo se realiza una abdominoplastia inversa?<\/h2>\n<p>Durante una abdominoplastia inversa, el cirujano pl\u00e1stico de Dallas, el Dr. Azouz, hace incisiones estrat\u00e9gicas a lo largo del pliegue inferior del pecho o justo debajo de los senos, lo que permite el acceso a la zona abdominal superior. El Dr. Azouz utiliza los pliegues naturales de la piel para ayudar a ocultar la l\u00ednea de incisi\u00f3n y camuflar cualquier cicatriz. Se elimina el exceso de piel y se pueden tensar los m\u00fasculos subyacentes para lograr una apariencia m\u00e1s firme y juvenil. Luego, la piel restante se reposiciona y se sutura en su lugar, lo que resulta en un contorno m\u00e1s suave y firme.<\/p>\n<div class=\"row\">\n<div class=\"col-md-6 mt-3 d-flex justify-content-center\">\n        <img loading=\"lazy\" decoding=\"async\" src=\"https:\/\/www.drazouz.com\/wp-content\/uploads\/2024\/02\/image-022301.jpeg\" alt=\"cirug\u00eda de levantamiento del est\u00f3mago superior | abdominoplastia inversa\" width=\"1024\" height=\"683\" class=\"alignnone size-full wp-image-12543\" srcset=\"https:\/\/www.drazouz.com\/wp-content\/uploads\/2024\/02\/image-022301.jpeg 1024w, https:\/\/www.drazouz.com\/wp-content\/uploads\/2024\/02\/image-022301-300x200.jpeg 300w, https:\/\/www.drazouz.com\/wp-content\/uploads\/2024\/02\/image-022301-768x512.jpeg 768w\" sizes=\"auto, (max-width: 1024px) 100vw, 1024px\" \/>\n    <\/div>\n<div class=\"col-md-6 mt-3 d-flex justify-content-center flex-column text-center\" style=\"padding: 0 80px;\">\n<p class=\"mt-lg-0\" style=\"font-size: 1.25rem;\">Llama a la oficina al <a href=\"tel:9727028888\" class=\"phone_anchor \" aria-label=\"ll\u00e1manos (972) 702-8888\">(972) 702-8888<\/a> o <a href=\"https:\/\/www.drazouz.com\/es\/contact\/\">cont\u00e1ctanos en l\u00ednea<\/a> para obtener m\u00e1s informaci\u00f3n sobre una abdominoplastia inversa.<\/p>\n<\/p><\/div>\n<\/div>\n<h2>Anestesia utilizada durante un levantamiento del abdomen superior<\/h2>\n<p>Durante la cirug\u00eda, el Dr. Azouz trabaja en estrecha colaboraci\u00f3n con su equipo de anestesia para monitorear a los pacientes y garantizar el mejor resultado posible. Para evitar los efectos secundarios y la n\u00e1usea de la anestesia general, el Dr. Azouz utiliza sedaci\u00f3n para ayudar a mantener a los pacientes c\u00f3modos durante el procedimiento. El Dr. Azouz tambi\u00e9n utiliza un <a href=\"https:\/\/www.drazouz.com\/es\/blog\/tap-blocks-in-plastic-surgery\/\">anest\u00e9sico local para adormecer el sitio quir\u00fargico<\/a>, que puede controlar el dolor hasta 24 horas despu\u00e9s de la cirug\u00eda.<\/p>\n<h2>Riesgos de una abdominoplastia inversa<\/h2>\n<p>Como con cualquier cirug\u00eda, una abdominoplastia inversa conlleva algunos riesgos posibles, incluyendo infecci\u00f3n, sangrado, cicatrizaci\u00f3n, asimetr\u00eda y efectos secundarios relacionados con la anestesia. Para reducir estos peligros y poner la salud de sus pacientes en primer lugar, el Dr. Azouz utiliza m\u00e9todos de vanguardia y procedimientos de seguridad estrictos.<\/p>\n<h2>Recuperaci\u00f3n despu\u00e9s de una cirug\u00eda de levantamiento del abdomen superior<\/h2>\n<p>Los pacientes pueden experimentar algo de hinchaz\u00f3n, hematomas y dolor despu\u00e9s de una abdominoplastia inversa; sin embargo, estos efectos secundarios se pueden controlar con medicamentos recetados y cuidados posteriores adecuados. Para promover una recuperaci\u00f3n sin problemas, el cirujano pl\u00e1stico certificado por la junta, el Dr. Azouz, ofrece recomendaciones detalladas que incluyen prendas de compresi\u00f3n y abstenerse de actividades f\u00edsicamente exigentes durante la fase inicial de curaci\u00f3n. Despu\u00e9s de unas semanas, la mayor\u00eda de las personas pueden reanudar actividades ligeras y el empleo, y el resultado completo se hace visible gradualmente a medida que la hinchaz\u00f3n disminuye.<\/p>\n<h2>Cirug\u00edas que se pueden combinar con una abdominoplastia inversa<\/h2>\n<p>Los pacientes pueden optar por combinar una abdominoplastia inversa con operaciones complementarias como:<br \/>\n<img loading=\"lazy\" decoding=\"async\" src=\"https:\/\/www.drazouz.com\/wp-content\/uploads\/2024\/02\/image-022303.jpeg\" alt=\"cirug\u00eda de levantamiento de piel del est\u00f3mago\" width=\"400\" height=\"300\" class=\"alignright mt-3 size-full wp-image-12547\" srcset=\"https:\/\/www.drazouz.com\/wp-content\/uploads\/2024\/02\/image-022303.jpeg 1024w, https:\/\/www.drazouz.com\/wp-content\/uploads\/2024\/02\/image-022303-300x225.jpeg 300w, https:\/\/www.drazouz.com\/wp-content\/uploads\/2024\/02\/image-022303-768x576.jpeg 768w\" sizes=\"auto, (max-width: 400px) 100vw, 400px\" \/><\/p>\n<ul>\n<li><a href=\"https:\/\/www.drazouz.com\/es\/liposuction\/\">Liposucci\u00f3n<\/a><\/li>\n<li><a href=\"https:\/\/www.drazouz.com\/es\/breast-augmentation\/\">Aumento de senos<\/a><\/li>\n<li><a href=\"https:\/\/www.drazouz.com\/es\/breast-lift\/\">Levantamiento de senos<\/a><\/li>\n<\/ul>\n<p>Trabajando en estrecha colaboraci\u00f3n con cada paciente, el Dr. Azouz desarrolla un plan de tratamiento personalizado para el <a href=\"https:\/\/www.drazouz.com\/es\/body\/\">contorno corporal<\/a> que aborda objetivos espec\u00edficos y produce los mejores resultados. Es importante discutir todos los objetivos durante su consulta, ya que esto afectar\u00e1 el plan quir\u00fargico. En algunos casos, el Dr. Azouz puede utilizar la misma incisi\u00f3n para m\u00faltiples procedimientos, como combinar una abdominoplastia inversa con <a href=\"https:\/\/www.drazouz.com\/es\/breast\/\">cirug\u00eda de senos<\/a>.<\/p>\n<h2>Costo de una abdominoplastia inversa<\/h2>\n<p>El costo de una abdominoplastia inversa puede variar seg\u00fan factores como la extensi\u00f3n del procedimiento, los honorarios quir\u00fargicos, los honorarios de anestesia y los honorarios de instalaciones. Durante una consulta inicial con el Dr. Azouz en Dallas, los pacientes reciben un desglose detallado de los gastos y <a href=\"https:\/\/www.drazouz.com\/es\/fees-insurance\/\">exploran opciones de financiamiento<\/a> para hacer sus aspiraciones est\u00e9ticas alcanzables dentro de su presupuesto.<\/p>\n<div class=\"row\">\n<div class=\"col-lg-4 mt-3 d-flex justify-content-center\"><img loading=\"lazy\" decoding=\"async\" src=\"https:\/\/www.drazouz.com\/wp-content\/uploads\/2024\/02\/Dr.-Solomon-Azouz-_-Plastic-and-Reconstructive-Surgery-in-Dallas-TX.jpg\" alt=\"Solomon Azouz, MD, FACS, FRSC(C) | Cirug\u00eda Pl\u00e1stica en Dallas\" width=\"450\" height=\"674\" class=\"alignnone size-full wp-image-12549\" srcset=\"https:\/\/www.drazouz.com\/wp-content\/uploads\/2024\/02\/Dr.-Solomon-Azouz-_-Plastic-and-Reconstructive-Surgery-in-Dallas-TX.jpg 684w, https:\/\/www.drazouz.com\/wp-content\/uploads\/2024\/02\/Dr.-Solomon-Azouz-_-Plastic-and-Reconstructive-Surgery-in-Dallas-TX-200x300.jpg 200w\" sizes=\"auto, (max-width: 450px) 100vw, 450px\" \/><\/div>\n<div class=\"col-lg-8 d-flex justify-content-center flex-column text-left\">\n<h3 class=\"mt-lg-0\">Programar una consulta con el Dr. Azouz<\/h3>\n<p>Una abdominoplastia inversa ofrece una alternativa revolucionaria para aquellos que buscan rejuvenecer el \u00e1rea del abdomen superior y recuperar la confianza en su apariencia. Con la ayuda de la experiencia del cirujano pl\u00e1stico certificado por la junta, el Dr. Azouz, en Dallas, los pacientes pueden embarcarse en un camino hacia contornos mejorados y confianza restaurada, liderados por una atenci\u00f3n cuidadosa a los detalles y cuidado individualizado. Para obtener m\u00e1s informaci\u00f3n sobre c\u00f3mo realizar su potencial completo de belleza, programe una cita llamando al <a href=\"tel:9727028888\" class=\"phone_anchor \" aria-label=\"ll\u00e1manos (972) 702-8888\">(972) 702-8888<\/a> o <a href=\"https:\/\/www.drazouz.com\/es\/contact\/\">cont\u00e1ctenos en l\u00ednea<\/a>. Azouz Plastic and Cosmetic Surgery ofrece citas virtuales para pacientes que viajan a Dallas para la cirug\u00eda.\n<\/div>\n<\/div>\n<h3>Preguntas frecuentes<\/h3>\n<dl id=\"faq-1\" class=\"flc-faq\"><dt id=\"l11\"><button class=\"card-header collapsed d-flex align-items-center w-100 text-left\" data-toggle=\"collapse\" data-target=\"#t11\" aria-expanded=\"false\" aria-controls=\"t11\"><i class=\"ml-1 fas fa-chevron-down\"><\/i> \u00bfEs adecuada una abdominoplastia inversa para m\u00ed si he tenido una cirug\u00eda abdominal previa?<\/button><\/dt><dd id=\"t11\" class=\"m-0 collapse\" aria-labelledby=\"l11\" aria-expanded=\"false\" data-parent=\"#faq-1\"><div class=\"card-body\"><p>En muchos casos, las personas con cirug\u00edas abdominales previas a\u00fan pueden someterse a una abdominoplastia inversa. El Dr. Azouz eval\u00faa el historial m\u00e9dico y la anatom\u00eda de cada paciente para determinar el enfoque m\u00e1s apropiado.<\/p>\n<\/div><\/dd><dt id=\"l12\"><button class=\"card-header collapsed d-flex align-items-center w-100 text-left\" data-toggle=\"collapse\" data-target=\"#t12\" aria-expanded=\"false\" aria-controls=\"t12\"><i class=\"ml-1 fas fa-chevron-down\"><\/i> \u00bfUna abdominoplastia inversa abordar\u00e1 las estr\u00edas en mi abdomen superior?<\/button><\/dt><dd id=\"t12\" class=\"m-0 collapse\" aria-labelledby=\"l12\" aria-expanded=\"false\" data-parent=\"#faq-1\"><div class=\"card-body\"><p>Si bien una abdominoplastia inversa puede mejorar la apariencia de la piel fl\u00e1cida, es posible que no elimine por completo las estr\u00edas. Sin embargo, el tensado del \u00e1rea abdominal puede disminuir su visibilidad en cierta medida.<\/p>\n<\/div><\/dd><dt id=\"l13\"><button class=\"card-header collapsed d-flex align-items-center w-100 text-left\" data-toggle=\"collapse\" data-target=\"#t13\" aria-expanded=\"false\" aria-controls=\"t13\"><i class=\"ml-1 fas fa-chevron-down\"><\/i> \u00bfCu\u00e1nto tiempo duran los resultados de una abdominoplastia inversa?<\/button><\/dt><dd id=\"t13\" class=\"m-0 collapse\" aria-labelledby=\"l13\" aria-expanded=\"false\" data-parent=\"#faq-1\"><div class=\"card-body\"><p>Con un estilo de vida saludable y mantenimiento del peso, los resultados de una abdominoplastia inversa pueden ser duraderos. Sin embargo, factores como el envejecimiento y las fluctuaciones de peso pueden afectar el resultado con el tiempo.<\/p>\n<\/div><\/dd><dt id=\"l14\"><button class=\"card-header collapsed d-flex align-items-center w-100 text-left\" data-toggle=\"collapse\" data-target=\"#t14\" aria-expanded=\"false\" aria-controls=\"t14\"><i class=\"ml-1 fas fa-chevron-down\"><\/i> \u00bfCu\u00e1ndo puedo retomar el ejercicio despu\u00e9s de una abdominoplastia inversa?<\/button><\/dt><dd id=\"t14\" class=\"m-0 collapse\" aria-labelledby=\"l14\" aria-expanded=\"false\" data-parent=\"#faq-1\"><div class=\"card-body\"><p>El Dr. Azouz aconseja a los pacientes que se abstengan de hacer ejercicio vigoroso durante varias semanas despu\u00e9s de la cirug\u00eda para permitir una correcta cicatrizaci\u00f3n. Reintroducir gradualmente la actividad f\u00edsica bajo su supervisi\u00f3n garantiza una recuperaci\u00f3n \u00f3ptima y conserva los resultados.<\/p>\n<\/div><\/dd><dt id=\"l15\"><button class=\"card-header collapsed d-flex align-items-center w-100 text-left\" data-toggle=\"collapse\" data-target=\"#t15\" aria-expanded=\"false\" aria-controls=\"t15\"><i class=\"ml-1 fas fa-chevron-down\"><\/i> \u00bfHay una diferencia significativa entre una abdominoplastia tradicional y una abdominoplastia inversa?<\/button><\/dt><dd id=\"t15\" class=\"m-0 collapse\" aria-labelledby=\"l15\" aria-expanded=\"false\" data-parent=\"#faq-1\"><div class=\"card-body\"><p>Si bien ambos procedimientos tienen como objetivo mejorar los contornos abdominales, una abdominoplastia tradicional se centra principalmente en el abdomen inferior, mientras que una abdominoplastia inversa se enfoca en el abdomen superior. Elegir la opci\u00f3n adecuada depende de preocupaciones anat\u00f3micas individuales y objetivos est\u00e9ticos.<\/p>\n<\/div><\/dd><\/dl>\n","protected":false},"excerpt":{"rendered":"<p>En el din\u00e1mico campo de la cirug\u00eda est\u00e9tica, donde la innovaci\u00f3n se desarrolla constantemente, se les brinda<br \/><a href=\"https:\/\/www.drazouz.com\/es\/abdominoplastia-inversa\/\" class=\"btn btn-blue mt-3\">Sigue leyendo<\/a><\/p>\n","protected":false},"author":1,"featured_media":12606,"parent":3798,"menu_order":0,"comment_status":"closed","ping_status":"closed","template":"","meta":{"_acf_changed":false,"footnotes":""},"class_list":["post-12595","page","type-page","status-publish","has-post-thumbnail"],"acf":[],"yoast_head":"<!-- This site is optimized with the Yoast SEO plugin v27.4 - https:\/\/yoast.com\/product\/yoast-seo-wordpress\/ -->\n<title>Abdominoplastia Inversa | Azouz Cirug\u00eda Pl\u00e1stica y Est\u00e9tica<\/title>\n<meta name=\"description\" content=\"Una abdominoplastia inversa eleva y tensa el abdomen superior, mejora los contornos y aborda el exceso de piel y grasa debajo del ombligo. Solicite una consulta con el Dr. Azouz. Llame al 972 702 8888.\" \/>\n<meta name=\"robots\" content=\"index, follow, max-snippet:-1, max-image-preview:large, max-video-preview:-1\" \/>\n<link rel=\"canonical\" href=\"https:\/\/www.drazouz.com\/es\/abdominoplastia-inversa\/\" \/>\n<meta property=\"og:locale\" content=\"es_ES\" \/>\n<meta property=\"og:type\" content=\"article\" \/>\n<meta property=\"og:title\" content=\"Abdominoplastia Inversa | Azouz Cirug\u00eda Pl\u00e1stica y Est\u00e9tica\" \/>\n<meta property=\"og:description\" content=\"Una abdominoplastia inversa eleva y tensa el abdomen superior, mejora los contornos y aborda el exceso de piel y grasa debajo del ombligo. Solicite una consulta con el Dr. Azouz. Llame al 972 702 8888.\" \/>\n<meta property=\"og:url\" content=\"https:\/\/www.drazouz.com\/es\/abdominoplastia-inversa\/\" \/>\n<meta property=\"og:site_name\" content=\"Azouz Cirug\u00eda Pl\u00e1stica y Est\u00e9tica\" \/>\n<meta property=\"article:modified_time\" content=\"2024-05-28T12:24:40+00:00\" \/>\n<meta property=\"og:image\" content=\"https:\/\/www.drazouz.com\/wp-content\/uploads\/2024\/02\/header-image-022301-1.jpeg\" \/>\n<meta name=\"twitter:card\" content=\"summary_large_image\" \/>\n<meta name=\"twitter:image\" content=\"https:\/\/www.drazouz.com\/wp-content\/uploads\/2024\/02\/header-image-022301-1.jpeg\" \/>\n<meta name=\"twitter:label1\" content=\"Tiempo de lectura\" \/>\n\t<meta name=\"twitter:data1\" content=\"6 minutos\" \/>\n<!-- \/ Yoast SEO plugin. -->","yoast_head_json":{"title":"Abdominoplastia Inversa | Azouz Cirug\u00eda Pl\u00e1stica y Est\u00e9tica","description":"Una abdominoplastia inversa eleva y tensa el abdomen superior, mejora los contornos y aborda el exceso de piel y grasa debajo del ombligo. Solicite una consulta con el Dr. Azouz. Llame al 972 702 8888.","robots":{"index":"index","follow":"follow","max-snippet":"max-snippet:-1","max-image-preview":"max-image-preview:large","max-video-preview":"max-video-preview:-1"},"canonical":"https:\/\/www.drazouz.com\/es\/abdominoplastia-inversa\/","og_locale":"es_ES","og_type":"article","og_title":"Abdominoplastia Inversa | Azouz Cirug\u00eda Pl\u00e1stica y Est\u00e9tica","og_description":"Una abdominoplastia inversa eleva y tensa el abdomen superior, mejora los contornos y aborda el exceso de piel y grasa debajo del ombligo. Solicite una consulta con el Dr. Azouz. Llame al 972 702 8888.","og_url":"https:\/\/www.drazouz.com\/es\/abdominoplastia-inversa\/","og_site_name":"Azouz Cirug\u00eda Pl\u00e1stica y Est\u00e9tica","article_modified_time":"2024-05-28T12:24:40+00:00","og_image":[{"url":"https:\/\/www.drazouz.com\/wp-content\/uploads\/2024\/02\/header-image-022301-1.jpeg","type":"","width":"","height":""}],"twitter_card":"summary_large_image","twitter_image":"https:\/\/www.drazouz.com\/wp-content\/uploads\/2024\/02\/header-image-022301-1.jpeg","twitter_misc":{"Tiempo de lectura":"6 minutos"},"schema":{"@context":"https:\/\/schema.org","@graph":[{"@type":"WebPage","@id":"https:\/\/www.drazouz.com\/es\/abdominoplastia-inversa\/","url":"https:\/\/www.drazouz.com\/es\/abdominoplastia-inversa\/","name":"Abdominoplastia Inversa | Azouz Cirug\u00eda Pl\u00e1stica y Est\u00e9tica","isPartOf":{"@id":"https:\/\/www.drazouz.com\/es\/#website"},"primaryImageOfPage":{"@id":"https:\/\/www.drazouz.com\/es\/abdominoplastia-inversa\/#primaryimage"},"image":{"@id":"https:\/\/www.drazouz.com\/es\/abdominoplastia-inversa\/#primaryimage"},"thumbnailUrl":"https:\/\/www.drazouz.com\/wp-content\/uploads\/2024\/02\/header-image-022301-1.jpeg","datePublished":"2024-02-23T07:36:49+00:00","dateModified":"2024-05-28T12:24:40+00:00","description":"Una abdominoplastia inversa eleva y tensa el abdomen superior, mejora los contornos y aborda el exceso de piel y grasa debajo del ombligo. Solicite una consulta con el Dr. Azouz. Llame al 972 702 8888.","breadcrumb":{"@id":"https:\/\/www.drazouz.com\/es\/abdominoplastia-inversa\/#breadcrumb"},"inLanguage":"es","potentialAction":[{"@type":"ReadAction","target":["https:\/\/www.drazouz.com\/es\/abdominoplastia-inversa\/"]}]},{"@type":"ImageObject","inLanguage":"es","@id":"https:\/\/www.drazouz.com\/es\/abdominoplastia-inversa\/#primaryimage","url":"https:\/\/www.drazouz.com\/wp-content\/uploads\/2024\/02\/header-image-022301-1.jpeg","contentUrl":"https:\/\/www.drazouz.com\/wp-content\/uploads\/2024\/02\/header-image-022301-1.jpeg","width":1920,"height":815,"caption":"reverse tummy tuck | upper abdominal lift surgery"},{"@type":"BreadcrumbList","@id":"https:\/\/www.drazouz.com\/es\/abdominoplastia-inversa\/#breadcrumb","itemListElement":[{"@type":"ListItem","position":1,"name":"Home","item":"https:\/\/www.drazouz.com\/es\/"},{"@type":"ListItem","position":2,"name":"Procedimientos","item":"https:\/\/www.drazouz.com\/es\/procedimientos\/"},{"@type":"ListItem","position":3,"name":"Cuerpo","item":"https:\/\/www.drazouz.com\/es\/body\/"},{"@type":"ListItem","position":4,"name":"Abdominoplastia Inversa"}]},{"@type":"WebSite","@id":"https:\/\/www.drazouz.com\/es\/#website","url":"https:\/\/www.drazouz.com\/es\/","name":"Azouz Cirug\u00eda Pl\u00e1stica y Est\u00e9tica","description":"","potentialAction":[{"@type":"SearchAction","target":{"@type":"EntryPoint","urlTemplate":"https:\/\/www.drazouz.com\/es\/?s={search_term_string}"},"query-input":{"@type":"PropertyValueSpecification","valueRequired":true,"valueName":"search_term_string"}}],"inLanguage":"es"}]}},"_links":{"self":[{"href":"https:\/\/www.drazouz.com\/es\/wp-json\/wp\/v2\/pages\/12595","targetHints":{"allow":["GET"]}}],"collection":[{"href":"https:\/\/www.drazouz.com\/es\/wp-json\/wp\/v2\/pages"}],"about":[{"href":"https:\/\/www.drazouz.com\/es\/wp-json\/wp\/v2\/types\/page"}],"author":[{"embeddable":true,"href":"https:\/\/www.drazouz.com\/es\/wp-json\/wp\/v2\/users\/1"}],"replies":[{"embeddable":true,"href":"https:\/\/www.drazouz.com\/es\/wp-json\/wp\/v2\/comments?post=12595"}],"version-history":[{"count":12,"href":"https:\/\/www.drazouz.com\/es\/wp-json\/wp\/v2\/pages\/12595\/revisions"}],"predecessor-version":[{"id":14384,"href":"https:\/\/www.drazouz.com\/es\/wp-json\/wp\/v2\/pages\/12595\/revisions\/14384"}],"up":[{"embeddable":true,"href":"https:\/\/www.drazouz.com\/es\/wp-json\/wp\/v2\/pages\/3798"}],"wp:featuredmedia":[{"embeddable":true,"href":"https:\/\/www.drazouz.com\/es\/wp-json\/wp\/v2\/media\/12606"}],"wp:attachment":[{"href":"https:\/\/www.drazouz.com\/es\/wp-json\/wp\/v2\/media?parent=12595"}],"curies":[{"name":"wp","href":"https:\/\/api.w.org\/{rel}","templated":true}]}}