{"id":11604,"date":"2022-07-15T03:33:34","date_gmt":"2022-07-15T08:33:34","guid":{"rendered":"https:\/\/www.drazouz.com\/?page_id=11604"},"modified":"2024-01-26T05:51:33","modified_gmt":"2024-01-26T10:51:33","slug":"acerca","status":"publish","type":"page","link":"https:\/\/www.drazouz.com\/es\/acerca\/","title":{"rendered":"Acerca"},"content":{"rendered":"<p>Bienvenido a <a href=\"https:\/\/www.drazouz.com\/es\/\"><em><strong>Azouz Cirug\u00eda Pl\u00e1stica y Cosm\u00e9tica<\/strong><\/em><\/a>. Ubicado en Dallas-Fort Worth, Texas, el Dr. Azouz es buscado por pacientes de todo el mundo. Como cirujano pl\u00e1stico y reconstructivo con formaci\u00f3n en becas y certificado por la junta, su reputaci\u00f3n internacional est\u00e1 respaldada por numerosos premios que abarcan varias d\u00e9cadas. La pr\u00e1ctica del Dr. Azouz ofrece una amplia gama de procedimientos cosm\u00e9ticos, con resultados naturales y hermosos. Las cirug\u00edas reconstructivas pueden abordar defectos cong\u00e9nitos y lesiones traum\u00e1ticas de accidentes, incluidas lesiones laborales cubiertas por compensaci\u00f3n laboral.<\/p>\n<p>En Azouz Cirug\u00eda Pl\u00e1stica y Cosm\u00e9tica, nuestro equipo se esfuerza por lograr las mayores mejoras en la apariencia est\u00e9tica, la funcionalidad restaurada y la calidad de vida. Utilizamos procedimientos innovadores y equipos especializados desarrollados por el propio Dr. Azouz. Su equipo y t\u00e9cnicas \u00fanicas han perfeccionado el campo de las cirug\u00edas est\u00e9ticas y cosm\u00e9ticas, brindando a los pacientes resultados superiores.<\/p>\n<h2>Cuidado Personalizado para Resultados Excepcionales<\/h2>\n<p>Con t\u00e9cnicas de vanguardia, el Dr. Azouz ofrece algunos de los procedimientos m\u00e1s completos disponibles. Con precisi\u00f3n quir\u00fargica y un ojo para la art\u00edstica, Azouz Cirug\u00eda Pl\u00e1stica y Cosm\u00e9tica se apasiona por brindar atenci\u00f3n excepcional. Su detallada consulta y examen en la oficina de Plano, TX, garantiza que comprenda completamente su plan de tratamiento. Tambi\u00e9n brindamos la misma atenci\u00f3n durante consultas virtuales. Con visitas virtuales, podemos abordar incluso los procedimientos m\u00e1s complejos y avanzados.<br \/>\n<nav class=\"flc-submenu\" aria-label=\"sub menu\"><ul><li class=\"page_item page-item-3784\"><a href=\"https:\/\/www.drazouz.com\/es\/acerca\/meet-dr-david-azouz\/\">Conoce al Dr. David Azouz<\/a><\/li>\n<li class=\"page_item page-item-16279 page_item_has_children\"><a href=\"https:\/\/www.drazouz.com\/es\/meet-dr-solomon-azouz\/\">Conoce al Dr. Solomon Azouz<\/a><\/li>\n<li class=\"page_item page-item-11613\"><a href=\"https:\/\/www.drazouz.com\/es\/acerca\/conoce-al-dr-vitali-azouz\/\">Conoce al Dr. Vitali Azouz<\/a><\/li>\n<li class=\"page_item page-item-3774\"><a href=\"https:\/\/www.drazouz.com\/es\/acerca\/promotions\/\">Promociones<\/a><\/li>\n<li class=\"page_item page-item-3771 page_item_has_children\"><a href=\"https:\/\/www.drazouz.com\/es\/fees-insurance\/\">Tarifas y seguro<\/a><\/li>\n<li class=\"page_item page-item-1240\"><a href=\"https:\/\/www.drazouz.com\/es\/testimonials\/\">Testimonios<\/a><\/li>\n<li class=\"page_item page-item-3778\"><a href=\"https:\/\/www.drazouz.com\/es\/acerca\/about-your-plastic-and-reconstructive-surgery-consultation-with-board-certified-plastic-surgeon-dr-david-azouz-in-dallas-texas\/\">Viajando a Dallas, TX<\/a><\/li>\n<li class=\"page_item page-item-3768\"><a href=\"https:\/\/www.drazouz.com\/es\/office-tour\/\">Visita a la oficina<\/a><\/li>\n<\/ul><\/nav><br \/>\nNuestro entorno acogedor e inclusivo brinda apoyo y atenci\u00f3n personalizados. Con servicios disponibles en ingl\u00e9s, espa\u00f1ol y franc\u00e9s, mejoramos la autoestima y la calidad de vida de pacientes de diversos or\u00edgenes.<\/p>\n<h3>Una Experiencia de Paciente Completa en Dallas<\/h3>\n<p>Azouz Cirug\u00eda Pl\u00e1stica y Cosm\u00e9tica comprende que su procedimiento es una inversi\u00f3n en usted mismo. Para ayudarlo a navegar por el proceso, nuestro fant\u00e1stico equipo puede brindarle asistencia adicional para viajes y servicios administrativos. Profesionales y experimentados, se esfuerzan por simplificar los arreglos financieros, incluidas opciones de financiamiento o el env\u00edo de documentos a su aseguradora.<\/p>\n<p>El personal puede abordar sus inquietudes de viaje y dirigirlo a alojamientos hermosos, c\u00f3modos y razonablemente econ\u00f3micos ubicados cerca de las cl\u00ednicas quir\u00fargicas del Dr. Azouz. Los requisitos postoperatorios, como la compra de prendas de compresi\u00f3n o instrucciones espec\u00edficas para viajar, se simplifican convenientemente para su comodidad y tranquilidad.<\/p>\n<p>Si est\u00e1 explorando sus opciones para cirug\u00eda pl\u00e1stica, <a href=\"https:\/\/www.drazouz.com\/es\/contact\/\"><em><strong>cont\u00e1ctese con Azouz Cirug\u00eda Pl\u00e1stica y Cosm\u00e9tica a trav\u00e9s de nuestro formulario en l\u00ednea<\/strong><\/em><\/a> o por tel\u00e9fono al <a href=\"tel:9727028888\" class=\"phone_anchor \" aria-label=\"ll\u00e1manos (972) 702-8888\">(972) 702-8888<\/a>.<\/p>\n","protected":false},"excerpt":{"rendered":"<p>Bienvenido a Azouz Cirug\u00eda Pl\u00e1stica y Cosm\u00e9tica. Ubicado en Dallas-Fort Worth, Texas, el Dr. Azouz es buscado<br \/><a href=\"https:\/\/www.drazouz.com\/es\/acerca\/\" class=\"btn btn-blue mt-3\">Sigue leyendo<\/a><\/p>\n","protected":false},"author":1,"featured_media":0,"parent":0,"menu_order":0,"comment_status":"closed","ping_status":"closed","template":"","meta":{"_acf_changed":false,"footnotes":""},"class_list":["post-11604","page","type-page","status-publish"],"acf":[],"yoast_head":"<!-- This site is optimized with the Yoast SEO plugin v27.4 - https:\/\/yoast.com\/product\/yoast-seo-wordpress\/ -->\n<title>Acerca | Azouz Cirug\u00eda Pl\u00e1stica y Est\u00e9tica<\/title>\n<meta name=\"robots\" content=\"index, follow, max-snippet:-1, max-image-preview:large, max-video-preview:-1\" \/>\n<link rel=\"canonical\" href=\"https:\/\/www.drazouz.com\/es\/acerca\/\" \/>\n<meta property=\"og:locale\" content=\"es_ES\" \/>\n<meta property=\"og:type\" content=\"article\" \/>\n<meta property=\"og:title\" content=\"Acerca | Azouz Cirug\u00eda Pl\u00e1stica y Est\u00e9tica\" \/>\n<meta property=\"og:description\" content=\"Bienvenido a Azouz Cirug\u00eda Pl\u00e1stica y Cosm\u00e9tica. Ubicado en Dallas-Fort Worth, Texas, el Dr. Azouz es buscadoSigue leyendo\" \/>\n<meta property=\"og:url\" content=\"https:\/\/www.drazouz.com\/es\/acerca\/\" \/>\n<meta property=\"og:site_name\" content=\"Azouz Cirug\u00eda Pl\u00e1stica y Est\u00e9tica\" \/>\n<meta property=\"article:modified_time\" content=\"2024-01-26T10:51:33+00:00\" \/>\n<meta property=\"og:image\" content=\"https:\/\/www.drazouz.com\/wp-content\/uploads\/2024\/03\/jumbotron.webp\" \/>\n<meta name=\"twitter:card\" content=\"summary_large_image\" \/>\n<meta name=\"twitter:image\" content=\"https:\/\/www.drazouz.com\/wp-content\/uploads\/2024\/03\/jumbotron.webp\" \/>\n<meta name=\"twitter:label1\" content=\"Tiempo de lectura\" \/>\n\t<meta name=\"twitter:data1\" content=\"2 minutos\" \/>\n<!-- \/ Yoast SEO plugin. -->","yoast_head_json":{"title":"Acerca | Azouz Cirug\u00eda Pl\u00e1stica y Est\u00e9tica","robots":{"index":"index","follow":"follow","max-snippet":"max-snippet:-1","max-image-preview":"max-image-preview:large","max-video-preview":"max-video-preview:-1"},"canonical":"https:\/\/www.drazouz.com\/es\/acerca\/","og_locale":"es_ES","og_type":"article","og_title":"Acerca | Azouz Cirug\u00eda Pl\u00e1stica y Est\u00e9tica","og_description":"Bienvenido a Azouz Cirug\u00eda Pl\u00e1stica y Cosm\u00e9tica. Ubicado en Dallas-Fort Worth, Texas, el Dr. Azouz es buscadoSigue leyendo","og_url":"https:\/\/www.drazouz.com\/es\/acerca\/","og_site_name":"Azouz Cirug\u00eda Pl\u00e1stica y Est\u00e9tica","article_modified_time":"2024-01-26T10:51:33+00:00","og_image":[{"url":"https:\/\/www.drazouz.com\/wp-content\/uploads\/2024\/03\/jumbotron.webp","type":"","width":"","height":""}],"twitter_card":"summary_large_image","twitter_image":"https:\/\/www.drazouz.com\/wp-content\/uploads\/2024\/03\/jumbotron.webp","twitter_misc":{"Tiempo de lectura":"2 minutos"},"schema":{"@context":"https:\/\/schema.org","@graph":[{"@type":"WebPage","@id":"https:\/\/www.drazouz.com\/es\/acerca\/","url":"https:\/\/www.drazouz.com\/es\/acerca\/","name":"Acerca | Azouz Cirug\u00eda Pl\u00e1stica y Est\u00e9tica","isPartOf":{"@id":"https:\/\/www.drazouz.com\/es\/#website"},"datePublished":"2022-07-15T08:33:34+00:00","dateModified":"2024-01-26T10:51:33+00:00","breadcrumb":{"@id":"https:\/\/www.drazouz.com\/es\/acerca\/#breadcrumb"},"inLanguage":"es","potentialAction":[{"@type":"ReadAction","target":["https:\/\/www.drazouz.com\/es\/acerca\/"]}]},{"@type":"BreadcrumbList","@id":"https:\/\/www.drazouz.com\/es\/acerca\/#breadcrumb","itemListElement":[{"@type":"ListItem","position":1,"name":"Home","item":"https:\/\/www.drazouz.com\/es\/"},{"@type":"ListItem","position":2,"name":"Acerca"}]},{"@type":"WebSite","@id":"https:\/\/www.drazouz.com\/es\/#website","url":"https:\/\/www.drazouz.com\/es\/","name":"Azouz Cirug\u00eda Pl\u00e1stica y Est\u00e9tica","description":"","potentialAction":[{"@type":"SearchAction","target":{"@type":"EntryPoint","urlTemplate":"https:\/\/www.drazouz.com\/es\/?s={search_term_string}"},"query-input":{"@type":"PropertyValueSpecification","valueRequired":true,"valueName":"search_term_string"}}],"inLanguage":"es"}]}},"_links":{"self":[{"href":"https:\/\/www.drazouz.com\/es\/wp-json\/wp\/v2\/pages\/11604","targetHints":{"allow":["GET"]}}],"collection":[{"href":"https:\/\/www.drazouz.com\/es\/wp-json\/wp\/v2\/pages"}],"about":[{"href":"https:\/\/www.drazouz.com\/es\/wp-json\/wp\/v2\/types\/page"}],"author":[{"embeddable":true,"href":"https:\/\/www.drazouz.com\/es\/wp-json\/wp\/v2\/users\/1"}],"replies":[{"embeddable":true,"href":"https:\/\/www.drazouz.com\/es\/wp-json\/wp\/v2\/comments?post=11604"}],"version-history":[{"count":7,"href":"https:\/\/www.drazouz.com\/es\/wp-json\/wp\/v2\/pages\/11604\/revisions"}],"predecessor-version":[{"id":11609,"href":"https:\/\/www.drazouz.com\/es\/wp-json\/wp\/v2\/pages\/11604\/revisions\/11609"}],"wp:attachment":[{"href":"https:\/\/www.drazouz.com\/es\/wp-json\/wp\/v2\/media?parent=11604"}],"curies":[{"name":"wp","href":"https:\/\/api.w.org\/{rel}","templated":true}]}}