{"id":11596,"date":"2022-07-25T04:04:56","date_gmt":"2022-07-25T09:04:56","guid":{"rendered":"https:\/\/www.drazouz.com\/?page_id=11596"},"modified":"2024-01-26T05:42:09","modified_gmt":"2024-01-26T10:42:09","slug":"rinoplastia-de-revision","status":"publish","type":"page","link":"https:\/\/www.drazouz.com\/es\/rinoplastia-de-revision\/","title":{"rendered":"Rinoplastia de Revisi\u00f3n"},"content":{"rendered":"<p>La rinoplastia es un procedimiento delicado que requiere una amplia formaci\u00f3n, experiencia, habilidad y arte. En manos equivocadas, la rinoplastia puede ser una experiencia decepcionante. Puede ser perturbador cuando tu <a href=\"https:\/\/www.drazouz.com\/es\/nose-plastic-surgery\/\"><em><strong>cirug\u00eda de nariz<\/strong><\/em><\/a> no produce los resultados est\u00e9ticos que esperabas o las mejoras funcionales que necesitabas. El Dr. Azouz de Azouz Plastic and Cosmetic Surgery en Dallas puede examinar el resultado de tu cirug\u00eda anterior y discutir c\u00f3mo corregir cualquier problema. Como cirujano pl\u00e1stico certificado con entrenamiento en becas, el Dr. Azouz tiene d\u00e9cadas de experiencia realizando rinoplastias y puede corregir trabajos anteriores con una rinoplastia de revisi\u00f3n.<\/p>\n<h2>Motivos para la Rinoplastia de Revisi\u00f3n<\/h2>\n<p>Las t\u00e9cnicas quir\u00fargicas deficientes o la falta de experiencia pueden comprometer los resultados quir\u00fargicos de una rinoplastia. En algunos casos, este es un problema est\u00e9tico, como no poder remodelar adecuadamente un bulto en el puente de la nariz. Aunque esto puede ser angustiante, puede ser m\u00e1s f\u00e1cil de corregir que otros problemas o complicaciones. Cuando una rinoplastia sale mal, los problemas pueden ser graves.<\/p>\n<p>Tu nariz est\u00e1 compuesta principalmente de cart\u00edlago, que es flexible pero resistente. Sin embargo, si el cart\u00edlago se da\u00f1a, no se repara f\u00e1cilmente. Una rinoplastia mal realizada que afecta esta estructura delicada puede provocar un puente nasal hundido, problemas para respirar, punta nasal torcida o desigual, orificios nasales de diferentes tama\u00f1os y una asimetr\u00eda general que se parece m\u00e1s a una lesi\u00f3n que a una mejora. Incluso en casos que no se consideran graves, el da\u00f1o al cart\u00edlago puede crear un tabique desviado o perforado, lo que puede comprometer tu respiraci\u00f3n, aumentar tus posibilidades de apnea del sue\u00f1o y crear problemas cr\u00f3nicos de sinusitis.<\/p>\n<h3>Correcci\u00f3n de Rinoplastia en Plano<\/h3>\n<p>Elegir a un cirujano h\u00e1bil y experimentado como el Dr. Azouz es imprescindible para la rinoplastia de revisi\u00f3n. Dado que tu nariz ya ha sido alterada, la cirug\u00eda es m\u00e1s compleja. Dependiendo del grado de revisi\u00f3n, tu cirujano puede solicitar fotos tuyas antes de la cirug\u00eda para establecer la anatom\u00eda original de tu rostro. El Dr. Azouz tiene un conocimiento completo de la anatom\u00eda nasal y facial y un ojo para la art\u00edstica que produce consistentemente resultados hermosos y naturales. Si has tenido un resultado deficiente de una cirug\u00eda nasal anterior o tienes preocupaciones de que las estructuras internas hayan sido da\u00f1adas, <a href=\"https:\/\/www.drazouz.com\/es\/contact\/\"><em><strong>contacta a Azouz Plastic and Cosmetic Surgery<\/strong><\/em><\/a> hoy mismo para una consulta de revisi\u00f3n de rinoplastia.<\/p>\n","protected":false},"excerpt":{"rendered":"<p>La rinoplastia es un procedimiento delicado que requiere una amplia formaci\u00f3n, experiencia, habilidad y arte. En manos<br \/><a href=\"https:\/\/www.drazouz.com\/es\/rinoplastia-de-revision\/\" class=\"btn btn-blue mt-3\">Sigue leyendo<\/a><\/p>\n","protected":false},"author":1,"featured_media":12726,"parent":8625,"menu_order":0,"comment_status":"closed","ping_status":"closed","template":"","meta":{"_acf_changed":false,"footnotes":""},"class_list":["post-11596","page","type-page","status-publish","has-post-thumbnail"],"acf":[],"yoast_head":"<!-- This site is optimized with the Yoast SEO plugin v27.4 - https:\/\/yoast.com\/product\/yoast-seo-wordpress\/ -->\n<title>Rinoplastia de Revisi\u00f3n | Azouz Cirug\u00eda Pl\u00e1stica y Est\u00e9tica<\/title>\n<meta name=\"robots\" content=\"index, follow, max-snippet:-1, max-image-preview:large, max-video-preview:-1\" \/>\n<link rel=\"canonical\" href=\"https:\/\/www.drazouz.com\/es\/rinoplastia-de-revision\/\" \/>\n<meta property=\"og:locale\" content=\"es_ES\" \/>\n<meta property=\"og:type\" content=\"article\" \/>\n<meta property=\"og:title\" content=\"Rinoplastia de Revisi\u00f3n | Azouz Cirug\u00eda Pl\u00e1stica y Est\u00e9tica\" \/>\n<meta property=\"og:description\" content=\"La rinoplastia es un procedimiento delicado que requiere una amplia formaci\u00f3n, experiencia, habilidad y arte. En manosSigue leyendo\" \/>\n<meta property=\"og:url\" content=\"https:\/\/www.drazouz.com\/es\/rinoplastia-de-revision\/\" \/>\n<meta property=\"og:site_name\" content=\"Azouz Cirug\u00eda Pl\u00e1stica y Est\u00e9tica\" \/>\n<meta property=\"article:modified_time\" content=\"2024-01-26T10:42:09+00:00\" \/>\n<meta property=\"og:image\" content=\"https:\/\/www.drazouz.com\/wp-content\/uploads\/2024\/02\/header-rhinoplasty-revision.jpg\" \/>\n<meta name=\"twitter:card\" content=\"summary_large_image\" \/>\n<meta name=\"twitter:image\" content=\"https:\/\/www.drazouz.com\/wp-content\/uploads\/2024\/02\/header-rhinoplasty-revision.jpg\" \/>\n<meta name=\"twitter:label1\" content=\"Tiempo de lectura\" \/>\n\t<meta name=\"twitter:data1\" content=\"2 minutos\" \/>\n<!-- \/ Yoast SEO plugin. -->","yoast_head_json":{"title":"Rinoplastia de Revisi\u00f3n | Azouz Cirug\u00eda Pl\u00e1stica y Est\u00e9tica","robots":{"index":"index","follow":"follow","max-snippet":"max-snippet:-1","max-image-preview":"max-image-preview:large","max-video-preview":"max-video-preview:-1"},"canonical":"https:\/\/www.drazouz.com\/es\/rinoplastia-de-revision\/","og_locale":"es_ES","og_type":"article","og_title":"Rinoplastia de Revisi\u00f3n | Azouz Cirug\u00eda Pl\u00e1stica y Est\u00e9tica","og_description":"La rinoplastia es un procedimiento delicado que requiere una amplia formaci\u00f3n, experiencia, habilidad y arte. En manosSigue leyendo","og_url":"https:\/\/www.drazouz.com\/es\/rinoplastia-de-revision\/","og_site_name":"Azouz Cirug\u00eda Pl\u00e1stica y Est\u00e9tica","article_modified_time":"2024-01-26T10:42:09+00:00","og_image":[{"url":"https:\/\/www.drazouz.com\/wp-content\/uploads\/2024\/02\/header-rhinoplasty-revision.jpg","type":"","width":"","height":""}],"twitter_card":"summary_large_image","twitter_image":"https:\/\/www.drazouz.com\/wp-content\/uploads\/2024\/02\/header-rhinoplasty-revision.jpg","twitter_misc":{"Tiempo de lectura":"2 minutos"},"schema":{"@context":"https:\/\/schema.org","@graph":[{"@type":"WebPage","@id":"https:\/\/www.drazouz.com\/es\/rinoplastia-de-revision\/","url":"https:\/\/www.drazouz.com\/es\/rinoplastia-de-revision\/","name":"Rinoplastia de Revisi\u00f3n | Azouz Cirug\u00eda Pl\u00e1stica y Est\u00e9tica","isPartOf":{"@id":"https:\/\/www.drazouz.com\/es\/#website"},"primaryImageOfPage":{"@id":"https:\/\/www.drazouz.com\/es\/rinoplastia-de-revision\/#primaryimage"},"image":{"@id":"https:\/\/www.drazouz.com\/es\/rinoplastia-de-revision\/#primaryimage"},"thumbnailUrl":"https:\/\/www.drazouz.com\/wp-content\/uploads\/2024\/02\/header-rhinoplasty-revision.jpg","datePublished":"2022-07-25T09:04:56+00:00","dateModified":"2024-01-26T10:42:09+00:00","breadcrumb":{"@id":"https:\/\/www.drazouz.com\/es\/rinoplastia-de-revision\/#breadcrumb"},"inLanguage":"es","potentialAction":[{"@type":"ReadAction","target":["https:\/\/www.drazouz.com\/es\/rinoplastia-de-revision\/"]}]},{"@type":"ImageObject","inLanguage":"es","@id":"https:\/\/www.drazouz.com\/es\/rinoplastia-de-revision\/#primaryimage","url":"https:\/\/www.drazouz.com\/wp-content\/uploads\/2024\/02\/header-rhinoplasty-revision.jpg","contentUrl":"https:\/\/www.drazouz.com\/wp-content\/uploads\/2024\/02\/header-rhinoplasty-revision.jpg","width":1918,"height":820,"caption":"Man holding his nose because of a sinus pain"},{"@type":"BreadcrumbList","@id":"https:\/\/www.drazouz.com\/es\/rinoplastia-de-revision\/#breadcrumb","itemListElement":[{"@type":"ListItem","position":1,"name":"Home","item":"https:\/\/www.drazouz.com\/es\/"},{"@type":"ListItem","position":2,"name":"Procedimientos","item":"https:\/\/www.drazouz.com\/es\/procedimientos\/"},{"@type":"ListItem","position":3,"name":"Cirug\u00eda Pl\u00e1stica de Nariz","item":"https:\/\/www.drazouz.com\/es\/cirugia-plastica-de-nariz\/"},{"@type":"ListItem","position":4,"name":"Rinoplastia de Revisi\u00f3n"}]},{"@type":"WebSite","@id":"https:\/\/www.drazouz.com\/es\/#website","url":"https:\/\/www.drazouz.com\/es\/","name":"Azouz Cirug\u00eda Pl\u00e1stica y Est\u00e9tica","description":"","potentialAction":[{"@type":"SearchAction","target":{"@type":"EntryPoint","urlTemplate":"https:\/\/www.drazouz.com\/es\/?s={search_term_string}"},"query-input":{"@type":"PropertyValueSpecification","valueRequired":true,"valueName":"search_term_string"}}],"inLanguage":"es"}]}},"_links":{"self":[{"href":"https:\/\/www.drazouz.com\/es\/wp-json\/wp\/v2\/pages\/11596","targetHints":{"allow":["GET"]}}],"collection":[{"href":"https:\/\/www.drazouz.com\/es\/wp-json\/wp\/v2\/pages"}],"about":[{"href":"https:\/\/www.drazouz.com\/es\/wp-json\/wp\/v2\/types\/page"}],"author":[{"embeddable":true,"href":"https:\/\/www.drazouz.com\/es\/wp-json\/wp\/v2\/users\/1"}],"replies":[{"embeddable":true,"href":"https:\/\/www.drazouz.com\/es\/wp-json\/wp\/v2\/comments?post=11596"}],"version-history":[{"count":5,"href":"https:\/\/www.drazouz.com\/es\/wp-json\/wp\/v2\/pages\/11596\/revisions"}],"predecessor-version":[{"id":11599,"href":"https:\/\/www.drazouz.com\/es\/wp-json\/wp\/v2\/pages\/11596\/revisions\/11599"}],"up":[{"embeddable":true,"href":"https:\/\/www.drazouz.com\/es\/wp-json\/wp\/v2\/pages\/8625"}],"wp:featuredmedia":[{"embeddable":true,"href":"https:\/\/www.drazouz.com\/es\/wp-json\/wp\/v2\/media\/12726"}],"wp:attachment":[{"href":"https:\/\/www.drazouz.com\/es\/wp-json\/wp\/v2\/media?parent=11596"}],"curies":[{"name":"wp","href":"https:\/\/api.w.org\/{rel}","templated":true}]}}