{"id":11583,"date":"2022-07-25T04:07:27","date_gmt":"2022-07-25T09:07:27","guid":{"rendered":"https:\/\/www.drazouz.com\/?page_id=11583"},"modified":"2025-05-29T06:20:17","modified_gmt":"2025-05-29T11:20:17","slug":"reparacion-de-nariz-en-silla-de-montar","status":"publish","type":"page","link":"https:\/\/www.drazouz.com\/es\/reparacion-de-nariz-en-silla-de-montar\/","title":{"rendered":"Reparaci\u00f3n de Nariz en Silla de Montar"},"content":{"rendered":"<p>a nariz en silla de montar es una depresi\u00f3n en el puente nasal causada por un colapso o desintegraci\u00f3n del cart\u00edlago nasal de soporte. Tiene diferentes grados de gravedad y puede afectar tu calidad de vida. En algunos pacientes, el puente de la nariz puede colapsarse completamente, mientras que en otros resulta en una indentaci\u00f3n significativa. En ambos casos, esta \u00e1rea c\u00f3ncava puede cambiar significativamente tu apariencia y c\u00f3mo te sientes, haci\u00e9ndote sentir cohibido y disminuyendo tu autoestima. La cirug\u00eda de reparaci\u00f3n de nariz en silla de montar puede reconstruir la nariz hundida, <a title=\"Dallas TX Nose Plastic Surgeon\" href=\"https:\/\/www.drazouz.com\/es\/nose-plastic-surgery\/\"><em><strong>restaurando la forma y funci\u00f3n nasal<\/strong><\/em><\/a>. Azouz Plastic and Cosmetic Surgery ofrece cirug\u00eda de reparaci\u00f3n de nariz en silla de montar en Dallas, TX.<span><\/span><\/a><\/p>\n<h2>\u00bfQu\u00e9 Causa la Nariz en Silla de Montar?<\/h2>\n<p>La nariz en silla de montar es causada por traumatismos, infecciones, complicaciones de la rinoplastia y trastornos cong\u00e9nitos o autoinmunes. A menudo se observa con el uso excesivo de aerosoles nasales y tambi\u00e9n puede ocurrir debido al consumo de drogas. Adem\u00e1s de cambiar tu apariencia, la nariz en silla de montar tambi\u00e9n puede afectar tu salud, desde crear dificultades para respirar hasta aumentar el riesgo de infecciones sinusales. Incluso puede afectar tu visi\u00f3n si no puedes usar tus gafas porque no tienes un puente nasal suficiente. El colapso nasal generalmente empeora con el tiempo, lo que resulta en una punta nasal hacia arriba.<\/p>\n<h3>Correcci\u00f3n de la Deformidad de Nariz Plano<\/h3>\n<p>La \u00fanica soluci\u00f3n permanente para la nariz en silla de montar es la rinoplastia de nariz en silla de montar, que corrige la estructura responsable de la deformidad nasal. A diferencia de una rinoplastia t\u00edpica, la cirug\u00eda de reparaci\u00f3n de nariz en silla de montar reconstruye la subestructura nasal utilizando cart\u00edlago tomado de otra \u00e1rea. Este cart\u00edlago se injerta en las estructuras nasales existentes, junto con stents para mantener la integridad estructural. Una vez en su lugar, esta nueva subestructura se puede remodelar en una nariz est\u00e9ticamente atractiva que est\u00e9 alineada con tus caracter\u00edsticas para una apariencia natural y equilibrada.<\/p>\n<p>El Dr. Azouz, cirujano pl\u00e1stico certificado y con formaci\u00f3n en becas, puede reparar cualquier tipo de deformidad de nariz en silla de montar. Es muy respetado y su arte es buscado por pacientes de todo el mundo. No importa la causa o gravedad de tu deformidad de nariz en silla de montar, el Dr. Azouz te invita a ponerte en <a title=\"Contact Azouz Cosmetic &amp; Plastic Surgery in Dallas TX\" href=\"https:\/\/www.drazouz.com\/es\/contact\/\"><em><strong>contacto con su consultorio<\/strong><\/em><\/a> para una consulta sobre rinoplastia de nariz en silla de montar.<\/p>\n","protected":false},"excerpt":{"rendered":"<p>a nariz en silla de montar es una depresi\u00f3n en el puente nasal causada por un colapso<br \/><a href=\"https:\/\/www.drazouz.com\/es\/reparacion-de-nariz-en-silla-de-montar\/\" class=\"btn btn-blue mt-3\">Sigue leyendo<\/a><\/p>\n","protected":false},"author":1,"featured_media":12762,"parent":8625,"menu_order":0,"comment_status":"closed","ping_status":"closed","template":"template-builder.php","meta":{"_acf_changed":false,"footnotes":""},"class_list":["post-11583","page","type-page","status-publish","has-post-thumbnail"],"acf":[],"yoast_head":"<!-- This site is optimized with the Yoast SEO plugin v27.4 - https:\/\/yoast.com\/product\/yoast-seo-wordpress\/ -->\n<title>Reparaci\u00f3n de Nariz en Silla de Montar | Azouz Cirug\u00eda Pl\u00e1stica y Est\u00e9tica<\/title>\n<meta name=\"robots\" content=\"index, follow, max-snippet:-1, max-image-preview:large, max-video-preview:-1\" \/>\n<link rel=\"canonical\" href=\"https:\/\/www.drazouz.com\/es\/reparacion-de-nariz-en-silla-de-montar\/\" \/>\n<meta property=\"og:locale\" content=\"es_ES\" \/>\n<meta property=\"og:type\" content=\"article\" \/>\n<meta property=\"og:title\" content=\"Reparaci\u00f3n de Nariz en Silla de Montar | Azouz Cirug\u00eda Pl\u00e1stica y Est\u00e9tica\" \/>\n<meta property=\"og:description\" content=\"a nariz en silla de montar es una depresi\u00f3n en el puente nasal causada por un colapsoSigue leyendo\" \/>\n<meta property=\"og:url\" content=\"https:\/\/www.drazouz.com\/es\/reparacion-de-nariz-en-silla-de-montar\/\" \/>\n<meta property=\"og:site_name\" content=\"Azouz Cirug\u00eda Pl\u00e1stica y Est\u00e9tica\" \/>\n<meta property=\"article:modified_time\" content=\"2025-05-29T11:20:17+00:00\" \/>\n<meta property=\"og:image\" content=\"https:\/\/www.drazouz.com\/wp-content\/uploads\/2024\/02\/header-saddle-nose.jpg\" \/>\n<meta name=\"twitter:card\" content=\"summary_large_image\" \/>\n<meta name=\"twitter:image\" content=\"https:\/\/www.drazouz.com\/wp-content\/uploads\/2024\/02\/header-saddle-nose.jpg\" \/>\n<meta name=\"twitter:label1\" content=\"Tiempo de lectura\" \/>\n\t<meta name=\"twitter:data1\" content=\"2 minutos\" \/>\n<!-- \/ Yoast SEO plugin. -->","yoast_head_json":{"title":"Reparaci\u00f3n de Nariz en Silla de Montar | Azouz Cirug\u00eda Pl\u00e1stica y Est\u00e9tica","robots":{"index":"index","follow":"follow","max-snippet":"max-snippet:-1","max-image-preview":"max-image-preview:large","max-video-preview":"max-video-preview:-1"},"canonical":"https:\/\/www.drazouz.com\/es\/reparacion-de-nariz-en-silla-de-montar\/","og_locale":"es_ES","og_type":"article","og_title":"Reparaci\u00f3n de Nariz en Silla de Montar | Azouz Cirug\u00eda Pl\u00e1stica y Est\u00e9tica","og_description":"a nariz en silla de montar es una depresi\u00f3n en el puente nasal causada por un colapsoSigue leyendo","og_url":"https:\/\/www.drazouz.com\/es\/reparacion-de-nariz-en-silla-de-montar\/","og_site_name":"Azouz Cirug\u00eda Pl\u00e1stica y Est\u00e9tica","article_modified_time":"2025-05-29T11:20:17+00:00","og_image":[{"url":"https:\/\/www.drazouz.com\/wp-content\/uploads\/2024\/02\/header-saddle-nose.jpg","type":"","width":"","height":""}],"twitter_card":"summary_large_image","twitter_image":"https:\/\/www.drazouz.com\/wp-content\/uploads\/2024\/02\/header-saddle-nose.jpg","twitter_misc":{"Tiempo de lectura":"2 minutos"},"schema":{"@context":"https:\/\/schema.org","@graph":[{"@type":"WebPage","@id":"https:\/\/www.drazouz.com\/es\/reparacion-de-nariz-en-silla-de-montar\/","url":"https:\/\/www.drazouz.com\/es\/reparacion-de-nariz-en-silla-de-montar\/","name":"Reparaci\u00f3n de Nariz en Silla de Montar | Azouz Cirug\u00eda Pl\u00e1stica y Est\u00e9tica","isPartOf":{"@id":"https:\/\/www.drazouz.com\/es\/#website"},"primaryImageOfPage":{"@id":"https:\/\/www.drazouz.com\/es\/reparacion-de-nariz-en-silla-de-montar\/#primaryimage"},"image":{"@id":"https:\/\/www.drazouz.com\/es\/reparacion-de-nariz-en-silla-de-montar\/#primaryimage"},"thumbnailUrl":"https:\/\/www.drazouz.com\/wp-content\/uploads\/2024\/02\/header-saddle-nose.jpg","datePublished":"2022-07-25T09:07:27+00:00","dateModified":"2025-05-29T11:20:17+00:00","breadcrumb":{"@id":"https:\/\/www.drazouz.com\/es\/reparacion-de-nariz-en-silla-de-montar\/#breadcrumb"},"inLanguage":"es","potentialAction":[{"@type":"ReadAction","target":["https:\/\/www.drazouz.com\/es\/reparacion-de-nariz-en-silla-de-montar\/"]}]},{"@type":"ImageObject","inLanguage":"es","@id":"https:\/\/www.drazouz.com\/es\/reparacion-de-nariz-en-silla-de-montar\/#primaryimage","url":"https:\/\/www.drazouz.com\/wp-content\/uploads\/2024\/02\/header-saddle-nose.jpg","contentUrl":"https:\/\/www.drazouz.com\/wp-content\/uploads\/2024\/02\/header-saddle-nose.jpg","width":1920,"height":820,"caption":"saddle nose deformity correction surgery"},{"@type":"BreadcrumbList","@id":"https:\/\/www.drazouz.com\/es\/reparacion-de-nariz-en-silla-de-montar\/#breadcrumb","itemListElement":[{"@type":"ListItem","position":1,"name":"Home","item":"https:\/\/www.drazouz.com\/es\/"},{"@type":"ListItem","position":2,"name":"Procedimientos","item":"https:\/\/www.drazouz.com\/es\/procedimientos\/"},{"@type":"ListItem","position":3,"name":"Cirug\u00eda Pl\u00e1stica de Nariz","item":"https:\/\/www.drazouz.com\/es\/cirugia-plastica-de-nariz\/"},{"@type":"ListItem","position":4,"name":"Reparaci\u00f3n de Nariz en Silla de Montar"}]},{"@type":"WebSite","@id":"https:\/\/www.drazouz.com\/es\/#website","url":"https:\/\/www.drazouz.com\/es\/","name":"Azouz Cirug\u00eda Pl\u00e1stica y Est\u00e9tica","description":"","potentialAction":[{"@type":"SearchAction","target":{"@type":"EntryPoint","urlTemplate":"https:\/\/www.drazouz.com\/es\/?s={search_term_string}"},"query-input":{"@type":"PropertyValueSpecification","valueRequired":true,"valueName":"search_term_string"}}],"inLanguage":"es"}]}},"_links":{"self":[{"href":"https:\/\/www.drazouz.com\/es\/wp-json\/wp\/v2\/pages\/11583","targetHints":{"allow":["GET"]}}],"collection":[{"href":"https:\/\/www.drazouz.com\/es\/wp-json\/wp\/v2\/pages"}],"about":[{"href":"https:\/\/www.drazouz.com\/es\/wp-json\/wp\/v2\/types\/page"}],"author":[{"embeddable":true,"href":"https:\/\/www.drazouz.com\/es\/wp-json\/wp\/v2\/users\/1"}],"replies":[{"embeddable":true,"href":"https:\/\/www.drazouz.com\/es\/wp-json\/wp\/v2\/comments?post=11583"}],"version-history":[{"count":10,"href":"https:\/\/www.drazouz.com\/es\/wp-json\/wp\/v2\/pages\/11583\/revisions"}],"predecessor-version":[{"id":21986,"href":"https:\/\/www.drazouz.com\/es\/wp-json\/wp\/v2\/pages\/11583\/revisions\/21986"}],"up":[{"embeddable":true,"href":"https:\/\/www.drazouz.com\/es\/wp-json\/wp\/v2\/pages\/8625"}],"wp:featuredmedia":[{"embeddable":true,"href":"https:\/\/www.drazouz.com\/es\/wp-json\/wp\/v2\/media\/12762"}],"wp:attachment":[{"href":"https:\/\/www.drazouz.com\/es\/wp-json\/wp\/v2\/media?parent=11583"}],"curies":[{"name":"wp","href":"https:\/\/api.w.org\/{rel}","templated":true}]}}