{"id":11569,"date":"2023-11-24T07:11:01","date_gmt":"2023-11-24T12:11:01","guid":{"rendered":"https:\/\/www.drazouz.com\/?page_id=11569"},"modified":"2025-01-14T04:28:32","modified_gmt":"2025-01-14T09:28:32","slug":"cirugia-de-sosten-interno-galaflex","status":"publish","type":"page","link":"https:\/\/www.drazouz.com\/es\/cirugia-de-sosten-interno-galaflex\/","title":{"rendered":"Cirug\u00eda de Sost\u00e9n Interno GalaFLEX\u2122"},"content":{"rendered":"<h2>\u00bfQu\u00e9 es un sost\u00e9n interno?<\/h2>\n<p>Un sost\u00e9n interno, tambi\u00e9n conocido como el sost\u00e9n interno de malla GalaFLEX\u2122, es un m\u00e9todo quir\u00fargico innovador que ofrece un soporte vital al tejido mamario durante la cirug\u00eda reconstructiva y cosm\u00e9tica de los senos. Act\u00faa como un andamiaje, brindando soporte al tejido mamario y asegurando la integridad estructural a largo plazo. El Dr. Solomon Azouz es un cirujano pl\u00e1stico certificado en Dallas con experiencia en la cirug\u00eda de sost\u00e9n interno con malla GalaFLEX\u2122. Un sost\u00e9n interno puede mejorar la \u00abca\u00edda\u00bb del implante mamario con el tiempo para aumentar la plenitud del polo superior.<\/p>\n<p><img loading=\"lazy\" decoding=\"async\" src=\"https:\/\/www.drazouz.com\/wp-content\/uploads\/2023\/11\/GalaflexMesh.jpg\" alt=\"Sost\u00e9n interno de malla GalaFLEX\" width=\"475\" height=\"342\" class=\"wp-image-8052 aligncenter\" srcset=\"https:\/\/www.drazouz.com\/wp-content\/uploads\/2023\/11\/GalaflexMesh.jpg 585w, https:\/\/www.drazouz.com\/wp-content\/uploads\/2023\/11\/GalaflexMesh-300x216.jpg 300w\" sizes=\"auto, (max-width: 475px) 100vw, 475px\" \/><\/p>\n<h2>\u00bfC\u00f3mo funciona la malla GalaFLEX\u2122?<\/h2>\n<p>La malla GalaFLEX\u2122 es un producto de vanguardia hecho de poli-4-hidroxibutirato (P4HB) bioabsorbible y biocompatible. Esta malla se coloca con precisi\u00f3n durante la cirug\u00eda mamaria para actuar como un sost\u00e9n interno, fortaleciendo y elevando el tejido mamario. Aqu\u00ed tienes un resumen de c\u00f3mo funciona:<\/p>\n<ol>\n<li>Implantaci\u00f3n: Para lograr el levantamiento y contorno deseados, el cirujano pl\u00e1stico de Dallas, el Dr. Azouz, coloca estrat\u00e9gicamente la malla GalaFLEX\u2122 debajo de la piel y el tejido mamario, ofreciendo un soporte personalizado.<\/li>\n<li>Integraci\u00f3n del tejido: A medida que el cuerpo absorbe gradualmente la malla GalaFLEX\u2122, se fusiona naturalmente con el tejido del paciente con el tiempo, proporcionando a los senos un sistema de soporte interno duradero.<\/li>\n<\/ol>\n<p><img loading=\"lazy\" decoding=\"async\" src=\"https:\/\/www.drazouz.com\/wp-content\/uploads\/2023\/11\/Galaflex-Mesh.jpg\" alt=\"Cirug\u00eda de sost\u00e9n interno GalaFLEX\" width=\"504\" height=\"402\" class=\"wp-image-8056 aligncenter\" srcset=\"https:\/\/www.drazouz.com\/wp-content\/uploads\/2023\/11\/Galaflex-Mesh.jpg 586w, https:\/\/www.drazouz.com\/wp-content\/uploads\/2023\/11\/Galaflex-Mesh-300x239.jpg 300w\" sizes=\"auto, (max-width: 504px) 100vw, 504px\" \/><\/p>\n<h3>\u00bfQui\u00e9n es candidato para la cirug\u00eda de sost\u00e9n interno GalaFLEX\u2122?<\/h3>\n<p>Una variedad de candidatos pueden beneficiarse del procedimiento de sost\u00e9n interno con malla GalaFLEX\u2122, incluidas las mujeres que tienen senos ca\u00eddos o piel suelta y est\u00e1n interesadas en la cirug\u00eda de senos para obtener un soporte duradero y una mejor forma de senos. El cirujano pl\u00e1stico certificado en Dallas, el Dr. Azouz, eval\u00faa a cada paciente individualmente para determinar su elegibilidad para el sost\u00e9n interno con malla GalaFLEX\u2122.<\/p>\n<h3>\u00bfCu\u00e1les son los beneficios de un sost\u00e9n interno GalaFLEX\u2122?<\/h3>\n<p>Hay muchos beneficios del sost\u00e9n interno de malla GalaFLEX\u2122, que incluyen:<\/p>\n<ul>\n<li>Soporte a largo plazo: Protege al tejido mamario de la ca\u00edda al brindarle un soporte estructural duradero.<\/li>\n<li>Aspecto y sensaci\u00f3n natural: La malla GalaFLEX\u2122 brinda un aspecto y sensaci\u00f3n natural a los senos.<\/li>\n<li>Mejora de los resultados quir\u00fargicos: Ayuda a lograr una est\u00e9tica mejorada en la cirug\u00eda mamaria.<\/li>\n<li>Menor tasa de revisiones: La mayor\u00eda de los pacientes tienen menos problemas y requieren menos cirug\u00edas de revisi\u00f3n.<\/li>\n<\/ul>\n<p><img loading=\"lazy\" decoding=\"async\" src=\"https:\/\/www.drazouz.com\/wp-content\/uploads\/2023\/11\/breast-surgery-with-GalaFLEX-internal-bra.jpg\" alt=\"Cirug\u00eda de senos con sost\u00e9n interno GalaFLEX\" width=\"604\" height=\"402\" class=\"wp-image-8060 aligncenter\" srcset=\"https:\/\/www.drazouz.com\/wp-content\/uploads\/2023\/11\/breast-surgery-with-GalaFLEX-internal-bra.jpg 500w, https:\/\/www.drazouz.com\/wp-content\/uploads\/2023\/11\/breast-surgery-with-GalaFLEX-internal-bra-300x200.jpg 300w\" sizes=\"auto, (max-width: 604px) 100vw, 604px\" \/><\/p>\n<h3>\u00bfQu\u00e9 procedimientos se pueden realizar con la cirug\u00eda de sost\u00e9n interno GalaFLEX\u2122?<\/h3>\n<p>La cirug\u00eda de sost\u00e9n interno GalaFLEX\u2122 se puede realizar con diversos procedimientos cosm\u00e9ticos y reconstructivos de senos para mejorar los resultados y proporcionar un soporte a largo plazo. Aqu\u00ed tienes m\u00e1s detalles sobre las cirug\u00edas que se pueden realizar utilizando el sost\u00e9n interno con malla GalaFLEX\u2122, as\u00ed como las t\u00e9cnicas utilizadas por el cirujano pl\u00e1stico certificado en Dallas, el Dr. Azouz:<\/p>\n<ul>\n<li><a href=\"https:\/\/www.drazouz.com\/es\/breast-augmentation\/\">Aumento de senos:<\/a> Tambi\u00e9n conocido como \u00aboperaci\u00f3n de senos\u00bb, el aumento de senos implica el uso de implantes para aumentar el tama\u00f1o y la forma de los senos. El Dr. Azouz, cirujano pl\u00e1stico de Dallas, utiliza la malla GalaFLEX\u2122 para ofrecer soporte estructural alrededor de los implantes. Este proceso asegura resultados no solo est\u00e9ticamente agradables, sino tambi\u00e9n duraderos, disminuyendo la probabilidad de ca\u00edda con el tiempo.<\/li>\n<li><a href=\"https:\/\/www.drazouz.com\/es\/breast-lift\/\">Levantamiento de senos (Mastopexia):<\/a> Un levantamiento de senos es un procedimiento quir\u00fargico utilizado para elevar y contornear senos ca\u00eddos o colgantes causados por factores como el embarazo, el envejecimiento o las fluctuaciones de peso. El Dr. Azouz crea un sistema de soporte interno similar a un sost\u00e9n con la malla GalaFLEX\u2122. Este soporte adicional ayuda a mantener la nueva posici\u00f3n levantada del seno y los resultados cosm\u00e9ticos del procedimiento.<\/li>\n<li><a href=\"https:\/\/www.drazouz.com\/es\/breast-reconstruction\/\">Reconstrucci\u00f3n mamaria:<\/a> La reconstrucci\u00f3n mamaria se realiza a menudo despu\u00e9s de una mastectom\u00eda o un trauma para restaurar el aspecto del seno. El sost\u00e9n interno con malla GalaFLEX\u2122 se utiliza en la reconstrucci\u00f3n mamaria para crear una base s\u00f3lida para el seno reci\u00e9n reparado. Ayuda a mantener la forma, simetr\u00eda y soporte del seno durante el per\u00edodo de recuperaci\u00f3n.<\/li>\n<li><a href=\"https:\/\/www.drazouz.com\/es\/breast-reduction\/\">Reducci\u00f3n de senos:<\/a> El sost\u00e9n interno GalaFLEX mejora los resultados de la cirug\u00eda de reducci\u00f3n de senos al mejorar la forma del seno y el soporte estructural. Para brindar a los senos reci\u00e9n esculpidos el soporte necesario, el Dr. Azouz puede colocar cuidadosamente la malla GalaFLEX\u2122 como un sost\u00e9n interno despu\u00e9s del procedimiento de reducci\u00f3n de senos. Esto puede reducir la posibilidad de ca\u00edda gradual y mejorar los resultados est\u00e9ticos y funcionales de una reducci\u00f3n de senos.<\/li>\n<\/ul>\n<p>El enfoque principal del Dr. Azouz en estas cirug\u00edas es la implantaci\u00f3n exacta de la malla GalaFLEX\u2122 como un sistema de soporte interno. La malla se posiciona con precisi\u00f3n para sostener y mantener la forma de los senos, prevenir el riesgo de ca\u00edda y contribuir a resultados duraderos y de aspecto natural.<br \/>\nEs importante tener en cuenta que el tratamiento y la t\u00e9cnica precisa empleada pueden variar seg\u00fan la anatom\u00eda \u00fanica del paciente y el resultado deseado. El cirujano pl\u00e1stico certificado, el Dr. Azouz, ofrece una evaluaci\u00f3n y consulta exhaustivas para establecer el mejor m\u00e9todo para cada individuo, asegurando resultados \u00f3ptimos y satisfacci\u00f3n del paciente.<\/p>\n<h4>\u00bfCu\u00e1l es la anestesia para la cirug\u00eda de sost\u00e9n interno?<\/h4>\n<p>El cirujano pl\u00e1stico de Dallas, el Dr. Azouz, utiliza una combinaci\u00f3n de anestesia local y sedaci\u00f3n para la cirug\u00eda de sost\u00e9n interno GalaFLEX\u2122. Esto evita la necesidad de anestesia general y asegura la comodidad del paciente durante todo el procedimiento.<\/p>\n<h4>\u00bfCu\u00e1les son los riesgos de la cirug\u00eda?<\/h4>\n<p>Al igual que con cualquier operaci\u00f3n quir\u00fargica, hay ciertos riesgos inherentes asociados con la cirug\u00eda de sost\u00e9n interno GalaFLEX\u2122, incluidas infecciones, cicatrices y complicaciones poco comunes. Sin embargo, durante la consulta, el cirujano pl\u00e1stico certificado, el Dr. Azouz, explicar\u00e1 minuciosamente estos riesgos a los pacientes para asegurarse de que est\u00e9n bien informados.<\/p>\n<h4>\u00bfCu\u00e1l es la recuperaci\u00f3n de la cirug\u00eda de sost\u00e9n interno GalaFLEX\u2122?<\/h4>\n<p>La recuperaci\u00f3n despu\u00e9s de la cirug\u00eda de sost\u00e9n interno GalaFLEX\u2122 es un proceso supervisado para promover una recuperaci\u00f3n \u00f3ptima y resultados a largo plazo. Los pacientes deben esperar cierta hinchaz\u00f3n, hematomas y molestias en los d\u00edas posteriores a la cirug\u00eda. Es fundamental seguir los consejos postoperatorios individualizados ofrecidos por el cirujano pl\u00e1stico de Dallas, el Dr. Azouz, como usar un sost\u00e9n de soporte, evitar actividades vigorosas y asistir a citas de seguimiento. La mayor\u00eda de los pacientes pueden reanudar eventualmente sus actividades habituales una vez que desaparezca cualquier molestia aguda. La malla GalaFLEX\u2122 tiene la capacidad \u00fanica de proporcionar un soporte interno prolongado, lo que contribuye a un resultado m\u00e1s duradero. Lograr un contorno mamario natural y est\u00e9ticamente aceptable puede llevar un par de semanas, por lo que los pacientes deben ser diligentes durante esta fase de curaci\u00f3n a medida que el sost\u00e9n interno contin\u00faa integr\u00e1ndose con su tejido.<\/p>\n<h3>\u00bfQu\u00e9 procedimientos se pueden combinar con la cirug\u00eda de sost\u00e9n interno GalaFLEX\u2122?<\/h3>\n<p>La cirug\u00eda de sost\u00e9n interno GalaFLEX\u2122 se puede combinar con una variedad de otros procedimientos cosm\u00e9ticos, como <a href=\"https:\/\/www.drazouz.com\/es\/liposuction\/\">liposucci\u00f3n<\/a>, <a href=\"https:\/\/www.drazouz.com\/es\/tummy-tuck-in-dallas\/\">abdominoplastia<\/a> o <a href=\"https:\/\/www.drazouz.com\/es\/facelift\/\">lifting facial<\/a>, seg\u00fan los deseos del paciente.<br \/>\n<img loading=\"lazy\" decoding=\"async\" src=\"https:\/\/www.drazouz.com\/wp-content\/uploads\/2023\/11\/internal-bra-surgery-with-GalaFLEX-Mesh.jpg\" alt=\"Cirug\u00eda de sost\u00e9n interno con malla GalaFLEX\" width=\"381\" height=\"572\" class=\"wp-image-8064 aligncenter\" srcset=\"https:\/\/www.drazouz.com\/wp-content\/uploads\/2023\/11\/internal-bra-surgery-with-GalaFLEX-Mesh.jpg 333w, https:\/\/www.drazouz.com\/wp-content\/uploads\/2023\/11\/internal-bra-surgery-with-GalaFLEX-Mesh-200x300.jpg 200w\" sizes=\"auto, (max-width: 381px) 100vw, 381px\" \/><\/p>\n<h3>\u00bfCu\u00e1l es el costo de la cirug\u00eda de sost\u00e9n interno GalaFLEX\u2122?<\/h3>\n<p>El costo de la cirug\u00eda de sost\u00e9n interno GalaFLEX\u2122 var\u00eda seg\u00fan factores espec\u00edficos y los procedimientos quir\u00fargicos realizados. Durante su consulta, el cirujano pl\u00e1stico de Dallas, el Dr. Azouz, proporcionar\u00e1 informaci\u00f3n de precios espec\u00edfica despu\u00e9s de determinar un plan personalizado para su cirug\u00eda.<\/p>\n<h2>Agende una consulta con el Dr. Azouz:<\/h2>\n<p>Agende una consulta en persona o virtual con el cirujano pl\u00e1stico certificado, el Dr. Azouz, si est\u00e1 interesado en la cirug\u00eda de sost\u00e9n interno con malla GalaFLEX\u2122 en Dallas. Llame a la oficina al <a href=\"tel:9727028888\" class=\"phone_anchor \" aria-label=\"ll\u00e1manos (972) 702-8888\">(972) 702-8888<\/a> para discutir sus opciones para un sost\u00e9n interno.<\/p>\n","protected":false},"excerpt":{"rendered":"<p>\u00bfQu\u00e9 es un sost\u00e9n interno? Un sost\u00e9n interno, tambi\u00e9n conocido como el sost\u00e9n interno de malla GalaFLEX\u2122,<br \/><a href=\"https:\/\/www.drazouz.com\/es\/cirugia-de-sosten-interno-galaflex\/\" class=\"btn btn-blue mt-3\">Sigue leyendo<\/a><\/p>\n","protected":false},"author":1,"featured_media":8049,"parent":3795,"menu_order":0,"comment_status":"closed","ping_status":"closed","template":"template-builder.php","meta":{"_acf_changed":false,"footnotes":""},"class_list":["post-11569","page","type-page","status-publish","has-post-thumbnail"],"acf":[],"yoast_head":"<!-- This site is optimized with the Yoast SEO plugin v26.6 - https:\/\/yoast.com\/wordpress\/plugins\/seo\/ -->\n<title>Cirug\u00eda de Sost\u00e9n Interno GalaFLEX\u2122 | Azouz Cirug\u00eda Pl\u00e1stica y Est\u00e9tica<\/title>\n<meta name=\"robots\" content=\"index, follow, max-snippet:-1, max-image-preview:large, max-video-preview:-1\" \/>\n<link rel=\"canonical\" href=\"https:\/\/www.drazouz.com\/es\/cirugia-de-sosten-interno-galaflex\/\" \/>\n<meta property=\"og:locale\" content=\"es_ES\" \/>\n<meta property=\"og:type\" content=\"article\" \/>\n<meta property=\"og:title\" content=\"Cirug\u00eda de Sost\u00e9n Interno GalaFLEX\u2122 | Azouz Cirug\u00eda Pl\u00e1stica y Est\u00e9tica\" \/>\n<meta property=\"og:description\" content=\"\u00bfQu\u00e9 es un sost\u00e9n interno? Un sost\u00e9n interno, tambi\u00e9n conocido como el sost\u00e9n interno de malla GalaFLEX\u2122,Sigue leyendo\" \/>\n<meta property=\"og:url\" content=\"https:\/\/www.drazouz.com\/es\/cirugia-de-sosten-interno-galaflex\/\" \/>\n<meta property=\"og:site_name\" content=\"Azouz Cirug\u00eda Pl\u00e1stica y Est\u00e9tica\" \/>\n<meta property=\"article:modified_time\" content=\"2025-01-14T09:28:32+00:00\" \/>\n<meta property=\"og:image\" content=\"https:\/\/www.drazouz.com\/wp-content\/uploads\/2023\/11\/header-GalaFlex.jpg\" \/>\n<meta name=\"twitter:card\" content=\"summary_large_image\" \/>\n<meta name=\"twitter:image\" content=\"https:\/\/www.drazouz.com\/wp-content\/uploads\/2023\/11\/header-GalaFlex.jpg\" \/>\n<meta name=\"twitter:label1\" content=\"Tiempo de lectura\" \/>\n\t<meta name=\"twitter:data1\" content=\"7 minutos\" \/>\n<!-- \/ Yoast SEO plugin. -->","yoast_head_json":{"title":"Cirug\u00eda de Sost\u00e9n Interno GalaFLEX\u2122 | Azouz Cirug\u00eda Pl\u00e1stica y Est\u00e9tica","robots":{"index":"index","follow":"follow","max-snippet":"max-snippet:-1","max-image-preview":"max-image-preview:large","max-video-preview":"max-video-preview:-1"},"canonical":"https:\/\/www.drazouz.com\/es\/cirugia-de-sosten-interno-galaflex\/","og_locale":"es_ES","og_type":"article","og_title":"Cirug\u00eda de Sost\u00e9n Interno GalaFLEX\u2122 | Azouz Cirug\u00eda Pl\u00e1stica y Est\u00e9tica","og_description":"\u00bfQu\u00e9 es un sost\u00e9n interno? Un sost\u00e9n interno, tambi\u00e9n conocido como el sost\u00e9n interno de malla GalaFLEX\u2122,Sigue leyendo","og_url":"https:\/\/www.drazouz.com\/es\/cirugia-de-sosten-interno-galaflex\/","og_site_name":"Azouz Cirug\u00eda Pl\u00e1stica y Est\u00e9tica","article_modified_time":"2025-01-14T09:28:32+00:00","og_image":[{"url":"https:\/\/www.drazouz.com\/wp-content\/uploads\/2023\/11\/header-GalaFlex.jpg","type":"","width":"","height":""}],"twitter_card":"summary_large_image","twitter_image":"https:\/\/www.drazouz.com\/wp-content\/uploads\/2023\/11\/header-GalaFlex.jpg","twitter_misc":{"Tiempo de lectura":"7 minutos"},"schema":{"@context":"https:\/\/schema.org","@graph":[{"@type":"WebPage","@id":"https:\/\/www.drazouz.com\/es\/cirugia-de-sosten-interno-galaflex\/","url":"https:\/\/www.drazouz.com\/es\/cirugia-de-sosten-interno-galaflex\/","name":"Cirug\u00eda de Sost\u00e9n Interno GalaFLEX\u2122 | Azouz Cirug\u00eda Pl\u00e1stica y Est\u00e9tica","isPartOf":{"@id":"https:\/\/www.drazouz.com\/es\/#website"},"primaryImageOfPage":{"@id":"https:\/\/www.drazouz.com\/es\/cirugia-de-sosten-interno-galaflex\/#primaryimage"},"image":{"@id":"https:\/\/www.drazouz.com\/es\/cirugia-de-sosten-interno-galaflex\/#primaryimage"},"thumbnailUrl":"https:\/\/www.drazouz.com\/wp-content\/uploads\/2023\/11\/header-GalaFlex.jpg","datePublished":"2023-11-24T12:11:01+00:00","dateModified":"2025-01-14T09:28:32+00:00","breadcrumb":{"@id":"https:\/\/www.drazouz.com\/es\/cirugia-de-sosten-interno-galaflex\/#breadcrumb"},"inLanguage":"es","potentialAction":[{"@type":"ReadAction","target":["https:\/\/www.drazouz.com\/es\/cirugia-de-sosten-interno-galaflex\/"]}]},{"@type":"ImageObject","inLanguage":"es","@id":"https:\/\/www.drazouz.com\/es\/cirugia-de-sosten-interno-galaflex\/#primaryimage","url":"https:\/\/www.drazouz.com\/wp-content\/uploads\/2023\/11\/header-GalaFlex.jpg","contentUrl":"https:\/\/www.drazouz.com\/wp-content\/uploads\/2023\/11\/header-GalaFlex.jpg","width":1920,"height":435,"caption":"header-GalaFlex"},{"@type":"BreadcrumbList","@id":"https:\/\/www.drazouz.com\/es\/cirugia-de-sosten-interno-galaflex\/#breadcrumb","itemListElement":[{"@type":"ListItem","position":1,"name":"Home","item":"https:\/\/www.drazouz.com\/es\/"},{"@type":"ListItem","position":2,"name":"Procedimientos","item":"https:\/\/www.drazouz.com\/es\/procedimientos\/"},{"@type":"ListItem","position":3,"name":"Busto","item":"https:\/\/www.drazouz.com\/es\/breast\/"},{"@type":"ListItem","position":4,"name":"Cirug\u00eda de Sost\u00e9n Interno GalaFLEX\u2122"}]},{"@type":"WebSite","@id":"https:\/\/www.drazouz.com\/es\/#website","url":"https:\/\/www.drazouz.com\/es\/","name":"Azouz Cirug\u00eda Pl\u00e1stica y Est\u00e9tica","description":"","potentialAction":[{"@type":"SearchAction","target":{"@type":"EntryPoint","urlTemplate":"https:\/\/www.drazouz.com\/es\/?s={search_term_string}"},"query-input":{"@type":"PropertyValueSpecification","valueRequired":true,"valueName":"search_term_string"}}],"inLanguage":"es"}]}},"_links":{"self":[{"href":"https:\/\/www.drazouz.com\/es\/wp-json\/wp\/v2\/pages\/11569","targetHints":{"allow":["GET"]}}],"collection":[{"href":"https:\/\/www.drazouz.com\/es\/wp-json\/wp\/v2\/pages"}],"about":[{"href":"https:\/\/www.drazouz.com\/es\/wp-json\/wp\/v2\/types\/page"}],"author":[{"embeddable":true,"href":"https:\/\/www.drazouz.com\/es\/wp-json\/wp\/v2\/users\/1"}],"replies":[{"embeddable":true,"href":"https:\/\/www.drazouz.com\/es\/wp-json\/wp\/v2\/comments?post=11569"}],"version-history":[{"count":8,"href":"https:\/\/www.drazouz.com\/es\/wp-json\/wp\/v2\/pages\/11569\/revisions"}],"predecessor-version":[{"id":19464,"href":"https:\/\/www.drazouz.com\/es\/wp-json\/wp\/v2\/pages\/11569\/revisions\/19464"}],"up":[{"embeddable":true,"href":"https:\/\/www.drazouz.com\/es\/wp-json\/wp\/v2\/pages\/3795"}],"wp:featuredmedia":[{"embeddable":true,"href":"https:\/\/www.drazouz.com\/es\/wp-json\/wp\/v2\/media\/8049"}],"wp:attachment":[{"href":"https:\/\/www.drazouz.com\/es\/wp-json\/wp\/v2\/media?parent=11569"}],"curies":[{"name":"wp","href":"https:\/\/api.w.org\/{rel}","templated":true}]}}