{"id":11559,"date":"2022-07-26T11:21:49","date_gmt":"2022-07-26T16:21:49","guid":{"rendered":"https:\/\/www.drazouz.com\/?page_id=11559"},"modified":"2024-01-26T04:05:08","modified_gmt":"2024-01-26T09:05:08","slug":"mini-elevacion-de-senos","status":"publish","type":"page","link":"https:\/\/www.drazouz.com\/es\/mini-elevacion-de-senos\/","title":{"rendered":"Mini Elevaci\u00f3n de Senos"},"content":{"rendered":"<p>Si has notado <a href=\"https:\/\/www.drazouz.com\/es\/breast\/\"><em><strong>cambios en tus senos<\/strong><\/em><\/a>, como ca\u00edda, volumen reducido, pezones bajos, aplanamiento o elongaci\u00f3n, es posible que desees recuperar la apariencia juvenil y firme de tu escote. Muchos pacientes creen que la \u00fanica forma de restaurar la apariencia del seno es mediante un aumento de senos con implantes, pero este no es el caso.<\/p>\n<p>Una elevaci\u00f3n de senos puede mejorar significativamente la apariencia de tus senos naturales cuando los cambios son causados por el envejecimiento, hormonas, fluctuaciones de peso, embarazo y lactancia. Si estos cambios son menores, una mini elevaci\u00f3n de senos realizada por la Cirug\u00eda Pl\u00e1stica y Est\u00e9tica de Azouz puede crear senos naturales y firmes.<\/p>\n<h2>\u00bfQu\u00e9 es una Mini Elevaci\u00f3n de Senos?<\/h2>\n<p>Las mini elevaciones de senos son ideales para pacientes con cambios en los senos que son menores pero a\u00fan evidentes. Los pezones que no cuelgan m\u00e1s all\u00e1 del punto donde el pez\u00f3n se une al torso, o los pezones asim\u00e9tricos son buenos indicadores de que una mini elevaci\u00f3n puede ser apropiada. La p\u00e9rdida de volumen puede estar presente, pero no en grandes cantidades.<br \/>\nLas mini elevaciones no aumentan el tama\u00f1o del seno, pero los senos parecen m\u00e1s llenos y firmes debido a cambios sutiles. Dado que este procedimiento no es tan complejo como una elevaci\u00f3n completa de senos, el tiempo de recuperaci\u00f3n es mucho m\u00e1s corto y las cicatrices se minimizan.<\/p>\n<p>Si tienes una p\u00e9rdida significativa de volumen, pezones que se extienden por debajo del punto donde el seno se une al torso o senos muy elongados o planos, una elevaci\u00f3n completa de senos con incisiones m\u00e1s grandes y m\u00e1s contorneado es la mejor opci\u00f3n. Una elevaci\u00f3n completa de senos tambi\u00e9n ofrece m\u00e1s oportunidades para la augmentaci\u00f3n, resultando en senos m\u00e1s grandes y firmes.<\/p>\n<h3>Mini Elevaci\u00f3n de Senos en Dallas, TX<\/h3>\n<p>Si buscas senos m\u00e1s juveniles pero dudas en someterte a un procedimiento de elevaci\u00f3n mayor o aumento de senos, una elevaci\u00f3n de senos puede ser la soluci\u00f3n. Si la mini elevaci\u00f3n no proporcionar\u00e1 los resultados que deseas, el Dr. Azouz puede ofrecerte una variedad de opciones que lograr\u00e1n tus deseos est\u00e9ticos.<br \/>\nSi no est\u00e1s satisfecho con tus senos ca\u00eddos o p\u00e9ndulos o tus pezones, <a title=\"Contacta a la Cirug\u00eda Pl\u00e1stica y Est\u00e9tica de Azouz en Dallas TX\" href=\"https:\/\/www.drazouz.com\/es\/contact\/\"><em><strong>contacta a la Cirug\u00eda Pl\u00e1stica y Est\u00e9tica de Azouz<\/strong><\/em><\/a> para programar una consulta.<\/p>\n","protected":false},"excerpt":{"rendered":"<p>Si has notado cambios en tus senos, como ca\u00edda, volumen reducido, pezones bajos, aplanamiento o elongaci\u00f3n, es<br \/><a href=\"https:\/\/www.drazouz.com\/es\/mini-elevacion-de-senos\/\" class=\"btn btn-blue mt-3\">Sigue leyendo<\/a><\/p>\n","protected":false},"author":1,"featured_media":8194,"parent":3795,"menu_order":0,"comment_status":"closed","ping_status":"closed","template":"","meta":{"_acf_changed":false,"footnotes":""},"class_list":["post-11559","page","type-page","status-publish","has-post-thumbnail"],"acf":[],"yoast_head":"<!-- This site is optimized with the Yoast SEO plugin v27.4 - https:\/\/yoast.com\/product\/yoast-seo-wordpress\/ -->\n<title>Mini Elevaci\u00f3n de Senos | Azouz Cirug\u00eda Pl\u00e1stica y Est\u00e9tica<\/title>\n<meta name=\"robots\" content=\"index, follow, max-snippet:-1, max-image-preview:large, max-video-preview:-1\" \/>\n<link rel=\"canonical\" href=\"https:\/\/www.drazouz.com\/es\/mini-elevacion-de-senos\/\" \/>\n<meta property=\"og:locale\" content=\"es_ES\" \/>\n<meta property=\"og:type\" content=\"article\" \/>\n<meta property=\"og:title\" content=\"Mini Elevaci\u00f3n de Senos | Azouz Cirug\u00eda Pl\u00e1stica y Est\u00e9tica\" \/>\n<meta property=\"og:description\" content=\"Si has notado cambios en tus senos, como ca\u00edda, volumen reducido, pezones bajos, aplanamiento o elongaci\u00f3n, esSigue leyendo\" \/>\n<meta property=\"og:url\" content=\"https:\/\/www.drazouz.com\/es\/mini-elevacion-de-senos\/\" \/>\n<meta property=\"og:site_name\" content=\"Azouz Cirug\u00eda Pl\u00e1stica y Est\u00e9tica\" \/>\n<meta property=\"article:modified_time\" content=\"2024-01-26T09:05:08+00:00\" \/>\n<meta property=\"og:image\" content=\"https:\/\/www.drazouz.com\/wp-content\/uploads\/2023\/12\/Mini-Breast-Lift.jpg\" \/>\n<meta name=\"twitter:card\" content=\"summary_large_image\" \/>\n<meta name=\"twitter:image\" content=\"https:\/\/www.drazouz.com\/wp-content\/uploads\/2023\/12\/Mini-Breast-Lift.jpg\" \/>\n<meta name=\"twitter:label1\" content=\"Tiempo de lectura\" \/>\n\t<meta name=\"twitter:data1\" content=\"2 minutos\" \/>\n<!-- \/ Yoast SEO plugin. -->","yoast_head_json":{"title":"Mini Elevaci\u00f3n de Senos | Azouz Cirug\u00eda Pl\u00e1stica y Est\u00e9tica","robots":{"index":"index","follow":"follow","max-snippet":"max-snippet:-1","max-image-preview":"max-image-preview:large","max-video-preview":"max-video-preview:-1"},"canonical":"https:\/\/www.drazouz.com\/es\/mini-elevacion-de-senos\/","og_locale":"es_ES","og_type":"article","og_title":"Mini Elevaci\u00f3n de Senos | Azouz Cirug\u00eda Pl\u00e1stica y Est\u00e9tica","og_description":"Si has notado cambios en tus senos, como ca\u00edda, volumen reducido, pezones bajos, aplanamiento o elongaci\u00f3n, esSigue leyendo","og_url":"https:\/\/www.drazouz.com\/es\/mini-elevacion-de-senos\/","og_site_name":"Azouz Cirug\u00eda Pl\u00e1stica y Est\u00e9tica","article_modified_time":"2024-01-26T09:05:08+00:00","og_image":[{"url":"https:\/\/www.drazouz.com\/wp-content\/uploads\/2023\/12\/Mini-Breast-Lift.jpg","type":"","width":"","height":""}],"twitter_card":"summary_large_image","twitter_image":"https:\/\/www.drazouz.com\/wp-content\/uploads\/2023\/12\/Mini-Breast-Lift.jpg","twitter_misc":{"Tiempo de lectura":"2 minutos"},"schema":{"@context":"https:\/\/schema.org","@graph":[{"@type":"WebPage","@id":"https:\/\/www.drazouz.com\/es\/mini-elevacion-de-senos\/","url":"https:\/\/www.drazouz.com\/es\/mini-elevacion-de-senos\/","name":"Mini Elevaci\u00f3n de Senos | Azouz Cirug\u00eda Pl\u00e1stica y Est\u00e9tica","isPartOf":{"@id":"https:\/\/www.drazouz.com\/es\/#website"},"primaryImageOfPage":{"@id":"https:\/\/www.drazouz.com\/es\/mini-elevacion-de-senos\/#primaryimage"},"image":{"@id":"https:\/\/www.drazouz.com\/es\/mini-elevacion-de-senos\/#primaryimage"},"thumbnailUrl":"https:\/\/www.drazouz.com\/wp-content\/uploads\/2023\/12\/Mini-Breast-Lift.jpg","datePublished":"2022-07-26T16:21:49+00:00","dateModified":"2024-01-26T09:05:08+00:00","breadcrumb":{"@id":"https:\/\/www.drazouz.com\/es\/mini-elevacion-de-senos\/#breadcrumb"},"inLanguage":"es","potentialAction":[{"@type":"ReadAction","target":["https:\/\/www.drazouz.com\/es\/mini-elevacion-de-senos\/"]}]},{"@type":"ImageObject","inLanguage":"es","@id":"https:\/\/www.drazouz.com\/es\/mini-elevacion-de-senos\/#primaryimage","url":"https:\/\/www.drazouz.com\/wp-content\/uploads\/2023\/12\/Mini-Breast-Lift.jpg","contentUrl":"https:\/\/www.drazouz.com\/wp-content\/uploads\/2023\/12\/Mini-Breast-Lift.jpg","width":1920,"height":820,"caption":"Cropped close up photo of woman's breast, hands holding bra cups"},{"@type":"BreadcrumbList","@id":"https:\/\/www.drazouz.com\/es\/mini-elevacion-de-senos\/#breadcrumb","itemListElement":[{"@type":"ListItem","position":1,"name":"Home","item":"https:\/\/www.drazouz.com\/es\/"},{"@type":"ListItem","position":2,"name":"Procedimientos","item":"https:\/\/www.drazouz.com\/es\/procedimientos\/"},{"@type":"ListItem","position":3,"name":"Busto","item":"https:\/\/www.drazouz.com\/es\/breast\/"},{"@type":"ListItem","position":4,"name":"Mini Elevaci\u00f3n de Senos"}]},{"@type":"WebSite","@id":"https:\/\/www.drazouz.com\/es\/#website","url":"https:\/\/www.drazouz.com\/es\/","name":"Azouz Cirug\u00eda Pl\u00e1stica y Est\u00e9tica","description":"","potentialAction":[{"@type":"SearchAction","target":{"@type":"EntryPoint","urlTemplate":"https:\/\/www.drazouz.com\/es\/?s={search_term_string}"},"query-input":{"@type":"PropertyValueSpecification","valueRequired":true,"valueName":"search_term_string"}}],"inLanguage":"es"}]}},"_links":{"self":[{"href":"https:\/\/www.drazouz.com\/es\/wp-json\/wp\/v2\/pages\/11559","targetHints":{"allow":["GET"]}}],"collection":[{"href":"https:\/\/www.drazouz.com\/es\/wp-json\/wp\/v2\/pages"}],"about":[{"href":"https:\/\/www.drazouz.com\/es\/wp-json\/wp\/v2\/types\/page"}],"author":[{"embeddable":true,"href":"https:\/\/www.drazouz.com\/es\/wp-json\/wp\/v2\/users\/1"}],"replies":[{"embeddable":true,"href":"https:\/\/www.drazouz.com\/es\/wp-json\/wp\/v2\/comments?post=11559"}],"version-history":[{"count":4,"href":"https:\/\/www.drazouz.com\/es\/wp-json\/wp\/v2\/pages\/11559\/revisions"}],"predecessor-version":[{"id":11566,"href":"https:\/\/www.drazouz.com\/es\/wp-json\/wp\/v2\/pages\/11559\/revisions\/11566"}],"up":[{"embeddable":true,"href":"https:\/\/www.drazouz.com\/es\/wp-json\/wp\/v2\/pages\/3795"}],"wp:featuredmedia":[{"embeddable":true,"href":"https:\/\/www.drazouz.com\/es\/wp-json\/wp\/v2\/media\/8194"}],"wp:attachment":[{"href":"https:\/\/www.drazouz.com\/es\/wp-json\/wp\/v2\/media?parent=11559"}],"curies":[{"name":"wp","href":"https:\/\/api.w.org\/{rel}","templated":true}]}}