{"id":11536,"date":"2022-07-26T16:16:54","date_gmt":"2022-07-26T21:16:54","guid":{"rendered":"https:\/\/www.drazouz.com\/?page_id=11536"},"modified":"2024-01-26T03:59:08","modified_gmt":"2024-01-26T08:59:08","slug":"liposuccion-de-alta-definicion","status":"publish","type":"page","link":"https:\/\/www.drazouz.com\/es\/liposuccion-de-alta-definicion\/","title":{"rendered":"Liposucci\u00f3n de Alta Definici\u00f3n"},"content":{"rendered":"<p>Consistentemente ubic\u00e1ndose entre las cirug\u00edas est\u00e9ticas m\u00e1s populares, se realizan miles de <a href=\"https:\/\/www.drazouz.com\/es\/liposuction\/\"><em><strong>procedimientos de liposucci\u00f3n<\/strong><\/em><\/a> cada a\u00f1o. Es un \u00e1rea bien estudiada de la cirug\u00eda pl\u00e1stica, con un s\u00f3lido historial tanto en seguridad como en resultados. Sobresale en la eliminaci\u00f3n de grasa obstinada de \u00e1reas como debajo del ment\u00f3n, debajo de los brazos, los muslos y el abdomen, dejando el \u00e1rea objetivo con un contorno suave y delgado. Ahora, en lugar de simplemente reducir el volumen y alisar un \u00e1rea objetivo, la liposucci\u00f3n de alta definici\u00f3n esculpe y define, dando la apariencia de m\u00fasculos definidos.<\/p>\n<h2>\u00bfEs la liposucci\u00f3n HD o la liposucci\u00f3n tradicional adecuada para ti?<\/h2>\n<p>La Cirug\u00eda Pl\u00e1stica y Est\u00e9tica de Azouz realiza tanto liposucci\u00f3n tradicional como de alta definici\u00f3n en Dallas, TX. Ambos tipos de liposucci\u00f3n son formas confiables de lograr la reducci\u00f3n de grasa obstinada, pero necesitas un cirujano altamente capacitado y experimentado como el Dr. Azouz cuando est\u00e1s explorando un procedimiento de esculpido especializado como la liposucci\u00f3n HD.<\/p>\n<p>Tanto la liposucci\u00f3n tradicional como la de alta definici\u00f3n eliminan la grasa. Con la liposucci\u00f3n HD, ciertas \u00e1reas quedan ligeramente m\u00e1s gruesas que otras. Siguiendo la anatom\u00eda de la musculatura subyacente, mejora el contorno natural de los m\u00fasculos, y tambi\u00e9n crea sombras sutiles que proporcionan una definici\u00f3n mejorada del \u00e1rea. En lugar de un abdomen m\u00e1s plano y liso, terminas con m\u00fasculos m\u00e1s definidos, una ayuda para los \u00ababdominales de seis paquetes\u00bb en los que todos trabajan tan duro para lograr.<\/p>\n<p>La liposucci\u00f3n HD no se limita al abdomen. De hecho, si eres candidato para la liposucci\u00f3n HD, es mejor asegurarse de que tu apariencia general coincida con los abdominales definidos, o parecer\u00e1n fuera de lugar. Otras \u00e1reas a considerar incluyen:<\/p>\n<ul>\n<li>Brazos<\/li>\n<li>Muslos internos<\/li>\n<li>Deltoides<\/li>\n<li>\u00abLove handles\u00bb<\/li>\n<li>Flancos<\/li>\n<li>Pecho<\/li>\n<\/ul>\n<p>A medida que la liposucci\u00f3n HD gana popularidad, m\u00e1s pr\u00e1cticas ofrecer\u00e1n el servicio. Pero la falta de experiencia o una mala candidatura pueden llevar a resultados deficientes, y la liposucci\u00f3n HD puede ser m\u00e1s dif\u00edcil de corregir si no se hace correctamente. Despu\u00e9s de una evaluaci\u00f3n exhaustiva, el Dr. Azouz puede ayudarte a decidir el tipo de liposucci\u00f3n que mejor puede cumplir con tus objetivos est\u00e9ticos.<\/p>\n<h3>Lipo HD en Dallas, TX<\/h3>\n<p>Liposucci\u00f3n, independientemente del tipo, no est\u00e1 destinada a la p\u00e9rdida de peso. Los candidatos ideales para la liposucci\u00f3n suelen estar cerca de su peso objetivo y han podido mantenerlo. La elasticidad de la piel tambi\u00e9n juega un papel importante, y puede ser dif\u00edcil adivinar si tu piel permanecer\u00e1 firme despu\u00e9s de que se reduzca el volumen. El Dr. Azouz puede asesorarte sobre los resultados probables y discutir c\u00f3mo abordarlos. Para discutir este avance revolucionario en la liposucci\u00f3n, <a href=\"https:\/\/www.drazouz.com\/es\/contact\/\"><em><strong>contacta a la Cirug\u00eda Pl\u00e1stica y Est\u00e9tica de Azouz<\/strong><\/em><\/a> hoy.<\/p>\n","protected":false},"excerpt":{"rendered":"<p>Consistentemente ubic\u00e1ndose entre las cirug\u00edas est\u00e9ticas m\u00e1s populares, se realizan miles de procedimientos de liposucci\u00f3n cada a\u00f1o.<br \/><a href=\"https:\/\/www.drazouz.com\/es\/liposuccion-de-alta-definicion\/\" class=\"btn btn-blue mt-3\">Sigue leyendo<\/a><\/p>\n","protected":false},"author":1,"featured_media":0,"parent":3900,"menu_order":0,"comment_status":"closed","ping_status":"closed","template":"","meta":{"_acf_changed":false,"footnotes":""},"class_list":["post-11536","page","type-page","status-publish"],"acf":[],"yoast_head":"<!-- This site is optimized with the Yoast SEO plugin v27.4 - https:\/\/yoast.com\/product\/yoast-seo-wordpress\/ -->\n<title>Liposucci\u00f3n de Alta Definici\u00f3n | Azouz Cirug\u00eda Pl\u00e1stica y Est\u00e9tica<\/title>\n<meta name=\"robots\" content=\"index, follow, max-snippet:-1, max-image-preview:large, max-video-preview:-1\" \/>\n<link rel=\"canonical\" href=\"https:\/\/www.drazouz.com\/es\/liposuccion-de-alta-definicion\/\" \/>\n<meta property=\"og:locale\" content=\"es_ES\" \/>\n<meta property=\"og:type\" content=\"article\" \/>\n<meta property=\"og:title\" content=\"Liposucci\u00f3n de Alta Definici\u00f3n | Azouz Cirug\u00eda Pl\u00e1stica y Est\u00e9tica\" \/>\n<meta property=\"og:description\" content=\"Consistentemente ubic\u00e1ndose entre las cirug\u00edas est\u00e9ticas m\u00e1s populares, se realizan miles de procedimientos de liposucci\u00f3n cada a\u00f1o.Sigue leyendo\" \/>\n<meta property=\"og:url\" content=\"https:\/\/www.drazouz.com\/es\/liposuccion-de-alta-definicion\/\" \/>\n<meta property=\"og:site_name\" content=\"Azouz Cirug\u00eda Pl\u00e1stica y Est\u00e9tica\" \/>\n<meta property=\"article:modified_time\" content=\"2024-01-26T08:59:08+00:00\" \/>\n<meta property=\"og:image\" content=\"https:\/\/www.drazouz.com\/wp-content\/uploads\/2023\/08\/bigstock-Beautiful-Woman-With-Slim-And-468398763.jpg\" \/>\n<meta name=\"twitter:card\" content=\"summary_large_image\" \/>\n<meta name=\"twitter:image\" content=\"https:\/\/www.drazouz.com\/wp-content\/uploads\/2023\/08\/bigstock-Beautiful-Woman-With-Slim-And-468398763.jpg\" \/>\n<meta name=\"twitter:label1\" content=\"Tiempo de lectura\" \/>\n\t<meta name=\"twitter:data1\" content=\"2 minutos\" \/>\n<!-- \/ Yoast SEO plugin. -->","yoast_head_json":{"title":"Liposucci\u00f3n de Alta Definici\u00f3n | Azouz Cirug\u00eda Pl\u00e1stica y Est\u00e9tica","robots":{"index":"index","follow":"follow","max-snippet":"max-snippet:-1","max-image-preview":"max-image-preview:large","max-video-preview":"max-video-preview:-1"},"canonical":"https:\/\/www.drazouz.com\/es\/liposuccion-de-alta-definicion\/","og_locale":"es_ES","og_type":"article","og_title":"Liposucci\u00f3n de Alta Definici\u00f3n | Azouz Cirug\u00eda Pl\u00e1stica y Est\u00e9tica","og_description":"Consistentemente ubic\u00e1ndose entre las cirug\u00edas est\u00e9ticas m\u00e1s populares, se realizan miles de procedimientos de liposucci\u00f3n cada a\u00f1o.Sigue leyendo","og_url":"https:\/\/www.drazouz.com\/es\/liposuccion-de-alta-definicion\/","og_site_name":"Azouz Cirug\u00eda Pl\u00e1stica y Est\u00e9tica","article_modified_time":"2024-01-26T08:59:08+00:00","og_image":[{"url":"https:\/\/www.drazouz.com\/wp-content\/uploads\/2023\/08\/bigstock-Beautiful-Woman-With-Slim-And-468398763.jpg","type":"","width":"","height":""}],"twitter_card":"summary_large_image","twitter_image":"https:\/\/www.drazouz.com\/wp-content\/uploads\/2023\/08\/bigstock-Beautiful-Woman-With-Slim-And-468398763.jpg","twitter_misc":{"Tiempo de lectura":"2 minutos"},"schema":{"@context":"https:\/\/schema.org","@graph":[{"@type":"WebPage","@id":"https:\/\/www.drazouz.com\/es\/liposuccion-de-alta-definicion\/","url":"https:\/\/www.drazouz.com\/es\/liposuccion-de-alta-definicion\/","name":"Liposucci\u00f3n de Alta Definici\u00f3n | Azouz Cirug\u00eda Pl\u00e1stica y Est\u00e9tica","isPartOf":{"@id":"https:\/\/www.drazouz.com\/es\/#website"},"datePublished":"2022-07-26T21:16:54+00:00","dateModified":"2024-01-26T08:59:08+00:00","breadcrumb":{"@id":"https:\/\/www.drazouz.com\/es\/liposuccion-de-alta-definicion\/#breadcrumb"},"inLanguage":"es","potentialAction":[{"@type":"ReadAction","target":["https:\/\/www.drazouz.com\/es\/liposuccion-de-alta-definicion\/"]}]},{"@type":"BreadcrumbList","@id":"https:\/\/www.drazouz.com\/es\/liposuccion-de-alta-definicion\/#breadcrumb","itemListElement":[{"@type":"ListItem","position":1,"name":"Home","item":"https:\/\/www.drazouz.com\/es\/"},{"@type":"ListItem","position":2,"name":"Procedimientos","item":"https:\/\/www.drazouz.com\/es\/procedimientos\/"},{"@type":"ListItem","position":3,"name":"Cuerpo","item":"https:\/\/www.drazouz.com\/es\/body\/"},{"@type":"ListItem","position":4,"name":"Liposucci\u00f3n","item":"https:\/\/www.drazouz.com\/es\/liposuction\/"},{"@type":"ListItem","position":5,"name":"Liposucci\u00f3n de Alta Definici\u00f3n"}]},{"@type":"WebSite","@id":"https:\/\/www.drazouz.com\/es\/#website","url":"https:\/\/www.drazouz.com\/es\/","name":"Azouz Cirug\u00eda Pl\u00e1stica y Est\u00e9tica","description":"","potentialAction":[{"@type":"SearchAction","target":{"@type":"EntryPoint","urlTemplate":"https:\/\/www.drazouz.com\/es\/?s={search_term_string}"},"query-input":{"@type":"PropertyValueSpecification","valueRequired":true,"valueName":"search_term_string"}}],"inLanguage":"es"}]}},"_links":{"self":[{"href":"https:\/\/www.drazouz.com\/es\/wp-json\/wp\/v2\/pages\/11536","targetHints":{"allow":["GET"]}}],"collection":[{"href":"https:\/\/www.drazouz.com\/es\/wp-json\/wp\/v2\/pages"}],"about":[{"href":"https:\/\/www.drazouz.com\/es\/wp-json\/wp\/v2\/types\/page"}],"author":[{"embeddable":true,"href":"https:\/\/www.drazouz.com\/es\/wp-json\/wp\/v2\/users\/1"}],"replies":[{"embeddable":true,"href":"https:\/\/www.drazouz.com\/es\/wp-json\/wp\/v2\/comments?post=11536"}],"version-history":[{"count":5,"href":"https:\/\/www.drazouz.com\/es\/wp-json\/wp\/v2\/pages\/11536\/revisions"}],"predecessor-version":[{"id":11550,"href":"https:\/\/www.drazouz.com\/es\/wp-json\/wp\/v2\/pages\/11536\/revisions\/11550"}],"up":[{"embeddable":true,"href":"https:\/\/www.drazouz.com\/es\/wp-json\/wp\/v2\/pages\/3900"}],"wp:attachment":[{"href":"https:\/\/www.drazouz.com\/es\/wp-json\/wp\/v2\/media?parent=11536"}],"curies":[{"name":"wp","href":"https:\/\/api.w.org\/{rel}","templated":true}]}}