{"id":11528,"date":"2022-07-27T14:32:09","date_gmt":"2022-07-27T19:32:09","guid":{"rendered":"https:\/\/www.drazouz.com\/?page_id=11528"},"modified":"2024-01-26T03:32:03","modified_gmt":"2024-01-26T08:32:03","slug":"lesiones-y-canceres-de-piel","status":"publish","type":"page","link":"https:\/\/www.drazouz.com\/es\/lesiones-y-canceres-de-piel\/","title":{"rendered":"Lesiones y C\u00e1nceres de Piel"},"content":{"rendered":"<p>Cualquier vez que encuentres un <a href=\"https:\/\/www.drazouz.com\/es\/skin-growth-and-lesions-removal\/\"><em><strong>crecimiento anormal o lesi\u00f3n en tu piel<\/strong><\/em><\/a>, debe ser motivo de preocupaci\u00f3n. Las lesiones pueden variar desde peque\u00f1os defectos est\u00e9ticos hasta importantes preocupaciones cosm\u00e9ticas. Tambi\u00e9n pueden ser riesgos significativos para la salud, como el c\u00e1ncer de piel. Aunque preocupante, no todas las lesiones cut\u00e1neas son c\u00e1nceres, ni todas se desarrollar\u00e1n en c\u00e1ncer de piel. Sin embargo, cuanto antes se identifique y se retire una lesi\u00f3n, mejor ser\u00e1 el resultado. La detecci\u00f3n temprana es un factor crucial en el tratamiento del c\u00e1ncer de piel, y la eliminaci\u00f3n de cualquier tipo de lesi\u00f3n mejora la apariencia y restaura la confianza en uno mismo. Puedes someterte a la eliminaci\u00f3n de lesiones cut\u00e1neas bajo la atenci\u00f3n experta del Dr. Azouz en la Cirug\u00eda Pl\u00e1stica y Cosm\u00e9tica Azouz.<\/p>\n<h2>Cirug\u00eda Pl\u00e1stica para el C\u00e1ncer de Piel<\/h2>\n<p>La exposici\u00f3n al sol es uno de los mayores factores de riesgo para desarrollar c\u00e1ncer de piel en la cara y el cuello. Aunque ahora el p\u00fablico est\u00e1 mucho m\u00e1s consciente de los peligros de la exposici\u00f3n a los rayos UV, muchas personas no crecieron usando protector solar o ropa protectora contra el sol. El da\u00f1o solar llega mucho m\u00e1s all\u00e1 de la capa superficial de la piel, por eso pueden pasar muchos a\u00f1os antes de que los efectos se hagan visibles.<\/p>\n<p>La eliminaci\u00f3n quir\u00fargica del c\u00e1ncer de piel es un procedimiento que requiere t\u00e9cnicas quir\u00fargicas especialmente fuertes, un conocimiento profundo de la estructura y funci\u00f3n facial y el conocimiento art\u00edstico para ofrecer el mejor resultado est\u00e9tico posible. La mayor\u00eda de las personas priorizan correctamente asegurarse de que se retire suficiente tejido para capturar el c\u00e1ncer, pero tambi\u00e9n temen por las cicatrices subsiguientes. El Dr. Azouz entiende que este puede ser un momento aterrador y est\u00e1 dedicado a garantizar que se preserve la funcionalidad facial tanto como sea posible, al tiempo que proporciona resultados est\u00e9ticos superiores.<\/p>\n<h3>Cirug\u00eda de Precisi\u00f3n en Dallas, TX<\/h3>\n<p>La Cirug\u00eda Pl\u00e1stica y Cosm\u00e9tica Azouz est\u00e1 ubicada en el \u00e1rea de Dallas-Fort Worth, sirviendo a las \u00e1reas circundantes, incluyendo Frisco, Allen, Richardson, Irving, Highland Park y Plano. Su pr\u00e1ctica acogedora e inclusiva lo convierte en uno de los cirujanos pl\u00e1sticos m\u00e1s buscados en Texas, y atiende a pacientes de todo Estados Unidos y del mundo. Exjefe de Cirug\u00eda Pl\u00e1stica en Medical City Dallas, est\u00e1 entrenado en becas y certificado por la junta, con d\u00e9cadas de experiencia brindando resultados funcionales y cosm\u00e9ticos superiores. El Dr. Azouz elimina muchos tipos de crecimientos cut\u00e1neos y puede eliminar tus lesiones cut\u00e1neas o c\u00e1nceres de piel. <a href=\"https:\/\/www.drazouz.com\/es\/contact\/\"><em><strong>Cont\u00e1ctate con la Cirug\u00eda Pl\u00e1stica y Cosm\u00e9tica Azouz<\/strong><\/em><\/a> para tu consulta.<\/p>\n","protected":false},"excerpt":{"rendered":"<p>Cualquier vez que encuentres un crecimiento anormal o lesi\u00f3n en tu piel, debe ser motivo de preocupaci\u00f3n.<br \/><a href=\"https:\/\/www.drazouz.com\/es\/lesiones-y-canceres-de-piel\/\" class=\"btn btn-blue mt-3\">Sigue leyendo<\/a><\/p>\n","protected":false},"author":1,"featured_media":11436,"parent":11487,"menu_order":0,"comment_status":"closed","ping_status":"closed","template":"","meta":{"_acf_changed":false,"footnotes":""},"class_list":["post-11528","page","type-page","status-publish","has-post-thumbnail"],"acf":[],"yoast_head":"<!-- This site is optimized with the Yoast SEO plugin v27.4 - https:\/\/yoast.com\/product\/yoast-seo-wordpress\/ -->\n<title>Lesiones y C\u00e1nceres de Piel | Azouz Cirug\u00eda Pl\u00e1stica y Est\u00e9tica<\/title>\n<meta name=\"robots\" content=\"index, follow, max-snippet:-1, max-image-preview:large, max-video-preview:-1\" \/>\n<link rel=\"canonical\" href=\"https:\/\/www.drazouz.com\/es\/lesiones-y-canceres-de-piel\/\" \/>\n<meta property=\"og:locale\" content=\"es_ES\" \/>\n<meta property=\"og:type\" content=\"article\" \/>\n<meta property=\"og:title\" content=\"Lesiones y C\u00e1nceres de Piel | Azouz Cirug\u00eda Pl\u00e1stica y Est\u00e9tica\" \/>\n<meta property=\"og:description\" content=\"Cualquier vez que encuentres un crecimiento anormal o lesi\u00f3n en tu piel, debe ser motivo de preocupaci\u00f3n.Sigue leyendo\" \/>\n<meta property=\"og:url\" content=\"https:\/\/www.drazouz.com\/es\/lesiones-y-canceres-de-piel\/\" \/>\n<meta property=\"og:site_name\" content=\"Azouz Cirug\u00eda Pl\u00e1stica y Est\u00e9tica\" \/>\n<meta property=\"article:modified_time\" content=\"2024-01-26T08:32:03+00:00\" \/>\n<meta property=\"og:image\" content=\"https:\/\/www.drazouz.com\/wp-content\/uploads\/2024\/01\/bigstock-Skin-Cancer-In-Sand-2664844.jpg\" \/>\n<meta name=\"twitter:card\" content=\"summary_large_image\" \/>\n<meta name=\"twitter:image\" content=\"https:\/\/www.drazouz.com\/wp-content\/uploads\/2024\/01\/bigstock-Skin-Cancer-In-Sand-2664844.jpg\" \/>\n<meta name=\"twitter:label1\" content=\"Tiempo de lectura\" \/>\n\t<meta name=\"twitter:data1\" content=\"2 minutos\" \/>\n<!-- \/ Yoast SEO plugin. -->","yoast_head_json":{"title":"Lesiones y C\u00e1nceres de Piel | Azouz Cirug\u00eda Pl\u00e1stica y Est\u00e9tica","robots":{"index":"index","follow":"follow","max-snippet":"max-snippet:-1","max-image-preview":"max-image-preview:large","max-video-preview":"max-video-preview:-1"},"canonical":"https:\/\/www.drazouz.com\/es\/lesiones-y-canceres-de-piel\/","og_locale":"es_ES","og_type":"article","og_title":"Lesiones y C\u00e1nceres de Piel | Azouz Cirug\u00eda Pl\u00e1stica y Est\u00e9tica","og_description":"Cualquier vez que encuentres un crecimiento anormal o lesi\u00f3n en tu piel, debe ser motivo de preocupaci\u00f3n.Sigue leyendo","og_url":"https:\/\/www.drazouz.com\/es\/lesiones-y-canceres-de-piel\/","og_site_name":"Azouz Cirug\u00eda Pl\u00e1stica y Est\u00e9tica","article_modified_time":"2024-01-26T08:32:03+00:00","og_image":[{"url":"https:\/\/www.drazouz.com\/wp-content\/uploads\/2024\/01\/bigstock-Skin-Cancer-In-Sand-2664844.jpg","type":"","width":"","height":""}],"twitter_card":"summary_large_image","twitter_image":"https:\/\/www.drazouz.com\/wp-content\/uploads\/2024\/01\/bigstock-Skin-Cancer-In-Sand-2664844.jpg","twitter_misc":{"Tiempo de lectura":"2 minutos"},"schema":{"@context":"https:\/\/schema.org","@graph":[{"@type":"WebPage","@id":"https:\/\/www.drazouz.com\/es\/lesiones-y-canceres-de-piel\/","url":"https:\/\/www.drazouz.com\/es\/lesiones-y-canceres-de-piel\/","name":"Lesiones y C\u00e1nceres de Piel | Azouz Cirug\u00eda Pl\u00e1stica y Est\u00e9tica","isPartOf":{"@id":"https:\/\/www.drazouz.com\/es\/#website"},"primaryImageOfPage":{"@id":"https:\/\/www.drazouz.com\/es\/lesiones-y-canceres-de-piel\/#primaryimage"},"image":{"@id":"https:\/\/www.drazouz.com\/es\/lesiones-y-canceres-de-piel\/#primaryimage"},"thumbnailUrl":"https:\/\/www.drazouz.com\/wp-content\/uploads\/2024\/01\/bigstock-Skin-Cancer-In-Sand-2664844.jpg","datePublished":"2022-07-27T19:32:09+00:00","dateModified":"2024-01-26T08:32:03+00:00","breadcrumb":{"@id":"https:\/\/www.drazouz.com\/es\/lesiones-y-canceres-de-piel\/#breadcrumb"},"inLanguage":"es","potentialAction":[{"@type":"ReadAction","target":["https:\/\/www.drazouz.com\/es\/lesiones-y-canceres-de-piel\/"]}]},{"@type":"ImageObject","inLanguage":"es","@id":"https:\/\/www.drazouz.com\/es\/lesiones-y-canceres-de-piel\/#primaryimage","url":"https:\/\/www.drazouz.com\/wp-content\/uploads\/2024\/01\/bigstock-Skin-Cancer-In-Sand-2664844.jpg","contentUrl":"https:\/\/www.drazouz.com\/wp-content\/uploads\/2024\/01\/bigstock-Skin-Cancer-In-Sand-2664844.jpg","width":1918,"height":915,"caption":"text \"skin cancer\" in sand"},{"@type":"BreadcrumbList","@id":"https:\/\/www.drazouz.com\/es\/lesiones-y-canceres-de-piel\/#breadcrumb","itemListElement":[{"@type":"ListItem","position":1,"name":"Home","item":"https:\/\/www.drazouz.com\/es\/"},{"@type":"ListItem","position":2,"name":"Procedimientos","item":"https:\/\/www.drazouz.com\/es\/procedimientos\/"},{"@type":"ListItem","position":3,"name":"Crecimientos y Lesiones en la Piel","item":"https:\/\/www.drazouz.com\/es\/crecimientos-y-lesiones-en-la-piel\/"},{"@type":"ListItem","position":4,"name":"Lesiones y C\u00e1nceres de Piel"}]},{"@type":"WebSite","@id":"https:\/\/www.drazouz.com\/es\/#website","url":"https:\/\/www.drazouz.com\/es\/","name":"Azouz Cirug\u00eda Pl\u00e1stica y Est\u00e9tica","description":"","potentialAction":[{"@type":"SearchAction","target":{"@type":"EntryPoint","urlTemplate":"https:\/\/www.drazouz.com\/es\/?s={search_term_string}"},"query-input":{"@type":"PropertyValueSpecification","valueRequired":true,"valueName":"search_term_string"}}],"inLanguage":"es"}]}},"_links":{"self":[{"href":"https:\/\/www.drazouz.com\/es\/wp-json\/wp\/v2\/pages\/11528","targetHints":{"allow":["GET"]}}],"collection":[{"href":"https:\/\/www.drazouz.com\/es\/wp-json\/wp\/v2\/pages"}],"about":[{"href":"https:\/\/www.drazouz.com\/es\/wp-json\/wp\/v2\/types\/page"}],"author":[{"embeddable":true,"href":"https:\/\/www.drazouz.com\/es\/wp-json\/wp\/v2\/users\/1"}],"replies":[{"embeddable":true,"href":"https:\/\/www.drazouz.com\/es\/wp-json\/wp\/v2\/comments?post=11528"}],"version-history":[{"count":5,"href":"https:\/\/www.drazouz.com\/es\/wp-json\/wp\/v2\/pages\/11528\/revisions"}],"predecessor-version":[{"id":11535,"href":"https:\/\/www.drazouz.com\/es\/wp-json\/wp\/v2\/pages\/11528\/revisions\/11535"}],"up":[{"embeddable":true,"href":"https:\/\/www.drazouz.com\/es\/wp-json\/wp\/v2\/pages\/11487"}],"wp:featuredmedia":[{"embeddable":true,"href":"https:\/\/www.drazouz.com\/es\/wp-json\/wp\/v2\/media\/11436"}],"wp:attachment":[{"href":"https:\/\/www.drazouz.com\/es\/wp-json\/wp\/v2\/media?parent=11528"}],"curies":[{"name":"wp","href":"https:\/\/api.w.org\/{rel}","templated":true}]}}