{"id":11522,"date":"2022-07-27T14:28:33","date_gmt":"2022-07-27T19:28:33","guid":{"rendered":"https:\/\/www.drazouz.com\/?page_id=11522"},"modified":"2024-01-26T03:25:53","modified_gmt":"2024-01-26T08:25:53","slug":"extraccion-de-quiste-sebaceo","status":"publish","type":"page","link":"https:\/\/www.drazouz.com\/es\/extraccion-de-quiste-sebaceo\/","title":{"rendered":"Extracci\u00f3n de Quiste Seb\u00e1ceo"},"content":{"rendered":"<p>Hay muchos tipos diferentes de quistes que se forman en el cuerpo, y aunque algunos son graves, los quistes seb\u00e1ceos son casi siempre benignos. Rara vez son dolorosos, pero pueden irritarse al rozar contra la ropa u otra piel. Aunque generalmente inofensivos, pueden infectarse, lo que requiere intervenci\u00f3n m\u00e9dica. Cuando ocurren en la cara o el cuero cabelludo, pueden convertirse en una <a href=\"https:\/\/www.drazouz.com\/es\/skin-growth-and-lesions-removal\/\"><em><strong>preocupaci\u00f3n est\u00e9tica<\/strong><\/em><\/a> y hacerte sentir cohibido por tu apariencia. La eliminaci\u00f3n de quistes seb\u00e1ceos en la Cirug\u00eda Pl\u00e1stica y Cosm\u00e9tica Azouz elimina el quiste y el riesgo de infecci\u00f3n del quiste.<\/p>\n<h2>\u00bfQu\u00e9 son los quistes seb\u00e1ceos?<\/h2>\n<p> Los quistes seb\u00e1ceos se originan en la gl\u00e1ndula seb\u00e1cea. Crecen lentamente bajo la piel y aparecen como un bulto de color amarillento a blanco. Frecuentemente se encuentran en la cara, cuero cabelludo y orejas, pero tambi\u00e9n pueden aparecer en el torso o la espalda. De hecho, los quistes seb\u00e1ceos pueden aparecer casi en cualquier lugar, excepto en las manos y los pies.<\/p>\n<p>Las gl\u00e1ndulas seb\u00e1ceas producen el aceite y los l\u00edpidos, llamados sebo, que evitan que la piel pierda agua. Por tentador que sea intentar exprimir un quiste seb\u00e1ceo, hacerlo invita a la infecci\u00f3n, cicatrices y probablemente no eliminar\u00e1 el quiste. Es mejor que el quiste sea removido por un cirujano pl\u00e1stico por razones cosm\u00e9ticas y de seguridad.<\/p>\n<h3>Tratamiento del quiste epidermoide en Dallas<\/h3>\n<p> Los quistes epidermoides difieren ligeramente de los quistes seb\u00e1ceos, aunque pueden parecer similares por fuera. Mientras que los quistes seb\u00e1ceos provienen de las gl\u00e1ndulas seb\u00e1ceas, los quistes epidermoides se originan en la piel y est\u00e1n llenos de componentes de la piel, como la queratina. A pesar de las diferencias, sigue siendo bastante com\u00fan que se utilicen indistintamente los t\u00e9rminos epidermoide y seb\u00e1ceo.<\/p>\n<p>Ambos tipos de quistes tienen riesgos similares de infecci\u00f3n y ambos requieren cirug\u00eda para garantizar su eliminaci\u00f3n permanente. La precisi\u00f3n de un cirujano pl\u00e1stico asegura que la pared del quiste, o el saco que lo rodea, sea completamente removida. Si el saco no es removido, el quiste volver\u00e1 a crecer, por lo que apretarlo no eliminar\u00e1 el quiste.<\/p>\n<p>La eliminaci\u00f3n de quistes seb\u00e1ceos y epidermoides es un procedimiento delicado porque el quiste debe ser removido en su totalidad, pero tambi\u00e9n es uno de los procedimientos que puede utilizar peque\u00f1as incisiones en relaci\u00f3n al tama\u00f1o del quiste. El Dr. Azouz, un cirujano pl\u00e1stico certificado por la junta, utiliza t\u00e9cnicas efectivas para minimizar las cicatrices y ofrece excelentes resultados cosm\u00e9ticos. Si tienes un quiste seb\u00e1ceo que necesita ser removido, <a href=\"https:\/\/www.drazouz.com\/es\/contact\/\"><em><strong>contacta a la Cirug\u00eda Pl\u00e1stica y Cosm\u00e9tica Azouz<\/strong><\/em><\/a> hoy mismo.<\/p>\n","protected":false},"excerpt":{"rendered":"<p>Hay muchos tipos diferentes de quistes que se forman en el cuerpo, y aunque algunos son graves,<br \/><a href=\"https:\/\/www.drazouz.com\/es\/extraccion-de-quiste-sebaceo\/\" class=\"btn btn-blue mt-3\">Sigue leyendo<\/a><\/p>\n","protected":false},"author":1,"featured_media":11429,"parent":11487,"menu_order":0,"comment_status":"closed","ping_status":"closed","template":"","meta":{"_acf_changed":false,"footnotes":""},"class_list":["post-11522","page","type-page","status-publish","has-post-thumbnail"],"acf":[],"yoast_head":"<!-- This site is optimized with the Yoast SEO plugin v26.6 - https:\/\/yoast.com\/wordpress\/plugins\/seo\/ -->\n<title>Extracci\u00f3n de Quiste Seb\u00e1ceo | Azouz Cirug\u00eda Pl\u00e1stica y Est\u00e9tica<\/title>\n<meta name=\"robots\" content=\"index, follow, max-snippet:-1, max-image-preview:large, max-video-preview:-1\" \/>\n<link rel=\"canonical\" href=\"https:\/\/www.drazouz.com\/es\/extraccion-de-quiste-sebaceo\/\" \/>\n<meta property=\"og:locale\" content=\"es_ES\" \/>\n<meta property=\"og:type\" content=\"article\" \/>\n<meta property=\"og:title\" content=\"Extracci\u00f3n de Quiste Seb\u00e1ceo | Azouz Cirug\u00eda Pl\u00e1stica y Est\u00e9tica\" \/>\n<meta property=\"og:description\" content=\"Hay muchos tipos diferentes de quistes que se forman en el cuerpo, y aunque algunos son graves,Sigue leyendo\" \/>\n<meta property=\"og:url\" content=\"https:\/\/www.drazouz.com\/es\/extraccion-de-quiste-sebaceo\/\" \/>\n<meta property=\"og:site_name\" content=\"Azouz Cirug\u00eda Pl\u00e1stica y Est\u00e9tica\" \/>\n<meta property=\"article:modified_time\" content=\"2024-01-26T08:25:53+00:00\" \/>\n<meta property=\"og:image\" content=\"https:\/\/www.drazouz.com\/wp-content\/uploads\/2024\/01\/bigstock-Infected-Sebaceous-Cyst-80664380.jpg\" \/>\n<meta name=\"twitter:card\" content=\"summary_large_image\" \/>\n<meta name=\"twitter:image\" content=\"https:\/\/www.drazouz.com\/wp-content\/uploads\/2024\/01\/bigstock-Infected-Sebaceous-Cyst-80664380.jpg\" \/>\n<meta name=\"twitter:label1\" content=\"Tiempo de lectura\" \/>\n\t<meta name=\"twitter:data1\" content=\"2 minutos\" \/>\n<!-- \/ Yoast SEO plugin. -->","yoast_head_json":{"title":"Extracci\u00f3n de Quiste Seb\u00e1ceo | Azouz Cirug\u00eda Pl\u00e1stica y Est\u00e9tica","robots":{"index":"index","follow":"follow","max-snippet":"max-snippet:-1","max-image-preview":"max-image-preview:large","max-video-preview":"max-video-preview:-1"},"canonical":"https:\/\/www.drazouz.com\/es\/extraccion-de-quiste-sebaceo\/","og_locale":"es_ES","og_type":"article","og_title":"Extracci\u00f3n de Quiste Seb\u00e1ceo | Azouz Cirug\u00eda Pl\u00e1stica y Est\u00e9tica","og_description":"Hay muchos tipos diferentes de quistes que se forman en el cuerpo, y aunque algunos son graves,Sigue leyendo","og_url":"https:\/\/www.drazouz.com\/es\/extraccion-de-quiste-sebaceo\/","og_site_name":"Azouz Cirug\u00eda Pl\u00e1stica y Est\u00e9tica","article_modified_time":"2024-01-26T08:25:53+00:00","og_image":[{"url":"https:\/\/www.drazouz.com\/wp-content\/uploads\/2024\/01\/bigstock-Infected-Sebaceous-Cyst-80664380.jpg","type":"","width":"","height":""}],"twitter_card":"summary_large_image","twitter_image":"https:\/\/www.drazouz.com\/wp-content\/uploads\/2024\/01\/bigstock-Infected-Sebaceous-Cyst-80664380.jpg","twitter_misc":{"Tiempo de lectura":"2 minutos"},"schema":{"@context":"https:\/\/schema.org","@graph":[{"@type":"WebPage","@id":"https:\/\/www.drazouz.com\/es\/extraccion-de-quiste-sebaceo\/","url":"https:\/\/www.drazouz.com\/es\/extraccion-de-quiste-sebaceo\/","name":"Extracci\u00f3n de Quiste Seb\u00e1ceo | Azouz Cirug\u00eda Pl\u00e1stica y Est\u00e9tica","isPartOf":{"@id":"https:\/\/www.drazouz.com\/es\/#website"},"primaryImageOfPage":{"@id":"https:\/\/www.drazouz.com\/es\/extraccion-de-quiste-sebaceo\/#primaryimage"},"image":{"@id":"https:\/\/www.drazouz.com\/es\/extraccion-de-quiste-sebaceo\/#primaryimage"},"thumbnailUrl":"https:\/\/www.drazouz.com\/wp-content\/uploads\/2024\/01\/bigstock-Infected-Sebaceous-Cyst-80664380.jpg","datePublished":"2022-07-27T19:28:33+00:00","dateModified":"2024-01-26T08:25:53+00:00","breadcrumb":{"@id":"https:\/\/www.drazouz.com\/es\/extraccion-de-quiste-sebaceo\/#breadcrumb"},"inLanguage":"es","potentialAction":[{"@type":"ReadAction","target":["https:\/\/www.drazouz.com\/es\/extraccion-de-quiste-sebaceo\/"]}]},{"@type":"ImageObject","inLanguage":"es","@id":"https:\/\/www.drazouz.com\/es\/extraccion-de-quiste-sebaceo\/#primaryimage","url":"https:\/\/www.drazouz.com\/wp-content\/uploads\/2024\/01\/bigstock-Infected-Sebaceous-Cyst-80664380.jpg","contentUrl":"https:\/\/www.drazouz.com\/wp-content\/uploads\/2024\/01\/bigstock-Infected-Sebaceous-Cyst-80664380.jpg","width":1918,"height":915},{"@type":"BreadcrumbList","@id":"https:\/\/www.drazouz.com\/es\/extraccion-de-quiste-sebaceo\/#breadcrumb","itemListElement":[{"@type":"ListItem","position":1,"name":"Home","item":"https:\/\/www.drazouz.com\/es\/"},{"@type":"ListItem","position":2,"name":"Procedimientos","item":"https:\/\/www.drazouz.com\/es\/procedimientos\/"},{"@type":"ListItem","position":3,"name":"Crecimientos y Lesiones en la Piel","item":"https:\/\/www.drazouz.com\/es\/crecimientos-y-lesiones-en-la-piel\/"},{"@type":"ListItem","position":4,"name":"Extracci\u00f3n de Quiste Seb\u00e1ceo"}]},{"@type":"WebSite","@id":"https:\/\/www.drazouz.com\/es\/#website","url":"https:\/\/www.drazouz.com\/es\/","name":"Azouz Cirug\u00eda Pl\u00e1stica y Est\u00e9tica","description":"","potentialAction":[{"@type":"SearchAction","target":{"@type":"EntryPoint","urlTemplate":"https:\/\/www.drazouz.com\/es\/?s={search_term_string}"},"query-input":{"@type":"PropertyValueSpecification","valueRequired":true,"valueName":"search_term_string"}}],"inLanguage":"es"}]}},"_links":{"self":[{"href":"https:\/\/www.drazouz.com\/es\/wp-json\/wp\/v2\/pages\/11522","targetHints":{"allow":["GET"]}}],"collection":[{"href":"https:\/\/www.drazouz.com\/es\/wp-json\/wp\/v2\/pages"}],"about":[{"href":"https:\/\/www.drazouz.com\/es\/wp-json\/wp\/v2\/types\/page"}],"author":[{"embeddable":true,"href":"https:\/\/www.drazouz.com\/es\/wp-json\/wp\/v2\/users\/1"}],"replies":[{"embeddable":true,"href":"https:\/\/www.drazouz.com\/es\/wp-json\/wp\/v2\/comments?post=11522"}],"version-history":[{"count":3,"href":"https:\/\/www.drazouz.com\/es\/wp-json\/wp\/v2\/pages\/11522\/revisions"}],"predecessor-version":[{"id":11526,"href":"https:\/\/www.drazouz.com\/es\/wp-json\/wp\/v2\/pages\/11522\/revisions\/11526"}],"up":[{"embeddable":true,"href":"https:\/\/www.drazouz.com\/es\/wp-json\/wp\/v2\/pages\/11487"}],"wp:featuredmedia":[{"embeddable":true,"href":"https:\/\/www.drazouz.com\/es\/wp-json\/wp\/v2\/media\/11429"}],"wp:attachment":[{"href":"https:\/\/www.drazouz.com\/es\/wp-json\/wp\/v2\/media?parent=11522"}],"curies":[{"name":"wp","href":"https:\/\/api.w.org\/{rel}","templated":true}]}}