{"id":11514,"date":"2022-07-27T14:26:55","date_gmt":"2022-07-27T19:26:55","guid":{"rendered":"https:\/\/www.drazouz.com\/?page_id=11514"},"modified":"2024-01-25T07:03:48","modified_gmt":"2024-01-25T12:03:48","slug":"eliminacion-de-lunares","status":"publish","type":"page","link":"https:\/\/www.drazouz.com\/es\/eliminacion-de-lunares\/","title":{"rendered":"Eliminaci\u00f3n de Lunares"},"content":{"rendered":"<p>Los lunares son <a href=\"https:\/\/www.drazouz.com\/es\/skin-growth-and-lesions-removal\/\"><em><strong>crecimientos comunes en la piel<\/strong><\/em><\/a> y pueden aparecer en cualquier parte del cuerpo. Pueden ser peque\u00f1os y planos, o peque\u00f1os y ligeramente elevados, pareciendo m\u00e1s como una peca oscura. Otros lunares pueden crecer bastante grandes y, dependiendo de su ubicaci\u00f3n, pueden resultar est\u00e9ticamente molestos o propensos a engancharse o rozarse con la ropa o las joyas. Aunque se habla mucho sobre los lunares cancerosos, la mayor\u00eda de los lunares son benignos, lo que significa que no son perjudiciales para la salud. Los lunares pueden ser f\u00e1cilmente eliminados por el Dr. Azouz de la Cirug\u00eda Pl\u00e1stica y Est\u00e9tica Azouz.<\/p>\n<h2>\u00bfQu\u00e9 Causa los Lunares?<\/h2>\n<p>Se sabe que los lunares se forman por la acumulaci\u00f3n de c\u00e9lulas llamadas melanocitos en una zona. Sin embargo, no se comprende completamente por qu\u00e9 esto ocurre con m\u00e1s frecuencia en algunas personas que en otras. La gen\u00e9tica juega un papel importante, al igual que la exposici\u00f3n al sol. Esto significa que algunos pacientes pueden tener un solo lunar de preocupaci\u00f3n, mientras que otros pueden tener m\u00faltiples lunares que requieren eliminaci\u00f3n al mismo tiempo.<\/p>\n<p>Es importante seleccionar un cirujano pl\u00e1stico altamente calificado para realizar la eliminaci\u00f3n de lunares. Independientemente del tama\u00f1o del lunar, existe el potencial de cicatrizaci\u00f3n, y a medida que el lunar aumenta de tama\u00f1o, tambi\u00e9n lo hace el riesgo de desarrollar una cicatriz. La habilidad y t\u00e9cnica del Dr. Azouz pueden minimizar la cicatrizaci\u00f3n mientras garantizan la eliminaci\u00f3n completa del lunar o lunares en cuesti\u00f3n.<\/p>\n<h3>Eliminaci\u00f3n de Lunares en Dallas<\/h3>\n<p>Cuando un lunar es peque\u00f1o o se encuentra en un \u00e1rea deseable, a menudo se considera un signo de belleza. Sin embargo, este no es el caso para la mayor\u00eda de los lunares visibles. Como tal, no es raro que los pacientes soliciten la eliminaci\u00f3n de lunares de su rostro y cuello. Los lunares pueden interferir con la aplicaci\u00f3n de maquillaje o atraer una atenci\u00f3n no deseada. El uso de joyas puede llamar la atenci\u00f3n sobre la ubicaci\u00f3n de un lunar, y es posible que evite usar tus collares o cadenas favoritos. Los lunares muy oscuros o grandes pueden ser una fuente de ansiedad en la imagen corporal y afectar la autoestima.<\/p>\n<p>El Dr. Azouz es un cirujano pl\u00e1stico altamente respetado, con beca y certificado por la junta, conocido por sus resultados superiores y naturales. Minimiza tus riesgos de cicatrizaci\u00f3n y mejora tu confianza en ti mismo mediante la eliminaci\u00f3n cosm\u00e9tica de lunares en la Cirug\u00eda Pl\u00e1stica y Est\u00e9tica Azouz. <a href=\"https:\/\/www.drazouz.com\/es\/contact\/\"><em><strong>Contacta la oficina<\/strong><\/em><\/a> hoy mismo para una consulta.<\/p>\n","protected":false},"excerpt":{"rendered":"<p>Los lunares son crecimientos comunes en la piel y pueden aparecer en cualquier parte del cuerpo. Pueden<br \/><a href=\"https:\/\/www.drazouz.com\/es\/eliminacion-de-lunares\/\" class=\"btn btn-blue mt-3\">Sigue leyendo<\/a><\/p>\n","protected":false},"author":1,"featured_media":11427,"parent":11487,"menu_order":0,"comment_status":"closed","ping_status":"closed","template":"","meta":{"_acf_changed":false,"footnotes":""},"class_list":["post-11514","page","type-page","status-publish","has-post-thumbnail"],"acf":[],"yoast_head":"<!-- This site is optimized with the Yoast SEO plugin v27.4 - https:\/\/yoast.com\/product\/yoast-seo-wordpress\/ -->\n<title>Eliminaci\u00f3n de Lunares | Azouz Cirug\u00eda Pl\u00e1stica y Est\u00e9tica<\/title>\n<meta name=\"robots\" content=\"index, follow, max-snippet:-1, max-image-preview:large, max-video-preview:-1\" \/>\n<link rel=\"canonical\" href=\"https:\/\/www.drazouz.com\/es\/eliminacion-de-lunares\/\" \/>\n<meta property=\"og:locale\" content=\"es_ES\" \/>\n<meta property=\"og:type\" content=\"article\" \/>\n<meta property=\"og:title\" content=\"Eliminaci\u00f3n de Lunares | Azouz Cirug\u00eda Pl\u00e1stica y Est\u00e9tica\" \/>\n<meta property=\"og:description\" content=\"Los lunares son crecimientos comunes en la piel y pueden aparecer en cualquier parte del cuerpo. PuedenSigue leyendo\" \/>\n<meta property=\"og:url\" content=\"https:\/\/www.drazouz.com\/es\/eliminacion-de-lunares\/\" \/>\n<meta property=\"og:site_name\" content=\"Azouz Cirug\u00eda Pl\u00e1stica y Est\u00e9tica\" \/>\n<meta property=\"article:modified_time\" content=\"2024-01-25T12:03:48+00:00\" \/>\n<meta property=\"og:image\" content=\"https:\/\/www.drazouz.com\/wp-content\/uploads\/2024\/01\/bigstock-Dermatology-Close-up-Of-A-Wom-416534632.jpg\" \/>\n<meta name=\"twitter:card\" content=\"summary_large_image\" \/>\n<meta name=\"twitter:image\" content=\"https:\/\/www.drazouz.com\/wp-content\/uploads\/2024\/01\/bigstock-Dermatology-Close-up-Of-A-Wom-416534632.jpg\" \/>\n<meta name=\"twitter:label1\" content=\"Tiempo de lectura\" \/>\n\t<meta name=\"twitter:data1\" content=\"2 minutos\" \/>\n<!-- \/ Yoast SEO plugin. -->","yoast_head_json":{"title":"Eliminaci\u00f3n de Lunares | Azouz Cirug\u00eda Pl\u00e1stica y Est\u00e9tica","robots":{"index":"index","follow":"follow","max-snippet":"max-snippet:-1","max-image-preview":"max-image-preview:large","max-video-preview":"max-video-preview:-1"},"canonical":"https:\/\/www.drazouz.com\/es\/eliminacion-de-lunares\/","og_locale":"es_ES","og_type":"article","og_title":"Eliminaci\u00f3n de Lunares | Azouz Cirug\u00eda Pl\u00e1stica y Est\u00e9tica","og_description":"Los lunares son crecimientos comunes en la piel y pueden aparecer en cualquier parte del cuerpo. PuedenSigue leyendo","og_url":"https:\/\/www.drazouz.com\/es\/eliminacion-de-lunares\/","og_site_name":"Azouz Cirug\u00eda Pl\u00e1stica y Est\u00e9tica","article_modified_time":"2024-01-25T12:03:48+00:00","og_image":[{"url":"https:\/\/www.drazouz.com\/wp-content\/uploads\/2024\/01\/bigstock-Dermatology-Close-up-Of-A-Wom-416534632.jpg","type":"","width":"","height":""}],"twitter_card":"summary_large_image","twitter_image":"https:\/\/www.drazouz.com\/wp-content\/uploads\/2024\/01\/bigstock-Dermatology-Close-up-Of-A-Wom-416534632.jpg","twitter_misc":{"Tiempo de lectura":"2 minutos"},"schema":{"@context":"https:\/\/schema.org","@graph":[{"@type":"WebPage","@id":"https:\/\/www.drazouz.com\/es\/eliminacion-de-lunares\/","url":"https:\/\/www.drazouz.com\/es\/eliminacion-de-lunares\/","name":"Eliminaci\u00f3n de Lunares | Azouz Cirug\u00eda Pl\u00e1stica y Est\u00e9tica","isPartOf":{"@id":"https:\/\/www.drazouz.com\/es\/#website"},"primaryImageOfPage":{"@id":"https:\/\/www.drazouz.com\/es\/eliminacion-de-lunares\/#primaryimage"},"image":{"@id":"https:\/\/www.drazouz.com\/es\/eliminacion-de-lunares\/#primaryimage"},"thumbnailUrl":"https:\/\/www.drazouz.com\/wp-content\/uploads\/2024\/01\/bigstock-Dermatology-Close-up-Of-A-Wom-416534632.jpg","datePublished":"2022-07-27T19:26:55+00:00","dateModified":"2024-01-25T12:03:48+00:00","breadcrumb":{"@id":"https:\/\/www.drazouz.com\/es\/eliminacion-de-lunares\/#breadcrumb"},"inLanguage":"es","potentialAction":[{"@type":"ReadAction","target":["https:\/\/www.drazouz.com\/es\/eliminacion-de-lunares\/"]}]},{"@type":"ImageObject","inLanguage":"es","@id":"https:\/\/www.drazouz.com\/es\/eliminacion-de-lunares\/#primaryimage","url":"https:\/\/www.drazouz.com\/wp-content\/uploads\/2024\/01\/bigstock-Dermatology-Close-up-Of-A-Wom-416534632.jpg","contentUrl":"https:\/\/www.drazouz.com\/wp-content\/uploads\/2024\/01\/bigstock-Dermatology-Close-up-Of-A-Wom-416534632.jpg","width":1918,"height":915,"caption":"Dermatology. Close-up of a woman\\'s neck. The hand shows a large mole. The concept of checking moles for malignancy."},{"@type":"BreadcrumbList","@id":"https:\/\/www.drazouz.com\/es\/eliminacion-de-lunares\/#breadcrumb","itemListElement":[{"@type":"ListItem","position":1,"name":"Home","item":"https:\/\/www.drazouz.com\/es\/"},{"@type":"ListItem","position":2,"name":"Procedimientos","item":"https:\/\/www.drazouz.com\/es\/procedimientos\/"},{"@type":"ListItem","position":3,"name":"Crecimientos y Lesiones en la Piel","item":"https:\/\/www.drazouz.com\/es\/crecimientos-y-lesiones-en-la-piel\/"},{"@type":"ListItem","position":4,"name":"Eliminaci\u00f3n de Lunares"}]},{"@type":"WebSite","@id":"https:\/\/www.drazouz.com\/es\/#website","url":"https:\/\/www.drazouz.com\/es\/","name":"Azouz Cirug\u00eda Pl\u00e1stica y Est\u00e9tica","description":"","potentialAction":[{"@type":"SearchAction","target":{"@type":"EntryPoint","urlTemplate":"https:\/\/www.drazouz.com\/es\/?s={search_term_string}"},"query-input":{"@type":"PropertyValueSpecification","valueRequired":true,"valueName":"search_term_string"}}],"inLanguage":"es"}]}},"_links":{"self":[{"href":"https:\/\/www.drazouz.com\/es\/wp-json\/wp\/v2\/pages\/11514","targetHints":{"allow":["GET"]}}],"collection":[{"href":"https:\/\/www.drazouz.com\/es\/wp-json\/wp\/v2\/pages"}],"about":[{"href":"https:\/\/www.drazouz.com\/es\/wp-json\/wp\/v2\/types\/page"}],"author":[{"embeddable":true,"href":"https:\/\/www.drazouz.com\/es\/wp-json\/wp\/v2\/users\/1"}],"replies":[{"embeddable":true,"href":"https:\/\/www.drazouz.com\/es\/wp-json\/wp\/v2\/comments?post=11514"}],"version-history":[{"count":4,"href":"https:\/\/www.drazouz.com\/es\/wp-json\/wp\/v2\/pages\/11514\/revisions"}],"predecessor-version":[{"id":11521,"href":"https:\/\/www.drazouz.com\/es\/wp-json\/wp\/v2\/pages\/11514\/revisions\/11521"}],"up":[{"embeddable":true,"href":"https:\/\/www.drazouz.com\/es\/wp-json\/wp\/v2\/pages\/11487"}],"wp:featuredmedia":[{"embeddable":true,"href":"https:\/\/www.drazouz.com\/es\/wp-json\/wp\/v2\/media\/11427"}],"wp:attachment":[{"href":"https:\/\/www.drazouz.com\/es\/wp-json\/wp\/v2\/media?parent=11514"}],"curies":[{"name":"wp","href":"https:\/\/api.w.org\/{rel}","templated":true}]}}