{"id":11507,"date":"2022-07-27T14:24:11","date_gmt":"2022-07-27T19:24:11","guid":{"rendered":"https:\/\/www.drazouz.com\/?page_id=11507"},"modified":"2025-01-23T08:24:02","modified_gmt":"2025-01-23T13:24:02","slug":"eliminacion-de-queloides","status":"publish","type":"page","link":"https:\/\/www.drazouz.com\/es\/eliminacion-de-queloides\/","title":{"rendered":"Eliminaci\u00f3n de Queloides"},"content":{"rendered":"<p><a href=\"https:\/\/www.drazouz.com\/es\/keloid-scars-removal\/\">Los queloides<\/a> son cicatrices gruesas creadas cuando el cuerpo produce demasiado col\u00e1geno para sanar una herida. Esta respuesta excesiva resulta en una <strong>cicatriz elevada que a menudo puede ser bastante grande<\/strong>. No se entiende completamente por qu\u00e9 el cuerpo responde de esta manera a una lesi\u00f3n, y los queloides pueden resultar incluso de traumas menores en la piel, como la picadura de un insecto. Aunque los queloides no son perjudiciales para la salud, pueden aparecer en \u00e1reas que dificultan la funci\u00f3n del cuerpo. Tambi\u00e9n son est\u00e9ticamente desagradables para algunas personas y pueden causar ansiedad o problemas de autoestima. El cirujano pl\u00e1stico certificado de Dallas, <a href=\"https:\/\/www.drazouz.com\/es\/meet-dr-solomon-azouz\/\">Dr. Solomon Azouz<\/a>, crea un plan de tratamiento para los queloides, que incluye su eliminaci\u00f3n y la prevenci\u00f3n de su recurrencia.<\/p>\n<div>\n<p><img loading=\"lazy\" decoding=\"async\" src=\"https:\/\/www.drazouz.com\/wp-content\/uploads\/2024\/05\/image-052810.jpeg\" alt=\"Inyecci\u00f3n de Kenalog para la eliminaci\u00f3n de queloides\" width=\"400\" height=\"267\" class=\"size-full wp-image-14325 alignright\" srcset=\"https:\/\/www.drazouz.com\/wp-content\/uploads\/2024\/05\/image-052810.jpeg 1200w, https:\/\/www.drazouz.com\/wp-content\/uploads\/2024\/05\/image-052810-300x200.jpeg 300w, https:\/\/www.drazouz.com\/wp-content\/uploads\/2024\/05\/image-052810-1024x683.jpeg 1024w, https:\/\/www.drazouz.com\/wp-content\/uploads\/2024\/05\/image-052810-768x512.jpeg 768w\" sizes=\"auto, (max-width: 400px) 100vw, 400px\" \/><\/p>\n<h2>\u00bfC\u00f3mo se pueden eliminar los queloides?<\/h2>\n<p>Hay varias opciones de tratamiento para los queloides, incluyendo opciones <a href=\"https:\/\/www.drazouz.com\/es\/keloid-scars-removal\/\">no quir\u00fargicas<\/a> y quir\u00fargicas. El cirujano pl\u00e1stico Dr. Azouz puede recomendar cremas t\u00f3picas, esteroides recetados o gel de silicona. Sin embargo, el tratamiento puede variar dependiendo del grado y tama\u00f1o de los queloides. En algunos casos, el Dr. Azouz puede aconsejar opciones quir\u00fargicas y no quir\u00fargicas simult\u00e1neamente para obtener resultados \u00f3ptimos.<\/p>\n<\/div>\n<h2>Queloides vs. Cicatrices Hipertr\u00f3ficas<\/h2>\n<p>En las primeras etapas de la cicatrizaci\u00f3n de una herida, las cicatrices queloides e hipertr\u00f3ficas pueden parecer muy similares. Las cicatrices hipertr\u00f3ficas son t\u00edpicamente rojas y gruesas, y aparecen en lugares donde hay mucha tensi\u00f3n en una herida. Con el tiempo, una cicatriz hipertr\u00f3fica se aplanar\u00e1 y se volver\u00e1 de un color m\u00e1s claro. Lo m\u00e1s importante es que las cicatrices hipertr\u00f3ficas se limitan a la zona lesionada.<\/p>\n<p>Las cicatrices queloides van del rosa al p\u00farpura y son una cubierta lisa y dura sobre una zona previamente lesionada que se asemeja a un tumor. Pueden aparecer en cualquier lugar, pero se encuentran frecuentemente en los l\u00f3bulos de las orejas, los hombros y el pecho. Se forman independientemente de la cantidad de tensi\u00f3n en la lesi\u00f3n y pueden ocurrir incluso cuando el trauma es menor. Debido a la respuesta de curaci\u00f3n hiperactiva, los queloides a menudo se extienden mucho m\u00e1s all\u00e1 del \u00e1rea del da\u00f1o original, haciendo que la evidencia de la lesi\u00f3n parezca m\u00e1s severa.<\/p>\n<div><img loading=\"lazy\" decoding=\"async\" src=\"https:\/\/www.drazouz.com\/wp-content\/uploads\/2024\/05\/keloid-ear.jpeg\" alt=\"queloide en perforaci\u00f3n de oreja\" width=\"300\" height=\"331\" class=\"size-full wp-image-14329 alignright\" srcset=\"https:\/\/www.drazouz.com\/wp-content\/uploads\/2024\/05\/keloid-ear.jpeg 517w, https:\/\/www.drazouz.com\/wp-content\/uploads\/2024\/05\/keloid-ear-272x300.jpeg 272w\" sizes=\"auto, (max-width: 300px) 100vw, 300px\" \/><\/p>\n<h2>Candidatos para la cirug\u00eda de eliminaci\u00f3n de queloides<\/h2>\n<p>Los posibles candidatos para la cirug\u00eda de cicatrices queloides pueden incluir aquellos que han tenido procedimientos no quir\u00fargicos, como l\u00e1minas de silicona o inyecciones de corticosteroides, sin \u00e9xito, o que tienen cicatrices queloides grandes, dolorosas o recurrentes. Durante su consulta, el cirujano pl\u00e1stico certificado Dr. Azouz har\u00e1 recomendaciones personalizadas para determinar el mejor curso de acci\u00f3n seg\u00fan sus objetivos.<\/p>\n<\/div>\n<h2>\u00bfCu\u00e1les son los beneficios de la cirug\u00eda de eliminaci\u00f3n de queloides?<\/h2>\n<p>La cirug\u00eda de cicatrices queloides ofrece una soluci\u00f3n poderosa para reducir significativamente el grosor y el tama\u00f1o. Este enfoque quir\u00fargico tambi\u00e9n puede aliviar la picaz\u00f3n, el dolor y la sensibilidad a menudo asociados con estas cicatrices persistentes. Al aplanar el queloide, el procedimiento mejora la apariencia est\u00e9tica general del \u00e1rea afectada. En algunos casos, combinar la escisi\u00f3n quir\u00fargica con medidas preventivas puede incluso reducir el riesgo de recurrencia de los queloides.<\/p>\n<h2>\u00bfC\u00f3mo se eliminan los queloides?<\/h2>\n<p>La cirug\u00eda de cicatrices queloides se realiza en un entorno ambulatorio con anestesia local. El cirujano pl\u00e1stico certificado Dr. Azouz excisa cuidadosamente la cicatriz queloide, junto con un peque\u00f1o margen de tejido sano. Esto ayuda a reducir la posibilidad de recurrencia. El Dr. Azouz tambi\u00e9n puede utilizar <strong>inyecciones de suspensi\u00f3n de Triamcinolona acetonida (Kenalog)<\/strong> para prevenir que los queloides se formen nuevamente en el sitio de la incisi\u00f3n. La incisi\u00f3n se cierra luego con puntos de sutura disolubles o no disolubles con t\u00e9cnicas meticulosas para disminuir la tensi\u00f3n en la herida.<\/p>\n<p><img loading=\"lazy\" decoding=\"async\" src=\"https:\/\/www.drazouz.com\/wp-content\/uploads\/2024\/05\/image-052809.jpeg\" alt=\"cicatriz de cirug\u00eda de queloides | eliminaci\u00f3n sin cicatrices de queloides\" width=\"700\" height=\"438\" class=\"size-full wp-image-14327 aligncenter\" srcset=\"https:\/\/www.drazouz.com\/wp-content\/uploads\/2024\/05\/image-052809.jpeg 1200w, https:\/\/www.drazouz.com\/wp-content\/uploads\/2024\/05\/image-052809-300x188.jpeg 300w, https:\/\/www.drazouz.com\/wp-content\/uploads\/2024\/05\/image-052809-1024x640.jpeg 1024w, https:\/\/www.drazouz.com\/wp-content\/uploads\/2024\/05\/image-052809-768x480.jpeg 768w\" sizes=\"auto, (max-width: 700px) 100vw, 700px\" \/><\/p>\n<h2>\u00bfCu\u00e1les son los riesgos asociados con la cirug\u00eda de eliminaci\u00f3n de queloides?<\/h2>\n<p>Aunque la cirug\u00eda de cicatrices queloides suele ser segura, existen riesgos que incluyen recurrencia, cicatrizaci\u00f3n, infecci\u00f3n o sangrado. El cirujano pl\u00e1stico certificado Dr. Azouz tiene t\u00e9cnicas especializadas para minimizar estos riesgos y monitorea de cerca a los pacientes para una recuperaci\u00f3n \u00f3ptima.<\/p>\n<h2>\u00bfCu\u00e1l es la recuperaci\u00f3n de la cirug\u00eda de eliminaci\u00f3n de queloides?<\/h2>\n<p>Despu\u00e9s de la cirug\u00eda, se aconseja a los pacientes sobre instrucciones espec\u00edficas de cuidado de la herida mientras la piel sana. Durante sus citas de seguimiento, el Dr. Azouz monitorear\u00e1 su progreso y dar\u00e1 recomendaciones personalizadas a medida que se recupere. El Dr. Azouz recomendar\u00e1 prendas de compresi\u00f3n espec\u00edficas, dependiendo de la ubicaci\u00f3n de los queloides. La mayor\u00eda de los pacientes pueden volver al trabajo el mismo d\u00eda y realizar actividades ligeras dentro de unos d\u00edas despu\u00e9s de la cirug\u00eda, dependiendo de la ubicaci\u00f3n y el tama\u00f1o del queloide.<\/p>\n<h2>\u00bfPuedo combinar otros procedimientos con la cirug\u00eda de eliminaci\u00f3n de queloides?<\/h2>\n<p>La cirug\u00eda de eliminaci\u00f3n de cicatrices queloides puede combinarse con otros procedimientos, incluyendo <a href=\"https:\/\/www.drazouz.com\/es\/skin-resurfacing\/\">resurfacing con l\u00e1ser<\/a>, <a href=\"https:\/\/www.drazouz.com\/es\/facelift\/\">lifting facial<\/a> y <a href=\"https:\/\/www.drazouz.com\/es\/scar-removal-revision\/\">cirug\u00eda de revisi\u00f3n de cicatrices<\/a>. Despu\u00e9s de revisar su historial m\u00e9dico y discutir sus objetivos, el Dr. Azouz har\u00e1 recomendaciones sobre c\u00f3mo combinar procedimientos de manera segura en una sola cirug\u00eda.<\/p>\n<h2>\u00bfCu\u00e1nto cuesta la eliminaci\u00f3n de queloides?<\/h2>\n<p>La extensi\u00f3n del procedimiento, los costos anest\u00e9sicos y las tarifas de las instalaciones son algunas de las variables que pueden afectar el costo de la cirug\u00eda de cicatrices queloides. Los pacientes en Dallas pueden obtener una <a href=\"https:\/\/www.drazouz.com\/es\/fees-insurance\/\">estimaci\u00f3n de costo personalizada<\/a> del Dr. Azouz durante una consulta que tenga en cuenta sus objetivos deseados.<\/p>\n<div class=\"row\">\n<div class=\"col-lg-8 d-flex justify-content-center flex-column text-left\">\n<h3 class=\"mt-lg-0\">Agenda tu consulta con el Dr. Azouz<\/h3>\n<p>La cirug\u00eda de eliminaci\u00f3n de cicatrices queloides con el Dr. Azouz en Dallas ofrece esperanza a los pacientes que buscan sanar del peso f\u00edsico y emocional de las cicatrices queloides. Los pacientes pueden mejorar su apariencia y calidad de vida mediante tratamientos quir\u00fargicos especializados para abordar el tejido cicatricial subyacente. Haz una cita para una consulta si est\u00e1s considerando la cirug\u00eda de cicatrices queloides para que puedas conocer m\u00e1s sobre tus opciones y comenzar tu camino hacia una piel sin cicatrices. <a href=\"https:\/\/www.drazouz.com\/es\/contact\/\">Cont\u00e1ctanos en l\u00ednea<\/a> o ll\u00e1manos al <a href=\"tel:9727028888\" class=\"phone_anchor \" aria-label=\"ll\u00e1manos (972) 702-8888\">(972) 702-8888<\/a> para agendar tu consulta hoy mismo!<\/p>\n<\/div>\n<div class=\"col-lg-4 mt-3 d-flex justify-content-center\"><img loading=\"lazy\" decoding=\"async\" src=\"https:\/\/www.drazouz.com\/wp-content\/uploads\/2024\/05\/Solomon-Azouz-MD-_-Plastic-and-Reconstructive-Surgeon.jpeg\" alt=\"Dr. Solomon Azouz | Cirug\u00eda Pl\u00e1stica en Dallas, TX | cirug\u00eda de eliminaci\u00f3n de queloides\" width=\"400\" height=\"533\" class=\"size-full wp-image-14319 alignnone\" srcset=\"https:\/\/www.drazouz.com\/wp-content\/uploads\/2024\/05\/Solomon-Azouz-MD-_-Plastic-and-Reconstructive-Surgeon.jpeg 1200w, https:\/\/www.drazouz.com\/wp-content\/uploads\/2024\/05\/Solomon-Azouz-MD-_-Plastic-and-Reconstructive-Surgeon-225x300.jpeg 225w, https:\/\/www.drazouz.com\/wp-content\/uploads\/2024\/05\/Solomon-Azouz-MD-_-Plastic-and-Reconstructive-Surgeon-768x1024.jpeg 768w, https:\/\/www.drazouz.com\/wp-content\/uploads\/2024\/05\/Solomon-Azouz-MD-_-Plastic-and-Reconstructive-Surgeon-1152x1536.jpeg 1152w\" sizes=\"auto, (max-width: 400px) 100vw, 400px\" \/><\/div>\n<\/div>\n<h3>Preguntas Frecuentes<\/h3>\n<dl id=\"faq-1\" class=\"flc-faq\"><dt id=\"l11\"><button class=\"card-header collapsed d-flex align-items-center w-100 text-left\" data-toggle=\"collapse\" data-target=\"#t11\" aria-expanded=\"false\" aria-controls=\"t11\"><i class=\"ml-1 fas fa-chevron-down\"><\/i> \u00bfExisten posibilidades de recurrencia de los queloides despu\u00e9s de la cirug\u00eda?<\/button><\/dt><dd id=\"t11\" class=\"m-0 collapse\" aria-labelledby=\"l11\" aria-expanded=\"false\" data-parent=\"#faq-1\"><div class=\"card-body\"><p> A pesar de la eliminaci\u00f3n quir\u00fargica, los queloides pueden recurrir en hasta el 50% de los casos, lo que resalta la naturaleza desafiante de manejar estas cicatrices. Sin embargo, el Dr. Azouz ha realizado con \u00e9xito muchas cirug\u00edas de eliminaci\u00f3n de queloides y utiliza t\u00e9cnicas especializadas para prevenir la recurrencia.<\/p>\n<\/div><\/dd><dt id=\"l12\"><button class=\"card-header collapsed d-flex align-items-center w-100 text-left\" data-toggle=\"collapse\" data-target=\"#t12\" aria-expanded=\"false\" aria-controls=\"t12\"><i class=\"ml-1 fas fa-chevron-down\"><\/i> \u00bfEl seguro cubrir\u00e1 la cirug\u00eda de eliminaci\u00f3n de queloides?<\/button><\/dt><dd id=\"t12\" class=\"m-0 collapse\" aria-labelledby=\"l12\" aria-expanded=\"false\" data-parent=\"#faq-1\"><div class=\"card-body\"><p>Hay algunos planes de seguro que pueden cubrir la revisi\u00f3n de cicatrices queloides. El Dr. Azouz recomienda contactar a su proveedor de seguros para verificar su p\u00f3liza. El Dr. Azouz tambi\u00e9n ofrece planes de financiamiento, ya que a veces es m\u00e1s rentable no usar el seguro. Muchos queloides se consideran cosm\u00e9ticos.<\/p>\n<\/div><\/dd><dt id=\"l13\"><button class=\"card-header collapsed d-flex align-items-center w-100 text-left\" data-toggle=\"collapse\" data-target=\"#t13\" aria-expanded=\"false\" aria-controls=\"t13\"><i class=\"ml-1 fas fa-chevron-down\"><\/i> \u00bfQu\u00e9 tan dolorosa es la cirug\u00eda de eliminaci\u00f3n de queloides?<\/button><\/dt><dd id=\"t13\" class=\"m-0 collapse\" aria-labelledby=\"l13\" aria-expanded=\"false\" data-parent=\"#faq-1\"><div class=\"card-body\"><p>El Dr. Azouz utiliza anestesia local para adormecer el \u00e1rea de tratamiento antes de la cirug\u00eda. Dependiendo de la extensi\u00f3n del procedimiento, tambi\u00e9n se puede usar sedaci\u00f3n para ayudar a mantener a los pacientes c\u00f3modos. La medicaci\u00f3n local para adormecer puede reducir el dolor hasta por 24 horas despu\u00e9s del procedimiento. Muchos pacientes informan que no necesitan medicamentos para el dolor despu\u00e9s de la cirug\u00eda de eliminaci\u00f3n de queloides.<\/p>\n<\/div><\/dd><\/dl>\n","protected":false},"excerpt":{"rendered":"<p>Los queloides son cicatrices gruesas creadas cuando el cuerpo produce demasiado col\u00e1geno para sanar una herida. Esta<br \/><a href=\"https:\/\/www.drazouz.com\/es\/eliminacion-de-queloides\/\" class=\"btn btn-blue mt-3\">Sigue leyendo<\/a><\/p>\n","protected":false},"author":1,"featured_media":11423,"parent":11487,"menu_order":0,"comment_status":"closed","ping_status":"closed","template":"template-builder.php","meta":{"_acf_changed":false,"footnotes":""},"class_list":["post-11507","page","type-page","status-publish","has-post-thumbnail"],"acf":[],"yoast_head":"<!-- This site is optimized with the Yoast SEO plugin v27.4 - https:\/\/yoast.com\/product\/yoast-seo-wordpress\/ -->\n<title>Eliminaci\u00f3n de Queloides | Azouz Cirug\u00eda Pl\u00e1stica y Est\u00e9tica<\/title>\n<meta name=\"robots\" content=\"index, follow, max-snippet:-1, max-image-preview:large, max-video-preview:-1\" \/>\n<link rel=\"canonical\" href=\"https:\/\/www.drazouz.com\/es\/eliminacion-de-queloides\/\" \/>\n<meta property=\"og:locale\" content=\"es_ES\" \/>\n<meta property=\"og:type\" content=\"article\" \/>\n<meta property=\"og:title\" content=\"Eliminaci\u00f3n de Queloides | Azouz Cirug\u00eda Pl\u00e1stica y Est\u00e9tica\" \/>\n<meta property=\"og:description\" content=\"Los queloides son cicatrices gruesas creadas cuando el cuerpo produce demasiado col\u00e1geno para sanar una herida. EstaSigue leyendo\" \/>\n<meta property=\"og:url\" content=\"https:\/\/www.drazouz.com\/es\/eliminacion-de-queloides\/\" \/>\n<meta property=\"og:site_name\" content=\"Azouz Cirug\u00eda Pl\u00e1stica y Est\u00e9tica\" \/>\n<meta property=\"article:modified_time\" content=\"2025-01-23T13:24:02+00:00\" \/>\n<meta property=\"og:image\" content=\"https:\/\/www.drazouz.com\/wp-content\/uploads\/2024\/01\/bigstock-Keloid-Scar-hypertrophic-Scar-362651116.jpg\" \/>\n<meta name=\"twitter:card\" content=\"summary_large_image\" \/>\n<meta name=\"twitter:image\" content=\"https:\/\/www.drazouz.com\/wp-content\/uploads\/2024\/01\/bigstock-Keloid-Scar-hypertrophic-Scar-362651116.jpg\" \/>\n<meta name=\"twitter:label1\" content=\"Tiempo de lectura\" \/>\n\t<meta name=\"twitter:data1\" content=\"6 minutos\" \/>\n<!-- \/ Yoast SEO plugin. -->","yoast_head_json":{"title":"Eliminaci\u00f3n de Queloides | Azouz Cirug\u00eda Pl\u00e1stica y Est\u00e9tica","robots":{"index":"index","follow":"follow","max-snippet":"max-snippet:-1","max-image-preview":"max-image-preview:large","max-video-preview":"max-video-preview:-1"},"canonical":"https:\/\/www.drazouz.com\/es\/eliminacion-de-queloides\/","og_locale":"es_ES","og_type":"article","og_title":"Eliminaci\u00f3n de Queloides | Azouz Cirug\u00eda Pl\u00e1stica y Est\u00e9tica","og_description":"Los queloides son cicatrices gruesas creadas cuando el cuerpo produce demasiado col\u00e1geno para sanar una herida. EstaSigue leyendo","og_url":"https:\/\/www.drazouz.com\/es\/eliminacion-de-queloides\/","og_site_name":"Azouz Cirug\u00eda Pl\u00e1stica y Est\u00e9tica","article_modified_time":"2025-01-23T13:24:02+00:00","og_image":[{"url":"https:\/\/www.drazouz.com\/wp-content\/uploads\/2024\/01\/bigstock-Keloid-Scar-hypertrophic-Scar-362651116.jpg","type":"","width":"","height":""}],"twitter_card":"summary_large_image","twitter_image":"https:\/\/www.drazouz.com\/wp-content\/uploads\/2024\/01\/bigstock-Keloid-Scar-hypertrophic-Scar-362651116.jpg","twitter_misc":{"Tiempo de lectura":"6 minutos"},"schema":{"@context":"https:\/\/schema.org","@graph":[{"@type":"WebPage","@id":"https:\/\/www.drazouz.com\/es\/eliminacion-de-queloides\/","url":"https:\/\/www.drazouz.com\/es\/eliminacion-de-queloides\/","name":"Eliminaci\u00f3n de Queloides | Azouz Cirug\u00eda Pl\u00e1stica y Est\u00e9tica","isPartOf":{"@id":"https:\/\/www.drazouz.com\/es\/#website"},"primaryImageOfPage":{"@id":"https:\/\/www.drazouz.com\/es\/eliminacion-de-queloides\/#primaryimage"},"image":{"@id":"https:\/\/www.drazouz.com\/es\/eliminacion-de-queloides\/#primaryimage"},"thumbnailUrl":"https:\/\/www.drazouz.com\/wp-content\/uploads\/2024\/01\/bigstock-Keloid-Scar-hypertrophic-Scar-362651116.jpg","datePublished":"2022-07-27T19:24:11+00:00","dateModified":"2025-01-23T13:24:02+00:00","breadcrumb":{"@id":"https:\/\/www.drazouz.com\/es\/eliminacion-de-queloides\/#breadcrumb"},"inLanguage":"es","potentialAction":[{"@type":"ReadAction","target":["https:\/\/www.drazouz.com\/es\/eliminacion-de-queloides\/"]}]},{"@type":"ImageObject","inLanguage":"es","@id":"https:\/\/www.drazouz.com\/es\/eliminacion-de-queloides\/#primaryimage","url":"https:\/\/www.drazouz.com\/wp-content\/uploads\/2024\/01\/bigstock-Keloid-Scar-hypertrophic-Scar-362651116.jpg","contentUrl":"https:\/\/www.drazouz.com\/wp-content\/uploads\/2024\/01\/bigstock-Keloid-Scar-hypertrophic-Scar-362651116.jpg","width":1918,"height":915,"caption":"Keloid scar (Hypertrophic Scar) on man hand skin after accident"},{"@type":"BreadcrumbList","@id":"https:\/\/www.drazouz.com\/es\/eliminacion-de-queloides\/#breadcrumb","itemListElement":[{"@type":"ListItem","position":1,"name":"Home","item":"https:\/\/www.drazouz.com\/es\/"},{"@type":"ListItem","position":2,"name":"Procedimientos","item":"https:\/\/www.drazouz.com\/es\/procedimientos\/"},{"@type":"ListItem","position":3,"name":"Crecimientos y Lesiones en la Piel","item":"https:\/\/www.drazouz.com\/es\/crecimientos-y-lesiones-en-la-piel\/"},{"@type":"ListItem","position":4,"name":"Eliminaci\u00f3n de Queloides"}]},{"@type":"WebSite","@id":"https:\/\/www.drazouz.com\/es\/#website","url":"https:\/\/www.drazouz.com\/es\/","name":"Azouz Cirug\u00eda Pl\u00e1stica y Est\u00e9tica","description":"","potentialAction":[{"@type":"SearchAction","target":{"@type":"EntryPoint","urlTemplate":"https:\/\/www.drazouz.com\/es\/?s={search_term_string}"},"query-input":{"@type":"PropertyValueSpecification","valueRequired":true,"valueName":"search_term_string"}}],"inLanguage":"es"}]}},"_links":{"self":[{"href":"https:\/\/www.drazouz.com\/es\/wp-json\/wp\/v2\/pages\/11507","targetHints":{"allow":["GET"]}}],"collection":[{"href":"https:\/\/www.drazouz.com\/es\/wp-json\/wp\/v2\/pages"}],"about":[{"href":"https:\/\/www.drazouz.com\/es\/wp-json\/wp\/v2\/types\/page"}],"author":[{"embeddable":true,"href":"https:\/\/www.drazouz.com\/es\/wp-json\/wp\/v2\/users\/1"}],"replies":[{"embeddable":true,"href":"https:\/\/www.drazouz.com\/es\/wp-json\/wp\/v2\/comments?post=11507"}],"version-history":[{"count":10,"href":"https:\/\/www.drazouz.com\/es\/wp-json\/wp\/v2\/pages\/11507\/revisions"}],"predecessor-version":[{"id":19815,"href":"https:\/\/www.drazouz.com\/es\/wp-json\/wp\/v2\/pages\/11507\/revisions\/19815"}],"up":[{"embeddable":true,"href":"https:\/\/www.drazouz.com\/es\/wp-json\/wp\/v2\/pages\/11487"}],"wp:featuredmedia":[{"embeddable":true,"href":"https:\/\/www.drazouz.com\/es\/wp-json\/wp\/v2\/media\/11423"}],"wp:attachment":[{"href":"https:\/\/www.drazouz.com\/es\/wp-json\/wp\/v2\/media?parent=11507"}],"curies":[{"name":"wp","href":"https:\/\/api.w.org\/{rel}","templated":true}]}}