{"id":11487,"date":"2022-07-27T14:21:47","date_gmt":"2022-07-27T19:21:47","guid":{"rendered":"https:\/\/www.drazouz.com\/?page_id=11487"},"modified":"2024-01-25T06:46:14","modified_gmt":"2024-01-25T11:46:14","slug":"crecimientos-y-lesiones-en-la-piel","status":"publish","type":"page","link":"https:\/\/www.drazouz.com\/es\/crecimientos-y-lesiones-en-la-piel\/","title":{"rendered":"Crecimientos y Lesiones en la Piel"},"content":{"rendered":"<p>El crecimiento de la piel se clasifica en muchas categor\u00edas diferentes y puede ocurrir a cualquier edad y en cualquier parte del cuerpo. Mientras que algunos tipos de crecimientos son motivo de preocupaci\u00f3n seria para la salud, otros son benignos, pero esto no significa que no representen un problema. Si un crecimiento aparece en una <a title=\"Cirug\u00eda cosm\u00e9tica facial y corporal en Dallas TX\" href=\"https:\/\/www.drazouz.com\/es\/procedures\/\"><em><strong>\u00e1rea altamente visible<\/strong><\/em><\/a>, puede hacerte sentir cohibido o ansioso. Incluso si no son visibles, algunos crecimientos se desarrollan en \u00e1reas donde interfieren con el funcionamiento adecuado del cuerpo. Tambi\u00e9n pueden causar dolor si sobresalen o rozan contra la piel circundante o la ropa. La Cirug\u00eda Pl\u00e1stica y Cosm\u00e9tica Azouz ofrece la eliminaci\u00f3n de crecimientos de la piel para estas condiciones:<\/p>\n<nav class=\"flc-submenu\" aria-label=\"sub menu\"><ul><li class=\"page_item page-item-11514\"><a href=\"https:\/\/www.drazouz.com\/es\/eliminacion-de-lunares\/\">Eliminaci\u00f3n de Lunares<\/a><\/li>\n<li class=\"page_item page-item-19812\"><a href=\"https:\/\/www.drazouz.com\/es\/eliminacion-de-queloides\/\">Eliminaci\u00f3n de Queloides<\/a><\/li>\n<li class=\"page_item page-item-11507\"><a href=\"https:\/\/www.drazouz.com\/es\/eliminacion-de-queloides\/\">Eliminaci\u00f3n de Queloides<\/a><\/li>\n<li class=\"page_item page-item-11522\"><a href=\"https:\/\/www.drazouz.com\/es\/extraccion-de-quiste-sebaceo\/\">Extracci\u00f3n de Quiste Seb\u00e1ceo<\/a><\/li>\n<li class=\"page_item page-item-11493\"><a href=\"https:\/\/www.drazouz.com\/es\/tratamiento-de-la-hidradenitis-supurativa\/\">Hidradenitis<\/a><\/li>\n<li class=\"page_item page-item-11528\"><a href=\"https:\/\/www.drazouz.com\/es\/lesiones-y-canceres-de-piel\/\">Lesiones y C\u00e1nceres de Piel<\/a><\/li>\n<\/ul><\/nav>\n<p>La formaci\u00f3n de cicatrices es una preocupaci\u00f3n frecuentemente mencionada por los pacientes, despu\u00e9s de las preocupaciones sobre el tipo de crecimiento de la piel que tienen. El Dr. Azouz es un cirujano pl\u00e1stico certificado y con formaci\u00f3n de becario con d\u00e9cadas de experiencia logrando resultados naturales con minimizaci\u00f3n de cicatrices. Es importante para tu salud que no permitas que el miedo a las cicatrices te impida tener un crecimiento de la piel diagnosticado y eliminado.<\/p>\n<h2>Cirug\u00eda Pl\u00e1stica en Dallas, TX<\/h2>\n<p>Los crecimientos de la piel pueden ser aterradores cuando aparecen por primera vez y molestos si han sido diagnosticados como benignos pero no se han eliminado. Todos los crecimientos de la piel requieren un cirujano pl\u00e1stico experto para la t\u00e9cnica m\u00e1s efectiva con el procedimiento menos invasivo. Esto asegura la eliminaci\u00f3n completa del crecimiento de la piel mientras se minimiza cualquier cicatrizaci\u00f3n posterior. Muchos tipos de crecimientos de la piel volver\u00e1n a crecer si no se eliminan correctamente, mientras que otros pueden sangrar profusamente si no se eliminan de la manera correcta. La eliminaci\u00f3n completa es absolutamente necesaria para los c\u00e1nceres de piel, muchos de los cuales son altamente tratables si se detectan temprano y se previene su propagaci\u00f3n.<\/p>\n<p>Ubicada en el \u00e1rea de Dallas-Fort Worth, la Cirug\u00eda Pl\u00e1stica y Cosm\u00e9tica Azouz sirve a las \u00e1reas circundantes, incluyendo Frisco, Allen, Richardson, Irving, Highland Park y Plano. Como uno de los cirujanos pl\u00e1sticos m\u00e1s solicitados en Texas, el Dr. Azouz recibe pacientes de todo Estados Unidos y de todo el mundo. Con formaci\u00f3n de becario y certificaci\u00f3n de la junta, es el exjefe de Cirug\u00eda Pl\u00e1stica en Medical City Dallas. Su precisi\u00f3n quir\u00fargica y su arte t\u00e9cnico proporcionan resultados superiores incluso en casos muy dif\u00edciles.<\/p>\n<p>Si tienes un crecimiento de la piel que interfiere con tu autoestima o tu vida cotidiana, <a title=\"Contacta con la Cirug\u00eda Pl\u00e1stica y Cosm\u00e9tica Azouz en Dallas TX\" href=\"https:\/\/www.drazouz.com\/es\/contact\/\"><em><strong>contacta con la Cirug\u00eda Pl\u00e1stica y Cosm\u00e9tica Azouz<\/strong><\/em><\/a> acerca de la eliminaci\u00f3n de crecimientos y lesiones cut\u00e1neas.<\/p>\n","protected":false},"excerpt":{"rendered":"<p>El crecimiento de la piel se clasifica en muchas categor\u00edas diferentes y puede ocurrir a cualquier edad<br \/><a href=\"https:\/\/www.drazouz.com\/es\/crecimientos-y-lesiones-en-la-piel\/\" class=\"btn btn-blue mt-3\">Sigue leyendo<\/a><\/p>\n","protected":false},"author":1,"featured_media":11463,"parent":8581,"menu_order":0,"comment_status":"closed","ping_status":"closed","template":"","meta":{"_acf_changed":false,"footnotes":""},"class_list":["post-11487","page","type-page","status-publish","has-post-thumbnail"],"acf":[],"yoast_head":"<!-- This site is optimized with the Yoast SEO plugin v27.4 - https:\/\/yoast.com\/product\/yoast-seo-wordpress\/ -->\n<title>Crecimientos y Lesiones en la Piel | Azouz Cirug\u00eda Pl\u00e1stica y Est\u00e9tica<\/title>\n<meta name=\"robots\" content=\"index, follow, max-snippet:-1, max-image-preview:large, max-video-preview:-1\" \/>\n<link rel=\"canonical\" href=\"https:\/\/www.drazouz.com\/es\/crecimientos-y-lesiones-en-la-piel\/\" \/>\n<meta property=\"og:locale\" content=\"es_ES\" \/>\n<meta property=\"og:type\" content=\"article\" \/>\n<meta property=\"og:title\" content=\"Crecimientos y Lesiones en la Piel | Azouz Cirug\u00eda Pl\u00e1stica y Est\u00e9tica\" \/>\n<meta property=\"og:description\" content=\"El crecimiento de la piel se clasifica en muchas categor\u00edas diferentes y puede ocurrir a cualquier edadSigue leyendo\" \/>\n<meta property=\"og:url\" content=\"https:\/\/www.drazouz.com\/es\/crecimientos-y-lesiones-en-la-piel\/\" \/>\n<meta property=\"og:site_name\" content=\"Azouz Cirug\u00eda Pl\u00e1stica y Est\u00e9tica\" \/>\n<meta property=\"article:modified_time\" content=\"2024-01-25T11:46:14+00:00\" \/>\n<meta property=\"og:image\" content=\"https:\/\/www.drazouz.com\/wp-content\/uploads\/2024\/01\/header-image012505-1.jpeg\" \/>\n<meta name=\"twitter:card\" content=\"summary_large_image\" \/>\n<meta name=\"twitter:image\" content=\"https:\/\/www.drazouz.com\/wp-content\/uploads\/2024\/01\/header-image012505-1.jpeg\" \/>\n<meta name=\"twitter:label1\" content=\"Tiempo de lectura\" \/>\n\t<meta name=\"twitter:data1\" content=\"2 minutos\" \/>\n<!-- \/ Yoast SEO plugin. -->","yoast_head_json":{"title":"Crecimientos y Lesiones en la Piel | Azouz Cirug\u00eda Pl\u00e1stica y Est\u00e9tica","robots":{"index":"index","follow":"follow","max-snippet":"max-snippet:-1","max-image-preview":"max-image-preview:large","max-video-preview":"max-video-preview:-1"},"canonical":"https:\/\/www.drazouz.com\/es\/crecimientos-y-lesiones-en-la-piel\/","og_locale":"es_ES","og_type":"article","og_title":"Crecimientos y Lesiones en la Piel | Azouz Cirug\u00eda Pl\u00e1stica y Est\u00e9tica","og_description":"El crecimiento de la piel se clasifica en muchas categor\u00edas diferentes y puede ocurrir a cualquier edadSigue leyendo","og_url":"https:\/\/www.drazouz.com\/es\/crecimientos-y-lesiones-en-la-piel\/","og_site_name":"Azouz Cirug\u00eda Pl\u00e1stica y Est\u00e9tica","article_modified_time":"2024-01-25T11:46:14+00:00","og_image":[{"url":"https:\/\/www.drazouz.com\/wp-content\/uploads\/2024\/01\/header-image012505-1.jpeg","type":"","width":"","height":""}],"twitter_card":"summary_large_image","twitter_image":"https:\/\/www.drazouz.com\/wp-content\/uploads\/2024\/01\/header-image012505-1.jpeg","twitter_misc":{"Tiempo de lectura":"2 minutos"},"schema":{"@context":"https:\/\/schema.org","@graph":[{"@type":"WebPage","@id":"https:\/\/www.drazouz.com\/es\/crecimientos-y-lesiones-en-la-piel\/","url":"https:\/\/www.drazouz.com\/es\/crecimientos-y-lesiones-en-la-piel\/","name":"Crecimientos y Lesiones en la Piel | Azouz Cirug\u00eda Pl\u00e1stica y Est\u00e9tica","isPartOf":{"@id":"https:\/\/www.drazouz.com\/es\/#website"},"primaryImageOfPage":{"@id":"https:\/\/www.drazouz.com\/es\/crecimientos-y-lesiones-en-la-piel\/#primaryimage"},"image":{"@id":"https:\/\/www.drazouz.com\/es\/crecimientos-y-lesiones-en-la-piel\/#primaryimage"},"thumbnailUrl":"https:\/\/www.drazouz.com\/wp-content\/uploads\/2024\/01\/header-image012505-1.jpeg","datePublished":"2022-07-27T19:21:47+00:00","dateModified":"2024-01-25T11:46:14+00:00","breadcrumb":{"@id":"https:\/\/www.drazouz.com\/es\/crecimientos-y-lesiones-en-la-piel\/#breadcrumb"},"inLanguage":"es","potentialAction":[{"@type":"ReadAction","target":["https:\/\/www.drazouz.com\/es\/crecimientos-y-lesiones-en-la-piel\/"]}]},{"@type":"ImageObject","inLanguage":"es","@id":"https:\/\/www.drazouz.com\/es\/crecimientos-y-lesiones-en-la-piel\/#primaryimage","url":"https:\/\/www.drazouz.com\/wp-content\/uploads\/2024\/01\/header-image012505-1.jpeg","contentUrl":"https:\/\/www.drazouz.com\/wp-content\/uploads\/2024\/01\/header-image012505-1.jpeg","width":1918,"height":815,"caption":"male doctor examining mole on back of woman"},{"@type":"BreadcrumbList","@id":"https:\/\/www.drazouz.com\/es\/crecimientos-y-lesiones-en-la-piel\/#breadcrumb","itemListElement":[{"@type":"ListItem","position":1,"name":"Home","item":"https:\/\/www.drazouz.com\/es\/"},{"@type":"ListItem","position":2,"name":"Procedimientos","item":"https:\/\/www.drazouz.com\/es\/procedimientos\/"},{"@type":"ListItem","position":3,"name":"Crecimientos y Lesiones en la Piel"}]},{"@type":"WebSite","@id":"https:\/\/www.drazouz.com\/es\/#website","url":"https:\/\/www.drazouz.com\/es\/","name":"Azouz Cirug\u00eda Pl\u00e1stica y Est\u00e9tica","description":"","potentialAction":[{"@type":"SearchAction","target":{"@type":"EntryPoint","urlTemplate":"https:\/\/www.drazouz.com\/es\/?s={search_term_string}"},"query-input":{"@type":"PropertyValueSpecification","valueRequired":true,"valueName":"search_term_string"}}],"inLanguage":"es"}]}},"_links":{"self":[{"href":"https:\/\/www.drazouz.com\/es\/wp-json\/wp\/v2\/pages\/11487","targetHints":{"allow":["GET"]}}],"collection":[{"href":"https:\/\/www.drazouz.com\/es\/wp-json\/wp\/v2\/pages"}],"about":[{"href":"https:\/\/www.drazouz.com\/es\/wp-json\/wp\/v2\/types\/page"}],"author":[{"embeddable":true,"href":"https:\/\/www.drazouz.com\/es\/wp-json\/wp\/v2\/users\/1"}],"replies":[{"embeddable":true,"href":"https:\/\/www.drazouz.com\/es\/wp-json\/wp\/v2\/comments?post=11487"}],"version-history":[{"count":4,"href":"https:\/\/www.drazouz.com\/es\/wp-json\/wp\/v2\/pages\/11487\/revisions"}],"predecessor-version":[{"id":11500,"href":"https:\/\/www.drazouz.com\/es\/wp-json\/wp\/v2\/pages\/11487\/revisions\/11500"}],"up":[{"embeddable":true,"href":"https:\/\/www.drazouz.com\/es\/wp-json\/wp\/v2\/pages\/8581"}],"wp:featuredmedia":[{"embeddable":true,"href":"https:\/\/www.drazouz.com\/es\/wp-json\/wp\/v2\/media\/11463"}],"wp:attachment":[{"href":"https:\/\/www.drazouz.com\/es\/wp-json\/wp\/v2\/media?parent=11487"}],"curies":[{"name":"wp","href":"https:\/\/api.w.org\/{rel}","templated":true}]}}