{"id":10888,"date":"2022-07-26T11:19:31","date_gmt":"2022-07-26T16:19:31","guid":{"rendered":"https:\/\/www.drazouz.com\/?page_id=10888"},"modified":"2025-04-10T15:09:19","modified_gmt":"2025-04-10T20:09:19","slug":"removal-of-axillary-breast-tissue","status":"publish","type":"page","link":"https:\/\/www.drazouz.com\/es\/extraccion-de-tejido-mamario-axilar\/","title":{"rendered":"Extracci\u00f3n de Tejido Mamario Axilar"},"content":{"rendered":"<p>Cuando la mayor\u00eda de las personas piensan en los senos, imaginan el tejido en la parte frontal del pecho. Aunque esa es la ubicaci\u00f3n normal, a veces el tejido mamario puede desarrollarse fuera del \u00e1rea mamaria normal. Conocido como tejido mamario axilar, a menudo se encuentra cerca de las axilas. La grasa en las axilas puede sobresalir por encima de un sujetador o un vestido sin tirantes y generalmente resulta poco atractiva para la mayor\u00eda de las personas. El cirujano pl\u00e1stico certificado en Dallas, el <a href=\"https:\/\/www.drazouz.com\/es\/meet-dr-solomon-azouz\/\">Dr. Solomon Azouz<\/a>, puede realizar la eliminaci\u00f3n del tejido mamario axilar y restaurar la apariencia del \u00e1rea de la axila.<\/p>\n<h2>Beneficios de la Eliminaci\u00f3n del Tejido Mamario Axilar<\/h2>\n<p><img loading=\"lazy\" decoding=\"async\" src=\"https:\/\/www.drazouz.com\/wp-content\/uploads\/2024\/03\/image-032104.jpeg\" alt=\"eliminaci\u00f3n de grasa de las axilas | liposucci\u00f3n de grasa de axila\" width=\"350\" height=\"234\" class=\"size-full wp-image-13388 alignright\" srcset=\"https:\/\/www.drazouz.com\/wp-content\/uploads\/2024\/03\/image-032104.jpeg 1024w, https:\/\/www.drazouz.com\/wp-content\/uploads\/2024\/03\/image-032104-300x200.jpeg 300w, https:\/\/www.drazouz.com\/wp-content\/uploads\/2024\/03\/image-032104-768x513.jpeg 768w\" sizes=\"auto, (max-width: 350px) 100vw, 350px\" \/>La apariencia grumosa del tejido mamario axilar puede afectar tu autoconfianza y cambiar el tipo de ropa que usas. Cubrir el \u00e1rea con ropa holgada puede disfrazar el \u00e1rea, pero tambi\u00e9n limita tu expresi\u00f3n personal y estilo. La eliminaci\u00f3n del tejido mamario denso ofrece m\u00faltiples beneficios, que incluyen:<\/p>\n<ul>\n<li>\nMayor Comodidad: El malestar f\u00edsico, como el roce o la irritaci\u00f3n por el roce de la prenda, puede reducirse eliminando el exceso de tejido mamario del \u00e1rea de la axila. Algunos pacientes tambi\u00e9n reportan mayor movilidad del brazo.<\/li>\n<li>\nEst\u00e9tica Mejorada: Al mejorar el contorno de la axila y eliminar el \u00abbulto del sujetador\u00bb, la eliminaci\u00f3n del tejido mamario axilar puede aumentar la autoconfianza.<\/li>\n<li>\nAjuste de la Ropa: Despu\u00e9s de la eliminaci\u00f3n del tejido mamario axilar, las personas encuentran m\u00e1s f\u00e1cil usar ciertas prendas, como camisetas ajustadas o tops sin mangas.\n<\/li>\n<\/ul>\n<h2>Cirug\u00eda de Eliminaci\u00f3n de Grasa en las Axilas en Dallas<\/h2>\n<p>El tejido mamario axilar se puede eliminar con liposucci\u00f3n y extirpaci\u00f3n directa. La liposucci\u00f3n es la opci\u00f3n preferida para cantidades peque\u00f1as a moderadas de tejido. El Dr. Azouz es un experto en liposucci\u00f3n y transferencia de grasa, y sus t\u00e9cnicas avanzadas proporcionan resultados excepcionales. El Dr. Azouz ofrece varias opciones para la eliminaci\u00f3n del tejido mamario axilar, adapt\u00e1ndose a las necesidades y preferencias individuales.<\/p>\n<p><strong>Liposucci\u00f3n<\/strong><\/p>\n<p>Un m\u00e9todo quir\u00fargico popular y menos invasivo para eliminar el tejido mamario de la axila es la liposucci\u00f3n. Durante la cirug\u00eda se realizan peque\u00f1as incisiones debajo de los brazos, y se introduce un c\u00e1nula, un tubo delgado, para eliminar el exceso de grasa. El cirujano pl\u00e1stico certificado, el Dr. Azouz, ha personalizado c\u00e1nulas que permiten una eliminaci\u00f3n de grasa m\u00e1s precisa con un m\u00ednimo malestar postoperatorio, hematomas e hinchaz\u00f3n. Las personas con laxitud cut\u00e1nea modesta y tejido mamario axilar principalmente graso son buenos candidatos para la liposucci\u00f3n.<\/p>\n<p><strong>Extirpaci\u00f3n Directa<\/strong><\/p>\n<p>En la mayor\u00eda de los casos, el Dr. Azouz puede recomendar una combinaci\u00f3n de liposucci\u00f3n con extirpaci\u00f3n de tejido mamario axilar glandular y piel sobrante. Despu\u00e9s de la liposucci\u00f3n, el Dr. Azouz eliminar\u00e1 cuidadosamente el tejido mamario axilar glandular. Una extirpaci\u00f3n directa puede mejorar el contorno y ayudar a remodelar la axila. El Dr. Azouz tambi\u00e9n puede recomendar la extirpaci\u00f3n de piel para tratar la piel fl\u00e1cida o suelta.<\/p>\n<p><img loading=\"lazy\" decoding=\"async\" src=\"https:\/\/www.drazouz.com\/wp-content\/uploads\/2024\/03\/image-032105.jpeg\" alt=\"extirpaci\u00f3n del tejido mamario axilar | cirug\u00eda de eliminaci\u00f3n de bulto del sost\u00e9n\" width=\"700\" height=\"554\" class=\"size-full wp-image-13390 aligncenter\" srcset=\"https:\/\/www.drazouz.com\/wp-content\/uploads\/2024\/03\/image-032105.jpeg 1024w, https:\/\/www.drazouz.com\/wp-content\/uploads\/2024\/03\/image-032105-300x238.jpeg 300w, https:\/\/www.drazouz.com\/wp-content\/uploads\/2024\/03\/image-032105-768x608.jpeg 768w\" sizes=\"auto, (max-width: 700px) 100vw, 700px\" \/><\/p>\n<h2>Anestesia para la Eliminaci\u00f3n del Tejido Mamario Axilar<\/h2>\n<p>El Dr. Azouz evita la anestesia general, que a menudo puede causar n\u00e1useas despu\u00e9s de la cirug\u00eda. En su lugar, se utiliza anestesia local combinada con sedaci\u00f3n para la liposucci\u00f3n de las axilas. Esto garantiza la seguridad y comodidad del paciente durante el procedimiento y puede ayudar con el dolor hasta 24 horas despu\u00e9s de la cirug\u00eda.<\/p>\n<h2>\u00bfCu\u00e1les son los riesgos de la eliminaci\u00f3n del tejido mamario axilar?<\/h2>\n<p>Al igual que con cualquier operaci\u00f3n quir\u00fargica, algunos riesgos pueden incluir sangrado, infecci\u00f3n, entumecimiento o hipersensibilidad. El cirujano pl\u00e1stico certificado, el Dr. Azouz, utiliza t\u00e9cnicas meticulosas para minimizar los riesgos de liposucci\u00f3n y extirpaci\u00f3n del tejido mamario axilar.<\/p>\n<h2>Recuperaci\u00f3n de la Eliminaci\u00f3n de Grasa en las Axilas<\/h2>\n<p>Algunos pacientes pueden experimentar molestias, hematomas e hinchaz\u00f3n despu\u00e9s de la extirpaci\u00f3n del tejido mamario axilar. Para fomentar la recuperaci\u00f3n y reducir las complicaciones, el cirujano pl\u00e1stico de Dallas, el Dr. Azouz, proporcionar\u00e1 consejos postoperatorios detallados. El Dr. Azouz recomendar\u00e1 prendas de compresi\u00f3n para minimizar los hematomas y la hinchaz\u00f3n. Esto tambi\u00e9n ayudar\u00e1 con la retracci\u00f3n de la piel despu\u00e9s de la liposucci\u00f3n. Despu\u00e9s de la cirug\u00eda, la mayor\u00eda de las personas pueden volver a sus actividades regulares en unos d\u00edas a una semana, aunque se debe evitar el ejercicio intenso durante algunas semanas.<br \/>\n<img loading=\"lazy\" decoding=\"async\" src=\"https:\/\/www.drazouz.com\/wp-content\/uploads\/2024\/03\/image-032103.jpeg\" alt=\"liposucci\u00f3n de axilas | cirugia de eliminacion de grasa de las axilas\" width=\"700\" height=\"467\" class=\"mt-4 size-full wp-image-13386 aligncenter\" srcset=\"https:\/\/www.drazouz.com\/wp-content\/uploads\/2024\/03\/image-032103.jpeg 1024w, https:\/\/www.drazouz.com\/wp-content\/uploads\/2024\/03\/image-032103-300x200.jpeg 300w, https:\/\/www.drazouz.com\/wp-content\/uploads\/2024\/03\/image-032103-768x512.jpeg 768w\" sizes=\"auto, (max-width: 700px) 100vw, 700px\" \/><\/p>\n<h2>Cirug\u00edas que se Pueden Combinar con la Liposucci\u00f3n de las Axilas<\/h2>\n<p>La extirpaci\u00f3n del tejido mamario axilar se puede combinar con otros procedimientos est\u00e9ticos como <a href=\"https:\/\/www.drazouz.com\/es\/breast-reduction\/\">reducci\u00f3n de senos<\/a>, <a href=\"https:\/\/www.drazouz.com\/es\/breast-augmentation\/\">aumento de senos<\/a>, <a href=\"https:\/\/www.drazouz.com\/es\/breast-lift\/\">elevaci\u00f3n de senos<\/a>, o <a href=\"https:\/\/www.drazouz.com\/es\/arm-lift\/\">braquioplastia<\/a>. Durante la cita inicial, el Dr. Azouz discutir\u00e1 posibles cirug\u00edas combinadas seg\u00fan las preocupaciones y objetivos de cada paciente. Dependiendo de los procedimientos combinados, el Dr. Azouz puede crear menos l\u00edneas de incisi\u00f3n para ayudar a disminuir las cicatrices despu\u00e9s de la cirug\u00eda.<\/p>\n<h2>Costo de la Liposucci\u00f3n de las Axilas<\/h2>\n<p>Los costos de la eliminaci\u00f3n del tejido mamario axilar pueden variar seg\u00fan varios factores, incluida la complejidad de la operaci\u00f3n, los costos de la anestesia y los costos de la instalaci\u00f3n quir\u00fargica. Durante la consulta, el Dr. Azouz proporcionar\u00e1 un <a href=\"https:\/\/www.drazouz.com\/es\/fees-insurance\/\">presupuesto personalizado<\/a> detallando cada aspecto del procedimiento.<\/p>\n<div class=\"row mt-3\">\n<div class=\"col-md-5 col-lg-4\"><table class=\"table mb-0\">\r\n  <caption class=\"h5 mb-0 mt-md-4\" style=\"caption-side: top; text-align: center; background-color: #c8daf0;\"><i class=\"fas fa-calendar-alt\" style=\"margin: 0;display: inline-block\"><\/i> Horario<\/caption>\r\n  <tbody style=\"line-height: 1; border: 1px solid #dee2e6;\">\r\n    <tr>\r\n      <th scope=\"row\">Lunes<\/th>\r\n      <td>9AM - 5PM<\/td>\r\n    <\/tr>\r\n    <tr>\r\n      <th scope=\"row\">Martes<\/th>\r\n      <td>9AM - 5PM<\/td>\r\n    <\/tr>\r\n    <tr>\r\n      <th scope=\"row\">Mi\u00e9rcoles<\/th>\r\n      <td>9AM - 5PM<\/td>\r\n    <\/tr>\r\n    <tr>\r\n      <th scope=\"row\">Jueves<\/th>\r\n      <td>9AM - 5PM<\/td>\r\n    <\/tr>\r\n    <tr>\r\n      <th scope=\"row\">Viernes<\/th>\r\n      <td>9AM - 5PM<\/td>\r\n    <\/tr>\r\n    <tr>\r\n      <th scope=\"row\">S\u00e1bado<\/th>\r\n      <td>Cerrado<\/td>\r\n    <\/tr>\r\n    <tr>\r\n      <th scope=\"row\">Domingo<\/th>\r\n      <td>Cerrado<\/td>\r\n    <\/tr>\r\n  <\/tbody>\r\n<\/table>\r\n<a href=\"https:\/\/www.drazouz.com\/es\/contact\/\" class=\"btn btn-blue w-100 btn-block\">Reservar Consulta<\/a><\/div>\n<div class=\"col-md-7 col-lg-8\">\n<h3>Programa tu Consulta con el Dr. Azouz<\/h3>\n<p>Si no est\u00e1s satisfecho con el exceso de tejido debajo de tus axilas y deseas eliminar la grasa de las axilas, <a href=\"https:\/\/www.drazouz.com\/es\/contact\/\">contacta a Azouz Plastic and Cosmetic Surgery en l\u00ednea<\/a> o ll\u00e1manos al <a href=\"tel:9727028888\" class=\"phone_anchor \" aria-label=\"ll\u00e1manos (972) 702-8888\">(972) 702-8888<\/a> para averiguar si la eliminaci\u00f3n del tejido mamario axilar es la soluci\u00f3n a tus preocupaciones. Durante tu consulta, el cirujano pl\u00e1stico certificado, el Dr. Azouz, crear\u00e1 un plan personalizado para alcanzar tus objetivos \u00fanicos. Las consultas se ofrecen tanto en persona en nuestra oficina de Dallas como virtualmente.\n<\/div>\n<\/div>\n<h3>Preguntas Frecuentes<\/h3>\n<dl id=\"faq-1\" class=\"flc-faq\"><dt id=\"l11\"><button class=\"card-header collapsed d-flex align-items-center w-100 text-left\" data-toggle=\"collapse\" data-target=\"#t11\" aria-expanded=\"false\" aria-controls=\"t11\"><i class=\"ml-1 fas fa-chevron-down\"><\/i> \u00bfEs dolorosa la cirug\u00eda de eliminaci\u00f3n del tejido mamario axilar?<\/button><\/dt><dd id=\"t11\" class=\"m-0 collapse\" aria-labelledby=\"l11\" aria-expanded=\"false\" data-parent=\"#faq-1\"><div class=\"card-body\"><p>El dolor se controla con anestesia durante el procedimiento. Los pacientes pueden experimentar molestias leves e hinchaz\u00f3n despu\u00e9s de la cirug\u00eda, que pueden aliviarse con medicamentos recetados.<\/p>\n<\/div><\/dd><dt id=\"l12\"><button class=\"card-header collapsed d-flex align-items-center w-100 text-left\" data-toggle=\"collapse\" data-target=\"#t12\" aria-expanded=\"false\" aria-controls=\"t12\"><i class=\"ml-1 fas fa-chevron-down\"><\/i> \u00bfHabr\u00e1 cicatrices visibles despu\u00e9s de la cirug\u00eda de eliminaci\u00f3n del tejido mamario axilar?<\/button><\/dt><dd id=\"t12\" class=\"m-0 collapse\" aria-labelledby=\"l12\" aria-expanded=\"false\" data-parent=\"#faq-1\"><div class=\"card-body\"><p>El cirujano pl\u00e1stico certificado, el Dr. Azouz, utiliza incisiones camufladas y busca minimizar las cicatrices. Por lo general, las cicatrices se vuelven menos visibles a medida que se desvanecen con el tiempo.<\/p>\n<\/div><\/dd><dt id=\"l13\"><button class=\"card-header collapsed d-flex align-items-center w-100 text-left\" data-toggle=\"collapse\" data-target=\"#t13\" aria-expanded=\"false\" aria-controls=\"t13\"><i class=\"ml-1 fas fa-chevron-down\"><\/i> \u00bfSon permanentes los resultados de la eliminaci\u00f3n del tejido mamario axilar?<\/button><\/dt><dd id=\"t13\" class=\"m-0 collapse\" aria-labelledby=\"l13\" aria-expanded=\"false\" data-parent=\"#faq-1\"><div class=\"card-body\"><p>Los resultados son duraderos, proporcionando una apariencia m\u00e1s contorneada en el \u00e1rea de la axila.<\/p>\n<\/div><\/dd><dt id=\"l14\"><button class=\"card-header collapsed d-flex align-items-center w-100 text-left\" data-toggle=\"collapse\" data-target=\"#t14\" aria-expanded=\"false\" aria-controls=\"t14\"><i class=\"ml-1 fas fa-chevron-down\"><\/i> \u00bfPuede la eliminaci\u00f3n del tejido mamario axilar ayudar con el dolor de axila durante los ciclos menstruales?<\/button><\/dt><dd id=\"t14\" class=\"m-0 collapse\" aria-labelledby=\"l14\" aria-expanded=\"false\" data-parent=\"#faq-1\"><div class=\"card-body\"><p>El dolor de axila durante los ciclos menstruales est\u00e1 asociado con cambios hormonales que estimulan el crecimiento del tejido mamario. Con la cirug\u00eda de eliminaci\u00f3n del tejido mamario axilar, este tejido mamario se elimina y, por lo tanto, puede aliviar el dolor de axila durante los ciclos menstruales.<\/p>\n<\/div><\/dd><dt id=\"l15\"><button class=\"card-header collapsed d-flex align-items-center w-100 text-left\" data-toggle=\"collapse\" data-target=\"#t15\" aria-expanded=\"false\" aria-controls=\"t15\"><i class=\"ml-1 fas fa-chevron-down\"><\/i> \u00bfDesaparece la grasa de la axila con el ejercicio?<\/button><\/dt><dd id=\"t15\" class=\"m-0 collapse\" aria-labelledby=\"l15\" aria-expanded=\"false\" data-parent=\"#faq-1\"><div class=\"card-body\"><p>Si bien el ejercicio puede ayudar a reducir la grasa, puede ser dif\u00edcil dirigirse espec\u00edficamente a la grasa de la axila durante los entrenamientos. Adem\u00e1s, el tejido mamario axilar no desaparecer\u00e1 con el ejercicio. El Dr. Azouz recomienda la liposucci\u00f3n con extirpaci\u00f3n directa para obtener resultados m\u00e1s permanentes.<\/p>\n<\/div><\/dd><dt id=\"l16\"><button class=\"card-header collapsed d-flex align-items-center w-100 text-left\" data-toggle=\"collapse\" data-target=\"#t16\" aria-expanded=\"false\" aria-controls=\"t16\"><i class=\"ml-1 fas fa-chevron-down\"><\/i> \u00bfPuede la grasa de la axila causar hidradenitis supurativa?<\/button><\/dt><dd id=\"t16\" class=\"m-0 collapse\" aria-labelledby=\"l16\" aria-expanded=\"false\" data-parent=\"#faq-1\"><div class=\"card-body\"><p>Los pliegues de piel excesiva en las axilas pueden aumentar el riesgo de infecciones cut\u00e1neas, incluida la <a href=\"https:\/\/www.drazouz.com\/es\/hidradenitis-suppurativa-treatment\/\">hidradenitis supurativa<\/a>. El Dr. Azouz puede recomendar una combinaci\u00f3n de tratamientos para ayudar tanto a los s\u00edntomas de la HS como a eliminar la piel suelta.<\/p>\n<\/div><\/dd><\/dl>\n","protected":false},"excerpt":{"rendered":"<p>Cuando la mayor\u00eda de las personas piensan en los senos, imaginan el tejido en la parte frontal<br \/><a href=\"https:\/\/www.drazouz.com\/es\/extraccion-de-tejido-mamario-axilar\/\" class=\"btn btn-blue mt-3\">Sigue leyendo<\/a><\/p>\n","protected":false},"author":1,"featured_media":8200,"parent":3795,"menu_order":0,"comment_status":"closed","ping_status":"closed","template":"template-builder.php","meta":{"_acf_changed":false,"footnotes":""},"class_list":["post-10888","page","type-page","status-publish","has-post-thumbnail"],"acf":[],"yoast_head":"<!-- This site is optimized with the Yoast SEO plugin v27.4 - https:\/\/yoast.com\/product\/yoast-seo-wordpress\/ -->\n<title>Extracci\u00f3n de Tejido Mamario Axilar | Azouz Cirug\u00eda Pl\u00e1stica y Est\u00e9tica<\/title>\n<meta name=\"robots\" content=\"index, follow, max-snippet:-1, max-image-preview:large, max-video-preview:-1\" \/>\n<link rel=\"canonical\" href=\"https:\/\/www.drazouz.com\/es\/extraccion-de-tejido-mamario-axilar\/\" \/>\n<meta property=\"og:locale\" content=\"es_ES\" \/>\n<meta property=\"og:type\" content=\"article\" \/>\n<meta property=\"og:title\" content=\"Extracci\u00f3n de Tejido Mamario Axilar | Azouz Cirug\u00eda Pl\u00e1stica y Est\u00e9tica\" \/>\n<meta property=\"og:description\" content=\"Cuando la mayor\u00eda de las personas piensan en los senos, imaginan el tejido en la parte frontalSigue leyendo\" \/>\n<meta property=\"og:url\" content=\"https:\/\/www.drazouz.com\/es\/extraccion-de-tejido-mamario-axilar\/\" \/>\n<meta property=\"og:site_name\" content=\"Azouz Cirug\u00eda Pl\u00e1stica y Est\u00e9tica\" \/>\n<meta property=\"article:modified_time\" content=\"2025-04-10T20:09:19+00:00\" \/>\n<meta property=\"og:image\" content=\"https:\/\/www.drazouz.com\/wp-content\/uploads\/2023\/12\/Axillary-Breast.jpg\" \/>\n<meta name=\"twitter:card\" content=\"summary_large_image\" \/>\n<meta name=\"twitter:image\" content=\"https:\/\/www.drazouz.com\/wp-content\/uploads\/2023\/12\/Axillary-Breast.jpg\" \/>\n<meta name=\"twitter:label1\" content=\"Tiempo de lectura\" \/>\n\t<meta name=\"twitter:data1\" content=\"5 minutos\" \/>\n<!-- \/ Yoast SEO plugin. -->","yoast_head_json":{"title":"Extracci\u00f3n de Tejido Mamario Axilar | Azouz Cirug\u00eda Pl\u00e1stica y Est\u00e9tica","robots":{"index":"index","follow":"follow","max-snippet":"max-snippet:-1","max-image-preview":"max-image-preview:large","max-video-preview":"max-video-preview:-1"},"canonical":"https:\/\/www.drazouz.com\/es\/extraccion-de-tejido-mamario-axilar\/","og_locale":"es_ES","og_type":"article","og_title":"Extracci\u00f3n de Tejido Mamario Axilar | Azouz Cirug\u00eda Pl\u00e1stica y Est\u00e9tica","og_description":"Cuando la mayor\u00eda de las personas piensan en los senos, imaginan el tejido en la parte frontalSigue leyendo","og_url":"https:\/\/www.drazouz.com\/es\/extraccion-de-tejido-mamario-axilar\/","og_site_name":"Azouz Cirug\u00eda Pl\u00e1stica y Est\u00e9tica","article_modified_time":"2025-04-10T20:09:19+00:00","og_image":[{"url":"https:\/\/www.drazouz.com\/wp-content\/uploads\/2023\/12\/Axillary-Breast.jpg","type":"","width":"","height":""}],"twitter_card":"summary_large_image","twitter_image":"https:\/\/www.drazouz.com\/wp-content\/uploads\/2023\/12\/Axillary-Breast.jpg","twitter_misc":{"Tiempo de lectura":"5 minutos"},"schema":{"@context":"https:\/\/schema.org","@graph":[{"@type":"WebPage","@id":"https:\/\/www.drazouz.com\/es\/extraccion-de-tejido-mamario-axilar\/","url":"https:\/\/www.drazouz.com\/es\/extraccion-de-tejido-mamario-axilar\/","name":"Extracci\u00f3n de Tejido Mamario Axilar | Azouz Cirug\u00eda Pl\u00e1stica y Est\u00e9tica","isPartOf":{"@id":"https:\/\/www.drazouz.com\/es\/#website"},"primaryImageOfPage":{"@id":"https:\/\/www.drazouz.com\/es\/extraccion-de-tejido-mamario-axilar\/#primaryimage"},"image":{"@id":"https:\/\/www.drazouz.com\/es\/extraccion-de-tejido-mamario-axilar\/#primaryimage"},"thumbnailUrl":"https:\/\/www.drazouz.com\/wp-content\/uploads\/2023\/12\/Axillary-Breast.jpg","datePublished":"2022-07-26T16:19:31+00:00","dateModified":"2025-04-10T20:09:19+00:00","breadcrumb":{"@id":"https:\/\/www.drazouz.com\/es\/extraccion-de-tejido-mamario-axilar\/#breadcrumb"},"inLanguage":"es","potentialAction":[{"@type":"ReadAction","target":["https:\/\/www.drazouz.com\/es\/extraccion-de-tejido-mamario-axilar\/"]}]},{"@type":"ImageObject","inLanguage":"es","@id":"https:\/\/www.drazouz.com\/es\/extraccion-de-tejido-mamario-axilar\/#primaryimage","url":"https:\/\/www.drazouz.com\/wp-content\/uploads\/2023\/12\/Axillary-Breast.jpg","contentUrl":"https:\/\/www.drazouz.com\/wp-content\/uploads\/2023\/12\/Axillary-Breast.jpg","width":1920,"height":820,"caption":"woman examining breast"},{"@type":"BreadcrumbList","@id":"https:\/\/www.drazouz.com\/es\/extraccion-de-tejido-mamario-axilar\/#breadcrumb","itemListElement":[{"@type":"ListItem","position":1,"name":"Home","item":"https:\/\/www.drazouz.com\/es\/"},{"@type":"ListItem","position":2,"name":"Procedimientos","item":"https:\/\/www.drazouz.com\/es\/procedimientos\/"},{"@type":"ListItem","position":3,"name":"Busto","item":"https:\/\/www.drazouz.com\/es\/breast\/"},{"@type":"ListItem","position":4,"name":"Extracci\u00f3n de Tejido Mamario Axilar"}]},{"@type":"WebSite","@id":"https:\/\/www.drazouz.com\/es\/#website","url":"https:\/\/www.drazouz.com\/es\/","name":"Azouz Cirug\u00eda Pl\u00e1stica y Est\u00e9tica","description":"","potentialAction":[{"@type":"SearchAction","target":{"@type":"EntryPoint","urlTemplate":"https:\/\/www.drazouz.com\/es\/?s={search_term_string}"},"query-input":{"@type":"PropertyValueSpecification","valueRequired":true,"valueName":"search_term_string"}}],"inLanguage":"es"}]}},"_links":{"self":[{"href":"https:\/\/www.drazouz.com\/es\/wp-json\/wp\/v2\/pages\/10888","targetHints":{"allow":["GET"]}}],"collection":[{"href":"https:\/\/www.drazouz.com\/es\/wp-json\/wp\/v2\/pages"}],"about":[{"href":"https:\/\/www.drazouz.com\/es\/wp-json\/wp\/v2\/types\/page"}],"author":[{"embeddable":true,"href":"https:\/\/www.drazouz.com\/es\/wp-json\/wp\/v2\/users\/1"}],"replies":[{"embeddable":true,"href":"https:\/\/www.drazouz.com\/es\/wp-json\/wp\/v2\/comments?post=10888"}],"version-history":[{"count":10,"href":"https:\/\/www.drazouz.com\/es\/wp-json\/wp\/v2\/pages\/10888\/revisions"}],"predecessor-version":[{"id":21585,"href":"https:\/\/www.drazouz.com\/es\/wp-json\/wp\/v2\/pages\/10888\/revisions\/21585"}],"up":[{"embeddable":true,"href":"https:\/\/www.drazouz.com\/es\/wp-json\/wp\/v2\/pages\/3795"}],"wp:featuredmedia":[{"embeddable":true,"href":"https:\/\/www.drazouz.com\/es\/wp-json\/wp\/v2\/media\/8200"}],"wp:attachment":[{"href":"https:\/\/www.drazouz.com\/es\/wp-json\/wp\/v2\/media?parent=10888"}],"curies":[{"name":"wp","href":"https:\/\/api.w.org\/{rel}","templated":true}]}}