{"id":10877,"date":"2023-07-05T16:19:58","date_gmt":"2023-07-05T21:19:58","guid":{"rendered":"https:\/\/www.drazouz.com\/?page_id=10877"},"modified":"2024-01-22T08:40:21","modified_gmt":"2024-01-22T13:40:21","slug":"poland-syndrome-en-mujeres","status":"publish","type":"page","link":"https:\/\/www.drazouz.com\/es\/cirugia-de-seno-para-el-sindrome-de-polonia\/","title":{"rendered":"Poland Syndrome en Mujeres"},"content":{"rendered":"<p>El S\u00edndrome de Poland es una condici\u00f3n rara caracterizada por el subdesarrollo o la ausencia de los m\u00fasculos pectorales en un lado del cuerpo. Puede afectar tanto a hombres como a mujeres. En mujeres, la reconstrucci\u00f3n generalmente implica corregir la deformidad con implantes mamarios, levantamiento de senos o injertos de grasa en el seno. La <a href=\"https:\/\/www.drazouz.com\/es\/breast\/\">cirug\u00eda correctiva<\/a> puede ser una opci\u00f3n para aquellos que buscan abordar las preocupaciones est\u00e9ticas asociadas con esta condici\u00f3n. El Dr. David y Solomon Azouz son cirujanos pl\u00e1sticos certificados, con sede en Dallas, especializados en cirug\u00eda de correcci\u00f3n del S\u00edndrome de Poland. Mujeres de todo Estados Unidos viajan a la cirug\u00eda pl\u00e1stica Azouz en Dallas para corregir deformidades en el pecho como el s\u00edndrome de Poland, deformidad pectus o asimetr\u00eda mamaria.<\/p>\n<h2>\u00bfQu\u00e9 es el S\u00edndrome de Poland?<\/h2>\n<p>El S\u00edndrome de Poland es una condici\u00f3n presente desde el nacimiento que se caracteriza por la ausencia o subdesarrollo de los m\u00fasculos pectorales en un lado del cuerpo. Tambi\u00e9n puede estar asociado con la ausencia o malformaci\u00f3n del seno y el pez\u00f3n, as\u00ed como deformidades en las costillas y las manos en el lado afectado. Aunque la causa exacta del S\u00edndrome de Poland es desconocida, se cree que se debe a un desarrollo anormal de la estructura embrionaria durante el embarazo.<br \/>\n<img loading=\"lazy\" decoding=\"async\" src=\"https:\/\/www.drazouz.com\/wp-content\/uploads\/2023\/07\/polands-syndrome-doctor.jpg\" alt=\"S\u00edndrome de Poland escrito en la libreta, un estetoscopio y medicamentos.\" width=\"812\" height=\"536\" class=\"aligncenter size-full wp-image-5663\" srcset=\"https:\/\/www.drazouz.com\/wp-content\/uploads\/2023\/07\/polands-syndrome-doctor.jpg 812w, https:\/\/www.drazouz.com\/wp-content\/uploads\/2023\/07\/polands-syndrome-doctor-300x198.jpg 300w, https:\/\/www.drazouz.com\/wp-content\/uploads\/2023\/07\/polands-syndrome-doctor-768x507.jpg 768w\" sizes=\"auto, (max-width: 812px) 100vw, 812px\" \/><\/p>\n<h2>\u00bfEs diferente el S\u00edndrome de Poland en hombres y mujeres?<\/h2>\n<p>El S\u00edndrome de Poland se manifiesta de manera diferente en mujeres que en hombres, y la gravedad de los s\u00edntomas puede variar. En mujeres, los s\u00edntomas comunes del S\u00edndrome de Poland incluyen el subdesarrollo o la ausencia de los m\u00fasculos pectorales en un lado del cuerpo, lo que resulta en asimetr\u00eda entre los senos y el pecho. Este subdesarrollo muscular puede dar como resultado un seno visiblemente m\u00e1s peque\u00f1o en el lado afectado, as\u00ed como un pez\u00f3n subdesarrollado o ausente. Adem\u00e1s, las mujeres con S\u00edndrome de Poland pueden tener deformidades en las costillas, como costillas acortadas o ausentes, lo que puede contribuir a una mayor asimetr\u00eda y un contorno tor\u00e1cico asim\u00e9trico. En algunos casos, pueden ocurrir anomal\u00edas en las manos, como webbing entre los dedos o dedos subdesarrollados, aunque estos s\u00edntomas son menos comunes.<br \/>\n<img decoding=\"async\" src=\"https:\/\/www.drazouz.com\/wp-content\/uploads\/2022\/08\/Pectus-7.jpg\" alt=\"Mujer con asimetr\u00eda mamaria causada por el S\u00edndrome de Poland.\" class=\"alignright\" width=\"500\" \/><br \/>\n<strong>Para mujeres:<\/strong><\/p>\n<ul>\n<li>Aumento de senos con implantes de silicona o salino<\/li>\n<li>Mastopexia (levantamiento de senos)<\/li>\n<li>Reducci\u00f3n o aumento de pez\u00f3n\/areola<\/li>\n<li>Liposucci\u00f3n<\/li>\n<li>Injerto de grasa<\/li>\n<li>Revisi\u00f3n de cicatrices<\/li>\n<\/ul>\n<h3>\u00bfPor qu\u00e9 las mujeres eligen el aumento de senos despu\u00e9s de la cirug\u00eda de estern\u00f3n\/costillas?<\/h3>\n<p>A menudo, las mujeres pueden tener deformidades mamarias concomitantes, incluyendo hipoplasia mamaria (senos peque\u00f1os) o asimetr\u00eda mamaria. Muchas mujeres encuentran que el aumento de senos despu\u00e9s de la colocaci\u00f3n o extracci\u00f3n de barras puede mejorar la apariencia y simetr\u00eda del pecho, y ocultar o disfrazar irregularidades en el contorno.<\/p>\n<h2>\u00bfQui\u00e9n es candidato para la cirug\u00eda del S\u00edndrome de Poland?<\/h2>\n<p><img loading=\"lazy\" decoding=\"async\" src=\"https:\/\/www.drazouz.com\/wp-content\/uploads\/2023\/07\/breast-asymmetry.jpg\" alt=\"Asimetr\u00eda mamaria femenina causada por el S\u00edndrome de Poland.\" width=\"400\" height=\"400\" class=\"alignright size-full wp-image-5665\" srcset=\"https:\/\/www.drazouz.com\/wp-content\/uploads\/2023\/07\/breast-asymmetry.jpg 400w, https:\/\/www.drazouz.com\/wp-content\/uploads\/2023\/07\/breast-asymmetry-300x300.jpg 300w, https:\/\/www.drazouz.com\/wp-content\/uploads\/2023\/07\/breast-asymmetry-192x192.jpg 192w, https:\/\/www.drazouz.com\/wp-content\/uploads\/2023\/07\/breast-asymmetry-32x32.jpg 32w\" sizes=\"auto, (max-width: 400px) 100vw, 400px\" \/>Las mujeres que experimentan angustia f\u00edsica y psicol\u00f3gica asociada con el S\u00edndrome de Poland pueden ser candidatas para la <a href=\"https:\/\/www.drazouz.com\/es\/blog\/how-do-i-know-which-breast-surgery-is-right-for-me\/\">cirug\u00eda correctiva<\/a>. Tambi\u00e9n pueden considerarse individuos con subdesarrollo muscular en un lado del pecho, asimetr\u00eda mamaria u otras deformidades asociadas. Algunas mujeres tendr\u00e1n una deformidad mamaria tubular, ca\u00edda o flacidez del seno junto con su S\u00edndrome de Poland. Los pacientes deben someterse a una evaluaci\u00f3n exhaustiva por un cirujano pl\u00e1stico calificado, como el Dr. Azouz, para determinar su idoneidad para la cirug\u00eda y discutir sus metas y expectativas. El Dr. Azouz ha ayudado a muchas mujeres con el S\u00edndrome de Poland, y el diagn\u00f3stico suele realizarse mediante una historia y examen f\u00edsico.<\/p>\n<h2>\u00bfCu\u00e1les son los beneficios de la cirug\u00eda para el S\u00edndrome de Poland?<\/h2>\n<p>Las mujeres con S\u00edndrome de Poland pueden beneficiarse de la cirug\u00eda correctiva, que mejora la simetr\u00eda y el equilibrio entre los senos y los m\u00fasculos pectorales. Pueden mejorar su autoestima e imagen corporal al abordar las deformidades f\u00edsicas causadas por el S\u00edndrome de Poland.<br \/>\n<img loading=\"lazy\" decoding=\"async\" src=\"https:\/\/www.drazouz.com\/wp-content\/uploads\/2023\/07\/breast-augmentation.jpg\" alt=\"Senos de una mujer antes y despu\u00e9s de la cirug\u00eda de aumento de senos.\" width=\"812\" height=\"335\" class=\"aligncenter size-full wp-image-5667\" srcset=\"https:\/\/www.drazouz.com\/wp-content\/uploads\/2023\/07\/breast-augmentation.jpg 812w, https:\/\/www.drazouz.com\/wp-content\/uploads\/2023\/07\/breast-augmentation-300x124.jpg 300w, https:\/\/www.drazouz.com\/wp-content\/uploads\/2023\/07\/breast-augmentation-768x317.jpg 768w\" sizes=\"auto, (max-width: 812px) 100vw, 812px\" \/><\/p>\n<h2>\u00bfEn qu\u00e9 consiste la cirug\u00eda de correcci\u00f3n del S\u00edndrome de Poland en mujeres?<\/h2>\n<p>El Dr. Azouz se especializa en la cirug\u00eda de correcci\u00f3n del S\u00edndrome de Poland en mujeres, utilizando t\u00e9cnicas quir\u00fargicas avanzadas para lograr los mejores resultados. El procedimiento espec\u00edfico var\u00eda seg\u00fan la condici\u00f3n \u00fanica de cada individuo, pero generalmente implica una combinaci\u00f3n de t\u00e9cnicas reconstructivas. Esto puede incluir aumento o reducci\u00f3n de senos, injerto de grasa, levantamiento de senos y correcci\u00f3n de deformidades en las manos. El Dr. Azouz adaptar\u00e1 el plan quir\u00fargico a las necesidades y resultados deseados de cada paciente.<\/p>\n<h2>\u00bfQu\u00e9 anestesia se utiliza para la cirug\u00eda del S\u00edndrome de Poland?<\/h2>\n<p>El Dr. Azouz se asegurar\u00e1 de que est\u00e9 c\u00f3moda durante la cirug\u00eda del S\u00edndrome de Poland. Utilizar\u00e1 anestesia local con sedaci\u00f3n para reducir la incomodidad, el sangrado y la ansiedad asociados con la cirug\u00eda del S\u00edndrome de Poland en Dallas.<\/p>\n<h2>\u00bfCu\u00e1les son los riesgos de la cirug\u00eda del S\u00edndrome de Poland?<\/h2>\n<p>La cirug\u00eda de correcci\u00f3n del S\u00edndrome de Poland, como cualquier procedimiento quir\u00fargico, tiene riesgos que incluyen infecci\u00f3n, sangrado, cicatrices, asimetr\u00eda, cambios en la sensaci\u00f3n del pez\u00f3n o seno, y insatisfacci\u00f3n. El Dr. Azouz reduce estos riesgos mediante diversas t\u00e9cnicas avanzadas y ofrece una atenci\u00f3n pre y postoperatoria integral para ayudar a los pacientes a recuperarse bien.<\/p>\n<h2>\u00bfCu\u00e1l es la recuperaci\u00f3n de la cirug\u00eda del S\u00edndrome de Poland?<\/h2>\n<p><img loading=\"lazy\" decoding=\"async\" src=\"https:\/\/www.drazouz.com\/wp-content\/uploads\/2023\/07\/breast-surgery-recovery.jpg\" alt=\"Mujer con sujetador de compresi\u00f3n quir\u00fargico para la recuperaci\u00f3n de la cirug\u00eda de aumento de senos.\" width=\"400\" height=\"366\" class=\"alignleft size-full wp-image-5669\" srcset=\"https:\/\/www.drazouz.com\/wp-content\/uploads\/2023\/07\/breast-surgery-recovery.jpg 400w, https:\/\/www.drazouz.com\/wp-content\/uploads\/2023\/07\/breast-surgery-recovery-300x275.jpg 300w\" sizes=\"auto, (max-width: 400px) 100vw, 400px\" \/>Para asegurar una recuperaci\u00f3n suave y exitosa de la cirug\u00eda correctiva del S\u00edndrome de Poland, se recomienda un enfoque integral y personalizado. El Dr. Azouz proporcionar\u00e1 instrucciones postoperatorias espec\u00edficas para cada paciente. Los pacientes pueden esperar cierta incomodidad, hinchaz\u00f3n y hematomas despu\u00e9s de la cirug\u00eda, que son normales y se pueden manejar con analg\u00e9sicos. El Dr. Azouz supervisar\u00e1 de cerca el proceso de curaci\u00f3n y programar\u00e1 citas de seguimiento regulares para evaluar los resultados y abordar cualquier problema que surja. Para promover una curaci\u00f3n \u00f3ptima, se dar\u00e1 a los pacientes consejos sobre vendajes y restricciones de actividad. En general, la mayor\u00eda de los pacientes pueden volver a realizar ejercicios intensos en seis semanas y ejercicios ligeros en dos o tres semanas. La experiencia y el compromiso del Dr. Azouz con la atenci\u00f3n al paciente brindar\u00e1n tranquilidad y apoyo durante todo el proceso de recuperaci\u00f3n. El objetivo del S\u00edndrome de Poland en mujeres es mejorar la simetr\u00eda mamaria y la confianza en uno mismo.<\/p>\n<h2>\u00bfSe pueden combinar otras cirug\u00edas con la cirug\u00eda del S\u00edndrome de Poland?<\/h2>\n<p>Dependiendo de las necesidades espec\u00edficas del paciente, se pueden combinar otros procedimientos quir\u00fargicos con la cirug\u00eda de correcci\u00f3n del S\u00edndrome de Poland para mejorar los resultados generales. Estos pueden incluir un <a href=\"https:\/\/www.drazouz.com\/es\/breast-lift\/\">levantamiento de senos<\/a>, <a href=\"https:\/\/www.drazouz.com\/es\/liposuction\/\">liposucci\u00f3n<\/a> o <a href=\"https:\/\/www.drazouz.com\/es\/tummy-tuck-in-dallas\/\">abdominoplastia (cirug\u00eda de abdomen)<\/a>. Combinar la cirug\u00eda del abdomen con la cirug\u00eda de senos a menudo se denomina \u00abmummy makeover\u00bb (cambio de imagen de mam\u00e1). El Dr. Azouz evaluar\u00e1 a cada paciente individualmente para determinar la mejor combinaci\u00f3n de procedimientos para lograr el resultado deseado.<\/p>\n<h2>\u00bfC\u00f3mo programar la cirug\u00eda del S\u00edndrome de Poland?<\/h2>\n<p>Si eres una mujer que sufre del S\u00edndrome de Poland y est\u00e1s considerando la cirug\u00eda correctiva, el Dr. Azouz en Dallas tiene un amplio conocimiento y experiencia en el tratamiento de esta condici\u00f3n. El Dr. Azouz puede guiarte a trav\u00e9s del proceso quir\u00fargico y ayudarte a lograr una apariencia m\u00e1s sim\u00e9trica y segura con su enfoque personalizado y su compromiso con la satisfacci\u00f3n del paciente. Llama al <a href=\"tel:9727028888\" class=\"phone_anchor \" aria-label=\"ll\u00e1manos (972) 702-8888\">(972) 702-8888<\/a> para <a href=\"https:\/\/www.drazouz.com\/es\/contact\/\">programar tu cita<\/a> con el Dr. Azouz para una consulta y averiguar si la cirug\u00eda correctiva del s\u00edndrome de Poland es la mejor opci\u00f3n para ti.<\/p>\n<h3>Preguntas frecuentes<\/h3>\n<dl id=\"faq-1\" class=\"flc-faq\"><dt id=\"l11\"><button class=\"card-header collapsed d-flex align-items-center w-100 text-left\" data-toggle=\"collapse\" data-target=\"#t11\" aria-expanded=\"false\" aria-controls=\"t11\"><i class=\"ml-1 fas fa-chevron-down\"><\/i> \u00bfLa cirug\u00eda de correcci\u00f3n del s\u00edndrome de Polonia es dolorosa?<\/button><\/dt><dd id=\"t11\" class=\"m-0 collapse\" aria-labelledby=\"l11\" aria-expanded=\"false\" data-parent=\"#faq-1\"><div class=\"card-body\"><p>Despu\u00e9s de la cirug\u00eda, es normal experimentar cierta incomodidad e hinchaz\u00f3n. El Dr. Azouz utiliza anestesia local y sedaci\u00f3n durante el procedimiento, lo que puede ayudar a controlar el dolor durante hasta 24 horas despu\u00e9s del procedimiento.<\/p>\n<\/div><\/dd><dt id=\"l12\"><button class=\"card-header collapsed d-flex align-items-center w-100 text-left\" data-toggle=\"collapse\" data-target=\"#t12\" aria-expanded=\"false\" aria-controls=\"t12\"><i class=\"ml-1 fas fa-chevron-down\"><\/i> \u00bfHabr\u00e1 cicatrices visibles despu\u00e9s de la cirug\u00eda de correcci\u00f3n del s\u00edndrome de Polonia?<\/button><\/dt><dd id=\"t12\" class=\"m-0 collapse\" aria-labelledby=\"l12\" aria-expanded=\"false\" data-parent=\"#faq-1\"><div class=\"card-body\"><p>El Dr. Azouz camufla las incisiones para minimizar las cicatrices en los procedimientos para el s\u00edndrome de Polonia.<\/p>\n<\/div><\/dd><dt id=\"l13\"><button class=\"card-header collapsed d-flex align-items-center w-100 text-left\" data-toggle=\"collapse\" data-target=\"#t13\" aria-expanded=\"false\" aria-controls=\"t13\"><i class=\"ml-1 fas fa-chevron-down\"><\/i> \u00bfSe puede realizar la cirug\u00eda de correcci\u00f3n del s\u00edndrome de Polonia tanto en el pecho como en la mano?<\/button><\/dt><dd id=\"t13\" class=\"m-0 collapse\" aria-labelledby=\"l13\" aria-expanded=\"false\" data-parent=\"#faq-1\"><div class=\"card-body\"><p>Para lograr una apariencia m\u00e1s equilibrada y sim\u00e9trica, la cirug\u00eda puede abordar tanto <a href=\"https:\/\/www.handsurgeonnearme.com\/\">la mano<\/a> como el pecho, dependiendo del grado de afectaci\u00f3n del s\u00edndrome de Polonia.<\/p>\n<\/div><\/dd><dt id=\"l14\"><button class=\"card-header collapsed d-flex align-items-center w-100 text-left\" data-toggle=\"collapse\" data-target=\"#t14\" aria-expanded=\"false\" aria-controls=\"t14\"><i class=\"ml-1 fas fa-chevron-down\"><\/i> \u00bfLos resultados de la cirug\u00eda de correcci\u00f3n del s\u00edndrome de Polonia son permanentes?<\/button><\/dt><dd id=\"t14\" class=\"m-0 collapse\" aria-labelledby=\"l14\" aria-expanded=\"false\" data-parent=\"#faq-1\"><div class=\"card-body\"><p>El objetivo es lograr resultados duraderos que proporcionen al pecho una apariencia m\u00e1s equilibrada y est\u00e9ticamente agradable.<\/p>\n<\/div><\/dd><dt id=\"l15\"><button class=\"card-header collapsed d-flex align-items-center w-100 text-left\" data-toggle=\"collapse\" data-target=\"#t15\" aria-expanded=\"false\" aria-controls=\"t15\"><i class=\"ml-1 fas fa-chevron-down\"><\/i> \u00bfCu\u00e1nto cuesta la cirug\u00eda de correcci\u00f3n del s\u00edndrome de Polonia?<\/button><\/dt><dd id=\"t15\" class=\"m-0 collapse\" aria-labelledby=\"l15\" aria-expanded=\"false\" data-parent=\"#faq-1\"><div class=\"card-body\"><p>El costo var\u00eda seg\u00fan la tarifa quir\u00fargica, la tarifa de anestesia, la tarifa de la instalaci\u00f3n y cualquier equipo necesario. Durante tu consulta, el Dr. Azouz proporcionar\u00e1 un presupuesto personalizado.<\/p>\n<\/div><\/dd><\/dl>\n","protected":false},"excerpt":{"rendered":"<p>El S\u00edndrome de Poland es una condici\u00f3n rara caracterizada por el subdesarrollo o la ausencia de los<br \/><a href=\"https:\/\/www.drazouz.com\/es\/cirugia-de-seno-para-el-sindrome-de-polonia\/\" class=\"btn btn-blue mt-3\">Sigue leyendo<\/a><\/p>\n","protected":false},"author":1,"featured_media":5662,"parent":3795,"menu_order":0,"comment_status":"closed","ping_status":"closed","template":"","meta":{"_acf_changed":false,"footnotes":""},"class_list":["post-10877","page","type-page","status-publish","has-post-thumbnail"],"acf":[],"yoast_head":"<!-- This site is optimized with the Yoast SEO plugin v26.6 - https:\/\/yoast.com\/wordpress\/plugins\/seo\/ -->\n<title>Poland Syndrome en Mujeres | Azouz Cirug\u00eda Pl\u00e1stica y Est\u00e9tica<\/title>\n<meta name=\"robots\" content=\"index, follow, max-snippet:-1, max-image-preview:large, max-video-preview:-1\" \/>\n<link rel=\"canonical\" href=\"https:\/\/www.drazouz.com\/es\/cirugia-de-seno-para-el-sindrome-de-polonia\/\" \/>\n<meta property=\"og:locale\" content=\"es_ES\" \/>\n<meta property=\"og:type\" content=\"article\" \/>\n<meta property=\"og:title\" content=\"Poland Syndrome en Mujeres | Azouz Cirug\u00eda Pl\u00e1stica y Est\u00e9tica\" \/>\n<meta property=\"og:description\" content=\"El S\u00edndrome de Poland es una condici\u00f3n rara caracterizada por el subdesarrollo o la ausencia de losSigue leyendo\" \/>\n<meta property=\"og:url\" content=\"https:\/\/www.drazouz.com\/es\/cirugia-de-seno-para-el-sindrome-de-polonia\/\" \/>\n<meta property=\"og:site_name\" content=\"Azouz Cirug\u00eda Pl\u00e1stica y Est\u00e9tica\" \/>\n<meta property=\"article:modified_time\" content=\"2024-01-22T13:40:21+00:00\" \/>\n<meta property=\"og:image\" content=\"https:\/\/www.drazouz.com\/wp-content\/uploads\/2023\/07\/poland-syndrome-women.jpg\" \/>\n<meta name=\"twitter:card\" content=\"summary_large_image\" \/>\n<meta name=\"twitter:image\" content=\"https:\/\/www.drazouz.com\/wp-content\/uploads\/2023\/07\/poland-syndrome-women.jpg\" \/>\n<meta name=\"twitter:label1\" content=\"Tiempo de lectura\" \/>\n\t<meta name=\"twitter:data1\" content=\"7 minutos\" \/>\n<!-- \/ Yoast SEO plugin. -->","yoast_head_json":{"title":"Poland Syndrome en Mujeres | Azouz Cirug\u00eda Pl\u00e1stica y Est\u00e9tica","robots":{"index":"index","follow":"follow","max-snippet":"max-snippet:-1","max-image-preview":"max-image-preview:large","max-video-preview":"max-video-preview:-1"},"canonical":"https:\/\/www.drazouz.com\/es\/cirugia-de-seno-para-el-sindrome-de-polonia\/","og_locale":"es_ES","og_type":"article","og_title":"Poland Syndrome en Mujeres | Azouz Cirug\u00eda Pl\u00e1stica y Est\u00e9tica","og_description":"El S\u00edndrome de Poland es una condici\u00f3n rara caracterizada por el subdesarrollo o la ausencia de losSigue leyendo","og_url":"https:\/\/www.drazouz.com\/es\/cirugia-de-seno-para-el-sindrome-de-polonia\/","og_site_name":"Azouz Cirug\u00eda Pl\u00e1stica y Est\u00e9tica","article_modified_time":"2024-01-22T13:40:21+00:00","og_image":[{"url":"https:\/\/www.drazouz.com\/wp-content\/uploads\/2023\/07\/poland-syndrome-women.jpg","type":"","width":"","height":""}],"twitter_card":"summary_large_image","twitter_image":"https:\/\/www.drazouz.com\/wp-content\/uploads\/2023\/07\/poland-syndrome-women.jpg","twitter_misc":{"Tiempo de lectura":"7 minutos"},"schema":{"@context":"https:\/\/schema.org","@graph":[{"@type":"WebPage","@id":"https:\/\/www.drazouz.com\/es\/cirugia-de-seno-para-el-sindrome-de-polonia\/","url":"https:\/\/www.drazouz.com\/es\/cirugia-de-seno-para-el-sindrome-de-polonia\/","name":"Poland Syndrome en Mujeres | Azouz Cirug\u00eda Pl\u00e1stica y Est\u00e9tica","isPartOf":{"@id":"https:\/\/www.drazouz.com\/es\/#website"},"primaryImageOfPage":{"@id":"https:\/\/www.drazouz.com\/es\/cirugia-de-seno-para-el-sindrome-de-polonia\/#primaryimage"},"image":{"@id":"https:\/\/www.drazouz.com\/es\/cirugia-de-seno-para-el-sindrome-de-polonia\/#primaryimage"},"thumbnailUrl":"https:\/\/www.drazouz.com\/wp-content\/uploads\/2023\/07\/poland-syndrome-women.jpg","datePublished":"2023-07-05T21:19:58+00:00","dateModified":"2024-01-22T13:40:21+00:00","breadcrumb":{"@id":"https:\/\/www.drazouz.com\/es\/cirugia-de-seno-para-el-sindrome-de-polonia\/#breadcrumb"},"inLanguage":"es","potentialAction":[{"@type":"ReadAction","target":["https:\/\/www.drazouz.com\/es\/cirugia-de-seno-para-el-sindrome-de-polonia\/"]}]},{"@type":"ImageObject","inLanguage":"es","@id":"https:\/\/www.drazouz.com\/es\/cirugia-de-seno-para-el-sindrome-de-polonia\/#primaryimage","url":"https:\/\/www.drazouz.com\/wp-content\/uploads\/2023\/07\/poland-syndrome-women.jpg","contentUrl":"https:\/\/www.drazouz.com\/wp-content\/uploads\/2023\/07\/poland-syndrome-women.jpg","width":1918,"height":815,"caption":"Surgeon holds silicone implant for breast augmentation. Restoration of the breast in women after partial or complete removal oncology concept"},{"@type":"BreadcrumbList","@id":"https:\/\/www.drazouz.com\/es\/cirugia-de-seno-para-el-sindrome-de-polonia\/#breadcrumb","itemListElement":[{"@type":"ListItem","position":1,"name":"Home","item":"https:\/\/www.drazouz.com\/es\/"},{"@type":"ListItem","position":2,"name":"Procedimientos","item":"https:\/\/www.drazouz.com\/es\/procedimientos\/"},{"@type":"ListItem","position":3,"name":"Busto","item":"https:\/\/www.drazouz.com\/es\/breast\/"},{"@type":"ListItem","position":4,"name":"Poland Syndrome en Mujeres"}]},{"@type":"WebSite","@id":"https:\/\/www.drazouz.com\/es\/#website","url":"https:\/\/www.drazouz.com\/es\/","name":"Azouz Cirug\u00eda Pl\u00e1stica y Est\u00e9tica","description":"","potentialAction":[{"@type":"SearchAction","target":{"@type":"EntryPoint","urlTemplate":"https:\/\/www.drazouz.com\/es\/?s={search_term_string}"},"query-input":{"@type":"PropertyValueSpecification","valueRequired":true,"valueName":"search_term_string"}}],"inLanguage":"es"}]}},"_links":{"self":[{"href":"https:\/\/www.drazouz.com\/es\/wp-json\/wp\/v2\/pages\/10877","targetHints":{"allow":["GET"]}}],"collection":[{"href":"https:\/\/www.drazouz.com\/es\/wp-json\/wp\/v2\/pages"}],"about":[{"href":"https:\/\/www.drazouz.com\/es\/wp-json\/wp\/v2\/types\/page"}],"author":[{"embeddable":true,"href":"https:\/\/www.drazouz.com\/es\/wp-json\/wp\/v2\/users\/1"}],"replies":[{"embeddable":true,"href":"https:\/\/www.drazouz.com\/es\/wp-json\/wp\/v2\/comments?post=10877"}],"version-history":[{"count":9,"href":"https:\/\/www.drazouz.com\/es\/wp-json\/wp\/v2\/pages\/10877\/revisions"}],"predecessor-version":[{"id":10920,"href":"https:\/\/www.drazouz.com\/es\/wp-json\/wp\/v2\/pages\/10877\/revisions\/10920"}],"up":[{"embeddable":true,"href":"https:\/\/www.drazouz.com\/es\/wp-json\/wp\/v2\/pages\/3795"}],"wp:featuredmedia":[{"embeddable":true,"href":"https:\/\/www.drazouz.com\/es\/wp-json\/wp\/v2\/media\/5662"}],"wp:attachment":[{"href":"https:\/\/www.drazouz.com\/es\/wp-json\/wp\/v2\/media?parent=10877"}],"curies":[{"name":"wp","href":"https:\/\/api.w.org\/{rel}","templated":true}]}}