{"id":10605,"date":"2022-07-27T15:11:25","date_gmt":"2022-07-27T20:11:25","guid":{"rendered":"https:\/\/www.drazouz.com\/?page_id=10605"},"modified":"2024-01-03T13:14:31","modified_gmt":"2024-01-03T18:14:31","slug":"pecho-de-hombre-a-mujer","status":"publish","type":"page","link":"https:\/\/www.drazouz.com\/es\/cirugia-de-pecho-de-hombre-a-mujer.\/","title":{"rendered":"Pecho de Hombre a Mujer"},"content":{"rendered":"<p>Cuando eres una mujer trans, la terapia con estr\u00f3genos puede llevar al desarrollo de senos peque\u00f1os. Mientras que este tama\u00f1o es ideal para algunas mujeres transicionales, para otras, su identidad est\u00e1 vinculada a un tama\u00f1o de busto m\u00e1s grande. Ninguna elecci\u00f3n es incorrecta, y el objetivo de la cirug\u00eda trans femenina es cambiar los rasgos de g\u00e9nero externos que no se alinean con tu identidad de g\u00e9nero personal. Tus preferencias y elecciones no tienen que ser las mismas que las de otra persona. Con compasi\u00f3n y comprensi\u00f3n, el Dr. Azouz de la cirug\u00eda pl\u00e1stica y est\u00e9tica Azouz puede guiarte a trav\u00e9s de tu transici\u00f3n con la <a href=\"https:\/\/www.drazouz.com\/es\/transgender-top-surgery\/\">cirug\u00eda superior MTF<\/a> en Dallas, TX.<\/p>\n<h2>Cirug\u00eda Superior MTF en Dallas<\/h2>\n<p>El Dr. Azouz cuenta con d\u00e9cadas de experiencia en cirug\u00edas pl\u00e1sticas y reconstructivas, y comprende c\u00f3mo la apariencia y la identidad est\u00e1n entrelazadas. Cuando tu apariencia externa no coincide con tu verdadera identidad, puede tener efectos devastadores en tu autoimagen, autoestima y sentido de pertenencia.<\/p>\n<p>Ayudarte a sentirte lo mejor posible significa que eres una parte esencial del proceso de toma de decisiones. En tu consulta, tendr\u00e1s la oportunidad de comunicar tus objetivos quir\u00fargicos y preferencias est\u00e9ticas. El Dr. Azouz escuchar\u00e1 tus deseos e inquietudes y ofrecer\u00e1 su consejo experto sobre c\u00f3mo la cirug\u00eda superior MTF puede satisfacer tus necesidades.<\/p>\n<p>El Dr. Azouz es muy solicitado por sus habilidades t\u00e9cnicas y su destreza art\u00edstica. Las personas viajan desde todo Estados Unidos y otros pa\u00edses por su experiencia. Con todas sus cirug\u00edas, se compromete a cumplir los objetivos del paciente manteniendo una apariencia natural. Con la cirug\u00eda superior MTF, es importante entender que los implantes deben ser c\u00f3modos y encajar naturalmente en el espacio disponible. Las mujeres trans tienen menos piel en el \u00e1rea del pecho, y aunque un implante m\u00e1s grande puede funcionar bien con tus proporciones, pueden ser necesarios pasos adicionales antes de someterse a la cirug\u00eda superior. El Dr. Azouz trabajar\u00e1 estrechamente contigo para crear un escote hermoso y natural que te permita vivir con libertad de identidad y autoconfianza.<\/p>\n<h2>Conf\u00eda en Azouz Plastic and Cosmetic Surgery<\/h2>\n<p>El Dr. Azouz es un cirujano pl\u00e1stico certificado por la junta con m\u00e1s de 30 a\u00f1os de experiencia. Fue el ex jefe de cirug\u00eda pl\u00e1stica en Medical City Dallas y se ha ganado el respeto de sus pacientes y colegas por sus t\u00e9cnicas y resultados excepcionales.<\/p>\n<p>El Dr. Azouz entiende que la cirug\u00eda superior MTF es un procedimiento positivo y que cambia la vida, que va m\u00e1s all\u00e1 de las alteraciones cosm\u00e9ticas. Est\u00e1 aqu\u00ed para ofrecer orientaci\u00f3n, tranquilidad y sus habilidades excepcionales para tu cirug\u00eda de afirmaci\u00f3n de g\u00e9nero. <a href=\"https:\/\/www.drazouz.com\/es\/contact\/\">Contacta con Azouz Plastic and Cosmetic Surgery<\/a> para programar tu consulta de cirug\u00eda superior MTF en nuestra oficina acogedora e inclusiva.<\/p>\n","protected":false},"excerpt":{"rendered":"<p>Cuando eres una mujer trans, la terapia con estr\u00f3genos puede llevar al desarrollo de senos peque\u00f1os. Mientras<br \/><a href=\"https:\/\/www.drazouz.com\/es\/cirugia-de-pecho-de-hombre-a-mujer.\/\" class=\"btn btn-blue mt-3\">Sigue leyendo<\/a><\/p>\n","protected":false},"author":1,"featured_media":11446,"parent":10596,"menu_order":0,"comment_status":"closed","ping_status":"closed","template":"","meta":{"_acf_changed":false,"footnotes":""},"class_list":["post-10605","page","type-page","status-publish","has-post-thumbnail"],"acf":[],"yoast_head":"<!-- This site is optimized with the Yoast SEO plugin v27.4 - https:\/\/yoast.com\/product\/yoast-seo-wordpress\/ -->\n<title>Pecho de Hombre a Mujer | Azouz Cirug\u00eda Pl\u00e1stica y Est\u00e9tica<\/title>\n<meta name=\"robots\" content=\"index, follow, max-snippet:-1, max-image-preview:large, max-video-preview:-1\" \/>\n<link rel=\"canonical\" href=\"https:\/\/www.drazouz.com\/es\/cirugia-de-pecho-de-hombre-a-mujer.\/\" \/>\n<meta property=\"og:locale\" content=\"es_ES\" \/>\n<meta property=\"og:type\" content=\"article\" \/>\n<meta property=\"og:title\" content=\"Pecho de Hombre a Mujer | Azouz Cirug\u00eda Pl\u00e1stica y Est\u00e9tica\" \/>\n<meta property=\"og:description\" content=\"Cuando eres una mujer trans, la terapia con estr\u00f3genos puede llevar al desarrollo de senos peque\u00f1os. MientrasSigue leyendo\" \/>\n<meta property=\"og:url\" content=\"https:\/\/www.drazouz.com\/es\/cirugia-de-pecho-de-hombre-a-mujer.\/\" \/>\n<meta property=\"og:site_name\" content=\"Azouz Cirug\u00eda Pl\u00e1stica y Est\u00e9tica\" \/>\n<meta property=\"article:modified_time\" content=\"2024-01-03T18:14:31+00:00\" \/>\n<meta property=\"og:image\" content=\"https:\/\/www.drazouz.com\/wp-content\/uploads\/2024\/01\/header-image012502.jpeg\" \/>\n<meta name=\"twitter:card\" content=\"summary_large_image\" \/>\n<meta name=\"twitter:image\" content=\"https:\/\/www.drazouz.com\/wp-content\/uploads\/2024\/01\/header-image012502.jpeg\" \/>\n<meta name=\"twitter:label1\" content=\"Tiempo de lectura\" \/>\n\t<meta name=\"twitter:data1\" content=\"2 minutos\" \/>\n<!-- \/ Yoast SEO plugin. -->","yoast_head_json":{"title":"Pecho de Hombre a Mujer | Azouz Cirug\u00eda Pl\u00e1stica y Est\u00e9tica","robots":{"index":"index","follow":"follow","max-snippet":"max-snippet:-1","max-image-preview":"max-image-preview:large","max-video-preview":"max-video-preview:-1"},"canonical":"https:\/\/www.drazouz.com\/es\/cirugia-de-pecho-de-hombre-a-mujer.\/","og_locale":"es_ES","og_type":"article","og_title":"Pecho de Hombre a Mujer | Azouz Cirug\u00eda Pl\u00e1stica y Est\u00e9tica","og_description":"Cuando eres una mujer trans, la terapia con estr\u00f3genos puede llevar al desarrollo de senos peque\u00f1os. MientrasSigue leyendo","og_url":"https:\/\/www.drazouz.com\/es\/cirugia-de-pecho-de-hombre-a-mujer.\/","og_site_name":"Azouz Cirug\u00eda Pl\u00e1stica y Est\u00e9tica","article_modified_time":"2024-01-03T18:14:31+00:00","og_image":[{"url":"https:\/\/www.drazouz.com\/wp-content\/uploads\/2024\/01\/header-image012502.jpeg","type":"","width":"","height":""}],"twitter_card":"summary_large_image","twitter_image":"https:\/\/www.drazouz.com\/wp-content\/uploads\/2024\/01\/header-image012502.jpeg","twitter_misc":{"Tiempo de lectura":"2 minutos"},"schema":{"@context":"https:\/\/schema.org","@graph":[{"@type":"WebPage","@id":"https:\/\/www.drazouz.com\/es\/cirugia-de-pecho-de-hombre-a-mujer.\/","url":"https:\/\/www.drazouz.com\/es\/cirugia-de-pecho-de-hombre-a-mujer.\/","name":"Pecho de Hombre a Mujer | Azouz Cirug\u00eda Pl\u00e1stica y Est\u00e9tica","isPartOf":{"@id":"https:\/\/www.drazouz.com\/es\/#website"},"primaryImageOfPage":{"@id":"https:\/\/www.drazouz.com\/es\/cirugia-de-pecho-de-hombre-a-mujer.\/#primaryimage"},"image":{"@id":"https:\/\/www.drazouz.com\/es\/cirugia-de-pecho-de-hombre-a-mujer.\/#primaryimage"},"thumbnailUrl":"https:\/\/www.drazouz.com\/wp-content\/uploads\/2024\/01\/header-image012502.jpeg","datePublished":"2022-07-27T20:11:25+00:00","dateModified":"2024-01-03T18:14:31+00:00","breadcrumb":{"@id":"https:\/\/www.drazouz.com\/es\/cirugia-de-pecho-de-hombre-a-mujer.\/#breadcrumb"},"inLanguage":"es","potentialAction":[{"@type":"ReadAction","target":["https:\/\/www.drazouz.com\/es\/cirugia-de-pecho-de-hombre-a-mujer.\/"]}]},{"@type":"ImageObject","inLanguage":"es","@id":"https:\/\/www.drazouz.com\/es\/cirugia-de-pecho-de-hombre-a-mujer.\/#primaryimage","url":"https:\/\/www.drazouz.com\/wp-content\/uploads\/2024\/01\/header-image012502.jpeg","contentUrl":"https:\/\/www.drazouz.com\/wp-content\/uploads\/2024\/01\/header-image012502.jpeg","width":1918,"height":815,"caption":"Male to Female Chest Surgery"},{"@type":"BreadcrumbList","@id":"https:\/\/www.drazouz.com\/es\/cirugia-de-pecho-de-hombre-a-mujer.\/#breadcrumb","itemListElement":[{"@type":"ListItem","position":1,"name":"Home","item":"https:\/\/www.drazouz.com\/es\/"},{"@type":"ListItem","position":2,"name":"Procedimientos","item":"https:\/\/www.drazouz.com\/es\/procedimientos\/"},{"@type":"ListItem","position":3,"name":"Transg\u00e9nero","item":"https:\/\/www.drazouz.com\/es\/cirugia-superior-transgenero\/"},{"@type":"ListItem","position":4,"name":"Pecho de Hombre a Mujer"}]},{"@type":"WebSite","@id":"https:\/\/www.drazouz.com\/es\/#website","url":"https:\/\/www.drazouz.com\/es\/","name":"Azouz Cirug\u00eda Pl\u00e1stica y Est\u00e9tica","description":"","potentialAction":[{"@type":"SearchAction","target":{"@type":"EntryPoint","urlTemplate":"https:\/\/www.drazouz.com\/es\/?s={search_term_string}"},"query-input":{"@type":"PropertyValueSpecification","valueRequired":true,"valueName":"search_term_string"}}],"inLanguage":"es"}]}},"_links":{"self":[{"href":"https:\/\/www.drazouz.com\/es\/wp-json\/wp\/v2\/pages\/10605","targetHints":{"allow":["GET"]}}],"collection":[{"href":"https:\/\/www.drazouz.com\/es\/wp-json\/wp\/v2\/pages"}],"about":[{"href":"https:\/\/www.drazouz.com\/es\/wp-json\/wp\/v2\/types\/page"}],"author":[{"embeddable":true,"href":"https:\/\/www.drazouz.com\/es\/wp-json\/wp\/v2\/users\/1"}],"replies":[{"embeddable":true,"href":"https:\/\/www.drazouz.com\/es\/wp-json\/wp\/v2\/comments?post=10605"}],"version-history":[{"count":3,"href":"https:\/\/www.drazouz.com\/es\/wp-json\/wp\/v2\/pages\/10605\/revisions"}],"predecessor-version":[{"id":10611,"href":"https:\/\/www.drazouz.com\/es\/wp-json\/wp\/v2\/pages\/10605\/revisions\/10611"}],"up":[{"embeddable":true,"href":"https:\/\/www.drazouz.com\/es\/wp-json\/wp\/v2\/pages\/10596"}],"wp:featuredmedia":[{"embeddable":true,"href":"https:\/\/www.drazouz.com\/es\/wp-json\/wp\/v2\/media\/11446"}],"wp:attachment":[{"href":"https:\/\/www.drazouz.com\/es\/wp-json\/wp\/v2\/media?parent=10605"}],"curies":[{"name":"wp","href":"https:\/\/api.w.org\/{rel}","templated":true}]}}