{"id":10601,"date":"2022-07-27T15:08:54","date_gmt":"2022-07-27T20:08:54","guid":{"rendered":"https:\/\/www.drazouz.com\/?page_id=10601"},"modified":"2025-12-17T15:51:26","modified_gmt":"2025-12-17T20:51:26","slug":"pecho-de-mujer-a-hombre","status":"publish","type":"page","link":"https:\/\/www.drazouz.com\/es\/cirugia-de-pecho-de-mujer-a-hombre\/","title":{"rendered":"Pecho de Mujer a Hombre"},"content":{"rendered":"<p>Cuando tu identidad de g\u00e9nero es transmasculina, los senos femeninos con los que naciste pueden ser un recordatorio constante de que quien eres no coincide con tu apariencia externa. La <a title=\"Dallas TX Transgender Top Surgery\" href=\"https:\/\/www.drazouz.com\/transgender-top-surgery\/\"><em><strong>transici\u00f3n a un pecho masculino<\/strong><\/em><\/a> puede aliviar esta angustia y mejorar los sentimientos de disforia de g\u00e9nero y ansiedad social. Tambi\u00e9n elimina la necesidad de usar constantemente vendajes en el pecho, que no solo son inc\u00f3modos sino que tambi\u00e9n pueden ser perjudiciales para tu bienestar. Con compasi\u00f3n y comprensi\u00f3n, Azouz Plastic and Cosmetic Surgery te da la bienvenida a su pr\u00e1ctica inclusiva. Como uno de los cirujanos m\u00e1s solicitados en Texas, el Dr. Azouz trata a pacientes de todo el mundo y ofrece apoyo y orientaci\u00f3n para tu cirug\u00eda superior FTM.<\/p>\n<h2>\u00bfQu\u00e9 es la Cirug\u00eda Superior FTM?<\/h2>\n<p>La cirug\u00eda superior de mujer a hombre elimina los senos femeninos, permiti\u00e9ndote presentar las caracter\u00edsticas masculinas que se alinean con tu identidad de g\u00e9nero. El pecho masculinizado ser\u00e1 plano y contorneado, con un aspecto natural. El Dr. Azouz, exjefe de Cirug\u00eda Pl\u00e1stica en Medical City Dallas, es un cirujano pl\u00e1stico con formaci\u00f3n avanzada y certificaci\u00f3n de la junta, y cuenta con d\u00e9cadas de experiencia en cirug\u00eda pl\u00e1stica y reconstructiva. Sus habilidades quir\u00fargicas y sus resultados sobresalientes y naturales le han valido el respeto de sus pacientes y colegas.<\/p>\n<p>Despu\u00e9s de una historia m\u00e9dica exhaustiva y una evaluaci\u00f3n de tu pecho, el Dr. Azouz puede guiarte a trav\u00e9s de tus opciones quir\u00fargicas, ya que eres una parte integral del proceso de toma de decisiones. El Dr. Azouz entiende que ninguna cirug\u00eda superior FTM es id\u00e9ntica, y tus objetivos para la cirug\u00eda ser\u00e1n diferentes de los de otra persona. Se tomar\u00e1 el tiempo necesario para escuchar realmente tus inquietudes y responder a tus preguntas. Tus deseos est\u00e9ticos se tendr\u00e1n en cuenta al seleccionar las t\u00e9cnicas quir\u00fargicas para obtener el resultado m\u00e1s natural.<\/p>\n<h3>Elimina el Vendaje con la Cirug\u00eda Superior FTM en Dallas<\/h3>\n<p>Si actualmente utilizas vendajes en el pecho de manera regular, considerar la cirug\u00eda superior FTM puede proteger tu salud f\u00edsica y mejorar tu autoimagen. El vendaje a largo plazo puede da\u00f1ar los peque\u00f1os vasos sangu\u00edneos del pecho y aumentar el riesgo de co\u00e1gulos sangu\u00edneos. La compresi\u00f3n constante y ajustada en tu columna vertebral puede causar dolor de espalda o incluso da\u00f1ar tu sistema nervioso. Un vendaje apretado tambi\u00e9n puede ejercer suficiente presi\u00f3n sobre las costillas como para correr el riesgo de fractura, lo que conlleva complicaciones adicionales. La cirug\u00eda superior FTM es una soluci\u00f3n mejor y permanente, y una que realmente masculinizar\u00e1 tu apariencia.<\/p>\n<p>Antes de tu consulta y en los d\u00edas previos a la cirug\u00eda, es probable que experimentes una mezcla de alivio y aprensi\u00f3n. Esta es una reacci\u00f3n normal a cualquier cirug\u00eda y se amplifica cuando el procedimiento resultar\u00e1 en una experiencia que cambiar\u00e1 tu vida. Puedes hacer preguntas y solicitar tranquilidad en cualquier momento de tu viaje. La cirug\u00eda superior FTM es un procedimiento positivo y transformador que te permite vivir tu vida de manera mucho m\u00e1s libre y con gran confianza en ti mismo.<\/p>\n<p>La cirug\u00eda superior FTM es una decisi\u00f3n personal y mereces un cirujano altamente calificado que comprenda la importancia del procedimiento m\u00e1s all\u00e1 de una perspectiva cosm\u00e9tica. <a title=\"Contact Azouz Cosmetic &amp; Plastic Surgery in Dallas TX\" href=\"https:\/\/www.drazouz.com\/es\/contact\/\"><em><strong>Contacta con Azouz Plastic and Cosmetic Surgery<\/strong><\/em><\/a> hoy para programar tu consulta de cirug\u00eda superior FTM.<\/p>\n","protected":false},"excerpt":{"rendered":"<p>Cuando tu identidad de g\u00e9nero es transmasculina, los senos femeninos con los que naciste pueden ser un<br \/><a href=\"https:\/\/www.drazouz.com\/es\/cirugia-de-pecho-de-mujer-a-hombre\/\" class=\"btn btn-blue mt-3\">Sigue leyendo<\/a><\/p>\n","protected":false},"author":1,"featured_media":11444,"parent":10596,"menu_order":0,"comment_status":"closed","ping_status":"closed","template":"template-builder.php","meta":{"_acf_changed":false,"footnotes":""},"class_list":["post-10601","page","type-page","status-publish","has-post-thumbnail"],"acf":[],"yoast_head":"<!-- This site is optimized with the Yoast SEO plugin v27.4 - https:\/\/yoast.com\/product\/yoast-seo-wordpress\/ -->\n<title>Pecho de Mujer a Hombre | Azouz Cirug\u00eda Pl\u00e1stica y Est\u00e9tica<\/title>\n<meta name=\"robots\" content=\"index, follow, max-snippet:-1, max-image-preview:large, max-video-preview:-1\" \/>\n<link rel=\"canonical\" href=\"https:\/\/www.drazouz.com\/es\/cirugia-de-pecho-de-mujer-a-hombre\/\" \/>\n<meta property=\"og:locale\" content=\"es_ES\" \/>\n<meta property=\"og:type\" content=\"article\" \/>\n<meta property=\"og:title\" content=\"Pecho de Mujer a Hombre | Azouz Cirug\u00eda Pl\u00e1stica y Est\u00e9tica\" \/>\n<meta property=\"og:description\" content=\"Cuando tu identidad de g\u00e9nero es transmasculina, los senos femeninos con los que naciste pueden ser unSigue leyendo\" \/>\n<meta property=\"og:url\" content=\"https:\/\/www.drazouz.com\/es\/cirugia-de-pecho-de-mujer-a-hombre\/\" \/>\n<meta property=\"og:site_name\" content=\"Azouz Cirug\u00eda Pl\u00e1stica y Est\u00e9tica\" \/>\n<meta property=\"article:modified_time\" content=\"2025-12-17T20:51:26+00:00\" \/>\n<meta property=\"og:image\" content=\"https:\/\/www.drazouz.com\/wp-content\/uploads\/2024\/01\/header-image012501-1.jpeg\" \/>\n<meta name=\"twitter:card\" content=\"summary_large_image\" \/>\n<meta name=\"twitter:image\" content=\"https:\/\/www.drazouz.com\/wp-content\/uploads\/2024\/01\/header-image012501-1.jpeg\" \/>\n<meta name=\"twitter:label1\" content=\"Tiempo de lectura\" \/>\n\t<meta name=\"twitter:data1\" content=\"3 minutos\" \/>\n<!-- \/ Yoast SEO plugin. -->","yoast_head_json":{"title":"Pecho de Mujer a Hombre | Azouz Cirug\u00eda Pl\u00e1stica y Est\u00e9tica","robots":{"index":"index","follow":"follow","max-snippet":"max-snippet:-1","max-image-preview":"max-image-preview:large","max-video-preview":"max-video-preview:-1"},"canonical":"https:\/\/www.drazouz.com\/es\/cirugia-de-pecho-de-mujer-a-hombre\/","og_locale":"es_ES","og_type":"article","og_title":"Pecho de Mujer a Hombre | Azouz Cirug\u00eda Pl\u00e1stica y Est\u00e9tica","og_description":"Cuando tu identidad de g\u00e9nero es transmasculina, los senos femeninos con los que naciste pueden ser unSigue leyendo","og_url":"https:\/\/www.drazouz.com\/es\/cirugia-de-pecho-de-mujer-a-hombre\/","og_site_name":"Azouz Cirug\u00eda Pl\u00e1stica y Est\u00e9tica","article_modified_time":"2025-12-17T20:51:26+00:00","og_image":[{"url":"https:\/\/www.drazouz.com\/wp-content\/uploads\/2024\/01\/header-image012501-1.jpeg","type":"","width":"","height":""}],"twitter_card":"summary_large_image","twitter_image":"https:\/\/www.drazouz.com\/wp-content\/uploads\/2024\/01\/header-image012501-1.jpeg","twitter_misc":{"Tiempo de lectura":"3 minutos"},"schema":{"@context":"https:\/\/schema.org","@graph":[{"@type":"WebPage","@id":"https:\/\/www.drazouz.com\/es\/cirugia-de-pecho-de-mujer-a-hombre\/","url":"https:\/\/www.drazouz.com\/es\/cirugia-de-pecho-de-mujer-a-hombre\/","name":"Pecho de Mujer a Hombre | Azouz Cirug\u00eda Pl\u00e1stica y Est\u00e9tica","isPartOf":{"@id":"https:\/\/www.drazouz.com\/es\/#website"},"primaryImageOfPage":{"@id":"https:\/\/www.drazouz.com\/es\/cirugia-de-pecho-de-mujer-a-hombre\/#primaryimage"},"image":{"@id":"https:\/\/www.drazouz.com\/es\/cirugia-de-pecho-de-mujer-a-hombre\/#primaryimage"},"thumbnailUrl":"https:\/\/www.drazouz.com\/wp-content\/uploads\/2024\/01\/header-image012501-1.jpeg","datePublished":"2022-07-27T20:08:54+00:00","dateModified":"2025-12-17T20:51:26+00:00","breadcrumb":{"@id":"https:\/\/www.drazouz.com\/es\/cirugia-de-pecho-de-mujer-a-hombre\/#breadcrumb"},"inLanguage":"es","potentialAction":[{"@type":"ReadAction","target":["https:\/\/www.drazouz.com\/es\/cirugia-de-pecho-de-mujer-a-hombre\/"]}]},{"@type":"ImageObject","inLanguage":"es","@id":"https:\/\/www.drazouz.com\/es\/cirugia-de-pecho-de-mujer-a-hombre\/#primaryimage","url":"https:\/\/www.drazouz.com\/wp-content\/uploads\/2024\/01\/header-image012501-1.jpeg","contentUrl":"https:\/\/www.drazouz.com\/wp-content\/uploads\/2024\/01\/header-image012501-1.jpeg","width":1918,"height":815,"caption":"FTM (Female to Male) Top surgery"},{"@type":"BreadcrumbList","@id":"https:\/\/www.drazouz.com\/es\/cirugia-de-pecho-de-mujer-a-hombre\/#breadcrumb","itemListElement":[{"@type":"ListItem","position":1,"name":"Home","item":"https:\/\/www.drazouz.com\/es\/"},{"@type":"ListItem","position":2,"name":"Procedimientos","item":"https:\/\/www.drazouz.com\/es\/procedimientos\/"},{"@type":"ListItem","position":3,"name":"Transg\u00e9nero","item":"https:\/\/www.drazouz.com\/es\/cirugia-superior-transgenero\/"},{"@type":"ListItem","position":4,"name":"Pecho de Mujer a Hombre"}]},{"@type":"WebSite","@id":"https:\/\/www.drazouz.com\/es\/#website","url":"https:\/\/www.drazouz.com\/es\/","name":"Azouz Cirug\u00eda Pl\u00e1stica y Est\u00e9tica","description":"","potentialAction":[{"@type":"SearchAction","target":{"@type":"EntryPoint","urlTemplate":"https:\/\/www.drazouz.com\/es\/?s={search_term_string}"},"query-input":{"@type":"PropertyValueSpecification","valueRequired":true,"valueName":"search_term_string"}}],"inLanguage":"es"}]}},"_links":{"self":[{"href":"https:\/\/www.drazouz.com\/es\/wp-json\/wp\/v2\/pages\/10601","targetHints":{"allow":["GET"]}}],"collection":[{"href":"https:\/\/www.drazouz.com\/es\/wp-json\/wp\/v2\/pages"}],"about":[{"href":"https:\/\/www.drazouz.com\/es\/wp-json\/wp\/v2\/types\/page"}],"author":[{"embeddable":true,"href":"https:\/\/www.drazouz.com\/es\/wp-json\/wp\/v2\/users\/1"}],"replies":[{"embeddable":true,"href":"https:\/\/www.drazouz.com\/es\/wp-json\/wp\/v2\/comments?post=10601"}],"version-history":[{"count":5,"href":"https:\/\/www.drazouz.com\/es\/wp-json\/wp\/v2\/pages\/10601\/revisions"}],"predecessor-version":[{"id":22791,"href":"https:\/\/www.drazouz.com\/es\/wp-json\/wp\/v2\/pages\/10601\/revisions\/22791"}],"up":[{"embeddable":true,"href":"https:\/\/www.drazouz.com\/es\/wp-json\/wp\/v2\/pages\/10596"}],"wp:featuredmedia":[{"embeddable":true,"href":"https:\/\/www.drazouz.com\/es\/wp-json\/wp\/v2\/media\/11444"}],"wp:attachment":[{"href":"https:\/\/www.drazouz.com\/es\/wp-json\/wp\/v2\/media?parent=10601"}],"curies":[{"name":"wp","href":"https:\/\/api.w.org\/{rel}","templated":true}]}}