{"id":10596,"date":"2022-07-27T15:06:10","date_gmt":"2022-07-27T20:06:10","guid":{"rendered":"https:\/\/www.drazouz.com\/?page_id=10596"},"modified":"2024-01-25T06:31:52","modified_gmt":"2024-01-25T11:31:52","slug":"transgenero","status":"publish","type":"page","link":"https:\/\/www.drazouz.com\/es\/cirugia-superior-transgenero\/","title":{"rendered":"Transg\u00e9nero"},"content":{"rendered":"<p>La cirug\u00eda de afirmaci\u00f3n de g\u00e9nero no se trata simplemente de cambiar el cuerpo f\u00edsico. En Azouz Plastic and Cosmetic Surgery entendemos que la cirug\u00eda de g\u00e9nero alivia la angustia causada por sentir que est\u00e1s en el cuerpo equivocado y lo importante que es alinear tu apariencia con qui\u00e9n eres. El Dr. Azouz realiza la cirug\u00eda superior en personas transg\u00e9nero en Dallas, Texas.<br \/>\n<nav class=\"flc-submenu\" aria-label=\"sub menu\"><ul><li class=\"page_item page-item-10605\"><a href=\"https:\/\/www.drazouz.com\/es\/cirugia-de-pecho-de-hombre-a-mujer.\/\">Pecho de Hombre a Mujer<\/a><\/li>\n<li class=\"page_item page-item-10601\"><a href=\"https:\/\/www.drazouz.com\/es\/cirugia-de-pecho-de-mujer-a-hombre\/\">Pecho de Mujer a Hombre<\/a><\/li>\n<\/ul><\/nav><\/p>\n<p>La cirug\u00eda superior es el procedimiento de afirmaci\u00f3n de g\u00e9nero m\u00e1s solicitado, aunque puede que no sea el \u00fanico al que te sometas finalmente. Tu elecci\u00f3n de qu\u00e9 <a title=\"Cirug\u00eda Cosm\u00e9tica Facial y Corporal en Dallas TX\" href=\"https:\/\/www.drazouz.com\/es\/procedures\/\"><em><strong>procedimiento de cirug\u00eda pl\u00e1stica<\/strong><\/em><\/a> deseas realizar es personal, y cualquier procedimiento es una inversi\u00f3n en ti mismo. Est\u00e1 bien documentado que la cirug\u00eda superior ayuda a las personas transg\u00e9nero a sentirse c\u00f3modas en su propia piel, mejora la autoestima y disminuye la ansiedad social.<\/p>\n<h2>Cirujano Pl\u00e1stico Transg\u00e9nero en Dallas<\/h2>\n<p>La reuni\u00f3n con tu cirujano pl\u00e1stico puede provocar sentimientos de alivio y aprensi\u00f3n. Esta es una respuesta normal al considerar cualquier procedimiento quir\u00fargico, y el Dr. Azouz y su personal cl\u00ednico tienen una oficina acogedora e inclusiva. El Dr. Azouz aborda la cirug\u00eda superior con comprensi\u00f3n, compasi\u00f3n y respeto, trat\u00e1ndote como la persona completa que eres. Con d\u00e9cadas de experiencia, comprende cu\u00e1n estrechamente nuestras identidades est\u00e1n vinculadas a nuestros cuerpos y c\u00f3mo la cirug\u00eda superior te empoderar\u00e1 a lo largo de tu vida.<\/p>\n<p>En tu consulta, tendr\u00e1s la oportunidad de hacer preguntas y discutir tus preocupaciones, y el Dr. Azouz se tomar\u00e1 el tiempo para comprender tus necesidades y preferencias est\u00e9ticas. Se examinar\u00e1 tu pecho para determinar el mejor tipo de cirug\u00eda para alcanzar tus objetivos y el resultado m\u00e1s natural. El Dr. Azouz se esfuerza por garantizar tu comodidad durante el examen y explicar\u00e1 lo que est\u00e1 haciendo y cu\u00e1l cree que es el mejor plan de tratamiento para ti.<\/p>\n<h3>Conf\u00eda en Azouz Plastic and Cosmetic Surgery<\/h3>\n<p>El Dr. Azouz es el ex Jefe de Cirug\u00eda Pl\u00e1stica de Medical City Dallas. Es certificado por dos juntas, con m\u00faltiples premios y reconocimientos de sus colegas por sus t\u00e9cnicas innovadoras, herramientas y resultados sobresalientes. Da la bienvenida a pacientes de todo el mundo, ofreciendo servicios en ingl\u00e9s, espa\u00f1ol y franc\u00e9s. Su equipo puede facilitar el proceso ayud\u00e1ndote a navegar por la financiaci\u00f3n y dirigi\u00e9ndote a alojamientos c\u00f3modos y asequibles cerca del lugar donde se realizar\u00e1 tu cirug\u00eda.<\/p>\n<p>Si est\u00e1s listo para la cirug\u00eda superior, <a title=\"Contacta a Azouz Cosmetic &amp; Plastic Surgery en Dallas TX\" href=\"https:\/\/www.drazouz.com\/es\/contact\/\"><em><strong>contacta a Azouz Plastic and Cosmetic Surgery<\/strong><\/em><\/a> y programa una consulta para este procedimiento que cambia la vida y afirmativo de g\u00e9nero.<\/p>\n","protected":false},"excerpt":{"rendered":"<p>La cirug\u00eda de afirmaci\u00f3n de g\u00e9nero no se trata simplemente de cambiar el cuerpo f\u00edsico. En Azouz<br \/><a href=\"https:\/\/www.drazouz.com\/es\/cirugia-superior-transgenero\/\" class=\"btn btn-blue mt-3\">Sigue leyendo<\/a><\/p>\n","protected":false},"author":1,"featured_media":11484,"parent":8581,"menu_order":0,"comment_status":"closed","ping_status":"closed","template":"","meta":{"_acf_changed":false,"footnotes":""},"class_list":["post-10596","page","type-page","status-publish","has-post-thumbnail"],"acf":[],"yoast_head":"<!-- This site is optimized with the Yoast SEO plugin v27.4 - https:\/\/yoast.com\/product\/yoast-seo-wordpress\/ -->\n<title>Transg\u00e9nero | Azouz Cirug\u00eda Pl\u00e1stica y Est\u00e9tica<\/title>\n<meta name=\"robots\" content=\"index, follow, max-snippet:-1, max-image-preview:large, max-video-preview:-1\" \/>\n<link rel=\"canonical\" href=\"https:\/\/www.drazouz.com\/es\/cirugia-superior-transgenero\/\" \/>\n<meta property=\"og:locale\" content=\"es_ES\" \/>\n<meta property=\"og:type\" content=\"article\" \/>\n<meta property=\"og:title\" content=\"Transg\u00e9nero | Azouz Cirug\u00eda Pl\u00e1stica y Est\u00e9tica\" \/>\n<meta property=\"og:description\" content=\"La cirug\u00eda de afirmaci\u00f3n de g\u00e9nero no se trata simplemente de cambiar el cuerpo f\u00edsico. En AzouzSigue leyendo\" \/>\n<meta property=\"og:url\" content=\"https:\/\/www.drazouz.com\/es\/cirugia-superior-transgenero\/\" \/>\n<meta property=\"og:site_name\" content=\"Azouz Cirug\u00eda Pl\u00e1stica y Est\u00e9tica\" \/>\n<meta property=\"article:modified_time\" content=\"2024-01-25T11:31:52+00:00\" \/>\n<meta property=\"og:image\" content=\"https:\/\/www.drazouz.com\/wp-content\/uploads\/2024\/01\/header-image012506-1.jpeg\" \/>\n<meta name=\"twitter:card\" content=\"summary_large_image\" \/>\n<meta name=\"twitter:image\" content=\"https:\/\/www.drazouz.com\/wp-content\/uploads\/2024\/01\/header-image012506-1.jpeg\" \/>\n<meta name=\"twitter:label1\" content=\"Tiempo de lectura\" \/>\n\t<meta name=\"twitter:data1\" content=\"2 minutos\" \/>\n<!-- \/ Yoast SEO plugin. -->","yoast_head_json":{"title":"Transg\u00e9nero | Azouz Cirug\u00eda Pl\u00e1stica y Est\u00e9tica","robots":{"index":"index","follow":"follow","max-snippet":"max-snippet:-1","max-image-preview":"max-image-preview:large","max-video-preview":"max-video-preview:-1"},"canonical":"https:\/\/www.drazouz.com\/es\/cirugia-superior-transgenero\/","og_locale":"es_ES","og_type":"article","og_title":"Transg\u00e9nero | Azouz Cirug\u00eda Pl\u00e1stica y Est\u00e9tica","og_description":"La cirug\u00eda de afirmaci\u00f3n de g\u00e9nero no se trata simplemente de cambiar el cuerpo f\u00edsico. En AzouzSigue leyendo","og_url":"https:\/\/www.drazouz.com\/es\/cirugia-superior-transgenero\/","og_site_name":"Azouz Cirug\u00eda Pl\u00e1stica y Est\u00e9tica","article_modified_time":"2024-01-25T11:31:52+00:00","og_image":[{"url":"https:\/\/www.drazouz.com\/wp-content\/uploads\/2024\/01\/header-image012506-1.jpeg","type":"","width":"","height":""}],"twitter_card":"summary_large_image","twitter_image":"https:\/\/www.drazouz.com\/wp-content\/uploads\/2024\/01\/header-image012506-1.jpeg","twitter_misc":{"Tiempo de lectura":"2 minutos"},"schema":{"@context":"https:\/\/schema.org","@graph":[{"@type":"WebPage","@id":"https:\/\/www.drazouz.com\/es\/cirugia-superior-transgenero\/","url":"https:\/\/www.drazouz.com\/es\/cirugia-superior-transgenero\/","name":"Transg\u00e9nero | Azouz Cirug\u00eda Pl\u00e1stica y Est\u00e9tica","isPartOf":{"@id":"https:\/\/www.drazouz.com\/es\/#website"},"primaryImageOfPage":{"@id":"https:\/\/www.drazouz.com\/es\/cirugia-superior-transgenero\/#primaryimage"},"image":{"@id":"https:\/\/www.drazouz.com\/es\/cirugia-superior-transgenero\/#primaryimage"},"thumbnailUrl":"https:\/\/www.drazouz.com\/wp-content\/uploads\/2024\/01\/header-image012506-1.jpeg","datePublished":"2022-07-27T20:06:10+00:00","dateModified":"2024-01-25T11:31:52+00:00","breadcrumb":{"@id":"https:\/\/www.drazouz.com\/es\/cirugia-superior-transgenero\/#breadcrumb"},"inLanguage":"es","potentialAction":[{"@type":"ReadAction","target":["https:\/\/www.drazouz.com\/es\/cirugia-superior-transgenero\/"]}]},{"@type":"ImageObject","inLanguage":"es","@id":"https:\/\/www.drazouz.com\/es\/cirugia-superior-transgenero\/#primaryimage","url":"https:\/\/www.drazouz.com\/wp-content\/uploads\/2024\/01\/header-image012506-1.jpeg","contentUrl":"https:\/\/www.drazouz.com\/wp-content\/uploads\/2024\/01\/header-image012506-1.jpeg","width":1918,"height":815,"caption":"handsome transgender teenager tearing the word female into male in gender identity"},{"@type":"BreadcrumbList","@id":"https:\/\/www.drazouz.com\/es\/cirugia-superior-transgenero\/#breadcrumb","itemListElement":[{"@type":"ListItem","position":1,"name":"Home","item":"https:\/\/www.drazouz.com\/es\/"},{"@type":"ListItem","position":2,"name":"Procedimientos","item":"https:\/\/www.drazouz.com\/es\/procedimientos\/"},{"@type":"ListItem","position":3,"name":"Transg\u00e9nero"}]},{"@type":"WebSite","@id":"https:\/\/www.drazouz.com\/es\/#website","url":"https:\/\/www.drazouz.com\/es\/","name":"Azouz Cirug\u00eda Pl\u00e1stica y Est\u00e9tica","description":"","potentialAction":[{"@type":"SearchAction","target":{"@type":"EntryPoint","urlTemplate":"https:\/\/www.drazouz.com\/es\/?s={search_term_string}"},"query-input":{"@type":"PropertyValueSpecification","valueRequired":true,"valueName":"search_term_string"}}],"inLanguage":"es"}]}},"_links":{"self":[{"href":"https:\/\/www.drazouz.com\/es\/wp-json\/wp\/v2\/pages\/10596","targetHints":{"allow":["GET"]}}],"collection":[{"href":"https:\/\/www.drazouz.com\/es\/wp-json\/wp\/v2\/pages"}],"about":[{"href":"https:\/\/www.drazouz.com\/es\/wp-json\/wp\/v2\/types\/page"}],"author":[{"embeddable":true,"href":"https:\/\/www.drazouz.com\/es\/wp-json\/wp\/v2\/users\/1"}],"replies":[{"embeddable":true,"href":"https:\/\/www.drazouz.com\/es\/wp-json\/wp\/v2\/comments?post=10596"}],"version-history":[{"count":2,"href":"https:\/\/www.drazouz.com\/es\/wp-json\/wp\/v2\/pages\/10596\/revisions"}],"predecessor-version":[{"id":10598,"href":"https:\/\/www.drazouz.com\/es\/wp-json\/wp\/v2\/pages\/10596\/revisions\/10598"}],"up":[{"embeddable":true,"href":"https:\/\/www.drazouz.com\/es\/wp-json\/wp\/v2\/pages\/8581"}],"wp:featuredmedia":[{"embeddable":true,"href":"https:\/\/www.drazouz.com\/es\/wp-json\/wp\/v2\/media\/11484"}],"wp:attachment":[{"href":"https:\/\/www.drazouz.com\/es\/wp-json\/wp\/v2\/media?parent=10596"}],"curies":[{"name":"wp","href":"https:\/\/api.w.org\/{rel}","templated":true}]}}