{"id":10591,"date":"2022-07-27T14:37:46","date_gmt":"2022-07-27T19:37:46","guid":{"rendered":"https:\/\/www.drazouz.com\/?page_id=10591"},"modified":"2025-02-13T07:46:01","modified_gmt":"2025-02-13T12:46:01","slug":"cicatrices-de-acne","status":"publish","type":"page","link":"https:\/\/www.drazouz.com\/es\/cicatrices-acne-eliminacion\/","title":{"rendered":"Cicatrices de Acn\u00e9"},"content":{"rendered":"<p>Las cicatrices de acn\u00e9 pueden servir como un recordatorio constante de brotes pasados, lo que puede afectar la confianza de una persona adem\u00e1s de la apariencia de su piel. Sin embargo, debido a los avances en dermatolog\u00eda y cirug\u00eda est\u00e9tica, la eliminaci\u00f3n de cicatrices de acn\u00e9 ahora es una opci\u00f3n alcanzable para cualquier persona que busque mejorar la textura y apariencia de su piel. El cirujano pl\u00e1stico de Dallas, <a href=\"https:\/\/www.drazouz.com\/es\/meet-dr-solomon-azouz\/\">Dr. Solomon Azouz<\/a>, ofrece a sus clientes t\u00e9cnicas de vanguardia para eliminar cicatrices de acn\u00e9, logrando una piel m\u00e1s suave y vibrante.<\/p>\n<h2>\u00bfCu\u00e1les son los diferentes tipos de cicatrices de acn\u00e9?<\/h2>\n<ul>\n<li>Cicatrices en forma de picahielos: Son cicatrices delgadas y profundas en la superficie de la piel que se asemejan a peque\u00f1os agujeros. Tienen una apariencia picada y son t\u00edpicamente causadas por acn\u00e9 severo.<\/li>\n<li>Cicatrices en caja: Son indentaciones m\u00e1s profundas con bordes definidos. Le dan a la piel una apariencia cuadrada o de cr\u00e1ter.<\/li>\n<li>Cicatrices onduladas: Bandas fibrosas que tiran de la epidermis hacia abajo causan cicatrices onduladas, lo que le da a la piel un aspecto ondulado. Generalmente aparecen en lugares donde la piel ha tenido acn\u00e9 inflamatorio cr\u00f3nico.<\/li>\n<li><a href=\"https:\/\/www.drazouz.com\/es\/hypertrophic-scars-removal\/\">Cicatrices hipertr\u00f3ficas<\/a>: Estas cicatrices son m\u00e1s gruesas y elevadas, en contraste con las cicatrices de acn\u00e9 t\u00edpicas, que dejan depresiones. Se desarrollan como resultado de que el cuerpo produce cantidades excesivas de col\u00e1geno durante la cicatrizaci\u00f3n.<\/li>\n<li><a href=\"https:\/\/www.drazouz.com\/es\/keloid-scars-removal\/\">Cicatrices queloides<\/a>: Las cicatrices queloides son similares a las cicatrices hipertr\u00f3ficas, excepto que crecen fuera del sitio inicial de la cicatriz. Pueden ser inc\u00f3modas o causar picaz\u00f3n y surgen por un exceso de col\u00e1geno producido durante el proceso de cicatrizaci\u00f3n.<\/li>\n<li>Hiperpigmentaci\u00f3n postinflamatoria (PIH): Esta condici\u00f3n resulta en manchas oscuras o puntos en la piel cuando la piel produce en exceso melanina en respuesta a la inflamaci\u00f3n o da\u00f1o.<\/li>\n<\/ul>\n<p><img loading=\"lazy\" decoding=\"async\" width=\"1400\" height=\"250\" src=\"https:\/\/www.drazouz.com\/wp-content\/uploads\/2024\/06\/typesofacnescars.jpg\" alt=\"tipos de cicatrices de acn\u00e9\" class=\"aligncenter size-full wp-image-14430\" srcset=\"https:\/\/www.drazouz.com\/wp-content\/uploads\/2024\/06\/typesofacnescars.jpg 1400w, https:\/\/www.drazouz.com\/wp-content\/uploads\/2024\/06\/typesofacnescars-300x54.jpg 300w, https:\/\/www.drazouz.com\/wp-content\/uploads\/2024\/06\/typesofacnescars-1024x183.jpg 1024w, https:\/\/www.drazouz.com\/wp-content\/uploads\/2024\/06\/typesofacnescars-768x137.jpg 768w\" sizes=\"auto, (max-width: 1400px) 100vw, 1400px\" \/><\/p>\n<h2>\u00bfPor qu\u00e9 algunas personas tienen cicatrices de acn\u00e9?<\/h2>\n<p>El tipo de acn\u00e9 influye en la <a href=\"https:\/\/www.drazouz.com\/es\/scar-removal-revision\/\">cantidad de cicatrices<\/a>. Las manchas m\u00e1s peque\u00f1as generalmente no causan cicatrices notables a menos que se manipulen, pero el acn\u00e9 inflamado, ya sea un solo grano o acn\u00e9 qu\u00edstico, es m\u00e1s probable que deje evidencia. Esto se debe en parte a la gen\u00e9tica y al proceso natural de cicatrizaci\u00f3n de tu cuerpo. Respuestas hiperactivas a traumas en la piel pueden resultar en cicatrices elevadas, como queloides o cicatrices hipertr\u00f3ficas. En otras personas, puede haber una respuesta opuesta, y no se produce suficiente col\u00e1geno bajo el \u00e1rea da\u00f1ada, resultando en depresiones llamadas <a href=\"https:\/\/www.drazouz.com\/es\/atrophic-scars-removal\/\">cicatrices atr\u00f3ficas<\/a>. Para el acn\u00e9 generalizado, esto puede llevar a una apariencia picada. Las cicatrices tambi\u00e9n pueden ser de un color diferente al de tu piel, lo que es causado por la hiperpigmentaci\u00f3n.<\/p>\n<h2>\u00bfSoy candidato para la eliminaci\u00f3n de cicatrices de acn\u00e9?<\/h2>\n<p>Los candidatos para los tratamientos de eliminaci\u00f3n de cicatrices de acn\u00e9 incluyen hombres y mujeres interesados en mejorar la calidad y textura de su piel. Los pacientes del Dr. Azouz informan una mejora significativa en la textura de su piel. Durante tu consulta, el cirujano pl\u00e1stico certificado por la junta, Dr. Azouz, determinar\u00e1 el mejor curso de acci\u00f3n basado en tu tipo de piel, la gravedad de tus cicatrices y tus objetivos deseados.<\/p>\n<h2>\u00bfC\u00f3mo elimino las cicatrices de acn\u00e9?<\/h2>\n<p>Dependiendo del tipo y la extensi\u00f3n de las cicatrices, se utilizan diferentes procedimientos para eliminarlas. El Dr. Azouz puede recomendar uno o m\u00e1s de los siguientes tratamientos para eliminar cicatrices de acn\u00e9 a sus pacientes en Dallas:<br \/>\n<img decoding=\"async\" src=\"https:\/\/www.drazouz.com\/wp-content\/uploads\/2024\/06\/bigstock-a-beauty-girl-on-the-grey-back-31894385.jpg\" alt=\"eliminaci\u00f3n de cicatrices de acn\u00e9\" class=\"alignright wp-image-14428\" width=\"300\" srcset=\"https:\/\/www.drazouz.com\/wp-content\/uploads\/2024\/06\/bigstock-a-beauty-girl-on-the-grey-back-31894385.jpg 1600w, https:\/\/www.drazouz.com\/wp-content\/uploads\/2024\/06\/bigstock-a-beauty-girl-on-the-grey-back-31894385-300x269.jpg 300w, https:\/\/www.drazouz.com\/wp-content\/uploads\/2024\/06\/bigstock-a-beauty-girl-on-the-grey-back-31894385-1024x918.jpg 1024w, https:\/\/www.drazouz.com\/wp-content\/uploads\/2024\/06\/bigstock-a-beauty-girl-on-the-grey-back-31894385-768x689.jpg 768w, https:\/\/www.drazouz.com\/wp-content\/uploads\/2024\/06\/bigstock-a-beauty-girl-on-the-grey-back-31894385-1536x1378.jpg 1536w\" sizes=\"(max-width: 1600px) 100vw, 1600px\" \/><\/p>\n<ul>\n<li><strong><a href=\"https:\/\/www.drazouz.com\/es\/skin-resurfacing\/\">Resurfacing con l\u00e1ser<\/a><\/strong>: Esta t\u00e9cnica estimula la producci\u00f3n de col\u00e1geno y resulta en una piel m\u00e1s suave al eliminar las capas de piel da\u00f1ada usando tecnolog\u00eda l\u00e1ser.<\/li>\n<li><strong>Microneedling<\/strong>: Peque\u00f1as agujas causan microlesiones en la piel, que activan la respuesta natural de cicatrizaci\u00f3n del cuerpo y la s\u00edntesis de col\u00e1geno, resultando en una mejor textura y menos cicatrices.<\/li>\n<li><strong>Peelings qu\u00edmicos<\/strong>: La piel se trata con una soluci\u00f3n qu\u00edmica que exfolia y fomenta el crecimiento de nuevas c\u00e9lulas cut\u00e1neas, lo que reduce la visibilidad de las cicatrices.<\/li>\n<li><strong>Rellenos d\u00e9rmicos<\/strong>: Al agregar volumen a la piel, los rellenos inyectables pueden hacer que las cicatrices deprimidas sean menos visibles.<\/li>\n<\/ul>\n<h2>Recuperaci\u00f3n del tratamiento para cicatrices de acn\u00e9<\/h2>\n<p>El tiempo de recuperaci\u00f3n var\u00eda dependiendo del tipo de tratamiento realizado. Los pacientes generalmente pueden anticipar alg\u00fan tiempo de inactividad, durante el cual pueden experimentar temporalmente hinchaz\u00f3n, enrojecimiento o malestar leve. El Dr. Azouz ofrece consejos sobre el cuidado posterior, incluyendo productos para el cuidado de la piel de grado m\u00e9dico como <a href=\"https:\/\/www.drazouz.com\/es\/skinbetter-science\/\">SkinBetter Science<\/a> y <a href=\"https:\/\/www.skinbetter.com\/shop-skincare\/skin-concern\/blemish-prone\/alpharet-clearing-serum-M003.html\">AlphaRet clearing serum<\/a>.<\/p>\n<h2>\u00bfCu\u00e1nto cuesta el tratamiento para cicatrices de acn\u00e9?<\/h2>\n<p>El costo del tratamiento para eliminar cicatrices de acn\u00e9 puede variar ampliamente dependiendo de factores como el tipo de procedimiento, el n\u00famero de sesiones requeridas, las tarifas quir\u00fargicas y, si es necesario, las tarifas de la sala de operaciones y anestesia. Durante tu consulta, el Dr. Azouz proporcionar\u00e1 una <a href=\"https:\/\/www.drazouz.com\/es\/fees-insurance\/\">estimaci\u00f3n detallada<\/a> basada en el plan de tratamiento \u00fanico creado para cada paciente.<\/p>\n<h2>Programa tu consulta con el Dr. Azouz<\/h2>\n<p>Tratar las cicatrices de acn\u00e9 puede proporcionar una soluci\u00f3n transformadora para las personas que desean tener nuevamente una piel suave y sin manchas. En Dallas, los pacientes pueden tomar medidas con confianza hacia una tez m\u00e1s radiante y segura con la experiencia y los procedimientos de vanguardia del Dr. Azouz. Llama a la oficina al <a href=\"tel:9727028888\" class=\"phone_anchor \" aria-label=\"ll\u00e1manos (972) 702-8888\">(972) 702-8888<\/a> o <a href=\"https:\/\/www.drazouz.com\/es\/contact\/\">cont\u00e1ctanos en l\u00ednea<\/a> para programar tu cita con el Dr. Azouz hoy mismo.<\/p>\n<h3>Preguntas Frecuentes<\/h3>\n<dl id=\"faq-1\" class=\"flc-faq\"><dt id=\"l11\"><button class=\"card-header collapsed d-flex align-items-center w-100 text-left\" data-toggle=\"collapse\" data-target=\"#t11\" aria-expanded=\"false\" aria-controls=\"t11\"><i class=\"ml-1 fas fa-chevron-down\"><\/i> \u00bfOcurrir\u00e1 hiperpigmentaci\u00f3n despu\u00e9s de quitar cicatrices?<\/button><\/dt><dd id=\"t11\" class=\"m-0 collapse\" aria-labelledby=\"l11\" aria-expanded=\"false\" data-parent=\"#faq-1\"><div class=\"card-body\"><p>La hiperpigmentaci\u00f3n puede ser un efecto secundario de los tratamientos para eliminar cicatrices de acn\u00e9, pero puede eliminarse con resurfacing l\u00e1ser de la piel, productos como SkinBetter Science, y otros servicios proporcionados por el Dr. Azouz.<\/p>\n<\/div><\/dd><dt id=\"l12\"><button class=\"card-header collapsed d-flex align-items-center w-100 text-left\" data-toggle=\"collapse\" data-target=\"#t12\" aria-expanded=\"false\" aria-controls=\"t12\"><i class=\"ml-1 fas fa-chevron-down\"><\/i> \u00bfPuede la dieta afectar las cicatrices de acn\u00e9?<\/button><\/dt><dd id=\"t12\" class=\"m-0 collapse\" aria-labelledby=\"l12\" aria-expanded=\"false\" data-parent=\"#faq-1\"><div class=\"card-body\"><p>Aunque la dieta no puede eliminar completamente las cicatrices de acn\u00e9, una dieta equilibrada alta en vitaminas y antioxidantes puede ayudar a promover la cicatrizaci\u00f3n y la salud de la piel.<\/p>\n<\/div><\/dd><dt id=\"l13\"><button class=\"card-header collapsed d-flex align-items-center w-100 text-left\" data-toggle=\"collapse\" data-target=\"#t13\" aria-expanded=\"false\" aria-controls=\"t13\"><i class=\"ml-1 fas fa-chevron-down\"><\/i> \u00bfSon efectivos los tratamientos de venta libre para cicatrices de acn\u00e9?<\/button><\/dt><dd id=\"t13\" class=\"m-0 collapse\" aria-labelledby=\"l13\" aria-expanded=\"false\" data-parent=\"#faq-1\"><div class=\"card-body\"><p>Las cicatrices m\u00e1s severas pueden requerir tratamiento profesional, pero las cicatrices menores pueden mejorar con tratamientos de venta libre. Los tratamientos de venta libre para cicatrices de acn\u00e9 incluyen retinoides, \u00e1cido salic\u00edlico, \u00e1cidos alfa hidroxi (AHAs), sueros de vitamina C, l\u00e1minas y cremas de gel de silicona, niacinamida, exfoliantes, soluciones de peeling, cremas y geles para cicatrices, y cremas de hidroquinona. Estos ingredientes promueven la renovaci\u00f3n celular, reducen la inflamaci\u00f3n, exfolian la piel, aumentan la producci\u00f3n de col\u00e1geno y aclaran la hiperpigmentaci\u00f3n, lo que mejora la apariencia de las cicatrices de acn\u00e9 con el tiempo.<\/p>\n<\/div><\/dd><dt id=\"l14\"><button class=\"card-header collapsed d-flex align-items-center w-100 text-left\" data-toggle=\"collapse\" data-target=\"#t14\" aria-expanded=\"false\" aria-controls=\"t14\"><i class=\"ml-1 fas fa-chevron-down\"><\/i> \u00bfC\u00f3mo s\u00e9 qu\u00e9 tratamiento para cicatrices de acn\u00e9 es el adecuado para m\u00ed?<\/button><\/dt><dd id=\"t14\" class=\"m-0 collapse\" aria-labelledby=\"l14\" aria-expanded=\"false\" data-parent=\"#faq-1\"><div class=\"card-body\"><p>Un cirujano pl\u00e1stico certificado, como el Dr. Azouz, puede ayudarte a decidir la mejor opci\u00f3n de tratamiento seg\u00fan tu tipo de piel, la gravedad de las cicatrices y tus preferencias.<\/p>\n<\/div><\/dd><dt id=\"l15\"><button class=\"card-header collapsed d-flex align-items-center w-100 text-left\" data-toggle=\"collapse\" data-target=\"#t15\" aria-expanded=\"false\" aria-controls=\"t15\"><i class=\"ml-1 fas fa-chevron-down\"><\/i> \u00bfCu\u00e1nto tiempo se tarda en ver resultados de los tratamientos para cicatrices de acn\u00e9?<\/button><\/dt><dd id=\"t15\" class=\"m-0 collapse\" aria-labelledby=\"l15\" aria-expanded=\"false\" data-parent=\"#faq-1\"><div class=\"card-body\"><p>Los resultados var\u00edan, pero la mayor\u00eda de las personas notan mejor\u00edas entre unas semanas y unos meses, dependiendo del tratamiento y la respuesta de su piel.<\/p>\n<\/div><\/dd><dt id=\"l16\"><button class=\"card-header collapsed d-flex align-items-center w-100 text-left\" data-toggle=\"collapse\" data-target=\"#t16\" aria-expanded=\"false\" aria-controls=\"t16\"><i class=\"ml-1 fas fa-chevron-down\"><\/i> \u00bfExisten remedios caseros para cicatrices de acn\u00e9?<\/button><\/dt><dd id=\"t16\" class=\"m-0 collapse\" aria-labelledby=\"l16\" aria-expanded=\"false\" data-parent=\"#faq-1\"><div class=\"card-body\"><p>Aunque remedios caseros como el aloe vera, la miel y el jugo de lim\u00f3n pueden ayudar a desvanecer las cicatrices, a menudo los tratamientos profesionales son m\u00e1s efectivos y r\u00e1pidos.<\/p>\n<\/div><\/dd><dt id=\"l17\"><button class=\"card-header collapsed d-flex align-items-center w-100 text-left\" data-toggle=\"collapse\" data-target=\"#t17\" aria-expanded=\"false\" aria-controls=\"t17\"><i class=\"ml-1 fas fa-chevron-down\"><\/i> \u00bfLas cicatrices de acn\u00e9 pueden eliminarse permanentemente?<\/button><\/dt><dd id=\"t17\" class=\"m-0 collapse\" aria-labelledby=\"l17\" aria-expanded=\"false\" data-parent=\"#faq-1\"><div class=\"card-body\"><p>Existen muchos tratamientos que pueden reducir significativamente la apariencia de las cicatrices de acn\u00e9, las cuales se vuelven menos visibles con el tiempo.<\/p>\n<\/div><\/dd><\/dl>\n","protected":false},"excerpt":{"rendered":"<p>Las cicatrices de acn\u00e9 pueden servir como un recordatorio constante de brotes pasados, lo que puede afectar<br \/><a href=\"https:\/\/www.drazouz.com\/es\/cicatrices-acne-eliminacion\/\" class=\"btn btn-blue mt-3\">Sigue leyendo<\/a><\/p>\n","protected":false},"author":1,"featured_media":11387,"parent":9740,"menu_order":0,"comment_status":"closed","ping_status":"closed","template":"template-builder.php","meta":{"_acf_changed":false,"footnotes":""},"class_list":["post-10591","page","type-page","status-publish","has-post-thumbnail"],"acf":[],"yoast_head":"<!-- This site is optimized with the Yoast SEO plugin v27.4 - https:\/\/yoast.com\/product\/yoast-seo-wordpress\/ -->\n<title>Cicatrices de Acn\u00e9 | Azouz Cirug\u00eda Pl\u00e1stica y Est\u00e9tica<\/title>\n<meta name=\"robots\" content=\"index, follow, max-snippet:-1, max-image-preview:large, max-video-preview:-1\" \/>\n<link rel=\"canonical\" href=\"https:\/\/www.drazouz.com\/es\/cicatrices-acne-eliminacion\/\" \/>\n<meta property=\"og:locale\" content=\"es_ES\" \/>\n<meta property=\"og:type\" content=\"article\" \/>\n<meta property=\"og:title\" content=\"Cicatrices de Acn\u00e9 | Azouz Cirug\u00eda Pl\u00e1stica y Est\u00e9tica\" \/>\n<meta property=\"og:description\" content=\"Las cicatrices de acn\u00e9 pueden servir como un recordatorio constante de brotes pasados, lo que puede afectarSigue leyendo\" \/>\n<meta property=\"og:url\" content=\"https:\/\/www.drazouz.com\/es\/cicatrices-acne-eliminacion\/\" \/>\n<meta property=\"og:site_name\" content=\"Azouz Cirug\u00eda Pl\u00e1stica y Est\u00e9tica\" \/>\n<meta property=\"article:modified_time\" content=\"2025-02-13T12:46:01+00:00\" \/>\n<meta property=\"og:image\" content=\"https:\/\/www.drazouz.com\/wp-content\/uploads\/2024\/01\/bigstock-Teenage-Girl-Before-And-After-346396852.jpg\" \/>\n<meta name=\"twitter:card\" content=\"summary_large_image\" \/>\n<meta name=\"twitter:image\" content=\"https:\/\/www.drazouz.com\/wp-content\/uploads\/2024\/01\/bigstock-Teenage-Girl-Before-And-After-346396852.jpg\" \/>\n<meta name=\"twitter:label1\" content=\"Tiempo de lectura\" \/>\n\t<meta name=\"twitter:data1\" content=\"5 minutos\" \/>\n<!-- \/ Yoast SEO plugin. -->","yoast_head_json":{"title":"Cicatrices de Acn\u00e9 | Azouz Cirug\u00eda Pl\u00e1stica y Est\u00e9tica","robots":{"index":"index","follow":"follow","max-snippet":"max-snippet:-1","max-image-preview":"max-image-preview:large","max-video-preview":"max-video-preview:-1"},"canonical":"https:\/\/www.drazouz.com\/es\/cicatrices-acne-eliminacion\/","og_locale":"es_ES","og_type":"article","og_title":"Cicatrices de Acn\u00e9 | Azouz Cirug\u00eda Pl\u00e1stica y Est\u00e9tica","og_description":"Las cicatrices de acn\u00e9 pueden servir como un recordatorio constante de brotes pasados, lo que puede afectarSigue leyendo","og_url":"https:\/\/www.drazouz.com\/es\/cicatrices-acne-eliminacion\/","og_site_name":"Azouz Cirug\u00eda Pl\u00e1stica y Est\u00e9tica","article_modified_time":"2025-02-13T12:46:01+00:00","og_image":[{"url":"https:\/\/www.drazouz.com\/wp-content\/uploads\/2024\/01\/bigstock-Teenage-Girl-Before-And-After-346396852.jpg","type":"","width":"","height":""}],"twitter_card":"summary_large_image","twitter_image":"https:\/\/www.drazouz.com\/wp-content\/uploads\/2024\/01\/bigstock-Teenage-Girl-Before-And-After-346396852.jpg","twitter_misc":{"Tiempo de lectura":"5 minutos"},"schema":{"@context":"https:\/\/schema.org","@graph":[{"@type":"WebPage","@id":"https:\/\/www.drazouz.com\/es\/cicatrices-acne-eliminacion\/","url":"https:\/\/www.drazouz.com\/es\/cicatrices-acne-eliminacion\/","name":"Cicatrices de Acn\u00e9 | Azouz Cirug\u00eda Pl\u00e1stica y Est\u00e9tica","isPartOf":{"@id":"https:\/\/www.drazouz.com\/es\/#website"},"primaryImageOfPage":{"@id":"https:\/\/www.drazouz.com\/es\/cicatrices-acne-eliminacion\/#primaryimage"},"image":{"@id":"https:\/\/www.drazouz.com\/es\/cicatrices-acne-eliminacion\/#primaryimage"},"thumbnailUrl":"https:\/\/www.drazouz.com\/wp-content\/uploads\/2024\/01\/bigstock-Teenage-Girl-Before-And-After-346396852.jpg","datePublished":"2022-07-27T19:37:46+00:00","dateModified":"2025-02-13T12:46:01+00:00","breadcrumb":{"@id":"https:\/\/www.drazouz.com\/es\/cicatrices-acne-eliminacion\/#breadcrumb"},"inLanguage":"es","potentialAction":[{"@type":"ReadAction","target":["https:\/\/www.drazouz.com\/es\/cicatrices-acne-eliminacion\/"]}]},{"@type":"ImageObject","inLanguage":"es","@id":"https:\/\/www.drazouz.com\/es\/cicatrices-acne-eliminacion\/#primaryimage","url":"https:\/\/www.drazouz.com\/wp-content\/uploads\/2024\/01\/bigstock-Teenage-Girl-Before-And-After-346396852.jpg","contentUrl":"https:\/\/www.drazouz.com\/wp-content\/uploads\/2024\/01\/bigstock-Teenage-Girl-Before-And-After-346396852.jpg","width":1918,"height":915,"caption":"teenage girl before and after acne treatment"},{"@type":"BreadcrumbList","@id":"https:\/\/www.drazouz.com\/es\/cicatrices-acne-eliminacion\/#breadcrumb","itemListElement":[{"@type":"ListItem","position":1,"name":"Home","item":"https:\/\/www.drazouz.com\/es\/"},{"@type":"ListItem","position":2,"name":"Procedimientos","item":"https:\/\/www.drazouz.com\/es\/procedimientos\/"},{"@type":"ListItem","position":3,"name":"Eliminaci\u00f3n y Revisi\u00f3n de Cicatrices","item":"https:\/\/www.drazouz.com\/es\/eliminacion-revision-cicatrices\/"},{"@type":"ListItem","position":4,"name":"Cicatrices de Acn\u00e9"}]},{"@type":"WebSite","@id":"https:\/\/www.drazouz.com\/es\/#website","url":"https:\/\/www.drazouz.com\/es\/","name":"Azouz Cirug\u00eda Pl\u00e1stica y Est\u00e9tica","description":"","potentialAction":[{"@type":"SearchAction","target":{"@type":"EntryPoint","urlTemplate":"https:\/\/www.drazouz.com\/es\/?s={search_term_string}"},"query-input":{"@type":"PropertyValueSpecification","valueRequired":true,"valueName":"search_term_string"}}],"inLanguage":"es"}]}},"_links":{"self":[{"href":"https:\/\/www.drazouz.com\/es\/wp-json\/wp\/v2\/pages\/10591","targetHints":{"allow":["GET"]}}],"collection":[{"href":"https:\/\/www.drazouz.com\/es\/wp-json\/wp\/v2\/pages"}],"about":[{"href":"https:\/\/www.drazouz.com\/es\/wp-json\/wp\/v2\/types\/page"}],"author":[{"embeddable":true,"href":"https:\/\/www.drazouz.com\/es\/wp-json\/wp\/v2\/users\/1"}],"replies":[{"embeddable":true,"href":"https:\/\/www.drazouz.com\/es\/wp-json\/wp\/v2\/comments?post=10591"}],"version-history":[{"count":10,"href":"https:\/\/www.drazouz.com\/es\/wp-json\/wp\/v2\/pages\/10591\/revisions"}],"predecessor-version":[{"id":20569,"href":"https:\/\/www.drazouz.com\/es\/wp-json\/wp\/v2\/pages\/10591\/revisions\/20569"}],"up":[{"embeddable":true,"href":"https:\/\/www.drazouz.com\/es\/wp-json\/wp\/v2\/pages\/9740"}],"wp:featuredmedia":[{"embeddable":true,"href":"https:\/\/www.drazouz.com\/es\/wp-json\/wp\/v2\/media\/11387"}],"wp:attachment":[{"href":"https:\/\/www.drazouz.com\/es\/wp-json\/wp\/v2\/media?parent=10591"}],"curies":[{"name":"wp","href":"https:\/\/api.w.org\/{rel}","templated":true}]}}