{"id":10578,"date":"2022-07-27T14:57:30","date_gmt":"2022-07-27T19:57:30","guid":{"rendered":"https:\/\/www.drazouz.com\/?page_id=10578"},"modified":"2024-06-20T06:12:05","modified_gmt":"2024-06-20T11:12:05","slug":"cicatrices-hipertroficas","status":"publish","type":"page","link":"https:\/\/www.drazouz.com\/es\/cicatrices-hipertroficas-eliminacion\/","title":{"rendered":"Cicatrices Hipertr\u00f3ficas"},"content":{"rendered":"<p>Las cicatrices hipertr\u00f3ficas pueden formarse en el rostro como resultado de un <a href=\"https:\/\/www.drazouz.com\/es\/acne-scars-removal\/\">acn\u00e9 severo<\/a>. Tambi\u00e9n son t\u00edpicas en pacientes que pueden haber tenido cortes o quemaduras mal curadas. Las cicatrices hipertr\u00f3ficas a menudo se confunden con los queloides y se parecen, pero no se extienden m\u00e1s all\u00e1 de los bordes de la cicatriz.<\/p>\n<p>Las lesiones del acn\u00e9 da\u00f1an el tejido circundante cuando penetran profundamente en la piel. El col\u00e1geno es la forma natural del cuerpo de reparar el da\u00f1o. La sobreproducci\u00f3n de col\u00e1geno lleva a la formaci\u00f3n de una cicatriz elevada que puede ser roja o altamente pigmentada. Las \u00e1reas m\u00e1s comunes donde aparecen estas cicatrices son la espalda, el pecho e incluso el rostro. El cirujano pl\u00e1stico certificado <a href=\"https:\/\/www.drazouz.com\/es\/meet-dr-solomon-azouz\/\">Dr. Solomon Azouz<\/a> ofrece el mejor tratamiento para cicatrices hipertr\u00f3ficas a sus pacientes en Dallas.<\/p>\n<h2>\u00bfQu\u00e9 es una Contractura Cicatricial?<\/h2>\n<p>La contractura cicatricial ocurre cuando la piel se tensa excesivamente alrededor de una herida curada, a menudo provocando movimiento restringido y deformidad. Esta condici\u00f3n se ve com\u00fanmente en casos de <a href=\"https:\/\/www.drazouz.com\/es\/burn-injuries-plastic-surgery\/\">quemaduras severas<\/a>, donde los tejidos subyacentes y la piel circundante se tensan durante el proceso de curaci\u00f3n, resultando en un \u00e1rea restringida y a veces dolorosa. Algunas cicatrices hipertr\u00f3ficas pueden desarrollar contracturas cicatriciales. Las contracturas pueden afectar seriamente la funci\u00f3n de los m\u00fasculos y las articulaciones cerca de la cicatriz, requiriendo cirug\u00eda para devolverlas a su estado natural de movimiento y apariencia.<\/p>\n<h2>Candidatos para la Cirug\u00eda y Tratamientos<\/h2>\n<p>Los buenos candidatos para la eliminaci\u00f3n de cicatrices hipertr\u00f3ficas son aquellos que:<\/p>\n<ul>\n<li>Se sienten angustiados a nivel emocional o psicol\u00f3gico debido a la apariencia de las cicatrices.<\/li>\n<li>Est\u00e1n en buena forma general y tienen expectativas razonables sobre los resultados de la cirug\u00eda.<\/li>\n<li>No tienen trastornos m\u00e9dicos no controlados que puedan obstaculizar la curaci\u00f3n, como infecciones activas en la piel.<\/li>\n<li>Algunos pueden tener contracturas cicatriciales que limitan su movilidad o les causan molestias f\u00edsicas.<\/li>\n<\/ul>\n<h2>Beneficios de la Cirug\u00eda<\/h2>\n<p>Los beneficios de la eliminaci\u00f3n de cicatrices hipertr\u00f3ficas incluyen:<\/p>\n<ul>\n<li>Mayor confianza y autoestima debido a una mejor apariencia cosm\u00e9tica.<\/li>\n<li>Reducci\u00f3n del malestar, irritabilidad y dolor causado por las cicatrices hipertr\u00f3ficas.<\/li>\n<li>Mejora del rango de movimiento si hay contractura cicatricial.<\/li>\n<li>Resultados duraderos con un mantenimiento adecuado.<\/li>\n<\/ul>\n<h2>\u00bfC\u00f3mo tratar una cicatriz hipertr\u00f3fica?<\/h2>\n<p>Existen muchas opciones para tratar las cicatrices hipertr\u00f3ficas. Durante su consulta, el cirujano pl\u00e1stico certificado Dr. Azouz determinar\u00e1 el mejor tratamiento para las cicatrices hipertr\u00f3ficas seg\u00fan su examen f\u00edsico y objetivos deseados.<\/p>\n<ul>\n<li>Escisi\u00f3n Quir\u00fargica: El Dr. Azouz elimina suavemente el tejido cicatricial elevado y cierra meticulosamente la incisi\u00f3n. En algunos casos, el Dr. Azouz puede utilizar t\u00e9cnicas espec\u00edficas de <a href=\"https:\/\/www.drazouz.com\/es\/scar-removal-revision\/\">revisi\u00f3n de cicatrices<\/a>, como Z-plasty o W-plasty, para ayudar a disminuir la cicatrizaci\u00f3n y la tensi\u00f3n.<\/li>\n<li><a href=\"https:\/\/www.drazouz.com\/es\/skin-resurfacing\/\">Resurfacing con L\u00e1ser<\/a>: Se utilizan haces l\u00e1ser de alta energ\u00eda para remodelar la piel, reducir el grosor de la cicatriz y mejorar su textura y color. Con frecuencia se emplean l\u00e1seres de colorante pulsado y l\u00e1seres CO2 fraccionados.<\/li>\n<li>Corticosteroides: Para reducir la inflamaci\u00f3n y detener la formaci\u00f3n adicional de col\u00e1geno, se inyectan corticosteroides directamente en el tejido cicatricial. Con el tiempo, esto puede hacer que la cicatriz hipertr\u00f3fica se adelgace y se suavice. En algunos casos, el Dr. Azouz puede recetar una crema de esteroides para casos leves.<\/li>\n<p><img decoding=\"async\" src=\"https:\/\/www.drazouz.com\/wp-content\/uploads\/2024\/06\/bigstock-Close-Up-Of-Cyanotic-Keloid-Sc-388370761.jpg\" alt=\"Antes y despu\u00e9s de la eliminaci\u00f3n de cicatrices hipertr\u00f3ficas\" width=\"400\" class=\"alignright wp-image-14569\" srcset=\"https:\/\/www.drazouz.com\/wp-content\/uploads\/2024\/06\/bigstock-Close-Up-Of-Cyanotic-Keloid-Sc-388370761.jpg 1600w, https:\/\/www.drazouz.com\/wp-content\/uploads\/2024\/06\/bigstock-Close-Up-Of-Cyanotic-Keloid-Sc-388370761-300x200.jpg 300w, https:\/\/www.drazouz.com\/wp-content\/uploads\/2024\/06\/bigstock-Close-Up-Of-Cyanotic-Keloid-Sc-388370761-1024x683.jpg 1024w, https:\/\/www.drazouz.com\/wp-content\/uploads\/2024\/06\/bigstock-Close-Up-Of-Cyanotic-Keloid-Sc-388370761-768x512.jpg 768w, https:\/\/www.drazouz.com\/wp-content\/uploads\/2024\/06\/bigstock-Close-Up-Of-Cyanotic-Keloid-Sc-388370761-1536x1024.jpg 1536w\" sizes=\"(max-width: 1600px) 100vw, 1600px\" \/><\/p>\n<li>Dermabrasi\u00f3n: Este procedimiento suaviza las cicatrices al eliminar mec\u00e1nicamente las capas externas de la piel y mezclarlas con la piel circundante. Se aplica frecuentemente en cicatrices hipertr\u00f3ficas menos severas y peque\u00f1as.<\/li>\n<li>Gel de Silicona y L\u00e1minas de Silicona: Para aplanar a\u00fan m\u00e1s la cicatriz y reducir el enrojecimiento en el \u00e1rea tratada despu\u00e9s de la cirug\u00eda, se pueden colocar gel de silicona o l\u00e1minas de silicona.<\/li>\n<h2>\u00bfCu\u00e1l es el tratamiento para la contractura cicatricial?<\/h2>\n<p>Si la cicatriz desarrolla una contractura, el Dr. Azouz puede eliminar la cicatriz hipertr\u00f3fica y liberar la contractura en el mismo procedimiento. Para cerrar la incisi\u00f3n, se pueden utilizar diversas t\u00e9cnicas, incluyendo:<\/p>\n<ul>\n<li>Z-Plasty: Este es un m\u00e9todo quir\u00fargico para aflojar el tejido cicatricial constrictivo. Durante la cirug\u00eda se crean peque\u00f1os colgajos cut\u00e1neos triangulares que luego se ajustan para expandir la cicatriz y mejorar la apariencia final y la funcionalidad. Esta t\u00e9cnica desplaza la cicatriz a un lugar menos evidente mientras alivia la tensi\u00f3n.<\/li>\n<li>Injerto de Piel: Podr\u00eda ser necesario un injerto de piel si una parte significativa de la piel est\u00e1 da\u00f1ada. Esto implica trasplantar piel sana desde otra parte del cuerpo (sitio donante) a la ubicaci\u00f3n donde se ha aflojado la contractura cicatricial. Esto ayuda a cubrir la herida y promueve la recuperaci\u00f3n.<\/li>\n<li>Expansi\u00f3n de Tejido: En este m\u00e9todo se inserta un expansor de tejido, similar a un globo, debajo de la piel cerca de la cicatriz. Con el tiempo se a\u00f1ade gradualmente suero salino al expansor para estirar la piel. Una vez que hay suficiente piel nueva, se retira el expansor y se reemplaza el \u00e1rea cicatrizada con la nueva piel.<\/li>\n<li>Colgajo: En casos m\u00e1s severos se pueden utilizar colgajos locales o regionales. Esto implica transferir una porci\u00f3n de tejido sano a la zona da\u00f1ada, completo con su suministro sangu\u00edneo. Este m\u00e9todo ayuda a producir cobertura cut\u00e1nea que es funcional y tiene un aspecto m\u00e1s natural.<\/li>\n<\/ul>\n<h2>Anestesia para la eliminaci\u00f3n de cicatrices hipertr\u00f3ficas<\/h2>\n<p>El tipo espec\u00edfico de anestesia utilizado durante la excisi\u00f3n de cicatrices hipertr\u00f3ficas o contracturas cicatriciales depende del procedimiento. Algunos procedimientos se pueden realizar con anestesia local, que adormece el \u00e1rea alrededor de la cicatriz. Si se recomienda la cirug\u00eda, el Dr. Azouz utiliza anestesia local con sedaci\u00f3n para ayudar a mantener c\u00f3modo al paciente durante la intervenci\u00f3n quir\u00fargica.<\/p>\n<h2>Riesgos de la cirug\u00eda<\/h2>\n<p>Si bien la eliminaci\u00f3n de cicatrices hipertr\u00f3ficas es generalmente segura, existen riesgos potenciales como infecci\u00f3n, entumecimiento temporal o sangrado. El Dr. Azouz discutir\u00e1 estos riesgos antes de la cirug\u00eda junto con las t\u00e9cnicas espec\u00edficas que se tomar\u00e1n para reducirlos.<\/p>\n<h2>Recuperaci\u00f3n despu\u00e9s de la cirug\u00eda<\/h2>\n<p><img decoding=\"async\" src=\"https:\/\/www.drazouz.com\/wp-content\/uploads\/2024\/06\/bigstock-Keloid-Scar-hypertrophic-Scar-362651116.jpg\" alt=\"cicatriz queloidal\" width=\"360\" class=\"alignleft wp-image-14571\" srcset=\"https:\/\/www.drazouz.com\/wp-content\/uploads\/2024\/06\/bigstock-Keloid-Scar-hypertrophic-Scar-362651116.jpg 1600w, https:\/\/www.drazouz.com\/wp-content\/uploads\/2024\/06\/bigstock-Keloid-Scar-hypertrophic-Scar-362651116-300x200.jpg 300w, https:\/\/www.drazouz.com\/wp-content\/uploads\/2024\/06\/bigstock-Keloid-Scar-hypertrophic-Scar-362651116-1024x683.jpg 1024w, https:\/\/www.drazouz.com\/wp-content\/uploads\/2024\/06\/bigstock-Keloid-Scar-hypertrophic-Scar-362651116-768x512.jpg 768w, https:\/\/www.drazouz.com\/wp-content\/uploads\/2024\/06\/bigstock-Keloid-Scar-hypertrophic-Scar-362651116-1536x1024.jpg 1536w\" sizes=\"(max-width: 1600px) 100vw, 1600px\" \/><\/p>\n<p class=\"clearfix\">La recuperaci\u00f3n depende del procedimiento espec\u00edfico utilizado para tratar la cicatriz hipertr\u00f3fica y la contractura cicatricial. Normalmente, puede haber algo de hinchaz\u00f3n que se resuelve con el tiempo. Durante sus visitas de seguimiento rutinarias, el Dr. Azouz supervisar\u00e1 su progreso y dar\u00e1 recomendaciones personalizadas para mejorar la cicatrizaci\u00f3n. Es recomendable evitar la exposici\u00f3n directa al sol y usar protector solar mientras la cicatriz se cura.<\/p>\n<h2>Costo del tratamiento para cicatrices hipertr\u00f3ficas<\/h2>\n<p>El costo de la eliminaci\u00f3n de cicatrices hipertr\u00f3ficas var\u00eda seg\u00fan factores como la t\u00e9cnica utilizada, la complejidad del caso, la anestesia y las tarifas del centro m\u00e9dico. El Dr. Azouz proporciona un presupuesto detallado seg\u00fan su plan de tratamiento \u00fanico durante su consulta.<\/p>\n<h2>Agende su consulta con el Dr. Azouz<\/h2>\n<p>Eliminar cicatrices hipertr\u00f3ficas puede mejorar significativamente su apariencia y aliviar su malestar. Llame a la oficina al <a href=\"tel:9727028888\" class=\"phone_anchor \" aria-label=\"ll\u00e1manos (972) 702-8888\">(972) 702-8888<\/a> o <a href=\"https:\/\/www.drazouz.com\/es\/contact\/\">cont\u00e1ctenos en l\u00ednea<\/a> para programar su cita con el Dr. Azouz hoy mismo y explorar las opciones del mejor tratamiento para cicatrices hipertr\u00f3ficas.<\/p>\n<h3>Preguntas frecuentes<\/h3>\n<dl id=\"faq-1\" class=\"flc-faq\"><dt id=\"l11\"><button class=\"card-header collapsed d-flex align-items-center w-100 text-left\" data-toggle=\"collapse\" data-target=\"#t11\" aria-expanded=\"false\" aria-controls=\"t11\"><i class=\"ml-1 fas fa-chevron-down\"><\/i> \u00bfCu\u00e1l es la diferencia entre las cicatrices hipertr\u00f3ficas y los queloides?<\/button><\/dt><dd id=\"t11\" class=\"m-0 collapse\" aria-labelledby=\"l11\" aria-expanded=\"false\" data-parent=\"#faq-1\"><div class=\"card-body\"><p><a href=\"https:\/\/www.drazouz.com\/es\/keloid-scars-removal\/\">Los queloides <\/a>crecen fuera de los bordes de la incisi\u00f3n y pueden eventualmente llegar a ser considerablemente m\u00e1s grandes que las cicatrices hipertr\u00f3ficas, las cuales est\u00e1n elevadas y permanecen dentro de los l\u00edmites originales de la herida.<\/p>\n<\/div><\/dd><dt id=\"l12\"><button class=\"card-header collapsed d-flex align-items-center w-100 text-left\" data-toggle=\"collapse\" data-target=\"#t12\" aria-expanded=\"false\" aria-controls=\"t12\"><i class=\"ml-1 fas fa-chevron-down\"><\/i> \u00bfC\u00f3mo afectan las cicatrices hipertr\u00f3ficas del acn\u00e9 a diferentes tipos de piel?<\/button><\/dt><dd id=\"t12\" class=\"m-0 collapse\" aria-labelledby=\"l12\" aria-expanded=\"false\" data-parent=\"#faq-1\"><div class=\"card-body\"><p>Dependiendo del tipo de piel, las cicatrices hipertr\u00f3ficas del acn\u00e9 pueden aparecer de manera diferente.<\/p>\n<ul>\n<li>\nTono de piel m\u00e1s claro: Con el cuidado adecuado y el tiempo, las cicatrices pueden desaparecer progresivamente de su apariencia rojiza o rosada.<\/li>\n<li>Tono de piel m\u00e1s oscuro: Las cicatrices hiperpigmentadas pueden tener un tono m\u00e1s oscuro y es m\u00e1s probable que causen inflamaci\u00f3n prolongada, as\u00ed como un mayor riesgo de hiperpigmentaci\u00f3n post-inflamatoria (HPI).<\/li>\n<\/ul>\n<\/div><\/dd><dt id=\"l13\"><button class=\"card-header collapsed d-flex align-items-center w-100 text-left\" data-toggle=\"collapse\" data-target=\"#t13\" aria-expanded=\"false\" aria-controls=\"t13\"><i class=\"ml-1 fas fa-chevron-down\"><\/i> \u00bfC\u00f3mo influencian las condiciones de salud subyacentes en el desarrollo de cicatrices hipertr\u00f3ficas del acn\u00e9?<\/button><\/dt><dd id=\"t13\" class=\"m-0 collapse\" aria-labelledby=\"l13\" aria-expanded=\"false\" data-parent=\"#faq-1\"><div class=\"card-body\"><p>Las condiciones m\u00e9dicas subyacentes pueden tener un impacto en la curaci\u00f3n y formaci\u00f3n de cicatrices:<\/p>\n<ul>\n<li>\nTrastornos autoinmunes: Trastornos como la artritis reumatoide o el lupus pueden interferir con el mecanismo natural de curaci\u00f3n de la piel, lo que puede aumentar la posibilidad de cicatrizaci\u00f3n hipertr\u00f3fica.<\/li>\n<li>Condiciones vasculares: Los trastornos relacionados con la circulaci\u00f3n pueden afectar c\u00f3mo se forman las cicatrices y c\u00f3mo responden al tratamiento.<\/li>\n<li>Desequilibrios hormonales: Cambios en los niveles hormonales, como los que ocurren durante el embarazo o la pubertad, pueden influir en la formaci\u00f3n de cicatrices y en la producci\u00f3n de col\u00e1geno.<\/li>\n<\/ul>\n<\/div><\/dd><dt id=\"l14\"><button class=\"card-header collapsed d-flex align-items-center w-100 text-left\" data-toggle=\"collapse\" data-target=\"#t14\" aria-expanded=\"false\" aria-controls=\"t14\"><i class=\"ml-1 fas fa-chevron-down\"><\/i>  \u00bfPueden las alteraciones en el estilo de vida afectar el resultado del tratamiento de las cicatrices hipertr\u00f3ficas del acn\u00e9?<\/button><\/dt><dd id=\"t14\" class=\"m-0 collapse\" aria-labelledby=\"l14\" aria-expanded=\"false\" data-parent=\"#faq-1\"><div class=\"card-body\"><p>S\u00ed, las alteraciones en el estilo de vida pueden jugar un papel en los resultados del tratamiento de las cicatrices:<\/p>\n<ul>\n<li>\nDejar de fumar: Dejar de fumar podr\u00eda acelerar la cicatrizaci\u00f3n de las heridas y reducir su riesgo.<\/li>\n<li>Nutrici\u00f3n: Una dieta equilibrada rica en vitaminas y antioxidantes puede apoyar la salud general y los procesos de curaci\u00f3n de la piel.<\/li>\n<\/ul>\n<\/div><\/dd><\/dl>\n","protected":false},"excerpt":{"rendered":"<p>Las cicatrices hipertr\u00f3ficas pueden formarse en el rostro como resultado de un acn\u00e9 severo. Tambi\u00e9n son t\u00edpicas<br \/><a href=\"https:\/\/www.drazouz.com\/es\/cicatrices-hipertroficas-eliminacion\/\" class=\"btn btn-blue mt-3\">Sigue leyendo<\/a><\/p>\n","protected":false},"author":1,"featured_media":11397,"parent":9740,"menu_order":0,"comment_status":"closed","ping_status":"closed","template":"","meta":{"_acf_changed":false,"footnotes":""},"class_list":["post-10578","page","type-page","status-publish","has-post-thumbnail"],"acf":[],"yoast_head":"<!-- This site is optimized with the Yoast SEO plugin v27.4 - https:\/\/yoast.com\/product\/yoast-seo-wordpress\/ -->\n<title>Cicatrices Hipertr\u00f3ficas | Azouz Cirug\u00eda Pl\u00e1stica y Est\u00e9tica<\/title>\n<meta name=\"robots\" content=\"index, follow, max-snippet:-1, max-image-preview:large, max-video-preview:-1\" \/>\n<link rel=\"canonical\" href=\"https:\/\/www.drazouz.com\/es\/cicatrices-hipertroficas-eliminacion\/\" \/>\n<meta property=\"og:locale\" content=\"es_ES\" \/>\n<meta property=\"og:type\" content=\"article\" \/>\n<meta property=\"og:title\" content=\"Cicatrices Hipertr\u00f3ficas | Azouz Cirug\u00eda Pl\u00e1stica y Est\u00e9tica\" \/>\n<meta property=\"og:description\" content=\"Las cicatrices hipertr\u00f3ficas pueden formarse en el rostro como resultado de un acn\u00e9 severo. Tambi\u00e9n son t\u00edpicasSigue leyendo\" \/>\n<meta property=\"og:url\" content=\"https:\/\/www.drazouz.com\/es\/cicatrices-hipertroficas-eliminacion\/\" \/>\n<meta property=\"og:site_name\" content=\"Azouz Cirug\u00eda Pl\u00e1stica y Est\u00e9tica\" \/>\n<meta property=\"article:modified_time\" content=\"2024-06-20T11:12:05+00:00\" \/>\n<meta property=\"og:image\" content=\"https:\/\/www.drazouz.com\/wp-content\/uploads\/2024\/01\/bigstock-Hypertrophic-Keloid-Scar-On-Wo-388976686.jpg\" \/>\n<meta name=\"twitter:card\" content=\"summary_large_image\" \/>\n<meta name=\"twitter:image\" content=\"https:\/\/www.drazouz.com\/wp-content\/uploads\/2024\/01\/bigstock-Hypertrophic-Keloid-Scar-On-Wo-388976686.jpg\" \/>\n<meta name=\"twitter:label1\" content=\"Tiempo de lectura\" \/>\n\t<meta name=\"twitter:data1\" content=\"6 minutos\" \/>\n<!-- \/ Yoast SEO plugin. -->","yoast_head_json":{"title":"Cicatrices Hipertr\u00f3ficas | Azouz Cirug\u00eda Pl\u00e1stica y Est\u00e9tica","robots":{"index":"index","follow":"follow","max-snippet":"max-snippet:-1","max-image-preview":"max-image-preview:large","max-video-preview":"max-video-preview:-1"},"canonical":"https:\/\/www.drazouz.com\/es\/cicatrices-hipertroficas-eliminacion\/","og_locale":"es_ES","og_type":"article","og_title":"Cicatrices Hipertr\u00f3ficas | Azouz Cirug\u00eda Pl\u00e1stica y Est\u00e9tica","og_description":"Las cicatrices hipertr\u00f3ficas pueden formarse en el rostro como resultado de un acn\u00e9 severo. Tambi\u00e9n son t\u00edpicasSigue leyendo","og_url":"https:\/\/www.drazouz.com\/es\/cicatrices-hipertroficas-eliminacion\/","og_site_name":"Azouz Cirug\u00eda Pl\u00e1stica y Est\u00e9tica","article_modified_time":"2024-06-20T11:12:05+00:00","og_image":[{"url":"https:\/\/www.drazouz.com\/wp-content\/uploads\/2024\/01\/bigstock-Hypertrophic-Keloid-Scar-On-Wo-388976686.jpg","type":"","width":"","height":""}],"twitter_card":"summary_large_image","twitter_image":"https:\/\/www.drazouz.com\/wp-content\/uploads\/2024\/01\/bigstock-Hypertrophic-Keloid-Scar-On-Wo-388976686.jpg","twitter_misc":{"Tiempo de lectura":"6 minutos"},"schema":{"@context":"https:\/\/schema.org","@graph":[{"@type":"WebPage","@id":"https:\/\/www.drazouz.com\/es\/cicatrices-hipertroficas-eliminacion\/","url":"https:\/\/www.drazouz.com\/es\/cicatrices-hipertroficas-eliminacion\/","name":"Cicatrices Hipertr\u00f3ficas | Azouz Cirug\u00eda Pl\u00e1stica y Est\u00e9tica","isPartOf":{"@id":"https:\/\/www.drazouz.com\/es\/#website"},"primaryImageOfPage":{"@id":"https:\/\/www.drazouz.com\/es\/cicatrices-hipertroficas-eliminacion\/#primaryimage"},"image":{"@id":"https:\/\/www.drazouz.com\/es\/cicatrices-hipertroficas-eliminacion\/#primaryimage"},"thumbnailUrl":"https:\/\/www.drazouz.com\/wp-content\/uploads\/2024\/01\/bigstock-Hypertrophic-Keloid-Scar-On-Wo-388976686.jpg","datePublished":"2022-07-27T19:57:30+00:00","dateModified":"2024-06-20T11:12:05+00:00","breadcrumb":{"@id":"https:\/\/www.drazouz.com\/es\/cicatrices-hipertroficas-eliminacion\/#breadcrumb"},"inLanguage":"es","potentialAction":[{"@type":"ReadAction","target":["https:\/\/www.drazouz.com\/es\/cicatrices-hipertroficas-eliminacion\/"]}]},{"@type":"ImageObject","inLanguage":"es","@id":"https:\/\/www.drazouz.com\/es\/cicatrices-hipertroficas-eliminacion\/#primaryimage","url":"https:\/\/www.drazouz.com\/wp-content\/uploads\/2024\/01\/bigstock-Hypertrophic-Keloid-Scar-On-Wo-388976686.jpg","contentUrl":"https:\/\/www.drazouz.com\/wp-content\/uploads\/2024\/01\/bigstock-Hypertrophic-Keloid-Scar-On-Wo-388976686.jpg","width":1918,"height":915,"caption":"woman face before and after laser treatment"},{"@type":"BreadcrumbList","@id":"https:\/\/www.drazouz.com\/es\/cicatrices-hipertroficas-eliminacion\/#breadcrumb","itemListElement":[{"@type":"ListItem","position":1,"name":"Home","item":"https:\/\/www.drazouz.com\/es\/"},{"@type":"ListItem","position":2,"name":"Procedimientos","item":"https:\/\/www.drazouz.com\/es\/procedimientos\/"},{"@type":"ListItem","position":3,"name":"Eliminaci\u00f3n y Revisi\u00f3n de Cicatrices","item":"https:\/\/www.drazouz.com\/es\/eliminacion-revision-cicatrices\/"},{"@type":"ListItem","position":4,"name":"Cicatrices Hipertr\u00f3ficas"}]},{"@type":"WebSite","@id":"https:\/\/www.drazouz.com\/es\/#website","url":"https:\/\/www.drazouz.com\/es\/","name":"Azouz Cirug\u00eda Pl\u00e1stica y Est\u00e9tica","description":"","potentialAction":[{"@type":"SearchAction","target":{"@type":"EntryPoint","urlTemplate":"https:\/\/www.drazouz.com\/es\/?s={search_term_string}"},"query-input":{"@type":"PropertyValueSpecification","valueRequired":true,"valueName":"search_term_string"}}],"inLanguage":"es"}]}},"_links":{"self":[{"href":"https:\/\/www.drazouz.com\/es\/wp-json\/wp\/v2\/pages\/10578","targetHints":{"allow":["GET"]}}],"collection":[{"href":"https:\/\/www.drazouz.com\/es\/wp-json\/wp\/v2\/pages"}],"about":[{"href":"https:\/\/www.drazouz.com\/es\/wp-json\/wp\/v2\/types\/page"}],"author":[{"embeddable":true,"href":"https:\/\/www.drazouz.com\/es\/wp-json\/wp\/v2\/users\/1"}],"replies":[{"embeddable":true,"href":"https:\/\/www.drazouz.com\/es\/wp-json\/wp\/v2\/comments?post=10578"}],"version-history":[{"count":6,"href":"https:\/\/www.drazouz.com\/es\/wp-json\/wp\/v2\/pages\/10578\/revisions"}],"predecessor-version":[{"id":10583,"href":"https:\/\/www.drazouz.com\/es\/wp-json\/wp\/v2\/pages\/10578\/revisions\/10583"}],"up":[{"embeddable":true,"href":"https:\/\/www.drazouz.com\/es\/wp-json\/wp\/v2\/pages\/9740"}],"wp:featuredmedia":[{"embeddable":true,"href":"https:\/\/www.drazouz.com\/es\/wp-json\/wp\/v2\/media\/11397"}],"wp:attachment":[{"href":"https:\/\/www.drazouz.com\/es\/wp-json\/wp\/v2\/media?parent=10578"}],"curies":[{"name":"wp","href":"https:\/\/api.w.org\/{rel}","templated":true}]}}