{"id":10568,"date":"2022-07-25T05:15:17","date_gmt":"2022-07-25T10:15:17","guid":{"rendered":"https:\/\/www.drazouz.com\/?page_id=10568"},"modified":"2024-01-19T06:40:37","modified_gmt":"2024-01-19T11:40:37","slug":"reparacion-de-fractura-orbital","status":"publish","type":"page","link":"https:\/\/www.drazouz.com\/es\/orbital-fractura-reparacion\/","title":{"rendered":"Reparaci\u00f3n de Fractura Orbital"},"content":{"rendered":"<p>Una fractura orbital es cualquier hueso roto alrededor del ojo. Esta \u00e1rea delicada y vitalmente importante tambi\u00e9n se conoce como la \u00f3rbita o cavidad ocular. Las fracturas orbitales suelen ser el resultado de un traumatismo contundente significativo, pero a menudo ocurren con otras lesiones y pueden no ser f\u00e1ciles de detectar. Esto es com\u00fan en lesiones laborales, donde el traumatismo craneal a menudo se centra en laceraciones, fracturas craneales, conmociones cerebrales y otras funciones cerebrales. Si las fracturas orbitales no se corrigen con <a title=\"Cirug\u00eda Pl\u00e1stica Reconstructiva en Dallas, TX\" href=\"https:\/\/www.drazouz.com\/es\/facial-reconstructive-surgery\/\"><em><strong>cirug\u00eda reconstructiva<\/strong><\/em><\/a>, pueden causar da\u00f1o permanente en el ojo. El Dr. Azouz de Azouz Plastic and Cosmetic Surgery proporciona tratamiento para fracturas orbitales para asegurar que tu visi\u00f3n est\u00e9 protegida y tus rasgos permanezcan intactos.<\/p>\n<h2>S\u00edntomas de Fractura de la Cavidad Ocular<\/h2>\n<p>Algunas fracturas de la cavidad ocular no necesitan intervenci\u00f3n quir\u00fargica. Estas suelen ser peque\u00f1as y no causan da\u00f1o visual o est\u00e9tico. Las fracturas m\u00e1s graves pueden da\u00f1ar tendones y restringir el movimiento ocular, causar dolor al mover el ojo e afectar la visi\u00f3n. Lesiones laborales significativas, como ca\u00eddas o ser golpeado por maquinaria, tambi\u00e9n pueden cambiar tu apariencia alterando los contornos naturales de la \u00f3rbita ocular o cambiando la posici\u00f3n del globo ocular.<\/p>\n<p>Los s\u00edntomas comunes de una fractura de la cavidad ocular incluyen:<\/p>\n<ul>\n<li>Visi\u00f3n borrosa o doble<\/li>\n<li>Hormigueo facial<\/li>\n<li>Dolor al mover los ojos<\/li>\n<li>Dificultad para mover el ojo<\/li>\n<li>Ojo protruido<\/li>\n<li>Ojo o mejilla hundidos<\/li>\n<li>N\u00e1useas al mover los ojos<\/li>\n<li>Cambio en la posici\u00f3n del globo ocular<\/li>\n<li>Contorno irregular de la cavidad ocular<\/li>\n<\/ul>\n<p>Si la fractura de la cavidad ocular est\u00e1 causando estos s\u00edntomas, puede ser necesario un tratamiento para la fractura orbital. La cirug\u00eda reconstructiva puede abordar estos problemas al mismo tiempo que mantiene o restaura una apariencia natural.<\/p>\n<h3>Tratamiento de Fracturas Orbitales por Compensaci\u00f3n Laboral<\/h3>\n<p>El seguro de compensaci\u00f3n laboral puede pagar por el tratamiento de fracturas orbitales cuando hay una funci\u00f3n del ojo afectada. Sin embargo, cada caso es \u00fanico y el Dr. Azouz no puede brindar asesoramiento legal sobre reclamaciones de compensaci\u00f3n laboral. Como cirujano pl\u00e1stico con formaci\u00f3n de beca y certificaci\u00f3n de la junta, trabaja con reclamaciones aprobadas para corregir fracturas orbitales y otros traumas faciales relacionados con el trabajo. Con cuidado y compasi\u00f3n, puede abordar tus preocupaciones y comprende el miedo y la frustraci\u00f3n causados por las lesiones laborales. Su objetivo es restaurar la funci\u00f3n y lograr una apariencia natural y equilibrada.<\/p>\n<p>Si tienes s\u00edntomas de una fractura de la cavidad ocular relacionada con el trabajo, <a title=\"Contacta a Azouz Cosmetic &amp; Plastic Surgery en Dallas TX\" href=\"https:\/\/www.drazouz.com\/es\/contact\/\"><em><strong>contacta a Azouz Plastic and Cosmetic Surgery<\/strong><\/em><\/a> hoy para discutir el tratamiento de fracturas orbitales.<\/p>\n","protected":false},"excerpt":{"rendered":"<p>Una fractura orbital es cualquier hueso roto alrededor del ojo. Esta \u00e1rea delicada y vitalmente importante tambi\u00e9n<br \/><a href=\"https:\/\/www.drazouz.com\/es\/orbital-fractura-reparacion\/\" class=\"btn btn-blue mt-3\">Sigue leyendo<\/a><\/p>\n","protected":false},"author":1,"featured_media":10805,"parent":10545,"menu_order":0,"comment_status":"closed","ping_status":"closed","template":"","meta":{"_acf_changed":false,"footnotes":""},"class_list":["post-10568","page","type-page","status-publish","has-post-thumbnail"],"acf":[],"yoast_head":"<!-- This site is optimized with the Yoast SEO plugin v27.4 - https:\/\/yoast.com\/product\/yoast-seo-wordpress\/ -->\n<title>Reparaci\u00f3n de Fractura Orbital | Azouz Cirug\u00eda Pl\u00e1stica y Est\u00e9tica<\/title>\n<meta name=\"robots\" content=\"index, follow, max-snippet:-1, max-image-preview:large, max-video-preview:-1\" \/>\n<link rel=\"canonical\" href=\"https:\/\/www.drazouz.com\/es\/orbital-fractura-reparacion\/\" \/>\n<meta property=\"og:locale\" content=\"es_ES\" \/>\n<meta property=\"og:type\" content=\"article\" \/>\n<meta property=\"og:title\" content=\"Reparaci\u00f3n de Fractura Orbital | Azouz Cirug\u00eda Pl\u00e1stica y Est\u00e9tica\" \/>\n<meta property=\"og:description\" content=\"Una fractura orbital es cualquier hueso roto alrededor del ojo. Esta \u00e1rea delicada y vitalmente importante tambi\u00e9nSigue leyendo\" \/>\n<meta property=\"og:url\" content=\"https:\/\/www.drazouz.com\/es\/orbital-fractura-reparacion\/\" \/>\n<meta property=\"og:site_name\" content=\"Azouz Cirug\u00eda Pl\u00e1stica y Est\u00e9tica\" \/>\n<meta property=\"article:modified_time\" content=\"2024-01-19T11:40:37+00:00\" \/>\n<meta property=\"og:image\" content=\"https:\/\/www.drazouz.com\/wp-content\/uploads\/2024\/01\/header-image-011911.jpeg\" \/>\n<meta name=\"twitter:card\" content=\"summary_large_image\" \/>\n<meta name=\"twitter:image\" content=\"https:\/\/www.drazouz.com\/wp-content\/uploads\/2024\/01\/header-image-011911.jpeg\" \/>\n<meta name=\"twitter:label1\" content=\"Tiempo de lectura\" \/>\n\t<meta name=\"twitter:data1\" content=\"2 minutos\" \/>\n<!-- \/ Yoast SEO plugin. -->","yoast_head_json":{"title":"Reparaci\u00f3n de Fractura Orbital | Azouz Cirug\u00eda Pl\u00e1stica y Est\u00e9tica","robots":{"index":"index","follow":"follow","max-snippet":"max-snippet:-1","max-image-preview":"max-image-preview:large","max-video-preview":"max-video-preview:-1"},"canonical":"https:\/\/www.drazouz.com\/es\/orbital-fractura-reparacion\/","og_locale":"es_ES","og_type":"article","og_title":"Reparaci\u00f3n de Fractura Orbital | Azouz Cirug\u00eda Pl\u00e1stica y Est\u00e9tica","og_description":"Una fractura orbital es cualquier hueso roto alrededor del ojo. Esta \u00e1rea delicada y vitalmente importante tambi\u00e9nSigue leyendo","og_url":"https:\/\/www.drazouz.com\/es\/orbital-fractura-reparacion\/","og_site_name":"Azouz Cirug\u00eda Pl\u00e1stica y Est\u00e9tica","article_modified_time":"2024-01-19T11:40:37+00:00","og_image":[{"url":"https:\/\/www.drazouz.com\/wp-content\/uploads\/2024\/01\/header-image-011911.jpeg","type":"","width":"","height":""}],"twitter_card":"summary_large_image","twitter_image":"https:\/\/www.drazouz.com\/wp-content\/uploads\/2024\/01\/header-image-011911.jpeg","twitter_misc":{"Tiempo de lectura":"2 minutos"},"schema":{"@context":"https:\/\/schema.org","@graph":[{"@type":"WebPage","@id":"https:\/\/www.drazouz.com\/es\/orbital-fractura-reparacion\/","url":"https:\/\/www.drazouz.com\/es\/orbital-fractura-reparacion\/","name":"Reparaci\u00f3n de Fractura Orbital | Azouz Cirug\u00eda Pl\u00e1stica y Est\u00e9tica","isPartOf":{"@id":"https:\/\/www.drazouz.com\/es\/#website"},"primaryImageOfPage":{"@id":"https:\/\/www.drazouz.com\/es\/orbital-fractura-reparacion\/#primaryimage"},"image":{"@id":"https:\/\/www.drazouz.com\/es\/orbital-fractura-reparacion\/#primaryimage"},"thumbnailUrl":"https:\/\/www.drazouz.com\/wp-content\/uploads\/2024\/01\/header-image-011911.jpeg","datePublished":"2022-07-25T10:15:17+00:00","dateModified":"2024-01-19T11:40:37+00:00","breadcrumb":{"@id":"https:\/\/www.drazouz.com\/es\/orbital-fractura-reparacion\/#breadcrumb"},"inLanguage":"es","potentialAction":[{"@type":"ReadAction","target":["https:\/\/www.drazouz.com\/es\/orbital-fractura-reparacion\/"]}]},{"@type":"ImageObject","inLanguage":"es","@id":"https:\/\/www.drazouz.com\/es\/orbital-fractura-reparacion\/#primaryimage","url":"https:\/\/www.drazouz.com\/wp-content\/uploads\/2024\/01\/header-image-011911.jpeg","contentUrl":"https:\/\/www.drazouz.com\/wp-content\/uploads\/2024\/01\/header-image-011911.jpeg","width":1918,"height":815,"caption":"3-D rendering image showing compression fracture of left temperoparietal bone, fracture of left orbital rim and left zygomatic fracture | Orbital Fracture Repair"},{"@type":"BreadcrumbList","@id":"https:\/\/www.drazouz.com\/es\/orbital-fractura-reparacion\/#breadcrumb","itemListElement":[{"@type":"ListItem","position":1,"name":"Home","item":"https:\/\/www.drazouz.com\/es\/"},{"@type":"ListItem","position":2,"name":"Procedimientos","item":"https:\/\/www.drazouz.com\/es\/procedimientos\/"},{"@type":"ListItem","position":3,"name":"Cirug\u00eda Reconstructiva","item":"https:\/\/www.drazouz.com\/es\/cirugia-reconstructiva\/"},{"@type":"ListItem","position":4,"name":"Reparaci\u00f3n de Fractura Orbital"}]},{"@type":"WebSite","@id":"https:\/\/www.drazouz.com\/es\/#website","url":"https:\/\/www.drazouz.com\/es\/","name":"Azouz Cirug\u00eda Pl\u00e1stica y Est\u00e9tica","description":"","potentialAction":[{"@type":"SearchAction","target":{"@type":"EntryPoint","urlTemplate":"https:\/\/www.drazouz.com\/es\/?s={search_term_string}"},"query-input":{"@type":"PropertyValueSpecification","valueRequired":true,"valueName":"search_term_string"}}],"inLanguage":"es"}]}},"_links":{"self":[{"href":"https:\/\/www.drazouz.com\/es\/wp-json\/wp\/v2\/pages\/10568","targetHints":{"allow":["GET"]}}],"collection":[{"href":"https:\/\/www.drazouz.com\/es\/wp-json\/wp\/v2\/pages"}],"about":[{"href":"https:\/\/www.drazouz.com\/es\/wp-json\/wp\/v2\/types\/page"}],"author":[{"embeddable":true,"href":"https:\/\/www.drazouz.com\/es\/wp-json\/wp\/v2\/users\/1"}],"replies":[{"embeddable":true,"href":"https:\/\/www.drazouz.com\/es\/wp-json\/wp\/v2\/comments?post=10568"}],"version-history":[{"count":2,"href":"https:\/\/www.drazouz.com\/es\/wp-json\/wp\/v2\/pages\/10568\/revisions"}],"predecessor-version":[{"id":10571,"href":"https:\/\/www.drazouz.com\/es\/wp-json\/wp\/v2\/pages\/10568\/revisions\/10571"}],"up":[{"embeddable":true,"href":"https:\/\/www.drazouz.com\/es\/wp-json\/wp\/v2\/pages\/10545"}],"wp:featuredmedia":[{"embeddable":true,"href":"https:\/\/www.drazouz.com\/es\/wp-json\/wp\/v2\/media\/10805"}],"wp:attachment":[{"href":"https:\/\/www.drazouz.com\/es\/wp-json\/wp\/v2\/media?parent=10568"}],"curies":[{"name":"wp","href":"https:\/\/api.w.org\/{rel}","templated":true}]}}