{"id":10562,"date":"2022-07-25T05:10:49","date_gmt":"2022-07-25T10:10:49","guid":{"rendered":"https:\/\/www.drazouz.com\/?page_id=10562"},"modified":"2025-05-29T09:19:31","modified_gmt":"2025-05-29T14:19:31","slug":"reconstruccion-nasal","status":"publish","type":"page","link":"https:\/\/www.drazouz.com\/es\/reconstruccion-nasal-cirugia-plastica\/","title":{"rendered":"Reconstrucci\u00f3n Nasal"},"content":{"rendered":"<p>Tu nariz es una de las estructuras faciales m\u00e1s propensas a lesionarse durante un accidente. Fracturas, colapso del cart\u00edlago, desviaci\u00f3n del tabique y cambios est\u00e9ticos son resultados frecuentes de tales lesiones. Las lesiones nasales son muy dolorosas y el da\u00f1o interno puede ser m\u00e1s significativo de lo que parece desde el exterior. Mientras que algunas lesiones nasales son evidencia clara de una estructura interna comprometida, otras solo se reconocen m\u00e1s tarde a medida que el cart\u00edlago se desintegra o surgen problemas respiratorios. Despu\u00e9s de recibir atenci\u00f3n m\u00e9dica de emergencia, contactar al Dr. Azouz de inmediato puede <a title=\"Cirug\u00eda Pl\u00e1stica Reconstructiva en Dallas, TX\" href=\"https:\/\/www.drazouz.com\/es\/facial-reconstructive-surgery\/\"><em><strong>minimizar el da\u00f1o funcional y est\u00e9tico<\/strong><\/em><\/a> con la cirug\u00eda de reconstrucci\u00f3n nasal.<\/p>\n<h2>Cirug\u00eda de Reparaci\u00f3n de Trauma Nasal Antiguo<\/h2>\n<p>\u00bfTienes lesiones nasales antiguas que afectan tu calidad de vida? El Dr. Azouz puede realizar cirug\u00eda de reconstrucci\u00f3n nasal en lesiones preexistentes para restaurar la apariencia est\u00e9tica y la funci\u00f3n adecuada. Es posible que hayas fracturado tu nariz y la hayan colocado en un departamento de emergencias sin examinar las estructuras internas. Esta es una causa com\u00fan de cart\u00edlago comprometido y puede llevar a una desviaci\u00f3n del tabique o colapso del puente nasal. En casos graves, puedes desarrollar una deformidad de la nariz en silla de montar.<\/p>\n<p>La cirug\u00eda de reconstrucci\u00f3n nasal es m\u00e1s compleja que la rinoplastia t\u00edpica. Tu nariz est\u00e1 compuesta principalmente de cart\u00edlago, y aunque es fuerte y flexible, no se repara por s\u00ed misma de la misma manera que lo hacen otros tejidos. Este tipo de cirug\u00eda reconstructiva requiere reconstruir y reforzar la estructura subyacente de la nariz. Para hacer esto, se injerta cart\u00edlago de otra \u00e1rea de tu cuerpo sobre las estructuras existentes y se utilizan f\u00e9rulas como soporte. Luego, el Dr. Azouz da forma a esta nueva estructura para crear una nariz estable y hermosa que sea natural y equilibrada con tus rasgos faciales.<\/p>\n<h3>Reconstrucci\u00f3n Nasal en Dallas, TX<\/h3>\n<p>La reconstrucci\u00f3n nasal puede ser un procedimiento que cambia la vida, restaurando las caracter\u00edsticas faciales a su estado natural y mejorando los problemas respiratorios y sinusales. Mientras el Dr. Azouz realiza un examen exhaustivo y crea un plan de tratamiento, escuchar\u00e1 tus preocupaciones y deseos est\u00e9ticos. Combinando su habilidad t\u00e9cnica y su arte, logra resultados impresionantes y una mejor calidad de vida.<\/p>\n<p>Reserva ahora tu consulta de cirug\u00eda de reconstrucci\u00f3n nasal con el cirujano pl\u00e1stico altamente solicitado, con formaci\u00f3n de beca y certificaci\u00f3n de la junta en Dallas, <a title=\"Contacta a Azouz Cosmetic &amp; Plastic Surgery en Dallas TX\" href=\"https:\/\/www.drazouz.com\/es\/contact\/\"><em><strong>contactando a Azouz Plastic and Cosmetic Surgery<\/strong><\/em><\/a>.<\/p>\n","protected":false},"excerpt":{"rendered":"<p>Tu nariz es una de las estructuras faciales m\u00e1s propensas a lesionarse durante un accidente. Fracturas, colapso<br \/><a href=\"https:\/\/www.drazouz.com\/es\/reconstruccion-nasal-cirugia-plastica\/\" class=\"btn btn-blue mt-3\">Sigue leyendo<\/a><\/p>\n","protected":false},"author":1,"featured_media":10791,"parent":10545,"menu_order":0,"comment_status":"closed","ping_status":"closed","template":"template-builder.php","meta":{"_acf_changed":false,"footnotes":""},"class_list":["post-10562","page","type-page","status-publish","has-post-thumbnail"],"acf":[],"yoast_head":"<!-- This site is optimized with the Yoast SEO plugin v27.4 - https:\/\/yoast.com\/product\/yoast-seo-wordpress\/ -->\n<title>Reconstrucci\u00f3n Nasal | Azouz Cirug\u00eda Pl\u00e1stica y Est\u00e9tica<\/title>\n<meta name=\"robots\" content=\"index, follow, max-snippet:-1, max-image-preview:large, max-video-preview:-1\" \/>\n<link rel=\"canonical\" href=\"https:\/\/www.drazouz.com\/es\/reconstruccion-nasal-cirugia-plastica\/\" \/>\n<meta property=\"og:locale\" content=\"es_ES\" \/>\n<meta property=\"og:type\" content=\"article\" \/>\n<meta property=\"og:title\" content=\"Reconstrucci\u00f3n Nasal | Azouz Cirug\u00eda Pl\u00e1stica y Est\u00e9tica\" \/>\n<meta property=\"og:description\" content=\"Tu nariz es una de las estructuras faciales m\u00e1s propensas a lesionarse durante un accidente. Fracturas, colapsoSigue leyendo\" \/>\n<meta property=\"og:url\" content=\"https:\/\/www.drazouz.com\/es\/reconstruccion-nasal-cirugia-plastica\/\" \/>\n<meta property=\"og:site_name\" content=\"Azouz Cirug\u00eda Pl\u00e1stica y Est\u00e9tica\" \/>\n<meta property=\"article:modified_time\" content=\"2025-05-29T14:19:31+00:00\" \/>\n<meta property=\"og:image\" content=\"https:\/\/www.drazouz.com\/wp-content\/uploads\/2024\/01\/header-image-011909.jpeg\" \/>\n<meta name=\"twitter:card\" content=\"summary_large_image\" \/>\n<meta name=\"twitter:image\" content=\"https:\/\/www.drazouz.com\/wp-content\/uploads\/2024\/01\/header-image-011909.jpeg\" \/>\n<meta name=\"twitter:label1\" content=\"Tiempo de lectura\" \/>\n\t<meta name=\"twitter:data1\" content=\"2 minutos\" \/>\n<!-- \/ Yoast SEO plugin. -->","yoast_head_json":{"title":"Reconstrucci\u00f3n Nasal | Azouz Cirug\u00eda Pl\u00e1stica y Est\u00e9tica","robots":{"index":"index","follow":"follow","max-snippet":"max-snippet:-1","max-image-preview":"max-image-preview:large","max-video-preview":"max-video-preview:-1"},"canonical":"https:\/\/www.drazouz.com\/es\/reconstruccion-nasal-cirugia-plastica\/","og_locale":"es_ES","og_type":"article","og_title":"Reconstrucci\u00f3n Nasal | Azouz Cirug\u00eda Pl\u00e1stica y Est\u00e9tica","og_description":"Tu nariz es una de las estructuras faciales m\u00e1s propensas a lesionarse durante un accidente. Fracturas, colapsoSigue leyendo","og_url":"https:\/\/www.drazouz.com\/es\/reconstruccion-nasal-cirugia-plastica\/","og_site_name":"Azouz Cirug\u00eda Pl\u00e1stica y Est\u00e9tica","article_modified_time":"2025-05-29T14:19:31+00:00","og_image":[{"url":"https:\/\/www.drazouz.com\/wp-content\/uploads\/2024\/01\/header-image-011909.jpeg","type":"","width":"","height":""}],"twitter_card":"summary_large_image","twitter_image":"https:\/\/www.drazouz.com\/wp-content\/uploads\/2024\/01\/header-image-011909.jpeg","twitter_misc":{"Tiempo de lectura":"2 minutos"},"schema":{"@context":"https:\/\/schema.org","@graph":[{"@type":"WebPage","@id":"https:\/\/www.drazouz.com\/es\/reconstruccion-nasal-cirugia-plastica\/","url":"https:\/\/www.drazouz.com\/es\/reconstruccion-nasal-cirugia-plastica\/","name":"Reconstrucci\u00f3n Nasal | Azouz Cirug\u00eda Pl\u00e1stica y Est\u00e9tica","isPartOf":{"@id":"https:\/\/www.drazouz.com\/es\/#website"},"primaryImageOfPage":{"@id":"https:\/\/www.drazouz.com\/es\/reconstruccion-nasal-cirugia-plastica\/#primaryimage"},"image":{"@id":"https:\/\/www.drazouz.com\/es\/reconstruccion-nasal-cirugia-plastica\/#primaryimage"},"thumbnailUrl":"https:\/\/www.drazouz.com\/wp-content\/uploads\/2024\/01\/header-image-011909.jpeg","datePublished":"2022-07-25T10:10:49+00:00","dateModified":"2025-05-29T14:19:31+00:00","breadcrumb":{"@id":"https:\/\/www.drazouz.com\/es\/reconstruccion-nasal-cirugia-plastica\/#breadcrumb"},"inLanguage":"es","potentialAction":[{"@type":"ReadAction","target":["https:\/\/www.drazouz.com\/es\/reconstruccion-nasal-cirugia-plastica\/"]}]},{"@type":"ImageObject","inLanguage":"es","@id":"https:\/\/www.drazouz.com\/es\/reconstruccion-nasal-cirugia-plastica\/#primaryimage","url":"https:\/\/www.drazouz.com\/wp-content\/uploads\/2024\/01\/header-image-011909.jpeg","contentUrl":"https:\/\/www.drazouz.com\/wp-content\/uploads\/2024\/01\/header-image-011909.jpeg","width":1918,"height":815,"caption":"man with surgery lines marked in his nose | Nasal Reconstruction"},{"@type":"BreadcrumbList","@id":"https:\/\/www.drazouz.com\/es\/reconstruccion-nasal-cirugia-plastica\/#breadcrumb","itemListElement":[{"@type":"ListItem","position":1,"name":"Home","item":"https:\/\/www.drazouz.com\/es\/"},{"@type":"ListItem","position":2,"name":"Procedimientos","item":"https:\/\/www.drazouz.com\/es\/procedimientos\/"},{"@type":"ListItem","position":3,"name":"Cirug\u00eda Reconstructiva","item":"https:\/\/www.drazouz.com\/es\/cirugia-reconstructiva\/"},{"@type":"ListItem","position":4,"name":"Reconstrucci\u00f3n Nasal"}]},{"@type":"WebSite","@id":"https:\/\/www.drazouz.com\/es\/#website","url":"https:\/\/www.drazouz.com\/es\/","name":"Azouz Cirug\u00eda Pl\u00e1stica y Est\u00e9tica","description":"","potentialAction":[{"@type":"SearchAction","target":{"@type":"EntryPoint","urlTemplate":"https:\/\/www.drazouz.com\/es\/?s={search_term_string}"},"query-input":{"@type":"PropertyValueSpecification","valueRequired":true,"valueName":"search_term_string"}}],"inLanguage":"es"}]}},"_links":{"self":[{"href":"https:\/\/www.drazouz.com\/es\/wp-json\/wp\/v2\/pages\/10562","targetHints":{"allow":["GET"]}}],"collection":[{"href":"https:\/\/www.drazouz.com\/es\/wp-json\/wp\/v2\/pages"}],"about":[{"href":"https:\/\/www.drazouz.com\/es\/wp-json\/wp\/v2\/types\/page"}],"author":[{"embeddable":true,"href":"https:\/\/www.drazouz.com\/es\/wp-json\/wp\/v2\/users\/1"}],"replies":[{"embeddable":true,"href":"https:\/\/www.drazouz.com\/es\/wp-json\/wp\/v2\/comments?post=10562"}],"version-history":[{"count":8,"href":"https:\/\/www.drazouz.com\/es\/wp-json\/wp\/v2\/pages\/10562\/revisions"}],"predecessor-version":[{"id":22000,"href":"https:\/\/www.drazouz.com\/es\/wp-json\/wp\/v2\/pages\/10562\/revisions\/22000"}],"up":[{"embeddable":true,"href":"https:\/\/www.drazouz.com\/es\/wp-json\/wp\/v2\/pages\/10545"}],"wp:featuredmedia":[{"embeddable":true,"href":"https:\/\/www.drazouz.com\/es\/wp-json\/wp\/v2\/media\/10791"}],"wp:attachment":[{"href":"https:\/\/www.drazouz.com\/es\/wp-json\/wp\/v2\/media?parent=10562"}],"curies":[{"name":"wp","href":"https:\/\/api.w.org\/{rel}","templated":true}]}}