{"id":10556,"date":"2022-07-25T05:05:14","date_gmt":"2022-07-25T10:05:14","guid":{"rendered":"https:\/\/www.drazouz.com\/?page_id=10556"},"modified":"2025-01-21T10:17:58","modified_gmt":"2025-01-21T15:17:58","slug":"trauma-facial","status":"publish","type":"page","link":"https:\/\/www.drazouz.com\/es\/trauma-facial-cirugia-plastica\/","title":{"rendered":"Trauma Facial"},"content":{"rendered":"<p>El trauma facial puede abarcar desde huesos rotos hasta laceraciones, quemaduras graves y cualquier cosa intermedia. Los accidentes y lesiones generalmente se consideran que ocurren en tiempo personal, pero eso pasa por alto otra ocurrencia seria de trauma facial: las lesiones en el lugar de trabajo. Trabajar a alturas, con maquinaria compleja o con productos qu\u00edmicos puede aumentar el riesgo de sufrir un trauma facial debido a un accidente. Si resultas herido en un incidente laboral, es importante buscar atenci\u00f3n m\u00e9dica inmediata. Una vez que se aborda la situaci\u00f3n de emergencia, consultar a un cirujano pl\u00e1stico altamente capacitado, como el Dr. Azouz, <a title=\"Cirug\u00eda Pl\u00e1stica Reconstructiva en Dallas, TX\" href=\"https:\/\/www.drazouz.com\/es\/facial-reconstructive-surgery\/\"><em><strong>puede reducir significativamente tus posibilidades de desfiguraci\u00f3n y complicaciones funcionales<\/strong><\/em><\/a> con la cirug\u00eda pl\u00e1stica para el trauma facial.<\/p>\n<h2>\u00bfQui\u00e9n Paga por la Cirug\u00eda de Trauma Facial en el Trabajo?<\/h2>\n<p>Como cirujano pl\u00e1stico, el Dr. Azouz no puede comentar sobre los detalles legales internos de la compensaci\u00f3n laboral. Lo mejor es contar con representaci\u00f3n legal despu\u00e9s de una lesi\u00f3n significativa que requiera cirug\u00eda pl\u00e1stica por trauma facial. Sin embargo, la compensaci\u00f3n laboral ha cubierto cirug\u00edas que restauran la funci\u00f3n necesaria para la calidad de vida diaria. Los procedimientos puramente cosm\u00e9ticos quedan excluidos de esto, pero como cirujano pl\u00e1stico, el Dr. Azouz sabe que restaurar la funci\u00f3n a menudo resulta en cambios est\u00e9ticos positivos. La reparaci\u00f3n de la estructura y la funci\u00f3n siempre se realiza con el mismo nivel de habilidad y cuidado que se usar\u00eda para una lesi\u00f3n no relacionada con el trabajo. El objetivo final es la reparaci\u00f3n del da\u00f1o estructural con una apariencia natural y restaurada.<\/p>\n<h3>Reconstrucci\u00f3n Facial en Plano<\/h3>\n<p>Las deformidades y desfiguraciones causadas por accidentes e lesiones en el lugar de trabajo afectan m\u00e1s que tu apariencia. Pueden cambiar tu capacidad para mover ciertas partes de tu rostro, alterando c\u00f3mo puedes expresarte. La incapacidad para parpadear puede crear problemas oculares graves y las dificultades para respirar pueden provocar infecciones sinusales, apnea del sue\u00f1o y una serie de otros problemas. Las quemaduras pueden crear tejido cicatricial profundo, que requiere cirug\u00eda compleja e injertos de piel.<\/p>\n<p>El Dr. Azouz es un cirujano pl\u00e1stico altamente capacitado, con formaci\u00f3n de beca y certificaci\u00f3n de la junta, con d\u00e9cadas de experiencia. Comprende el miedo, la frustraci\u00f3n y otros impactos emocionales que existen junto con la lesi\u00f3n f\u00edsica en s\u00ed misma. Su enfoque compasivo y dedicaci\u00f3n a resultados superiores atraen a pacientes de muchos pa\u00edses a su pr\u00e1ctica, y te invita a <a title=\"Contacta a Azouz Cosmetic &amp; Plastic Surgery en Dallas TX\" href=\"https:\/\/www.drazouz.com\/es\/contact\/\"><em><strong>contactar su consultorio<\/strong><\/em><\/a> hoy para una consulta sobre cirug\u00eda pl\u00e1stica para trauma facial.<\/p>\n","protected":false},"excerpt":{"rendered":"<p>El trauma facial puede abarcar desde huesos rotos hasta laceraciones, quemaduras graves y cualquier cosa intermedia. Los<br \/><a href=\"https:\/\/www.drazouz.com\/es\/trauma-facial-cirugia-plastica\/\" class=\"btn btn-blue mt-3\">Sigue leyendo<\/a><\/p>\n","protected":false},"author":1,"featured_media":10738,"parent":10545,"menu_order":0,"comment_status":"closed","ping_status":"closed","template":"template-builder.php","meta":{"_acf_changed":false,"footnotes":""},"class_list":["post-10556","page","type-page","status-publish","has-post-thumbnail"],"acf":[],"yoast_head":"<!-- This site is optimized with the Yoast SEO plugin v27.4 - https:\/\/yoast.com\/product\/yoast-seo-wordpress\/ -->\n<title>Trauma Facial | Azouz Cirug\u00eda Pl\u00e1stica y Est\u00e9tica<\/title>\n<meta name=\"robots\" content=\"index, follow, max-snippet:-1, max-image-preview:large, max-video-preview:-1\" \/>\n<link rel=\"canonical\" href=\"https:\/\/www.drazouz.com\/es\/trauma-facial-cirugia-plastica\/\" \/>\n<meta property=\"og:locale\" content=\"es_ES\" \/>\n<meta property=\"og:type\" content=\"article\" \/>\n<meta property=\"og:title\" content=\"Trauma Facial | Azouz Cirug\u00eda Pl\u00e1stica y Est\u00e9tica\" \/>\n<meta property=\"og:description\" content=\"El trauma facial puede abarcar desde huesos rotos hasta laceraciones, quemaduras graves y cualquier cosa intermedia. LosSigue leyendo\" \/>\n<meta property=\"og:url\" content=\"https:\/\/www.drazouz.com\/es\/trauma-facial-cirugia-plastica\/\" \/>\n<meta property=\"og:site_name\" content=\"Azouz Cirug\u00eda Pl\u00e1stica y Est\u00e9tica\" \/>\n<meta property=\"article:modified_time\" content=\"2025-01-21T15:17:58+00:00\" \/>\n<meta property=\"og:image\" content=\"https:\/\/www.drazouz.com\/wp-content\/uploads\/2024\/01\/header-image-011902-1.jpeg\" \/>\n<meta name=\"twitter:card\" content=\"summary_large_image\" \/>\n<meta name=\"twitter:image\" content=\"https:\/\/www.drazouz.com\/wp-content\/uploads\/2024\/01\/header-image-011902-1.jpeg\" \/>\n<meta name=\"twitter:label1\" content=\"Tiempo de lectura\" \/>\n\t<meta name=\"twitter:data1\" content=\"3 minutos\" \/>\n<!-- \/ Yoast SEO plugin. -->","yoast_head_json":{"title":"Trauma Facial | Azouz Cirug\u00eda Pl\u00e1stica y Est\u00e9tica","robots":{"index":"index","follow":"follow","max-snippet":"max-snippet:-1","max-image-preview":"max-image-preview:large","max-video-preview":"max-video-preview:-1"},"canonical":"https:\/\/www.drazouz.com\/es\/trauma-facial-cirugia-plastica\/","og_locale":"es_ES","og_type":"article","og_title":"Trauma Facial | Azouz Cirug\u00eda Pl\u00e1stica y Est\u00e9tica","og_description":"El trauma facial puede abarcar desde huesos rotos hasta laceraciones, quemaduras graves y cualquier cosa intermedia. LosSigue leyendo","og_url":"https:\/\/www.drazouz.com\/es\/trauma-facial-cirugia-plastica\/","og_site_name":"Azouz Cirug\u00eda Pl\u00e1stica y Est\u00e9tica","article_modified_time":"2025-01-21T15:17:58+00:00","og_image":[{"url":"https:\/\/www.drazouz.com\/wp-content\/uploads\/2024\/01\/header-image-011902-1.jpeg","type":"","width":"","height":""}],"twitter_card":"summary_large_image","twitter_image":"https:\/\/www.drazouz.com\/wp-content\/uploads\/2024\/01\/header-image-011902-1.jpeg","twitter_misc":{"Tiempo de lectura":"3 minutos"},"schema":{"@context":"https:\/\/schema.org","@graph":[{"@type":"WebPage","@id":"https:\/\/www.drazouz.com\/es\/trauma-facial-cirugia-plastica\/","url":"https:\/\/www.drazouz.com\/es\/trauma-facial-cirugia-plastica\/","name":"Trauma Facial | Azouz Cirug\u00eda Pl\u00e1stica y Est\u00e9tica","isPartOf":{"@id":"https:\/\/www.drazouz.com\/es\/#website"},"primaryImageOfPage":{"@id":"https:\/\/www.drazouz.com\/es\/trauma-facial-cirugia-plastica\/#primaryimage"},"image":{"@id":"https:\/\/www.drazouz.com\/es\/trauma-facial-cirugia-plastica\/#primaryimage"},"thumbnailUrl":"https:\/\/www.drazouz.com\/wp-content\/uploads\/2024\/01\/header-image-011902-1.jpeg","datePublished":"2022-07-25T10:05:14+00:00","dateModified":"2025-01-21T15:17:58+00:00","breadcrumb":{"@id":"https:\/\/www.drazouz.com\/es\/trauma-facial-cirugia-plastica\/#breadcrumb"},"inLanguage":"es","potentialAction":[{"@type":"ReadAction","target":["https:\/\/www.drazouz.com\/es\/trauma-facial-cirugia-plastica\/"]}]},{"@type":"ImageObject","inLanguage":"es","@id":"https:\/\/www.drazouz.com\/es\/trauma-facial-cirugia-plastica\/#primaryimage","url":"https:\/\/www.drazouz.com\/wp-content\/uploads\/2024\/01\/header-image-011902-1.jpeg","contentUrl":"https:\/\/www.drazouz.com\/wp-content\/uploads\/2024\/01\/header-image-011902-1.jpeg","width":1918,"height":815,"caption":"man with facial injuries | Facial Trauma Plastic Surgery"},{"@type":"BreadcrumbList","@id":"https:\/\/www.drazouz.com\/es\/trauma-facial-cirugia-plastica\/#breadcrumb","itemListElement":[{"@type":"ListItem","position":1,"name":"Home","item":"https:\/\/www.drazouz.com\/es\/"},{"@type":"ListItem","position":2,"name":"Procedimientos","item":"https:\/\/www.drazouz.com\/es\/procedimientos\/"},{"@type":"ListItem","position":3,"name":"Cirug\u00eda Reconstructiva","item":"https:\/\/www.drazouz.com\/es\/cirugia-reconstructiva\/"},{"@type":"ListItem","position":4,"name":"Trauma Facial"}]},{"@type":"WebSite","@id":"https:\/\/www.drazouz.com\/es\/#website","url":"https:\/\/www.drazouz.com\/es\/","name":"Azouz Cirug\u00eda Pl\u00e1stica y Est\u00e9tica","description":"","potentialAction":[{"@type":"SearchAction","target":{"@type":"EntryPoint","urlTemplate":"https:\/\/www.drazouz.com\/es\/?s={search_term_string}"},"query-input":{"@type":"PropertyValueSpecification","valueRequired":true,"valueName":"search_term_string"}}],"inLanguage":"es"}]}},"_links":{"self":[{"href":"https:\/\/www.drazouz.com\/es\/wp-json\/wp\/v2\/pages\/10556","targetHints":{"allow":["GET"]}}],"collection":[{"href":"https:\/\/www.drazouz.com\/es\/wp-json\/wp\/v2\/pages"}],"about":[{"href":"https:\/\/www.drazouz.com\/es\/wp-json\/wp\/v2\/types\/page"}],"author":[{"embeddable":true,"href":"https:\/\/www.drazouz.com\/es\/wp-json\/wp\/v2\/users\/1"}],"replies":[{"embeddable":true,"href":"https:\/\/www.drazouz.com\/es\/wp-json\/wp\/v2\/comments?post=10556"}],"version-history":[{"count":10,"href":"https:\/\/www.drazouz.com\/es\/wp-json\/wp\/v2\/pages\/10556\/revisions"}],"predecessor-version":[{"id":19748,"href":"https:\/\/www.drazouz.com\/es\/wp-json\/wp\/v2\/pages\/10556\/revisions\/19748"}],"up":[{"embeddable":true,"href":"https:\/\/www.drazouz.com\/es\/wp-json\/wp\/v2\/pages\/10545"}],"wp:featuredmedia":[{"embeddable":true,"href":"https:\/\/www.drazouz.com\/es\/wp-json\/wp\/v2\/media\/10738"}],"wp:attachment":[{"href":"https:\/\/www.drazouz.com\/es\/wp-json\/wp\/v2\/media?parent=10556"}],"curies":[{"name":"wp","href":"https:\/\/api.w.org\/{rel}","templated":true}]}}