{"id":10552,"date":"2022-07-25T05:02:26","date_gmt":"2022-07-25T10:02:26","guid":{"rendered":"https:\/\/www.drazouz.com\/?page_id=10552"},"modified":"2024-01-03T12:19:56","modified_gmt":"2024-01-03T17:19:56","slug":"lesiones-por-quemaduras","status":"publish","type":"page","link":"https:\/\/www.drazouz.com\/es\/lesiones-quemaduras-cirugia-plastica\/","title":{"rendered":"Lesiones por Quemaduras"},"content":{"rendered":"<p>Las lesiones por quemaduras en el rostro son traum\u00e1ticas y dejan cicatrices tanto f\u00edsicas como emocionales. Quemaduras desfigurantes que causan da\u00f1o profundo en los tejidos pueden requerir una extensa <a title=\"Cirug\u00eda Pl\u00e1stica Reconstructiva en Dallas, TX\" href=\"https:\/\/www.drazouz.com\/es\/facial-reconstructive-surgery\/\"><em><strong>cirug\u00eda pl\u00e1stica reconstructiva facial<\/strong><\/em><\/a>. El Dr. Azouz de Azouz Plastic and Cosmetic Surgery tiene m\u00e1s de 30 a\u00f1os de experiencia en cirug\u00eda pl\u00e1stica y utiliza su amplio conocimiento y t\u00e9cnicas refinadas para reparar la apariencia cosm\u00e9tica de pacientes gravemente quemados. Al mismo tiempo, su comprensi\u00f3n de la estructura facial y el uso de t\u00e9cnicas innovadoras proporcionan mejoras significativas en la funci\u00f3n. Su enfoque integral para la cirug\u00eda pl\u00e1stica de quemaduras faciales mejora dr\u00e1sticamente la apariencia, eleva la autoestima y mejora la calidad de vida.<\/p>\n<h2>Injertos de Piel en el Rostro en Plano<\/h2>\n<p>La cirug\u00eda pl\u00e1stica de quemaduras faciales es un \u00e1rea extremadamente compleja de la cirug\u00eda pl\u00e1stica reconstructiva facial. Las quemaduras graves pueden afectar la piel, m\u00fasculos, cart\u00edlagos, tendones y huesos. Este da\u00f1o extenso a menudo provoca cicatrices gruesas y tensas y movimientos faciales restringidos. Reparar estos tejidos generalmente requiere injertos de piel y otros tejidos. Con el injerto de piel, el Dr. Azouz hace todo lo posible por minimizar las cicatrices, pero con quemaduras severas y m\u00faltiples injertos, algunas cicatrices permanecer\u00e1n. Sin embargo, las t\u00e9cnicas del Dr. Azouz reducen en gran medida las cicatrices y dan forma a las estructuras en una forma facial natural y agradable.<\/p>\n<p>Reparar quemaduras faciales puede mejorar no solo tu apariencia f\u00edsica, sino tambi\u00e9n reducir las cicatrices emocionales relacionadas con la autoimagen y la autoestima. Con mejoras cosm\u00e9ticas y funcionales, el Dr. Azouz est\u00e1 comprometido a mejorar la calidad de vida de los pacientes con lesiones por quemaduras faciales desde la primera consulta.<\/p>\n<h3>Cirujano Pl\u00e1stico para Lesiones por Quemaduras Faciales en Dallas, TX<\/h3>\n<p>El Dr. Azouz es un destacado y altamente solicitado cirujano pl\u00e1stico ubicado en Dallas, TX. Con t\u00e9cnicas innovadoras, aborda esta extensa cirug\u00eda reconstructiva con el talento tanto de un cirujano como de un artista. Con entrenamiento de beca y certificaci\u00f3n de la junta, se apasiona por brindar atenci\u00f3n excepcional y resultados sobresalientes.<\/p>\n<p>Con servicios disponibles en ingl\u00e9s, espa\u00f1ol y franc\u00e9s, da la bienvenida a pacientes de todos los or\u00edgenes en su consulta. El equipo servicial puede brindar asistencia agilizando tr\u00e1mites de seguros y administrativos, simplificando la financiaci\u00f3n y gui\u00e1ndote hacia servicios de viaje y alojamiento.<\/p>\n<p><a title=\"Contacta a Azouz Cosmetic &amp; Plastic Surgery en Dallas, TX\" href=\"https:\/\/www.drazouz.com\/es\/contact\/\"><em><strong>Contacta a Azouz Plastic and Cosmetic Surgery<\/strong><\/em><\/a> hoy para discutir opciones para reparar el da\u00f1o por quemaduras con cirug\u00eda pl\u00e1stica reconstructiva facial.<\/p>\n","protected":false},"excerpt":{"rendered":"<p>Las lesiones por quemaduras en el rostro son traum\u00e1ticas y dejan cicatrices tanto f\u00edsicas como emocionales. Quemaduras<br \/><a href=\"https:\/\/www.drazouz.com\/es\/lesiones-quemaduras-cirugia-plastica\/\" class=\"btn btn-blue mt-3\">Sigue leyendo<\/a><\/p>\n","protected":false},"author":1,"featured_media":11247,"parent":10545,"menu_order":0,"comment_status":"closed","ping_status":"closed","template":"","meta":{"_acf_changed":false,"footnotes":""},"class_list":["post-10552","page","type-page","status-publish","has-post-thumbnail"],"acf":[],"yoast_head":"<!-- This site is optimized with the Yoast SEO plugin v27.4 - https:\/\/yoast.com\/product\/yoast-seo-wordpress\/ -->\n<title>Lesiones por Quemaduras | Azouz Cirug\u00eda Pl\u00e1stica y Est\u00e9tica<\/title>\n<meta name=\"robots\" content=\"index, follow, max-snippet:-1, max-image-preview:large, max-video-preview:-1\" \/>\n<link rel=\"canonical\" href=\"https:\/\/www.drazouz.com\/es\/lesiones-quemaduras-cirugia-plastica\/\" \/>\n<meta property=\"og:locale\" content=\"es_ES\" \/>\n<meta property=\"og:type\" content=\"article\" \/>\n<meta property=\"og:title\" content=\"Lesiones por Quemaduras | Azouz Cirug\u00eda Pl\u00e1stica y Est\u00e9tica\" \/>\n<meta property=\"og:description\" content=\"Las lesiones por quemaduras en el rostro son traum\u00e1ticas y dejan cicatrices tanto f\u00edsicas como emocionales. QuemadurasSigue leyendo\" \/>\n<meta property=\"og:url\" content=\"https:\/\/www.drazouz.com\/es\/lesiones-quemaduras-cirugia-plastica\/\" \/>\n<meta property=\"og:site_name\" content=\"Azouz Cirug\u00eda Pl\u00e1stica y Est\u00e9tica\" \/>\n<meta property=\"article:modified_time\" content=\"2024-01-03T17:19:56+00:00\" \/>\n<meta property=\"og:image\" content=\"https:\/\/www.drazouz.com\/wp-content\/uploads\/2024\/01\/burn-injury.jpg\" \/>\n<meta name=\"twitter:card\" content=\"summary_large_image\" \/>\n<meta name=\"twitter:image\" content=\"https:\/\/www.drazouz.com\/wp-content\/uploads\/2024\/01\/burn-injury.jpg\" \/>\n<meta name=\"twitter:label1\" content=\"Tiempo de lectura\" \/>\n\t<meta name=\"twitter:data1\" content=\"2 minutos\" \/>\n<!-- \/ Yoast SEO plugin. -->","yoast_head_json":{"title":"Lesiones por Quemaduras | Azouz Cirug\u00eda Pl\u00e1stica y Est\u00e9tica","robots":{"index":"index","follow":"follow","max-snippet":"max-snippet:-1","max-image-preview":"max-image-preview:large","max-video-preview":"max-video-preview:-1"},"canonical":"https:\/\/www.drazouz.com\/es\/lesiones-quemaduras-cirugia-plastica\/","og_locale":"es_ES","og_type":"article","og_title":"Lesiones por Quemaduras | Azouz Cirug\u00eda Pl\u00e1stica y Est\u00e9tica","og_description":"Las lesiones por quemaduras en el rostro son traum\u00e1ticas y dejan cicatrices tanto f\u00edsicas como emocionales. QuemadurasSigue leyendo","og_url":"https:\/\/www.drazouz.com\/es\/lesiones-quemaduras-cirugia-plastica\/","og_site_name":"Azouz Cirug\u00eda Pl\u00e1stica y Est\u00e9tica","article_modified_time":"2024-01-03T17:19:56+00:00","og_image":[{"url":"https:\/\/www.drazouz.com\/wp-content\/uploads\/2024\/01\/burn-injury.jpg","type":"","width":"","height":""}],"twitter_card":"summary_large_image","twitter_image":"https:\/\/www.drazouz.com\/wp-content\/uploads\/2024\/01\/burn-injury.jpg","twitter_misc":{"Tiempo de lectura":"2 minutos"},"schema":{"@context":"https:\/\/schema.org","@graph":[{"@type":"WebPage","@id":"https:\/\/www.drazouz.com\/es\/lesiones-quemaduras-cirugia-plastica\/","url":"https:\/\/www.drazouz.com\/es\/lesiones-quemaduras-cirugia-plastica\/","name":"Lesiones por Quemaduras | Azouz Cirug\u00eda Pl\u00e1stica y Est\u00e9tica","isPartOf":{"@id":"https:\/\/www.drazouz.com\/es\/#website"},"primaryImageOfPage":{"@id":"https:\/\/www.drazouz.com\/es\/lesiones-quemaduras-cirugia-plastica\/#primaryimage"},"image":{"@id":"https:\/\/www.drazouz.com\/es\/lesiones-quemaduras-cirugia-plastica\/#primaryimage"},"thumbnailUrl":"https:\/\/www.drazouz.com\/wp-content\/uploads\/2024\/01\/burn-injury.jpg","datePublished":"2022-07-25T10:02:26+00:00","dateModified":"2024-01-03T17:19:56+00:00","breadcrumb":{"@id":"https:\/\/www.drazouz.com\/es\/lesiones-quemaduras-cirugia-plastica\/#breadcrumb"},"inLanguage":"es","potentialAction":[{"@type":"ReadAction","target":["https:\/\/www.drazouz.com\/es\/lesiones-quemaduras-cirugia-plastica\/"]}]},{"@type":"ImageObject","inLanguage":"es","@id":"https:\/\/www.drazouz.com\/es\/lesiones-quemaduras-cirugia-plastica\/#primaryimage","url":"https:\/\/www.drazouz.com\/wp-content\/uploads\/2024\/01\/burn-injury.jpg","contentUrl":"https:\/\/www.drazouz.com\/wp-content\/uploads\/2024\/01\/burn-injury.jpg","width":1918,"height":815,"caption":"Hand of nurse dressing wound for patient's hand with burn injury"},{"@type":"BreadcrumbList","@id":"https:\/\/www.drazouz.com\/es\/lesiones-quemaduras-cirugia-plastica\/#breadcrumb","itemListElement":[{"@type":"ListItem","position":1,"name":"Home","item":"https:\/\/www.drazouz.com\/es\/"},{"@type":"ListItem","position":2,"name":"Procedimientos","item":"https:\/\/www.drazouz.com\/es\/procedimientos\/"},{"@type":"ListItem","position":3,"name":"Cirug\u00eda Reconstructiva","item":"https:\/\/www.drazouz.com\/es\/cirugia-reconstructiva\/"},{"@type":"ListItem","position":4,"name":"Lesiones por Quemaduras"}]},{"@type":"WebSite","@id":"https:\/\/www.drazouz.com\/es\/#website","url":"https:\/\/www.drazouz.com\/es\/","name":"Azouz Cirug\u00eda Pl\u00e1stica y Est\u00e9tica","description":"","potentialAction":[{"@type":"SearchAction","target":{"@type":"EntryPoint","urlTemplate":"https:\/\/www.drazouz.com\/es\/?s={search_term_string}"},"query-input":{"@type":"PropertyValueSpecification","valueRequired":true,"valueName":"search_term_string"}}],"inLanguage":"es"}]}},"_links":{"self":[{"href":"https:\/\/www.drazouz.com\/es\/wp-json\/wp\/v2\/pages\/10552","targetHints":{"allow":["GET"]}}],"collection":[{"href":"https:\/\/www.drazouz.com\/es\/wp-json\/wp\/v2\/pages"}],"about":[{"href":"https:\/\/www.drazouz.com\/es\/wp-json\/wp\/v2\/types\/page"}],"author":[{"embeddable":true,"href":"https:\/\/www.drazouz.com\/es\/wp-json\/wp\/v2\/users\/1"}],"replies":[{"embeddable":true,"href":"https:\/\/www.drazouz.com\/es\/wp-json\/wp\/v2\/comments?post=10552"}],"version-history":[{"count":2,"href":"https:\/\/www.drazouz.com\/es\/wp-json\/wp\/v2\/pages\/10552\/revisions"}],"predecessor-version":[{"id":10574,"href":"https:\/\/www.drazouz.com\/es\/wp-json\/wp\/v2\/pages\/10552\/revisions\/10574"}],"up":[{"embeddable":true,"href":"https:\/\/www.drazouz.com\/es\/wp-json\/wp\/v2\/pages\/10545"}],"wp:featuredmedia":[{"embeddable":true,"href":"https:\/\/www.drazouz.com\/es\/wp-json\/wp\/v2\/media\/11247"}],"wp:attachment":[{"href":"https:\/\/www.drazouz.com\/es\/wp-json\/wp\/v2\/media?parent=10552"}],"curies":[{"name":"wp","href":"https:\/\/api.w.org\/{rel}","templated":true}]}}