{"id":10545,"date":"2022-07-25T04:59:38","date_gmt":"2022-07-25T09:59:38","guid":{"rendered":"https:\/\/www.drazouz.com\/?page_id=10545"},"modified":"2024-03-26T20:43:35","modified_gmt":"2024-03-27T01:43:35","slug":"cirugia-reconstructiva-facial","status":"publish","type":"page","link":"https:\/\/www.drazouz.com\/es\/cirugia-reconstructiva\/","title":{"rendered":"Cirug\u00eda Reconstructiva"},"content":{"rendered":"<p>Si tienes deformidades faciales o desfiguraciones causadas por un accidente, lesi\u00f3n en el lugar de trabajo, enfermedad o envejecimiento, puede afectar tanto tu apariencia como tu calidad de vida. Parpadear, sonre\u00edr y otras expresiones faciales pueden ser dif\u00edciles o imposibles. Las dificultades para respirar pueden afectar la calidad de tu sue\u00f1o y causar problemas sinusales que conducen a infecciones.<\/p>\n<p>La cirug\u00eda reconstructiva facial es un procedimiento que cambia la vida y puede restaurar, reparar y reconstruir tus rasgos faciales para lograr el <a title=\"Cirug\u00eda Cosm\u00e9tica Facial y Corporal en Dallas, TX\" href=\"https:\/\/www.drazouz.com\/es\/procedures\/\"><em><strong>aspecto m\u00e1s natural y equilibrado posible<\/strong><\/em><\/a>. El Dr. Azouz de Azouz Plastic and Cosmetic Surgery combina m\u00faltiples procedimientos y t\u00e9cnicas al realizar la cirug\u00eda reconstructiva facial para asegurarse de que te veas y te sientas lo mejor posible.<\/p>\n<h2>Restaurar Apariencia y Funci\u00f3n<\/h2>\n<p>El Dr. Azouz aborda cada cirug\u00eda reconstructiva para satisfacer tus necesidades \u00fanicas. Despu\u00e9s de una consulta y examen exhaustivos, desarrollar\u00e1 un plan de tratamiento personalizado. Tu plan quir\u00fargico podr\u00eda combinar m\u00faltiples tratamientos a la vez o puede requerir fases separadas para garantizar el mejor resultado. Durante tu cita, tendr\u00e1s la oportunidad de hacer preguntas, considerar tus opciones y participar activamente en tu proceso de cirug\u00eda reconstructiva facial.<\/p>\n<p>Azouz Plastic and Cosmetic Surgery realiza cirug\u00edas reconstructivas para muchas lesiones y condiciones, incluyendo:<br \/>\n<nav class=\"flc-submenu\" aria-label=\"sub menu\"><ul><li class=\"page_item page-item-10542\"><a href=\"https:\/\/www.drazouz.com\/es\/cirugia-reconstructiva-de-parpados\/\">Cirug\u00eda Reconstructiva de P\u00e1rpados<\/a><\/li>\n<li class=\"page_item page-item-13614\"><a href=\"https:\/\/www.drazouz.com\/es\/injerto-de-grasa-en-las-manos-y-los-pies\/\">Injerto de grasa en las manos y los pies<\/a><\/li>\n<li class=\"page_item page-item-10552\"><a href=\"https:\/\/www.drazouz.com\/es\/lesiones-quemaduras-cirugia-plastica\/\">Lesiones por Quemaduras<\/a><\/li>\n<li class=\"page_item page-item-10562\"><a href=\"https:\/\/www.drazouz.com\/es\/reconstruccion-nasal-cirugia-plastica\/\">Reconstrucci\u00f3n Nasal<\/a><\/li>\n<li class=\"page_item page-item-10568\"><a href=\"https:\/\/www.drazouz.com\/es\/orbital-fractura-reparacion\/\">Reparaci\u00f3n de Fractura Orbital<\/a><\/li>\n<li class=\"page_item page-item-10556\"><a href=\"https:\/\/www.drazouz.com\/es\/trauma-facial-cirugia-plastica\/\">Trauma Facial<\/a><\/li>\n<\/ul><\/nav><\/p>\n<p>La cirug\u00eda reconstructiva facial puede mejorar tu salud f\u00edsica y emocional, y ayudarte a recuperar tu calidad de vida. El Dr. Azouz y su equipo est\u00e1n comprometidos con la restauraci\u00f3n de la forma, la funci\u00f3n y el bienestar de sus pacientes en Dallas, as\u00ed como de pacientes de todo el mundo.<\/p>\n<h3>Cirug\u00eda Pl\u00e1stica de Trauma Facial en Dallas, TX<\/h3>\n<p>Encontrar un cirujano en quien puedas confiar es el primer paso importante para la cirug\u00eda reconstructiva facial. El Dr. Azouz escuchar\u00e1 tus preocupaciones y deseos en su consultorio acogedor e inclusivo. Como cirujano pl\u00e1stico con certificaci\u00f3n y entrenamiento en becas, sus d\u00e9cadas de experiencia y reconocimiento entre sus colegas lo destacan. Con experiencia y precisi\u00f3n, logra transformaciones impresionantes, equilibrando las necesidades funcionales de la reconstrucci\u00f3n con resultados est\u00e9ticos sobresalientes. Su profundo conocimiento de las estructuras faciales, combinado con su habilidad t\u00e9cnica y destreza art\u00edstica, proporciona reconstrucciones estables con cambios dram\u00e1ticos pero naturales en tu apariencia.<\/p>\n<p>Si tienes una lesi\u00f3n facial, enfermedad o condici\u00f3n que requiere cirug\u00eda reconstructiva facial, <a title=\"Contacta a Azouz Cosmetic &amp; Plastic Surgery en Dallas, TX\" href=\"https:\/\/www.drazouz.com\/es\/contact\/\"><em><strong>contacta a Azouz Plastic and Cosmetic Surgery<\/strong><\/em><\/a> para reservar tu cita con el muy solicitado Dr. Azouz en Dallas.<\/p>\n","protected":false},"excerpt":{"rendered":"<p>Si tienes deformidades faciales o desfiguraciones causadas por un accidente, lesi\u00f3n en el lugar de trabajo, enfermedad<br \/><a href=\"https:\/\/www.drazouz.com\/es\/cirugia-reconstructiva\/\" class=\"btn btn-blue mt-3\">Sigue leyendo<\/a><\/p>\n","protected":false},"author":1,"featured_media":10731,"parent":8581,"menu_order":0,"comment_status":"closed","ping_status":"closed","template":"","meta":{"_acf_changed":false,"footnotes":""},"class_list":["post-10545","page","type-page","status-publish","has-post-thumbnail"],"acf":[],"yoast_head":"<!-- This site is optimized with the Yoast SEO plugin v27.4 - https:\/\/yoast.com\/product\/yoast-seo-wordpress\/ -->\n<title>Cirug\u00eda Reconstructiva | Azouz Cirug\u00eda Pl\u00e1stica y Est\u00e9tica<\/title>\n<meta name=\"robots\" content=\"index, follow, max-snippet:-1, max-image-preview:large, max-video-preview:-1\" \/>\n<link rel=\"canonical\" href=\"https:\/\/www.drazouz.com\/es\/cirugia-reconstructiva\/\" \/>\n<meta property=\"og:locale\" content=\"es_ES\" \/>\n<meta property=\"og:type\" content=\"article\" \/>\n<meta property=\"og:title\" content=\"Cirug\u00eda Reconstructiva | Azouz Cirug\u00eda Pl\u00e1stica y Est\u00e9tica\" \/>\n<meta property=\"og:description\" content=\"Si tienes deformidades faciales o desfiguraciones causadas por un accidente, lesi\u00f3n en el lugar de trabajo, enfermedadSigue leyendo\" \/>\n<meta property=\"og:url\" content=\"https:\/\/www.drazouz.com\/es\/cirugia-reconstructiva\/\" \/>\n<meta property=\"og:site_name\" content=\"Azouz Cirug\u00eda Pl\u00e1stica y Est\u00e9tica\" \/>\n<meta property=\"article:modified_time\" content=\"2024-03-27T01:43:35+00:00\" \/>\n<meta property=\"og:image\" content=\"https:\/\/www.drazouz.com\/wp-content\/uploads\/2024\/01\/header-image-011901.jpeg\" \/>\n<meta name=\"twitter:card\" content=\"summary_large_image\" \/>\n<meta name=\"twitter:image\" content=\"https:\/\/www.drazouz.com\/wp-content\/uploads\/2024\/01\/header-image-011901.jpeg\" \/>\n<meta name=\"twitter:label1\" content=\"Tiempo de lectura\" \/>\n\t<meta name=\"twitter:data1\" content=\"2 minutos\" \/>\n<!-- \/ Yoast SEO plugin. -->","yoast_head_json":{"title":"Cirug\u00eda Reconstructiva | Azouz Cirug\u00eda Pl\u00e1stica y Est\u00e9tica","robots":{"index":"index","follow":"follow","max-snippet":"max-snippet:-1","max-image-preview":"max-image-preview:large","max-video-preview":"max-video-preview:-1"},"canonical":"https:\/\/www.drazouz.com\/es\/cirugia-reconstructiva\/","og_locale":"es_ES","og_type":"article","og_title":"Cirug\u00eda Reconstructiva | Azouz Cirug\u00eda Pl\u00e1stica y Est\u00e9tica","og_description":"Si tienes deformidades faciales o desfiguraciones causadas por un accidente, lesi\u00f3n en el lugar de trabajo, enfermedadSigue leyendo","og_url":"https:\/\/www.drazouz.com\/es\/cirugia-reconstructiva\/","og_site_name":"Azouz Cirug\u00eda Pl\u00e1stica y Est\u00e9tica","article_modified_time":"2024-03-27T01:43:35+00:00","og_image":[{"url":"https:\/\/www.drazouz.com\/wp-content\/uploads\/2024\/01\/header-image-011901.jpeg","type":"","width":"","height":""}],"twitter_card":"summary_large_image","twitter_image":"https:\/\/www.drazouz.com\/wp-content\/uploads\/2024\/01\/header-image-011901.jpeg","twitter_misc":{"Tiempo de lectura":"2 minutos"},"schema":{"@context":"https:\/\/schema.org","@graph":[{"@type":"WebPage","@id":"https:\/\/www.drazouz.com\/es\/cirugia-reconstructiva\/","url":"https:\/\/www.drazouz.com\/es\/cirugia-reconstructiva\/","name":"Cirug\u00eda Reconstructiva | Azouz Cirug\u00eda Pl\u00e1stica y Est\u00e9tica","isPartOf":{"@id":"https:\/\/www.drazouz.com\/es\/#website"},"primaryImageOfPage":{"@id":"https:\/\/www.drazouz.com\/es\/cirugia-reconstructiva\/#primaryimage"},"image":{"@id":"https:\/\/www.drazouz.com\/es\/cirugia-reconstructiva\/#primaryimage"},"thumbnailUrl":"https:\/\/www.drazouz.com\/wp-content\/uploads\/2024\/01\/header-image-011901.jpeg","datePublished":"2022-07-25T09:59:38+00:00","dateModified":"2024-03-27T01:43:35+00:00","breadcrumb":{"@id":"https:\/\/www.drazouz.com\/es\/cirugia-reconstructiva\/#breadcrumb"},"inLanguage":"es","potentialAction":[{"@type":"ReadAction","target":["https:\/\/www.drazouz.com\/es\/cirugia-reconstructiva\/"]}]},{"@type":"ImageObject","inLanguage":"es","@id":"https:\/\/www.drazouz.com\/es\/cirugia-reconstructiva\/#primaryimage","url":"https:\/\/www.drazouz.com\/wp-content\/uploads\/2024\/01\/header-image-011901.jpeg","contentUrl":"https:\/\/www.drazouz.com\/wp-content\/uploads\/2024\/01\/header-image-011901.jpeg","width":1918,"height":815,"caption":"skull x-rays image"},{"@type":"BreadcrumbList","@id":"https:\/\/www.drazouz.com\/es\/cirugia-reconstructiva\/#breadcrumb","itemListElement":[{"@type":"ListItem","position":1,"name":"Home","item":"https:\/\/www.drazouz.com\/es\/"},{"@type":"ListItem","position":2,"name":"Procedimientos","item":"https:\/\/www.drazouz.com\/es\/procedimientos\/"},{"@type":"ListItem","position":3,"name":"Cirug\u00eda Reconstructiva"}]},{"@type":"WebSite","@id":"https:\/\/www.drazouz.com\/es\/#website","url":"https:\/\/www.drazouz.com\/es\/","name":"Azouz Cirug\u00eda Pl\u00e1stica y Est\u00e9tica","description":"","potentialAction":[{"@type":"SearchAction","target":{"@type":"EntryPoint","urlTemplate":"https:\/\/www.drazouz.com\/es\/?s={search_term_string}"},"query-input":{"@type":"PropertyValueSpecification","valueRequired":true,"valueName":"search_term_string"}}],"inLanguage":"es"}]}},"_links":{"self":[{"href":"https:\/\/www.drazouz.com\/es\/wp-json\/wp\/v2\/pages\/10545","targetHints":{"allow":["GET"]}}],"collection":[{"href":"https:\/\/www.drazouz.com\/es\/wp-json\/wp\/v2\/pages"}],"about":[{"href":"https:\/\/www.drazouz.com\/es\/wp-json\/wp\/v2\/types\/page"}],"author":[{"embeddable":true,"href":"https:\/\/www.drazouz.com\/es\/wp-json\/wp\/v2\/users\/1"}],"replies":[{"embeddable":true,"href":"https:\/\/www.drazouz.com\/es\/wp-json\/wp\/v2\/comments?post=10545"}],"version-history":[{"count":3,"href":"https:\/\/www.drazouz.com\/es\/wp-json\/wp\/v2\/pages\/10545\/revisions"}],"predecessor-version":[{"id":13629,"href":"https:\/\/www.drazouz.com\/es\/wp-json\/wp\/v2\/pages\/10545\/revisions\/13629"}],"up":[{"embeddable":true,"href":"https:\/\/www.drazouz.com\/es\/wp-json\/wp\/v2\/pages\/8581"}],"wp:featuredmedia":[{"embeddable":true,"href":"https:\/\/www.drazouz.com\/es\/wp-json\/wp\/v2\/media\/10731"}],"wp:attachment":[{"href":"https:\/\/www.drazouz.com\/es\/wp-json\/wp\/v2\/media?parent=10545"}],"curies":[{"name":"wp","href":"https:\/\/api.w.org\/{rel}","templated":true}]}}