{"id":10542,"date":"2022-07-25T05:23:55","date_gmt":"2022-07-25T10:23:55","guid":{"rendered":"https:\/\/www.drazouz.com\/?page_id=10542"},"modified":"2024-01-03T11:36:38","modified_gmt":"2024-01-03T16:36:38","slug":"cirugia-reconstructiva-de-parpados","status":"publish","type":"page","link":"https:\/\/www.drazouz.com\/es\/cirugia-reconstructiva-de-parpados\/","title":{"rendered":"Cirug\u00eda Reconstructiva de P\u00e1rpados"},"content":{"rendered":"<p>Si has sufrido un desafortunado trauma en tus p\u00e1rpados, la <a title=\"Cirug\u00eda Pl\u00e1stica Reconstructiva en Dallas, TX\" href=\"https:\/\/www.drazouz.com\/es\/facial-reconstructive-surgery\/\"><em><strong>cirug\u00eda reconstructiva de p\u00e1rpados en Dallas<\/strong><\/em><\/a> podr\u00eda ser una excelente opci\u00f3n para pacientes que deseen mantener la funci\u00f3n de los p\u00e1rpados y conservar la zona ocular lo m\u00e1s natural y hermosa posible. El Dr. Azouz, certificado por la junta, corrige los p\u00e1rpados de pacientes que han sufrido lesiones traum\u00e1ticas o c\u00e1ncer de p\u00e1rpados, permitiendo a los pacientes mejorar la zona ocular y continuar con sus actividades normales.<\/p>\n<h2>Beneficios de la Cirug\u00eda Reconstructiva de P\u00e1rpados<\/h2>\n<p>Los beneficios de someterse a una cirug\u00eda reconstructiva de p\u00e1rpados incluyen:<\/p>\n<ul>\n<li>Obtener una apariencia m\u00e1s normal de los p\u00e1rpados.<\/li>\n<li>Mejorar la zona ocular corrigiendo arrugas, exceso de piel o hinchaz\u00f3n con cirug\u00eda est\u00e9tica de p\u00e1rpados.<\/li>\n<\/ul>\n<h3>\u00bfSoy Candidato para la Cirug\u00eda Reconstructiva de P\u00e1rpados?<\/h3>\n<p>La cirug\u00eda reconstructiva de p\u00e1rpados tiene como objetivo corregir anormalidades de los p\u00e1rpados causadas por discapacidades cong\u00e9nitas, lesiones, enfermedades o envejecimiento. Si el paciente padece alguna anormalidad en los p\u00e1rpados, se recomienda solicitar asesoramiento m\u00e9dico para determinar la extensi\u00f3n de su condici\u00f3n y el mejor tratamiento para su caso particular.<\/p>\n<h3>Costo de la Cirug\u00eda Reconstructiva de P\u00e1rpados<\/h3>\n<p>El costo de la cirug\u00eda reconstructiva se basa en muchos factores, como la extensi\u00f3n de la cirug\u00eda, honorarios del cirujano y esteticista, instalaciones, ubicaci\u00f3n y pruebas. Si est\u00e1s interesado en evaluar y determinar el costo de tu cirug\u00eda de p\u00e1rpados, <a title=\"Contacta a Azouz Cosmetic &amp; Plastic Surgery en Dallas, TX\" href=\"https:\/\/www.drazouz.com\/es\/contact\/\"><em><strong>solicita una cita con el Dr. Azouz en Dallas<\/strong><\/em><\/a> o llama al <a href=\"tel:9727028888\" class=\"phone_anchor \" aria-label=\"ll\u00e1manos (972) 702-8888\">(972) 702-8888<\/a> para solicitar una consulta virtual si te encuentras fuera del \u00e1rea de Dallas.<\/p>\n","protected":false},"excerpt":{"rendered":"<p>Si has sufrido un desafortunado trauma en tus p\u00e1rpados, la cirug\u00eda reconstructiva de p\u00e1rpados en Dallas podr\u00eda<br \/><a href=\"https:\/\/www.drazouz.com\/es\/cirugia-reconstructiva-de-parpados\/\" class=\"btn btn-blue mt-3\">Sigue leyendo<\/a><\/p>\n","protected":false},"author":1,"featured_media":10537,"parent":10545,"menu_order":0,"comment_status":"closed","ping_status":"closed","template":"","meta":{"_acf_changed":false,"footnotes":""},"class_list":["post-10542","page","type-page","status-publish","has-post-thumbnail"],"acf":[],"yoast_head":"<!-- This site is optimized with the Yoast SEO plugin v27.4 - https:\/\/yoast.com\/product\/yoast-seo-wordpress\/ -->\n<title>Cirug\u00eda Reconstructiva de P\u00e1rpados | Azouz Cirug\u00eda Pl\u00e1stica y Est\u00e9tica<\/title>\n<meta name=\"robots\" content=\"index, follow, max-snippet:-1, max-image-preview:large, max-video-preview:-1\" \/>\n<link rel=\"canonical\" href=\"https:\/\/www.drazouz.com\/es\/cirugia-reconstructiva-de-parpados\/\" \/>\n<meta property=\"og:locale\" content=\"es_ES\" \/>\n<meta property=\"og:type\" content=\"article\" \/>\n<meta property=\"og:title\" content=\"Cirug\u00eda Reconstructiva de P\u00e1rpados | Azouz Cirug\u00eda Pl\u00e1stica y Est\u00e9tica\" \/>\n<meta property=\"og:description\" content=\"Si has sufrido un desafortunado trauma en tus p\u00e1rpados, la cirug\u00eda reconstructiva de p\u00e1rpados en Dallas podr\u00edaSigue leyendo\" \/>\n<meta property=\"og:url\" content=\"https:\/\/www.drazouz.com\/es\/cirugia-reconstructiva-de-parpados\/\" \/>\n<meta property=\"og:site_name\" content=\"Azouz Cirug\u00eda Pl\u00e1stica y Est\u00e9tica\" \/>\n<meta property=\"article:modified_time\" content=\"2024-01-03T16:36:38+00:00\" \/>\n<meta property=\"og:image\" content=\"https:\/\/www.drazouz.com\/wp-content\/uploads\/2024\/01\/header-image-0102051.jpeg\" \/>\n<meta name=\"twitter:card\" content=\"summary_large_image\" \/>\n<meta name=\"twitter:image\" content=\"https:\/\/www.drazouz.com\/wp-content\/uploads\/2024\/01\/header-image-0102051.jpeg\" \/>\n<meta name=\"twitter:label1\" content=\"Tiempo de lectura\" \/>\n\t<meta name=\"twitter:data1\" content=\"2 minutos\" \/>\n<!-- \/ Yoast SEO plugin. -->","yoast_head_json":{"title":"Cirug\u00eda Reconstructiva de P\u00e1rpados | Azouz Cirug\u00eda Pl\u00e1stica y Est\u00e9tica","robots":{"index":"index","follow":"follow","max-snippet":"max-snippet:-1","max-image-preview":"max-image-preview:large","max-video-preview":"max-video-preview:-1"},"canonical":"https:\/\/www.drazouz.com\/es\/cirugia-reconstructiva-de-parpados\/","og_locale":"es_ES","og_type":"article","og_title":"Cirug\u00eda Reconstructiva de P\u00e1rpados | Azouz Cirug\u00eda Pl\u00e1stica y Est\u00e9tica","og_description":"Si has sufrido un desafortunado trauma en tus p\u00e1rpados, la cirug\u00eda reconstructiva de p\u00e1rpados en Dallas podr\u00edaSigue leyendo","og_url":"https:\/\/www.drazouz.com\/es\/cirugia-reconstructiva-de-parpados\/","og_site_name":"Azouz Cirug\u00eda Pl\u00e1stica y Est\u00e9tica","article_modified_time":"2024-01-03T16:36:38+00:00","og_image":[{"url":"https:\/\/www.drazouz.com\/wp-content\/uploads\/2024\/01\/header-image-0102051.jpeg","type":"","width":"","height":""}],"twitter_card":"summary_large_image","twitter_image":"https:\/\/www.drazouz.com\/wp-content\/uploads\/2024\/01\/header-image-0102051.jpeg","twitter_misc":{"Tiempo de lectura":"2 minutos"},"schema":{"@context":"https:\/\/schema.org","@graph":[{"@type":"WebPage","@id":"https:\/\/www.drazouz.com\/es\/cirugia-reconstructiva-de-parpados\/","url":"https:\/\/www.drazouz.com\/es\/cirugia-reconstructiva-de-parpados\/","name":"Cirug\u00eda Reconstructiva de P\u00e1rpados | Azouz Cirug\u00eda Pl\u00e1stica y Est\u00e9tica","isPartOf":{"@id":"https:\/\/www.drazouz.com\/es\/#website"},"primaryImageOfPage":{"@id":"https:\/\/www.drazouz.com\/es\/cirugia-reconstructiva-de-parpados\/#primaryimage"},"image":{"@id":"https:\/\/www.drazouz.com\/es\/cirugia-reconstructiva-de-parpados\/#primaryimage"},"thumbnailUrl":"https:\/\/www.drazouz.com\/wp-content\/uploads\/2024\/01\/header-image-0102051.jpeg","datePublished":"2022-07-25T10:23:55+00:00","dateModified":"2024-01-03T16:36:38+00:00","breadcrumb":{"@id":"https:\/\/www.drazouz.com\/es\/cirugia-reconstructiva-de-parpados\/#breadcrumb"},"inLanguage":"es","potentialAction":[{"@type":"ReadAction","target":["https:\/\/www.drazouz.com\/es\/cirugia-reconstructiva-de-parpados\/"]}]},{"@type":"ImageObject","inLanguage":"es","@id":"https:\/\/www.drazouz.com\/es\/cirugia-reconstructiva-de-parpados\/#primaryimage","url":"https:\/\/www.drazouz.com\/wp-content\/uploads\/2024\/01\/header-image-0102051.jpeg","contentUrl":"https:\/\/www.drazouz.com\/wp-content\/uploads\/2024\/01\/header-image-0102051.jpeg","width":1918,"height":815,"caption":"eyelid surgery"},{"@type":"BreadcrumbList","@id":"https:\/\/www.drazouz.com\/es\/cirugia-reconstructiva-de-parpados\/#breadcrumb","itemListElement":[{"@type":"ListItem","position":1,"name":"Home","item":"https:\/\/www.drazouz.com\/es\/"},{"@type":"ListItem","position":2,"name":"Procedimientos","item":"https:\/\/www.drazouz.com\/es\/procedimientos\/"},{"@type":"ListItem","position":3,"name":"Cirug\u00eda Reconstructiva","item":"https:\/\/www.drazouz.com\/es\/cirugia-reconstructiva\/"},{"@type":"ListItem","position":4,"name":"Cirug\u00eda Reconstructiva de P\u00e1rpados"}]},{"@type":"WebSite","@id":"https:\/\/www.drazouz.com\/es\/#website","url":"https:\/\/www.drazouz.com\/es\/","name":"Azouz Cirug\u00eda Pl\u00e1stica y Est\u00e9tica","description":"","potentialAction":[{"@type":"SearchAction","target":{"@type":"EntryPoint","urlTemplate":"https:\/\/www.drazouz.com\/es\/?s={search_term_string}"},"query-input":{"@type":"PropertyValueSpecification","valueRequired":true,"valueName":"search_term_string"}}],"inLanguage":"es"}]}},"_links":{"self":[{"href":"https:\/\/www.drazouz.com\/es\/wp-json\/wp\/v2\/pages\/10542","targetHints":{"allow":["GET"]}}],"collection":[{"href":"https:\/\/www.drazouz.com\/es\/wp-json\/wp\/v2\/pages"}],"about":[{"href":"https:\/\/www.drazouz.com\/es\/wp-json\/wp\/v2\/types\/page"}],"author":[{"embeddable":true,"href":"https:\/\/www.drazouz.com\/es\/wp-json\/wp\/v2\/users\/1"}],"replies":[{"embeddable":true,"href":"https:\/\/www.drazouz.com\/es\/wp-json\/wp\/v2\/comments?post=10542"}],"version-history":[{"count":2,"href":"https:\/\/www.drazouz.com\/es\/wp-json\/wp\/v2\/pages\/10542\/revisions"}],"predecessor-version":[{"id":10549,"href":"https:\/\/www.drazouz.com\/es\/wp-json\/wp\/v2\/pages\/10542\/revisions\/10549"}],"up":[{"embeddable":true,"href":"https:\/\/www.drazouz.com\/es\/wp-json\/wp\/v2\/pages\/10545"}],"wp:featuredmedia":[{"embeddable":true,"href":"https:\/\/www.drazouz.com\/es\/wp-json\/wp\/v2\/media\/10537"}],"wp:attachment":[{"href":"https:\/\/www.drazouz.com\/es\/wp-json\/wp\/v2\/media?parent=10542"}],"curies":[{"name":"wp","href":"https:\/\/api.w.org\/{rel}","templated":true}]}}