{"id":10484,"date":"2022-07-22T05:03:29","date_gmt":"2022-07-22T10:03:29","guid":{"rendered":"https:\/\/www.drazouz.com\/?page_id=10484"},"modified":"2023-12-27T09:05:51","modified_gmt":"2023-12-27T14:05:51","slug":"cirugia-de-estiramiento-facial-inferior","status":"publish","type":"page","link":"https:\/\/www.drazouz.com\/es\/cirugia-de-estiramiento-facial-inferior\/","title":{"rendered":"Cirug\u00eda de Estiramiento Facial Inferior"},"content":{"rendered":"<p>C\u00f3mo cambia el rostro de cada persona con la edad est\u00e1 determinado por una combinaci\u00f3n de gen\u00e9tica, estilo de vida y factores ambientales. Aun as\u00ed, la forma en que una persona envejece no es sim\u00e9trica. Algunas personas pueden mostrar signos de envejecimiento en la zona de los ojos primero, con p\u00e1rpados pesados o cejas ca\u00eddas. Para otros, la zona del cuello revela su edad mucho antes de que comiencen a cambiar las caracter\u00edsticas faciales. Sin embargo, junto con el cuello, la parte inferior del rostro suele ser la zona que causa la mayor insatisfacci\u00f3n. La cirug\u00eda de estiramiento facial inferior, tambi\u00e9n llamada \u00abmini-lifting\u00bb, puede <a href=\"https:\/\/www.drazouz.com\/es\/face\/\">transformar la parte inferior del rostro y restaurar una vitalidad juvenil<\/a>.<\/p>\n<h2>C\u00f3mo un Mini-Lifting Puede Ayudar a la Parte Inferior del Rostro<\/h2>\n<p>A medida que envejecemos, los m\u00fasculos del rostro se aflojan gradualmente y la gravedad los tira hacia abajo. La p\u00e9rdida normal de col\u00e1geno tambi\u00e9n crea piel suelta, que sigue los nuevos contornos de los m\u00fasculos. Este aflojamiento generalmente es m\u00e1s notable en la parte inferior del rostro, manifest\u00e1ndose como pliegues nasolabiales profundos, l\u00edneas de marioneta, mejillas ca\u00eddas y papada. Estas \u00e1reas son el objetivo del mini-lifting. Esto crea una apariencia m\u00e1s firme y definida de la l\u00ednea de la mand\u00edbula y las mejillas, al tiempo que minimiza los pliegues. Proporciona una correcci\u00f3n de aspecto natural sin cambios bruscos o severos que indiquen que has tenido \u00abtrabajo hecho\u00bb.<\/p>\n<h2>Candidatos para la Cirug\u00eda de Estiramiento Facial Inferior en Dallas<\/h2>\n<p>El mini-lifting est\u00e1 dise\u00f1ado para corregir solo la parte inferior del rostro. Para un envejecimiento significativo, generalmente la mejor opci\u00f3n es un lifting facial completo. Con el envejecimiento temprano, que comienza en la d\u00e9cada de los cuarenta, la cirug\u00eda de estiramiento facial inferior puede contrarrestar los primeros signos de piel laxa y papada. Uno de los principales beneficios de someterse al mini-lifting en los cuarenta es que la cirug\u00eda se puede repetir. Despu\u00e9s de una d\u00e9cada aproximadamente, puedes refrescar sutilmente tu apariencia por segunda vez, manteniendo continuamente el aspecto juvenil de tus rasgos esculpidos. Adem\u00e1s, un mini-lifting generalmente tiene menos cicatrices, menos hematomas y un tiempo de recuperaci\u00f3n m\u00e1s corto que el lifting facial tradicional.<\/p>\n<p>El Dr. Azouz en Azouz Plastic &amp; Cosmetic Surgery escuchar\u00e1 cuidadosamente tus preocupaciones sobre el envejecimiento y realizar\u00e1 una evaluaci\u00f3n exhaustiva antes de determinar el mejor curso de acci\u00f3n correctiva. Para discutir la cirug\u00eda de estiramiento facial inferior y la reducci\u00f3n de papada, <a href=\"https:\/\/www.drazouz.com\/es\/contact\/\">contacta con la oficina de Plano, TX<\/a> hoy mismo.<\/p>\n","protected":false},"excerpt":{"rendered":"<p>C\u00f3mo cambia el rostro de cada persona con la edad est\u00e1 determinado por una combinaci\u00f3n de gen\u00e9tica,<br \/><a href=\"https:\/\/www.drazouz.com\/es\/cirugia-de-estiramiento-facial-inferior\/\" class=\"btn btn-blue mt-3\">Sigue leyendo<\/a><\/p>\n","protected":false},"author":1,"featured_media":11217,"parent":3788,"menu_order":0,"comment_status":"closed","ping_status":"closed","template":"","meta":{"_acf_changed":false,"footnotes":""},"class_list":["post-10484","page","type-page","status-publish","has-post-thumbnail"],"acf":[],"yoast_head":"<!-- This site is optimized with the Yoast SEO plugin v27.4 - https:\/\/yoast.com\/product\/yoast-seo-wordpress\/ -->\n<title>Cirug\u00eda de Estiramiento Facial Inferior | Azouz Cirug\u00eda Pl\u00e1stica y Est\u00e9tica<\/title>\n<meta name=\"robots\" content=\"index, follow, max-snippet:-1, max-image-preview:large, max-video-preview:-1\" \/>\n<link rel=\"canonical\" href=\"https:\/\/www.drazouz.com\/es\/cirugia-de-estiramiento-facial-inferior\/\" \/>\n<meta property=\"og:locale\" content=\"es_ES\" \/>\n<meta property=\"og:type\" content=\"article\" \/>\n<meta property=\"og:title\" content=\"Cirug\u00eda de Estiramiento Facial Inferior | Azouz Cirug\u00eda Pl\u00e1stica y Est\u00e9tica\" \/>\n<meta property=\"og:description\" content=\"C\u00f3mo cambia el rostro de cada persona con la edad est\u00e1 determinado por una combinaci\u00f3n de gen\u00e9tica,Sigue leyendo\" \/>\n<meta property=\"og:url\" content=\"https:\/\/www.drazouz.com\/es\/cirugia-de-estiramiento-facial-inferior\/\" \/>\n<meta property=\"og:site_name\" content=\"Azouz Cirug\u00eda Pl\u00e1stica y Est\u00e9tica\" \/>\n<meta property=\"article:modified_time\" content=\"2023-12-27T14:05:51+00:00\" \/>\n<meta property=\"og:image\" content=\"https:\/\/www.drazouz.com\/wp-content\/uploads\/2024\/01\/bigstock-Face-With-Lifting-Arrows-On-Sk-262279999-1.jpg\" \/>\n<meta name=\"twitter:card\" content=\"summary_large_image\" \/>\n<meta name=\"twitter:image\" content=\"https:\/\/www.drazouz.com\/wp-content\/uploads\/2024\/01\/bigstock-Face-With-Lifting-Arrows-On-Sk-262279999-1.jpg\" \/>\n<meta name=\"twitter:label1\" content=\"Tiempo de lectura\" \/>\n\t<meta name=\"twitter:data1\" content=\"2 minutos\" \/>\n<!-- \/ Yoast SEO plugin. -->","yoast_head_json":{"title":"Cirug\u00eda de Estiramiento Facial Inferior | Azouz Cirug\u00eda Pl\u00e1stica y Est\u00e9tica","robots":{"index":"index","follow":"follow","max-snippet":"max-snippet:-1","max-image-preview":"max-image-preview:large","max-video-preview":"max-video-preview:-1"},"canonical":"https:\/\/www.drazouz.com\/es\/cirugia-de-estiramiento-facial-inferior\/","og_locale":"es_ES","og_type":"article","og_title":"Cirug\u00eda de Estiramiento Facial Inferior | Azouz Cirug\u00eda Pl\u00e1stica y Est\u00e9tica","og_description":"C\u00f3mo cambia el rostro de cada persona con la edad est\u00e1 determinado por una combinaci\u00f3n de gen\u00e9tica,Sigue leyendo","og_url":"https:\/\/www.drazouz.com\/es\/cirugia-de-estiramiento-facial-inferior\/","og_site_name":"Azouz Cirug\u00eda Pl\u00e1stica y Est\u00e9tica","article_modified_time":"2023-12-27T14:05:51+00:00","og_image":[{"url":"https:\/\/www.drazouz.com\/wp-content\/uploads\/2024\/01\/bigstock-Face-With-Lifting-Arrows-On-Sk-262279999-1.jpg","type":"","width":"","height":""}],"twitter_card":"summary_large_image","twitter_image":"https:\/\/www.drazouz.com\/wp-content\/uploads\/2024\/01\/bigstock-Face-With-Lifting-Arrows-On-Sk-262279999-1.jpg","twitter_misc":{"Tiempo de lectura":"2 minutos"},"schema":{"@context":"https:\/\/schema.org","@graph":[{"@type":"WebPage","@id":"https:\/\/www.drazouz.com\/es\/cirugia-de-estiramiento-facial-inferior\/","url":"https:\/\/www.drazouz.com\/es\/cirugia-de-estiramiento-facial-inferior\/","name":"Cirug\u00eda de Estiramiento Facial Inferior | Azouz Cirug\u00eda Pl\u00e1stica y Est\u00e9tica","isPartOf":{"@id":"https:\/\/www.drazouz.com\/es\/#website"},"primaryImageOfPage":{"@id":"https:\/\/www.drazouz.com\/es\/cirugia-de-estiramiento-facial-inferior\/#primaryimage"},"image":{"@id":"https:\/\/www.drazouz.com\/es\/cirugia-de-estiramiento-facial-inferior\/#primaryimage"},"thumbnailUrl":"https:\/\/www.drazouz.com\/wp-content\/uploads\/2024\/01\/bigstock-Face-With-Lifting-Arrows-On-Sk-262279999-1.jpg","datePublished":"2022-07-22T10:03:29+00:00","dateModified":"2023-12-27T14:05:51+00:00","breadcrumb":{"@id":"https:\/\/www.drazouz.com\/es\/cirugia-de-estiramiento-facial-inferior\/#breadcrumb"},"inLanguage":"es","potentialAction":[{"@type":"ReadAction","target":["https:\/\/www.drazouz.com\/es\/cirugia-de-estiramiento-facial-inferior\/"]}]},{"@type":"ImageObject","inLanguage":"es","@id":"https:\/\/www.drazouz.com\/es\/cirugia-de-estiramiento-facial-inferior\/#primaryimage","url":"https:\/\/www.drazouz.com\/wp-content\/uploads\/2024\/01\/bigstock-Face-With-Lifting-Arrows-On-Sk-262279999-1.jpg","contentUrl":"https:\/\/www.drazouz.com\/wp-content\/uploads\/2024\/01\/bigstock-Face-With-Lifting-Arrows-On-Sk-262279999-1.jpg","width":1918,"height":915,"caption":"woman face"},{"@type":"BreadcrumbList","@id":"https:\/\/www.drazouz.com\/es\/cirugia-de-estiramiento-facial-inferior\/#breadcrumb","itemListElement":[{"@type":"ListItem","position":1,"name":"Home","item":"https:\/\/www.drazouz.com\/es\/"},{"@type":"ListItem","position":2,"name":"Procedimientos","item":"https:\/\/www.drazouz.com\/es\/procedimientos\/"},{"@type":"ListItem","position":3,"name":"Rostro","item":"https:\/\/www.drazouz.com\/es\/face\/"},{"@type":"ListItem","position":4,"name":"Cirug\u00eda de Estiramiento Facial Inferior"}]},{"@type":"WebSite","@id":"https:\/\/www.drazouz.com\/es\/#website","url":"https:\/\/www.drazouz.com\/es\/","name":"Azouz Cirug\u00eda Pl\u00e1stica y Est\u00e9tica","description":"","potentialAction":[{"@type":"SearchAction","target":{"@type":"EntryPoint","urlTemplate":"https:\/\/www.drazouz.com\/es\/?s={search_term_string}"},"query-input":{"@type":"PropertyValueSpecification","valueRequired":true,"valueName":"search_term_string"}}],"inLanguage":"es"}]}},"_links":{"self":[{"href":"https:\/\/www.drazouz.com\/es\/wp-json\/wp\/v2\/pages\/10484","targetHints":{"allow":["GET"]}}],"collection":[{"href":"https:\/\/www.drazouz.com\/es\/wp-json\/wp\/v2\/pages"}],"about":[{"href":"https:\/\/www.drazouz.com\/es\/wp-json\/wp\/v2\/types\/page"}],"author":[{"embeddable":true,"href":"https:\/\/www.drazouz.com\/es\/wp-json\/wp\/v2\/users\/1"}],"replies":[{"embeddable":true,"href":"https:\/\/www.drazouz.com\/es\/wp-json\/wp\/v2\/comments?post=10484"}],"version-history":[{"count":4,"href":"https:\/\/www.drazouz.com\/es\/wp-json\/wp\/v2\/pages\/10484\/revisions"}],"predecessor-version":[{"id":10487,"href":"https:\/\/www.drazouz.com\/es\/wp-json\/wp\/v2\/pages\/10484\/revisions\/10487"}],"up":[{"embeddable":true,"href":"https:\/\/www.drazouz.com\/es\/wp-json\/wp\/v2\/pages\/3788"}],"wp:featuredmedia":[{"embeddable":true,"href":"https:\/\/www.drazouz.com\/es\/wp-json\/wp\/v2\/media\/11217"}],"wp:attachment":[{"href":"https:\/\/www.drazouz.com\/es\/wp-json\/wp\/v2\/media?parent=10484"}],"curies":[{"name":"wp","href":"https:\/\/api.w.org\/{rel}","templated":true}]}}