{"id":10476,"date":"2022-07-22T04:44:47","date_gmt":"2022-07-22T09:44:47","guid":{"rendered":"https:\/\/www.drazouz.com\/?page_id=10476"},"modified":"2023-12-27T09:06:40","modified_gmt":"2023-12-27T14:06:40","slug":"reduccion-de-frente","status":"publish","type":"page","link":"https:\/\/www.drazouz.com\/es\/reduccion-de-frente\/","title":{"rendered":"Reducci\u00f3n de Frente"},"content":{"rendered":"<p>Cuando hay un espacio excesivo entre las cejas y la l\u00ednea del cabello, puede hacer que el rostro sea m\u00e1s largo de lo que a muchas personas les gustar\u00eda. Tambi\u00e9n puede dar la apariencia de una l\u00ednea del cabello en retroceso o restar importancia a otras caracter\u00edsticas faciales. Ocultar esta \u00e1rea detr\u00e1s de flequillos es una opci\u00f3n para algunas personas; sin embargo, muchas preferir\u00edan llevar diferentes estilos y sentir que tienen m\u00e1s opciones. Otros recurren a bandanas o sombreros. La cirug\u00eda de reducci\u00f3n de frente puede abordar estos problemas. Tambi\u00e9n puede crear una apariencia m\u00e1s femenina, especialmente si se remodelan otras caracter\u00edsticas para lograr un aspecto general m\u00e1s suave. Tanto para hombres como para mujeres, la reducci\u00f3n de frente puede <a href=\"https:\/\/www.drazouz.com\/es\/face\/\">restaurar la confianza en tu apariencia<\/a>.<\/p>\n<h2>Reducci\u00f3n de Frente para Bajar las L\u00edneas del Cabello<\/h2>\n<p>Para reducir la longitud de la frente, todo el cuero cabelludo se puede llevar hacia adelante a una nueva posici\u00f3n y eliminar el exceso de piel. El Dr. Azouz realiza una evaluaci\u00f3n exhaustiva de tus caracter\u00edsticas antes de la cirug\u00eda, determinando la ubicaci\u00f3n \u00f3ptima de la nueva l\u00ednea del cabello. Se asegurar\u00e1 de que la nueva ubicaci\u00f3n equilibre tus rasgos y proporcione una apariencia generalmente proporcionada a tu rostro.<\/p>\n<p>Tanto hombres como mujeres pueden someterse a una cirug\u00eda de reducci\u00f3n de frente, pero en ambos casos, es importante que la l\u00ednea del cabello sea naturalmente alta y no debido a la p\u00e9rdida de cabello. Para la p\u00e9rdida activa de cabello o cabello extremadamente delgado, es necesario tratar esas condiciones por separado antes de considerar una reducci\u00f3n de frente.<\/p>\n<h2>Combina la Reducci\u00f3n con un Levantamiento de Cejas<\/h2>\n<p>Cu\u00e1nto se puede bajar la l\u00ednea del cabello variar\u00e1 de un paciente a otro. La laxitud y movilidad del cuero cabelludo, as\u00ed como la densidad del cabello, son variables que deben tenerse en cuenta. Sin embargo, sin importar cu\u00e1n significativa sea la distancia, bajar la l\u00ednea del cabello no afecta las cejas ni la parte superior del rostro. Agregar un levantamiento de cejas disminuye las l\u00edneas y arrugas en la frente y levanta suavemente las cejas, restaurando una apariencia alerta y juvenil. Aunque a\u00fan tendr\u00e1s tiempo de inactividad por el procedimiento, podr\u00e1s ahorrar un tiempo de recuperaci\u00f3n futuro significativo al eliminar la necesidad de m\u00e1s cirug\u00edas.<\/p>\n<p>Si est\u00e1s cansado de disimular tu frente alta, <a href=\"https:\/\/www.drazouz.com\/es\/contact\/\">contacta con Azouz Plastic &amp; Cosmetic Surgery<\/a> en Dallas, TX, hoy mismo para una consulta sobre reducci\u00f3n de frente.<\/p>\n","protected":false},"excerpt":{"rendered":"<p>Cuando hay un espacio excesivo entre las cejas y la l\u00ednea del cabello, puede hacer que el<br \/><a href=\"https:\/\/www.drazouz.com\/es\/reduccion-de-frente\/\" class=\"btn btn-blue mt-3\">Sigue leyendo<\/a><\/p>\n","protected":false},"author":1,"featured_media":11210,"parent":3788,"menu_order":0,"comment_status":"closed","ping_status":"closed","template":"","meta":{"_acf_changed":false,"footnotes":""},"class_list":["post-10476","page","type-page","status-publish","has-post-thumbnail"],"acf":[],"yoast_head":"<!-- This site is optimized with the Yoast SEO plugin v27.4 - https:\/\/yoast.com\/product\/yoast-seo-wordpress\/ -->\n<title>Reducci\u00f3n de Frente | Azouz Cirug\u00eda Pl\u00e1stica y Est\u00e9tica<\/title>\n<meta name=\"robots\" content=\"index, follow, max-snippet:-1, max-image-preview:large, max-video-preview:-1\" \/>\n<link rel=\"canonical\" href=\"https:\/\/www.drazouz.com\/es\/reduccion-de-frente\/\" \/>\n<meta property=\"og:locale\" content=\"es_ES\" \/>\n<meta property=\"og:type\" content=\"article\" \/>\n<meta property=\"og:title\" content=\"Reducci\u00f3n de Frente | Azouz Cirug\u00eda Pl\u00e1stica y Est\u00e9tica\" \/>\n<meta property=\"og:description\" content=\"Cuando hay un espacio excesivo entre las cejas y la l\u00ednea del cabello, puede hacer que elSigue leyendo\" \/>\n<meta property=\"og:url\" content=\"https:\/\/www.drazouz.com\/es\/reduccion-de-frente\/\" \/>\n<meta property=\"og:site_name\" content=\"Azouz Cirug\u00eda Pl\u00e1stica y Est\u00e9tica\" \/>\n<meta property=\"article:modified_time\" content=\"2023-12-27T14:06:40+00:00\" \/>\n<meta property=\"og:image\" content=\"https:\/\/www.drazouz.com\/wp-content\/uploads\/2024\/01\/bigstock-anti-aging-concept-beautiful-88717871-4.jpg\" \/>\n<meta name=\"twitter:card\" content=\"summary_large_image\" \/>\n<meta name=\"twitter:image\" content=\"https:\/\/www.drazouz.com\/wp-content\/uploads\/2024\/01\/bigstock-anti-aging-concept-beautiful-88717871-4.jpg\" \/>\n<meta name=\"twitter:label1\" content=\"Tiempo de lectura\" \/>\n\t<meta name=\"twitter:data1\" content=\"2 minutos\" \/>\n<!-- \/ Yoast SEO plugin. -->","yoast_head_json":{"title":"Reducci\u00f3n de Frente | Azouz Cirug\u00eda Pl\u00e1stica y Est\u00e9tica","robots":{"index":"index","follow":"follow","max-snippet":"max-snippet:-1","max-image-preview":"max-image-preview:large","max-video-preview":"max-video-preview:-1"},"canonical":"https:\/\/www.drazouz.com\/es\/reduccion-de-frente\/","og_locale":"es_ES","og_type":"article","og_title":"Reducci\u00f3n de Frente | Azouz Cirug\u00eda Pl\u00e1stica y Est\u00e9tica","og_description":"Cuando hay un espacio excesivo entre las cejas y la l\u00ednea del cabello, puede hacer que elSigue leyendo","og_url":"https:\/\/www.drazouz.com\/es\/reduccion-de-frente\/","og_site_name":"Azouz Cirug\u00eda Pl\u00e1stica y Est\u00e9tica","article_modified_time":"2023-12-27T14:06:40+00:00","og_image":[{"url":"https:\/\/www.drazouz.com\/wp-content\/uploads\/2024\/01\/bigstock-anti-aging-concept-beautiful-88717871-4.jpg","type":"","width":"","height":""}],"twitter_card":"summary_large_image","twitter_image":"https:\/\/www.drazouz.com\/wp-content\/uploads\/2024\/01\/bigstock-anti-aging-concept-beautiful-88717871-4.jpg","twitter_misc":{"Tiempo de lectura":"2 minutos"},"schema":{"@context":"https:\/\/schema.org","@graph":[{"@type":"WebPage","@id":"https:\/\/www.drazouz.com\/es\/reduccion-de-frente\/","url":"https:\/\/www.drazouz.com\/es\/reduccion-de-frente\/","name":"Reducci\u00f3n de Frente | Azouz Cirug\u00eda Pl\u00e1stica y Est\u00e9tica","isPartOf":{"@id":"https:\/\/www.drazouz.com\/es\/#website"},"primaryImageOfPage":{"@id":"https:\/\/www.drazouz.com\/es\/reduccion-de-frente\/#primaryimage"},"image":{"@id":"https:\/\/www.drazouz.com\/es\/reduccion-de-frente\/#primaryimage"},"thumbnailUrl":"https:\/\/www.drazouz.com\/wp-content\/uploads\/2024\/01\/bigstock-anti-aging-concept-beautiful-88717871-4.jpg","datePublished":"2022-07-22T09:44:47+00:00","dateModified":"2023-12-27T14:06:40+00:00","breadcrumb":{"@id":"https:\/\/www.drazouz.com\/es\/reduccion-de-frente\/#breadcrumb"},"inLanguage":"es","potentialAction":[{"@type":"ReadAction","target":["https:\/\/www.drazouz.com\/es\/reduccion-de-frente\/"]}]},{"@type":"ImageObject","inLanguage":"es","@id":"https:\/\/www.drazouz.com\/es\/reduccion-de-frente\/#primaryimage","url":"https:\/\/www.drazouz.com\/wp-content\/uploads\/2024\/01\/bigstock-anti-aging-concept-beautiful-88717871-4.jpg","contentUrl":"https:\/\/www.drazouz.com\/wp-content\/uploads\/2024\/01\/bigstock-anti-aging-concept-beautiful-88717871-4.jpg","width":1918,"height":915,"caption":"smiling woman with finger on head"},{"@type":"BreadcrumbList","@id":"https:\/\/www.drazouz.com\/es\/reduccion-de-frente\/#breadcrumb","itemListElement":[{"@type":"ListItem","position":1,"name":"Home","item":"https:\/\/www.drazouz.com\/es\/"},{"@type":"ListItem","position":2,"name":"Procedimientos","item":"https:\/\/www.drazouz.com\/es\/procedimientos\/"},{"@type":"ListItem","position":3,"name":"Rostro","item":"https:\/\/www.drazouz.com\/es\/face\/"},{"@type":"ListItem","position":4,"name":"Reducci\u00f3n de Frente"}]},{"@type":"WebSite","@id":"https:\/\/www.drazouz.com\/es\/#website","url":"https:\/\/www.drazouz.com\/es\/","name":"Azouz Cirug\u00eda Pl\u00e1stica y Est\u00e9tica","description":"","potentialAction":[{"@type":"SearchAction","target":{"@type":"EntryPoint","urlTemplate":"https:\/\/www.drazouz.com\/es\/?s={search_term_string}"},"query-input":{"@type":"PropertyValueSpecification","valueRequired":true,"valueName":"search_term_string"}}],"inLanguage":"es"}]}},"_links":{"self":[{"href":"https:\/\/www.drazouz.com\/es\/wp-json\/wp\/v2\/pages\/10476","targetHints":{"allow":["GET"]}}],"collection":[{"href":"https:\/\/www.drazouz.com\/es\/wp-json\/wp\/v2\/pages"}],"about":[{"href":"https:\/\/www.drazouz.com\/es\/wp-json\/wp\/v2\/types\/page"}],"author":[{"embeddable":true,"href":"https:\/\/www.drazouz.com\/es\/wp-json\/wp\/v2\/users\/1"}],"replies":[{"embeddable":true,"href":"https:\/\/www.drazouz.com\/es\/wp-json\/wp\/v2\/comments?post=10476"}],"version-history":[{"count":4,"href":"https:\/\/www.drazouz.com\/es\/wp-json\/wp\/v2\/pages\/10476\/revisions"}],"predecessor-version":[{"id":10490,"href":"https:\/\/www.drazouz.com\/es\/wp-json\/wp\/v2\/pages\/10476\/revisions\/10490"}],"up":[{"embeddable":true,"href":"https:\/\/www.drazouz.com\/es\/wp-json\/wp\/v2\/pages\/3788"}],"wp:featuredmedia":[{"embeddable":true,"href":"https:\/\/www.drazouz.com\/es\/wp-json\/wp\/v2\/media\/11210"}],"wp:attachment":[{"href":"https:\/\/www.drazouz.com\/es\/wp-json\/wp\/v2\/media?parent=10476"}],"curies":[{"name":"wp","href":"https:\/\/api.w.org\/{rel}","templated":true}]}}