{"id":10462,"date":"2022-07-22T04:20:03","date_gmt":"2022-07-22T09:20:03","guid":{"rendered":"https:\/\/www.drazouz.com\/?page_id=10462"},"modified":"2023-12-27T08:50:19","modified_gmt":"2023-12-27T13:50:19","slug":"reduccion-de-mejillas-extraccion-de-grasa-bucal","status":"publish","type":"page","link":"https:\/\/www.drazouz.com\/es\/reduccion-de-mejillas-extraccion-de-grasa-bucal\/","title":{"rendered":"Reducci\u00f3n de Mejillas | Extracci\u00f3n de Grasa Bucal"},"content":{"rendered":"<p>Si tienes mejillas suaves y redondeadas a pesar de tus mejores esfuerzos por adelgazar, es posible que tengas un exceso de grasa bucal. Los cojines de grasa bucal se encuentran justo debajo del hueso de la mejilla. Estos cojines est\u00e1n determinados por la gen\u00e9tica, lo que los convierte en \u00e1reas extremadamente dif\u00edciles de tonificar. En algunos casos, pueden ser lo suficientemente pronunciados como para recibir el nombre de \u00abmejillas de ardilla\u00bb. La cirug\u00eda de reducci\u00f3n de mejillas, o extracci\u00f3n de grasa bucal, es un <a title=\"Cirug\u00eda pl\u00e1stica de cara y cuello en Dallas TX\" href=\"https:\/\/www.drazouz.com\/es\/face\/\"><em><strong>procedimiento cosm\u00e9tico facial<\/strong><\/em><\/a> que puede reducir la hinchaz\u00f3n de las mejillas, creando p\u00f3mulos m\u00e1s prominentes y una l\u00ednea de la mand\u00edbula m\u00e1s definida.<\/p>\n<p><strong>Candidatos para la Extracci\u00f3n de Grasa Bucal<\/strong><\/p>\n<p>Si tienes un exceso de grasa bucal, es posible que sientas que el \u00e1rea debajo de tus p\u00f3mulos es desproporcionadamente ancha en comparaci\u00f3n con el resto de tu rostro. La cirug\u00eda de reducci\u00f3n de mejillas puede esculpir tus rasgos para lograr una apariencia m\u00e1s proporcionada. Muchas personas son excelentes candidatos para la extracci\u00f3n de grasa bucal, y es un procedimiento relativamente simple. Sin embargo, hay algunas cosas que debes tener en cuenta.<\/p>\n<p>Las personas m\u00e1s j\u00f3venes pueden tener naturalmente un rostro ligeramente redondeado hasta que alcancen la madurez, por lo que no se recomienda la extracci\u00f3n de grasa bucal hasta que los rasgos est\u00e9n completamente definidos, alrededor de los 18 a\u00f1os. Adem\u00e1s, si tienes sobrepeso, puede ser dif\u00edcil determinar si la grasa bucal contribuye a la redondez facial hasta que hayas adelgazado.<\/p>\n<p>Adem\u00e1s, es muy importante tener en cuenta el envejecimiento. Si ya tienes un rostro delgado o estrecho, es posible que termines con rasgos extremadamente marcados a medida que envejeces. Alguna grasa es necesaria para definir \u00e1reas del rostro y reducir la apariencia de l\u00edneas y arrugas. En los lugares adecuados, los cojines de grasa evitan que parezcas demasiado severo.<\/p>\n<p><strong>Combinar la Reducci\u00f3n de Mejillas con Otros Procedimientos<\/strong><\/p>\n<p>La reducci\u00f3n de grasa bucal por s\u00ed sola es un procedimiento relativamente r\u00e1pido con un per\u00edodo de recuperaci\u00f3n bastante corto. Sin embargo, muchos pacientes eligen combinar la cirug\u00eda de reducci\u00f3n de mejillas con otros procedimientos, como rinoplastia (cirug\u00eda de nariz), otoplastia (cirug\u00eda de orejas) y blefaroplastia (cirug\u00eda de p\u00e1rpados). Aunque el tiempo de inactividad para m\u00faltiples procedimientos puede aumentar ligeramente, tambi\u00e9n significa que todas tus preocupaciones se abordan al mismo tiempo.<\/p>\n<p>Si te sientes inc\u00f3modo(a) con tus mejillas redondeadas, <a href=\"https:\/\/www.drazouz.com\/es\/contact\/\">contacta con Azouz Cosmetic &amp; Plastic Surgery<\/a> para discutir la cirug\u00eda de reducci\u00f3n de mejillas hoy mismo.<\/p>\n","protected":false},"excerpt":{"rendered":"<p>Si tienes mejillas suaves y redondeadas a pesar de tus mejores esfuerzos por adelgazar, es posible que<br \/><a href=\"https:\/\/www.drazouz.com\/es\/reduccion-de-mejillas-extraccion-de-grasa-bucal\/\" class=\"btn btn-blue mt-3\">Sigue leyendo<\/a><\/p>\n","protected":false},"author":1,"featured_media":11474,"parent":3788,"menu_order":0,"comment_status":"closed","ping_status":"closed","template":"","meta":{"_acf_changed":false,"footnotes":""},"class_list":["post-10462","page","type-page","status-publish","has-post-thumbnail"],"acf":[],"yoast_head":"<!-- This site is optimized with the Yoast SEO plugin v27.4 - https:\/\/yoast.com\/product\/yoast-seo-wordpress\/ -->\n<title>Reducci\u00f3n de Mejillas | Extracci\u00f3n de Grasa Bucal | Azouz Cirug\u00eda Pl\u00e1stica y Est\u00e9tica<\/title>\n<meta name=\"robots\" content=\"index, follow, max-snippet:-1, max-image-preview:large, max-video-preview:-1\" \/>\n<link rel=\"canonical\" href=\"https:\/\/www.drazouz.com\/es\/reduccion-de-mejillas-extraccion-de-grasa-bucal\/\" \/>\n<meta property=\"og:locale\" content=\"es_ES\" \/>\n<meta property=\"og:type\" content=\"article\" \/>\n<meta property=\"og:title\" content=\"Reducci\u00f3n de Mejillas | Extracci\u00f3n de Grasa Bucal | Azouz Cirug\u00eda Pl\u00e1stica y Est\u00e9tica\" \/>\n<meta property=\"og:description\" content=\"Si tienes mejillas suaves y redondeadas a pesar de tus mejores esfuerzos por adelgazar, es posible queSigue leyendo\" \/>\n<meta property=\"og:url\" content=\"https:\/\/www.drazouz.com\/es\/reduccion-de-mejillas-extraccion-de-grasa-bucal\/\" \/>\n<meta property=\"og:site_name\" content=\"Azouz Cirug\u00eda Pl\u00e1stica y Est\u00e9tica\" \/>\n<meta property=\"article:modified_time\" content=\"2023-12-27T13:50:19+00:00\" \/>\n<meta property=\"og:image\" content=\"https:\/\/www.drazouz.com\/wp-content\/uploads\/2024\/01\/header-image012508.jpeg\" \/>\n<meta name=\"twitter:card\" content=\"summary_large_image\" \/>\n<meta name=\"twitter:image\" content=\"https:\/\/www.drazouz.com\/wp-content\/uploads\/2024\/01\/header-image012508.jpeg\" \/>\n<meta name=\"twitter:label1\" content=\"Tiempo de lectura\" \/>\n\t<meta name=\"twitter:data1\" content=\"2 minutos\" \/>\n<!-- \/ Yoast SEO plugin. -->","yoast_head_json":{"title":"Reducci\u00f3n de Mejillas | Extracci\u00f3n de Grasa Bucal | Azouz Cirug\u00eda Pl\u00e1stica y Est\u00e9tica","robots":{"index":"index","follow":"follow","max-snippet":"max-snippet:-1","max-image-preview":"max-image-preview:large","max-video-preview":"max-video-preview:-1"},"canonical":"https:\/\/www.drazouz.com\/es\/reduccion-de-mejillas-extraccion-de-grasa-bucal\/","og_locale":"es_ES","og_type":"article","og_title":"Reducci\u00f3n de Mejillas | Extracci\u00f3n de Grasa Bucal | Azouz Cirug\u00eda Pl\u00e1stica y Est\u00e9tica","og_description":"Si tienes mejillas suaves y redondeadas a pesar de tus mejores esfuerzos por adelgazar, es posible queSigue leyendo","og_url":"https:\/\/www.drazouz.com\/es\/reduccion-de-mejillas-extraccion-de-grasa-bucal\/","og_site_name":"Azouz Cirug\u00eda Pl\u00e1stica y Est\u00e9tica","article_modified_time":"2023-12-27T13:50:19+00:00","og_image":[{"url":"https:\/\/www.drazouz.com\/wp-content\/uploads\/2024\/01\/header-image012508.jpeg","type":"","width":"","height":""}],"twitter_card":"summary_large_image","twitter_image":"https:\/\/www.drazouz.com\/wp-content\/uploads\/2024\/01\/header-image012508.jpeg","twitter_misc":{"Tiempo de lectura":"2 minutos"},"schema":{"@context":"https:\/\/schema.org","@graph":[{"@type":"WebPage","@id":"https:\/\/www.drazouz.com\/es\/reduccion-de-mejillas-extraccion-de-grasa-bucal\/","url":"https:\/\/www.drazouz.com\/es\/reduccion-de-mejillas-extraccion-de-grasa-bucal\/","name":"Reducci\u00f3n de Mejillas | Extracci\u00f3n de Grasa Bucal | Azouz Cirug\u00eda Pl\u00e1stica y Est\u00e9tica","isPartOf":{"@id":"https:\/\/www.drazouz.com\/es\/#website"},"primaryImageOfPage":{"@id":"https:\/\/www.drazouz.com\/es\/reduccion-de-mejillas-extraccion-de-grasa-bucal\/#primaryimage"},"image":{"@id":"https:\/\/www.drazouz.com\/es\/reduccion-de-mejillas-extraccion-de-grasa-bucal\/#primaryimage"},"thumbnailUrl":"https:\/\/www.drazouz.com\/wp-content\/uploads\/2024\/01\/header-image012508.jpeg","datePublished":"2022-07-22T09:20:03+00:00","dateModified":"2023-12-27T13:50:19+00:00","breadcrumb":{"@id":"https:\/\/www.drazouz.com\/es\/reduccion-de-mejillas-extraccion-de-grasa-bucal\/#breadcrumb"},"inLanguage":"es","potentialAction":[{"@type":"ReadAction","target":["https:\/\/www.drazouz.com\/es\/reduccion-de-mejillas-extraccion-de-grasa-bucal\/"]}]},{"@type":"ImageObject","inLanguage":"es","@id":"https:\/\/www.drazouz.com\/es\/reduccion-de-mejillas-extraccion-de-grasa-bucal\/#primaryimage","url":"https:\/\/www.drazouz.com\/wp-content\/uploads\/2024\/01\/header-image012508.jpeg","contentUrl":"https:\/\/www.drazouz.com\/wp-content\/uploads\/2024\/01\/header-image012508.jpeg","width":1918,"height":815,"caption":"happy young woman touching cheeks and smiling"},{"@type":"BreadcrumbList","@id":"https:\/\/www.drazouz.com\/es\/reduccion-de-mejillas-extraccion-de-grasa-bucal\/#breadcrumb","itemListElement":[{"@type":"ListItem","position":1,"name":"Home","item":"https:\/\/www.drazouz.com\/es\/"},{"@type":"ListItem","position":2,"name":"Procedimientos","item":"https:\/\/www.drazouz.com\/es\/procedimientos\/"},{"@type":"ListItem","position":3,"name":"Rostro","item":"https:\/\/www.drazouz.com\/es\/face\/"},{"@type":"ListItem","position":4,"name":"Reducci\u00f3n de Mejillas | Extracci\u00f3n de Grasa Bucal"}]},{"@type":"WebSite","@id":"https:\/\/www.drazouz.com\/es\/#website","url":"https:\/\/www.drazouz.com\/es\/","name":"Azouz Cirug\u00eda Pl\u00e1stica y Est\u00e9tica","description":"","potentialAction":[{"@type":"SearchAction","target":{"@type":"EntryPoint","urlTemplate":"https:\/\/www.drazouz.com\/es\/?s={search_term_string}"},"query-input":{"@type":"PropertyValueSpecification","valueRequired":true,"valueName":"search_term_string"}}],"inLanguage":"es"}]}},"_links":{"self":[{"href":"https:\/\/www.drazouz.com\/es\/wp-json\/wp\/v2\/pages\/10462","targetHints":{"allow":["GET"]}}],"collection":[{"href":"https:\/\/www.drazouz.com\/es\/wp-json\/wp\/v2\/pages"}],"about":[{"href":"https:\/\/www.drazouz.com\/es\/wp-json\/wp\/v2\/types\/page"}],"author":[{"embeddable":true,"href":"https:\/\/www.drazouz.com\/es\/wp-json\/wp\/v2\/users\/1"}],"replies":[{"embeddable":true,"href":"https:\/\/www.drazouz.com\/es\/wp-json\/wp\/v2\/comments?post=10462"}],"version-history":[{"count":5,"href":"https:\/\/www.drazouz.com\/es\/wp-json\/wp\/v2\/pages\/10462\/revisions"}],"predecessor-version":[{"id":10466,"href":"https:\/\/www.drazouz.com\/es\/wp-json\/wp\/v2\/pages\/10462\/revisions\/10466"}],"up":[{"embeddable":true,"href":"https:\/\/www.drazouz.com\/es\/wp-json\/wp\/v2\/pages\/3788"}],"wp:featuredmedia":[{"embeddable":true,"href":"https:\/\/www.drazouz.com\/es\/wp-json\/wp\/v2\/media\/11474"}],"wp:attachment":[{"href":"https:\/\/www.drazouz.com\/es\/wp-json\/wp\/v2\/media?parent=10462"}],"curies":[{"name":"wp","href":"https:\/\/api.w.org\/{rel}","templated":true}]}}