{"id":10138,"date":"2022-07-27T15:00:24","date_gmt":"2022-07-27T20:00:24","guid":{"rendered":"https:\/\/www.drazouz.com\/?page_id=10138"},"modified":"2024-06-20T04:53:29","modified_gmt":"2024-06-20T09:53:29","slug":"cicatrices-de-cesarea","status":"publish","type":"page","link":"https:\/\/www.drazouz.com\/es\/cicatrices-cesarea\/","title":{"rendered":"Eliminaci\u00f3n de cicatriz de ces\u00e1rea"},"content":{"rendered":"<p>Durante una ces\u00e1rea, se realiza una incisi\u00f3n en el abdomen y el \u00fatero para acceder y dar a luz al beb\u00e9. Este procedimiento deja una cicatriz, cuya apariencia var\u00eda seg\u00fan el tipo de incisi\u00f3n, el proceso de curaci\u00f3n y la piel del paciente. El cirujano pl\u00e1stico certificado en Dallas, <a href=\"https:\/\/www.drazouz.com\/es\/meet-dr-solomon-azouz\/\">Dr. Solomon Azouz<\/a>, ofrece varias t\u00e9cnicas para eliminar y tratar las cicatrices de ces\u00e1rea para reducir su visibilidad. Este procedimiento convierte las cicatrices gruesas, elevadas o descoloridas en l\u00edneas m\u00e1s suaves y menos visibles, mejorando tambi\u00e9n la textura de la piel, aumentando la confianza y <a href=\"https:\/\/www.drazouz.com\/es\/scar-removal-revision\/\">mejorando el aspecto visual de la cicatriz<\/a>.<\/p>\n<h2>Tipos de cicatrices de ces\u00e1rea<\/h2>\n<p><center><table>\r\n<tr style=\"background-color: #bbbbbb;\"><td><\/td><td>Ubicaci\u00f3n<\/td><td>Apariencia<\/td><\/tr>\r\n<tr><td style=\"background-color: #bbbbbb;\">Incisi\u00f3n Horizontal\/ Transversa (Bikini)<\/td><td>Directamente sobre la l\u00ednea del vello p\u00fabico<\/td><td>Generalmente menos obvia, cubierta con la parte inferior del bikini o ropa interior<\/td><\/tr>\r\n<tr><td style=\"background-color: #bbbbbb;\">Incisi\u00f3n Vertical<\/td><td>Se extiende desde el hueso p\u00fabico hasta el ombligo<\/td><td>M\u00e1s aparente y posiblemente m\u00e1s visible<\/td><\/tr>\r\n<\/table>\r\n\r\n<style>\r\ntable{width:80%; border:2px solid black; text-align: center;}\r\ntr, td{border: 2px solid black;}\r\n<\/style><\/center><br \/>\n<img decoding=\"async\" src=\"https:\/\/www.drazouz.com\/wp-content\/uploads\/2024\/06\/bigstock-Caesarean-Section-Types-Of-In-457401097.jpg\" width=\"500\" class=\"size-full aligncenter wg-image-14446\" alt=\"tipos de cicatrices de ces\u00e1rea\" \/><\/p>\n<h2>Candidatos para la cirug\u00eda<\/h2>\n<p>Los candidatos para la eliminaci\u00f3n de cicatrices de ces\u00e1rea incluyen aquellos que:<\/p>\n<ul>\n<li>Est\u00e1n generalmente en buen estado de salud<\/li>\n<li>Tienen cicatrices de ces\u00e1rea notables que afectan su confianza o causan incomodidad<\/li>\n<li>Tienen expectativas razonables para los resultados<\/li>\n<li>No tienen infecciones activas ni condiciones de la piel no tratadas en el \u00e1rea de la cicatriz<\/li>\n<\/ul>\n<h2>Beneficios de la cirug\u00eda<\/h2>\n<p><img decoding=\"async\" src=\"https:\/\/www.drazouz.com\/wp-content\/uploads\/2024\/06\/bigstock-Newborn-Baby-And-His-Mother-Wi-451513281.jpg\" width=\"300\" class=\"size-full alignright wg-image-14450\" alt=\"eliminaci\u00f3n de cicatrices de ces\u00e1rea\" \/><\/p>\n<ul>\n<li>Mejor apariencia: La principal ventaja es una cicatriz que luce m\u00e1s atractiva<\/li>\n<li>Mayor autoestima e imagen corporal: Los pacientes frecuentemente reportan sentirse m\u00e1s confiados<\/li>\n<li>Alivio de s\u00edntomas: Algunos pacientes pueden ver una <a href=\"https:\/\/www.drazouz.com\/es\/keloid-scars-removal\/\">reducci\u00f3n en la tensi\u00f3n, incomodidad o picaz\u00f3n<\/a> causada por sus cicatrices<\/li>\n<\/ul>\n<h2>\u00bfC\u00f3mo se elimina una cicatriz de ces\u00e1rea?<\/h2>\n<p>La t\u00e9cnica espec\u00edfica utilizada para la eliminaci\u00f3n de cicatrices de ces\u00e1rea depende de varios factores, incluyendo las caracter\u00edsticas de la cicatriz y el tipo de piel del paciente. Las t\u00e9cnicas comunes incluyen:<\/p>\n<ul>\n<li><a href=\"https:\/\/www.drazouz.com\/es\/scar-removal-revision\/\">Cirug\u00eda de revisi\u00f3n de cicatrices<\/a>:\n<ul>\n<li>Escisi\u00f3n y recierre: El Dr. Azouz eliminar\u00e1 el tejido cicatricial y luego cerrar\u00e1 cuidadosamente la piel con una t\u00e9cnica meticulosa. Este m\u00e9todo ayuda a producir una cicatriz m\u00e1s peque\u00f1a y menos evidente.<\/li>\n<li>Cierre en capas: Para aliviar la tensi\u00f3n en la superficie de la piel y facilitar una mejor curaci\u00f3n, se cierran primero las capas m\u00e1s profundas de tejido.<\/li>\n<\/ul>\n<li>Z-Plastia: Este m\u00e9todo crea peque\u00f1os colgajos de piel en forma de tri\u00e1ngulo mediante incisiones peque\u00f1as y anguladas a cada lado de la cicatriz. Luego, se reorganizan estos colgajos para alterar la direcci\u00f3n y visibilidad de la cicatriz. La Z-plastia puede ayudar a restaurar la flexibilidad de la piel y romper el tejido cicatricial, particularmente si la cicatriz est\u00e1 tensa o contra\u00edda.<\/li>\n<li><a href=\"https:\/\/www.drazouz.com\/es\/skin-resurfacing\/\">Terapia con l\u00e1ser<\/a>: Los tratamientos con l\u00e1ser, como los l\u00e1seres fraccionados de CO2, pueden lograr la renovaci\u00f3n de la piel y la producci\u00f3n de col\u00e1geno. Esto ayuda a mejorar la textura, el color y la suavidad de la cicatriz.<\/li>\n<li>Inyecciones de esteroides: Las inyecciones de esteroides pueden ayudar a aplanar y reducir la inflamaci\u00f3n en cicatrices <a href=\"https:\/\/www.drazouz.com\/es\/hypertrophic-scars-removal\/\">hipertr\u00f3ficas<\/a> o <a href=\"https:\/\/www.drazouz.com\/es\/keloid-removal\/\">queloides<\/a>. Frecuentemente, estas inyecciones se usan junto con m\u00e9todos quir\u00fargicos.<\/li>\n<li>Dermabrasi\u00f3n: Este procedimiento se usa para mejorar la textura y apariencia de las cicatrices mediante la eliminaci\u00f3n mec\u00e1nica de las capas superiores de la piel. Las cicatrices elevadas pueden alisarse con este m\u00e9todo.<\/li>\n<\/ul>\n<h2>Anestesia utilizada durante la cirug\u00eda<\/h2>\n<p><a href=\"https:\/\/www.drazouz.com\/es\/blog\/category\/anesthesia-for-plastic-surgery\/\">Anestesia local y sedaci\u00f3n<\/a> se utilizan t\u00edpicamente durante la cirug\u00eda de eliminaci\u00f3n de cicatrices de ces\u00e1rea para asegurar que el paciente est\u00e9 c\u00f3modo y sin dolor durante el proceso. Dependiendo de la t\u00e9cnica y el plan de tratamiento, el Dr. Azouz puede usar solo anestesia local para la cirug\u00eda de revisi\u00f3n de cicatrices. <\/p>\n<h2>Riesgos quir\u00fargicos<\/h2>\n<p>Como en toda operaci\u00f3n quir\u00fargica, los riesgos pueden incluir infecci\u00f3n, sangrado, hematomas y efectos adversos de la anestesia. Para asegurarse de que los pacientes tengan una experiencia quir\u00fargica segura, el cirujano pl\u00e1stico certificado Dr. Azouz toma muchas precauciones para minimizar los riesgos.<\/p>\n<h2>Recuperaci\u00f3n despu\u00e9s de la cirug\u00eda<\/h2>\n<p>La recuperaci\u00f3n despu\u00e9s de una eliminaci\u00f3n de cicatriz de ces\u00e1rea depende del procedimiento espec\u00edfico.<\/p>\n<ul>\n<li>Tiempo de inactividad: Se aconseja generalmente tomar unos d\u00edas a una semana de descanso.<\/li>\n<li>A los pacientes se les proporcionar\u00e1n instrucciones completas sobre el cuidado de la herida, administraci\u00f3n de medicamentos y limitaciones en sus actividades.<\/li>\n<li>Seguimiento: Mantenga sus visitas de seguimiento rutinarias con el Dr. Azouz para discutir cualquier preocupaci\u00f3n y monitorear el proceso de curaci\u00f3n.<\/li>\n<\/ul>\n<p><img decoding=\"async\" src=\"https:\/\/www.drazouz.com\/wp-content\/uploads\/2024\/06\/bigstock-Close-Up-Of-A-Belly-With-Scar-476194227.jpg\" width=\"350\" class=\"size-full alignright wg-image-14452\" alt=\"abdomen con cicatriz de ces\u00e1rea\" \/><\/p>\n<h2>Combinaci\u00f3n de cirug\u00edas para eliminar una cicatriz de ces\u00e1rea<\/h2>\n<p>Despu\u00e9s de una ces\u00e1rea, algunas mujeres tienen dificultad para perder el exceso de piel junto con sus cicatrices. En estos casos, el Dr. Azouz puede usar la cicatriz de la ces\u00e1rea como la l\u00ednea de incisi\u00f3n para realizar una <a href=\"https:\/\/www.drazouz.com\/es\/tummy-tuck-in-dallas\/\">abdominoplastia<\/a> o un <a href=\"https:\/\/www.drazouz.com\/es\/mommy-makeover\/\">mommy makeover<\/a>. En estos casos, el Dr. Azouz puede mejorar la apariencia de la cicatriz y tambi\u00e9n eliminar la piel fl\u00e1cida del abdomen. Una <a href=\"https:\/\/www.drazouz.com\/es\/diastasis-recti-repair\/\">reparaci\u00f3n de di\u00e1stasis de rectos<\/a> tambi\u00e9n se puede realizar de forma complementaria con la abdominoplastia para obtener resultados \u00f3ptimos. <\/p>\n<h2>Costo de la cirug\u00eda<\/h2>\n<p>La complejidad de la cirug\u00eda, los m\u00e9todos utilizados y la posibilidad de m\u00e1s tratamientos afectan <a href=\"https:\/\/www.drazouz.com\/es\/fees-insurance\/\">el costo de la eliminaci\u00f3n de cicatrices de ces\u00e1rea<\/a>. El Dr. Azouz proporcionar\u00e1 estimaciones de costo personalizadas seg\u00fan las necesidades \u00fanicas de cada paciente durante su consulta. <\/p>\n<h2>Agende su consulta con el Dr. Solomon Azouz<\/h2>\n<p>P\u00f3ngase en contacto con nuestra oficina en Dallas para obtener m\u00e1s informaci\u00f3n y descubrir c\u00f3mo la eliminaci\u00f3n de cicatrices de ces\u00e1rea puede darle una apariencia m\u00e1s segura y estilizada. Llame a la oficina al <a href=\"tel:9727028888\" class=\"phone_anchor \" aria-label=\"ll\u00e1manos (972) 702-8888\">(972) 702-8888<\/a> o <a href=\"https:\/\/www.drazouz.com\/es\/contact\/\">cont\u00e1ctenos en l\u00ednea<\/a> para programar su cita con el Dr. Azouz.<\/p>\n<h3>Preguntas Frecuentes<\/h3>\n<dl id=\"faq-1\" class=\"flc-faq\"><dt id=\"l11\"><button class=\"card-header collapsed d-flex align-items-center w-100 text-left\" data-toggle=\"collapse\" data-target=\"#t11\" aria-expanded=\"false\" aria-controls=\"t11\"><i class=\"ml-1 fas fa-chevron-down\"><\/i> \u00bfCu\u00e1ndo es el momento m\u00e1s temprano en que puedo eliminar mi cicatriz de ces\u00e1rea?<\/button><\/dt><dd id=\"t11\" class=\"m-0 collapse\" aria-labelledby=\"l11\" aria-expanded=\"false\" data-parent=\"#faq-1\"><div class=\"card-body\"><p>\u25cb Antes de considerar la cirug\u00eda para eliminar la cicatriz, normalmente se aconseja esperar al menos de seis meses a un a\u00f1o despu\u00e9s de la ces\u00e1rea para permitir que la cicatriz madure y el cuerpo se recupere.<\/p>\n<\/div><\/dd><dt id=\"l12\"><button class=\"card-header collapsed d-flex align-items-center w-100 text-left\" data-toggle=\"collapse\" data-target=\"#t12\" aria-expanded=\"false\" aria-controls=\"t12\"><i class=\"ml-1 fas fa-chevron-down\"><\/i> \u00bfQu\u00e9 modificaciones en el estilo de vida pueden promover una recuperaci\u00f3n m\u00e1s r\u00e1pida despu\u00e9s de la eliminaci\u00f3n de una cicatriz de ces\u00e1rea?<\/button><\/dt><dd id=\"t12\" class=\"m-0 collapse\" aria-labelledby=\"l12\" aria-expanded=\"false\" data-parent=\"#faq-1\"><div class=\"card-body\"><p>\u25cb Una mejor curaci\u00f3n puede facilitarse consumiendo una dieta rica en vitaminas y prote\u00ednas, bebiendo mucha agua, dejando de fumar y siguiendo una rutina de cuidado de la piel. El Dr. Azouz te monitorear\u00e1 de cerca despu\u00e9s de la cirug\u00eda para determinar cu\u00e1ndo puedes volver a hacer ejercicio regular, lo que tambi\u00e9n puede promover una mejor circulaci\u00f3n y curaci\u00f3n en general.<\/p>\n<\/div><\/dd><\/dl>\n","protected":false},"excerpt":{"rendered":"<p>Durante una ces\u00e1rea, se realiza una incisi\u00f3n en el abdomen y el \u00fatero para acceder y dar<br \/><a href=\"https:\/\/www.drazouz.com\/es\/cicatrices-cesarea\/\" class=\"btn btn-blue mt-3\">Sigue leyendo<\/a><\/p>\n","protected":false},"author":1,"featured_media":11402,"parent":9740,"menu_order":0,"comment_status":"closed","ping_status":"closed","template":"","meta":{"_acf_changed":false,"footnotes":""},"class_list":["post-10138","page","type-page","status-publish","has-post-thumbnail"],"acf":[],"yoast_head":"<!-- This site is optimized with the Yoast SEO plugin v27.4 - https:\/\/yoast.com\/product\/yoast-seo-wordpress\/ -->\n<title>Eliminaci\u00f3n de cicatriz de ces\u00e1rea | Azouz Cirug\u00eda Pl\u00e1stica y Est\u00e9tica<\/title>\n<meta name=\"robots\" content=\"index, follow, max-snippet:-1, max-image-preview:large, max-video-preview:-1\" \/>\n<link rel=\"canonical\" href=\"https:\/\/www.drazouz.com\/es\/cicatrices-cesarea\/\" \/>\n<meta property=\"og:locale\" content=\"es_ES\" \/>\n<meta property=\"og:type\" content=\"article\" \/>\n<meta property=\"og:title\" content=\"Eliminaci\u00f3n de cicatriz de ces\u00e1rea | Azouz Cirug\u00eda Pl\u00e1stica y Est\u00e9tica\" \/>\n<meta property=\"og:description\" content=\"Durante una ces\u00e1rea, se realiza una incisi\u00f3n en el abdomen y el \u00fatero para acceder y darSigue leyendo\" \/>\n<meta property=\"og:url\" content=\"https:\/\/www.drazouz.com\/es\/cicatrices-cesarea\/\" \/>\n<meta property=\"og:site_name\" content=\"Azouz Cirug\u00eda Pl\u00e1stica y Est\u00e9tica\" \/>\n<meta property=\"article:modified_time\" content=\"2024-06-20T09:53:29+00:00\" \/>\n<meta property=\"og:image\" content=\"https:\/\/www.drazouz.com\/wp-content\/uploads\/2024\/01\/bigstock-Closeup-Of-Woman-Belly-With-A-278313721.jpg\" \/>\n<meta name=\"twitter:card\" content=\"summary_large_image\" \/>\n<meta name=\"twitter:image\" content=\"https:\/\/www.drazouz.com\/wp-content\/uploads\/2024\/01\/bigstock-Closeup-Of-Woman-Belly-With-A-278313721.jpg\" \/>\n<meta name=\"twitter:label1\" content=\"Tiempo de lectura\" \/>\n\t<meta name=\"twitter:data1\" content=\"5 minutos\" \/>\n<!-- \/ Yoast SEO plugin. -->","yoast_head_json":{"title":"Eliminaci\u00f3n de cicatriz de ces\u00e1rea | Azouz Cirug\u00eda Pl\u00e1stica y Est\u00e9tica","robots":{"index":"index","follow":"follow","max-snippet":"max-snippet:-1","max-image-preview":"max-image-preview:large","max-video-preview":"max-video-preview:-1"},"canonical":"https:\/\/www.drazouz.com\/es\/cicatrices-cesarea\/","og_locale":"es_ES","og_type":"article","og_title":"Eliminaci\u00f3n de cicatriz de ces\u00e1rea | Azouz Cirug\u00eda Pl\u00e1stica y Est\u00e9tica","og_description":"Durante una ces\u00e1rea, se realiza una incisi\u00f3n en el abdomen y el \u00fatero para acceder y darSigue leyendo","og_url":"https:\/\/www.drazouz.com\/es\/cicatrices-cesarea\/","og_site_name":"Azouz Cirug\u00eda Pl\u00e1stica y Est\u00e9tica","article_modified_time":"2024-06-20T09:53:29+00:00","og_image":[{"url":"https:\/\/www.drazouz.com\/wp-content\/uploads\/2024\/01\/bigstock-Closeup-Of-Woman-Belly-With-A-278313721.jpg","type":"","width":"","height":""}],"twitter_card":"summary_large_image","twitter_image":"https:\/\/www.drazouz.com\/wp-content\/uploads\/2024\/01\/bigstock-Closeup-Of-Woman-Belly-With-A-278313721.jpg","twitter_misc":{"Tiempo de lectura":"5 minutos"},"schema":{"@context":"https:\/\/schema.org","@graph":[{"@type":"WebPage","@id":"https:\/\/www.drazouz.com\/es\/cicatrices-cesarea\/","url":"https:\/\/www.drazouz.com\/es\/cicatrices-cesarea\/","name":"Eliminaci\u00f3n de cicatriz de ces\u00e1rea | Azouz Cirug\u00eda Pl\u00e1stica y Est\u00e9tica","isPartOf":{"@id":"https:\/\/www.drazouz.com\/es\/#website"},"primaryImageOfPage":{"@id":"https:\/\/www.drazouz.com\/es\/cicatrices-cesarea\/#primaryimage"},"image":{"@id":"https:\/\/www.drazouz.com\/es\/cicatrices-cesarea\/#primaryimage"},"thumbnailUrl":"https:\/\/www.drazouz.com\/wp-content\/uploads\/2024\/01\/bigstock-Closeup-Of-Woman-Belly-With-A-278313721.jpg","datePublished":"2022-07-27T20:00:24+00:00","dateModified":"2024-06-20T09:53:29+00:00","breadcrumb":{"@id":"https:\/\/www.drazouz.com\/es\/cicatrices-cesarea\/#breadcrumb"},"inLanguage":"es","potentialAction":[{"@type":"ReadAction","target":["https:\/\/www.drazouz.com\/es\/cicatrices-cesarea\/"]}]},{"@type":"ImageObject","inLanguage":"es","@id":"https:\/\/www.drazouz.com\/es\/cicatrices-cesarea\/#primaryimage","url":"https:\/\/www.drazouz.com\/wp-content\/uploads\/2024\/01\/bigstock-Closeup-Of-Woman-Belly-With-A-278313721.jpg","contentUrl":"https:\/\/www.drazouz.com\/wp-content\/uploads\/2024\/01\/bigstock-Closeup-Of-Woman-Belly-With-A-278313721.jpg","width":1918,"height":915,"caption":"Closeup of woman belly with a scar from a cesarean section"},{"@type":"BreadcrumbList","@id":"https:\/\/www.drazouz.com\/es\/cicatrices-cesarea\/#breadcrumb","itemListElement":[{"@type":"ListItem","position":1,"name":"Home","item":"https:\/\/www.drazouz.com\/es\/"},{"@type":"ListItem","position":2,"name":"Procedimientos","item":"https:\/\/www.drazouz.com\/es\/procedimientos\/"},{"@type":"ListItem","position":3,"name":"Eliminaci\u00f3n y Revisi\u00f3n de Cicatrices","item":"https:\/\/www.drazouz.com\/es\/eliminacion-revision-cicatrices\/"},{"@type":"ListItem","position":4,"name":"Eliminaci\u00f3n de cicatriz de ces\u00e1rea"}]},{"@type":"WebSite","@id":"https:\/\/www.drazouz.com\/es\/#website","url":"https:\/\/www.drazouz.com\/es\/","name":"Azouz Cirug\u00eda Pl\u00e1stica y Est\u00e9tica","description":"","potentialAction":[{"@type":"SearchAction","target":{"@type":"EntryPoint","urlTemplate":"https:\/\/www.drazouz.com\/es\/?s={search_term_string}"},"query-input":{"@type":"PropertyValueSpecification","valueRequired":true,"valueName":"search_term_string"}}],"inLanguage":"es"}]}},"_links":{"self":[{"href":"https:\/\/www.drazouz.com\/es\/wp-json\/wp\/v2\/pages\/10138","targetHints":{"allow":["GET"]}}],"collection":[{"href":"https:\/\/www.drazouz.com\/es\/wp-json\/wp\/v2\/pages"}],"about":[{"href":"https:\/\/www.drazouz.com\/es\/wp-json\/wp\/v2\/types\/page"}],"author":[{"embeddable":true,"href":"https:\/\/www.drazouz.com\/es\/wp-json\/wp\/v2\/users\/1"}],"replies":[{"embeddable":true,"href":"https:\/\/www.drazouz.com\/es\/wp-json\/wp\/v2\/comments?post=10138"}],"version-history":[{"count":6,"href":"https:\/\/www.drazouz.com\/es\/wp-json\/wp\/v2\/pages\/10138\/revisions"}],"predecessor-version":[{"id":14659,"href":"https:\/\/www.drazouz.com\/es\/wp-json\/wp\/v2\/pages\/10138\/revisions\/14659"}],"up":[{"embeddable":true,"href":"https:\/\/www.drazouz.com\/es\/wp-json\/wp\/v2\/pages\/9740"}],"wp:featuredmedia":[{"embeddable":true,"href":"https:\/\/www.drazouz.com\/es\/wp-json\/wp\/v2\/media\/11402"}],"wp:attachment":[{"href":"https:\/\/www.drazouz.com\/es\/wp-json\/wp\/v2\/media?parent=10138"}],"curies":[{"name":"wp","href":"https:\/\/api.w.org\/{rel}","templated":true}]}}