{"id":10126,"date":"2023-10-06T15:21:41","date_gmt":"2023-10-06T20:21:41","guid":{"rendered":"https:\/\/www.drazouz.com\/?page_id=10126"},"modified":"2023-12-21T13:48:19","modified_gmt":"2023-12-21T18:48:19","slug":"la-reconstruccion-de-la-pared-abdominal","status":"publish","type":"page","link":"https:\/\/www.drazouz.com\/es\/la-reconstruccion-de-la-pared-abdominal\/","title":{"rendered":"La Reconstrucci\u00f3n de la Pared Abdominal"},"content":{"rendered":"<p>La cirug\u00eda de reconstrucci\u00f3n de la pared abdominal se utiliza para reparar una pared abdominal debilitada o da\u00f1ada. Puede ser empleada para tratar diversas afecciones, como hernias, defectos en la pared abdominal y lesiones. Las lesiones en la pared abdominal pueden dar lugar a una variedad de problemas, como dolor, molestias, hernias y debilidad en la pared abdominal. Si has sufrido una lesi\u00f3n en la pared abdominal, debes consultar a un m\u00e9dico para evaluar el da\u00f1o y discutir las opciones de tratamiento. El <a href=\"https:\/\/www.drazouz.com\/es\/meet-dr-solomon-azouz\/\">Dr. Solomon Azouz<\/a> puede tratar la deformidad y el dolor causados por estas lesiones con cirug\u00eda de reconstrucci\u00f3n de la pared abdominal. Es un cirujano altamente capacitado y experimentado dedicado a brindar la mejor atenci\u00f3n posible a sus pacientes. El Dr. Azouz utiliza principios de cirug\u00eda pl\u00e1stica y general, incluyendo abdominoplastia, separaci\u00f3n de componentes, reparaci\u00f3n de di\u00e1stasis, colocaci\u00f3n de mallas biol\u00f3gicas y no biol\u00f3gicas especializadas, liposucci\u00f3n y t\u00e9cnicas de sutura especializadas para minimizar la posibilidad de recurrencia de una hernia en la reconstrucci\u00f3n de la pared abdominal.<\/p>\n<h2>Lesiones Que Causan Deformidades en la Pared Abdominal<\/h2>\n<p><img decoding=\"async\" alt=\"Hernia types that can be treated with hernia repair surgery.\" src=\"https:\/\/www.drazouz.com\/wp-content\/uploads\/2023\/10\/hernia-repair-surgery.jpg\" class=\"aligncenter\" \/><\/p>\n<ul>\n<li><strong>Hernias:<\/strong> Una hernia ocurre cuando un \u00f3rgano o tejido se protruye a trav\u00e9s de un punto d\u00e9bil en la pared abdominal, lo que puede resultar en un abultamiento o protuberancia bajo la piel.<\/li>\n<li><strong>Defectos en la pared abdominal:<\/strong> Algunas personas nacen con defectos en la pared abdominal, como la gastrosquisis y la onfalocele. Estos defectos pueden exponer los \u00f3rganos abdominales fuera del cuerpo. Los defectos en la pared abdominal al nacer tambi\u00e9n pueden dar lugar a hernias umbilicales o a una apariencia est\u00e9tica deficiente del abdomen y el ombligo. El Dr. Azouz realiza una umbilicoplastia para mejorar la apariencia y contorno del abdomen.<\/li>\n<li><strong>Accidentes automovil\u00edsticos:<\/strong> Las lesiones en la pared abdominal son comunes en accidentes automovil\u00edsticos, especialmente aquellos que involucran impactos a alta velocidad.<\/li>\n<li><strong>Trauma penetrante:<\/strong> Traumas penetrantes, como heridas de bala o pu\u00f1aladas, tambi\u00e9n pueden causar da\u00f1o en la pared abdominal.<\/li>\n<li><strong>Lesiones deportivas:<\/strong> Lesiones deportivas, como las sufridas al jugar f\u00fatbol o hockey, pueden resultar en lesiones en la pared abdominal.<\/li>\n<li><strong>Complicaciones quir\u00fargicas:<\/strong> La cirug\u00eda tambi\u00e9n puede causar da\u00f1o en la pared abdominal, especialmente si la incisi\u00f3n no se cierra adecuadamente.<\/li>\n<li><strong>Lesiones en el trabajo:<\/strong> Los pacientes pueden sufrir lesiones significativas en la pared abdominal con maquinaria comercial y, por lo tanto, necesitar\u00edan un cirujano pl\u00e1stico que acepte compensaci\u00f3n laboral para cuidar de ellos. El Dr. Solomon Azouz puede atender a muchos trabajadores lesionados con lesiones complejas en la pared abdominal.<\/li>\n<li><strong>Hernia despu\u00e9s de una ces\u00e1rea:<\/strong> Muchas mujeres pueden tener problemas con su <a target=\"_new\" href=\"https:\/\/www.drazouz.com\/es\/c-section-scars-removal\/\" rel=\"noopener\">cicatriz de ces\u00e1rea<\/a>, que incluyen neuromas, di\u00e1stasis, dolor e hernias. El cirujano pl\u00e1stico de Dallas, el Dr. Azouz, puede reparar cicatrices problem\u00e1ticas en el abdomen con la reconstrucci\u00f3n de la pared abdominal.<\/li>\n<\/ul>\n<h2>S\u00edntomas de Deformidades en la Pared Abdominal<\/h2>\n<p>Dependiendo de la gravedad de la afecci\u00f3n, los s\u00edntomas de las deformidades en la pared abdominal pueden variar. Entre los s\u00edntomas m\u00e1s comunes se encuentran:<\/p>\n<ul>\n<li>Abultamiento o protuberancia bajo la piel.<\/li>\n<li>Dolor en el abdomen o ingle.<\/li>\n<li>Dificultad para levantar o cargar objetos pesados.<\/li>\n<li>Sensaci\u00f3n de debilidad en el abdomen.<\/li>\n<li>Estre\u00f1imiento o diarrea.<\/li>\n<li>Acidez estomacal o indigesti\u00f3n.<\/li>\n<\/ul>\n<h2>Candidatos para la Cirug\u00eda de Reconstrucci\u00f3n de la Pared Abdominal<\/h2>\n<p>La cirug\u00eda de reconstrucci\u00f3n de la pared abdominal puede ser una opci\u00f3n para personas que tienen paredes abdominales deformadas que causan dolor, molestias u otros problemas. La reparaci\u00f3n de hernias que corren el riesgo de estrangulamiento, una condici\u00f3n grave que puede cortar el suministro de sangre a los intestinos, tambi\u00e9n puede requerir cirug\u00eda.<\/p>\n<h2>Beneficios de la Cirug\u00eda de Reconstrucci\u00f3n de la Pared Abdominal<\/h2>\n<p>La cirug\u00eda de reconstrucci\u00f3n de la pared abdominal tiene varias ventajas, que incluyen:<\/p>\n<ul>\n<li>Alivio del dolor y molestias.<\/li>\n<li>Mejora de la fuerza y funci\u00f3n abdominal.<\/li>\n<li>Reducci\u00f3n del riesgo de hernias y otras complicaciones.<\/li>\n<li>Mejora de la calidad de vida.<\/li>\n<\/ul>\n<h2>Reconstrucci\u00f3n de la Pared Abdominal en Dallas<\/h2>\n<p>El Dr. Azouz realizar\u00e1 una incisi\u00f3n en el abdomen, que a menudo puede ocultarse en la parte inferior del abdomen como una abdominoplastia. Con una incisi\u00f3n de abdominoplastia, puede reparar la zona debilitada o da\u00f1ada de la pared abdominal. Esto puede implicar el uso de mallas u otros materiales para reforzar la pared abdominal. A menudo, el Dr. Azouz puede reparar hernias sin mallas mediante el uso de t\u00e9cnicas de sutura especializadas. En algunos casos, el Dr. Azouz tambi\u00e9n puede necesitar extirpar una porci\u00f3n de la pared abdominal y reconstruirla. En casos graves, el Dr. Azouz puede usar injertos para reconstruir y reparar estructuras abdominales como nervios, seg\u00fan la gravedad de la lesi\u00f3n.<\/p>\n<h2>Anestesia para la Cirug\u00eda de Reconstrucci\u00f3n de la Pared Abdominal<\/h2>\n<p>Se utiliza sedaci\u00f3n y anestesia local durante la cirug\u00eda de reconstrucci\u00f3n de la pared abdominal. Esto significa que el paciente estar\u00e1 inconsciente y dormido durante el procedimiento. El anest\u00e9sico local ayudar\u00e1 con el control del dolor tanto durante como despu\u00e9s del procedimiento. Algunos pacientes pueden requerir anestesia general; sin embargo, hay muchas reparaciones de hernias que requieren sedaci\u00f3n profunda en lugar de una anestesia general completa.<\/p>\n<h2>Riesgos de la Cirug\u00eda de Reconstrucci\u00f3n de la Pared Abdominal<\/h2>\n<p>Todas las cirug\u00edas tienen riesgos, como sangrado, infecci\u00f3n, reacci\u00f3n a la anestesia, co\u00e1gulos sangu\u00edneos, cicatrices, dolor y recurrencia de hernias. El Dr. Azouz utiliza t\u00e9cnicas meticulosas, medicamentos y tecnolog\u00edas para reducir estos riesgos. Tambi\u00e9n ve a todos sus pacientes poco despu\u00e9s y consistentemente despu\u00e9s de la cirug\u00eda para monitorear su progreso.<\/p>\n<h2>Recuperaci\u00f3n Despu\u00e9s de la Cirug\u00eda de Reconstrucci\u00f3n de la Pared Abdominal<\/h2>\n<p>La mayor\u00eda de las personas que se someten a una cirug\u00eda de reconstrucci\u00f3n de la pared abdominal pueden salir del hospital el mismo d\u00eda. La duraci\u00f3n de la recuperaci\u00f3n depende de la extensi\u00f3n de la cirug\u00eda. Sin embargo, la mayor\u00eda de las personas pueden reanudar sus actividades normales en pocas semanas.<\/p>\n<h2>Costo de la Cirug\u00eda de Reconstrucci\u00f3n de la Pared Abdominal<\/h2>\n<p>El costo de la cirug\u00eda de reconstrucci\u00f3n de la pared abdominal var\u00eda seg\u00fan la extensi\u00f3n de la cirug\u00eda, las tarifas de la instalaci\u00f3n y las tarifas de la anestesia. Si sufriste una <a href=\"https:\/\/www.drazouz.com\/es\/blog\/reconstructive-surgery-after-a-workplace-injury-plastic-and-reconstructive-surgeons-and-hand-surgeons-who-work-with-workers-compensation-in-dallas-texas\/\">lesi\u00f3n abdominal en el trabajo<\/a>, tu compa\u00f1\u00eda de compensaci\u00f3n laboral generalmente cubrir\u00e1 la cirug\u00eda.<\/p>\n<p><img decoding=\"async\" alt=\"A plastic surgeon marking woman's abdomen before hernia repair surgery with tummy tuck.\" src=\"https:\/\/www.drazouz.com\/wp-content\/uploads\/2023\/10\/hernia-repair-surgery-with-tummy-tuck.jpg\" class=\"aligncenter\" \/><\/p>\n<h2>Otras Cirug\u00edas que se Pueden Combinar con la Cirug\u00eda de Reconstrucci\u00f3n de la Pared Abdominal<\/h2>\n<p>La cirug\u00eda de reconstrucci\u00f3n de la pared abdominal se puede combinar con otras cirug\u00edas, como:<\/p>\n<ul>\n<li><a href=\"https:\/\/www.drazouz.com\/es\/liposuction\/\">Liposucci\u00f3n<\/a>: La liposucci\u00f3n se puede utilizar para eliminar el exceso de grasa del abdomen, mejorando su apariencia despu\u00e9s de la cirug\u00eda.<\/li>\n<li><a href=\"https:\/\/www.drazouz.com\/es\/tummy-tuck-in-dallas\/\">Abdominoplastia<\/a>: Una abdominoplastia se puede utilizar para eliminar el exceso de piel y tejido del abdomen, mejorando su apariencia despu\u00e9s de la cirug\u00eda.<\/li>\n<li><a href=\"https:\/\/www.drazouz.com\/es\/diastasis-recti-repair\/\">Reparaci\u00f3n de Di\u00e1stasis<\/a>: Una reparaci\u00f3n de di\u00e1stasis puede reparar m\u00fasculos separados fortaleciendo as\u00ed la calidad de una reparaci\u00f3n de hernia ventral o umbilical.<\/li>\n<\/ul>\n<p>Si est\u00e1s considerando la cirug\u00eda de reconstrucci\u00f3n de la pared abdominal, programa una consulta con el Dr. Solomon Azouz para discutir tus opciones. El Dr. Azouz podr\u00e1 evaluar tu condici\u00f3n y recomendarte el mejor curso de tratamiento para ti. Llama a su consultorio al <a href=\"tel:9727028888\" class=\"phone_anchor \" aria-label=\"ll\u00e1manos (972) 702-8888\">(972) 702-8888<\/a> para programar tu consulta hoy.<\/p>\n","protected":false},"excerpt":{"rendered":"<p>La cirug\u00eda de reconstrucci\u00f3n de la pared abdominal se utiliza para reparar una pared abdominal debilitada o<br \/><a href=\"https:\/\/www.drazouz.com\/es\/la-reconstruccion-de-la-pared-abdominal\/\" class=\"btn btn-blue mt-3\">Sigue leyendo<\/a><\/p>\n","protected":false},"author":1,"featured_media":6505,"parent":3798,"menu_order":0,"comment_status":"closed","ping_status":"closed","template":"","meta":{"_acf_changed":false,"footnotes":""},"class_list":["post-10126","page","type-page","status-publish","has-post-thumbnail"],"acf":[],"yoast_head":"<!-- This site is optimized with the Yoast SEO plugin v27.4 - https:\/\/yoast.com\/product\/yoast-seo-wordpress\/ -->\n<title>La Reconstrucci\u00f3n de la Pared Abdominal | Azouz Cirug\u00eda Pl\u00e1stica y Est\u00e9tica<\/title>\n<meta name=\"robots\" content=\"index, follow, max-snippet:-1, max-image-preview:large, max-video-preview:-1\" \/>\n<link rel=\"canonical\" href=\"https:\/\/www.drazouz.com\/es\/la-reconstruccion-de-la-pared-abdominal\/\" \/>\n<meta property=\"og:locale\" content=\"es_ES\" \/>\n<meta property=\"og:type\" content=\"article\" \/>\n<meta property=\"og:title\" content=\"La Reconstrucci\u00f3n de la Pared Abdominal | Azouz Cirug\u00eda Pl\u00e1stica y Est\u00e9tica\" \/>\n<meta property=\"og:description\" content=\"La cirug\u00eda de reconstrucci\u00f3n de la pared abdominal se utiliza para reparar una pared abdominal debilitada oSigue leyendo\" \/>\n<meta property=\"og:url\" content=\"https:\/\/www.drazouz.com\/es\/la-reconstruccion-de-la-pared-abdominal\/\" \/>\n<meta property=\"og:site_name\" content=\"Azouz Cirug\u00eda Pl\u00e1stica y Est\u00e9tica\" \/>\n<meta property=\"article:modified_time\" content=\"2023-12-21T18:48:19+00:00\" \/>\n<meta property=\"og:image\" content=\"https:\/\/www.drazouz.com\/wp-content\/uploads\/2023\/10\/abdominal-wall-reconstruction.jpg\" \/>\n<meta name=\"twitter:card\" content=\"summary_large_image\" \/>\n<meta name=\"twitter:image\" content=\"https:\/\/www.drazouz.com\/wp-content\/uploads\/2023\/10\/abdominal-wall-reconstruction.jpg\" \/>\n<meta name=\"twitter:label1\" content=\"Tiempo de lectura\" \/>\n\t<meta name=\"twitter:data1\" content=\"6 minutos\" \/>\n<!-- \/ Yoast SEO plugin. -->","yoast_head_json":{"title":"La Reconstrucci\u00f3n de la Pared Abdominal | Azouz Cirug\u00eda Pl\u00e1stica y Est\u00e9tica","robots":{"index":"index","follow":"follow","max-snippet":"max-snippet:-1","max-image-preview":"max-image-preview:large","max-video-preview":"max-video-preview:-1"},"canonical":"https:\/\/www.drazouz.com\/es\/la-reconstruccion-de-la-pared-abdominal\/","og_locale":"es_ES","og_type":"article","og_title":"La Reconstrucci\u00f3n de la Pared Abdominal | Azouz Cirug\u00eda Pl\u00e1stica y Est\u00e9tica","og_description":"La cirug\u00eda de reconstrucci\u00f3n de la pared abdominal se utiliza para reparar una pared abdominal debilitada oSigue leyendo","og_url":"https:\/\/www.drazouz.com\/es\/la-reconstruccion-de-la-pared-abdominal\/","og_site_name":"Azouz Cirug\u00eda Pl\u00e1stica y Est\u00e9tica","article_modified_time":"2023-12-21T18:48:19+00:00","og_image":[{"url":"https:\/\/www.drazouz.com\/wp-content\/uploads\/2023\/10\/abdominal-wall-reconstruction.jpg","type":"","width":"","height":""}],"twitter_card":"summary_large_image","twitter_image":"https:\/\/www.drazouz.com\/wp-content\/uploads\/2023\/10\/abdominal-wall-reconstruction.jpg","twitter_misc":{"Tiempo de lectura":"6 minutos"},"schema":{"@context":"https:\/\/schema.org","@graph":[{"@type":"WebPage","@id":"https:\/\/www.drazouz.com\/es\/la-reconstruccion-de-la-pared-abdominal\/","url":"https:\/\/www.drazouz.com\/es\/la-reconstruccion-de-la-pared-abdominal\/","name":"La Reconstrucci\u00f3n de la Pared Abdominal | Azouz Cirug\u00eda Pl\u00e1stica y Est\u00e9tica","isPartOf":{"@id":"https:\/\/www.drazouz.com\/es\/#website"},"primaryImageOfPage":{"@id":"https:\/\/www.drazouz.com\/es\/la-reconstruccion-de-la-pared-abdominal\/#primaryimage"},"image":{"@id":"https:\/\/www.drazouz.com\/es\/la-reconstruccion-de-la-pared-abdominal\/#primaryimage"},"thumbnailUrl":"https:\/\/www.drazouz.com\/wp-content\/uploads\/2023\/10\/abdominal-wall-reconstruction.jpg","datePublished":"2023-10-06T20:21:41+00:00","dateModified":"2023-12-21T18:48:19+00:00","breadcrumb":{"@id":"https:\/\/www.drazouz.com\/es\/la-reconstruccion-de-la-pared-abdominal\/#breadcrumb"},"inLanguage":"es","potentialAction":[{"@type":"ReadAction","target":["https:\/\/www.drazouz.com\/es\/la-reconstruccion-de-la-pared-abdominal\/"]}]},{"@type":"ImageObject","inLanguage":"es","@id":"https:\/\/www.drazouz.com\/es\/la-reconstruccion-de-la-pared-abdominal\/#primaryimage","url":"https:\/\/www.drazouz.com\/wp-content\/uploads\/2023\/10\/abdominal-wall-reconstruction.jpg","contentUrl":"https:\/\/www.drazouz.com\/wp-content\/uploads\/2023\/10\/abdominal-wall-reconstruction.jpg","width":2000,"height":815,"caption":"Doctor drawing preoperative marking on patient abdomen closeup. Plastic surgery liposuction concept"},{"@type":"BreadcrumbList","@id":"https:\/\/www.drazouz.com\/es\/la-reconstruccion-de-la-pared-abdominal\/#breadcrumb","itemListElement":[{"@type":"ListItem","position":1,"name":"Home","item":"https:\/\/www.drazouz.com\/es\/"},{"@type":"ListItem","position":2,"name":"Procedimientos","item":"https:\/\/www.drazouz.com\/es\/procedimientos\/"},{"@type":"ListItem","position":3,"name":"Cuerpo","item":"https:\/\/www.drazouz.com\/es\/body\/"},{"@type":"ListItem","position":4,"name":"La Reconstrucci\u00f3n de la Pared Abdominal"}]},{"@type":"WebSite","@id":"https:\/\/www.drazouz.com\/es\/#website","url":"https:\/\/www.drazouz.com\/es\/","name":"Azouz Cirug\u00eda Pl\u00e1stica y Est\u00e9tica","description":"","potentialAction":[{"@type":"SearchAction","target":{"@type":"EntryPoint","urlTemplate":"https:\/\/www.drazouz.com\/es\/?s={search_term_string}"},"query-input":{"@type":"PropertyValueSpecification","valueRequired":true,"valueName":"search_term_string"}}],"inLanguage":"es"}]}},"_links":{"self":[{"href":"https:\/\/www.drazouz.com\/es\/wp-json\/wp\/v2\/pages\/10126","targetHints":{"allow":["GET"]}}],"collection":[{"href":"https:\/\/www.drazouz.com\/es\/wp-json\/wp\/v2\/pages"}],"about":[{"href":"https:\/\/www.drazouz.com\/es\/wp-json\/wp\/v2\/types\/page"}],"author":[{"embeddable":true,"href":"https:\/\/www.drazouz.com\/es\/wp-json\/wp\/v2\/users\/1"}],"replies":[{"embeddable":true,"href":"https:\/\/www.drazouz.com\/es\/wp-json\/wp\/v2\/comments?post=10126"}],"version-history":[{"count":3,"href":"https:\/\/www.drazouz.com\/es\/wp-json\/wp\/v2\/pages\/10126\/revisions"}],"predecessor-version":[{"id":10135,"href":"https:\/\/www.drazouz.com\/es\/wp-json\/wp\/v2\/pages\/10126\/revisions\/10135"}],"up":[{"embeddable":true,"href":"https:\/\/www.drazouz.com\/es\/wp-json\/wp\/v2\/pages\/3798"}],"wp:featuredmedia":[{"embeddable":true,"href":"https:\/\/www.drazouz.com\/es\/wp-json\/wp\/v2\/media\/6505"}],"wp:attachment":[{"href":"https:\/\/www.drazouz.com\/es\/wp-json\/wp\/v2\/media?parent=10126"}],"curies":[{"name":"wp","href":"https:\/\/api.w.org\/{rel}","templated":true}]}}