{"id":10124,"date":"2022-10-25T13:42:43","date_gmt":"2022-10-25T18:42:43","guid":{"rendered":"https:\/\/www.drazouz.com\/?page_id=10124"},"modified":"2025-02-04T16:45:48","modified_gmt":"2025-02-04T21:45:48","slug":"hiperplasia-adiposa-paradoxal-hap","status":"publish","type":"page","link":"https:\/\/www.drazouz.com\/es\/hiperplasia-adiposa-paradoxal-hap\/","title":{"rendered":"Hiperplasia Adiposa Paradoxal (HAP)"},"content":{"rendered":"<h3>\u00bfQu\u00e9 es la HAP?<\/h3>\n<p>La hiperplasia adiposa parad\u00f3jica (HAP) es una condici\u00f3n que puede ocurrir despu\u00e9s de la criolip\u00f3lisis no invasiva, donde se realiza una <a title=\"Liposucci\u00f3n vs. Contorneo corporal no quir\u00fargico, \u00bfcu\u00e1l es mejor?\" href=\"https:\/\/www.drazouz.com\/es\/blog\/liposuction-vs-non-surgical-body-contouring-which-is-better\/\"><em><strong>escultura quir\u00fargica<\/strong><\/em><\/a> con m\u00e9todos de fr\u00edo o calor. La HAP fue reportada por primera vez en la literatura m\u00e9dica en 2014 y se estima que ocurre en cada 4,000 tratamientos de criolip\u00f3lisis. Es importante tener en cuenta que muchos pacientes a menudo reciben m\u00faltiples tratamientos de criolip\u00f3lisis para obtener los resultados deseados, y por lo tanto, la HAP podr\u00eda estar ocurriendo a\u00fan m\u00e1s com\u00fanmente.<br \/>\nLos pacientes a menudo se sienten frustrados al ganar grasa e irregularidades en el contorno despu\u00e9s de tratamientos no quir\u00fargicos que se supon\u00eda que los har\u00edan m\u00e1s delgados.<\/p>\n<p class=\"my-4 text-center\"><img decoding=\"async\" src=\"https:\/\/www.drazouz.com\/wp-content\/uploads\/2022\/10\/pah.jpg\" alt=\"Tratamiento de criolip\u00f3lisis que puede llevar a la hiperplasia adiposa parad\u00f3jica\" width=\"800\" height=\"auto\" class=\"aligncenter size-full wp-image-4846\" srcset=\"https:\/\/www.drazouz.com\/wp-content\/uploads\/2022\/10\/pah.jpg 1110w, https:\/\/www.drazouz.com\/wp-content\/uploads\/2022\/10\/pah-300x196.jpg 300w, https:\/\/www.drazouz.com\/wp-content\/uploads\/2022\/10\/pah-1024x668.jpg 1024w, https:\/\/www.drazouz.com\/wp-content\/uploads\/2022\/10\/pah-768x501.jpg 768w\" sizes=\"(max-width: 1110px) 100vw, 1110px\" \/><\/p>\n<h3>\u00bfQu\u00e9 es la Criolip\u00f3lisis?<\/h3>\n<p>La criolip\u00f3lisis no invasiva es un procedimiento est\u00e9tico que congela o calienta las c\u00e9lulas de grasa para destruirlas. Las temperaturas fr\u00edas o calientes promueven la apoptosis, o muerte celular, y el cuerpo elimina naturalmente estas c\u00e9lulas. Este procedimiento no invasivo se hizo bastante popular para eliminar la grasa sin cirug\u00eda mayor. Las \u00e1reas m\u00e1s comunes para la criolip\u00f3lisis son los muslos internos, el abdomen, los \u00ablove handles\u00bb y las nalgas. Sin embargo, algunos pacientes pueden desarrollar hiperplasia adiposa parad\u00f3jica (HAP) despu\u00e9s de este procedimiento no invasivo, en cuyo caso se puede realizar una revisi\u00f3n de la HAP para revertir la deformidad.<\/p>\n<h3>\u00bfCu\u00e1les son los S\u00edntomas de la Hiperplasia Adiposa Parad\u00f3jica (HAP)?<\/h3>\n<p>La HAP es una complicaci\u00f3n asociada con la criolip\u00f3lisis y resulta en el crecimiento de las c\u00e9lulas de grasa en lugar de disminuir. Esto suele desarrollarse 3-6 meses despu\u00e9s del tratamiento no invasivo de criolip\u00f3lisis; sin embargo, la causa exacta es desconocida. La HAP se caracteriza por un \u00e1rea irregular, firme y elevada a partir del tratamiento de criolip\u00f3lisis.<\/p>\n<h3>\u00bfCu\u00e1ndo Requiere Cirug\u00eda la HAP?<\/h3>\n<p>El \u00fanico tratamiento conocido para revertir la hiperplasia adiposa parad\u00f3jica es la <a href=\"https:\/\/www.drazouz.com\/es\/liposuction\/\" title=\"liposucci\u00f3n\">liposucci\u00f3n para eliminar el exceso de grasa.<\/a> En algunos casos graves, se puede realizar una abdominoplastia o \u00abtummy tuck\u00bb para reparar la HAP. La mayor\u00eda de los pacientes con HAP informan que no se resuelve por s\u00ed sola.<\/p>\n<h3>\u00bfC\u00f3mo se Realiza la Cirug\u00eda para la HAP?<\/h3>\n<p>El Dr. Azouz realiza una variedad de t\u00e9cnicas avanzadas de liposucci\u00f3n para ayudar a desintegrar la grasa asociada con la HAP, incluyendo la liposucci\u00f3n SAFE y la liposucci\u00f3n asistida por energ\u00eda. Luego utilizar\u00e1 la liposucci\u00f3n en el \u00e1rea para eliminar la grasa. En casos graves del abdomen, puede realizar una abdominoplastia para ayudar a tensar la piel y extirpar completamente la grasa asociada con la HAP.<\/p>\n<h3>\u00bfCu\u00e1l es la Anestesia para la Cirug\u00eda de HAP?<\/h3>\n<p>El Dr. Azouz suele utilizar sedaci\u00f3n con anestesia local. Los pacientes est\u00e1n sedados en un sue\u00f1o profundo y c\u00f3modo. El Dr. Azouz inyectar\u00e1 un medicamento anest\u00e9sico en el \u00e1rea afectada de la HAP, que puede durar muchas horas despu\u00e9s del procedimiento.<\/p>\n<h3>\u00bfCu\u00e1l es la Recuperaci\u00f3n de la Cirug\u00eda de HAP?<\/h3>\n<p>La <a href=\"https:\/\/www.drazouz.com\/es\/blog\/liposuction-journey-before-and-after-lipo-surgery\/\" title=\"Jornada de liposucci\u00f3n: antes y despu\u00e9s de la cirug\u00eda de liposucci\u00f3n\">recuperaci\u00f3n de la cirug\u00eda de HAP<\/a> es similar a otros procedimientos de liposucci\u00f3n. Los pacientes pueden experimentar hematomas e hinchaz\u00f3n durante varios d\u00edas a semanas despu\u00e9s del procedimiento. El Dr. Azouz aconsejar\u00e1 sobre qu\u00e9 prendas de compresi\u00f3n ayudar\u00e1n con la hinchaz\u00f3n. Ve a los pacientes unos d\u00edas despu\u00e9s de la cirug\u00eda en su consultorio para visitas de seguimiento de rutina donde puede supervisar la curaci\u00f3n y proporcionar m\u00e1s instrucciones sobre los cuidados postoperatorios. <\/p>\n<h3>\u00bfCu\u00e1l es el Costo de la Cirug\u00eda de HAP?<\/h3>\n<p>El costo de cualquier cirug\u00eda var\u00eda ampliamente. El Dr. Azouz comenzar\u00e1 con una historia m\u00e9dica y un examen f\u00edsico para ayudar a determinar el costo.<\/p>\n","protected":false},"excerpt":{"rendered":"<p>\u00bfQu\u00e9 es la HAP? La hiperplasia adiposa parad\u00f3jica (HAP) es una condici\u00f3n que puede ocurrir despu\u00e9s de<br \/><a href=\"https:\/\/www.drazouz.com\/es\/hiperplasia-adiposa-paradoxal-hap\/\" class=\"btn btn-blue mt-3\">Sigue leyendo<\/a><\/p>\n","protected":false},"author":1,"featured_media":4845,"parent":3798,"menu_order":0,"comment_status":"closed","ping_status":"closed","template":"template-builder.php","meta":{"_acf_changed":false,"footnotes":""},"class_list":["post-10124","page","type-page","status-publish","has-post-thumbnail"],"acf":[],"yoast_head":"<!-- This site is optimized with the Yoast SEO plugin v27.4 - https:\/\/yoast.com\/product\/yoast-seo-wordpress\/ -->\n<title>Hiperplasia Adiposa Paradoxal (HAP) | Azouz Cirug\u00eda Pl\u00e1stica y Est\u00e9tica<\/title>\n<meta name=\"robots\" content=\"index, follow, max-snippet:-1, max-image-preview:large, max-video-preview:-1\" \/>\n<link rel=\"canonical\" href=\"https:\/\/www.drazouz.com\/es\/hiperplasia-adiposa-paradoxal-hap\/\" \/>\n<meta property=\"og:locale\" content=\"es_ES\" \/>\n<meta property=\"og:type\" content=\"article\" \/>\n<meta property=\"og:title\" content=\"Hiperplasia Adiposa Paradoxal (HAP) | Azouz Cirug\u00eda Pl\u00e1stica y Est\u00e9tica\" \/>\n<meta property=\"og:description\" content=\"\u00bfQu\u00e9 es la HAP? La hiperplasia adiposa parad\u00f3jica (HAP) es una condici\u00f3n que puede ocurrir despu\u00e9s deSigue leyendo\" \/>\n<meta property=\"og:url\" content=\"https:\/\/www.drazouz.com\/es\/hiperplasia-adiposa-paradoxal-hap\/\" \/>\n<meta property=\"og:site_name\" content=\"Azouz Cirug\u00eda Pl\u00e1stica y Est\u00e9tica\" \/>\n<meta property=\"article:modified_time\" content=\"2025-02-04T21:45:48+00:00\" \/>\n<meta property=\"og:image\" content=\"https:\/\/www.drazouz.com\/wp-content\/uploads\/2022\/10\/header-pah.jpg\" \/>\n<meta name=\"twitter:card\" content=\"summary_large_image\" \/>\n<meta name=\"twitter:image\" content=\"https:\/\/www.drazouz.com\/wp-content\/uploads\/2022\/10\/header-pah.jpg\" \/>\n<meta name=\"twitter:label1\" content=\"Tiempo de lectura\" \/>\n\t<meta name=\"twitter:data1\" content=\"3 minutos\" \/>\n<!-- \/ Yoast SEO plugin. -->","yoast_head_json":{"title":"Hiperplasia Adiposa Paradoxal (HAP) | Azouz Cirug\u00eda Pl\u00e1stica y Est\u00e9tica","robots":{"index":"index","follow":"follow","max-snippet":"max-snippet:-1","max-image-preview":"max-image-preview:large","max-video-preview":"max-video-preview:-1"},"canonical":"https:\/\/www.drazouz.com\/es\/hiperplasia-adiposa-paradoxal-hap\/","og_locale":"es_ES","og_type":"article","og_title":"Hiperplasia Adiposa Paradoxal (HAP) | Azouz Cirug\u00eda Pl\u00e1stica y Est\u00e9tica","og_description":"\u00bfQu\u00e9 es la HAP? La hiperplasia adiposa parad\u00f3jica (HAP) es una condici\u00f3n que puede ocurrir despu\u00e9s deSigue leyendo","og_url":"https:\/\/www.drazouz.com\/es\/hiperplasia-adiposa-paradoxal-hap\/","og_site_name":"Azouz Cirug\u00eda Pl\u00e1stica y Est\u00e9tica","article_modified_time":"2025-02-04T21:45:48+00:00","og_image":[{"url":"https:\/\/www.drazouz.com\/wp-content\/uploads\/2022\/10\/header-pah.jpg","type":"","width":"","height":""}],"twitter_card":"summary_large_image","twitter_image":"https:\/\/www.drazouz.com\/wp-content\/uploads\/2022\/10\/header-pah.jpg","twitter_misc":{"Tiempo de lectura":"3 minutos"},"schema":{"@context":"https:\/\/schema.org","@graph":[{"@type":"WebPage","@id":"https:\/\/www.drazouz.com\/es\/hiperplasia-adiposa-paradoxal-hap\/","url":"https:\/\/www.drazouz.com\/es\/hiperplasia-adiposa-paradoxal-hap\/","name":"Hiperplasia Adiposa Paradoxal (HAP) | Azouz Cirug\u00eda Pl\u00e1stica y Est\u00e9tica","isPartOf":{"@id":"https:\/\/www.drazouz.com\/es\/#website"},"primaryImageOfPage":{"@id":"https:\/\/www.drazouz.com\/es\/hiperplasia-adiposa-paradoxal-hap\/#primaryimage"},"image":{"@id":"https:\/\/www.drazouz.com\/es\/hiperplasia-adiposa-paradoxal-hap\/#primaryimage"},"thumbnailUrl":"https:\/\/www.drazouz.com\/wp-content\/uploads\/2022\/10\/header-pah.jpg","datePublished":"2022-10-25T18:42:43+00:00","dateModified":"2025-02-04T21:45:48+00:00","breadcrumb":{"@id":"https:\/\/www.drazouz.com\/es\/hiperplasia-adiposa-paradoxal-hap\/#breadcrumb"},"inLanguage":"es","potentialAction":[{"@type":"ReadAction","target":["https:\/\/www.drazouz.com\/es\/hiperplasia-adiposa-paradoxal-hap\/"]}]},{"@type":"ImageObject","inLanguage":"es","@id":"https:\/\/www.drazouz.com\/es\/hiperplasia-adiposa-paradoxal-hap\/#primaryimage","url":"https:\/\/www.drazouz.com\/wp-content\/uploads\/2022\/10\/header-pah.jpg","contentUrl":"https:\/\/www.drazouz.com\/wp-content\/uploads\/2022\/10\/header-pah.jpg","width":1918,"height":815,"caption":"plastic surgery"},{"@type":"BreadcrumbList","@id":"https:\/\/www.drazouz.com\/es\/hiperplasia-adiposa-paradoxal-hap\/#breadcrumb","itemListElement":[{"@type":"ListItem","position":1,"name":"Home","item":"https:\/\/www.drazouz.com\/es\/"},{"@type":"ListItem","position":2,"name":"Procedimientos","item":"https:\/\/www.drazouz.com\/es\/procedimientos\/"},{"@type":"ListItem","position":3,"name":"Cuerpo","item":"https:\/\/www.drazouz.com\/es\/body\/"},{"@type":"ListItem","position":4,"name":"Hiperplasia Adiposa Paradoxal (HAP)"}]},{"@type":"WebSite","@id":"https:\/\/www.drazouz.com\/es\/#website","url":"https:\/\/www.drazouz.com\/es\/","name":"Azouz Cirug\u00eda Pl\u00e1stica y Est\u00e9tica","description":"","potentialAction":[{"@type":"SearchAction","target":{"@type":"EntryPoint","urlTemplate":"https:\/\/www.drazouz.com\/es\/?s={search_term_string}"},"query-input":{"@type":"PropertyValueSpecification","valueRequired":true,"valueName":"search_term_string"}}],"inLanguage":"es"}]}},"_links":{"self":[{"href":"https:\/\/www.drazouz.com\/es\/wp-json\/wp\/v2\/pages\/10124","targetHints":{"allow":["GET"]}}],"collection":[{"href":"https:\/\/www.drazouz.com\/es\/wp-json\/wp\/v2\/pages"}],"about":[{"href":"https:\/\/www.drazouz.com\/es\/wp-json\/wp\/v2\/types\/page"}],"author":[{"embeddable":true,"href":"https:\/\/www.drazouz.com\/es\/wp-json\/wp\/v2\/users\/1"}],"replies":[{"embeddable":true,"href":"https:\/\/www.drazouz.com\/es\/wp-json\/wp\/v2\/comments?post=10124"}],"version-history":[{"count":4,"href":"https:\/\/www.drazouz.com\/es\/wp-json\/wp\/v2\/pages\/10124\/revisions"}],"predecessor-version":[{"id":20146,"href":"https:\/\/www.drazouz.com\/es\/wp-json\/wp\/v2\/pages\/10124\/revisions\/20146"}],"up":[{"embeddable":true,"href":"https:\/\/www.drazouz.com\/es\/wp-json\/wp\/v2\/pages\/3798"}],"wp:featuredmedia":[{"embeddable":true,"href":"https:\/\/www.drazouz.com\/es\/wp-json\/wp\/v2\/media\/4845"}],"wp:attachment":[{"href":"https:\/\/www.drazouz.com\/es\/wp-json\/wp\/v2\/media?parent=10124"}],"curies":[{"name":"wp","href":"https:\/\/api.w.org\/{rel}","templated":true}]}}