{"id":10111,"date":"2022-07-26T18:43:28","date_gmt":"2022-07-26T23:43:28","guid":{"rendered":"https:\/\/www.drazouz.com\/?page_id=10111"},"modified":"2023-12-21T13:32:21","modified_gmt":"2023-12-21T18:32:21","slug":"lifting-de-brazos-mini","status":"publish","type":"page","link":"https:\/\/www.drazouz.com\/es\/lifting-de-brazos-mini\/","title":{"rendered":"Lifting de Brazos Mini"},"content":{"rendered":"<p>\u00bfTe est\u00e1s evitando usar tops sin mangas o evitar despedirte con un gesto para que tu piel fl\u00e1cida del brazo no est\u00e9 a la vista? A pesar de tus mejores esfuerzos para tonificar esta \u00e1rea, es muy dif\u00edcil, si no imposible, restaurar la firmeza de la piel sin cirug\u00eda. Sin embargo, es posible que desees obtener la apariencia de brazos tonificados y piel joven, pero no el procedimiento invasivo que suele acompa\u00f1arlo. Puede haber una excelente <a href=\"https:\/\/www.drazouz.com\/es\/body\/\">soluci\u00f3n de contorneo corporal<\/a> para ti: la mini braquioplastia realizada por el Dr. Azouz de Azouz Plastic and Cosmetic Surgery en Dallas, TX.<\/p>\n<h2>\u00bfQui\u00e9n Deber\u00eda Considerar una Mini Braquioplastia?<\/h2>\n<p>Una mini braquioplastia es un procedimiento menos invasivo que la braquioplastia tradicional, sin sacrificar la apariencia elegante y contorneada que buscas. La eliminaci\u00f3n del exceso de grasa y piel suelta crea una silueta de brazo refinada que se ve esbelta y definida.<\/p>\n<p>La mini braquioplastia es perfecta para alguien con piel fl\u00e1cida en la parte superior del brazo y\/o exceso de grasa en la parte superior del brazo o protuberancias de grasa. Estos problemas son causados por el envejecimiento, el embarazo y la p\u00e9rdida moderada de peso, en cualquier momento en que haya p\u00e9rdida de volumen de grasa y la piel no pueda recuperar su firmeza.<\/p>\n<p>La mini braquioplastia busca los mismos objetivos que la braquioplastia completa: mejor forma, contorno y firmeza. Es menos invasiva que la braquioplastia tradicional, con una incisi\u00f3n m\u00e1s peque\u00f1a colocada en la axila con cicatrices bien ocultas. Es perfecta para revisiones est\u00e9ticas menores; pero si has experimentado una p\u00e9rdida de peso significativa, como la que se ve despu\u00e9s de una cirug\u00eda bari\u00e1trica, es probable que necesites una braquioplastia tradicional.<\/p>\n<h2>Mini Braquioplastia en Plano, Richardson<\/h2>\n<p>Abordar el grado de laxitud de la piel es tanto un arte como una ciencia. Una consulta con Azouz Plastic and Cosmetic Surgery puede determinar si la mini braquioplastia es adecuada para ti. El Dr. Azouz escuchar\u00e1 tus objetivos est\u00e9ticos y examinar\u00e1 la cantidad de piel y grasa en exceso antes de explicarte tus opciones. Su objetivo es garantizar que obtengas los resultados m\u00e1s naturales, duraderos y satisfactorios. Si te sientes cohibido por la piel ca\u00edda en la parte inferior de tus brazos, <a href=\"https:\/\/www.drazouz.com\/es\/contact\/\">contacta con Azouz Plastic and Cosmetic Surgery<\/a> hoy para una consulta.<\/p>\n","protected":false},"excerpt":{"rendered":"<p>\u00bfTe est\u00e1s evitando usar tops sin mangas o evitar despedirte con un gesto para que tu piel<br \/><a href=\"https:\/\/www.drazouz.com\/es\/lifting-de-brazos-mini\/\" class=\"btn btn-blue mt-3\">Sigue leyendo<\/a><\/p>\n","protected":false},"author":1,"featured_media":8509,"parent":3798,"menu_order":0,"comment_status":"closed","ping_status":"closed","template":"","meta":{"_acf_changed":false,"footnotes":""},"class_list":["post-10111","page","type-page","status-publish","has-post-thumbnail"],"acf":[],"yoast_head":"<!-- This site is optimized with the Yoast SEO plugin v27.4 - https:\/\/yoast.com\/product\/yoast-seo-wordpress\/ -->\n<title>Lifting de Brazos Mini | Azouz Cirug\u00eda Pl\u00e1stica y Est\u00e9tica<\/title>\n<meta name=\"robots\" content=\"index, follow, max-snippet:-1, max-image-preview:large, max-video-preview:-1\" \/>\n<link rel=\"canonical\" href=\"https:\/\/www.drazouz.com\/es\/lifting-de-brazos-mini\/\" \/>\n<meta property=\"og:locale\" content=\"es_ES\" \/>\n<meta property=\"og:type\" content=\"article\" \/>\n<meta property=\"og:title\" content=\"Lifting de Brazos Mini | Azouz Cirug\u00eda Pl\u00e1stica y Est\u00e9tica\" \/>\n<meta property=\"og:description\" content=\"\u00bfTe est\u00e1s evitando usar tops sin mangas o evitar despedirte con un gesto para que tu pielSigue leyendo\" \/>\n<meta property=\"og:url\" content=\"https:\/\/www.drazouz.com\/es\/lifting-de-brazos-mini\/\" \/>\n<meta property=\"og:site_name\" content=\"Azouz Cirug\u00eda Pl\u00e1stica y Est\u00e9tica\" \/>\n<meta property=\"article:modified_time\" content=\"2023-12-21T18:32:21+00:00\" \/>\n<meta property=\"og:image\" content=\"https:\/\/www.drazouz.com\/wp-content\/uploads\/2023\/12\/header-mini-arm-lift.jpg\" \/>\n<meta name=\"twitter:card\" content=\"summary_large_image\" \/>\n<meta name=\"twitter:image\" content=\"https:\/\/www.drazouz.com\/wp-content\/uploads\/2023\/12\/header-mini-arm-lift.jpg\" \/>\n<meta name=\"twitter:label1\" content=\"Tiempo de lectura\" \/>\n\t<meta name=\"twitter:data1\" content=\"2 minutos\" \/>\n<!-- \/ Yoast SEO plugin. -->","yoast_head_json":{"title":"Lifting de Brazos Mini | Azouz Cirug\u00eda Pl\u00e1stica y Est\u00e9tica","robots":{"index":"index","follow":"follow","max-snippet":"max-snippet:-1","max-image-preview":"max-image-preview:large","max-video-preview":"max-video-preview:-1"},"canonical":"https:\/\/www.drazouz.com\/es\/lifting-de-brazos-mini\/","og_locale":"es_ES","og_type":"article","og_title":"Lifting de Brazos Mini | Azouz Cirug\u00eda Pl\u00e1stica y Est\u00e9tica","og_description":"\u00bfTe est\u00e1s evitando usar tops sin mangas o evitar despedirte con un gesto para que tu pielSigue leyendo","og_url":"https:\/\/www.drazouz.com\/es\/lifting-de-brazos-mini\/","og_site_name":"Azouz Cirug\u00eda Pl\u00e1stica y Est\u00e9tica","article_modified_time":"2023-12-21T18:32:21+00:00","og_image":[{"url":"https:\/\/www.drazouz.com\/wp-content\/uploads\/2023\/12\/header-mini-arm-lift.jpg","type":"","width":"","height":""}],"twitter_card":"summary_large_image","twitter_image":"https:\/\/www.drazouz.com\/wp-content\/uploads\/2023\/12\/header-mini-arm-lift.jpg","twitter_misc":{"Tiempo de lectura":"2 minutos"},"schema":{"@context":"https:\/\/schema.org","@graph":[{"@type":"WebPage","@id":"https:\/\/www.drazouz.com\/es\/lifting-de-brazos-mini\/","url":"https:\/\/www.drazouz.com\/es\/lifting-de-brazos-mini\/","name":"Lifting de Brazos Mini | Azouz Cirug\u00eda Pl\u00e1stica y Est\u00e9tica","isPartOf":{"@id":"https:\/\/www.drazouz.com\/es\/#website"},"primaryImageOfPage":{"@id":"https:\/\/www.drazouz.com\/es\/lifting-de-brazos-mini\/#primaryimage"},"image":{"@id":"https:\/\/www.drazouz.com\/es\/lifting-de-brazos-mini\/#primaryimage"},"thumbnailUrl":"https:\/\/www.drazouz.com\/wp-content\/uploads\/2023\/12\/header-mini-arm-lift.jpg","datePublished":"2022-07-26T23:43:28+00:00","dateModified":"2023-12-21T18:32:21+00:00","breadcrumb":{"@id":"https:\/\/www.drazouz.com\/es\/lifting-de-brazos-mini\/#breadcrumb"},"inLanguage":"es","potentialAction":[{"@type":"ReadAction","target":["https:\/\/www.drazouz.com\/es\/lifting-de-brazos-mini\/"]}]},{"@type":"ImageObject","inLanguage":"es","@id":"https:\/\/www.drazouz.com\/es\/lifting-de-brazos-mini\/#primaryimage","url":"https:\/\/www.drazouz.com\/wp-content\/uploads\/2023\/12\/header-mini-arm-lift.jpg","contentUrl":"https:\/\/www.drazouz.com\/wp-content\/uploads\/2023\/12\/header-mini-arm-lift.jpg","width":1918,"height":815,"caption":"emale hand before and after losing weight"},{"@type":"BreadcrumbList","@id":"https:\/\/www.drazouz.com\/es\/lifting-de-brazos-mini\/#breadcrumb","itemListElement":[{"@type":"ListItem","position":1,"name":"Home","item":"https:\/\/www.drazouz.com\/es\/"},{"@type":"ListItem","position":2,"name":"Procedimientos","item":"https:\/\/www.drazouz.com\/es\/procedimientos\/"},{"@type":"ListItem","position":3,"name":"Cuerpo","item":"https:\/\/www.drazouz.com\/es\/body\/"},{"@type":"ListItem","position":4,"name":"Lifting de Brazos Mini"}]},{"@type":"WebSite","@id":"https:\/\/www.drazouz.com\/es\/#website","url":"https:\/\/www.drazouz.com\/es\/","name":"Azouz Cirug\u00eda Pl\u00e1stica y Est\u00e9tica","description":"","potentialAction":[{"@type":"SearchAction","target":{"@type":"EntryPoint","urlTemplate":"https:\/\/www.drazouz.com\/es\/?s={search_term_string}"},"query-input":{"@type":"PropertyValueSpecification","valueRequired":true,"valueName":"search_term_string"}}],"inLanguage":"es"}]}},"_links":{"self":[{"href":"https:\/\/www.drazouz.com\/es\/wp-json\/wp\/v2\/pages\/10111","targetHints":{"allow":["GET"]}}],"collection":[{"href":"https:\/\/www.drazouz.com\/es\/wp-json\/wp\/v2\/pages"}],"about":[{"href":"https:\/\/www.drazouz.com\/es\/wp-json\/wp\/v2\/types\/page"}],"author":[{"embeddable":true,"href":"https:\/\/www.drazouz.com\/es\/wp-json\/wp\/v2\/users\/1"}],"replies":[{"embeddable":true,"href":"https:\/\/www.drazouz.com\/es\/wp-json\/wp\/v2\/comments?post=10111"}],"version-history":[{"count":3,"href":"https:\/\/www.drazouz.com\/es\/wp-json\/wp\/v2\/pages\/10111\/revisions"}],"predecessor-version":[{"id":10118,"href":"https:\/\/www.drazouz.com\/es\/wp-json\/wp\/v2\/pages\/10111\/revisions\/10118"}],"up":[{"embeddable":true,"href":"https:\/\/www.drazouz.com\/es\/wp-json\/wp\/v2\/pages\/3798"}],"wp:featuredmedia":[{"embeddable":true,"href":"https:\/\/www.drazouz.com\/es\/wp-json\/wp\/v2\/media\/8509"}],"wp:attachment":[{"href":"https:\/\/www.drazouz.com\/es\/wp-json\/wp\/v2\/media?parent=10111"}],"curies":[{"name":"wp","href":"https:\/\/api.w.org\/{rel}","templated":true}]}}